{"id":166727,"date":"2018-07-19T17:58:14","date_gmt":"2018-07-19T15:58:14","guid":{"rendered":"https:\/\/thetreecbd.com\/cbd-faq"},"modified":"2025-05-29T12:29:33","modified_gmt":"2025-05-29T10:29:33","slug":"cbd-faq","status":"publish","type":"page","link":"https:\/\/thetreecbd.com\/de\/cbd-faq","title":{"rendered":"CBD FAQ"},"content":{"rendered":"\t\t<div data-elementor-type=\"wp-page\" data-elementor-id=\"166727\" class=\"elementor elementor-166727 elementor-1761\" data-elementor-post-type=\"page\">\n\t\t\t\t\t\t<section class=\"elementor-section elementor-top-section elementor-element elementor-element-aaec5c2 section-color-transparent elementor-section-boxed elementor-section-height-default elementor-section-height-default\" data-id=\"aaec5c2\" data-element_type=\"section\">\n\t\t\t\t\t\t<div class=\"elementor-container elementor-column-gap-default\">\n\t\t\t\t\t<div class=\"elementor-column elementor-col-100 elementor-top-column elementor-element elementor-element-2c70f4fd\" data-id=\"2c70f4fd\" data-element_type=\"column\">\n\t\t\t<div class=\"elementor-widget-wrap elementor-element-populated\">\n\t\t\t\t\t\t<div class=\"elementor-element elementor-element-20c3317 elementor-widget elementor-widget-image\" data-id=\"20c3317\" data-element_type=\"widget\" data-widget_type=\"image.default\">\n\t\t\t\t\t\t\t\t\t\t\t\t\t\t\t<img fetchpriority=\"high\" decoding=\"async\" width=\"595\" height=\"208\" src=\"https:\/\/thetreecbd.com\/wp-content\/uploads\/2018\/08\/banner-pagina-cbd-faq-1024x358.jpg\" class=\"attachment-large size-large wp-image-166729\" alt=\"faq cbd\" srcset=\"https:\/\/thetreecbd.com\/wp-content\/uploads\/2018\/08\/banner-pagina-cbd-faq.jpg 1024w, https:\/\/thetreecbd.com\/wp-content\/uploads\/2018\/08\/banner-pagina-cbd-faq-350x122.jpg 350w, https:\/\/thetreecbd.com\/wp-content\/uploads\/2018\/08\/banner-pagina-cbd-faq-595x208.jpg 595w, https:\/\/thetreecbd.com\/wp-content\/uploads\/2018\/08\/banner-pagina-cbd-faq-300x105.jpg 300w, https:\/\/thetreecbd.com\/wp-content\/uploads\/2018\/08\/banner-pagina-cbd-faq-768x269.jpg 768w, https:\/\/thetreecbd.com\/wp-content\/uploads\/2018\/08\/banner-pagina-cbd-faq-86x30.jpg 86w, https:\/\/thetreecbd.com\/wp-content\/uploads\/2018\/08\/banner-pagina-cbd-faq-600x210.jpg 600w\" sizes=\"(max-width: 595px) 100vw, 595px\" \/>\t\t\t\t\t\t\t\t\t\t\t\t\t\t\t<\/div>\n\t\t\t\t<div class=\"elementor-element elementor-element-bddb46b elementor-widget elementor-widget-text-editor\" data-id=\"bddb46b\" data-element_type=\"widget\" data-widget_type=\"text-editor.default\">\n\t\t\t\t\t\t\t\t\t<p data-start=\"96\" data-end=\"1252\"><strong data-start=\"96\" data-end=\"112\">Was ist CBD?<\/strong><br data-start=\"112\" data-end=\"115\" \/><strong data-start=\"115\" data-end=\"122\">CBD<\/strong> ist ein Cannabinoid, das in der Cannabispflanze vorkommt. Die medizinischen Anwendungsm\u00f6glichkeiten dieser Substanz sind vielf\u00e4ltig und wenig bekannt. Wissenschaftlich wurde nachgewiesen, dass sie Entz\u00fcndungen und \u00dcbelkeit reduziert und vorbeugt, sowie bei <strong data-start=\"380\" data-end=\"516\">Diabetes, Schlaflosigkeit, posttraumatischen Belastungsst\u00f6rungen, Schizophrenie, rheumatoider Arthritis, Herz-Kreislauf-Erkrankungen<\/strong> wirksam ist. Au\u00dferdem wirkt sie <strong data-start=\"549\" data-end=\"581\">antipsychotisch, angstl\u00f6send<\/strong> und sogar <strong data-start=\"592\" data-end=\"611\">schmerzlindernd<\/strong> \u2013 insbesondere bei <strong data-start=\"631\" data-end=\"679\">neuropathischen Schmerzen und Muskelkr\u00e4mpfen<\/strong>, die traditionell schwerer mit anderen, auch pharmazeutischen Medikamenten zu behandeln sind. CBD ist auch eine wirksame Behandlung bei <strong data-start=\"816\" data-end=\"859\">Epilepsie, Autismus, Multipler Sklerose<\/strong> und kann zudem den <strong data-start=\"879\" data-end=\"897\">Appetitverlust<\/strong> bek\u00e4mpfen.<br data-start=\"908\" data-end=\"911\" \/>Im folgenden Artikel findest du weitere Informationen zu verschiedenen Studien \u00fcber <strong data-start=\"995\" data-end=\"1002\">CBD<\/strong>. Die Hinweise auf seine positiven Wirkungen nehmen stetig zu, und <strong data-start=\"1069\" data-end=\"1077\">2017<\/strong> war zweifellos eines der Jahre mit dem gr\u00f6\u00dften Wachstum an wissenschaftlicher Literatur \u00fcber diese Substanz \u2013 viele Fragen wurden gekl\u00e4rt und zahlreiche Hypothesen best\u00e4tigt.<\/p>\n<p><\/p>\n<p data-start=\"1254\" data-end=\"1354\"><strong data-start=\"1254\" data-end=\"1286\">Die besten CBD-Studien 2017:<\/strong><br data-start=\"1286\" data-end=\"1289\" \/><a class=\"\" href=\"https:\/\/www.leafly.com\/news\/health\/top-cbd-cannabis-research-2017\" target=\"_new\" rel=\"noopener\" data-start=\"1289\" data-end=\"1354\">https:\/\/www.leafly.com\/news\/health\/top-cbd-cannabis-research-2017<\/a><\/p>\n<p><\/p>\n<p data-start=\"1356\" data-end=\"1522\">Wenn du mehr \u00fcber <strong data-start=\"1374\" data-end=\"1381\">CBD<\/strong> erfahren m\u00f6chtest, empfehlen wir dir diese umfassende Website, auf der alle deine Fragen beantwortet werden:<br data-start=\"1490\" data-end=\"1493\" \/><a class=\"\" href=\"https:\/\/www.projectcbd.org\/es\" target=\"_new\" rel=\"noopener\" data-start=\"1493\" data-end=\"1522\">https:\/\/www.projectcbd.org\/es<\/a><\/p>\n<p><\/p>\n<p data-start=\"1529\" data-end=\"2036\"><strong data-start=\"1529\" data-end=\"1561\">Ist es eine legale Substanz?<\/strong><br data-start=\"1561\" data-end=\"1564\" \/><strong data-start=\"1564\" data-end=\"1571\">CBD<\/strong> ist in Spanien eine vollkommen <strong data-start=\"1603\" data-end=\"1622\">legale Substanz<\/strong>. Laut Gesetz wird die Legalit\u00e4t eines Produkts durch seinen <strong data-start=\"1683\" data-end=\"1697\">THC-Gehalt<\/strong> bestimmt. Nach der Regelung der <strong data-start=\"1730\" data-end=\"1758\">gemeinsamen Agrarpolitik<\/strong> in der Region ist der legale Anbau von Hanf erlaubt, solange die verwendeten <strong data-start=\"1836\" data-end=\"1854\">Cannabissorten<\/strong> einen <strong data-start=\"1861\" data-end=\"1895\">THC-Gehalt von h\u00f6chstens 0,2\u202f%<\/strong> aufweisen. Keines unserer Produkte \u00fcberschreitet diesen gesetzlich erlaubten Wert \u2013 daher handelt es sich um <strong data-start=\"2005\" data-end=\"2035\">vollkommen legale Produkte<\/strong>.<\/p>\n<p><\/p>\n<p data-start=\"2043\" data-end=\"2280\"><strong data-start=\"2043\" data-end=\"2111\">Wo wird das Produkt analysiert? Sind die Ergebnisse zuverl\u00e4ssig?<\/strong><br data-start=\"2111\" data-end=\"2114\" \/>Unsere Produkte werden vom <strong data-start=\"2141\" data-end=\"2156\">CTAEX-Labor<\/strong> analysiert, einer unabh\u00e4ngigen Einrichtung, die auf <strong data-start=\"2209\" data-end=\"2261\">wissenschaftliche Forschung und Cannabisanalysen<\/strong> spezialisiert ist.<\/p>\n<p><\/p>\n<p data-start=\"2287\" data-end=\"2574\"><strong data-start=\"2287\" data-end=\"2323\">Wof\u00fcr kann CBD verwendet werden?<\/strong><br data-start=\"2323\" data-end=\"2326\" \/>Unsere Produkte enthalten <strong data-start=\"2352\" data-end=\"2359\">CBD<\/strong>, aber es ist wichtig zu verstehen, dass sie <strong data-start=\"2404\" data-end=\"2425\">keine Medikamente<\/strong> sind. Sie heilen <strong data-start=\"2443\" data-end=\"2502\">keine Krankheiten, k\u00f6rperlichen Beschwerden oder Leiden<\/strong>. Die <strong data-start=\"2508\" data-end=\"2529\">Tree CBD-Produkte<\/strong> sind ausschlie\u00dflich f\u00fcr Erwachsene bestimmt.<\/p>\n<p><\/p>\n<p data-start=\"2576\" data-end=\"2796\">Wenn du mehr dar\u00fcber wissen m\u00f6chtest, wie <strong data-start=\"2618\" data-end=\"2625\">CBD<\/strong> wirkt, empfehlen wir dir diese umfassende Seite, auf der du alle Antworten findest:<br data-start=\"2709\" data-end=\"2712\" \/><a class=\"\" href=\"https:\/\/www.projectcbd.org\/es\/ciencia\/farmacologia-del-cannabis\/como-funciona-el-cbd\" target=\"_new\" rel=\"noopener\" data-start=\"2712\" data-end=\"2796\">https:\/\/www.projectcbd.org\/es\/ciencia\/farmacologia-del-cannabis\/como-funciona-el-cbd<\/a><\/p>\n<p><\/p>\n<p data-start=\"2803\" data-end=\"2907\" data-is-last-node=\"\" data-is-only-node=\"\"><strong data-start=\"2803\" data-end=\"2843\">Hast du Fragen zu unseren Produkten?<\/strong><br data-start=\"2843\" data-end=\"2846\" \/>Kontaktiere uns \u2013 wir setzen uns gerne mit dir in Verbindung.<\/p>\n\t\t\t\t\t\t\t\t<\/div>\n\t\t\t\t\t<\/div>\n\t\t<\/div>\n\t\t\t\t\t<\/div>\n\t\t<\/section>\n\t\t\t\t<\/div>\n\t\t","protected":false},"excerpt":{"rendered":"<p>Was ist CBD?CBD ist ein Cannabinoid, das in der Cannabispflanze vorkommt. Die medizinischen Anwendungsm\u00f6glichkeiten dieser Substanz sind vielf\u00e4ltig und wenig bekannt. Wissenschaftlich wurde nachgewiesen, dass sie Entz\u00fcndungen und \u00dcbelkeit reduziert und vorbeugt, sowie bei Diabetes, Schlaflosigkeit, posttraumatischen Belastungsst\u00f6rungen, Schizophrenie, rheumatoider Arthritis, Herz-Kreislauf-Erkrankungen wirksam ist. Au\u00dferdem wirkt sie antipsychotisch, angstl\u00f6send und sogar schmerzlindernd \u2013 insbesondere bei [&hellip;]<\/p>\n","protected":false},"author":485,"featured_media":0,"parent":0,"menu_order":0,"comment_status":"closed","ping_status":"closed","template":"","meta":{"_acf_changed":false,"footnotes":""},"class_list":["post-166727","page","type-page","status-publish","hentry"],"acf":[],"yoast_head":"<!-- This site is optimized with the Yoast SEO plugin v26.3 - https:\/\/yoast.com\/wordpress\/plugins\/seo\/ -->\n<title>CBD FAQ - The Tree CBD |Naturprodukte und hohe Qualit\u00e4t |<\/title>\n<meta name=\"description\" content=\"Die CBD-FAQ sind die h\u00e4ufigsten Fragen \u00fcber CBD und verwandte Themen. Wenn du noch Fragen hast, z\u00f6gere nicht, uns zu kontaktieren.\" \/>\n<meta name=\"robots\" content=\"index, follow, max-snippet:-1, max-image-preview:large, max-video-preview:-1\" \/>\n<link rel=\"canonical\" href=\"https:\/\/thetreecbd.com\/de\/cbd-faq\" \/>\n<meta property=\"og:locale\" content=\"de_DE\" \/>\n<meta property=\"og:type\" content=\"article\" \/>\n<meta property=\"og:title\" content=\"CBD FAQ - The Tree CBD |Naturprodukte und hohe Qualit\u00e4t |\" \/>\n<meta property=\"og:description\" content=\"Die CBD-FAQ sind die h\u00e4ufigsten Fragen \u00fcber CBD und verwandte Themen. Wenn du noch Fragen hast, z\u00f6gere nicht, uns zu kontaktieren.\" \/>\n<meta property=\"og:url\" content=\"https:\/\/thetreecbd.com\/de\/cbd-faq\" \/>\n<meta property=\"og:site_name\" content=\"The Tree CBD\" \/>\n<meta property=\"article:publisher\" content=\"https:\/\/www.facebook.com\/thetreeCBD\/\" \/>\n<meta property=\"article:modified_time\" content=\"2025-05-29T10:29:33+00:00\" \/>\n<meta property=\"og:image\" content=\"https:\/\/thetreecbd.com\/wp-content\/uploads\/2018\/08\/banner-pagina-cbd-faq.jpg\" \/>\n\t<meta property=\"og:image:width\" content=\"1024\" \/>\n\t<meta property=\"og:image:height\" content=\"358\" \/>\n\t<meta property=\"og:image:type\" content=\"image\/jpeg\" \/>\n<meta name=\"twitter:card\" content=\"summary_large_image\" \/>\n<meta name=\"twitter:site\" content=\"@TheTreeCBD_EU\" \/>\n<meta name=\"twitter:label1\" content=\"Gesch\u00e4tzte Lesezeit\" \/>\n\t<meta name=\"twitter:data1\" content=\"2\u00a0Minuten\" \/>\n<script type=\"application\/ld+json\" class=\"yoast-schema-graph\">{\"@context\":\"https:\/\/schema.org\",\"@graph\":[{\"@type\":\"WebPage\",\"@id\":\"https:\/\/thetreecbd.com\/de\/cbd-faq\",\"url\":\"https:\/\/thetreecbd.com\/de\/cbd-faq\",\"name\":\"CBD FAQ - The Tree CBD |Naturprodukte und hohe Qualit\u00e4t |\",\"isPartOf\":{\"@id\":\"https:\/\/thetreecbd.com\/de#website\"},\"primaryImageOfPage\":{\"@id\":\"https:\/\/thetreecbd.com\/de\/cbd-faq#primaryimage\"},\"image\":{\"@id\":\"https:\/\/thetreecbd.com\/de\/cbd-faq#primaryimage\"},\"thumbnailUrl\":\"https:\/\/thetreecbd.com\/wp-content\/uploads\/2018\/08\/banner-pagina-cbd-faq-1024x358.jpg\",\"datePublished\":\"2018-07-19T15:58:14+00:00\",\"dateModified\":\"2025-05-29T10:29:33+00:00\",\"description\":\"Die CBD-FAQ sind die h\u00e4ufigsten Fragen \u00fcber CBD und verwandte Themen. Wenn du noch Fragen hast, z\u00f6gere nicht, uns zu kontaktieren.\",\"breadcrumb\":{\"@id\":\"https:\/\/thetreecbd.com\/de\/cbd-faq#breadcrumb\"},\"inLanguage\":\"de\",\"potentialAction\":[{\"@type\":\"ReadAction\",\"target\":[\"https:\/\/thetreecbd.com\/de\/cbd-faq\"]}]},{\"@type\":\"ImageObject\",\"inLanguage\":\"de\",\"@id\":\"https:\/\/thetreecbd.com\/de\/cbd-faq#primaryimage\",\"url\":\"https:\/\/thetreecbd.com\/wp-content\/uploads\/2018\/08\/banner-pagina-cbd-faq-1024x358.jpg\",\"contentUrl\":\"https:\/\/thetreecbd.com\/wp-content\/uploads\/2018\/08\/banner-pagina-cbd-faq-1024x358.jpg\"},{\"@type\":\"BreadcrumbList\",\"@id\":\"https:\/\/thetreecbd.com\/de\/cbd-faq#breadcrumb\",\"itemListElement\":[{\"@type\":\"ListItem\",\"position\":1,\"name\":\"The Tree\",\"item\":\"https:\/\/thetreecbd.com\/de\"},{\"@type\":\"ListItem\",\"position\":2,\"name\":\"CBD FAQ\"}]},{\"@type\":\"WebSite\",\"@id\":\"https:\/\/thetreecbd.com\/de#website\",\"url\":\"https:\/\/thetreecbd.com\/de\",\"name\":\"The Tree CBD\",\"description\":\"Comprar CBD en Espa\u00f1a Online\",\"publisher\":{\"@id\":\"https:\/\/thetreecbd.com\/de#organization\"},\"potentialAction\":[{\"@type\":\"SearchAction\",\"target\":{\"@type\":\"EntryPoint\",\"urlTemplate\":\"https:\/\/thetreecbd.com\/de?s={search_term_string}\"},\"query-input\":{\"@type\":\"PropertyValueSpecification\",\"valueRequired\":true,\"valueName\":\"search_term_string\"}}],\"inLanguage\":\"de\"},{\"@type\":\"Organization\",\"@id\":\"https:\/\/thetreecbd.com\/de#organization\",\"name\":\"The Tree CBD\",\"url\":\"https:\/\/thetreecbd.com\/de\",\"logo\":{\"@type\":\"ImageObject\",\"inLanguage\":\"de\",\"@id\":\"https:\/\/thetreecbd.com\/de#\/schema\/logo\/image\/\",\"url\":\"https:\/\/thetreecbd.com\/wp-content\/uploads\/2022\/04\/logo-thetree.png\",\"contentUrl\":\"https:\/\/thetreecbd.com\/wp-content\/uploads\/2022\/04\/logo-thetree.png\",\"width\":172,\"height\":55,\"caption\":\"The Tree CBD\"},\"image\":{\"@id\":\"https:\/\/thetreecbd.com\/de#\/schema\/logo\/image\/\"},\"sameAs\":[\"https:\/\/www.facebook.com\/thetreeCBD\/\",\"https:\/\/x.com\/TheTreeCBD_EU\",\"https:\/\/www.instagram.com\/thetree.cbd\/\",\"https:\/\/es.trustpilot.com\/review\/thetreecbd.com\"]}]}<\/script>\n<!-- \/ Yoast SEO plugin. -->","yoast_head_json":{"title":"CBD FAQ - The Tree CBD |Naturprodukte und hohe Qualit\u00e4t |","description":"Die CBD-FAQ sind die h\u00e4ufigsten Fragen \u00fcber CBD und verwandte Themen. Wenn du noch Fragen hast, z\u00f6gere nicht, uns zu kontaktieren.","robots":{"index":"index","follow":"follow","max-snippet":"max-snippet:-1","max-image-preview":"max-image-preview:large","max-video-preview":"max-video-preview:-1"},"canonical":"https:\/\/thetreecbd.com\/de\/cbd-faq","og_locale":"de_DE","og_type":"article","og_title":"CBD FAQ - The Tree CBD |Naturprodukte und hohe Qualit\u00e4t |","og_description":"Die CBD-FAQ sind die h\u00e4ufigsten Fragen \u00fcber CBD und verwandte Themen. Wenn du noch Fragen hast, z\u00f6gere nicht, uns zu kontaktieren.","og_url":"https:\/\/thetreecbd.com\/de\/cbd-faq","og_site_name":"The Tree CBD","article_publisher":"https:\/\/www.facebook.com\/thetreeCBD\/","article_modified_time":"2025-05-29T10:29:33+00:00","og_image":[{"width":1024,"height":358,"url":"https:\/\/thetreecbd.com\/wp-content\/uploads\/2018\/08\/banner-pagina-cbd-faq.jpg","type":"image\/jpeg"}],"twitter_card":"summary_large_image","twitter_site":"@TheTreeCBD_EU","twitter_misc":{"Gesch\u00e4tzte Lesezeit":"2\u00a0Minuten"},"schema":{"@context":"https:\/\/schema.org","@graph":[{"@type":"WebPage","@id":"https:\/\/thetreecbd.com\/de\/cbd-faq","url":"https:\/\/thetreecbd.com\/de\/cbd-faq","name":"CBD FAQ - The Tree CBD |Naturprodukte und hohe Qualit\u00e4t |","isPartOf":{"@id":"https:\/\/thetreecbd.com\/de#website"},"primaryImageOfPage":{"@id":"https:\/\/thetreecbd.com\/de\/cbd-faq#primaryimage"},"image":{"@id":"https:\/\/thetreecbd.com\/de\/cbd-faq#primaryimage"},"thumbnailUrl":"https:\/\/thetreecbd.com\/wp-content\/uploads\/2018\/08\/banner-pagina-cbd-faq-1024x358.jpg","datePublished":"2018-07-19T15:58:14+00:00","dateModified":"2025-05-29T10:29:33+00:00","description":"Die CBD-FAQ sind die h\u00e4ufigsten Fragen \u00fcber CBD und verwandte Themen. Wenn du noch Fragen hast, z\u00f6gere nicht, uns zu kontaktieren.","breadcrumb":{"@id":"https:\/\/thetreecbd.com\/de\/cbd-faq#breadcrumb"},"inLanguage":"de","potentialAction":[{"@type":"ReadAction","target":["https:\/\/thetreecbd.com\/de\/cbd-faq"]}]},{"@type":"ImageObject","inLanguage":"de","@id":"https:\/\/thetreecbd.com\/de\/cbd-faq#primaryimage","url":"https:\/\/thetreecbd.com\/wp-content\/uploads\/2018\/08\/banner-pagina-cbd-faq-1024x358.jpg","contentUrl":"https:\/\/thetreecbd.com\/wp-content\/uploads\/2018\/08\/banner-pagina-cbd-faq-1024x358.jpg"},{"@type":"BreadcrumbList","@id":"https:\/\/thetreecbd.com\/de\/cbd-faq#breadcrumb","itemListElement":[{"@type":"ListItem","position":1,"name":"The Tree","item":"https:\/\/thetreecbd.com\/de"},{"@type":"ListItem","position":2,"name":"CBD FAQ"}]},{"@type":"WebSite","@id":"https:\/\/thetreecbd.com\/de#website","url":"https:\/\/thetreecbd.com\/de","name":"The Tree CBD","description":"Comprar CBD en Espa\u00f1a Online","publisher":{"@id":"https:\/\/thetreecbd.com\/de#organization"},"potentialAction":[{"@type":"SearchAction","target":{"@type":"EntryPoint","urlTemplate":"https:\/\/thetreecbd.com\/de?s={search_term_string}"},"query-input":{"@type":"PropertyValueSpecification","valueRequired":true,"valueName":"search_term_string"}}],"inLanguage":"de"},{"@type":"Organization","@id":"https:\/\/thetreecbd.com\/de#organization","name":"The Tree CBD","url":"https:\/\/thetreecbd.com\/de","logo":{"@type":"ImageObject","inLanguage":"de","@id":"https:\/\/thetreecbd.com\/de#\/schema\/logo\/image\/","url":"https:\/\/thetreecbd.com\/wp-content\/uploads\/2022\/04\/logo-thetree.png","contentUrl":"https:\/\/thetreecbd.com\/wp-content\/uploads\/2022\/04\/logo-thetree.png","width":172,"height":55,"caption":"The Tree CBD"},"image":{"@id":"https:\/\/thetreecbd.com\/de#\/schema\/logo\/image\/"},"sameAs":["https:\/\/www.facebook.com\/thetreeCBD\/","https:\/\/x.com\/TheTreeCBD_EU","https:\/\/www.instagram.com\/thetree.cbd\/","https:\/\/es.trustpilot.com\/review\/thetreecbd.com"]}]}},"_links":{"self":[{"href":"https:\/\/thetreecbd.com\/de\/wp-json\/wp\/v2\/pages\/166727","targetHints":{"allow":["GET"]}}],"collection":[{"href":"https:\/\/thetreecbd.com\/de\/wp-json\/wp\/v2\/pages"}],"about":[{"href":"https:\/\/thetreecbd.com\/de\/wp-json\/wp\/v2\/types\/page"}],"author":[{"embeddable":true,"href":"https:\/\/thetreecbd.com\/de\/wp-json\/wp\/v2\/users\/485"}],"replies":[{"embeddable":true,"href":"https:\/\/thetreecbd.com\/de\/wp-json\/wp\/v2\/comments?post=166727"}],"version-history":[{"count":0,"href":"https:\/\/thetreecbd.com\/de\/wp-json\/wp\/v2\/pages\/166727\/revisions"}],"wp:attachment":[{"href":"https:\/\/thetreecbd.com\/de\/wp-json\/wp\/v2\/media?parent=166727"}],"curies":[{"name":"wp","href":"https:\/\/api.w.org\/{rel}","templated":true}]}}