{"id":166822,"date":"2018-12-30T17:14:32","date_gmt":"2018-12-30T16:14:32","guid":{"rendered":"https:\/\/thetreecbd.com\/allgemeine-geschaeftsbedingungen"},"modified":"2018-12-30T17:14:32","modified_gmt":"2018-12-30T16:14:32","slug":"allgemeine-geschaeftsbedingungen","status":"publish","type":"page","link":"https:\/\/thetreecbd.com\/de\/allgemeine-geschaeftsbedingungen","title":{"rendered":"Allgemeine Gesch\u00e4ftsbedingungen"},"content":{"rendered":"<p data-start=\"117\" data-end=\"152\"><strong data-start=\"117\" data-end=\"152\">Allgemeine Gesch\u00e4ftsbedingungen<\/strong><\/p>\n<p data-start=\"154\" data-end=\"360\">Gem\u00e4\u00df der geltenden und anwendbaren Datenschutzbestimmungen informieren wir Sie dar\u00fcber, dass Ihre Daten in das Verarbeitungssystem von GAMT LTD mit der Steuernummer CZ19376952 und dem eingetragenen Sitz in<\/p>\n<p data-start=\"362\" data-end=\"374\">\u0158\u00ed\u010dn\u00ed 456\/10<\/p>\n<p data-start=\"376\" data-end=\"397\">PRAHA 1 &#8211; MAL\u00c1 STRANA<\/p>\n<p data-start=\"399\" data-end=\"415\">118 00 PRAHA 011<\/p>\n<p data-start=\"417\" data-end=\"774\">aufgenommen werden. Nachfolgend sind die jeweiligen Zwecke, Aufbewahrungsfristen und Rechtsgrundlagen aufgef\u00fchrt. F\u00fcr die erforderlichen Verarbeitungen wird auch \u00fcber die m\u00f6gliche Erstellung von Profilen und automatisierten Entscheidungen sowie \u00fcber m\u00f6gliche \u00dcbermittlungen und internationalen Transfers informiert, die GAMT LTD. beabsichtigt durchzuf\u00fchren:<\/p>\n<ul>\n<li><strong data-start=\"776\" data-end=\"786\">Zweck:<\/strong> Verwaltung und Bearbeitung der Verpflichtungen und Pflichten, die sich aus der Einhaltung der f\u00fcr das Unternehmen geltenden Vorschriften ergeben<\/li>\n<li><strong data-start=\"934\" data-end=\"957\">Aufbewahrungsfrist:<\/strong> Aufbewahrung von Kopien der Dokumente, bis die Fristen f\u00fcr m\u00f6gliche Haftungsanspr\u00fcche abgelaufen sind.<\/li>\n<li><strong data-start=\"1063\" data-end=\"1083\">Rechtsgrundlage:<\/strong> Die Einhaltung eines Gesetzes.<\/li>\n<\/ul>\n<p>&nbsp;<\/p>\n<ul>\n<li><strong data-start=\"1117\" data-end=\"1136\">\u00dcbermittlungen:<\/strong> Ihre Daten werden gegebenenfalls an zust\u00e4ndige Beh\u00f6rden und\/oder \u00f6ffentliche Verwaltungen weitergegeben, um die in den geltenden Vorschriften festgelegten Verpflichtungen zu erf\u00fcllen. Dar\u00fcber hinaus wird darauf hingewiesen, dass die Rechtsgrundlage f\u00fcr die \u00dcbermittlung die Einhaltung eines Gesetzes ist.<\/li>\n<\/ul>\n<p>&nbsp;<\/p>\n<ul>\n<li data-start=\"1443\" data-end=\"2119\"><strong data-start=\"1443\" data-end=\"1453\">Zweck:<\/strong> Administrative Verwaltung, Rechnungsstellung, Buchhaltung und gesetzliche Verpflichtungen.<\/li>\n<li data-start=\"1443\" data-end=\"2119\"><strong data-start=\"1547\" data-end=\"1570\">Aufbewahrungsfrist:<\/strong> 5 Jahre gem\u00e4\u00df Steuerrecht und 10 Jahre f\u00fcr steuerliche Unterlagen gem\u00e4\u00df dem Gesetz L.O. 7\/2012.<\/li>\n<li data-start=\"1443\" data-end=\"2119\"><strong data-start=\"1669\" data-end=\"1689\">Rechtsgrundlage:<\/strong> Die Einhaltung eines Gesetzes.<\/li>\n<\/ul>\n<p>&nbsp;<\/p>\n<ul>\n<li data-start=\"1443\" data-end=\"2119\"><strong data-start=\"1723\" data-end=\"1742\">\u00dcbermittlungen:<\/strong> Ihre Daten werden gegebenenfalls an die Steuerbeh\u00f6rde, Banken, Sparkassen und zust\u00e4ndige Beh\u00f6rden und\/oder \u00f6ffentliche Verwaltungen weitergegeben, um die in den geltenden steuerlichen und fiskalischen Vorschriften festgelegten Verpflichtungen zu erf\u00fcllen. Dar\u00fcber hinaus wird darauf hingewiesen, dass die Rechtsgrundlage f\u00fcr die \u00dcbermittlung die Einhaltung eines Gesetzes ist.<\/li>\n<\/ul>\n<p>&nbsp;<\/p>\n<ul>\n<li data-start=\"2121\" data-end=\"2347\"><strong data-start=\"2121\" data-end=\"2131\">Zweck:<\/strong> Erfassung, Registrierung und Verarbeitung von Daten zu Werbe- und Marketingzwecken<\/li>\n<\/ul>\n<p>&nbsp;<\/p>\n<ul>\n<li data-start=\"2121\" data-end=\"2347\"><strong data-start=\"2217\" data-end=\"2240\">Aufbewahrungsfrist:<\/strong> Solange die erteilte Einwilligung besteht.<\/li>\n<\/ul>\n<p>&nbsp;<\/p>\n<ul>\n<li data-start=\"2121\" data-end=\"2347\"><strong data-start=\"2286\" data-end=\"2306\">Rechtsgrundlage:<\/strong> Die Einwilligung der betroffenen Person.<\/li>\n<\/ul>\n<p data-start=\"2349\" data-end=\"2984\">Gem\u00e4\u00df den Ihnen durch die geltenden und anwendbaren Datenschutzbestimmungen gew\u00e4hrten Rechten k\u00f6nnen Sie die Rechte auf Zugang, Berichtigung, Einschr\u00e4nkung der Verarbeitung, L\u00f6schung (&#8220;Recht auf Vergessenwerden&#8221;), Daten\u00fcbertragbarkeit und Widerspruch gegen die Verarbeitung Ihrer personenbezogenen Daten sowie den Widerruf der erteilten Einwilligung zur Verarbeitung derselben aus\u00fcben, indem Sie Ihre Anfrage an die oben angegebene Postanschrift oder an die E-Mail-Adresse <a class=\"cursor-pointer\" rel=\"noopener\" data-start=\"2822\" data-end=\"2853\">proteccion.datos@thetreecbd.com<\/a> richten. Sie k\u00f6nnen sich an die zust\u00e4ndige Aufsichtsbeh\u00f6rde wenden, um die Beschwerde einzureichen, die Sie f\u00fcr angemessen halten.<\/p>\n<p data-start=\"2986\" data-end=\"3128\">Die mit einem Stern (*) gekennzeichneten Daten gelten als Pflichtfelder und sind daher erforderlich, um die oben genannten Zwecke zu erf\u00fcllen.<\/p>\n<p data-start=\"3130\" data-end=\"3298\">GAMT LTD. informiert, dass mit der Unterzeichnung dieses Dokuments die ausdr\u00fcckliche Einwilligung zur Verarbeitung der Daten f\u00fcr die oben genannten Zwecke erteilt wird.<\/p>\n<p data-start=\"3300\" data-end=\"3311\"><strong data-start=\"3300\" data-end=\"3311\">ZAHLUNG<\/strong><\/p>\n<p data-start=\"3313\" data-end=\"3466\">GAMT LTD. akzeptiert und erh\u00e4lt Zahlungen mit den wichtigsten Kreditkarten, einschlie\u00dflich VISA, VISA Electron, Mastercard, Maestro und American Express.<\/p>\n<p data-start=\"3468\" data-end=\"3563\">Die Zahlung wird Ihrem Konto belastet, sobald die Bestellung auf der Website abgeschlossen ist.<\/p>\n<p data-start=\"3565\" data-end=\"3640\">Alle Betr\u00e4ge werden in \u20ac (Euro) angezeigt und enthalten die Mehrwertsteuer.<\/p>\n<p data-start=\"3642\" data-end=\"3848\">GAMT LTD. verwendet einen zugelassenen Zahlungsserver, der alle Ihre Kartendaten mit dem SSL-Protokoll (Secure Socket Layer) verschl\u00fcsselt. Das bedeutet, dass Ihre Informationen nicht gelesen werden k\u00f6nnen.<\/p>\n<p data-start=\"3850\" data-end=\"3863\"><strong data-start=\"3850\" data-end=\"3863\">LIEFERUNG<\/strong><\/p>\n<p data-start=\"3865\" data-end=\"4002\">GAMT LTD. liefert von Montag bis Freitag t\u00e4glich. In der Regel werden Pakete per Kurierdienst mit Zustellung nach Unterschrift versendet.<\/p>\n<p data-start=\"4004\" data-end=\"4036\">Die Lieferzeiten sind wie folgt:<\/p>\n<ul>\n<li>F\u00fcr Bestellungen innerhalb der Iberischen Halbinsel werden die Bestellungen innerhalb von 24-48 Stunden geliefert.<\/li>\n<li>F\u00fcr Bestellungen auf den Balearen oder Kanarischen Inseln werden die Bestellungen innerhalb von 48-72 Stunden (Montag bis Freitag) geliefert.<\/li>\n<\/ul>\n<p>&nbsp;<\/p>\n<p>GAMT LTD. stellt Ihnen einen Link zur Verf\u00fcgung, damit Sie Ihre Bestellung online verfolgen k\u00f6nnen.<\/p>\n<p data-start=\"4400\" data-end=\"4492\">Die Versandkosten beinhalten die Kosten f\u00fcr Handhabung und Verpackung sowie die Portokosten.<\/p>\n<p data-start=\"4494\" data-end=\"4579\">Wir empfehlen Ihnen, alle Ihre Artikel in einer einzigen Bestellung zusammenzufassen.<\/p>\n<p data-start=\"4581\" data-end=\"4709\">Wir k\u00f6nnen zwei verschiedene Bestellungen nicht kombinieren, und die Versandkosten werden f\u00fcr jede Bestellung einzeln berechnet.<\/p>\n<p data-start=\"4711\" data-end=\"4872\">Wir sind nicht verantwortlich f\u00fcr Sch\u00e4den, die Ihr Paket nach dem Versand erleiden k\u00f6nnte, aber wir tun unser Bestes, um alle zerbrechlichen Artikel zu sch\u00fctzen.<\/p>\n<p data-start=\"4874\" data-end=\"4953\">Ihre Artikel werden professionell verpackt und gut f\u00fcr den Transport gesch\u00fctzt.<\/p>\n<p data-start=\"4955\" data-end=\"4967\"><strong data-start=\"4955\" data-end=\"4967\">GARANTIE<\/strong><\/p>\n<p data-start=\"4969\" data-end=\"5088\">Es besteht eine 2-j\u00e4hrige Garantie gem\u00e4\u00df dem Kaufrecht. Unsere Garantie gilt f\u00fcr Material- und\/oder Herstellungsfehler.<\/p>\n<p data-start=\"5090\" data-end=\"5227\">Die Reklamation gilt nicht f\u00fcr Ausf\u00e4lle oder Sch\u00e4den, die durch unsachgem\u00e4\u00dfen Gebrauch des Produkts\/der Dienstleistung verursacht wurden.<\/p>\n<p data-start=\"5229\" data-end=\"5292\">GAMT LTD. \u00fcbernimmt die R\u00fccksendekosten in angemessenem Umfang.<\/p>\n<p data-start=\"5294\" data-end=\"5365\">Bei R\u00fccksendung sind die korrekte Anfrage und Beschwerden zu senden an:<\/p>\n<p data-start=\"5367\" data-end=\"5378\">GAMT s.r.o.<\/p>\n<p data-start=\"5380\" data-end=\"5392\">\u0158\u00ed\u010dn\u00ed 456\/10<\/p>\n<p data-start=\"5394\" data-end=\"5415\">PRAHA 1 &#8211; MAL\u00c1 STRANA<\/p>\n<p data-start=\"5417\" data-end=\"5433\">118 00 PRAHA 011<\/p>\n<p data-start=\"5435\" data-end=\"5508\">Pakete, die ohne Vorank\u00fcndigung gesendet werden, werden nicht angenommen.<\/p>\n<p data-start=\"5510\" data-end=\"5528\"><strong data-start=\"5510\" data-end=\"5528\">R\u00dcCKERSTATTUNG<\/strong><\/p>\n<p data-start=\"5530\" data-end=\"5658\">Wenn eine R\u00fcckerstattung vereinbart wurde, senden Sie bitte Ihre Bankdaten, damit wir den vereinbarten Betrag \u00fcberweisen k\u00f6nnen.<\/p>\n<p data-start=\"5660\" data-end=\"5677\"><strong data-start=\"5660\" data-end=\"5677\">R\u00dcCKGABERECHT<\/strong><\/p>\n<p data-start=\"5679\" data-end=\"5787\">Es gibt eine vollst\u00e4ndige 14-t\u00e4gige R\u00fcckgabepolitik f\u00fcr Produkte, die in unserem Online-Shop gekauft wurden.<\/p>\n<p data-start=\"5789\" data-end=\"5864\">Der Zeitraum wird ab dem Tag berechnet, an dem Sie die Bestellung erhalten.<\/p>\n<p data-start=\"5866\" data-end=\"5911\">Sie m\u00fcssen die R\u00fccksendekosten selbst tragen.<\/p>\n<p data-start=\"5913\" data-end=\"6099\">Die Stornierung muss uns sp\u00e4testens 14 Tage nach dem Kauf mitgeteilt werden, und ab dem Zeitpunkt der Stornierung m\u00fcssen Sie dies innerhalb von 14 Tagen nach R\u00fccksendung der Sendung tun.<\/p>\n<p data-start=\"6101\" data-end=\"6258\">Die Mitteilung muss per E-Mail an <a class=\"cursor-pointer\" rel=\"noopener\" data-start=\"6135\" data-end=\"6154\">info@thetreecbd.com<\/a> erfolgen. In der Mitteilung m\u00fcssen Sie uns klar mitteilen, dass Sie Ihr Widerrufsrecht aus\u00fcben m\u00f6chten.<\/p>\n<p data-start=\"6260\" data-end=\"6439\">Sie k\u00f6nnen auch unser Standard-Widerrufsformular verwenden und es zur\u00fccksenden. Sie finden es hier (<a class=\"cursor-pointer\" target=\"_new\" rel=\"noopener\" data-start=\"6360\" data-end=\"6438\">https:\/\/thetreecbd.com\/wp-content\/uploads\/2019\/02\/Forumlario-de-devoluci\u00f3n.pdf<\/a>)<\/p>\n<p data-start=\"6441\" data-end=\"6477\">Zustand der Ware bei R\u00fccksendung<\/p>\n<p data-start=\"6479\" data-end=\"6813\">Sie sind nur f\u00fcr einen etwaigen Wertverlust der Waren verantwortlich, der durch einen Umgang verursacht wird, der nicht zur Pr\u00fcfung der Beschaffenheit, Eigenschaften und Funktionsweise der Waren notwendig ist. Mit anderen Worten, Sie k\u00f6nnen den Artikel auf die gleiche Weise testen, wie Sie es in einem physischen Gesch\u00e4ft tun w\u00fcrden.<\/p>\n<p data-start=\"6815\" data-end=\"7062\">Wenn der Artikel \u00fcber das oben Beschriebene hinaus getestet wird, betrachten wir ihn als gebraucht, was bedeutet, dass Sie bei Stornierung des Kaufs nur einen Teil oder keinen Teil des Kaufbetrags zur\u00fcckerhalten, abh\u00e4ngig vom Handelswert der Ware.<\/p>\n<p data-start=\"7064\" data-end=\"7224\">Um den vollen Kaufbetrag zu erhalten, m\u00fcssen Sie dasselbe tun wie in einem physischen Gesch\u00e4ft. Sie m\u00fcssen den Artikel testen, aber nicht tats\u00e4chlich verwenden.<\/p>\n<p data-start=\"7226\" data-end=\"7248\"><strong data-start=\"7226\" data-end=\"7248\">GESETZLICHES ALTER<\/strong><\/p>\n<p data-start=\"7250\" data-end=\"7456\">Durch die Bestellung \u00fcber unsere Website garantieren Sie, dass Sie mindestens 18 Jahre alt sind. Wenn wir uns \u00fcber Ihr Alter nicht sicher sind, behalten wir uns das Recht vor, Ihre Bestellung zu stornieren.<\/p>\n<p data-start=\"7458\" data-end=\"7501\"><strong data-start=\"7458\" data-end=\"7501\">BESCHWERDEN \u2013 ZUSAMMENFASSUNG UND LINKS<\/strong><\/p>\n<p data-start=\"7503\" data-end=\"7566\">Wenn Sie eine Beschwerde haben, k\u00f6nnen Sie sie hier einreichen:<\/p>\n<p data-start=\"7568\" data-end=\"7728\">Wenn Sie ein Verbraucher mit Wohnsitz in einem anderen EU-Land sind, k\u00f6nnen Sie Ihre Beschwerde auf der Online-Beschwerdeplattform der EU-Kommission einreichen.<\/p>\n<p data-start=\"7730\" data-end=\"7795\">Die Plattform finden Sie hier: <a class=\"\" href=\"http:\/\/ec.europa.eu\/consumers\/odr\/\" target=\"_new\" rel=\"noopener\" data-start=\"7761\" data-end=\"7795\">http:\/\/ec.europa.eu\/consumers\/odr\/<\/a><\/p>\n<p data-start=\"7797\" data-end=\"7900\">Wenn Sie hier eine Beschwerde einreichen, geben Sie bitte unsere E-Mail-Adresse an: <a class=\"cursor-pointer\" rel=\"noopener\" data-start=\"7881\" data-end=\"7900\">info@thetreecbd.com<\/a><\/p>\n<p data-start=\"7902\" data-end=\"7943\"><strong data-start=\"7902\" data-end=\"7943\">ANWENDBARES RECHT UND GERICHTSBARKEIT<\/strong><\/p>\n<p data-start=\"7945\" data-end=\"8163\">GAMT S.R.O beh\u00e4lt sich das Recht vor, zivil- oder strafrechtliche Schritte einzuleiten, die sie f\u00fcr angemessen h\u00e4lt, aufgrund der missbr\u00e4uchlichen Nutzung der Website oder wegen Versto\u00dfes gegen die Nutzungsbedingungen.<\/p>\n<p data-start=\"8165\" data-end=\"8458\">Die Beziehung zwischen GAMT S.R.O und dem BENUTZER unterliegt den geltenden Vorschriften der Tschechischen Republik, und alle Streitigkeiten werden den Gerichten der Stadt Prag (Tschechische Republik) vorgelegt. GAMT S.R.O wird jedoch stets versuchen, Konflikte auf freundliche Weise zu l\u00f6sen.<\/p>\n<p data-start=\"8460\" data-end=\"8541\">Informationen zur Online-Streitbeilegung gem\u00e4\u00df Art. 14 Abs. 1 ODR-Verordnung:<\/p>\n<p data-start=\"8543\" data-end=\"8918\">Die Europ\u00e4ische Kommission bietet Verbrauchern die M\u00f6glichkeit, Streitigkeiten online gem\u00e4\u00df Art. 14 Abs. 1 ODR-Verordnung auf einer ihrer Plattformen beizulegen. Die Plattform (<a class=\"\" href=\"http:\/\/ec.europa.eu\/consumers\/odr\" target=\"_new\" rel=\"noopener\" data-start=\"8720\" data-end=\"8753\">http:\/\/ec.europa.eu\/consumers\/odr<\/a>) dient als Website, auf der Verbraucher versuchen k\u00f6nnen, Streitigkeiten im Zusammenhang mit Online-K\u00e4ufen und Dienstleistungsvertr\u00e4gen au\u00dfergerichtlich beizulegen.<\/p>\n","protected":false},"excerpt":{"rendered":"<p>Allgemeine Gesch\u00e4ftsbedingungen Gem\u00e4\u00df der geltenden und anwendbaren Datenschutzbestimmungen informieren wir Sie dar\u00fcber, dass Ihre Daten in das Verarbeitungssystem von GAMT LTD mit der Steuernummer CZ19376952 und dem eingetragenen Sitz in \u0158\u00ed\u010dn\u00ed 456\/10 PRAHA 1 &#8211; MAL\u00c1 STRANA 118 00 PRAHA 011 aufgenommen werden. Nachfolgend sind die jeweiligen Zwecke, Aufbewahrungsfristen und Rechtsgrundlagen aufgef\u00fchrt. F\u00fcr die erforderlichen [&hellip;]<\/p>\n","protected":false},"author":485,"featured_media":0,"parent":0,"menu_order":0,"comment_status":"closed","ping_status":"closed","template":"","meta":{"_acf_changed":false,"footnotes":""},"class_list":["post-166822","page","type-page","status-publish","hentry"],"acf":[],"yoast_head":"<!-- This site is optimized with the Yoast SEO plugin v26.3 - https:\/\/yoast.com\/wordpress\/plugins\/seo\/ -->\n<title>Allgemeine Gesch\u00e4ftsbedingungen | The Tree CBD<\/title>\n<meta name=\"description\" content=\"Allgemeine Gesch\u00e4ftsbedingungen von The Tree CBD. Einzelheiten zu Zahlung, Lieferung, R\u00fcckgaben und Beschwerden \u00fcber Produkte und Dienstleistungen der Website. Garantie und gesetzliches Mindestalter.\" \/>\n<meta name=\"robots\" content=\"index, follow, max-snippet:-1, max-image-preview:large, max-video-preview:-1\" \/>\n<link rel=\"canonical\" href=\"https:\/\/thetreecbd.com\/de\/allgemeine-geschaeftsbedingungen\" \/>\n<meta property=\"og:locale\" content=\"de_DE\" \/>\n<meta property=\"og:type\" content=\"article\" \/>\n<meta property=\"og:title\" content=\"Allgemeine Gesch\u00e4ftsbedingungen | The Tree CBD\" \/>\n<meta property=\"og:description\" content=\"Allgemeine Gesch\u00e4ftsbedingungen von The Tree CBD. Einzelheiten zu Zahlung, Lieferung, R\u00fcckgaben und Beschwerden \u00fcber Produkte und Dienstleistungen der Website. Garantie und gesetzliches Mindestalter.\" \/>\n<meta property=\"og:url\" content=\"https:\/\/thetreecbd.com\/de\/allgemeine-geschaeftsbedingungen\" \/>\n<meta property=\"og:site_name\" content=\"The Tree CBD\" \/>\n<meta property=\"article:publisher\" content=\"https:\/\/www.facebook.com\/thetreeCBD\/\" \/>\n<meta name=\"twitter:card\" content=\"summary_large_image\" \/>\n<meta name=\"twitter:site\" content=\"@TheTreeCBD_EU\" \/>\n<meta name=\"twitter:label1\" content=\"Gesch\u00e4tzte Lesezeit\" \/>\n\t<meta name=\"twitter:data1\" content=\"6\u00a0Minuten\" \/>\n<script type=\"application\/ld+json\" class=\"yoast-schema-graph\">{\"@context\":\"https:\/\/schema.org\",\"@graph\":[{\"@type\":\"WebPage\",\"@id\":\"https:\/\/thetreecbd.com\/de\/allgemeine-geschaeftsbedingungen\",\"url\":\"https:\/\/thetreecbd.com\/de\/allgemeine-geschaeftsbedingungen\",\"name\":\"Allgemeine Gesch\u00e4ftsbedingungen | The Tree CBD\",\"isPartOf\":{\"@id\":\"https:\/\/thetreecbd.com\/de#website\"},\"datePublished\":\"2018-12-30T16:14:32+00:00\",\"description\":\"Allgemeine Gesch\u00e4ftsbedingungen von The Tree CBD. Einzelheiten zu Zahlung, Lieferung, R\u00fcckgaben und Beschwerden \u00fcber Produkte und Dienstleistungen der Website. Garantie und gesetzliches Mindestalter.\",\"breadcrumb\":{\"@id\":\"https:\/\/thetreecbd.com\/de\/allgemeine-geschaeftsbedingungen#breadcrumb\"},\"inLanguage\":\"de\",\"potentialAction\":[{\"@type\":\"ReadAction\",\"target\":[\"https:\/\/thetreecbd.com\/de\/allgemeine-geschaeftsbedingungen\"]}]},{\"@type\":\"BreadcrumbList\",\"@id\":\"https:\/\/thetreecbd.com\/de\/allgemeine-geschaeftsbedingungen#breadcrumb\",\"itemListElement\":[{\"@type\":\"ListItem\",\"position\":1,\"name\":\"The Tree\",\"item\":\"https:\/\/thetreecbd.com\/de\"},{\"@type\":\"ListItem\",\"position\":2,\"name\":\"Allgemeine Gesch\u00e4ftsbedingungen\"}]},{\"@type\":\"WebSite\",\"@id\":\"https:\/\/thetreecbd.com\/de#website\",\"url\":\"https:\/\/thetreecbd.com\/de\",\"name\":\"The Tree CBD\",\"description\":\"Comprar CBD en Espa\u00f1a Online\",\"publisher\":{\"@id\":\"https:\/\/thetreecbd.com\/de#organization\"},\"potentialAction\":[{\"@type\":\"SearchAction\",\"target\":{\"@type\":\"EntryPoint\",\"urlTemplate\":\"https:\/\/thetreecbd.com\/de?s={search_term_string}\"},\"query-input\":{\"@type\":\"PropertyValueSpecification\",\"valueRequired\":true,\"valueName\":\"search_term_string\"}}],\"inLanguage\":\"de\"},{\"@type\":\"Organization\",\"@id\":\"https:\/\/thetreecbd.com\/de#organization\",\"name\":\"The Tree CBD\",\"url\":\"https:\/\/thetreecbd.com\/de\",\"logo\":{\"@type\":\"ImageObject\",\"inLanguage\":\"de\",\"@id\":\"https:\/\/thetreecbd.com\/de#\/schema\/logo\/image\/\",\"url\":\"https:\/\/thetreecbd.com\/wp-content\/uploads\/2022\/04\/logo-thetree.png\",\"contentUrl\":\"https:\/\/thetreecbd.com\/wp-content\/uploads\/2022\/04\/logo-thetree.png\",\"width\":172,\"height\":55,\"caption\":\"The Tree CBD\"},\"image\":{\"@id\":\"https:\/\/thetreecbd.com\/de#\/schema\/logo\/image\/\"},\"sameAs\":[\"https:\/\/www.facebook.com\/thetreeCBD\/\",\"https:\/\/x.com\/TheTreeCBD_EU\",\"https:\/\/www.instagram.com\/thetree.cbd\/\",\"https:\/\/es.trustpilot.com\/review\/thetreecbd.com\"]}]}<\/script>\n<!-- \/ Yoast SEO plugin. -->","yoast_head_json":{"title":"Allgemeine Gesch\u00e4ftsbedingungen | The Tree CBD","description":"Allgemeine Gesch\u00e4ftsbedingungen von The Tree CBD. Einzelheiten zu Zahlung, Lieferung, R\u00fcckgaben und Beschwerden \u00fcber Produkte und Dienstleistungen der Website. Garantie und gesetzliches Mindestalter.","robots":{"index":"index","follow":"follow","max-snippet":"max-snippet:-1","max-image-preview":"max-image-preview:large","max-video-preview":"max-video-preview:-1"},"canonical":"https:\/\/thetreecbd.com\/de\/allgemeine-geschaeftsbedingungen","og_locale":"de_DE","og_type":"article","og_title":"Allgemeine Gesch\u00e4ftsbedingungen | The Tree CBD","og_description":"Allgemeine Gesch\u00e4ftsbedingungen von The Tree CBD. Einzelheiten zu Zahlung, Lieferung, R\u00fcckgaben und Beschwerden \u00fcber Produkte und Dienstleistungen der Website. Garantie und gesetzliches Mindestalter.","og_url":"https:\/\/thetreecbd.com\/de\/allgemeine-geschaeftsbedingungen","og_site_name":"The Tree CBD","article_publisher":"https:\/\/www.facebook.com\/thetreeCBD\/","twitter_card":"summary_large_image","twitter_site":"@TheTreeCBD_EU","twitter_misc":{"Gesch\u00e4tzte Lesezeit":"6\u00a0Minuten"},"schema":{"@context":"https:\/\/schema.org","@graph":[{"@type":"WebPage","@id":"https:\/\/thetreecbd.com\/de\/allgemeine-geschaeftsbedingungen","url":"https:\/\/thetreecbd.com\/de\/allgemeine-geschaeftsbedingungen","name":"Allgemeine Gesch\u00e4ftsbedingungen | The Tree CBD","isPartOf":{"@id":"https:\/\/thetreecbd.com\/de#website"},"datePublished":"2018-12-30T16:14:32+00:00","description":"Allgemeine Gesch\u00e4ftsbedingungen von The Tree CBD. Einzelheiten zu Zahlung, Lieferung, R\u00fcckgaben und Beschwerden \u00fcber Produkte und Dienstleistungen der Website. Garantie und gesetzliches Mindestalter.","breadcrumb":{"@id":"https:\/\/thetreecbd.com\/de\/allgemeine-geschaeftsbedingungen#breadcrumb"},"inLanguage":"de","potentialAction":[{"@type":"ReadAction","target":["https:\/\/thetreecbd.com\/de\/allgemeine-geschaeftsbedingungen"]}]},{"@type":"BreadcrumbList","@id":"https:\/\/thetreecbd.com\/de\/allgemeine-geschaeftsbedingungen#breadcrumb","itemListElement":[{"@type":"ListItem","position":1,"name":"The Tree","item":"https:\/\/thetreecbd.com\/de"},{"@type":"ListItem","position":2,"name":"Allgemeine Gesch\u00e4ftsbedingungen"}]},{"@type":"WebSite","@id":"https:\/\/thetreecbd.com\/de#website","url":"https:\/\/thetreecbd.com\/de","name":"The Tree CBD","description":"Comprar CBD en Espa\u00f1a Online","publisher":{"@id":"https:\/\/thetreecbd.com\/de#organization"},"potentialAction":[{"@type":"SearchAction","target":{"@type":"EntryPoint","urlTemplate":"https:\/\/thetreecbd.com\/de?s={search_term_string}"},"query-input":{"@type":"PropertyValueSpecification","valueRequired":true,"valueName":"search_term_string"}}],"inLanguage":"de"},{"@type":"Organization","@id":"https:\/\/thetreecbd.com\/de#organization","name":"The Tree CBD","url":"https:\/\/thetreecbd.com\/de","logo":{"@type":"ImageObject","inLanguage":"de","@id":"https:\/\/thetreecbd.com\/de#\/schema\/logo\/image\/","url":"https:\/\/thetreecbd.com\/wp-content\/uploads\/2022\/04\/logo-thetree.png","contentUrl":"https:\/\/thetreecbd.com\/wp-content\/uploads\/2022\/04\/logo-thetree.png","width":172,"height":55,"caption":"The Tree CBD"},"image":{"@id":"https:\/\/thetreecbd.com\/de#\/schema\/logo\/image\/"},"sameAs":["https:\/\/www.facebook.com\/thetreeCBD\/","https:\/\/x.com\/TheTreeCBD_EU","https:\/\/www.instagram.com\/thetree.cbd\/","https:\/\/es.trustpilot.com\/review\/thetreecbd.com"]}]}},"_links":{"self":[{"href":"https:\/\/thetreecbd.com\/de\/wp-json\/wp\/v2\/pages\/166822","targetHints":{"allow":["GET"]}}],"collection":[{"href":"https:\/\/thetreecbd.com\/de\/wp-json\/wp\/v2\/pages"}],"about":[{"href":"https:\/\/thetreecbd.com\/de\/wp-json\/wp\/v2\/types\/page"}],"author":[{"embeddable":true,"href":"https:\/\/thetreecbd.com\/de\/wp-json\/wp\/v2\/users\/485"}],"replies":[{"embeddable":true,"href":"https:\/\/thetreecbd.com\/de\/wp-json\/wp\/v2\/comments?post=166822"}],"version-history":[{"count":0,"href":"https:\/\/thetreecbd.com\/de\/wp-json\/wp\/v2\/pages\/166822\/revisions"}],"wp:attachment":[{"href":"https:\/\/thetreecbd.com\/de\/wp-json\/wp\/v2\/media?parent=166822"}],"curies":[{"name":"wp","href":"https:\/\/api.w.org\/{rel}","templated":true}]}}