{"id":166823,"date":"2018-08-02T17:35:31","date_gmt":"2018-08-02T15:35:31","guid":{"rendered":"https:\/\/thetreecbd.com\/versand-und-zahlungen"},"modified":"2025-05-29T16:14:05","modified_gmt":"2025-05-29T14:14:05","slug":"versand-und-zahlungen","status":"publish","type":"page","link":"https:\/\/thetreecbd.com\/de\/versand-und-zahlungen","title":{"rendered":"Versand und Zahlungen"},"content":{"rendered":"\t\t<div data-elementor-type=\"wp-page\" data-elementor-id=\"166823\" class=\"elementor elementor-166823 elementor-1893\" data-elementor-post-type=\"page\">\n\t\t\t\t\t\t<section class=\"elementor-section elementor-top-section elementor-element elementor-element-5ae1ed83 section-color-transparent elementor-section-boxed elementor-section-height-default elementor-section-height-default\" data-id=\"5ae1ed83\" data-element_type=\"section\">\n\t\t\t\t\t\t<div class=\"elementor-container elementor-column-gap-default\">\n\t\t\t\t\t<div class=\"elementor-column elementor-col-100 elementor-top-column elementor-element elementor-element-7b58c1b4\" data-id=\"7b58c1b4\" data-element_type=\"column\">\n\t\t\t<div class=\"elementor-widget-wrap elementor-element-populated\">\n\t\t\t\t\t\t<div class=\"elementor-element elementor-element-56f48b52 elementor-widget elementor-widget-text-editor\" data-id=\"56f48b52\" data-element_type=\"widget\" data-widget_type=\"text-editor.default\">\n\t\t\t\t\t\t\t\t\t<p data-start=\"91\" data-end=\"179\"><strong data-start=\"91\" data-end=\"116\">Versand und Zahlungen<\/strong><br data-start=\"116\" data-end=\"119\" \/>Hier findest du alle Informationen zu Versand und Zahlungen.<\/p>\n<p><\/p>\n<p data-start=\"181\" data-end=\"246\"><strong data-start=\"181\" data-end=\"197\">Paketversand<\/strong><br data-start=\"197\" data-end=\"200\" \/>Versand und Lieferung f\u00fcr Spanien und Portugal<\/p>\n<p><\/p>\n<p data-start=\"248\" data-end=\"342\"><strong data-start=\"248\" data-end=\"278\">Versand auf die Halbinsel:<\/strong><br data-start=\"278\" data-end=\"281\" \/>Versand: 5,60 \u20ac<br data-start=\"296\" data-end=\"299\" \/>Bestellungen \u00fcber 50 \u20ac: Kostenloser Versand<\/p>\n<p><\/p>\n<p data-start=\"344\" data-end=\"482\">Die Bestellungen werden montags bis freitags innerhalb von 24-48 Stunden geliefert. An Wochenenden und Feiertagen erfolgt keine Lieferung.<\/p>\n<p><\/p>\n<p data-start=\"484\" data-end=\"576\"><strong data-start=\"484\" data-end=\"512\">Versand zu den Balearen:<\/strong><br data-start=\"512\" data-end=\"515\" \/>Versand: 7,00 \u20ac<br data-start=\"530\" data-end=\"533\" \/>Bestellungen \u00fcber 70 \u20ac: Kostenloser Versand<\/p>\n<ul data-start=\"578\" data-end=\"718\">\n<li data-start=\"578\" data-end=\"718\">\n<p data-start=\"580\" data-end=\"718\">Die Bestellungen werden montags bis freitags innerhalb von 24-48 Stunden geliefert. An Wochenenden und Feiertagen erfolgt keine Lieferung.<\/p>\n<\/li>\n<\/ul>\n<hr data-start=\"720\" data-end=\"788\" \/><\/p>\n<p data-start=\"790\" data-end=\"880\"><strong data-start=\"790\" data-end=\"813\">Versandbedingungen:<\/strong><br data-start=\"813\" data-end=\"816\" \/>Versand mit Sendungsverfolgung und Unterschrift bei Paketannahme<\/p>\n<p><\/p>\n<p data-start=\"882\" data-end=\"928\">Hinweis: Versanddaten schlie\u00dfen Feiertage aus.<\/p>\n<p><\/p>\n<p data-start=\"930\" data-end=\"1007\">Die obigen Abschnitte zeigen die Lieferzeiten basierend auf dem Bestelldatum.<\/p>\n<p><\/p>\n<p data-start=\"1009\" data-end=\"1144\">Unser Versandunternehmen liefert nicht an Wochenenden oder Feiertagen, diese Tage werden daher bei der Lieferzeit nicht ber\u00fccksichtigt.<\/p>\n<p><\/p>\n<p data-start=\"1146\" data-end=\"1231\">Aus Zollgr\u00fcnden k\u00f6nnen wir nicht nach Ibiza und auf die Kanarischen Inseln versenden.<\/p>\n<p><\/p>\n<p data-start=\"1233\" data-end=\"1437\">Die Versandkosten beinhalten Verpackungs- und Bearbeitungskosten sowie Portogeb\u00fchren. Die Bearbeitungskosten sind festgelegt, w\u00e4hrend die Transportkosten je nach Gesamtgewicht des Pakets variieren k\u00f6nnen.<\/p>\n<p><\/p>\n<p data-start=\"1439\" data-end=\"1504\">Wir empfehlen, alle Artikel in einer Bestellung zusammenzufassen.<\/p>\n<p><\/p>\n<p data-start=\"1506\" data-end=\"1621\">Wir k\u00f6nnen keine zwei verschiedenen Bestellungen kombinieren, die Versandkosten gelten f\u00fcr jede Bestellung einzeln.<\/p>\n<p><\/p>\n<p data-start=\"1623\" data-end=\"1775\">Wir \u00fcbernehmen keine Haftung f\u00fcr Sch\u00e4den, die dein Paket nach dem Versand erleidet, tun jedoch unser Bestes, um alle zerbrechlichen Artikel zu sch\u00fctzen.<\/p>\n<p><\/p>\n<p data-start=\"1777\" data-end=\"1857\">Deine Artikel werden professionell verpackt und gut gesch\u00fctzt f\u00fcr den Transport.<\/p>\n<p><\/p>\n<p data-start=\"1859\" data-end=\"1924\"><strong data-start=\"1859\" data-end=\"1887\">Versandzeiten f\u00fcr Europa<\/strong><br data-start=\"1887\" data-end=\"1890\" \/>EUROP\u00c4ISCHE ZONE 1 \u2013 48-72 Stunden<\/p>\n<p><\/p>\n<p data-start=\"1926\" data-end=\"2004\">Deutschland, Belgien, Frankreich, Italien, Niederlande, Vereinigtes K\u00f6nigreich<\/p>\n<p><\/p>\n<p data-start=\"2006\" data-end=\"2053\">Kostenloser Versand f\u00fcr Bestellungen \u00fcber 100 \u20ac<\/p>\n<p><\/p>\n<p data-start=\"2055\" data-end=\"2088\">EUROP\u00c4ISCHE ZONE 2 \u2013 3 bis 4 Tage<\/p>\n<p><\/p>\n<p data-start=\"2090\" data-end=\"2275\">\u00d6sterreich, Bulgarien, Zypern, D\u00e4nemark, Slowakei, Slowenien, Estland, Finnland, Griechenland, Ungarn, Irland, Lettland, Litauen, Luxemburg, Malta, Polen, Tschechien, Rum\u00e4nien, Schweden<\/p>\n<p><\/p>\n<p data-start=\"2277\" data-end=\"2324\">Kostenloser Versand f\u00fcr Bestellungen \u00fcber 100 \u20ac<\/p>\n<p><\/p>\n<p data-start=\"2326\" data-end=\"2463\"><strong data-start=\"2326\" data-end=\"2337\">Zahlung<\/strong><br data-start=\"2337\" data-end=\"2340\" \/>Die Zahlung erfolgt per Bank\u00fcberweisung oder Kreditkarte und wird unmittelbar nach Abschluss des Kaufvorgangs durchgef\u00fchrt.<\/p>\n<p><\/p>\n<p data-start=\"2465\" data-end=\"2558\">Sobald die Zahlung eingegangen ist, erh\u00e4ltst du eine E-Mail und dein Produkt ist auf dem Weg.<\/p>\n\t\t\t\t\t\t\t\t<\/div>\n\t\t\t\t\t<\/div>\n\t\t<\/div>\n\t\t\t\t\t<\/div>\n\t\t<\/section>\n\t\t\t\t<\/div>\n\t\t","protected":false},"excerpt":{"rendered":"<p>Versand und ZahlungenHier findest du alle Informationen zu Versand und Zahlungen. PaketversandVersand und Lieferung f\u00fcr Spanien und Portugal Versand auf die Halbinsel:Versand: 5,60 \u20acBestellungen \u00fcber 50 \u20ac: Kostenloser Versand Die Bestellungen werden montags bis freitags innerhalb von 24-48 Stunden geliefert. An Wochenenden und Feiertagen erfolgt keine Lieferung. Versand zu den Balearen:Versand: 7,00 \u20acBestellungen \u00fcber 70 [&hellip;]<\/p>\n","protected":false},"author":485,"featured_media":0,"parent":0,"menu_order":0,"comment_status":"closed","ping_status":"closed","template":"","meta":{"_acf_changed":false,"footnotes":""},"class_list":["post-166823","page","type-page","status-publish","hentry"],"acf":[],"yoast_head":"<!-- This site is optimized with the Yoast SEO plugin v26.3 - https:\/\/yoast.com\/wordpress\/plugins\/seo\/ -->\n<title>Versand und Zahlungen | The Tree CBD<\/title>\n<meta name=\"description\" content=\"Lieferzeit, Preise und Bedingungen f\u00fcr alle Produkte von The Tree CBD. Hier finden Sie alle Informationen zu Versand und Zahlungen.\" \/>\n<meta name=\"robots\" content=\"index, follow, max-snippet:-1, max-image-preview:large, max-video-preview:-1\" \/>\n<link rel=\"canonical\" href=\"https:\/\/thetreecbd.com\/de\/versand-und-zahlungen\" \/>\n<meta property=\"og:locale\" content=\"de_DE\" \/>\n<meta property=\"og:type\" content=\"article\" \/>\n<meta property=\"og:title\" content=\"Versand und Zahlungen | The Tree CBD\" \/>\n<meta property=\"og:description\" content=\"Lieferzeit, Preise und Bedingungen f\u00fcr alle Produkte von The Tree CBD. Hier finden Sie alle Informationen zu Versand und Zahlungen.\" \/>\n<meta property=\"og:url\" content=\"https:\/\/thetreecbd.com\/de\/versand-und-zahlungen\" \/>\n<meta property=\"og:site_name\" content=\"The Tree CBD\" \/>\n<meta property=\"article:publisher\" content=\"https:\/\/www.facebook.com\/thetreeCBD\/\" \/>\n<meta property=\"article:modified_time\" content=\"2025-05-29T14:14:05+00:00\" \/>\n<meta name=\"twitter:card\" content=\"summary_large_image\" \/>\n<meta name=\"twitter:site\" content=\"@TheTreeCBD_EU\" \/>\n<meta name=\"twitter:label1\" content=\"Gesch\u00e4tzte Lesezeit\" \/>\n\t<meta name=\"twitter:data1\" content=\"2\u00a0Minuten\" \/>\n<script type=\"application\/ld+json\" class=\"yoast-schema-graph\">{\"@context\":\"https:\/\/schema.org\",\"@graph\":[{\"@type\":\"WebPage\",\"@id\":\"https:\/\/thetreecbd.com\/de\/versand-und-zahlungen\",\"url\":\"https:\/\/thetreecbd.com\/de\/versand-und-zahlungen\",\"name\":\"Versand und Zahlungen | The Tree CBD\",\"isPartOf\":{\"@id\":\"https:\/\/thetreecbd.com\/de#website\"},\"datePublished\":\"2018-08-02T15:35:31+00:00\",\"dateModified\":\"2025-05-29T14:14:05+00:00\",\"description\":\"Lieferzeit, Preise und Bedingungen f\u00fcr alle Produkte von The Tree CBD. Hier finden Sie alle Informationen zu Versand und Zahlungen.\",\"breadcrumb\":{\"@id\":\"https:\/\/thetreecbd.com\/de\/versand-und-zahlungen#breadcrumb\"},\"inLanguage\":\"de\",\"potentialAction\":[{\"@type\":\"ReadAction\",\"target\":[\"https:\/\/thetreecbd.com\/de\/versand-und-zahlungen\"]}]},{\"@type\":\"BreadcrumbList\",\"@id\":\"https:\/\/thetreecbd.com\/de\/versand-und-zahlungen#breadcrumb\",\"itemListElement\":[{\"@type\":\"ListItem\",\"position\":1,\"name\":\"The Tree\",\"item\":\"https:\/\/thetreecbd.com\/de\"},{\"@type\":\"ListItem\",\"position\":2,\"name\":\"Versand und Zahlungen\"}]},{\"@type\":\"WebSite\",\"@id\":\"https:\/\/thetreecbd.com\/de#website\",\"url\":\"https:\/\/thetreecbd.com\/de\",\"name\":\"The Tree CBD\",\"description\":\"Comprar CBD en Espa\u00f1a Online\",\"publisher\":{\"@id\":\"https:\/\/thetreecbd.com\/de#organization\"},\"potentialAction\":[{\"@type\":\"SearchAction\",\"target\":{\"@type\":\"EntryPoint\",\"urlTemplate\":\"https:\/\/thetreecbd.com\/de?s={search_term_string}\"},\"query-input\":{\"@type\":\"PropertyValueSpecification\",\"valueRequired\":true,\"valueName\":\"search_term_string\"}}],\"inLanguage\":\"de\"},{\"@type\":\"Organization\",\"@id\":\"https:\/\/thetreecbd.com\/de#organization\",\"name\":\"The Tree CBD\",\"url\":\"https:\/\/thetreecbd.com\/de\",\"logo\":{\"@type\":\"ImageObject\",\"inLanguage\":\"de\",\"@id\":\"https:\/\/thetreecbd.com\/de#\/schema\/logo\/image\/\",\"url\":\"https:\/\/thetreecbd.com\/wp-content\/uploads\/2022\/04\/logo-thetree.png\",\"contentUrl\":\"https:\/\/thetreecbd.com\/wp-content\/uploads\/2022\/04\/logo-thetree.png\",\"width\":172,\"height\":55,\"caption\":\"The Tree CBD\"},\"image\":{\"@id\":\"https:\/\/thetreecbd.com\/de#\/schema\/logo\/image\/\"},\"sameAs\":[\"https:\/\/www.facebook.com\/thetreeCBD\/\",\"https:\/\/x.com\/TheTreeCBD_EU\",\"https:\/\/www.instagram.com\/thetree.cbd\/\",\"https:\/\/es.trustpilot.com\/review\/thetreecbd.com\"]}]}<\/script>\n<!-- \/ Yoast SEO plugin. -->","yoast_head_json":{"title":"Versand und Zahlungen | The Tree CBD","description":"Lieferzeit, Preise und Bedingungen f\u00fcr alle Produkte von The Tree CBD. Hier finden Sie alle Informationen zu Versand und Zahlungen.","robots":{"index":"index","follow":"follow","max-snippet":"max-snippet:-1","max-image-preview":"max-image-preview:large","max-video-preview":"max-video-preview:-1"},"canonical":"https:\/\/thetreecbd.com\/de\/versand-und-zahlungen","og_locale":"de_DE","og_type":"article","og_title":"Versand und Zahlungen | The Tree CBD","og_description":"Lieferzeit, Preise und Bedingungen f\u00fcr alle Produkte von The Tree CBD. Hier finden Sie alle Informationen zu Versand und Zahlungen.","og_url":"https:\/\/thetreecbd.com\/de\/versand-und-zahlungen","og_site_name":"The Tree CBD","article_publisher":"https:\/\/www.facebook.com\/thetreeCBD\/","article_modified_time":"2025-05-29T14:14:05+00:00","twitter_card":"summary_large_image","twitter_site":"@TheTreeCBD_EU","twitter_misc":{"Gesch\u00e4tzte Lesezeit":"2\u00a0Minuten"},"schema":{"@context":"https:\/\/schema.org","@graph":[{"@type":"WebPage","@id":"https:\/\/thetreecbd.com\/de\/versand-und-zahlungen","url":"https:\/\/thetreecbd.com\/de\/versand-und-zahlungen","name":"Versand und Zahlungen | The Tree CBD","isPartOf":{"@id":"https:\/\/thetreecbd.com\/de#website"},"datePublished":"2018-08-02T15:35:31+00:00","dateModified":"2025-05-29T14:14:05+00:00","description":"Lieferzeit, Preise und Bedingungen f\u00fcr alle Produkte von The Tree CBD. Hier finden Sie alle Informationen zu Versand und Zahlungen.","breadcrumb":{"@id":"https:\/\/thetreecbd.com\/de\/versand-und-zahlungen#breadcrumb"},"inLanguage":"de","potentialAction":[{"@type":"ReadAction","target":["https:\/\/thetreecbd.com\/de\/versand-und-zahlungen"]}]},{"@type":"BreadcrumbList","@id":"https:\/\/thetreecbd.com\/de\/versand-und-zahlungen#breadcrumb","itemListElement":[{"@type":"ListItem","position":1,"name":"The Tree","item":"https:\/\/thetreecbd.com\/de"},{"@type":"ListItem","position":2,"name":"Versand und Zahlungen"}]},{"@type":"WebSite","@id":"https:\/\/thetreecbd.com\/de#website","url":"https:\/\/thetreecbd.com\/de","name":"The Tree CBD","description":"Comprar CBD en Espa\u00f1a Online","publisher":{"@id":"https:\/\/thetreecbd.com\/de#organization"},"potentialAction":[{"@type":"SearchAction","target":{"@type":"EntryPoint","urlTemplate":"https:\/\/thetreecbd.com\/de?s={search_term_string}"},"query-input":{"@type":"PropertyValueSpecification","valueRequired":true,"valueName":"search_term_string"}}],"inLanguage":"de"},{"@type":"Organization","@id":"https:\/\/thetreecbd.com\/de#organization","name":"The Tree CBD","url":"https:\/\/thetreecbd.com\/de","logo":{"@type":"ImageObject","inLanguage":"de","@id":"https:\/\/thetreecbd.com\/de#\/schema\/logo\/image\/","url":"https:\/\/thetreecbd.com\/wp-content\/uploads\/2022\/04\/logo-thetree.png","contentUrl":"https:\/\/thetreecbd.com\/wp-content\/uploads\/2022\/04\/logo-thetree.png","width":172,"height":55,"caption":"The Tree CBD"},"image":{"@id":"https:\/\/thetreecbd.com\/de#\/schema\/logo\/image\/"},"sameAs":["https:\/\/www.facebook.com\/thetreeCBD\/","https:\/\/x.com\/TheTreeCBD_EU","https:\/\/www.instagram.com\/thetree.cbd\/","https:\/\/es.trustpilot.com\/review\/thetreecbd.com"]}]}},"_links":{"self":[{"href":"https:\/\/thetreecbd.com\/de\/wp-json\/wp\/v2\/pages\/166823","targetHints":{"allow":["GET"]}}],"collection":[{"href":"https:\/\/thetreecbd.com\/de\/wp-json\/wp\/v2\/pages"}],"about":[{"href":"https:\/\/thetreecbd.com\/de\/wp-json\/wp\/v2\/types\/page"}],"author":[{"embeddable":true,"href":"https:\/\/thetreecbd.com\/de\/wp-json\/wp\/v2\/users\/485"}],"replies":[{"embeddable":true,"href":"https:\/\/thetreecbd.com\/de\/wp-json\/wp\/v2\/comments?post=166823"}],"version-history":[{"count":0,"href":"https:\/\/thetreecbd.com\/de\/wp-json\/wp\/v2\/pages\/166823\/revisions"}],"wp:attachment":[{"href":"https:\/\/thetreecbd.com\/de\/wp-json\/wp\/v2\/media?parent=166823"}],"curies":[{"name":"wp","href":"https:\/\/api.w.org\/{rel}","templated":true}]}}