{"id":166831,"date":"2018-12-30T17:02:22","date_gmt":"2018-12-30T16:02:22","guid":{"rendered":"https:\/\/thetreecbd.com\/datenschutzrichtlinie"},"modified":"2018-12-30T17:02:22","modified_gmt":"2018-12-30T16:02:22","slug":"datenschutzrichtlinie","status":"publish","type":"page","link":"https:\/\/thetreecbd.com\/de\/datenschutzrichtlinie","title":{"rendered":"Datenschutzerkl\u00e4rung"},"content":{"rendered":"<p data-start=\"104\" data-end=\"832\"><strong data-start=\"104\" data-end=\"128\">Datenschutzerkl\u00e4rung<\/strong><\/p>\n<p data-start=\"104\" data-end=\"832\"><br data-start=\"128\" data-end=\"131\" \/>Diese Datenschutzerkl\u00e4rung legt die Bedingungen fest, unter denen TheTreeCBD.com die Informationen verwendet und sch\u00fctzt, die von seinen Nutzern beim Besuch der Webseite bereitgestellt werden. Dieses Unternehmen verpflichtet sich zum Schutz der Daten seiner Nutzer. Wenn wir Sie bitten, pers\u00f6nliche Daten einzugeben, mit denen Sie identifiziert werden k\u00f6nnen, erfolgt dies unter der Zusicherung, dass diese nur gem\u00e4\u00df den Bedingungen dieses Dokuments verwendet werden. Diese Datenschutzerkl\u00e4rung kann sich jedoch im Laufe der Zeit \u00e4ndern oder aktualisiert werden. Daher empfehlen und betonen wir, diese Seite regelm\u00e4\u00dfig zu \u00fcberpr\u00fcfen, um sicherzustellen, dass Sie mit den \u00c4nderungen einverstanden sind.<\/p>\n<p data-start=\"834\" data-end=\"1156\"><strong data-start=\"834\" data-end=\"862\">Gesammelte Informationen<\/strong><br data-start=\"862\" data-end=\"865\" \/>Unsere Webseite kann pers\u00f6nliche Informationen erfassen, zum Beispiel: Name, Kontaktinformationen wie Ihre E-Mail-Adresse und demografische Daten. Ebenso k\u00f6nnen bei Bedarf spezifische Informationen zur Bearbeitung einer Bestellung oder f\u00fcr Lieferung und Rechnungsstellung angefordert werden.<\/p>\n<p data-start=\"1158\" data-end=\"1933\"><strong data-start=\"1158\" data-end=\"1202\">Verwendung der gesammelten Informationen<\/strong><br data-start=\"1202\" data-end=\"1205\" \/>Unsere Webseite verwendet die Informationen, um den bestm\u00f6glichen Service zu bieten, insbesondere um Nutzerkonten und Bestellungen (falls zutreffend) zu verwalten und unsere Produkte und Dienstleistungen zu verbessern. Es kann vorkommen, dass regelm\u00e4\u00dfig E-Mails mit Sonderangeboten, neuen Produkten und anderen f\u00fcr Sie relevanten oder vorteilhaften Werbeinhalten \u00fcber unsere Webseite versandt werden. Diese E-Mails werden an die von Ihnen angegebene Adresse gesendet und k\u00f6nnen jederzeit abbestellt werden.<br data-start=\"1711\" data-end=\"1714\" \/>TheTreeCBD.com ist stark verpflichtet, Ihre Informationen sicher zu halten. Wir verwenden die fortschrittlichsten Systeme und aktualisieren diese kontinuierlich, um sicherzustellen, dass kein unbefugter Zugriff erfolgt.<\/p>\n<p data-start=\"1935\" data-end=\"3148\"><strong data-start=\"1935\" data-end=\"1946\">Cookies<\/strong><br data-start=\"1946\" data-end=\"1949\" \/>Ein Cookie ist eine Datei, die mit der Absicht gesendet wird, Ihre Zustimmung zur Speicherung auf Ihrem Computer einzuholen. Mit Zustimmung wird die Cookie erstellt und dient dazu, Informationen \u00fcber den Webverkehr zu speichern und zuk\u00fcnftige Besuche einer Webseite zu erleichtern. Cookies erm\u00f6glichen es einer Webseite auch, Sie individuell zu erkennen und Ihnen einen personalisierten Service zu bieten.<br data-start=\"2354\" data-end=\"2357\" \/>Unsere Webseite verwendet Cookies, um die besuchten Seiten und deren H\u00e4ufigkeit zu identifizieren. Diese Informationen werden ausschlie\u00dflich f\u00fcr statistische Analysen genutzt und anschlie\u00dfend dauerhaft gel\u00f6scht. Sie k\u00f6nnen Cookies jederzeit von Ihrem Computer l\u00f6schen. Cookies helfen, den Service von Webseiten zu verbessern, geben aber keinen Zugriff auf Ihren Computer oder pers\u00f6nliche Informationen, au\u00dfer Sie stellen diese direkt zur Verf\u00fcgung. Sie k\u00f6nnen die Verwendung von Cookies akzeptieren oder ablehnen. Die meisten Browser akzeptieren Cookies automatisch, da sie f\u00fcr einen besseren Webservice hilfreich sind. Sie k\u00f6nnen Ihre Computereinstellungen jedoch auch \u00e4ndern, um Cookies abzulehnen. Wenn Sie Cookies ablehnen, ist es m\u00f6glich, dass einige unserer Dienste nicht nutzbar sind.<\/p>\n<p data-start=\"3150\" data-end=\"3624\"><strong data-start=\"3150\" data-end=\"3170\">Links zu Dritten<\/strong><br data-start=\"3170\" data-end=\"3173\" \/>Diese Webseite kann Links zu anderen Seiten enthalten, die f\u00fcr Sie von Interesse sein k\u00f6nnten. Sobald Sie auf diese Links klicken und unsere Seite verlassen, haben wir keine Kontrolle mehr \u00fcber die Zielseite und sind daher nicht verantwortlich f\u00fcr deren Datenschutzbestimmungen oder den Schutz Ihrer Daten. Diese Seiten unterliegen ihren eigenen Datenschutzrichtlinien, die Sie pr\u00fcfen sollten, um sicherzugehen, dass Sie mit diesen einverstanden sind.<\/p>\n<p data-start=\"3626\" data-end=\"4333\"><strong data-start=\"3626\" data-end=\"3668\">Kontrolle \u00fcber Ihre pers\u00f6nlichen Daten<\/strong><br data-start=\"3668\" data-end=\"3671\" \/>Sie k\u00f6nnen jederzeit die Erfassung oder Nutzung der pers\u00f6nlichen Daten, die Sie unserer Webseite bereitstellen, einschr\u00e4nken. Jedes Mal, wenn Sie ein Formular ausf\u00fcllen, z. B. zur Nutzerregistrierung, k\u00f6nnen Sie ankreuzen oder abw\u00e4hlen, ob Sie Informationen per E-Mail erhalten m\u00f6chten. Wenn Sie den Erhalt unseres Newsletters oder Werbemails zugestimmt haben, k\u00f6nnen Sie dies jederzeit widerrufen.<br data-start=\"4069\" data-end=\"4072\" \/>Dieses Unternehmen wird pers\u00f6nliche Daten nicht verkaufen, weitergeben oder verbreiten, ohne Ihre Zustimmung, au\u00dfer wenn dies gerichtlich angeordnet wird. TheTreeCBD.com beh\u00e4lt sich das Recht vor, die Bedingungen dieser Datenschutzerkl\u00e4rung jederzeit zu \u00e4ndern.<\/p>\n<p data-start=\"4335\" data-end=\"4505\"><strong data-start=\"4335\" data-end=\"4450\">Google Analytics, Google Analytics mit IP-Anonymisierung, Facebook Ads Conversion Tracking und WordPress Stats.<\/strong><br data-start=\"4450\" data-end=\"4453\" \/>Personenbezogene Daten: Cookies und Datenverwendung.<\/p>\n","protected":false},"excerpt":{"rendered":"<p>Datenschutzerkl\u00e4rung Diese Datenschutzerkl\u00e4rung legt die Bedingungen fest, unter denen TheTreeCBD.com die Informationen verwendet und sch\u00fctzt, die von seinen Nutzern beim Besuch der Webseite bereitgestellt werden. Dieses Unternehmen verpflichtet sich zum Schutz der Daten seiner Nutzer. Wenn wir Sie bitten, pers\u00f6nliche Daten einzugeben, mit denen Sie identifiziert werden k\u00f6nnen, erfolgt dies unter der Zusicherung, dass diese [&hellip;]<\/p>\n","protected":false},"author":485,"featured_media":0,"parent":0,"menu_order":0,"comment_status":"closed","ping_status":"closed","template":"","meta":{"_acf_changed":false,"footnotes":""},"class_list":["post-166831","page","type-page","status-publish","hentry"],"acf":[],"yoast_head":"<!-- This site is optimized with the Yoast SEO plugin v26.3 - https:\/\/yoast.com\/wordpress\/plugins\/seo\/ -->\n<title>Datenschutzrichtlinie | The Tree CBD<\/title>\n<meta name=\"description\" content=\"Die Datenschutzrichtlinie legt die Bedingungen fest, unter denen TheTreeCBD.com die von seinen Nutzern auf der Website bereitgestellten Informationen verwendet und sch\u00fctzt.\" \/>\n<meta name=\"robots\" content=\"index, follow, max-snippet:-1, max-image-preview:large, max-video-preview:-1\" \/>\n<link rel=\"canonical\" href=\"https:\/\/thetreecbd.com\/de\/datenschutzrichtlinie\" \/>\n<meta property=\"og:locale\" content=\"de_DE\" \/>\n<meta property=\"og:type\" content=\"article\" \/>\n<meta property=\"og:title\" content=\"Datenschutzrichtlinie | The Tree CBD\" \/>\n<meta property=\"og:description\" content=\"Die Datenschutzrichtlinie legt die Bedingungen fest, unter denen TheTreeCBD.com die von seinen Nutzern auf der Website bereitgestellten Informationen verwendet und sch\u00fctzt.\" \/>\n<meta property=\"og:url\" content=\"https:\/\/thetreecbd.com\/de\/datenschutzrichtlinie\" \/>\n<meta property=\"og:site_name\" content=\"The Tree CBD\" \/>\n<meta property=\"article:publisher\" content=\"https:\/\/www.facebook.com\/thetreeCBD\/\" \/>\n<meta name=\"twitter:card\" content=\"summary_large_image\" \/>\n<meta name=\"twitter:site\" content=\"@TheTreeCBD_EU\" \/>\n<meta name=\"twitter:label1\" content=\"Gesch\u00e4tzte Lesezeit\" \/>\n\t<meta name=\"twitter:data1\" content=\"3\u00a0Minuten\" \/>\n<script type=\"application\/ld+json\" class=\"yoast-schema-graph\">{\"@context\":\"https:\/\/schema.org\",\"@graph\":[{\"@type\":\"WebPage\",\"@id\":\"https:\/\/thetreecbd.com\/de\/datenschutzrichtlinie\",\"url\":\"https:\/\/thetreecbd.com\/de\/datenschutzrichtlinie\",\"name\":\"Datenschutzrichtlinie | The Tree CBD\",\"isPartOf\":{\"@id\":\"https:\/\/thetreecbd.com\/de#website\"},\"datePublished\":\"2018-12-30T16:02:22+00:00\",\"description\":\"Die Datenschutzrichtlinie legt die Bedingungen fest, unter denen TheTreeCBD.com die von seinen Nutzern auf der Website bereitgestellten Informationen verwendet und sch\u00fctzt.\",\"breadcrumb\":{\"@id\":\"https:\/\/thetreecbd.com\/de\/datenschutzrichtlinie#breadcrumb\"},\"inLanguage\":\"de\",\"potentialAction\":[{\"@type\":\"ReadAction\",\"target\":[\"https:\/\/thetreecbd.com\/de\/datenschutzrichtlinie\"]}]},{\"@type\":\"BreadcrumbList\",\"@id\":\"https:\/\/thetreecbd.com\/de\/datenschutzrichtlinie#breadcrumb\",\"itemListElement\":[{\"@type\":\"ListItem\",\"position\":1,\"name\":\"The Tree\",\"item\":\"https:\/\/thetreecbd.com\/de\"},{\"@type\":\"ListItem\",\"position\":2,\"name\":\"Datenschutzerkl\u00e4rung\"}]},{\"@type\":\"WebSite\",\"@id\":\"https:\/\/thetreecbd.com\/de#website\",\"url\":\"https:\/\/thetreecbd.com\/de\",\"name\":\"The Tree CBD\",\"description\":\"Comprar CBD en Espa\u00f1a Online\",\"publisher\":{\"@id\":\"https:\/\/thetreecbd.com\/de#organization\"},\"potentialAction\":[{\"@type\":\"SearchAction\",\"target\":{\"@type\":\"EntryPoint\",\"urlTemplate\":\"https:\/\/thetreecbd.com\/de?s={search_term_string}\"},\"query-input\":{\"@type\":\"PropertyValueSpecification\",\"valueRequired\":true,\"valueName\":\"search_term_string\"}}],\"inLanguage\":\"de\"},{\"@type\":\"Organization\",\"@id\":\"https:\/\/thetreecbd.com\/de#organization\",\"name\":\"The Tree CBD\",\"url\":\"https:\/\/thetreecbd.com\/de\",\"logo\":{\"@type\":\"ImageObject\",\"inLanguage\":\"de\",\"@id\":\"https:\/\/thetreecbd.com\/de#\/schema\/logo\/image\/\",\"url\":\"https:\/\/thetreecbd.com\/wp-content\/uploads\/2022\/04\/logo-thetree.png\",\"contentUrl\":\"https:\/\/thetreecbd.com\/wp-content\/uploads\/2022\/04\/logo-thetree.png\",\"width\":172,\"height\":55,\"caption\":\"The Tree CBD\"},\"image\":{\"@id\":\"https:\/\/thetreecbd.com\/de#\/schema\/logo\/image\/\"},\"sameAs\":[\"https:\/\/www.facebook.com\/thetreeCBD\/\",\"https:\/\/x.com\/TheTreeCBD_EU\",\"https:\/\/www.instagram.com\/thetree.cbd\/\",\"https:\/\/es.trustpilot.com\/review\/thetreecbd.com\"]}]}<\/script>\n<!-- \/ Yoast SEO plugin. -->","yoast_head_json":{"title":"Datenschutzrichtlinie | The Tree CBD","description":"Die Datenschutzrichtlinie legt die Bedingungen fest, unter denen TheTreeCBD.com die von seinen Nutzern auf der Website bereitgestellten Informationen verwendet und sch\u00fctzt.","robots":{"index":"index","follow":"follow","max-snippet":"max-snippet:-1","max-image-preview":"max-image-preview:large","max-video-preview":"max-video-preview:-1"},"canonical":"https:\/\/thetreecbd.com\/de\/datenschutzrichtlinie","og_locale":"de_DE","og_type":"article","og_title":"Datenschutzrichtlinie | The Tree CBD","og_description":"Die Datenschutzrichtlinie legt die Bedingungen fest, unter denen TheTreeCBD.com die von seinen Nutzern auf der Website bereitgestellten Informationen verwendet und sch\u00fctzt.","og_url":"https:\/\/thetreecbd.com\/de\/datenschutzrichtlinie","og_site_name":"The Tree CBD","article_publisher":"https:\/\/www.facebook.com\/thetreeCBD\/","twitter_card":"summary_large_image","twitter_site":"@TheTreeCBD_EU","twitter_misc":{"Gesch\u00e4tzte Lesezeit":"3\u00a0Minuten"},"schema":{"@context":"https:\/\/schema.org","@graph":[{"@type":"WebPage","@id":"https:\/\/thetreecbd.com\/de\/datenschutzrichtlinie","url":"https:\/\/thetreecbd.com\/de\/datenschutzrichtlinie","name":"Datenschutzrichtlinie | The Tree CBD","isPartOf":{"@id":"https:\/\/thetreecbd.com\/de#website"},"datePublished":"2018-12-30T16:02:22+00:00","description":"Die Datenschutzrichtlinie legt die Bedingungen fest, unter denen TheTreeCBD.com die von seinen Nutzern auf der Website bereitgestellten Informationen verwendet und sch\u00fctzt.","breadcrumb":{"@id":"https:\/\/thetreecbd.com\/de\/datenschutzrichtlinie#breadcrumb"},"inLanguage":"de","potentialAction":[{"@type":"ReadAction","target":["https:\/\/thetreecbd.com\/de\/datenschutzrichtlinie"]}]},{"@type":"BreadcrumbList","@id":"https:\/\/thetreecbd.com\/de\/datenschutzrichtlinie#breadcrumb","itemListElement":[{"@type":"ListItem","position":1,"name":"The Tree","item":"https:\/\/thetreecbd.com\/de"},{"@type":"ListItem","position":2,"name":"Datenschutzerkl\u00e4rung"}]},{"@type":"WebSite","@id":"https:\/\/thetreecbd.com\/de#website","url":"https:\/\/thetreecbd.com\/de","name":"The Tree CBD","description":"Comprar CBD en Espa\u00f1a Online","publisher":{"@id":"https:\/\/thetreecbd.com\/de#organization"},"potentialAction":[{"@type":"SearchAction","target":{"@type":"EntryPoint","urlTemplate":"https:\/\/thetreecbd.com\/de?s={search_term_string}"},"query-input":{"@type":"PropertyValueSpecification","valueRequired":true,"valueName":"search_term_string"}}],"inLanguage":"de"},{"@type":"Organization","@id":"https:\/\/thetreecbd.com\/de#organization","name":"The Tree CBD","url":"https:\/\/thetreecbd.com\/de","logo":{"@type":"ImageObject","inLanguage":"de","@id":"https:\/\/thetreecbd.com\/de#\/schema\/logo\/image\/","url":"https:\/\/thetreecbd.com\/wp-content\/uploads\/2022\/04\/logo-thetree.png","contentUrl":"https:\/\/thetreecbd.com\/wp-content\/uploads\/2022\/04\/logo-thetree.png","width":172,"height":55,"caption":"The Tree CBD"},"image":{"@id":"https:\/\/thetreecbd.com\/de#\/schema\/logo\/image\/"},"sameAs":["https:\/\/www.facebook.com\/thetreeCBD\/","https:\/\/x.com\/TheTreeCBD_EU","https:\/\/www.instagram.com\/thetree.cbd\/","https:\/\/es.trustpilot.com\/review\/thetreecbd.com"]}]}},"_links":{"self":[{"href":"https:\/\/thetreecbd.com\/de\/wp-json\/wp\/v2\/pages\/166831","targetHints":{"allow":["GET"]}}],"collection":[{"href":"https:\/\/thetreecbd.com\/de\/wp-json\/wp\/v2\/pages"}],"about":[{"href":"https:\/\/thetreecbd.com\/de\/wp-json\/wp\/v2\/types\/page"}],"author":[{"embeddable":true,"href":"https:\/\/thetreecbd.com\/de\/wp-json\/wp\/v2\/users\/485"}],"replies":[{"embeddable":true,"href":"https:\/\/thetreecbd.com\/de\/wp-json\/wp\/v2\/comments?post=166831"}],"version-history":[{"count":0,"href":"https:\/\/thetreecbd.com\/de\/wp-json\/wp\/v2\/pages\/166831\/revisions"}],"wp:attachment":[{"href":"https:\/\/thetreecbd.com\/de\/wp-json\/wp\/v2\/media?parent=166831"}],"curies":[{"name":"wp","href":"https:\/\/api.w.org\/{rel}","templated":true}]}}