{"id":166832,"date":"2019-01-26T08:15:08","date_gmt":"2019-01-26T07:15:08","guid":{"rendered":"https:\/\/thetreecbd.com\/rueckgaberecht"},"modified":"2019-01-26T08:15:08","modified_gmt":"2019-01-26T07:15:08","slug":"rueckgaberecht","status":"publish","type":"page","link":"https:\/\/thetreecbd.com\/de\/rueckgaberecht","title":{"rendered":"R\u00fcckgaberecht"},"content":{"rendered":"<article class=\"text-token-text-primary w-full\" dir=\"auto\" data-testid=\"conversation-turn-176\" data-scroll-anchor=\"true\">\n<div class=\"text-base my-auto mx-auto py-5 [--thread-content-margin:--spacing(4)] @[37rem]:[--thread-content-margin:--spacing(6)] @[72rem]:[--thread-content-margin:--spacing(16)] px-(--thread-content-margin)\">\n<div class=\"[--thread-content-max-width:32rem] @[34rem]:[--thread-content-max-width:40rem] @[64rem]:[--thread-content-max-width:48rem] mx-auto flex max-w-(--thread-content-max-width) flex-1 text-base gap-4 md:gap-5 lg:gap-6 group\/turn-messages focus-visible:outline-hidden\" tabindex=\"-1\">\n<div class=\"group\/conversation-turn relative flex w-full min-w-0 flex-col agent-turn\">\n<div class=\"relative flex-col gap-1 md:gap-3\">\n<div class=\"flex max-w-full flex-col grow\">\n<div class=\"min-h-8 text-message relative flex w-full flex-col items-end gap-2 text-start break-words whitespace-normal [.text-message+&amp;]:mt-5\" dir=\"auto\" data-message-author-role=\"assistant\" data-message-id=\"664418b4-9c43-4cf9-8c76-f558eeac063d\" data-message-model-slug=\"gpt-4-1-mini\">\n<div class=\"flex w-full flex-col gap-1 empty:hidden first:pt-[3px]\">\n<div class=\"markdown prose dark:prose-invert w-full break-words dark\">\n<p data-start=\"0\" data-end=\"140\"><strong>R\u00fcckgaberecht<\/strong><\/p>\n<p data-start=\"0\" data-end=\"140\"><br data-start=\"13\" data-end=\"16\" \/>Bei TheTreeCBD arbeiten wir daran, dass unsere Produkte von hoher Qualit\u00e4t sind und die Erwartungen unserer Kunden erf\u00fcllen.<\/p>\n<p data-start=\"142\" data-end=\"380\">Falls dies nicht der Fall sein sollte und Sie einen Artikel zur\u00fcckgeben m\u00f6chten, k\u00f6nnen Sie dies innerhalb von 14 Tagen nach Erhalt tun. Sie erhalten eine R\u00fcckerstattung innerhalb von 14 Tagen nach Eingang des Artikels bei TheTreeCBD.com.<\/p>\n<p data-start=\"382\" data-end=\"572\"><strong>So geben Sie einen Artikel zur\u00fcck<\/strong><\/p>\n<p data-start=\"382\" data-end=\"572\"><br data-start=\"415\" data-end=\"418\" \/>Sie m\u00fcssen eine E-Mail an <a class=\"cursor-pointer\" rel=\"noopener\" data-start=\"444\" data-end=\"463\">info@thetreecbd.com<\/a> senden und erst nach Erhalt einer Best\u00e4tigungs-E-Mail f\u00fcr die R\u00fcckgabe k\u00f6nnen Sie die Produkte zur\u00fccksenden.<\/p>\n<p data-start=\"574\" data-end=\"602\">Die R\u00fccksendeadresse lautet:<\/p>\n<p data-start=\"604\" data-end=\"683\"><strong>GAMT LTD<\/strong><br data-start=\"612\" data-end=\"615\" \/>RICNI, 456-10<br data-start=\"628\" data-end=\"631\" \/>MALA STRANA<br data-start=\"642\" data-end=\"645\" \/>118 00 PRAG 1 &#8211; (TSCHECHIEN, REPUBLIK)<\/p>\n<p data-start=\"685\" data-end=\"777\">Die Artikel m\u00fcssen neu und in dem Zustand zur\u00fcckgegeben werden, in dem sie geliefert wurden.<\/p>\n<p data-start=\"779\" data-end=\"922\">Bitte f\u00fcgen Sie relevante Informationen bei, sowohl Bank- als auch Kontodaten. Bewahren Sie au\u00dferdem bitte Ihren Versandbeleg als Nachweis auf.<\/p>\n<p data-start=\"924\" data-end=\"987\">Die mit Zahlung und Versand verbundenen Kosten tr\u00e4gt der Kunde.<\/p>\n<p data-start=\"989\" data-end=\"1213\" data-is-last-node=\"\" data-is-only-node=\"\">Bitte \u00fcberpr\u00fcfen Sie Ihre Sendung bei Ankunft sorgf\u00e4ltig, um sicherzustellen, dass sie w\u00e4hrend des Versands nicht besch\u00e4digt wurde. Reklamationen wegen besch\u00e4digter Produkte m\u00fcssen sp\u00e4testens 48 Stunden nach Erhalt erfolgen.<\/p>\n<\/div>\n<\/div>\n<\/div>\n<\/div>\n<\/div>\n<\/div>\n<\/div>\n<\/div>\n<\/article>\n","protected":false},"excerpt":{"rendered":"<p>R\u00fcckgaberecht Bei TheTreeCBD arbeiten wir daran, dass unsere Produkte von hoher Qualit\u00e4t sind und die Erwartungen unserer Kunden erf\u00fcllen. Falls dies nicht der Fall sein sollte und Sie einen Artikel zur\u00fcckgeben m\u00f6chten, k\u00f6nnen Sie dies innerhalb von 14 Tagen nach Erhalt tun. Sie erhalten eine R\u00fcckerstattung innerhalb von 14 Tagen nach Eingang des Artikels bei [&hellip;]<\/p>\n","protected":false},"author":485,"featured_media":0,"parent":0,"menu_order":0,"comment_status":"closed","ping_status":"closed","template":"","meta":{"_acf_changed":false,"footnotes":""},"class_list":["post-166832","page","type-page","status-publish","hentry"],"acf":[],"yoast_head":"<!-- This site is optimized with the Yoast SEO plugin v26.3 - https:\/\/yoast.com\/wordpress\/plugins\/seo\/ -->\n<title>R\u00fcckgaberecht \u2013 The Tree CBD<\/title>\n<meta name=\"description\" content=\"Wir arbeiten daran, dass unsere Produkte die Erwartungen unserer Kunden erf\u00fcllen. Wenn Sie einen Artikel zur\u00fcckgeben m\u00f6chten, k\u00f6nnen Sie dies innerhalb von 14 Tagen tun.\" \/>\n<meta name=\"robots\" content=\"index, follow, max-snippet:-1, max-image-preview:large, max-video-preview:-1\" \/>\n<link rel=\"canonical\" href=\"https:\/\/thetreecbd.com\/de\/rueckgaberecht\" \/>\n<meta property=\"og:locale\" content=\"de_DE\" \/>\n<meta property=\"og:type\" content=\"article\" \/>\n<meta property=\"og:title\" content=\"R\u00fcckgaberecht \u2013 The Tree CBD\" \/>\n<meta property=\"og:description\" content=\"Wir arbeiten daran, dass unsere Produkte die Erwartungen unserer Kunden erf\u00fcllen. Wenn Sie einen Artikel zur\u00fcckgeben m\u00f6chten, k\u00f6nnen Sie dies innerhalb von 14 Tagen tun.\" \/>\n<meta property=\"og:url\" content=\"https:\/\/thetreecbd.com\/de\/rueckgaberecht\" \/>\n<meta property=\"og:site_name\" content=\"The Tree CBD\" \/>\n<meta property=\"article:publisher\" content=\"https:\/\/www.facebook.com\/thetreeCBD\/\" \/>\n<meta name=\"twitter:card\" content=\"summary_large_image\" \/>\n<meta name=\"twitter:site\" content=\"@TheTreeCBD_EU\" \/>\n<meta name=\"twitter:label1\" content=\"Gesch\u00e4tzte Lesezeit\" \/>\n\t<meta name=\"twitter:data1\" content=\"1\u00a0Minute\" \/>\n<script type=\"application\/ld+json\" class=\"yoast-schema-graph\">{\"@context\":\"https:\/\/schema.org\",\"@graph\":[{\"@type\":\"WebPage\",\"@id\":\"https:\/\/thetreecbd.com\/de\/rueckgaberecht\",\"url\":\"https:\/\/thetreecbd.com\/de\/rueckgaberecht\",\"name\":\"R\u00fcckgaberecht \u2013 The Tree CBD\",\"isPartOf\":{\"@id\":\"https:\/\/thetreecbd.com\/de#website\"},\"datePublished\":\"2019-01-26T07:15:08+00:00\",\"description\":\"Wir arbeiten daran, dass unsere Produkte die Erwartungen unserer Kunden erf\u00fcllen. Wenn Sie einen Artikel zur\u00fcckgeben m\u00f6chten, k\u00f6nnen Sie dies innerhalb von 14 Tagen tun.\",\"breadcrumb\":{\"@id\":\"https:\/\/thetreecbd.com\/de\/rueckgaberecht#breadcrumb\"},\"inLanguage\":\"de\",\"potentialAction\":[{\"@type\":\"ReadAction\",\"target\":[\"https:\/\/thetreecbd.com\/de\/rueckgaberecht\"]}]},{\"@type\":\"BreadcrumbList\",\"@id\":\"https:\/\/thetreecbd.com\/de\/rueckgaberecht#breadcrumb\",\"itemListElement\":[{\"@type\":\"ListItem\",\"position\":1,\"name\":\"The Tree\",\"item\":\"https:\/\/thetreecbd.com\/de\"},{\"@type\":\"ListItem\",\"position\":2,\"name\":\"R\u00fcckgaberecht\"}]},{\"@type\":\"WebSite\",\"@id\":\"https:\/\/thetreecbd.com\/de#website\",\"url\":\"https:\/\/thetreecbd.com\/de\",\"name\":\"The Tree CBD\",\"description\":\"Comprar CBD en Espa\u00f1a Online\",\"publisher\":{\"@id\":\"https:\/\/thetreecbd.com\/de#organization\"},\"potentialAction\":[{\"@type\":\"SearchAction\",\"target\":{\"@type\":\"EntryPoint\",\"urlTemplate\":\"https:\/\/thetreecbd.com\/de?s={search_term_string}\"},\"query-input\":{\"@type\":\"PropertyValueSpecification\",\"valueRequired\":true,\"valueName\":\"search_term_string\"}}],\"inLanguage\":\"de\"},{\"@type\":\"Organization\",\"@id\":\"https:\/\/thetreecbd.com\/de#organization\",\"name\":\"The Tree CBD\",\"url\":\"https:\/\/thetreecbd.com\/de\",\"logo\":{\"@type\":\"ImageObject\",\"inLanguage\":\"de\",\"@id\":\"https:\/\/thetreecbd.com\/de#\/schema\/logo\/image\/\",\"url\":\"https:\/\/thetreecbd.com\/wp-content\/uploads\/2022\/04\/logo-thetree.png\",\"contentUrl\":\"https:\/\/thetreecbd.com\/wp-content\/uploads\/2022\/04\/logo-thetree.png\",\"width\":172,\"height\":55,\"caption\":\"The Tree CBD\"},\"image\":{\"@id\":\"https:\/\/thetreecbd.com\/de#\/schema\/logo\/image\/\"},\"sameAs\":[\"https:\/\/www.facebook.com\/thetreeCBD\/\",\"https:\/\/x.com\/TheTreeCBD_EU\",\"https:\/\/www.instagram.com\/thetree.cbd\/\",\"https:\/\/es.trustpilot.com\/review\/thetreecbd.com\"]}]}<\/script>\n<!-- \/ Yoast SEO plugin. -->","yoast_head_json":{"title":"R\u00fcckgaberecht \u2013 The Tree CBD","description":"Wir arbeiten daran, dass unsere Produkte die Erwartungen unserer Kunden erf\u00fcllen. Wenn Sie einen Artikel zur\u00fcckgeben m\u00f6chten, k\u00f6nnen Sie dies innerhalb von 14 Tagen tun.","robots":{"index":"index","follow":"follow","max-snippet":"max-snippet:-1","max-image-preview":"max-image-preview:large","max-video-preview":"max-video-preview:-1"},"canonical":"https:\/\/thetreecbd.com\/de\/rueckgaberecht","og_locale":"de_DE","og_type":"article","og_title":"R\u00fcckgaberecht \u2013 The Tree CBD","og_description":"Wir arbeiten daran, dass unsere Produkte die Erwartungen unserer Kunden erf\u00fcllen. Wenn Sie einen Artikel zur\u00fcckgeben m\u00f6chten, k\u00f6nnen Sie dies innerhalb von 14 Tagen tun.","og_url":"https:\/\/thetreecbd.com\/de\/rueckgaberecht","og_site_name":"The Tree CBD","article_publisher":"https:\/\/www.facebook.com\/thetreeCBD\/","twitter_card":"summary_large_image","twitter_site":"@TheTreeCBD_EU","twitter_misc":{"Gesch\u00e4tzte Lesezeit":"1\u00a0Minute"},"schema":{"@context":"https:\/\/schema.org","@graph":[{"@type":"WebPage","@id":"https:\/\/thetreecbd.com\/de\/rueckgaberecht","url":"https:\/\/thetreecbd.com\/de\/rueckgaberecht","name":"R\u00fcckgaberecht \u2013 The Tree CBD","isPartOf":{"@id":"https:\/\/thetreecbd.com\/de#website"},"datePublished":"2019-01-26T07:15:08+00:00","description":"Wir arbeiten daran, dass unsere Produkte die Erwartungen unserer Kunden erf\u00fcllen. Wenn Sie einen Artikel zur\u00fcckgeben m\u00f6chten, k\u00f6nnen Sie dies innerhalb von 14 Tagen tun.","breadcrumb":{"@id":"https:\/\/thetreecbd.com\/de\/rueckgaberecht#breadcrumb"},"inLanguage":"de","potentialAction":[{"@type":"ReadAction","target":["https:\/\/thetreecbd.com\/de\/rueckgaberecht"]}]},{"@type":"BreadcrumbList","@id":"https:\/\/thetreecbd.com\/de\/rueckgaberecht#breadcrumb","itemListElement":[{"@type":"ListItem","position":1,"name":"The Tree","item":"https:\/\/thetreecbd.com\/de"},{"@type":"ListItem","position":2,"name":"R\u00fcckgaberecht"}]},{"@type":"WebSite","@id":"https:\/\/thetreecbd.com\/de#website","url":"https:\/\/thetreecbd.com\/de","name":"The Tree CBD","description":"Comprar CBD en Espa\u00f1a Online","publisher":{"@id":"https:\/\/thetreecbd.com\/de#organization"},"potentialAction":[{"@type":"SearchAction","target":{"@type":"EntryPoint","urlTemplate":"https:\/\/thetreecbd.com\/de?s={search_term_string}"},"query-input":{"@type":"PropertyValueSpecification","valueRequired":true,"valueName":"search_term_string"}}],"inLanguage":"de"},{"@type":"Organization","@id":"https:\/\/thetreecbd.com\/de#organization","name":"The Tree CBD","url":"https:\/\/thetreecbd.com\/de","logo":{"@type":"ImageObject","inLanguage":"de","@id":"https:\/\/thetreecbd.com\/de#\/schema\/logo\/image\/","url":"https:\/\/thetreecbd.com\/wp-content\/uploads\/2022\/04\/logo-thetree.png","contentUrl":"https:\/\/thetreecbd.com\/wp-content\/uploads\/2022\/04\/logo-thetree.png","width":172,"height":55,"caption":"The Tree CBD"},"image":{"@id":"https:\/\/thetreecbd.com\/de#\/schema\/logo\/image\/"},"sameAs":["https:\/\/www.facebook.com\/thetreeCBD\/","https:\/\/x.com\/TheTreeCBD_EU","https:\/\/www.instagram.com\/thetree.cbd\/","https:\/\/es.trustpilot.com\/review\/thetreecbd.com"]}]}},"_links":{"self":[{"href":"https:\/\/thetreecbd.com\/de\/wp-json\/wp\/v2\/pages\/166832","targetHints":{"allow":["GET"]}}],"collection":[{"href":"https:\/\/thetreecbd.com\/de\/wp-json\/wp\/v2\/pages"}],"about":[{"href":"https:\/\/thetreecbd.com\/de\/wp-json\/wp\/v2\/types\/page"}],"author":[{"embeddable":true,"href":"https:\/\/thetreecbd.com\/de\/wp-json\/wp\/v2\/users\/485"}],"replies":[{"embeddable":true,"href":"https:\/\/thetreecbd.com\/de\/wp-json\/wp\/v2\/comments?post=166832"}],"version-history":[{"count":0,"href":"https:\/\/thetreecbd.com\/de\/wp-json\/wp\/v2\/pages\/166832\/revisions"}],"wp:attachment":[{"href":"https:\/\/thetreecbd.com\/de\/wp-json\/wp\/v2\/media?parent=166832"}],"curies":[{"name":"wp","href":"https:\/\/api.w.org\/{rel}","templated":true}]}}