{"id":163879,"date":"2020-02-12T12:27:55","date_gmt":"2020-02-12T11:27:55","guid":{"rendered":"https:\/\/thetreecbd.com\/cbd\/cali-sundae-treiber-knospen"},"modified":"2025-12-02T01:37:47","modified_gmt":"2025-12-02T00:37:47","slug":"cali-sundae-treiber-knospen","status":"publish","type":"product","link":"https:\/\/thetreecbd.com\/de\/cbd\/cali-sundae-treiber-knospen","title":{"rendered":"Sundae Driver CBD"},"content":{"rendered":"<h3><b>Beschreibung<\/b><\/h3>\n<p><b><br \/>\n<\/b><span style=\"font-weight: 400;\"> The Tree CBD pr\u00e4sentiert dir die legale Cannabissorte <\/span><b>Sundae Driver CBD<\/b><span style=\"font-weight: 400;\">, aktuell eine der CBD-reichsten Genetiken auf dem Markt.<\/span><\/p>\n<h3><span style=\"font-weight: 400;\">Ein sanftes, s\u00fc\u00dfes Aussehen und Aroma<\/span><\/h3>\n<p><span style=\"font-weight: 400;\">In dieser Variante bringt dir The Tree CBD eine Premium-Sorte \u2013 f\u00fcr alle, die nur das Beste vom Besten wollen. Die Bl\u00fcte bietet einen s\u00fc\u00dfen, cremigen, schokoladigen Geschmack, mit einem leicht zuckrigen, fruchtigen Nachklang. Der Duft erinnert an ein Dessert mit Schokost\u00fcckchen.<\/span><\/p>\n<p><span style=\"font-weight: 400;\">Sundae Driver bildet bei korrektem Anbau und guter Trocknung eine dichte Schicht aus Trichomen. Die Bl\u00fcte zeigt \u00fcppige Farben: je nach Genetik mit r\u00f6tlichen, violetten und bl\u00e4ulichen T\u00f6nen.<\/span><\/p>\n<p><span style=\"font-weight: 400;\">Diese CBD-Bl\u00fcten stammen aus einer Kreuzung von EU-zertifizierten Genetiken und werden zu 100\u202f% biologisch im Innenbereich angebaut \u2013 ganz ohne Zusatzstoffe oder Pestizide.<\/span><\/p>\n<p><span style=\"font-weight: 400;\">Durch ihren hohen CBD-Gehalt von 20\u201323\u202f% entfaltet sich eine besonders entspannende, k\u00f6rperlich beruhigende Wirkung.<\/span><\/p>\n<p><span style=\"font-weight: 400;\">Da der THC-Gehalt unter 0,19\u202f% liegt, sind sie vollst\u00e4ndig legal in der gesamten EU und haben keinerlei psychoaktive Wirkung.<\/span><\/p>\n<h3><b>Merkmale von legalem Cannabis \u2013 Sundae Driver CBD<\/b><\/h3>\n<ul>\n<li style=\"font-weight: 400;\" aria-level=\"1\"><span style=\"font-weight: 400;\">Indoor-Hanfbl\u00fcten in Top-Qualit\u00e4t<\/span><span style=\"font-weight: 400;\">\n<p><\/span><\/li>\n<li style=\"font-weight: 400;\" aria-level=\"1\"><span style=\"font-weight: 400;\">Hanfbl\u00fcten<\/span><span style=\"font-weight: 400;\">\n<p><\/span><\/li>\n<li style=\"font-weight: 400;\" aria-level=\"1\"><span style=\"font-weight: 400;\">Weniger als 0,19\u202f% THC<\/span><span style=\"font-weight: 400;\">\n<p><\/span><\/li>\n<li style=\"font-weight: 400;\" aria-level=\"1\"><span style=\"font-weight: 400;\">20\u201323\u202f% CBD<\/span><span style=\"font-weight: 400;\">\n<p><\/span><\/li>\n<li style=\"font-weight: 400;\" aria-level=\"1\"><span style=\"font-weight: 400;\">Genetik: EU-zertifiziertes Saatgut<\/span><span style=\"font-weight: 400;\">\n<p><\/span><\/li>\n<li style=\"font-weight: 400;\" aria-level=\"1\"><span style=\"font-weight: 400;\">Keine psychoaktiven Wirkungen<\/span><span style=\"font-weight: 400;\">\n<p><\/span><\/li>\n<li style=\"font-weight: 400;\" aria-level=\"1\"><span style=\"font-weight: 400;\">Organisch angebaut<\/span><span style=\"font-weight: 400;\">\n<p><\/span><\/li>\n<li style=\"font-weight: 400;\" aria-level=\"1\"><span style=\"font-weight: 400;\">GMO-frei<\/span><span style=\"font-weight: 400;\">\n<p><\/span><\/li>\n<li style=\"font-weight: 400;\" aria-level=\"1\"><span style=\"font-weight: 400;\">Pestizidfrei<\/span><span style=\"font-weight: 400;\">\n<p><\/span><\/li>\n<\/ul>\n<h3><b>Sundae Driver CBD \u2013 Aroma<\/b><\/h3>\n<p><span style=\"font-weight: 400;\">Terpene sind in den meisten \u00e4therischen \u00d6len von Pflanzen, Bl\u00fcten und Fr\u00fcchten enthalten und bestimmen deren Geruch und Geschmack. Cannabis weist ein besonders vielf\u00e4ltiges Terpenprofil auf.<\/span><\/p>\n<p><b>Sundae Driver CBD<\/b><span style=\"font-weight: 400;\"> von The Tree ist eine ganz besondere Sorte f\u00fcr alle, die neue Aromen in ihren Bl\u00fcten entdecken wollen: Eine Mischung aus Schoko- und Vanilleeis mit fruchtigen Noten, s\u00fc\u00df und leicht kr\u00e4uterartig \u2013 eine Terpenkombination, die man nicht oft findet.<\/span><\/p>\n<h3><b>Zielgruppe<\/b><\/h3>\n<p><span style=\"font-weight: 400;\">Indoor-Bl\u00fcten richten sich an Konsumenten, die Wert auf gleichbleibend hohe Qualit\u00e4t legen. Der Indoor-Anbau erm\u00f6glicht die Z\u00fcchtung homogener Bl\u00fcten mit intensivem Gr\u00fcn und hohem CBD-Gehalt.<\/span><\/p>\n<p><span style=\"font-weight: 400;\">Indoor ist eine technisch anspruchsvollere Anbaumethode, bei der Umweltbedingungen pr\u00e4zise gesteuert werden \u2013 f\u00fcr optimale Ergebnisse. Besonders im medizinischen Bereich ist dieser Anbau beliebt, da Klima- und Lichtverh\u00e4ltnisse genau kontrollierbar sind. So kann der CBD-Gehalt standardisiert werden, was im Freiland kaum m\u00f6glich ist.<\/span><\/p>\n<p><span style=\"font-weight: 400;\">Mit optimaler Steuerung von Klima, Licht und N\u00e4hrstoffen stellen wir sicher, dass die Qualit\u00e4t konstant hoch ist \u2013 ideal f\u00fcr alle, die auf zuverl\u00e4ssige CBD-Bl\u00fcten setzen.<\/span><\/p>\n<p><span style=\"font-weight: 400;\">Auch optisch \u00fcberzeugen Indoor-Bl\u00fcten: meist harziger, aromatischer und leuchtend gr\u00fcn \u2013 ein weiterer Vorteil f\u00fcr anspruchsvolle Konsumenten.<\/span><\/p>\n<h3><b>Sicherheitshinweise<\/b><\/h3>\n<p><span style=\"font-weight: 400;\">Bitte beachten: Die CBD-Bl\u00fcten von The Tree sind ein Produkt zur Dekoration, Sammlung und f\u00fcr aromatische Zwecke. Nicht verwenden w\u00e4hrend Schwangerschaft oder Stillzeit. Au\u00dferhalb der Reichweite von Kindern aufbewahren.<\/span><\/p>\n<p><span style=\"font-weight: 400;\">Unsere CBD-Bl\u00fcten k\u00f6nnen Spuren von THC enthalten. Der Gehalt liegt selbstverst\u00e4ndlich unter dem gesetzlichen Grenzwert von 0,2\u202f% in der EU.<\/span><\/p>\n<p><span style=\"font-weight: 400;\">Alle Inhalte dienen ausschlie\u00dflich zu Informations- und Schulungszwecken und ersetzen keine \u00e4rztliche oder pharmazeutische Beratung. Unsere Texte sind nicht zur Selbstdiagnose oder -behandlung von Krankheiten gedacht.<\/span><\/p>\n<p><span style=\"font-weight: 400;\">Bei Fragen stehen wir dir gerne zur Verf\u00fcgung.<\/span><\/p>\n<h3><b>Lagerung<\/b><\/h3>\n<p><span style=\"font-weight: 400;\">CBD-Bl\u00fcten von The Tree sollten k\u00fchl, trocken und lichtgesch\u00fctzt gelagert werden \u2013 fern von starken Ger\u00fcchen, um eine Kontamination oder Qualit\u00e4tsminderung zu vermeiden. Direkte Sonneneinstrahlung und Hitze vermeiden.<\/span><\/p>\n<p><b>Hinweis:<\/b><span style=\"font-weight: 400;\"> Bei korrekter Lagerung betr\u00e4gt die Haltbarkeit ca. einen Monat.<\/span><\/p>\n","protected":false},"excerpt":{"rendered":"<ul>\n<li><b>Indoor-Hanfbl\u00fcten in Top-Qualit\u00e4t<\/b><\/li>\n<li><b><\/b><span style=\"font-weight: 400;\"> Hanfbl\u00fcten<\/span><\/li>\n<li><span style=\"font-weight: 400;\">Weniger als 0,19\u202f% <strong>THC<\/strong><\/span><\/li>\n<li><span style=\"font-weight: 400;\">20\u201323\u202f% <strong>CBD<\/strong><\/span><\/li>\n<li><span style=\"font-weight: 400;\">Genetik: EU-zertifiziertes Saatgut<\/span><\/li>\n<li><strong>Keine psychoaktiven Wirkungen<\/strong><\/li>\n<li><span style=\"font-weight: 400;\">Organisch angebaut<\/span><\/li>\n<li><span style=\"font-weight: 400;\">GMO-frei<\/span><\/li>\n<li><span style=\"font-weight: 400;\">Pestizidfrei<\/span><\/li>\n<\/ul>\n","protected":false},"featured_media":181859,"template":"","meta":{"_acf_changed":false},"product_brand":[],"class_list":{"0":"post-163879","1":"product","2":"type-product","3":"status-publish","4":"has-post-thumbnail","6":"product_cat-black-friday-cbd","7":"product_cat-bluten","8":"product_cat-indoor-bluten","9":"product_cat-produkte-mit-20-cbd","11":"first","12":"instock","13":"taxable","14":"shipping-taxable","15":"purchasable","16":"product-type-variable"},"acf":[],"yoast_head":"<!-- This site is optimized with the Yoast SEO plugin v26.3 - https:\/\/yoast.com\/wordpress\/plugins\/seo\/ -->\n<title>Sundae Driver CBD - 23% CBD. Cannabis Legal | The Tree CBD<\/title>\n<meta name=\"description\" content=\"Sundae Driver CBD bietet einen s\u00fc\u00dfen, cremigen Schokoladengeschmack. Mit entspannender Wirkung dank des hohen CBD-Gehalts von bis zu 23 %. Probieren Sie es aus!\" \/>\n<meta name=\"robots\" content=\"index, follow, max-snippet:-1, max-image-preview:large, max-video-preview:-1\" \/>\n<link rel=\"canonical\" href=\"https:\/\/thetreecbd.com\/de\/cbd\/cali-sundae-treiber-knospen\" \/>\n<meta property=\"og:locale\" content=\"de_DE\" \/>\n<meta property=\"og:type\" content=\"article\" \/>\n<meta property=\"og:title\" content=\"Sundae Driver CBD - 23% CBD. Cannabis Legal | The Tree CBD\" \/>\n<meta property=\"og:description\" content=\"Sundae Driver CBD bietet einen s\u00fc\u00dfen, cremigen Schokoladengeschmack. Mit entspannender Wirkung dank des hohen CBD-Gehalts von bis zu 23 %. Probieren Sie es aus!\" \/>\n<meta property=\"og:url\" content=\"https:\/\/thetreecbd.com\/de\/cbd\/cali-sundae-treiber-knospen\" \/>\n<meta property=\"og:site_name\" content=\"The Tree CBD\" \/>\n<meta property=\"article:publisher\" content=\"https:\/\/www.facebook.com\/thetreeCBD\/\" \/>\n<meta property=\"article:modified_time\" content=\"2025-12-02T00:37:47+00:00\" \/>\n<meta property=\"og:image\" content=\"https:\/\/thetreecbd.com\/wp-content\/uploads\/2020\/02\/sundae-driver-thetree-web.jpg\" \/>\n\t<meta property=\"og:image:width\" content=\"1080\" \/>\n\t<meta property=\"og:image:height\" content=\"1350\" \/>\n\t<meta property=\"og:image:type\" content=\"image\/jpeg\" \/>\n<meta name=\"twitter:card\" content=\"summary_large_image\" \/>\n<meta name=\"twitter:site\" content=\"@TheTreeCBD_EU\" \/>\n<meta name=\"twitter:label1\" content=\"Gesch\u00e4tzte Lesezeit\" \/>\n\t<meta name=\"twitter:data1\" content=\"3\u00a0Minuten\" \/>\n<script type=\"application\/ld+json\" class=\"yoast-schema-graph\">{\"@context\":\"https:\/\/schema.org\",\"@graph\":[{\"@type\":[\"WebPage\",\"ItemPage\"],\"@id\":\"https:\/\/thetreecbd.com\/de\/cbd\/cali-sundae-treiber-knospen\",\"url\":\"https:\/\/thetreecbd.com\/de\/cbd\/cali-sundae-treiber-knospen\",\"name\":\"Sundae Driver CBD - 23% CBD. Cannabis Legal | The Tree CBD\",\"isPartOf\":{\"@id\":\"https:\/\/thetreecbd.com\/de#website\"},\"primaryImageOfPage\":{\"@id\":\"https:\/\/thetreecbd.com\/de\/cbd\/cali-sundae-treiber-knospen#primaryimage\"},\"image\":{\"@id\":\"https:\/\/thetreecbd.com\/de\/cbd\/cali-sundae-treiber-knospen#primaryimage\"},\"thumbnailUrl\":\"https:\/\/thetreecbd.com\/wp-content\/uploads\/2020\/02\/sundae-driver-thetree-web.jpg\",\"datePublished\":\"2020-02-12T11:27:55+00:00\",\"dateModified\":\"2025-12-02T00:37:47+00:00\",\"description\":\"Sundae Driver CBD bietet einen s\u00fc\u00dfen, cremigen Schokoladengeschmack. Mit entspannender Wirkung dank des hohen CBD-Gehalts von bis zu 23 %. Probieren Sie es aus!\",\"breadcrumb\":{\"@id\":\"https:\/\/thetreecbd.com\/de\/cbd\/cali-sundae-treiber-knospen#breadcrumb\"},\"inLanguage\":\"de\",\"potentialAction\":[{\"@type\":\"ReadAction\",\"target\":[\"https:\/\/thetreecbd.com\/de\/cbd\/cali-sundae-treiber-knospen\"]}]},{\"@type\":\"ImageObject\",\"inLanguage\":\"de\",\"@id\":\"https:\/\/thetreecbd.com\/de\/cbd\/cali-sundae-treiber-knospen#primaryimage\",\"url\":\"https:\/\/thetreecbd.com\/wp-content\/uploads\/2020\/02\/sundae-driver-thetree-web.jpg\",\"contentUrl\":\"https:\/\/thetreecbd.com\/wp-content\/uploads\/2020\/02\/sundae-driver-thetree-web.jpg\",\"width\":1080,\"height\":1350},{\"@type\":\"BreadcrumbList\",\"@id\":\"https:\/\/thetreecbd.com\/de\/cbd\/cali-sundae-treiber-knospen#breadcrumb\",\"itemListElement\":[{\"@type\":\"ListItem\",\"position\":1,\"name\":\"The Tree\",\"item\":\"https:\/\/thetreecbd.com\/de\"},{\"@type\":\"ListItem\",\"position\":2,\"name\":\"CBD\",\"item\":\"https:\/\/thetreecbd.com\/es\/cbd\"},{\"@type\":\"ListItem\",\"position\":3,\"name\":\"CBD-Bl\u00fcten kaufen\",\"item\":\"https:\/\/thetreecbd.com\/de\/bluten\"},{\"@type\":\"ListItem\",\"position\":4,\"name\":\"Indoor-Bl\u00fcten\",\"item\":\"https:\/\/thetreecbd.com\/de\/bluten\/indoor-bluten\"},{\"@type\":\"ListItem\",\"position\":5,\"name\":\"Sundae Driver CBD\"}]},{\"@type\":\"WebSite\",\"@id\":\"https:\/\/thetreecbd.com\/de#website\",\"url\":\"https:\/\/thetreecbd.com\/de\",\"name\":\"The Tree CBD\",\"description\":\"Comprar CBD en Espa\u00f1a Online\",\"publisher\":{\"@id\":\"https:\/\/thetreecbd.com\/de#organization\"},\"potentialAction\":[{\"@type\":\"SearchAction\",\"target\":{\"@type\":\"EntryPoint\",\"urlTemplate\":\"https:\/\/thetreecbd.com\/de?s={search_term_string}\"},\"query-input\":{\"@type\":\"PropertyValueSpecification\",\"valueRequired\":true,\"valueName\":\"search_term_string\"}}],\"inLanguage\":\"de\"},{\"@type\":\"Organization\",\"@id\":\"https:\/\/thetreecbd.com\/de#organization\",\"name\":\"The Tree CBD\",\"url\":\"https:\/\/thetreecbd.com\/de\",\"logo\":{\"@type\":\"ImageObject\",\"inLanguage\":\"de\",\"@id\":\"https:\/\/thetreecbd.com\/de#\/schema\/logo\/image\/\",\"url\":\"https:\/\/thetreecbd.com\/wp-content\/uploads\/2022\/04\/logo-thetree.png\",\"contentUrl\":\"https:\/\/thetreecbd.com\/wp-content\/uploads\/2022\/04\/logo-thetree.png\",\"width\":172,\"height\":55,\"caption\":\"The Tree CBD\"},\"image\":{\"@id\":\"https:\/\/thetreecbd.com\/de#\/schema\/logo\/image\/\"},\"sameAs\":[\"https:\/\/www.facebook.com\/thetreeCBD\/\",\"https:\/\/x.com\/TheTreeCBD_EU\",\"https:\/\/www.instagram.com\/thetree.cbd\/\",\"https:\/\/es.trustpilot.com\/review\/thetreecbd.com\"]}]}<\/script>\n<!-- \/ Yoast SEO plugin. -->","yoast_head_json":{"title":"Sundae Driver CBD - 23% CBD. Cannabis Legal | The Tree CBD","description":"Sundae Driver CBD bietet einen s\u00fc\u00dfen, cremigen Schokoladengeschmack. Mit entspannender Wirkung dank des hohen CBD-Gehalts von bis zu 23 %. Probieren Sie es aus!","robots":{"index":"index","follow":"follow","max-snippet":"max-snippet:-1","max-image-preview":"max-image-preview:large","max-video-preview":"max-video-preview:-1"},"canonical":"https:\/\/thetreecbd.com\/de\/cbd\/cali-sundae-treiber-knospen","og_locale":"de_DE","og_type":"article","og_title":"Sundae Driver CBD - 23% CBD. Cannabis Legal | The Tree CBD","og_description":"Sundae Driver CBD bietet einen s\u00fc\u00dfen, cremigen Schokoladengeschmack. Mit entspannender Wirkung dank des hohen CBD-Gehalts von bis zu 23 %. Probieren Sie es aus!","og_url":"https:\/\/thetreecbd.com\/de\/cbd\/cali-sundae-treiber-knospen","og_site_name":"The Tree CBD","article_publisher":"https:\/\/www.facebook.com\/thetreeCBD\/","article_modified_time":"2025-12-02T00:37:47+00:00","og_image":[{"width":1080,"height":1350,"url":"https:\/\/thetreecbd.com\/wp-content\/uploads\/2020\/02\/sundae-driver-thetree-web.jpg","type":"image\/jpeg"}],"twitter_card":"summary_large_image","twitter_site":"@TheTreeCBD_EU","twitter_misc":{"Gesch\u00e4tzte Lesezeit":"3\u00a0Minuten"},"schema":{"@context":"https:\/\/schema.org","@graph":[{"@type":["WebPage","ItemPage"],"@id":"https:\/\/thetreecbd.com\/de\/cbd\/cali-sundae-treiber-knospen","url":"https:\/\/thetreecbd.com\/de\/cbd\/cali-sundae-treiber-knospen","name":"Sundae Driver CBD - 23% CBD. Cannabis Legal | The Tree CBD","isPartOf":{"@id":"https:\/\/thetreecbd.com\/de#website"},"primaryImageOfPage":{"@id":"https:\/\/thetreecbd.com\/de\/cbd\/cali-sundae-treiber-knospen#primaryimage"},"image":{"@id":"https:\/\/thetreecbd.com\/de\/cbd\/cali-sundae-treiber-knospen#primaryimage"},"thumbnailUrl":"https:\/\/thetreecbd.com\/wp-content\/uploads\/2020\/02\/sundae-driver-thetree-web.jpg","datePublished":"2020-02-12T11:27:55+00:00","dateModified":"2025-12-02T00:37:47+00:00","description":"Sundae Driver CBD bietet einen s\u00fc\u00dfen, cremigen Schokoladengeschmack. Mit entspannender Wirkung dank des hohen CBD-Gehalts von bis zu 23 %. Probieren Sie es aus!","breadcrumb":{"@id":"https:\/\/thetreecbd.com\/de\/cbd\/cali-sundae-treiber-knospen#breadcrumb"},"inLanguage":"de","potentialAction":[{"@type":"ReadAction","target":["https:\/\/thetreecbd.com\/de\/cbd\/cali-sundae-treiber-knospen"]}]},{"@type":"ImageObject","inLanguage":"de","@id":"https:\/\/thetreecbd.com\/de\/cbd\/cali-sundae-treiber-knospen#primaryimage","url":"https:\/\/thetreecbd.com\/wp-content\/uploads\/2020\/02\/sundae-driver-thetree-web.jpg","contentUrl":"https:\/\/thetreecbd.com\/wp-content\/uploads\/2020\/02\/sundae-driver-thetree-web.jpg","width":1080,"height":1350},{"@type":"BreadcrumbList","@id":"https:\/\/thetreecbd.com\/de\/cbd\/cali-sundae-treiber-knospen#breadcrumb","itemListElement":[{"@type":"ListItem","position":1,"name":"The Tree","item":"https:\/\/thetreecbd.com\/de"},{"@type":"ListItem","position":2,"name":"CBD","item":"https:\/\/thetreecbd.com\/es\/cbd"},{"@type":"ListItem","position":3,"name":"CBD-Bl\u00fcten kaufen","item":"https:\/\/thetreecbd.com\/de\/bluten"},{"@type":"ListItem","position":4,"name":"Indoor-Bl\u00fcten","item":"https:\/\/thetreecbd.com\/de\/bluten\/indoor-bluten"},{"@type":"ListItem","position":5,"name":"Sundae Driver CBD"}]},{"@type":"WebSite","@id":"https:\/\/thetreecbd.com\/de#website","url":"https:\/\/thetreecbd.com\/de","name":"The Tree CBD","description":"Comprar CBD en Espa\u00f1a Online","publisher":{"@id":"https:\/\/thetreecbd.com\/de#organization"},"potentialAction":[{"@type":"SearchAction","target":{"@type":"EntryPoint","urlTemplate":"https:\/\/thetreecbd.com\/de?s={search_term_string}"},"query-input":{"@type":"PropertyValueSpecification","valueRequired":true,"valueName":"search_term_string"}}],"inLanguage":"de"},{"@type":"Organization","@id":"https:\/\/thetreecbd.com\/de#organization","name":"The Tree CBD","url":"https:\/\/thetreecbd.com\/de","logo":{"@type":"ImageObject","inLanguage":"de","@id":"https:\/\/thetreecbd.com\/de#\/schema\/logo\/image\/","url":"https:\/\/thetreecbd.com\/wp-content\/uploads\/2022\/04\/logo-thetree.png","contentUrl":"https:\/\/thetreecbd.com\/wp-content\/uploads\/2022\/04\/logo-thetree.png","width":172,"height":55,"caption":"The Tree CBD"},"image":{"@id":"https:\/\/thetreecbd.com\/de#\/schema\/logo\/image\/"},"sameAs":["https:\/\/www.facebook.com\/thetreeCBD\/","https:\/\/x.com\/TheTreeCBD_EU","https:\/\/www.instagram.com\/thetree.cbd\/","https:\/\/es.trustpilot.com\/review\/thetreecbd.com"]}]}},"_links":{"self":[{"href":"https:\/\/thetreecbd.com\/de\/wp-json\/wp\/v2\/product\/163879","targetHints":{"allow":["GET"]}}],"collection":[{"href":"https:\/\/thetreecbd.com\/de\/wp-json\/wp\/v2\/product"}],"about":[{"href":"https:\/\/thetreecbd.com\/de\/wp-json\/wp\/v2\/types\/product"}],"version-history":[{"count":0,"href":"https:\/\/thetreecbd.com\/de\/wp-json\/wp\/v2\/product\/163879\/revisions"}],"wp:featuredmedia":[{"embeddable":true,"href":"https:\/\/thetreecbd.com\/de\/wp-json\/wp\/v2\/media\/181859"}],"wp:attachment":[{"href":"https:\/\/thetreecbd.com\/de\/wp-json\/wp\/v2\/media?parent=163879"}],"wp:term":[{"taxonomy":"product_brand","embeddable":true,"href":"https:\/\/thetreecbd.com\/de\/wp-json\/wp\/v2\/product_brand?post=163879"}],"curies":[{"name":"wp","href":"https:\/\/api.w.org\/{rel}","templated":true}]}}