{"id":163920,"date":"2022-12-05T19:11:21","date_gmt":"2022-12-05T18:11:21","guid":{"rendered":"https:\/\/thetreecbd.com\/cbd\/malibu-exotic"},"modified":"2025-12-02T01:37:25","modified_gmt":"2025-12-02T00:37:25","slug":"malibu-exotic","status":"publish","type":"product","link":"https:\/\/thetreecbd.com\/de\/cbd\/malibu-exotic","title":{"rendered":"Malibu Exotic CBD"},"content":{"rendered":"<p>The Tree CBD bringt dir die legalen Marihuanabl\u00fcten der Sorte MALIBU EXOTIC CBD, eine einzigartige Genetik, die jede Bl\u00fcte mit einer hohen Menge an CBD versorgt.<\/p>\n<p>Die MALIBU EXOTIC CBD-Bl\u00fcten von The Tree sind unverkennbar \u2013 ihre hellgr\u00fcne Farbe mit orangenen Nuancen macht sie f\u00fcr erfahrene Nutzer leicht erkennbar. Sie besitzt sehr lange Stempel, was den Bl\u00fcten eine au\u00dfergew\u00f6hnliche Attraktivit\u00e4t verleiht. Ihr intensiver Geruch macht sie zu einer der besten und exotischsten Sorten der heutigen Zeit.<\/p>\n<p>MALIBU EXOTIC CBD von The Tree ist ein Hybridgras, perfekt geeignet, um deine Kreativit\u00e4t und soziale Interaktion zu f\u00f6rdern, w\u00e4hrend du dich gleichzeitig angenehm entspannt f\u00fchlst, ohne lethargisch zu werden. F\u00fcr die Sinne bietet sie ein starkes und intensives Aroma mit s\u00fc\u00dfen und floralen Noten. Ihr markantester Geruch ist fruchtig und erinnert stark daran, eine Papaya oder Mango zu \u00f6ffnen \u2013 genau das macht diese Sorte f\u00fcr Liebhaber exotischer Terpene so unwiderstehlich.<\/p>\n<p>Die Bl\u00fcten unserer MALIBU EXOTIC CBD stammen aus von der EU zertifizierten Samen und werden 100\u202f% nat\u00fcrlich im Indoor-Anbau kultiviert \u2013 ganz ohne Zusatzstoffe oder Pestizide. Bei The Tree ist es unser oberstes Ziel, stets hochwertige Produkte anzubieten.<\/p>\n<p>Diese CBD-Bl\u00fcten haben dank ihres hohen CBD-Gehalts von 14\u202f% bis 16\u202f% eine besonders entspannende Wirkung.<\/p>\n<p>Da sie weniger als 0,20\u202f% THC enthalten, sind sie in ganz Europa vollkommen legal und haben keinerlei psychoaktive Wirkung.<\/p>\n<p><strong>Eigenschaften des legalen Cannabis MALIBU EXOTIC CBD<\/strong><\/p>\n<ul>\n<li>Hanfbl\u00fcten<\/li>\n<li>Weniger als 0,20\u202f% THC<\/li>\n<li>14\u202f% bis 16\u202f% CBD<\/li>\n<li>50\u202f% Sativa \/ 50\u202f% Indica<\/li>\n<li>Keine psychoaktiven Effekte<\/li>\n<li>Organisch angebaut<\/li>\n<li>GMO-frei<\/li>\n<li>Pestizidfrei<\/li>\n<\/ul>\n<p><strong>CBD-Aroma<\/strong><br \/>\nTerpene finden sich in den meisten \u00e4therischen \u00d6len zahlreicher Pflanzen, Blumen und Fr\u00fcchte. Sie sind verantwortlich f\u00fcr Geruch und Geschmack. Im Cannabis gibt es ein breites Terpenprofil.<\/p>\n<p>Dominantes Terpen in MALIBU EXOTIC CBD: Limonen<\/p>\n<p><strong>Verpackung<\/strong><br \/>\nDie legalen Cannabissorten von The Tree werden in einem biologisch abbaubaren Plastikbeutel geliefert, der speziell daf\u00fcr entwickelt wurde, die CBD-Bl\u00fcten optimal zu sch\u00fctzen und aufzubewahren. Die Beutel sind wiederverschlie\u00dfbar, sodass Frische und urspr\u00fcnglicher Duft der Bl\u00fcten erhalten bleiben.<\/p>\n<p><strong>Formate<\/strong><br \/>\nDie Sorte MALIBU EXOTIC CBD ist in folgenden Formaten erh\u00e4ltlich, damit du die f\u00fcr dich passende Menge ausw\u00e4hlen kannst:<br \/>\n2\u202fg, 5\u202fg, 15\u202fg und 25\u202fg<\/p>\n<p><strong>Lagerung<\/strong><br \/>\nIdealerweise sollten die CBD-Bl\u00fcten von The Tree an einem k\u00fchlen, trockenen Ort, gesch\u00fctzt vor Licht und starken Ger\u00fcchen, gelagert werden, um jegliche Verunreinigung und\/oder Qualit\u00e4tsverlust zu vermeiden.<br \/>\nDirekte Sonneneinstrahlung und Hitze vermeiden.<br \/>\nAu\u00dferhalb der Reichweite von Kindern aufbewahren.<\/p>\n<p><strong>Achtung:<\/strong> Die empfohlene Haltbarkeit betr\u00e4gt einen Monat, wenn die Bl\u00fcten richtig gelagert werden.<\/p>\n<p><strong>F\u00fcr wen ist es geeignet?<\/strong><br \/>\nUnsere Hanfbl\u00fcten k\u00f6nnen von allen Personen \u00fcber 18 Jahren verwendet werden. Ihr einzigartiger Duft macht selbst die gr\u00f6\u00dften Skeptiker neugierig auf die faszinierende Welt des CBD.<\/p>\n<p><strong>Sicherheitsinformationen<\/strong><br \/>\nBitte beachte, dass die CBD-Bl\u00fcten von The Tree ein dekoratives, sammelbares und aromatisches Produkt sind.<br \/>\nSie sollten nicht w\u00e4hrend der Schwangerschaft oder Stillzeit verwendet werden.<br \/>\nAu\u00dferhalb der Reichweite von Kindern aufbewahren.<\/p>\n<p>Unsere CBD-Bl\u00fcten k\u00f6nnen eine geringe Menge THC enthalten \u2013 selbstverst\u00e4ndlich unter dem von der EU zugelassenen Grenzwert von 0,2\u202f% THC.<\/p>\n<p>Der bereitgestellte Inhalt dient ausschlie\u00dflich zu Informations- und Schulungszwecken und ersetzt keinesfalls eine medizinische Beratung durch \u00c4rztinnen oder Apothekerinnen. Unsere Texte sind nicht zur Selbstdiagnose oder Eigenbehandlung von Krankheiten gedacht.<\/p>\n<p>Z\u00f6gere nicht, uns bei weiteren Fragen zu kontaktieren.<\/p>\n","protected":false},"excerpt":{"rendered":"<ul>\n<li><strong data-start=\"0\" data-end=\"14\" data-is-only-node=\"\">Hanfbl\u00fcten<\/strong><\/li>\n<li><strong data-start=\"17\" data-end=\"43\">Weniger als 0,20\u202f% THC<\/strong><\/li>\n<li><strong data-start=\"46\" data-end=\"67\">14\u202f% bis 16\u202f% CBD<\/strong><\/li>\n<li><strong data-start=\"70\" data-end=\"99\">50\u202f% Sativa \/ 50\u202f% Indica<\/strong><\/li>\n<li><strong data-start=\"102\" data-end=\"133\">Keine psychoaktiven Effekte<\/strong><\/li>\n<li><strong data-start=\"136\" data-end=\"158\">Organisch angebaut<\/strong><\/li>\n<li><strong data-start=\"161\" data-end=\"173\" data-is-last-node=\"\">GMO-frei<\/strong><\/li>\n<\/ul>\n","protected":false},"featured_media":163923,"template":"","meta":{"_acf_changed":false},"product_brand":[],"class_list":{"0":"post-163920","1":"product","2":"type-product","3":"status-publish","4":"has-post-thumbnail","6":"product_cat-black-friday-cbd","7":"product_cat-cbd-angebote","8":"product_cat-bluten","9":"product_cat-indoor-bluten","10":"product_cat-produkte-mit-10-cbd","12":"first","13":"instock","14":"sale","15":"taxable","16":"shipping-taxable","17":"purchasable","18":"product-type-variable"},"acf":[],"yoast_head":"<!-- This site is optimized with the Yoast SEO plugin v26.3 - https:\/\/yoast.com\/wordpress\/plugins\/seo\/ -->\n<title>Malibu Exotic | The Tree CBD<\/title>\n<meta name=\"description\" content=\"Malibu Exotic CBD ist eine Blume mit einem unverwechselbaren Aroma. Es enth\u00e4lt einen hohen CBD-Gehalt von bis zu 16 %, Sie werden nicht widerstehen k\u00f6nnen, es zu probieren! Legales CBD\" \/>\n<meta name=\"robots\" content=\"index, follow, max-snippet:-1, max-image-preview:large, max-video-preview:-1\" \/>\n<link rel=\"canonical\" href=\"https:\/\/thetreecbd.com\/de\/cbd\/malibu-exotic\" \/>\n<meta property=\"og:locale\" content=\"de_DE\" \/>\n<meta property=\"og:type\" content=\"article\" \/>\n<meta property=\"og:title\" content=\"Malibu Exotic | The Tree CBD\" \/>\n<meta property=\"og:description\" content=\"Malibu Exotic CBD ist eine Blume mit einem unverwechselbaren Aroma. Es enth\u00e4lt einen hohen CBD-Gehalt von bis zu 16 %, Sie werden nicht widerstehen k\u00f6nnen, es zu probieren! Legales CBD\" \/>\n<meta property=\"og:url\" content=\"https:\/\/thetreecbd.com\/de\/cbd\/malibu-exotic\" \/>\n<meta property=\"og:site_name\" content=\"The Tree CBD\" \/>\n<meta property=\"article:publisher\" content=\"https:\/\/www.facebook.com\/thetreeCBD\/\" \/>\n<meta property=\"article:modified_time\" content=\"2025-12-02T00:37:25+00:00\" \/>\n<meta property=\"og:image\" content=\"https:\/\/thetreecbd.com\/wp-content\/uploads\/2023\/02\/malibu-exotic-cbd.png\" \/>\n\t<meta property=\"og:image:width\" content=\"595\" \/>\n\t<meta property=\"og:image:height\" content=\"714\" \/>\n\t<meta property=\"og:image:type\" content=\"image\/png\" \/>\n<meta name=\"twitter:card\" content=\"summary_large_image\" \/>\n<meta name=\"twitter:site\" content=\"@TheTreeCBD_EU\" \/>\n<meta name=\"twitter:label1\" content=\"Gesch\u00e4tzte Lesezeit\" \/>\n\t<meta name=\"twitter:data1\" content=\"3\u00a0Minuten\" \/>\n<script type=\"application\/ld+json\" class=\"yoast-schema-graph\">{\"@context\":\"https:\/\/schema.org\",\"@graph\":[{\"@type\":[\"WebPage\",\"ItemPage\"],\"@id\":\"https:\/\/thetreecbd.com\/de\/cbd\/malibu-exotic\",\"url\":\"https:\/\/thetreecbd.com\/de\/cbd\/malibu-exotic\",\"name\":\"Malibu Exotic | The Tree CBD\",\"isPartOf\":{\"@id\":\"https:\/\/thetreecbd.com\/de#website\"},\"primaryImageOfPage\":{\"@id\":\"https:\/\/thetreecbd.com\/de\/cbd\/malibu-exotic#primaryimage\"},\"image\":{\"@id\":\"https:\/\/thetreecbd.com\/de\/cbd\/malibu-exotic#primaryimage\"},\"thumbnailUrl\":\"https:\/\/thetreecbd.com\/wp-content\/uploads\/2023\/02\/malibu-exotic-cbd.png\",\"datePublished\":\"2022-12-05T18:11:21+00:00\",\"dateModified\":\"2025-12-02T00:37:25+00:00\",\"description\":\"Malibu Exotic CBD ist eine Blume mit einem unverwechselbaren Aroma. Es enth\u00e4lt einen hohen CBD-Gehalt von bis zu 16 %, Sie werden nicht widerstehen k\u00f6nnen, es zu probieren! Legales CBD\",\"breadcrumb\":{\"@id\":\"https:\/\/thetreecbd.com\/de\/cbd\/malibu-exotic#breadcrumb\"},\"inLanguage\":\"de\",\"potentialAction\":[{\"@type\":\"ReadAction\",\"target\":[\"https:\/\/thetreecbd.com\/de\/cbd\/malibu-exotic\"]}]},{\"@type\":\"ImageObject\",\"inLanguage\":\"de\",\"@id\":\"https:\/\/thetreecbd.com\/de\/cbd\/malibu-exotic#primaryimage\",\"url\":\"https:\/\/thetreecbd.com\/wp-content\/uploads\/2023\/02\/malibu-exotic-cbd.png\",\"contentUrl\":\"https:\/\/thetreecbd.com\/wp-content\/uploads\/2023\/02\/malibu-exotic-cbd.png\",\"width\":595,\"height\":714},{\"@type\":\"BreadcrumbList\",\"@id\":\"https:\/\/thetreecbd.com\/de\/cbd\/malibu-exotic#breadcrumb\",\"itemListElement\":[{\"@type\":\"ListItem\",\"position\":1,\"name\":\"The Tree\",\"item\":\"https:\/\/thetreecbd.com\/de\"},{\"@type\":\"ListItem\",\"position\":2,\"name\":\"CBD\",\"item\":\"https:\/\/thetreecbd.com\/es\/cbd\"},{\"@type\":\"ListItem\",\"position\":3,\"name\":\"CBD-Bl\u00fcten kaufen\",\"item\":\"https:\/\/thetreecbd.com\/de\/bluten\"},{\"@type\":\"ListItem\",\"position\":4,\"name\":\"Indoor-Bl\u00fcten\",\"item\":\"https:\/\/thetreecbd.com\/de\/bluten\/indoor-bluten\"},{\"@type\":\"ListItem\",\"position\":5,\"name\":\"Malibu Exotic CBD\"}]},{\"@type\":\"WebSite\",\"@id\":\"https:\/\/thetreecbd.com\/de#website\",\"url\":\"https:\/\/thetreecbd.com\/de\",\"name\":\"The Tree CBD\",\"description\":\"Comprar CBD en Espa\u00f1a Online\",\"publisher\":{\"@id\":\"https:\/\/thetreecbd.com\/de#organization\"},\"potentialAction\":[{\"@type\":\"SearchAction\",\"target\":{\"@type\":\"EntryPoint\",\"urlTemplate\":\"https:\/\/thetreecbd.com\/de?s={search_term_string}\"},\"query-input\":{\"@type\":\"PropertyValueSpecification\",\"valueRequired\":true,\"valueName\":\"search_term_string\"}}],\"inLanguage\":\"de\"},{\"@type\":\"Organization\",\"@id\":\"https:\/\/thetreecbd.com\/de#organization\",\"name\":\"The Tree CBD\",\"url\":\"https:\/\/thetreecbd.com\/de\",\"logo\":{\"@type\":\"ImageObject\",\"inLanguage\":\"de\",\"@id\":\"https:\/\/thetreecbd.com\/de#\/schema\/logo\/image\/\",\"url\":\"https:\/\/thetreecbd.com\/wp-content\/uploads\/2022\/04\/logo-thetree.png\",\"contentUrl\":\"https:\/\/thetreecbd.com\/wp-content\/uploads\/2022\/04\/logo-thetree.png\",\"width\":172,\"height\":55,\"caption\":\"The Tree CBD\"},\"image\":{\"@id\":\"https:\/\/thetreecbd.com\/de#\/schema\/logo\/image\/\"},\"sameAs\":[\"https:\/\/www.facebook.com\/thetreeCBD\/\",\"https:\/\/x.com\/TheTreeCBD_EU\",\"https:\/\/www.instagram.com\/thetree.cbd\/\",\"https:\/\/es.trustpilot.com\/review\/thetreecbd.com\"]}]}<\/script>\n<!-- \/ Yoast SEO plugin. -->","yoast_head_json":{"title":"Malibu Exotic | The Tree CBD","description":"Malibu Exotic CBD ist eine Blume mit einem unverwechselbaren Aroma. Es enth\u00e4lt einen hohen CBD-Gehalt von bis zu 16 %, Sie werden nicht widerstehen k\u00f6nnen, es zu probieren! Legales CBD","robots":{"index":"index","follow":"follow","max-snippet":"max-snippet:-1","max-image-preview":"max-image-preview:large","max-video-preview":"max-video-preview:-1"},"canonical":"https:\/\/thetreecbd.com\/de\/cbd\/malibu-exotic","og_locale":"de_DE","og_type":"article","og_title":"Malibu Exotic | The Tree CBD","og_description":"Malibu Exotic CBD ist eine Blume mit einem unverwechselbaren Aroma. Es enth\u00e4lt einen hohen CBD-Gehalt von bis zu 16 %, Sie werden nicht widerstehen k\u00f6nnen, es zu probieren! Legales CBD","og_url":"https:\/\/thetreecbd.com\/de\/cbd\/malibu-exotic","og_site_name":"The Tree CBD","article_publisher":"https:\/\/www.facebook.com\/thetreeCBD\/","article_modified_time":"2025-12-02T00:37:25+00:00","og_image":[{"width":595,"height":714,"url":"https:\/\/thetreecbd.com\/wp-content\/uploads\/2023\/02\/malibu-exotic-cbd.png","type":"image\/png"}],"twitter_card":"summary_large_image","twitter_site":"@TheTreeCBD_EU","twitter_misc":{"Gesch\u00e4tzte Lesezeit":"3\u00a0Minuten"},"schema":{"@context":"https:\/\/schema.org","@graph":[{"@type":["WebPage","ItemPage"],"@id":"https:\/\/thetreecbd.com\/de\/cbd\/malibu-exotic","url":"https:\/\/thetreecbd.com\/de\/cbd\/malibu-exotic","name":"Malibu Exotic | The Tree CBD","isPartOf":{"@id":"https:\/\/thetreecbd.com\/de#website"},"primaryImageOfPage":{"@id":"https:\/\/thetreecbd.com\/de\/cbd\/malibu-exotic#primaryimage"},"image":{"@id":"https:\/\/thetreecbd.com\/de\/cbd\/malibu-exotic#primaryimage"},"thumbnailUrl":"https:\/\/thetreecbd.com\/wp-content\/uploads\/2023\/02\/malibu-exotic-cbd.png","datePublished":"2022-12-05T18:11:21+00:00","dateModified":"2025-12-02T00:37:25+00:00","description":"Malibu Exotic CBD ist eine Blume mit einem unverwechselbaren Aroma. Es enth\u00e4lt einen hohen CBD-Gehalt von bis zu 16 %, Sie werden nicht widerstehen k\u00f6nnen, es zu probieren! Legales CBD","breadcrumb":{"@id":"https:\/\/thetreecbd.com\/de\/cbd\/malibu-exotic#breadcrumb"},"inLanguage":"de","potentialAction":[{"@type":"ReadAction","target":["https:\/\/thetreecbd.com\/de\/cbd\/malibu-exotic"]}]},{"@type":"ImageObject","inLanguage":"de","@id":"https:\/\/thetreecbd.com\/de\/cbd\/malibu-exotic#primaryimage","url":"https:\/\/thetreecbd.com\/wp-content\/uploads\/2023\/02\/malibu-exotic-cbd.png","contentUrl":"https:\/\/thetreecbd.com\/wp-content\/uploads\/2023\/02\/malibu-exotic-cbd.png","width":595,"height":714},{"@type":"BreadcrumbList","@id":"https:\/\/thetreecbd.com\/de\/cbd\/malibu-exotic#breadcrumb","itemListElement":[{"@type":"ListItem","position":1,"name":"The Tree","item":"https:\/\/thetreecbd.com\/de"},{"@type":"ListItem","position":2,"name":"CBD","item":"https:\/\/thetreecbd.com\/es\/cbd"},{"@type":"ListItem","position":3,"name":"CBD-Bl\u00fcten kaufen","item":"https:\/\/thetreecbd.com\/de\/bluten"},{"@type":"ListItem","position":4,"name":"Indoor-Bl\u00fcten","item":"https:\/\/thetreecbd.com\/de\/bluten\/indoor-bluten"},{"@type":"ListItem","position":5,"name":"Malibu Exotic CBD"}]},{"@type":"WebSite","@id":"https:\/\/thetreecbd.com\/de#website","url":"https:\/\/thetreecbd.com\/de","name":"The Tree CBD","description":"Comprar CBD en Espa\u00f1a Online","publisher":{"@id":"https:\/\/thetreecbd.com\/de#organization"},"potentialAction":[{"@type":"SearchAction","target":{"@type":"EntryPoint","urlTemplate":"https:\/\/thetreecbd.com\/de?s={search_term_string}"},"query-input":{"@type":"PropertyValueSpecification","valueRequired":true,"valueName":"search_term_string"}}],"inLanguage":"de"},{"@type":"Organization","@id":"https:\/\/thetreecbd.com\/de#organization","name":"The Tree CBD","url":"https:\/\/thetreecbd.com\/de","logo":{"@type":"ImageObject","inLanguage":"de","@id":"https:\/\/thetreecbd.com\/de#\/schema\/logo\/image\/","url":"https:\/\/thetreecbd.com\/wp-content\/uploads\/2022\/04\/logo-thetree.png","contentUrl":"https:\/\/thetreecbd.com\/wp-content\/uploads\/2022\/04\/logo-thetree.png","width":172,"height":55,"caption":"The Tree CBD"},"image":{"@id":"https:\/\/thetreecbd.com\/de#\/schema\/logo\/image\/"},"sameAs":["https:\/\/www.facebook.com\/thetreeCBD\/","https:\/\/x.com\/TheTreeCBD_EU","https:\/\/www.instagram.com\/thetree.cbd\/","https:\/\/es.trustpilot.com\/review\/thetreecbd.com"]}]}},"_links":{"self":[{"href":"https:\/\/thetreecbd.com\/de\/wp-json\/wp\/v2\/product\/163920","targetHints":{"allow":["GET"]}}],"collection":[{"href":"https:\/\/thetreecbd.com\/de\/wp-json\/wp\/v2\/product"}],"about":[{"href":"https:\/\/thetreecbd.com\/de\/wp-json\/wp\/v2\/types\/product"}],"version-history":[{"count":0,"href":"https:\/\/thetreecbd.com\/de\/wp-json\/wp\/v2\/product\/163920\/revisions"}],"wp:featuredmedia":[{"embeddable":true,"href":"https:\/\/thetreecbd.com\/de\/wp-json\/wp\/v2\/media\/163923"}],"wp:attachment":[{"href":"https:\/\/thetreecbd.com\/de\/wp-json\/wp\/v2\/media?parent=163920"}],"wp:term":[{"taxonomy":"product_brand","embeddable":true,"href":"https:\/\/thetreecbd.com\/de\/wp-json\/wp\/v2\/product_brand?post=163920"}],"curies":[{"name":"wp","href":"https:\/\/api.w.org\/{rel}","templated":true}]}}