{"id":163932,"date":"2022-04-22T18:03:31","date_gmt":"2022-04-22T16:03:31","guid":{"rendered":"https:\/\/thetreecbd.com\/cbd\/cali-royal-cheese-buds"},"modified":"2025-12-02T01:37:43","modified_gmt":"2025-12-02T00:37:43","slug":"cali-royal-cheese-buds","status":"publish","type":"product","link":"https:\/\/thetreecbd.com\/de\/cbd\/cali-royal-cheese-buds","title":{"rendered":"Royal Cheese CBD"},"content":{"rendered":"<h3><b>Beschreibung<\/b><\/h3>\n<p><b>Wie wird es verwendet?<\/b><b><br \/>\n<\/b><span style=\"font-weight: 400;\"> The Tree CBD bringt dir die legalen Marihuanabuds der Sorte Royal Cheese CBD mit einer einzigartigen Genetik, die in jeder Bl\u00fcte eine hohe Menge und Qualit\u00e4t an CBD bietet.<\/span><\/p>\n<p><span style=\"font-weight: 400;\">Diese CBD-Buds stammen aus einer Kreuzung von Lambada x Kompolty x Kompolty 1 x Carmagnola Sell.<\/span><\/p>\n<p><span style=\"font-weight: 400;\">Die Royal Cheese CBD Buds von The Tree zeigen eine hellgr\u00fcne Farbe mit violetten T\u00f6nen, sie sind dicht und kompakt \u2013 ein Zeichen f\u00fcr gute Qualit\u00e4t und Trocknung. Zusammen mit ihrem intensiven Aroma macht sie das zu einer der meistgesuchten Sorten \u00fcberhaupt.<\/span><\/p>\n<p><span style=\"font-weight: 400;\">Die Genetik basiert auf der klassischen Cheese, aber in verbesserter Form \u2013 ihr unverkennbares, an \u201eSkunk\u201c (engl. f\u00fcr \u201estinkend\u201c) erinnerndes Aroma ist ein besonderes Merkmal. Der Geruch erinnert an Cheddar oder Blauschimmelk\u00e4se und macht sie noch attraktiver als das Original. Das Aroma ist durchdringender als bei den Elternsorten, mit w\u00fcrzigen und s\u00fc\u00df-sauren Noten \u2013 ein Hauptmerkmal, das ihr unter Terpen- und K\u00e4seliebhabern weltweiten Ruhm eingebracht hat.<\/span><\/p>\n<p><span style=\"font-weight: 400;\">Royal Cheese CBD ist eine eher sativadominierte Hybridsorte, die ein Gef\u00fchl von Gl\u00fcck erzeugt und sich perfekt f\u00fcr kreative Momente eignet.<\/span><\/p>\n<p><span style=\"font-weight: 400;\">Die CBD-Buds stammen aus von der EU zugelassenem Saatgut und werden zu 100 % nat\u00fcrlich im Innenbereich angebaut \u2013 ohne Zusatzstoffe oder Pestizide.<\/span><\/p>\n<p><span style=\"font-weight: 400;\">Diese Royal Cheese CBD Bl\u00fcten haben durch ihren hohen CBD-Gehalt von 12 % bis 14 % ein besonders intensives Aroma.<\/span><\/p>\n<p><span style=\"font-weight: 400;\">Da sie weniger als 0,20 % THC enthalten, sind sie in ganz Europa vollkommen legal und haben keinerlei psychoaktive Wirkung.<\/span><\/p>\n<h3><b>Eigenschaften von Royal Cheese CBD<\/b><\/h3>\n<ul>\n<li><b>Hanfbuds<\/b><\/li>\n<li><span style=\"font-weight: 400;\">Weniger als 0,20 % THC<\/span><\/li>\n<li><span style=\"font-weight: 400;\">14 % bis 16 % CBD<\/span><\/li>\n<li><span style=\"font-weight: 400;\">Genetik: Lambada x Kompolty x Kompolty 1 x Carmagnola Sell<\/span><\/li>\n<li><span style=\"font-weight: 400;\">Sativa 70 % Indica 30 %<\/span><\/li>\n<li><span style=\"font-weight: 400;\">Keine psychoaktive Wirkung<\/span><\/li>\n<li><span style=\"font-weight: 400;\">Organisch angebaut<\/span><\/li>\n<li><span style=\"font-weight: 400;\">GMO-frei<\/span><\/li>\n<li><span style=\"font-weight: 400;\">Pestizidfrei<\/span><\/li>\n<\/ul>\n<h3><b>Aroma von Royal Cheese CBD<\/b><\/h3>\n<p><span style=\"font-weight: 400;\">Terpene kommen in den meisten \u00e4therischen \u00d6len vieler Pflanzen, Blumen und Fr\u00fcchte vor und sind verantwortlich f\u00fcr Geruch und Geschmack. Cannabis weist ein breites Terpenprofil auf.<\/span><\/p>\n<p><span style=\"font-weight: 400;\">Royal Cheese CBD von The Tree hat mit Skunk #1 einen legend\u00e4ren Vorfahren \u2013 daher ihr intensives Aroma, das sich mit dem eines s\u00e4uerlichen K\u00e4ses vermischt. Es erinnert an Milchprodukte, mit leicht fruchtigen oder krautigen Noten.<\/span><\/p>\n<h3><b>Zielgruppe<\/b><\/h3>\n<p><span style=\"font-weight: 400;\">Indoor-gez\u00fcchtete Bl\u00fcten richten sich an all jene, die eine Qualit\u00e4tsgarantie suchen. Der Indoor-Anbau erm\u00f6glicht homogene Bl\u00fcten mit gr\u00fcnem Farbton und hoher CBD-Konzentration.<\/span><\/p>\n<p><span style=\"font-weight: 400;\">Indoor ist zweifellos die technisch anspruchsvollere Anbaumethode, da sie es erlaubt, das Pflanzenumfeld exakt zu kontrollieren, um vom Z\u00fcchter bevorzugte Ergebnisse zu erzielen.<\/span><\/p>\n<p><span style=\"font-weight: 400;\">Dies ist die bevorzugte Methode f\u00fcr medizinische Zwecke, da Klima und Licht kontrollierbar sind und somit das Produkt maximal standardisiert werden kann. Man darf nicht vergessen, dass der CBD-Gehalt und andere Cannabinoide stark vom Anbauumfeld abh\u00e4ngen.<\/span><\/p>\n<p><span style=\"font-weight: 400;\">Mit einer kontrollierten Klimaf\u00fchrung und N\u00e4hrstoffversorgung sowie optimierten Lichtstunden wird sichergestellt, dass das Produkt homogen ist und stets eine Qualit\u00e4tsgarantie bietet.<\/span><\/p>\n<p><span style=\"font-weight: 400;\">Aus Sicht der Konsumenten bietet der Indoor-Anbau ebenfalls Vorteile: gleichbleibende Qualit\u00e4t und oft harzigere, lebhafter gr\u00fcne CBD-Bl\u00fcten.<\/span><\/p>\n<h3><b>Sicherheitsinformationen<\/b><\/h3>\n<p><span style=\"font-weight: 400;\">Bitte beachte, dass die CBD-Buds von The Tree ein dekoratives, sammelbares und aromatisches Produkt sind. Sie sollten nicht w\u00e4hrend der Schwangerschaft oder Stillzeit verwendet werden. Au\u00dferhalb der Reichweite von Kindern aufbewahren.<\/span><\/p>\n<p><span style=\"font-weight: 400;\">Unsere CBD-Buds k\u00f6nnen eine gewisse Menge THC enthalten. Diese liegt selbstverst\u00e4ndlich unter dem EU-Grenzwert von 0,2 % THC.<\/span><\/p>\n<p><span style=\"font-weight: 400;\">Die bereitgestellten Inhalte dienen ausschlie\u00dflich Informations- und Ausbildungszwecken und ersetzen in keiner Weise den medizinischen Rat eines Arztes oder Apothekers. Unsere Texte sind nicht zur eigenst\u00e4ndigen Diagnose oder Behandlung von Krankheiten bestimmt.<\/span><\/p>\n<p><span style=\"font-weight: 400;\">Z\u00f6gere nicht, uns zu kontaktieren, wenn du weitere Fragen hast.<\/span><\/p>\n<h3><b>Lagerung<\/b><\/h3>\n<p><span style=\"font-weight: 400;\">Idealerweise sollten die CBD-Buds von The Tree k\u00fchl, trocken und lichtgesch\u00fctzt gelagert werden, um jegliche Art von Kontamination und\/oder Abbau zu vermeiden. Direkte Sonneneinstrahlung und Hitze vermeiden.<\/span><\/p>\n<p><b>Achtung:<\/b><span style=\"font-weight: 400;\"> Die empfohlene Haltbarkeit betr\u00e4gt bei sachgem\u00e4\u00dfer Lagerung einen Monat.<\/span><\/p>\n","protected":false},"excerpt":{"rendered":"<ul>\n<li><b>Hanfbuds<\/b><\/li>\n<li><span style=\"font-weight: 400;\">Weniger als 0,20 % THC<\/span><\/li>\n<li><span style=\"font-weight: 400;\">14 % bis 16 % CBD<\/span><\/li>\n<li><span style=\"font-weight: 400;\">Genetik: Lambada x Kompolty x Kompolty 1 x Carmagnola Sell<\/span><\/li>\n<li><span style=\"font-weight: 400;\">Sativa 70 % Indica 30 %<\/span><\/li>\n<li><span style=\"font-weight: 400;\">Keine psychoaktive Wirkung<\/span><\/li>\n<li><span style=\"font-weight: 400;\">Organisch angebaut<\/span><\/li>\n<li><span style=\"font-weight: 400;\">GMO-frei<\/span><\/li>\n<li><span style=\"font-weight: 400;\">Pestizidfrei<\/span><\/li>\n<\/ul>\n","protected":false},"featured_media":163935,"template":"","meta":{"_acf_changed":false},"product_brand":[],"class_list":{"0":"post-163932","1":"product","2":"type-product","3":"status-publish","4":"has-post-thumbnail","6":"product_cat-black-friday-cbd","7":"product_cat-cbd-angebote","8":"product_cat-bluten","9":"product_cat-indoor-bluten","10":"product_cat-produkte-mit-20-cbd","12":"first","13":"instock","14":"sale","15":"taxable","16":"shipping-taxable","17":"purchasable","18":"product-type-variable"},"acf":[],"yoast_head":"<!-- This site is optimized with the Yoast SEO plugin v26.3 - https:\/\/yoast.com\/wordpress\/plugins\/seo\/ -->\n<title>Royal Cheese CBD - 16 % CBD. Legales Cannabis | The Tree CBD<\/title>\n<meta name=\"description\" content=\"Royal Cheese CBD ist eine Indica-Bl\u00fcte, die ein unverwechselbares Aroma verstr\u00f6mt, das an Cheddar oder Blauschimmelk\u00e4se erinnert, mit w\u00fcrzigen Untert\u00f6nen. Probieren Sie es aus!\" \/>\n<meta name=\"robots\" content=\"index, follow, max-snippet:-1, max-image-preview:large, max-video-preview:-1\" \/>\n<link rel=\"canonical\" href=\"https:\/\/thetreecbd.com\/de\/cbd\/cali-royal-cheese-buds\" \/>\n<meta property=\"og:locale\" content=\"de_DE\" \/>\n<meta property=\"og:type\" content=\"article\" \/>\n<meta property=\"og:title\" content=\"Royal Cheese CBD - 16 % CBD. Legales Cannabis | The Tree CBD\" \/>\n<meta property=\"og:description\" content=\"Royal Cheese CBD ist eine Indica-Bl\u00fcte, die ein unverwechselbares Aroma verstr\u00f6mt, das an Cheddar oder Blauschimmelk\u00e4se erinnert, mit w\u00fcrzigen Untert\u00f6nen. Probieren Sie es aus!\" \/>\n<meta property=\"og:url\" content=\"https:\/\/thetreecbd.com\/de\/cbd\/cali-royal-cheese-buds\" \/>\n<meta property=\"og:site_name\" content=\"The Tree CBD\" \/>\n<meta property=\"article:publisher\" content=\"https:\/\/www.facebook.com\/thetreeCBD\/\" \/>\n<meta property=\"article:modified_time\" content=\"2025-12-02T00:37:43+00:00\" \/>\n<meta property=\"og:image\" content=\"https:\/\/thetreecbd.com\/wp-content\/uploads\/2022\/04\/cogollos-cali-royal-cheese-1-1.jpg\" \/>\n\t<meta property=\"og:image:width\" content=\"600\" \/>\n\t<meta property=\"og:image:height\" content=\"720\" \/>\n\t<meta property=\"og:image:type\" content=\"image\/jpeg\" \/>\n<meta name=\"twitter:card\" content=\"summary_large_image\" \/>\n<meta name=\"twitter:site\" content=\"@TheTreeCBD_EU\" \/>\n<meta name=\"twitter:label1\" content=\"Gesch\u00e4tzte Lesezeit\" \/>\n\t<meta name=\"twitter:data1\" content=\"3\u00a0Minuten\" \/>\n<script type=\"application\/ld+json\" class=\"yoast-schema-graph\">{\"@context\":\"https:\/\/schema.org\",\"@graph\":[{\"@type\":[\"WebPage\",\"ItemPage\"],\"@id\":\"https:\/\/thetreecbd.com\/de\/cbd\/cali-royal-cheese-buds\",\"url\":\"https:\/\/thetreecbd.com\/de\/cbd\/cali-royal-cheese-buds\",\"name\":\"Royal Cheese CBD - 16 % CBD. Legales Cannabis | The Tree CBD\",\"isPartOf\":{\"@id\":\"https:\/\/thetreecbd.com\/de#website\"},\"primaryImageOfPage\":{\"@id\":\"https:\/\/thetreecbd.com\/de\/cbd\/cali-royal-cheese-buds#primaryimage\"},\"image\":{\"@id\":\"https:\/\/thetreecbd.com\/de\/cbd\/cali-royal-cheese-buds#primaryimage\"},\"thumbnailUrl\":\"https:\/\/thetreecbd.com\/wp-content\/uploads\/2022\/04\/cogollos-cali-royal-cheese-1-1.jpg\",\"datePublished\":\"2022-04-22T16:03:31+00:00\",\"dateModified\":\"2025-12-02T00:37:43+00:00\",\"description\":\"Royal Cheese CBD ist eine Indica-Bl\u00fcte, die ein unverwechselbares Aroma verstr\u00f6mt, das an Cheddar oder Blauschimmelk\u00e4se erinnert, mit w\u00fcrzigen Untert\u00f6nen. Probieren Sie es aus!\",\"breadcrumb\":{\"@id\":\"https:\/\/thetreecbd.com\/de\/cbd\/cali-royal-cheese-buds#breadcrumb\"},\"inLanguage\":\"de\",\"potentialAction\":[{\"@type\":\"ReadAction\",\"target\":[\"https:\/\/thetreecbd.com\/de\/cbd\/cali-royal-cheese-buds\"]}]},{\"@type\":\"ImageObject\",\"inLanguage\":\"de\",\"@id\":\"https:\/\/thetreecbd.com\/de\/cbd\/cali-royal-cheese-buds#primaryimage\",\"url\":\"https:\/\/thetreecbd.com\/wp-content\/uploads\/2022\/04\/cogollos-cali-royal-cheese-1-1.jpg\",\"contentUrl\":\"https:\/\/thetreecbd.com\/wp-content\/uploads\/2022\/04\/cogollos-cali-royal-cheese-1-1.jpg\",\"width\":600,\"height\":720},{\"@type\":\"BreadcrumbList\",\"@id\":\"https:\/\/thetreecbd.com\/de\/cbd\/cali-royal-cheese-buds#breadcrumb\",\"itemListElement\":[{\"@type\":\"ListItem\",\"position\":1,\"name\":\"The Tree\",\"item\":\"https:\/\/thetreecbd.com\/de\"},{\"@type\":\"ListItem\",\"position\":2,\"name\":\"CBD\",\"item\":\"https:\/\/thetreecbd.com\/es\/cbd\"},{\"@type\":\"ListItem\",\"position\":3,\"name\":\"CBD-Bl\u00fcten kaufen\",\"item\":\"https:\/\/thetreecbd.com\/de\/bluten\"},{\"@type\":\"ListItem\",\"position\":4,\"name\":\"Indoor-Bl\u00fcten\",\"item\":\"https:\/\/thetreecbd.com\/de\/bluten\/indoor-bluten\"},{\"@type\":\"ListItem\",\"position\":5,\"name\":\"Royal Cheese CBD\"}]},{\"@type\":\"WebSite\",\"@id\":\"https:\/\/thetreecbd.com\/de#website\",\"url\":\"https:\/\/thetreecbd.com\/de\",\"name\":\"The Tree CBD\",\"description\":\"Comprar CBD en Espa\u00f1a Online\",\"publisher\":{\"@id\":\"https:\/\/thetreecbd.com\/de#organization\"},\"potentialAction\":[{\"@type\":\"SearchAction\",\"target\":{\"@type\":\"EntryPoint\",\"urlTemplate\":\"https:\/\/thetreecbd.com\/de?s={search_term_string}\"},\"query-input\":{\"@type\":\"PropertyValueSpecification\",\"valueRequired\":true,\"valueName\":\"search_term_string\"}}],\"inLanguage\":\"de\"},{\"@type\":\"Organization\",\"@id\":\"https:\/\/thetreecbd.com\/de#organization\",\"name\":\"The Tree CBD\",\"url\":\"https:\/\/thetreecbd.com\/de\",\"logo\":{\"@type\":\"ImageObject\",\"inLanguage\":\"de\",\"@id\":\"https:\/\/thetreecbd.com\/de#\/schema\/logo\/image\/\",\"url\":\"https:\/\/thetreecbd.com\/wp-content\/uploads\/2022\/04\/logo-thetree.png\",\"contentUrl\":\"https:\/\/thetreecbd.com\/wp-content\/uploads\/2022\/04\/logo-thetree.png\",\"width\":172,\"height\":55,\"caption\":\"The Tree CBD\"},\"image\":{\"@id\":\"https:\/\/thetreecbd.com\/de#\/schema\/logo\/image\/\"},\"sameAs\":[\"https:\/\/www.facebook.com\/thetreeCBD\/\",\"https:\/\/x.com\/TheTreeCBD_EU\",\"https:\/\/www.instagram.com\/thetree.cbd\/\",\"https:\/\/es.trustpilot.com\/review\/thetreecbd.com\"]}]}<\/script>\n<!-- \/ Yoast SEO plugin. -->","yoast_head_json":{"title":"Royal Cheese CBD - 16 % CBD. Legales Cannabis | The Tree CBD","description":"Royal Cheese CBD ist eine Indica-Bl\u00fcte, die ein unverwechselbares Aroma verstr\u00f6mt, das an Cheddar oder Blauschimmelk\u00e4se erinnert, mit w\u00fcrzigen Untert\u00f6nen. Probieren Sie es aus!","robots":{"index":"index","follow":"follow","max-snippet":"max-snippet:-1","max-image-preview":"max-image-preview:large","max-video-preview":"max-video-preview:-1"},"canonical":"https:\/\/thetreecbd.com\/de\/cbd\/cali-royal-cheese-buds","og_locale":"de_DE","og_type":"article","og_title":"Royal Cheese CBD - 16 % CBD. Legales Cannabis | The Tree CBD","og_description":"Royal Cheese CBD ist eine Indica-Bl\u00fcte, die ein unverwechselbares Aroma verstr\u00f6mt, das an Cheddar oder Blauschimmelk\u00e4se erinnert, mit w\u00fcrzigen Untert\u00f6nen. Probieren Sie es aus!","og_url":"https:\/\/thetreecbd.com\/de\/cbd\/cali-royal-cheese-buds","og_site_name":"The Tree CBD","article_publisher":"https:\/\/www.facebook.com\/thetreeCBD\/","article_modified_time":"2025-12-02T00:37:43+00:00","og_image":[{"width":600,"height":720,"url":"https:\/\/thetreecbd.com\/wp-content\/uploads\/2022\/04\/cogollos-cali-royal-cheese-1-1.jpg","type":"image\/jpeg"}],"twitter_card":"summary_large_image","twitter_site":"@TheTreeCBD_EU","twitter_misc":{"Gesch\u00e4tzte Lesezeit":"3\u00a0Minuten"},"schema":{"@context":"https:\/\/schema.org","@graph":[{"@type":["WebPage","ItemPage"],"@id":"https:\/\/thetreecbd.com\/de\/cbd\/cali-royal-cheese-buds","url":"https:\/\/thetreecbd.com\/de\/cbd\/cali-royal-cheese-buds","name":"Royal Cheese CBD - 16 % CBD. Legales Cannabis | The Tree CBD","isPartOf":{"@id":"https:\/\/thetreecbd.com\/de#website"},"primaryImageOfPage":{"@id":"https:\/\/thetreecbd.com\/de\/cbd\/cali-royal-cheese-buds#primaryimage"},"image":{"@id":"https:\/\/thetreecbd.com\/de\/cbd\/cali-royal-cheese-buds#primaryimage"},"thumbnailUrl":"https:\/\/thetreecbd.com\/wp-content\/uploads\/2022\/04\/cogollos-cali-royal-cheese-1-1.jpg","datePublished":"2022-04-22T16:03:31+00:00","dateModified":"2025-12-02T00:37:43+00:00","description":"Royal Cheese CBD ist eine Indica-Bl\u00fcte, die ein unverwechselbares Aroma verstr\u00f6mt, das an Cheddar oder Blauschimmelk\u00e4se erinnert, mit w\u00fcrzigen Untert\u00f6nen. Probieren Sie es aus!","breadcrumb":{"@id":"https:\/\/thetreecbd.com\/de\/cbd\/cali-royal-cheese-buds#breadcrumb"},"inLanguage":"de","potentialAction":[{"@type":"ReadAction","target":["https:\/\/thetreecbd.com\/de\/cbd\/cali-royal-cheese-buds"]}]},{"@type":"ImageObject","inLanguage":"de","@id":"https:\/\/thetreecbd.com\/de\/cbd\/cali-royal-cheese-buds#primaryimage","url":"https:\/\/thetreecbd.com\/wp-content\/uploads\/2022\/04\/cogollos-cali-royal-cheese-1-1.jpg","contentUrl":"https:\/\/thetreecbd.com\/wp-content\/uploads\/2022\/04\/cogollos-cali-royal-cheese-1-1.jpg","width":600,"height":720},{"@type":"BreadcrumbList","@id":"https:\/\/thetreecbd.com\/de\/cbd\/cali-royal-cheese-buds#breadcrumb","itemListElement":[{"@type":"ListItem","position":1,"name":"The Tree","item":"https:\/\/thetreecbd.com\/de"},{"@type":"ListItem","position":2,"name":"CBD","item":"https:\/\/thetreecbd.com\/es\/cbd"},{"@type":"ListItem","position":3,"name":"CBD-Bl\u00fcten kaufen","item":"https:\/\/thetreecbd.com\/de\/bluten"},{"@type":"ListItem","position":4,"name":"Indoor-Bl\u00fcten","item":"https:\/\/thetreecbd.com\/de\/bluten\/indoor-bluten"},{"@type":"ListItem","position":5,"name":"Royal Cheese CBD"}]},{"@type":"WebSite","@id":"https:\/\/thetreecbd.com\/de#website","url":"https:\/\/thetreecbd.com\/de","name":"The Tree CBD","description":"Comprar CBD en Espa\u00f1a Online","publisher":{"@id":"https:\/\/thetreecbd.com\/de#organization"},"potentialAction":[{"@type":"SearchAction","target":{"@type":"EntryPoint","urlTemplate":"https:\/\/thetreecbd.com\/de?s={search_term_string}"},"query-input":{"@type":"PropertyValueSpecification","valueRequired":true,"valueName":"search_term_string"}}],"inLanguage":"de"},{"@type":"Organization","@id":"https:\/\/thetreecbd.com\/de#organization","name":"The Tree CBD","url":"https:\/\/thetreecbd.com\/de","logo":{"@type":"ImageObject","inLanguage":"de","@id":"https:\/\/thetreecbd.com\/de#\/schema\/logo\/image\/","url":"https:\/\/thetreecbd.com\/wp-content\/uploads\/2022\/04\/logo-thetree.png","contentUrl":"https:\/\/thetreecbd.com\/wp-content\/uploads\/2022\/04\/logo-thetree.png","width":172,"height":55,"caption":"The Tree CBD"},"image":{"@id":"https:\/\/thetreecbd.com\/de#\/schema\/logo\/image\/"},"sameAs":["https:\/\/www.facebook.com\/thetreeCBD\/","https:\/\/x.com\/TheTreeCBD_EU","https:\/\/www.instagram.com\/thetree.cbd\/","https:\/\/es.trustpilot.com\/review\/thetreecbd.com"]}]}},"_links":{"self":[{"href":"https:\/\/thetreecbd.com\/de\/wp-json\/wp\/v2\/product\/163932","targetHints":{"allow":["GET"]}}],"collection":[{"href":"https:\/\/thetreecbd.com\/de\/wp-json\/wp\/v2\/product"}],"about":[{"href":"https:\/\/thetreecbd.com\/de\/wp-json\/wp\/v2\/types\/product"}],"version-history":[{"count":0,"href":"https:\/\/thetreecbd.com\/de\/wp-json\/wp\/v2\/product\/163932\/revisions"}],"wp:featuredmedia":[{"embeddable":true,"href":"https:\/\/thetreecbd.com\/de\/wp-json\/wp\/v2\/media\/163935"}],"wp:attachment":[{"href":"https:\/\/thetreecbd.com\/de\/wp-json\/wp\/v2\/media?parent=163932"}],"wp:term":[{"taxonomy":"product_brand","embeddable":true,"href":"https:\/\/thetreecbd.com\/de\/wp-json\/wp\/v2\/product_brand?post=163932"}],"curies":[{"name":"wp","href":"https:\/\/api.w.org\/{rel}","templated":true}]}}