{"id":163944,"date":"2023-06-27T18:07:07","date_gmt":"2023-06-27T16:07:07","guid":{"rendered":"https:\/\/thetreecbd.com\/cbd\/indoor-cali-sweet-kase-cbd-bud-von-kase-o"},"modified":"2025-12-02T01:37:34","modified_gmt":"2025-12-02T00:37:34","slug":"indoor-cali-sweet-kase-cbd-bud-von-kase-o","status":"publish","type":"product","link":"https:\/\/thetreecbd.com\/de\/cbd\/indoor-cali-sweet-kase-cbd-bud-von-kase-o","title":{"rendered":"Indoor Cali Sweet Kase: CBD Bud von Kase.O"},"content":{"rendered":"<p>Sweet Kase sind die CBD-Bl\u00fcten des renommierten K\u00fcnstlers Kase.O und das Ergebnis einer au\u00dfergew\u00f6hnlichen Zusammenarbeit mit The Tree CBD. Diese Kooperation zwischen zwei f\u00fchrenden Vertretern ihrer jeweiligen Bereiche hat zu einer perfekten Kombination aus Kunst und Wohlbefinden gef\u00fchrt.<\/p>\n<p>Jede Bl\u00fcte wird sorgf\u00e4ltig kultiviert und ausgew\u00e4hlt, um die Qualit\u00e4t und Pr\u00e4senz der CBD-Bl\u00fcten von Kase.O zu gew\u00e4hrleisten. Diese Bl\u00fcten, reich an hochwertigem Cannabidiol und mit einem kalifornischen Finish, bieten Ihnen ein au\u00dfergew\u00f6hnliches und unvergleichliches Aroma.<\/p>\n<p>F\u00fcr diese Zusammenarbeit sind die CBD-Bl\u00fcten von Kase.O, wie auch seine Texte und Musik, ein Ausdruck seiner Leidenschaft und Kreativit\u00e4t. Jede Bl\u00fcte ist wie ein Kunstwerk f\u00fcr sich, mit lebendigen Farben und eleganten konischen Formen, die die Essenz seiner k\u00fcnstlerischen Vision einfangen.<\/p>\n<p>Andererseits haben wir bei The Tree CBD, einer f\u00fchrenden Marke f\u00fcr hochwertige CBD-Produkte, unser Fachwissen in die Produktion von Premium-CBD-Bl\u00fcten und -Produkten eingebracht. Unser Engagement f\u00fcr Qualit\u00e4t und Reinheit spiegelt sich in jeder CBD-Bl\u00fcte wider, die in Zusammenarbeit mit Kase.O entstanden ist.<\/p>\n<p>&nbsp;<\/p>\n<h3>Gemeinsam sind wir stark<\/h3>\n<p>&nbsp;<\/p>\n<p>Zusammen ist es Kase.O und The Tree CBD gelungen, CBD-Bl\u00fcten auf ein neues Niveau zu heben. Unsere gemeinsame Vision und das Streben nach Exzellenz haben zu einem einzigartigen Ergebnis gef\u00fchrt: einer der Top-Bl\u00fcten auf dem Markt.<\/p>\n<p>Diese neue Sorte der CBD-Bl\u00fcten <b>Sweet Kase<\/b> ist eine Kreuzung zwischen Lemon Tree und V1. Die Pflanze erbte die Struktur und das Terpen von einer Lemon Tree, aber die Bl\u00fcte unterscheidet sich von beiden Genetiken. Beim Versuch, unserer Lemon Tree etwas Weichheit zu verleihen, erhielten wir stattdessen die kompakteste Bl\u00fcte der Welt. Das Terpen ist sehr intensiv und frisch, mit einer sehr leichten Zitrusnote, einer smaragdgr\u00fcnen Farbe und einem wei\u00dfen Harz, das ihr einen &#8220;Frosty&#8221;-Effekt verleiht, der in der CBD-Welt schwer zu finden ist.<\/p>\n<p>Die Zusammenarbeit zwischen Kase.O und The Tree CBD war eine perfekte Synergie, die die Welt der Kunst und Innovation bei CBD-Produkten vereinte. Das Endergebnis sind CBD-Bl\u00fcten, die nicht nur optisch fesselnd sind, sondern auch ein unvergleichliches aromatisches Erlebnis bieten.<\/p>\n<p>Egal, ob Sie ein Geschenk f\u00fcr sich selbst oder f\u00fcr jemand Besonderen suchen, die CBD-Bl\u00fcten von Kase.O sind die perfekte Wahl. Mit dem Kauf von Kase.O CBD-Bl\u00fcten erwerben Sie nicht nur ein hochwertiges Produkt, sondern auch ein einzigartiges Erlebnis. Tauchen Sie ein in die Welt der Kunst und Entspannung mit diesen au\u00dfergew\u00f6hnlichen Bl\u00fcten, die vom kreativen Genie Kase.O geschaffen wurden.<\/p>\n<p>&nbsp;<\/p>\n<h3>Eigenschaften Sweet Kase by Kase.O<\/h3>\n<p>&nbsp;<\/p>\n<ul>\n<li>Hanfknospen<\/li>\n<li><b>18% CBD<\/b><\/li>\n<li>Weniger als 0,20% THC<\/li>\n<li>Genetik: Kompolti x V1<\/li>\n<li>Indica-dominant<\/li>\n<li>Keine psychoaktiven Effekte<\/li>\n<li>Biologisch angebaut<\/li>\n<li>GVO-frei<\/li>\n<li>Pestizidfrei<\/li>\n<\/ul>\n<p>&nbsp;<\/p>\n<h3>Aroma der CBD-Bl\u00fcten Sweet Kase By Kase.O<\/h3>\n<p>&nbsp;<\/p>\n<p>Terpene finden sich in den meisten \u00e4therischen \u00d6len vieler Pflanzen, Bl\u00fcten und Fr\u00fcchte; sie sind verantwortlich f\u00fcr Geruch und Geschmack. Bei Cannabis finden wir ein breites Terpenprofil.<\/p>\n<p>Sweet Kase von Kase.O und The Tree hat ein <b>fruchtiges und leicht zitrusartiges Aroma, mit einem intensiven und frischen Duft.<\/b><\/p>\n<p>&nbsp;<\/p>\n<h3>Zielgruppe<\/h3>\n<p>&nbsp;<\/p>\n<p>Indoor-Bl\u00fcten sind f\u00fcr diejenigen, die eine <b>Qualit\u00e4tsgarantie<\/b> suchen, da der Indoor-Anbau die Schaffung homogener Bl\u00fcten mit einer gr\u00fcnen Farbe und hoher CBD-Konzentration erm\u00f6glicht. Dar\u00fcber hinaus bietet ihr kalifornisches Finish ma\u00dfgeschneiderte Bl\u00fcten f\u00fcr diejenigen, die das Beste auf dem Markt suchen.<\/p>\n<p>Der Indoor-Anbau ist zweifellos eine wesentlich technischere Anbauweise, bei der das Medium, in dem eine Pflanze w\u00e4chst, kontrolliert werden kann, um die vom Z\u00fcchter bevorzugten Ergebnisse zu erzielen.<\/p>\n<p>Es ist die bevorzugte Methode f\u00fcr <b>medizinische Zwecke<\/b>, da auf diese Weise Klima- und Lichtkontrolle erreicht werden kann, wodurch das Produkt so weit wie m\u00f6glich standardisiert wird; es darf nicht vergessen werden, dass die Variabilit\u00e4t des CBD-Anteils und anderer Cannabinoide stark vom Medium abh\u00e4ngt, in dem es angebaut wird.<\/p>\n<p>Mit einer Klima- und N\u00e4hrstoffkontrolle, sowohl bez\u00fcglich der Wurzelunterst\u00fctzung als auch der Tageslichtstunden, stellen wir sicher, dass das Produkt homogen ist und wir stets eine Qualit\u00e4tsgarantie mit Indoor-CBD-Bl\u00fcten erhalten.<\/p>\n<p>Aus Verbrauchersicht kann Indoor aufgrund der oben genannten Gr\u00fcnde (Qualit\u00e4tsgarantie) besser sein, und Indoor-CBD-Bl\u00fcten sind auch f\u00fcr ihr Aussehen bekannt, typischerweise harziger und von einer helleren gr\u00fcnen Farbe.<\/p>\n<p>&nbsp;<\/p>\n<h3>Sicherheitsinformationen<\/h3>\n<p>&nbsp;<\/p>\n<p>Bitte beachten Sie, dass die CBD-Knospen von The Tree ein dekoratives, Sammler- und aromatisches Produkt sind. Sie sollten w\u00e4hrend der Schwangerschaft oder Stillzeit nicht verwendet werden. Au\u00dferhalb der Reichweite von Kindern aufbewahren.<\/p>\n<p>Unsere CBD-Knospen sind harzfreie und nicht-psychoaktive Hanfbl\u00fcten, die aus zertifizierten Samen ohne Zusatzstoffe angebaut werden, mit maximal 0,3% THC oder einem Psychoaktivit\u00e4tsindex von weniger als 1. Hanf des Fasertyps gem\u00e4\u00df ST\/NAR Handbuch 40 der Vereinten Nationen. Dekoratives, aromatisches und Sammlerprodukt. <b>Einnahme, Inhalation oder therapeutische Verwendung ist verboten.<\/b> Das Unternehmen \u00fcbernimmt keine Verantwortung f\u00fcr eine Nutzung, die gegen das Gesetz oder diese Anweisungen verst\u00f6\u00dft. Der Verkauf an Minderj\u00e4hrige ist verboten. Von Kindern fernhalten.<\/p>\n<p>Die bereitgestellten Inhalte dienen ausschlie\u00dflich Informations- und Schulungszwecken und ersetzen in keiner Weise die medizinische Beratung durch einen Arzt oder Apotheker. Unsere Texte sind nicht zur eigenst\u00e4ndigen Diagnose und Behandlung von Krankheiten bestimmt.<\/p>\n<p>Z\u00f6gern Sie nicht, uns bei weiteren Fragen zu kontaktieren.<\/p>\n<p>&nbsp;<\/p>\n<h3>Lagerung<\/h3>\n<p>&nbsp;<\/p>\n<p>Idealerweise sollten die CBD-Knospen von The Tree an einem <b>k\u00fchlen, trockenen Ort<\/b> gelagert werden, gesch\u00fctzt vor Licht und starken Ger\u00fcchen, um jegliche Art von Kontamination und\/oder Degradation der Knospen zu vermeiden. Direkte Sonneneinstrahlung und Hitze vermeiden.<\/p>\n<p><b>Achtung:<\/b> Die angegebene Haltbarkeit betr\u00e4gt einen Monat bei korrekter Lagerung.<\/p>\n","protected":false},"excerpt":{"rendered":"<ul>\n<li><b>Hanfbuds<\/b><\/li>\n<li><span style=\"font-weight: 400;\">18\u202f% CBD<\/span><\/li>\n<li><span style=\"font-weight: 400;\">Weniger als 0,20\u202f% THC<\/span><\/li>\n<li><span style=\"font-weight: 400;\">Genetik: Kompolti x V1<\/span><\/li>\n<li><span style=\"font-weight: 400;\">Indica-dominant<\/span><\/li>\n<li><span style=\"font-weight: 400;\">Keine psychoaktive Wirkung<\/span><\/li>\n<li><span style=\"font-weight: 400;\">Organisch angebaut<\/span><\/li>\n<li><span style=\"font-weight: 400;\">GMO-frei<\/span><\/li>\n<li><span style=\"font-weight: 400;\">Pestizidfrei<\/span><\/li>\n<\/ul>\n","protected":false},"featured_media":163950,"template":"","meta":{"_acf_changed":false},"product_brand":[],"class_list":{"0":"post-163944","1":"product","2":"type-product","3":"status-publish","4":"has-post-thumbnail","6":"product_cat-black-friday-cbd","7":"product_cat-bluten","8":"product_cat-indoor-bluten","9":"product_cat-produkte-mit-20-cbd","10":"product_cat-sweet-kase-cbd-de","12":"first","13":"instock","14":"featured","15":"taxable","16":"shipping-taxable","17":"purchasable","18":"product-type-variable"},"acf":[],"yoast_head":"<!-- This site is optimized with the Yoast SEO plugin v26.3 - https:\/\/yoast.com\/wordpress\/plugins\/seo\/ -->\n<title>Indoor Cali Sweet Kase: CBD Bud von Kase.O | The Tree CBD<\/title>\n<meta name=\"description\" content=\"Entdecken Sie Kase.Os beliebteste kalifornische Bl\u00fctensorte --&gt; Indoor Cali Sweet Case ist eine Bl\u00fcte von h\u00f6chster Qualit\u00e4t, die nur bei The Tree CBD erh\u00e4ltlich ist\" \/>\n<meta name=\"robots\" content=\"index, follow, max-snippet:-1, max-image-preview:large, max-video-preview:-1\" \/>\n<link rel=\"canonical\" href=\"https:\/\/thetreecbd.com\/de\/cbd\/indoor-cali-sweet-kase-cbd-bud-von-kase-o\" \/>\n<meta property=\"og:locale\" content=\"de_DE\" \/>\n<meta property=\"og:type\" content=\"article\" \/>\n<meta property=\"og:title\" content=\"Indoor Cali Sweet Kase: CBD Bud von Kase.O | The Tree CBD\" \/>\n<meta property=\"og:description\" content=\"Entdecken Sie Kase.Os beliebteste kalifornische Bl\u00fctensorte --&gt; Indoor Cali Sweet Case ist eine Bl\u00fcte von h\u00f6chster Qualit\u00e4t, die nur bei The Tree CBD erh\u00e4ltlich ist\" \/>\n<meta property=\"og:url\" content=\"https:\/\/thetreecbd.com\/de\/cbd\/indoor-cali-sweet-kase-cbd-bud-von-kase-o\" \/>\n<meta property=\"og:site_name\" content=\"The Tree CBD\" \/>\n<meta property=\"article:publisher\" content=\"https:\/\/www.facebook.com\/thetreeCBD\/\" \/>\n<meta property=\"article:modified_time\" content=\"2025-12-02T00:37:34+00:00\" \/>\n<meta property=\"og:image\" content=\"https:\/\/thetreecbd.com\/wp-content\/uploads\/2023\/06\/cali-sweet-kase-cbd.png\" \/>\n\t<meta property=\"og:image:width\" content=\"600\" \/>\n\t<meta property=\"og:image:height\" content=\"720\" \/>\n\t<meta property=\"og:image:type\" content=\"image\/png\" \/>\n<meta name=\"twitter:card\" content=\"summary_large_image\" \/>\n<meta name=\"twitter:site\" content=\"@TheTreeCBD_EU\" \/>\n<meta name=\"twitter:label1\" content=\"Gesch\u00e4tzte Lesezeit\" \/>\n\t<meta name=\"twitter:data1\" content=\"5\u00a0Minuten\" \/>\n<script type=\"application\/ld+json\" class=\"yoast-schema-graph\">{\"@context\":\"https:\/\/schema.org\",\"@graph\":[{\"@type\":[\"WebPage\",\"ItemPage\"],\"@id\":\"https:\/\/thetreecbd.com\/de\/cbd\/indoor-cali-sweet-kase-cbd-bud-von-kase-o\",\"url\":\"https:\/\/thetreecbd.com\/de\/cbd\/indoor-cali-sweet-kase-cbd-bud-von-kase-o\",\"name\":\"Indoor Cali Sweet Kase: CBD Bud von Kase.O | The Tree CBD\",\"isPartOf\":{\"@id\":\"https:\/\/thetreecbd.com\/de#website\"},\"primaryImageOfPage\":{\"@id\":\"https:\/\/thetreecbd.com\/de\/cbd\/indoor-cali-sweet-kase-cbd-bud-von-kase-o#primaryimage\"},\"image\":{\"@id\":\"https:\/\/thetreecbd.com\/de\/cbd\/indoor-cali-sweet-kase-cbd-bud-von-kase-o#primaryimage\"},\"thumbnailUrl\":\"https:\/\/thetreecbd.com\/wp-content\/uploads\/2023\/06\/cali-sweet-kase-cbd.png\",\"datePublished\":\"2023-06-27T16:07:07+00:00\",\"dateModified\":\"2025-12-02T00:37:34+00:00\",\"description\":\"Entdecken Sie Kase.Os beliebteste kalifornische Bl\u00fctensorte --> Indoor Cali Sweet Case ist eine Bl\u00fcte von h\u00f6chster Qualit\u00e4t, die nur bei The Tree CBD erh\u00e4ltlich ist\",\"breadcrumb\":{\"@id\":\"https:\/\/thetreecbd.com\/de\/cbd\/indoor-cali-sweet-kase-cbd-bud-von-kase-o#breadcrumb\"},\"inLanguage\":\"de\",\"potentialAction\":[{\"@type\":\"ReadAction\",\"target\":[\"https:\/\/thetreecbd.com\/de\/cbd\/indoor-cali-sweet-kase-cbd-bud-von-kase-o\"]}]},{\"@type\":\"ImageObject\",\"inLanguage\":\"de\",\"@id\":\"https:\/\/thetreecbd.com\/de\/cbd\/indoor-cali-sweet-kase-cbd-bud-von-kase-o#primaryimage\",\"url\":\"https:\/\/thetreecbd.com\/wp-content\/uploads\/2023\/06\/cali-sweet-kase-cbd.png\",\"contentUrl\":\"https:\/\/thetreecbd.com\/wp-content\/uploads\/2023\/06\/cali-sweet-kase-cbd.png\",\"width\":600,\"height\":720},{\"@type\":\"BreadcrumbList\",\"@id\":\"https:\/\/thetreecbd.com\/de\/cbd\/indoor-cali-sweet-kase-cbd-bud-von-kase-o#breadcrumb\",\"itemListElement\":[{\"@type\":\"ListItem\",\"position\":1,\"name\":\"The Tree\",\"item\":\"https:\/\/thetreecbd.com\/de\"},{\"@type\":\"ListItem\",\"position\":2,\"name\":\"CBD\",\"item\":\"https:\/\/thetreecbd.com\/es\/cbd\"},{\"@type\":\"ListItem\",\"position\":3,\"name\":\"CBD-Bl\u00fcten kaufen\",\"item\":\"https:\/\/thetreecbd.com\/de\/bluten\"},{\"@type\":\"ListItem\",\"position\":4,\"name\":\"Indoor-Bl\u00fcten\",\"item\":\"https:\/\/thetreecbd.com\/de\/bluten\/indoor-bluten\"},{\"@type\":\"ListItem\",\"position\":5,\"name\":\"Indoor Cali Sweet Kase: CBD Bud von Kase.O\"}]},{\"@type\":\"WebSite\",\"@id\":\"https:\/\/thetreecbd.com\/de#website\",\"url\":\"https:\/\/thetreecbd.com\/de\",\"name\":\"The Tree CBD\",\"description\":\"Comprar CBD en Espa\u00f1a Online\",\"publisher\":{\"@id\":\"https:\/\/thetreecbd.com\/de#organization\"},\"potentialAction\":[{\"@type\":\"SearchAction\",\"target\":{\"@type\":\"EntryPoint\",\"urlTemplate\":\"https:\/\/thetreecbd.com\/de?s={search_term_string}\"},\"query-input\":{\"@type\":\"PropertyValueSpecification\",\"valueRequired\":true,\"valueName\":\"search_term_string\"}}],\"inLanguage\":\"de\"},{\"@type\":\"Organization\",\"@id\":\"https:\/\/thetreecbd.com\/de#organization\",\"name\":\"The Tree CBD\",\"url\":\"https:\/\/thetreecbd.com\/de\",\"logo\":{\"@type\":\"ImageObject\",\"inLanguage\":\"de\",\"@id\":\"https:\/\/thetreecbd.com\/de#\/schema\/logo\/image\/\",\"url\":\"https:\/\/thetreecbd.com\/wp-content\/uploads\/2022\/04\/logo-thetree.png\",\"contentUrl\":\"https:\/\/thetreecbd.com\/wp-content\/uploads\/2022\/04\/logo-thetree.png\",\"width\":172,\"height\":55,\"caption\":\"The Tree CBD\"},\"image\":{\"@id\":\"https:\/\/thetreecbd.com\/de#\/schema\/logo\/image\/\"},\"sameAs\":[\"https:\/\/www.facebook.com\/thetreeCBD\/\",\"https:\/\/x.com\/TheTreeCBD_EU\",\"https:\/\/www.instagram.com\/thetree.cbd\/\",\"https:\/\/es.trustpilot.com\/review\/thetreecbd.com\"]}]}<\/script>\n<!-- \/ Yoast SEO plugin. -->","yoast_head_json":{"title":"Indoor Cali Sweet Kase: CBD Bud von Kase.O | The Tree CBD","description":"Entdecken Sie Kase.Os beliebteste kalifornische Bl\u00fctensorte --> Indoor Cali Sweet Case ist eine Bl\u00fcte von h\u00f6chster Qualit\u00e4t, die nur bei The Tree CBD erh\u00e4ltlich ist","robots":{"index":"index","follow":"follow","max-snippet":"max-snippet:-1","max-image-preview":"max-image-preview:large","max-video-preview":"max-video-preview:-1"},"canonical":"https:\/\/thetreecbd.com\/de\/cbd\/indoor-cali-sweet-kase-cbd-bud-von-kase-o","og_locale":"de_DE","og_type":"article","og_title":"Indoor Cali Sweet Kase: CBD Bud von Kase.O | The Tree CBD","og_description":"Entdecken Sie Kase.Os beliebteste kalifornische Bl\u00fctensorte --> Indoor Cali Sweet Case ist eine Bl\u00fcte von h\u00f6chster Qualit\u00e4t, die nur bei The Tree CBD erh\u00e4ltlich ist","og_url":"https:\/\/thetreecbd.com\/de\/cbd\/indoor-cali-sweet-kase-cbd-bud-von-kase-o","og_site_name":"The Tree CBD","article_publisher":"https:\/\/www.facebook.com\/thetreeCBD\/","article_modified_time":"2025-12-02T00:37:34+00:00","og_image":[{"width":600,"height":720,"url":"https:\/\/thetreecbd.com\/wp-content\/uploads\/2023\/06\/cali-sweet-kase-cbd.png","type":"image\/png"}],"twitter_card":"summary_large_image","twitter_site":"@TheTreeCBD_EU","twitter_misc":{"Gesch\u00e4tzte Lesezeit":"5\u00a0Minuten"},"schema":{"@context":"https:\/\/schema.org","@graph":[{"@type":["WebPage","ItemPage"],"@id":"https:\/\/thetreecbd.com\/de\/cbd\/indoor-cali-sweet-kase-cbd-bud-von-kase-o","url":"https:\/\/thetreecbd.com\/de\/cbd\/indoor-cali-sweet-kase-cbd-bud-von-kase-o","name":"Indoor Cali Sweet Kase: CBD Bud von Kase.O | The Tree CBD","isPartOf":{"@id":"https:\/\/thetreecbd.com\/de#website"},"primaryImageOfPage":{"@id":"https:\/\/thetreecbd.com\/de\/cbd\/indoor-cali-sweet-kase-cbd-bud-von-kase-o#primaryimage"},"image":{"@id":"https:\/\/thetreecbd.com\/de\/cbd\/indoor-cali-sweet-kase-cbd-bud-von-kase-o#primaryimage"},"thumbnailUrl":"https:\/\/thetreecbd.com\/wp-content\/uploads\/2023\/06\/cali-sweet-kase-cbd.png","datePublished":"2023-06-27T16:07:07+00:00","dateModified":"2025-12-02T00:37:34+00:00","description":"Entdecken Sie Kase.Os beliebteste kalifornische Bl\u00fctensorte --> Indoor Cali Sweet Case ist eine Bl\u00fcte von h\u00f6chster Qualit\u00e4t, die nur bei The Tree CBD erh\u00e4ltlich ist","breadcrumb":{"@id":"https:\/\/thetreecbd.com\/de\/cbd\/indoor-cali-sweet-kase-cbd-bud-von-kase-o#breadcrumb"},"inLanguage":"de","potentialAction":[{"@type":"ReadAction","target":["https:\/\/thetreecbd.com\/de\/cbd\/indoor-cali-sweet-kase-cbd-bud-von-kase-o"]}]},{"@type":"ImageObject","inLanguage":"de","@id":"https:\/\/thetreecbd.com\/de\/cbd\/indoor-cali-sweet-kase-cbd-bud-von-kase-o#primaryimage","url":"https:\/\/thetreecbd.com\/wp-content\/uploads\/2023\/06\/cali-sweet-kase-cbd.png","contentUrl":"https:\/\/thetreecbd.com\/wp-content\/uploads\/2023\/06\/cali-sweet-kase-cbd.png","width":600,"height":720},{"@type":"BreadcrumbList","@id":"https:\/\/thetreecbd.com\/de\/cbd\/indoor-cali-sweet-kase-cbd-bud-von-kase-o#breadcrumb","itemListElement":[{"@type":"ListItem","position":1,"name":"The Tree","item":"https:\/\/thetreecbd.com\/de"},{"@type":"ListItem","position":2,"name":"CBD","item":"https:\/\/thetreecbd.com\/es\/cbd"},{"@type":"ListItem","position":3,"name":"CBD-Bl\u00fcten kaufen","item":"https:\/\/thetreecbd.com\/de\/bluten"},{"@type":"ListItem","position":4,"name":"Indoor-Bl\u00fcten","item":"https:\/\/thetreecbd.com\/de\/bluten\/indoor-bluten"},{"@type":"ListItem","position":5,"name":"Indoor Cali Sweet Kase: CBD Bud von Kase.O"}]},{"@type":"WebSite","@id":"https:\/\/thetreecbd.com\/de#website","url":"https:\/\/thetreecbd.com\/de","name":"The Tree CBD","description":"Comprar CBD en Espa\u00f1a Online","publisher":{"@id":"https:\/\/thetreecbd.com\/de#organization"},"potentialAction":[{"@type":"SearchAction","target":{"@type":"EntryPoint","urlTemplate":"https:\/\/thetreecbd.com\/de?s={search_term_string}"},"query-input":{"@type":"PropertyValueSpecification","valueRequired":true,"valueName":"search_term_string"}}],"inLanguage":"de"},{"@type":"Organization","@id":"https:\/\/thetreecbd.com\/de#organization","name":"The Tree CBD","url":"https:\/\/thetreecbd.com\/de","logo":{"@type":"ImageObject","inLanguage":"de","@id":"https:\/\/thetreecbd.com\/de#\/schema\/logo\/image\/","url":"https:\/\/thetreecbd.com\/wp-content\/uploads\/2022\/04\/logo-thetree.png","contentUrl":"https:\/\/thetreecbd.com\/wp-content\/uploads\/2022\/04\/logo-thetree.png","width":172,"height":55,"caption":"The Tree CBD"},"image":{"@id":"https:\/\/thetreecbd.com\/de#\/schema\/logo\/image\/"},"sameAs":["https:\/\/www.facebook.com\/thetreeCBD\/","https:\/\/x.com\/TheTreeCBD_EU","https:\/\/www.instagram.com\/thetree.cbd\/","https:\/\/es.trustpilot.com\/review\/thetreecbd.com"]}]}},"_links":{"self":[{"href":"https:\/\/thetreecbd.com\/de\/wp-json\/wp\/v2\/product\/163944","targetHints":{"allow":["GET"]}}],"collection":[{"href":"https:\/\/thetreecbd.com\/de\/wp-json\/wp\/v2\/product"}],"about":[{"href":"https:\/\/thetreecbd.com\/de\/wp-json\/wp\/v2\/types\/product"}],"version-history":[{"count":0,"href":"https:\/\/thetreecbd.com\/de\/wp-json\/wp\/v2\/product\/163944\/revisions"}],"wp:featuredmedia":[{"embeddable":true,"href":"https:\/\/thetreecbd.com\/de\/wp-json\/wp\/v2\/media\/163950"}],"wp:attachment":[{"href":"https:\/\/thetreecbd.com\/de\/wp-json\/wp\/v2\/media?parent=163944"}],"wp:term":[{"taxonomy":"product_brand","embeddable":true,"href":"https:\/\/thetreecbd.com\/de\/wp-json\/wp\/v2\/product_brand?post=163944"}],"curies":[{"name":"wp","href":"https:\/\/api.w.org\/{rel}","templated":true}]}}