{"id":163960,"date":"2024-05-13T10:40:27","date_gmt":"2024-05-13T08:40:27","guid":{"rendered":"https:\/\/thetreecbd.com\/?post_type=product&#038;p=163960"},"modified":"2025-09-04T15:40:34","modified_gmt":"2025-09-04T13:40:34","slug":"kandy-kush-trimmen","status":"publish","type":"product","link":"https:\/\/thetreecbd.com\/de\/cbd\/kandy-kush-trimmen","title":{"rendered":"Kandy Kush trimmen"},"content":{"rendered":"<p><b>Beschreibung<\/b><\/p>\n<p><b>Anwendung<\/b><b><br \/>\n<\/b><span style=\"font-weight: 400;\"> Der <\/span><b>Trim Candy Kush CBD<\/b><span style=\"font-weight: 400;\"> von <\/span><b>The Tree CBD<\/b><span style=\"font-weight: 400;\"> ist eine ausgezeichnete Mischung aus CBD-Bl\u00fcten und den den Bl\u00fcten am n\u00e4chsten liegenden Bl\u00e4ttern, die beim Trimmen der Sorte <\/span><b>Candy Kush CBD<\/b><span style=\"font-weight: 400;\"> gewonnen werden. Mit einem ausgewogenen Cannabinoidprofil und einem s\u00fc\u00dfen, fruchtigen Aroma, das deine Sinne verw\u00f6hnt. Dieser hochwertige Trim wurde sorgf\u00e4ltig ausgew\u00e4hlt und verarbeitet, um ein einzigartiges Erlebnis mit dem k\u00f6stlichen Aroma der Sorte <\/span><b>Candy Kush<\/b><span style=\"font-weight: 400;\"> zu bieten.<\/span><\/p>\n<p><span style=\"font-weight: 400;\">Jede Packung enth\u00e4lt eine pr\u00e4zise Mischung aus Bl\u00fcten und den harzreichen, die Bl\u00fcten umgebenden Bl\u00e4ttern, fein zerkleinert f\u00fcr eine perfekte Konsistenz. Diese Kombination pflanzlichen Materials bewahrt eine hohe Konzentration an Trichomen und Terpenen, was das sensorische Erlebnis intensiviert. Als Trim-Produkt bietet es au\u00dferdem eine preisg\u00fcnstigere Alternative f\u00fcr alle, die die Vorteile von CBD genie\u00dfen m\u00f6chten, ohne auf Qualit\u00e4t zu verzichten.<\/span><\/p>\n<p><span style=\"font-weight: 400;\">Der CBD-Gehalt dieses Trim ist besonders bemerkenswert und bietet eine pr\u00e4zise und verl\u00e4ssliche Konzentration dieses nicht-psychoaktiven Cannabinoids. Mit einem CBD-Gehalt von 12\u202f% ist der <\/span><b>Trim Candy Kush CBD<\/b><span style=\"font-weight: 400;\"> von <\/span><b>The Tree CBD<\/b><span style=\"font-weight: 400;\"> eine hervorragende Wahl f\u00fcr alle, die einen hochwertigen CBD-Trim suchen.<\/span><\/p>\n<p><span style=\"font-weight: 400;\">Der <\/span><b>Trim Candy Kush CBD<\/b><span style=\"font-weight: 400;\"> ist eine au\u00dfergew\u00f6hnliche Option f\u00fcr alle, die einen hochwertigen zerkleinerten Hanf suchen, der ein k\u00f6stliches Aroma mit einem erschwinglichen Preis kombiniert. Dank seiner \u00fcberlegenen Qualit\u00e4t und Vielseitigkeit wird dieses Produkt schnell zu einem unverzichtbaren Begleiter in deinem Alltag.<\/span><\/p>\n<ul>\n<li><b>Merkmale des Trim Candy Kush CBD<\/b><\/li>\n<li><b>Reste von Hanfbl\u00fcten und -bl\u00e4ttern der Sorte Candy Kush CBD<\/b><\/li>\n<li><span style=\"font-weight: 400;\">Weniger als 0,20\u202f% THC<\/span><\/li>\n<li><span style=\"font-weight: 400;\">12\u202f% CBD<\/span><\/li>\n<li><span style=\"font-weight: 400;\">Genetik: Mix aus von der EU zertifizierten Samen<\/span><\/li>\n<li><span style=\"font-weight: 400;\">50\u202f% Sativa \u2013 50\u202f% Indica<\/span><\/li>\n<li><span style=\"font-weight: 400;\">Keine psychoaktive Wirkung<\/span><\/li>\n<li><span style=\"font-weight: 400;\">Organisch angebaut<\/span><\/li>\n<li><span style=\"font-weight: 400;\">GMO-frei<\/span><\/li>\n<li><span style=\"font-weight: 400;\">Pestizidfrei<\/span><\/li>\n<\/ul>\n<p><b>Aroma des Trim Candy Kush CBD<\/b><b><br \/>\n<\/b><span style=\"font-weight: 400;\"> Terpene sind in den meisten \u00e4therischen \u00d6len vieler Pflanzen, Blumen und Fr\u00fcchte enthalten und verantwortlich f\u00fcr Geruch und Geschmack. Auch Cannabis bietet ein breites Terpenprofil.<\/span><\/p>\n","protected":false},"excerpt":{"rendered":"<ul>\n<li><b>Reste von Hanfbl\u00fcten und -bl\u00e4ttern der Sorte Purple Punch CBD<\/b><\/li>\n<li><span style=\"font-weight: 400;\">Weniger als 0,20\u202f% THC<\/span><\/li>\n<li><span style=\"font-weight: 400;\">12\u202f% bis 14\u202f% CBD<\/span><\/li>\n<li><span style=\"font-weight: 400;\">Genetik: Mix aus von der EU zertifizierten Samen<\/span><\/li>\n<li><span style=\"font-weight: 400;\">50\u202f% Sativa \u2013 50\u202f% Indica<\/span><\/li>\n<li><span style=\"font-weight: 400;\">Keine psychoaktive Wirkung<\/span><\/li>\n<li><span style=\"font-weight: 400;\">Organisch angebaut<\/span><\/li>\n<li><span style=\"font-weight: 400;\">GMO-frei<\/span><\/li>\n<li><span style=\"font-weight: 400;\">Pestizidfrei<\/span><\/li>\n<\/ul>\n","protected":false},"featured_media":182714,"template":"","meta":{"_acf_changed":false},"product_brand":[],"class_list":{"0":"post-163960","1":"product","2":"type-product","3":"status-publish","4":"has-post-thumbnail","6":"product_cat-bluten","7":"product_cat-cbd-trim-de","8":"product_cat-produkte-mit-10-cbd","10":"first","11":"instock","12":"taxable","13":"shipping-taxable","14":"purchasable","15":"product-type-variable"},"acf":[],"yoast_head":"<!-- This site is optimized with the Yoast SEO plugin v26.3 - https:\/\/yoast.com\/wordpress\/plugins\/seo\/ -->\n<title>Kandy Kush trimmen 12% CBD | The Tree CBD<\/title>\n<meta name=\"description\" content=\"Gehackte Bl\u00fcten und Bl\u00e4tter der Sorte Candy Kush CBD mit einer CBD-Konzentration von bis zu 14%. Entdecken Sie den gehackten Hanf und probieren Sie das Trim Candy Kush von The Tree CBD.\" \/>\n<meta name=\"robots\" content=\"index, follow, max-snippet:-1, max-image-preview:large, max-video-preview:-1\" \/>\n<link rel=\"canonical\" href=\"https:\/\/thetreecbd.com\/de\/cbd\/kandy-kush-trimmen\" \/>\n<meta property=\"og:locale\" content=\"de_DE\" \/>\n<meta property=\"og:type\" content=\"article\" \/>\n<meta property=\"og:title\" content=\"Kandy Kush trimmen 12% CBD | The Tree CBD\" \/>\n<meta property=\"og:description\" content=\"Gehackte Bl\u00fcten und Bl\u00e4tter der Sorte Candy Kush CBD mit einer CBD-Konzentration von bis zu 14%. Entdecken Sie den gehackten Hanf und probieren Sie das Trim Candy Kush von The Tree CBD.\" \/>\n<meta property=\"og:url\" content=\"https:\/\/thetreecbd.com\/de\/cbd\/kandy-kush-trimmen\" \/>\n<meta property=\"og:site_name\" content=\"The Tree CBD\" \/>\n<meta property=\"article:publisher\" content=\"https:\/\/www.facebook.com\/thetreeCBD\/\" \/>\n<meta property=\"article:modified_time\" content=\"2025-09-04T13:40:34+00:00\" \/>\n<meta property=\"og:image\" content=\"https:\/\/thetreecbd.com\/wp-content\/uploads\/2024\/04\/Trim-candy-kush-thetree-web.jpg\" \/>\n\t<meta property=\"og:image:width\" content=\"1080\" \/>\n\t<meta property=\"og:image:height\" content=\"1350\" \/>\n\t<meta property=\"og:image:type\" content=\"image\/jpeg\" \/>\n<meta name=\"twitter:card\" content=\"summary_large_image\" \/>\n<meta name=\"twitter:site\" content=\"@TheTreeCBD_EU\" \/>\n<meta name=\"twitter:label1\" content=\"Gesch\u00e4tzte Lesezeit\" \/>\n\t<meta name=\"twitter:data1\" content=\"2\u00a0Minuten\" \/>\n<script type=\"application\/ld+json\" class=\"yoast-schema-graph\">{\"@context\":\"https:\/\/schema.org\",\"@graph\":[{\"@type\":[\"WebPage\",\"ItemPage\"],\"@id\":\"https:\/\/thetreecbd.com\/de\/cbd\/kandy-kush-trimmen\",\"url\":\"https:\/\/thetreecbd.com\/de\/cbd\/kandy-kush-trimmen\",\"name\":\"Kandy Kush trimmen 12% CBD | The Tree CBD\",\"isPartOf\":{\"@id\":\"https:\/\/thetreecbd.com\/de#website\"},\"primaryImageOfPage\":{\"@id\":\"https:\/\/thetreecbd.com\/de\/cbd\/kandy-kush-trimmen#primaryimage\"},\"image\":{\"@id\":\"https:\/\/thetreecbd.com\/de\/cbd\/kandy-kush-trimmen#primaryimage\"},\"thumbnailUrl\":\"https:\/\/thetreecbd.com\/wp-content\/uploads\/2024\/04\/Trim-candy-kush-thetree-web.jpg\",\"datePublished\":\"2024-05-13T08:40:27+00:00\",\"dateModified\":\"2025-09-04T13:40:34+00:00\",\"description\":\"Gehackte Bl\u00fcten und Bl\u00e4tter der Sorte Candy Kush CBD mit einer CBD-Konzentration von bis zu 14%. Entdecken Sie den gehackten Hanf und probieren Sie das Trim Candy Kush von The Tree CBD.\",\"breadcrumb\":{\"@id\":\"https:\/\/thetreecbd.com\/de\/cbd\/kandy-kush-trimmen#breadcrumb\"},\"inLanguage\":\"de\",\"potentialAction\":[{\"@type\":\"ReadAction\",\"target\":[\"https:\/\/thetreecbd.com\/de\/cbd\/kandy-kush-trimmen\"]}]},{\"@type\":\"ImageObject\",\"inLanguage\":\"de\",\"@id\":\"https:\/\/thetreecbd.com\/de\/cbd\/kandy-kush-trimmen#primaryimage\",\"url\":\"https:\/\/thetreecbd.com\/wp-content\/uploads\/2024\/04\/Trim-candy-kush-thetree-web.jpg\",\"contentUrl\":\"https:\/\/thetreecbd.com\/wp-content\/uploads\/2024\/04\/Trim-candy-kush-thetree-web.jpg\",\"width\":1080,\"height\":1350},{\"@type\":\"BreadcrumbList\",\"@id\":\"https:\/\/thetreecbd.com\/de\/cbd\/kandy-kush-trimmen#breadcrumb\",\"itemListElement\":[{\"@type\":\"ListItem\",\"position\":1,\"name\":\"The Tree\",\"item\":\"https:\/\/thetreecbd.com\/de\"},{\"@type\":\"ListItem\",\"position\":2,\"name\":\"CBD\",\"item\":\"https:\/\/thetreecbd.com\/es\/cbd\"},{\"@type\":\"ListItem\",\"position\":3,\"name\":\"CBD-Bl\u00fcten kaufen\",\"item\":\"https:\/\/thetreecbd.com\/de\/bluten\"},{\"@type\":\"ListItem\",\"position\":4,\"name\":\"CBD-Trim zerkleinerte Bl\u00fcten\",\"item\":\"https:\/\/thetreecbd.com\/de\/bluten\/cbd-trim-de\"},{\"@type\":\"ListItem\",\"position\":5,\"name\":\"Kandy Kush trimmen\"}]},{\"@type\":\"WebSite\",\"@id\":\"https:\/\/thetreecbd.com\/de#website\",\"url\":\"https:\/\/thetreecbd.com\/de\",\"name\":\"The Tree CBD\",\"description\":\"Comprar CBD en Espa\u00f1a Online\",\"publisher\":{\"@id\":\"https:\/\/thetreecbd.com\/de#organization\"},\"potentialAction\":[{\"@type\":\"SearchAction\",\"target\":{\"@type\":\"EntryPoint\",\"urlTemplate\":\"https:\/\/thetreecbd.com\/de?s={search_term_string}\"},\"query-input\":{\"@type\":\"PropertyValueSpecification\",\"valueRequired\":true,\"valueName\":\"search_term_string\"}}],\"inLanguage\":\"de\"},{\"@type\":\"Organization\",\"@id\":\"https:\/\/thetreecbd.com\/de#organization\",\"name\":\"The Tree CBD\",\"url\":\"https:\/\/thetreecbd.com\/de\",\"logo\":{\"@type\":\"ImageObject\",\"inLanguage\":\"de\",\"@id\":\"https:\/\/thetreecbd.com\/de#\/schema\/logo\/image\/\",\"url\":\"https:\/\/thetreecbd.com\/wp-content\/uploads\/2022\/04\/logo-thetree.png\",\"contentUrl\":\"https:\/\/thetreecbd.com\/wp-content\/uploads\/2022\/04\/logo-thetree.png\",\"width\":172,\"height\":55,\"caption\":\"The Tree CBD\"},\"image\":{\"@id\":\"https:\/\/thetreecbd.com\/de#\/schema\/logo\/image\/\"},\"sameAs\":[\"https:\/\/www.facebook.com\/thetreeCBD\/\",\"https:\/\/x.com\/TheTreeCBD_EU\",\"https:\/\/www.instagram.com\/thetree.cbd\/\",\"https:\/\/es.trustpilot.com\/review\/thetreecbd.com\"]}]}<\/script>\n<!-- \/ Yoast SEO plugin. -->","yoast_head_json":{"title":"Kandy Kush trimmen 12% CBD | The Tree CBD","description":"Gehackte Bl\u00fcten und Bl\u00e4tter der Sorte Candy Kush CBD mit einer CBD-Konzentration von bis zu 14%. Entdecken Sie den gehackten Hanf und probieren Sie das Trim Candy Kush von The Tree CBD.","robots":{"index":"index","follow":"follow","max-snippet":"max-snippet:-1","max-image-preview":"max-image-preview:large","max-video-preview":"max-video-preview:-1"},"canonical":"https:\/\/thetreecbd.com\/de\/cbd\/kandy-kush-trimmen","og_locale":"de_DE","og_type":"article","og_title":"Kandy Kush trimmen 12% CBD | The Tree CBD","og_description":"Gehackte Bl\u00fcten und Bl\u00e4tter der Sorte Candy Kush CBD mit einer CBD-Konzentration von bis zu 14%. Entdecken Sie den gehackten Hanf und probieren Sie das Trim Candy Kush von The Tree CBD.","og_url":"https:\/\/thetreecbd.com\/de\/cbd\/kandy-kush-trimmen","og_site_name":"The Tree CBD","article_publisher":"https:\/\/www.facebook.com\/thetreeCBD\/","article_modified_time":"2025-09-04T13:40:34+00:00","og_image":[{"width":1080,"height":1350,"url":"https:\/\/thetreecbd.com\/wp-content\/uploads\/2024\/04\/Trim-candy-kush-thetree-web.jpg","type":"image\/jpeg"}],"twitter_card":"summary_large_image","twitter_site":"@TheTreeCBD_EU","twitter_misc":{"Gesch\u00e4tzte Lesezeit":"2\u00a0Minuten"},"schema":{"@context":"https:\/\/schema.org","@graph":[{"@type":["WebPage","ItemPage"],"@id":"https:\/\/thetreecbd.com\/de\/cbd\/kandy-kush-trimmen","url":"https:\/\/thetreecbd.com\/de\/cbd\/kandy-kush-trimmen","name":"Kandy Kush trimmen 12% CBD | The Tree CBD","isPartOf":{"@id":"https:\/\/thetreecbd.com\/de#website"},"primaryImageOfPage":{"@id":"https:\/\/thetreecbd.com\/de\/cbd\/kandy-kush-trimmen#primaryimage"},"image":{"@id":"https:\/\/thetreecbd.com\/de\/cbd\/kandy-kush-trimmen#primaryimage"},"thumbnailUrl":"https:\/\/thetreecbd.com\/wp-content\/uploads\/2024\/04\/Trim-candy-kush-thetree-web.jpg","datePublished":"2024-05-13T08:40:27+00:00","dateModified":"2025-09-04T13:40:34+00:00","description":"Gehackte Bl\u00fcten und Bl\u00e4tter der Sorte Candy Kush CBD mit einer CBD-Konzentration von bis zu 14%. Entdecken Sie den gehackten Hanf und probieren Sie das Trim Candy Kush von The Tree CBD.","breadcrumb":{"@id":"https:\/\/thetreecbd.com\/de\/cbd\/kandy-kush-trimmen#breadcrumb"},"inLanguage":"de","potentialAction":[{"@type":"ReadAction","target":["https:\/\/thetreecbd.com\/de\/cbd\/kandy-kush-trimmen"]}]},{"@type":"ImageObject","inLanguage":"de","@id":"https:\/\/thetreecbd.com\/de\/cbd\/kandy-kush-trimmen#primaryimage","url":"https:\/\/thetreecbd.com\/wp-content\/uploads\/2024\/04\/Trim-candy-kush-thetree-web.jpg","contentUrl":"https:\/\/thetreecbd.com\/wp-content\/uploads\/2024\/04\/Trim-candy-kush-thetree-web.jpg","width":1080,"height":1350},{"@type":"BreadcrumbList","@id":"https:\/\/thetreecbd.com\/de\/cbd\/kandy-kush-trimmen#breadcrumb","itemListElement":[{"@type":"ListItem","position":1,"name":"The Tree","item":"https:\/\/thetreecbd.com\/de"},{"@type":"ListItem","position":2,"name":"CBD","item":"https:\/\/thetreecbd.com\/es\/cbd"},{"@type":"ListItem","position":3,"name":"CBD-Bl\u00fcten kaufen","item":"https:\/\/thetreecbd.com\/de\/bluten"},{"@type":"ListItem","position":4,"name":"CBD-Trim zerkleinerte Bl\u00fcten","item":"https:\/\/thetreecbd.com\/de\/bluten\/cbd-trim-de"},{"@type":"ListItem","position":5,"name":"Kandy Kush trimmen"}]},{"@type":"WebSite","@id":"https:\/\/thetreecbd.com\/de#website","url":"https:\/\/thetreecbd.com\/de","name":"The Tree CBD","description":"Comprar CBD en Espa\u00f1a Online","publisher":{"@id":"https:\/\/thetreecbd.com\/de#organization"},"potentialAction":[{"@type":"SearchAction","target":{"@type":"EntryPoint","urlTemplate":"https:\/\/thetreecbd.com\/de?s={search_term_string}"},"query-input":{"@type":"PropertyValueSpecification","valueRequired":true,"valueName":"search_term_string"}}],"inLanguage":"de"},{"@type":"Organization","@id":"https:\/\/thetreecbd.com\/de#organization","name":"The Tree CBD","url":"https:\/\/thetreecbd.com\/de","logo":{"@type":"ImageObject","inLanguage":"de","@id":"https:\/\/thetreecbd.com\/de#\/schema\/logo\/image\/","url":"https:\/\/thetreecbd.com\/wp-content\/uploads\/2022\/04\/logo-thetree.png","contentUrl":"https:\/\/thetreecbd.com\/wp-content\/uploads\/2022\/04\/logo-thetree.png","width":172,"height":55,"caption":"The Tree CBD"},"image":{"@id":"https:\/\/thetreecbd.com\/de#\/schema\/logo\/image\/"},"sameAs":["https:\/\/www.facebook.com\/thetreeCBD\/","https:\/\/x.com\/TheTreeCBD_EU","https:\/\/www.instagram.com\/thetree.cbd\/","https:\/\/es.trustpilot.com\/review\/thetreecbd.com"]}]}},"_links":{"self":[{"href":"https:\/\/thetreecbd.com\/de\/wp-json\/wp\/v2\/product\/163960","targetHints":{"allow":["GET"]}}],"collection":[{"href":"https:\/\/thetreecbd.com\/de\/wp-json\/wp\/v2\/product"}],"about":[{"href":"https:\/\/thetreecbd.com\/de\/wp-json\/wp\/v2\/types\/product"}],"version-history":[{"count":0,"href":"https:\/\/thetreecbd.com\/de\/wp-json\/wp\/v2\/product\/163960\/revisions"}],"wp:featuredmedia":[{"embeddable":true,"href":"https:\/\/thetreecbd.com\/de\/wp-json\/wp\/v2\/media\/182714"}],"wp:attachment":[{"href":"https:\/\/thetreecbd.com\/de\/wp-json\/wp\/v2\/media?parent=163960"}],"wp:term":[{"taxonomy":"product_brand","embeddable":true,"href":"https:\/\/thetreecbd.com\/de\/wp-json\/wp\/v2\/product_brand?post=163960"}],"curies":[{"name":"wp","href":"https:\/\/api.w.org\/{rel}","templated":true}]}}