{"id":163967,"date":"2024-05-10T12:34:53","date_gmt":"2024-05-10T10:34:53","guid":{"rendered":"https:\/\/thetreecbd.com\/cbd\/trim-purple-punch-cbd-gehackte-knospen"},"modified":"2024-05-10T12:34:53","modified_gmt":"2024-05-10T10:34:53","slug":"trim-purple-punch-cbd-gehackte-knospen","status":"publish","type":"product","link":"https:\/\/thetreecbd.com\/de\/cbd\/trim-purple-punch-cbd-gehackte-knospen","title":{"rendered":"Trim Purple Punch CBD. Gehackte Knospen"},"content":{"rendered":"<p><b>Beschreibung<\/b><\/p>\n<p><b><br \/>\n<\/b><span style=\"font-weight: 400;\"> Der <\/span><b>Trim Purple Punch<\/b><span style=\"font-weight: 400;\"> von <\/span><b>The Tree CBD<\/b><span style=\"font-weight: 400;\"> ist ein zerkleinertes Gemisch aus CBD-Bl\u00fcten und -Bl\u00e4ttern, das aufgrund seines aromatischen Profils gro\u00dfe Beliebtheit genie\u00dft. Bekannt f\u00fcr seinen reichen Duft nach reifen Beeren sowie sein s\u00fc\u00dfes, fruchtiges Aroma ist dieser indica-dominante Hybrid eine wahre Freude f\u00fcr die Sinne.<\/span><\/p>\n<p><span style=\"font-weight: 400;\">Der <\/span><b>Trim Purple Punch<\/b><span style=\"font-weight: 400;\"> stammt aus einer Sorte, die sorgf\u00e4ltig kultiviert wurde, um ihre Eigenschaften zu maximieren. Mit hohem <\/span><b>CBD-Gehalt<\/b><span style=\"font-weight: 400;\"> und geringem <\/span><b>THC-Anteil<\/b><span style=\"font-weight: 400;\"> bietet er die wohltuende Wirkung von Cannabis ohne psychoaktive Effekte. Das macht ihn zur idealen Wahl f\u00fcr alle, die einen besonderen und hochwertigen Trim suchen.<\/span><\/p>\n<p><span style=\"font-weight: 400;\">Auch optisch entt\u00e4uscht der <\/span><b>Trim Purple Punch<\/b><span style=\"font-weight: 400;\"> nicht: Die zerkleinerten Bl\u00fcten und Bl\u00e4tter zeigen sch\u00f6ne lila und dunkelgr\u00fcne Farbt\u00f6ne, die ihm ein beeindruckendes Aussehen verleihen. Seine dichte Struktur und gl\u00e4nzenden Trichome sorgen f\u00fcr zus\u00e4tzlichen visuellen Reiz und machen diese Sorte auch f\u00fcrs Auge zu einem Erlebnis.<\/span><\/p>\n<p><span style=\"font-weight: 400;\">Kurz gesagt: Der <\/span><b>Trim Purple Punch CBD<\/b><span style=\"font-weight: 400;\"> von <\/span><b>The Tree CBD<\/b><span style=\"font-weight: 400;\"> ist ein Trim aus einer Sorte, die k\u00f6stliches Aroma mit einem einzigartigen Aussehen vereint.<\/span><\/p>\n<p><b>Merkmale des Trim Purple Punch CBD<\/b><\/p>\n<ul>\n<li><b>Reste von Hanfbl\u00fcten und -bl\u00e4ttern der Sorte Purple Punch CBD<\/b><\/li>\n<li><span style=\"font-weight: 400;\">Weniger als 0,20\u202f% THC<\/span><\/li>\n<li><span style=\"font-weight: 400;\">12\u202f% bis 14\u202f% CBD<\/span><\/li>\n<li><span style=\"font-weight: 400;\">Genetik: Mix aus von der EU zertifizierten Samen<\/span><\/li>\n<li><span style=\"font-weight: 400;\">50\u202f% Sativa \u2013 50\u202f% Indica<\/span><\/li>\n<li><span style=\"font-weight: 400;\">Keine psychoaktive Wirkung<\/span><\/li>\n<li><span style=\"font-weight: 400;\">Organisch angebaut<\/span><\/li>\n<li><span style=\"font-weight: 400;\">GMO-frei<\/span><\/li>\n<li><span style=\"font-weight: 400;\">Pestizidfrei<\/span><\/li>\n<\/ul>\n<p><b>Aroma des Trim Purple Punch CBD<\/b><b><br \/>\n<\/b><span style=\"font-weight: 400;\"> Terpene sind in den meisten \u00e4therischen \u00d6len vieler Pflanzen, Blumen und Fr\u00fcchte enthalten und verantwortlich f\u00fcr Geruch und Geschmack. Auch Cannabis bietet ein breites Terpenprofil.<\/span><\/p>\n<p><span style=\"font-weight: 400;\">Das Aroma des <\/span><b>Trim Purple Punch CBD<\/b><span style=\"font-weight: 400;\"> verw\u00f6hnt die Sinne mit seinem s\u00fc\u00dfen und fruchtigen Duft.<\/span><\/p>\n<p><b>Zielgruppe<\/b><b><br \/>\n<\/b><span style=\"font-weight: 400;\"> Trim ist f\u00fcr jene K\u00e4ufer gedacht, die gewohnte Qualit\u00e4t zu einem niedrigeren Preis suchen.<\/span><\/p>\n<p><span style=\"font-weight: 400;\">Als Nebenprodukt oder Verschnitt bietet dieser Trim Zugang zu einer Mischung verschiedener Sorten zu einem sehr g\u00fcnstigen Preis \u2013 jedoch stets mit der gewohnten Qualit\u00e4t von <\/span><b>The Tree CBD<\/b><span style=\"font-weight: 400;\">.<\/span><\/p>\n<p><b>Sicherheitshinweis<\/b><b><br \/>\n<\/b><span style=\"font-weight: 400;\"> Bitte beachten: Der <\/span><b>CBD-Trim von The Tree<\/b><span style=\"font-weight: 400;\"> ist ein dekoratives, sammelbares und aromatisches Produkt. Nicht w\u00e4hrend der Schwangerschaft oder Stillzeit verwenden. Au\u00dferhalb der Reichweite von Kindern aufbewahren.<\/span><\/p>\n<p><span style=\"font-weight: 400;\">Unser CBD-Trim kann geringe Mengen an THC enthalten, nat\u00fcrlich unter dem EU-Grenzwert von 0,2\u202f% THC.<\/span><\/p>\n<p><span style=\"font-weight: 400;\">Die bereitgestellten Informationen dienen ausschlie\u00dflich Schulungs- und Informationszwecken und ersetzen in keiner Weise die medizinische Beratung durch Arzt oder Apotheker. Unsere Texte sind nicht zur eigenst\u00e4ndigen Diagnose oder Behandlung von Krankheiten bestimmt.<\/span><\/p>\n<p><span style=\"font-weight: 400;\">Kontaktieren Sie uns gerne bei weiteren Fragen.<\/span><\/p>\n<p><b>Lagerung<\/b><b><br \/>\n<\/b><span style=\"font-weight: 400;\"> Der CBD-Trim von <\/span><b>The Tree<\/b><span style=\"font-weight: 400;\"> sollte idealerweise k\u00fchl, trocken, lichtgesch\u00fctzt und fern von starken Ger\u00fcchen aufbewahrt werden, um jegliche Kontamination oder Abbau zu vermeiden. Direkte Sonneneinstrahlung und Hitze vermeiden.<\/span><\/p>\n<p><b>Achtung:<\/b><span style=\"font-weight: 400;\"> Die angegebene Haltbarkeit betr\u00e4gt einen Monat bei sachgem\u00e4\u00dfer Lagerung.<\/span><\/p>\n<p><span style=\"font-weight: 400;\">In Spanien sind CBD-Bl\u00fcten laut aktueller Gesetzeslage ausschlie\u00dflich zur dekorativen, aromatischen und\/oder sammlerischen Verwendung bestimmt.<\/span><\/p>\n<p><span style=\"font-weight: 400;\">In anderen L\u00e4ndern wie den USA, Kanada, der Schweiz, Luxemburg oder Tschechien ist der Verkauf von CBD-Cannabis zum Rauchen oder Verdampfen erlaubt. Daher gibt es heutzutage viele Nutzer, die diese Konsumform nutzen, um die zugeschriebenen Vorteile von Cannabidiol zu erleben \u2013 ohne die psychoaktiven Effekte von THC, wie sie bei traditionellem Marihuana auftreten.<\/span><\/p>\n<p><span style=\"font-weight: 400;\">In L\u00e4ndern, in denen das Rauchen von CBD legal ist, berichten Nutzer, dass diese Konsumform vor allem wegen ihrer schnellen Wirkung beliebt ist. Allerdings ist es schwieriger, die aufgenommene Cannabidiol-Menge genau zu bestimmen, und die Wirkung ist meist k\u00fcrzer als bei anderen Anwendungen.<\/span><\/p>\n<p><b>Wichtig:<\/b><span style=\"font-weight: 400;\"> Das Rauchen von CBD \u2013 entsprechend der legalen Nutzung in bestimmten L\u00e4ndern (nicht Spanien) \u2013 verursacht <\/span><b>keine psychoaktiven Effekte<\/b><span style=\"font-weight: 400;\">, also nicht das \u201eHigh\u201c, das THC-haltiges Marihuana ausl\u00f6st.<\/span><\/p>\n","protected":false},"excerpt":{"rendered":"<ul>\n<li><b>Reste von Hanfbl\u00fcten und -bl\u00e4ttern der Sorte Purple Punch CBD<\/b><\/li>\n<li><span style=\"font-weight: 400;\">Weniger als 0,20\u202f% THC<\/span><\/li>\n<li><span style=\"font-weight: 400;\">12\u202f% bis 14\u202f% CBD<\/span><\/li>\n<li><span style=\"font-weight: 400;\">Genetik: Mix aus von der EU zertifizierten Samen<\/span><\/li>\n<li><span style=\"font-weight: 400;\">50\u202f% Sativa \u2013 50\u202f% Indica<\/span><\/li>\n<li><span style=\"font-weight: 400;\">Keine psychoaktive Wirkung<\/span><\/li>\n<li><span style=\"font-weight: 400;\">Organisch angebaut<\/span><\/li>\n<li><span style=\"font-weight: 400;\">GMO-frei<\/span><\/li>\n<li><span style=\"font-weight: 400;\">Pestizidfrei<\/span><\/li>\n<\/ul>\n","protected":false},"featured_media":182732,"template":"","meta":{"_acf_changed":false},"product_brand":[],"class_list":{"0":"post-163967","1":"product","2":"type-product","3":"status-publish","4":"has-post-thumbnail","6":"product_cat-bluten","7":"product_cat-cbd-trim-de","8":"product_cat-produkte-mit-10-cbd","10":"first","11":"instock","12":"taxable","13":"shipping-taxable","14":"purchasable","15":"product-type-variable"},"acf":[],"yoast_head":"<!-- This site is optimized with the Yoast SEO plugin v26.3 - https:\/\/yoast.com\/wordpress\/plugins\/seo\/ -->\n<title>Trim Purple Punch CBD. Gehackte Knospen - Hasta 14% CBD | The Tree CBD<\/title>\n<meta name=\"description\" content=\"Gehackte Bl\u00fcten und Bl\u00e4tter der Sorte Purple Punch CBD mit einem CBD-Gehalt von bis zu 14 %. Entdecken Sie zerkleinerten Hanf und probieren Sie Trim Purple Punch von The Tree CBD\" \/>\n<meta name=\"robots\" content=\"index, follow, max-snippet:-1, max-image-preview:large, max-video-preview:-1\" \/>\n<link rel=\"canonical\" href=\"https:\/\/thetreecbd.com\/de\/cbd\/trim-purple-punch-cbd-gehackte-knospen\" \/>\n<meta property=\"og:locale\" content=\"de_DE\" \/>\n<meta property=\"og:type\" content=\"article\" \/>\n<meta property=\"og:title\" content=\"Trim Purple Punch CBD. Gehackte Knospen - Hasta 14% CBD | The Tree CBD\" \/>\n<meta property=\"og:description\" content=\"Gehackte Bl\u00fcten und Bl\u00e4tter der Sorte Purple Punch CBD mit einem CBD-Gehalt von bis zu 14 %. Entdecken Sie zerkleinerten Hanf und probieren Sie Trim Purple Punch von The Tree CBD\" \/>\n<meta property=\"og:url\" content=\"https:\/\/thetreecbd.com\/de\/cbd\/trim-purple-punch-cbd-gehackte-knospen\" \/>\n<meta property=\"og:site_name\" content=\"The Tree CBD\" \/>\n<meta property=\"article:publisher\" content=\"https:\/\/www.facebook.com\/thetreeCBD\/\" \/>\n<meta property=\"og:image\" content=\"https:\/\/thetreecbd.com\/wp-content\/uploads\/2024\/04\/Trim-purple-punch-thetreecbd-web.jpg\" \/>\n\t<meta property=\"og:image:width\" content=\"1080\" \/>\n\t<meta property=\"og:image:height\" content=\"1350\" \/>\n\t<meta property=\"og:image:type\" content=\"image\/jpeg\" \/>\n<meta name=\"twitter:card\" content=\"summary_large_image\" \/>\n<meta name=\"twitter:site\" content=\"@TheTreeCBD_EU\" \/>\n<meta name=\"twitter:label1\" content=\"Gesch\u00e4tzte Lesezeit\" \/>\n\t<meta name=\"twitter:data1\" content=\"3\u00a0Minuten\" \/>\n<script type=\"application\/ld+json\" class=\"yoast-schema-graph\">{\"@context\":\"https:\/\/schema.org\",\"@graph\":[{\"@type\":[\"WebPage\",\"ItemPage\"],\"@id\":\"https:\/\/thetreecbd.com\/de\/cbd\/trim-purple-punch-cbd-gehackte-knospen\",\"url\":\"https:\/\/thetreecbd.com\/de\/cbd\/trim-purple-punch-cbd-gehackte-knospen\",\"name\":\"Trim Purple Punch CBD. Gehackte Knospen - Hasta 14% CBD | The Tree CBD\",\"isPartOf\":{\"@id\":\"https:\/\/thetreecbd.com\/de#website\"},\"primaryImageOfPage\":{\"@id\":\"https:\/\/thetreecbd.com\/de\/cbd\/trim-purple-punch-cbd-gehackte-knospen#primaryimage\"},\"image\":{\"@id\":\"https:\/\/thetreecbd.com\/de\/cbd\/trim-purple-punch-cbd-gehackte-knospen#primaryimage\"},\"thumbnailUrl\":\"https:\/\/thetreecbd.com\/wp-content\/uploads\/2024\/04\/Trim-purple-punch-thetreecbd-web.jpg\",\"datePublished\":\"2024-05-10T10:34:53+00:00\",\"description\":\"Gehackte Bl\u00fcten und Bl\u00e4tter der Sorte Purple Punch CBD mit einem CBD-Gehalt von bis zu 14 %. Entdecken Sie zerkleinerten Hanf und probieren Sie Trim Purple Punch von The Tree CBD\",\"breadcrumb\":{\"@id\":\"https:\/\/thetreecbd.com\/de\/cbd\/trim-purple-punch-cbd-gehackte-knospen#breadcrumb\"},\"inLanguage\":\"de\",\"potentialAction\":[{\"@type\":\"ReadAction\",\"target\":[\"https:\/\/thetreecbd.com\/de\/cbd\/trim-purple-punch-cbd-gehackte-knospen\"]}]},{\"@type\":\"ImageObject\",\"inLanguage\":\"de\",\"@id\":\"https:\/\/thetreecbd.com\/de\/cbd\/trim-purple-punch-cbd-gehackte-knospen#primaryimage\",\"url\":\"https:\/\/thetreecbd.com\/wp-content\/uploads\/2024\/04\/Trim-purple-punch-thetreecbd-web.jpg\",\"contentUrl\":\"https:\/\/thetreecbd.com\/wp-content\/uploads\/2024\/04\/Trim-purple-punch-thetreecbd-web.jpg\",\"width\":1080,\"height\":1350},{\"@type\":\"BreadcrumbList\",\"@id\":\"https:\/\/thetreecbd.com\/de\/cbd\/trim-purple-punch-cbd-gehackte-knospen#breadcrumb\",\"itemListElement\":[{\"@type\":\"ListItem\",\"position\":1,\"name\":\"The Tree\",\"item\":\"https:\/\/thetreecbd.com\/de\"},{\"@type\":\"ListItem\",\"position\":2,\"name\":\"CBD\",\"item\":\"https:\/\/thetreecbd.com\/es\/cbd\"},{\"@type\":\"ListItem\",\"position\":3,\"name\":\"CBD-Bl\u00fcten kaufen\",\"item\":\"https:\/\/thetreecbd.com\/de\/bluten\"},{\"@type\":\"ListItem\",\"position\":4,\"name\":\"CBD-Trim zerkleinerte Bl\u00fcten\",\"item\":\"https:\/\/thetreecbd.com\/de\/bluten\/cbd-trim-de\"},{\"@type\":\"ListItem\",\"position\":5,\"name\":\"Trim Purple Punch CBD. Gehackte Knospen\"}]},{\"@type\":\"WebSite\",\"@id\":\"https:\/\/thetreecbd.com\/de#website\",\"url\":\"https:\/\/thetreecbd.com\/de\",\"name\":\"The Tree CBD\",\"description\":\"Comprar CBD en Espa\u00f1a Online\",\"publisher\":{\"@id\":\"https:\/\/thetreecbd.com\/de#organization\"},\"potentialAction\":[{\"@type\":\"SearchAction\",\"target\":{\"@type\":\"EntryPoint\",\"urlTemplate\":\"https:\/\/thetreecbd.com\/de?s={search_term_string}\"},\"query-input\":{\"@type\":\"PropertyValueSpecification\",\"valueRequired\":true,\"valueName\":\"search_term_string\"}}],\"inLanguage\":\"de\"},{\"@type\":\"Organization\",\"@id\":\"https:\/\/thetreecbd.com\/de#organization\",\"name\":\"The Tree CBD\",\"url\":\"https:\/\/thetreecbd.com\/de\",\"logo\":{\"@type\":\"ImageObject\",\"inLanguage\":\"de\",\"@id\":\"https:\/\/thetreecbd.com\/de#\/schema\/logo\/image\/\",\"url\":\"https:\/\/thetreecbd.com\/wp-content\/uploads\/2022\/04\/logo-thetree.png\",\"contentUrl\":\"https:\/\/thetreecbd.com\/wp-content\/uploads\/2022\/04\/logo-thetree.png\",\"width\":172,\"height\":55,\"caption\":\"The Tree CBD\"},\"image\":{\"@id\":\"https:\/\/thetreecbd.com\/de#\/schema\/logo\/image\/\"},\"sameAs\":[\"https:\/\/www.facebook.com\/thetreeCBD\/\",\"https:\/\/x.com\/TheTreeCBD_EU\",\"https:\/\/www.instagram.com\/thetree.cbd\/\",\"https:\/\/es.trustpilot.com\/review\/thetreecbd.com\"]}]}<\/script>\n<!-- \/ Yoast SEO plugin. -->","yoast_head_json":{"title":"Trim Purple Punch CBD. Gehackte Knospen - Hasta 14% CBD | The Tree CBD","description":"Gehackte Bl\u00fcten und Bl\u00e4tter der Sorte Purple Punch CBD mit einem CBD-Gehalt von bis zu 14 %. Entdecken Sie zerkleinerten Hanf und probieren Sie Trim Purple Punch von The Tree CBD","robots":{"index":"index","follow":"follow","max-snippet":"max-snippet:-1","max-image-preview":"max-image-preview:large","max-video-preview":"max-video-preview:-1"},"canonical":"https:\/\/thetreecbd.com\/de\/cbd\/trim-purple-punch-cbd-gehackte-knospen","og_locale":"de_DE","og_type":"article","og_title":"Trim Purple Punch CBD. Gehackte Knospen - Hasta 14% CBD | The Tree CBD","og_description":"Gehackte Bl\u00fcten und Bl\u00e4tter der Sorte Purple Punch CBD mit einem CBD-Gehalt von bis zu 14 %. Entdecken Sie zerkleinerten Hanf und probieren Sie Trim Purple Punch von The Tree CBD","og_url":"https:\/\/thetreecbd.com\/de\/cbd\/trim-purple-punch-cbd-gehackte-knospen","og_site_name":"The Tree CBD","article_publisher":"https:\/\/www.facebook.com\/thetreeCBD\/","og_image":[{"width":1080,"height":1350,"url":"https:\/\/thetreecbd.com\/wp-content\/uploads\/2024\/04\/Trim-purple-punch-thetreecbd-web.jpg","type":"image\/jpeg"}],"twitter_card":"summary_large_image","twitter_site":"@TheTreeCBD_EU","twitter_misc":{"Gesch\u00e4tzte Lesezeit":"3\u00a0Minuten"},"schema":{"@context":"https:\/\/schema.org","@graph":[{"@type":["WebPage","ItemPage"],"@id":"https:\/\/thetreecbd.com\/de\/cbd\/trim-purple-punch-cbd-gehackte-knospen","url":"https:\/\/thetreecbd.com\/de\/cbd\/trim-purple-punch-cbd-gehackte-knospen","name":"Trim Purple Punch CBD. Gehackte Knospen - Hasta 14% CBD | The Tree CBD","isPartOf":{"@id":"https:\/\/thetreecbd.com\/de#website"},"primaryImageOfPage":{"@id":"https:\/\/thetreecbd.com\/de\/cbd\/trim-purple-punch-cbd-gehackte-knospen#primaryimage"},"image":{"@id":"https:\/\/thetreecbd.com\/de\/cbd\/trim-purple-punch-cbd-gehackte-knospen#primaryimage"},"thumbnailUrl":"https:\/\/thetreecbd.com\/wp-content\/uploads\/2024\/04\/Trim-purple-punch-thetreecbd-web.jpg","datePublished":"2024-05-10T10:34:53+00:00","description":"Gehackte Bl\u00fcten und Bl\u00e4tter der Sorte Purple Punch CBD mit einem CBD-Gehalt von bis zu 14 %. Entdecken Sie zerkleinerten Hanf und probieren Sie Trim Purple Punch von The Tree CBD","breadcrumb":{"@id":"https:\/\/thetreecbd.com\/de\/cbd\/trim-purple-punch-cbd-gehackte-knospen#breadcrumb"},"inLanguage":"de","potentialAction":[{"@type":"ReadAction","target":["https:\/\/thetreecbd.com\/de\/cbd\/trim-purple-punch-cbd-gehackte-knospen"]}]},{"@type":"ImageObject","inLanguage":"de","@id":"https:\/\/thetreecbd.com\/de\/cbd\/trim-purple-punch-cbd-gehackte-knospen#primaryimage","url":"https:\/\/thetreecbd.com\/wp-content\/uploads\/2024\/04\/Trim-purple-punch-thetreecbd-web.jpg","contentUrl":"https:\/\/thetreecbd.com\/wp-content\/uploads\/2024\/04\/Trim-purple-punch-thetreecbd-web.jpg","width":1080,"height":1350},{"@type":"BreadcrumbList","@id":"https:\/\/thetreecbd.com\/de\/cbd\/trim-purple-punch-cbd-gehackte-knospen#breadcrumb","itemListElement":[{"@type":"ListItem","position":1,"name":"The Tree","item":"https:\/\/thetreecbd.com\/de"},{"@type":"ListItem","position":2,"name":"CBD","item":"https:\/\/thetreecbd.com\/es\/cbd"},{"@type":"ListItem","position":3,"name":"CBD-Bl\u00fcten kaufen","item":"https:\/\/thetreecbd.com\/de\/bluten"},{"@type":"ListItem","position":4,"name":"CBD-Trim zerkleinerte Bl\u00fcten","item":"https:\/\/thetreecbd.com\/de\/bluten\/cbd-trim-de"},{"@type":"ListItem","position":5,"name":"Trim Purple Punch CBD. Gehackte Knospen"}]},{"@type":"WebSite","@id":"https:\/\/thetreecbd.com\/de#website","url":"https:\/\/thetreecbd.com\/de","name":"The Tree CBD","description":"Comprar CBD en Espa\u00f1a Online","publisher":{"@id":"https:\/\/thetreecbd.com\/de#organization"},"potentialAction":[{"@type":"SearchAction","target":{"@type":"EntryPoint","urlTemplate":"https:\/\/thetreecbd.com\/de?s={search_term_string}"},"query-input":{"@type":"PropertyValueSpecification","valueRequired":true,"valueName":"search_term_string"}}],"inLanguage":"de"},{"@type":"Organization","@id":"https:\/\/thetreecbd.com\/de#organization","name":"The Tree CBD","url":"https:\/\/thetreecbd.com\/de","logo":{"@type":"ImageObject","inLanguage":"de","@id":"https:\/\/thetreecbd.com\/de#\/schema\/logo\/image\/","url":"https:\/\/thetreecbd.com\/wp-content\/uploads\/2022\/04\/logo-thetree.png","contentUrl":"https:\/\/thetreecbd.com\/wp-content\/uploads\/2022\/04\/logo-thetree.png","width":172,"height":55,"caption":"The Tree CBD"},"image":{"@id":"https:\/\/thetreecbd.com\/de#\/schema\/logo\/image\/"},"sameAs":["https:\/\/www.facebook.com\/thetreeCBD\/","https:\/\/x.com\/TheTreeCBD_EU","https:\/\/www.instagram.com\/thetree.cbd\/","https:\/\/es.trustpilot.com\/review\/thetreecbd.com"]}]}},"_links":{"self":[{"href":"https:\/\/thetreecbd.com\/de\/wp-json\/wp\/v2\/product\/163967","targetHints":{"allow":["GET"]}}],"collection":[{"href":"https:\/\/thetreecbd.com\/de\/wp-json\/wp\/v2\/product"}],"about":[{"href":"https:\/\/thetreecbd.com\/de\/wp-json\/wp\/v2\/types\/product"}],"version-history":[{"count":0,"href":"https:\/\/thetreecbd.com\/de\/wp-json\/wp\/v2\/product\/163967\/revisions"}],"wp:featuredmedia":[{"embeddable":true,"href":"https:\/\/thetreecbd.com\/de\/wp-json\/wp\/v2\/media\/182732"}],"wp:attachment":[{"href":"https:\/\/thetreecbd.com\/de\/wp-json\/wp\/v2\/media?parent=163967"}],"wp:term":[{"taxonomy":"product_brand","embeddable":true,"href":"https:\/\/thetreecbd.com\/de\/wp-json\/wp\/v2\/product_brand?post=163967"}],"curies":[{"name":"wp","href":"https:\/\/api.w.org\/{rel}","templated":true}]}}