{"id":163977,"date":"2025-05-15T15:14:57","date_gmt":"2025-05-15T13:14:57","guid":{"rendered":"https:\/\/thetreecbd.com\/?post_type=product&#038;p=163977"},"modified":"2025-09-02T00:00:23","modified_gmt":"2025-09-01T22:00:23","slug":"reishi","status":"publish","type":"product","link":"https:\/\/thetreecbd.com\/de\/cbd\/reishi","title":{"rendered":"Reishi"},"content":{"rendered":"<p><b>Reishi \u2013 Nat\u00fcrliches Gleichgewicht f\u00fcr K\u00f6rper und Geist<\/b><\/p>\n<p>Finde deine Mitte und bringe dein Leben ins Gleichgewicht mit Reishi von The Tree \u2013 dem nat\u00fcrlichen Nahrungserg\u00e4nzungsmittel zur Reduzierung von Stress, zur F\u00f6rderung deines allgemeinen Wohlbefindens und f\u00fcr ein langanhaltendes Gef\u00fchl der inneren Ruhe.<\/p>\n<p><b>Zertifiziert biologischer Anbau \u2013 Ohne Zusatzstoffe<\/b><br \/>\nUnser Reishi wird in naturnahen, simulierten Umgebungen kultiviert und ausschlie\u00dflich aus 100\u202f% biologischen Fruchtk\u00f6rpern hergestellt. Ohne F\u00fcllstoffe, Zusatzstoffe oder Allergene. Nur reiner, kraftvoller Reishi-Extrakt.<\/p>\n<p><b>Doppelte Extraktion f\u00fcr vollst\u00e4ndige Wirkung<\/b><br \/>\nWir verwenden ein doppeltes Extraktionsverfahren (Hei\u00dfwasser + Alkohol), um alle wichtigen bioaktiven Verbindungen zu bewahren \u2013 darunter Beta-Glucane und Ganoders\u00e4uren, die f\u00fcr die ausgleichenden Eigenschaften des Reishi bekannt sind.<\/p>\n<p><b>Ruhe und Wohlbefinden aus der Natur<\/b><br \/>\nDieser konzentrierte Reishi-Extrakt ist ideal f\u00fcr alle, die Stress reduzieren, das Immunsystem ausbalancieren und emotionales sowie k\u00f6rperliches Wohlbefinden auf nat\u00fcrliche Weise unterst\u00fctzen m\u00f6chten.<\/p>\n<p><b>Garantierte Qualit\u00e4t und Sicherheit<\/b><br \/>\nJede Charge wird in Europa unter strengen Qualit\u00e4tsstandards produziert:<br \/>\nISO 9001 | ISO 22000 | HACCP | cGMP<br \/>\nZus\u00e4tzlich wird jede Charge in unabh\u00e4ngigen, ISO 17025-akkreditierten Laboren getestet \u2013 f\u00fcr garantierte Reinheit, Wirksamkeit und Transparenz.<\/p>\n<p><b>Einfach einzunehmen, sp\u00fcrbar wirksam<\/b><br \/>\nT\u00e4glich 2 Kapseln mit Wasser einnehmen, vorzugsweise auf n\u00fcchternen Magen. Jede Kapsel enth\u00e4lt 300\u202fmg reinen Reishi-Extrakt mit hoher Konzentration an Ganoders\u00e4uren und Beta-Glucanen.<\/p>\n<p><b>Hauptvorteile von Reishi von The Tree:<\/b><b><\/b><\/p>\n<ul>\n<li>Unterst\u00fctzt das Immunsystem und das emotionale Gleichgewicht<\/li>\n<li>Tr\u00e4gt zur Stressreduzierung bei und verbessert die Schlafqualit\u00e4t<\/li>\n<li>100\u202f% vegan, ohne Zusatzstoffe und ohne Gentechnik<\/li>\n<li>Hohe Konzentration an bioaktiven Verbindungen<\/li>\n<\/ul>\n<p>Dein Moment der Ruhe beginnt mit Reishi. Wohlbefinden und Balance in jeder Kapsel.<\/p>\n","protected":false},"excerpt":{"rendered":"<p><b>Hauptvorteile von Reishi von The Tree:<\/b><b><\/b><\/p>\n<ul>\n<li>Unterst\u00fctzt das Immunsystem und das emotionale Gleichgewicht<\/li>\n<li>Tr\u00e4gt zur Stressreduzierung bei und verbessert die Schlafqualit\u00e4t<\/li>\n<li>100\u202f% vegan, ohne Zusatzstoffe und ohne Gentechnik<\/li>\n<li>Hohe Konzentration an bioaktiven Verbindungen<\/li>\n<\/ul>\n<p>Dein Moment der Ruhe beginnt mit Reishi. Wohlbefinden und Balance in jeder Kapsel.<\/p>\n","protected":false},"featured_media":164084,"template":"","meta":{"_acf_changed":false},"product_brand":[],"class_list":{"0":"post-163977","1":"product","2":"type-product","3":"status-publish","4":"has-post-thumbnail","6":"product_cat-pilze","8":"first","9":"instock","10":"taxable","11":"shipping-taxable","12":"purchasable","13":"product-type-simple"},"acf":[],"yoast_head":"<!-- This site is optimized with the Yoast SEO plugin v26.3 - https:\/\/yoast.com\/wordpress\/plugins\/seo\/ -->\n<title>Reishi \u2013 Nat\u00fcrliches Gleichgewicht f\u00fcr K\u00f6rper und Geist - The Tree CBD<\/title>\n<meta name=\"description\" content=\"Finde deine Mitte und bringe dein Leben ins Gleichgewicht mit Reishi von The Tree \u2013 dem nat\u00fcrlichen Nahrungserg\u00e4nzungsmittel zur Reduzierung von Stress, zur F\u00f6rderung deines allgemeinen Wohlbefindens und f\u00fcr ein langanhaltendes Gef\u00fchl der inneren Ruhe.\" \/>\n<meta name=\"robots\" content=\"index, follow, max-snippet:-1, max-image-preview:large, max-video-preview:-1\" \/>\n<link rel=\"canonical\" href=\"https:\/\/thetreecbd.com\/de\/cbd\/reishi\" \/>\n<meta property=\"og:locale\" content=\"de_DE\" \/>\n<meta property=\"og:type\" content=\"article\" \/>\n<meta property=\"og:title\" content=\"Reishi \u2013 Nat\u00fcrliches Gleichgewicht f\u00fcr K\u00f6rper und Geist - The Tree CBD\" \/>\n<meta property=\"og:description\" content=\"Finde deine Mitte und bringe dein Leben ins Gleichgewicht mit Reishi von The Tree \u2013 dem nat\u00fcrlichen Nahrungserg\u00e4nzungsmittel zur Reduzierung von Stress, zur F\u00f6rderung deines allgemeinen Wohlbefindens und f\u00fcr ein langanhaltendes Gef\u00fchl der inneren Ruhe.\" \/>\n<meta property=\"og:url\" content=\"https:\/\/thetreecbd.com\/de\/cbd\/reishi\" \/>\n<meta property=\"og:site_name\" content=\"The Tree CBD\" \/>\n<meta property=\"article:publisher\" content=\"https:\/\/www.facebook.com\/thetreeCBD\/\" \/>\n<meta property=\"article:modified_time\" content=\"2025-09-01T22:00:23+00:00\" \/>\n<meta property=\"og:image\" content=\"https:\/\/thetreecbd.com\/wp-content\/uploads\/2025\/05\/shrooms-thetree_0003s_0002_Layer-1.jpg\" \/>\n\t<meta property=\"og:image:width\" content=\"1080\" \/>\n\t<meta property=\"og:image:height\" content=\"1350\" \/>\n\t<meta property=\"og:image:type\" content=\"image\/jpeg\" \/>\n<meta name=\"twitter:card\" content=\"summary_large_image\" \/>\n<meta name=\"twitter:site\" content=\"@TheTreeCBD_EU\" \/>\n<meta name=\"twitter:label1\" content=\"Gesch\u00e4tzte Lesezeit\" \/>\n\t<meta name=\"twitter:data1\" content=\"1\u00a0Minute\" \/>\n<script type=\"application\/ld+json\" class=\"yoast-schema-graph\">{\"@context\":\"https:\/\/schema.org\",\"@graph\":[{\"@type\":[\"WebPage\",\"ItemPage\"],\"@id\":\"https:\/\/thetreecbd.com\/de\/cbd\/reishi\",\"url\":\"https:\/\/thetreecbd.com\/de\/cbd\/reishi\",\"name\":\"Reishi \u2013 Nat\u00fcrliches Gleichgewicht f\u00fcr K\u00f6rper und Geist - The Tree CBD\",\"isPartOf\":{\"@id\":\"https:\/\/thetreecbd.com\/de#website\"},\"primaryImageOfPage\":{\"@id\":\"https:\/\/thetreecbd.com\/de\/cbd\/reishi#primaryimage\"},\"image\":{\"@id\":\"https:\/\/thetreecbd.com\/de\/cbd\/reishi#primaryimage\"},\"thumbnailUrl\":\"https:\/\/thetreecbd.com\/wp-content\/uploads\/2025\/05\/shrooms-thetree_0003s_0002_Layer-1.jpg\",\"datePublished\":\"2025-05-15T13:14:57+00:00\",\"dateModified\":\"2025-09-01T22:00:23+00:00\",\"description\":\"Finde deine Mitte und bringe dein Leben ins Gleichgewicht mit Reishi von The Tree \u2013 dem nat\u00fcrlichen Nahrungserg\u00e4nzungsmittel zur Reduzierung von Stress, zur F\u00f6rderung deines allgemeinen Wohlbefindens und f\u00fcr ein langanhaltendes Gef\u00fchl der inneren Ruhe.\",\"breadcrumb\":{\"@id\":\"https:\/\/thetreecbd.com\/de\/cbd\/reishi#breadcrumb\"},\"inLanguage\":\"de\",\"potentialAction\":[{\"@type\":\"ReadAction\",\"target\":[\"https:\/\/thetreecbd.com\/de\/cbd\/reishi\"]}]},{\"@type\":\"ImageObject\",\"inLanguage\":\"de\",\"@id\":\"https:\/\/thetreecbd.com\/de\/cbd\/reishi#primaryimage\",\"url\":\"https:\/\/thetreecbd.com\/wp-content\/uploads\/2025\/05\/shrooms-thetree_0003s_0002_Layer-1.jpg\",\"contentUrl\":\"https:\/\/thetreecbd.com\/wp-content\/uploads\/2025\/05\/shrooms-thetree_0003s_0002_Layer-1.jpg\",\"width\":1080,\"height\":1350},{\"@type\":\"BreadcrumbList\",\"@id\":\"https:\/\/thetreecbd.com\/de\/cbd\/reishi#breadcrumb\",\"itemListElement\":[{\"@type\":\"ListItem\",\"position\":1,\"name\":\"The Tree\",\"item\":\"https:\/\/thetreecbd.com\/de\"},{\"@type\":\"ListItem\",\"position\":2,\"name\":\"CBD\",\"item\":\"https:\/\/thetreecbd.com\/es\/cbd\"},{\"@type\":\"ListItem\",\"position\":3,\"name\":\"Pilze\",\"item\":\"https:\/\/thetreecbd.com\/de\/pilze\"},{\"@type\":\"ListItem\",\"position\":4,\"name\":\"Reishi\"}]},{\"@type\":\"WebSite\",\"@id\":\"https:\/\/thetreecbd.com\/de#website\",\"url\":\"https:\/\/thetreecbd.com\/de\",\"name\":\"The Tree CBD\",\"description\":\"Comprar CBD en Espa\u00f1a Online\",\"publisher\":{\"@id\":\"https:\/\/thetreecbd.com\/de#organization\"},\"potentialAction\":[{\"@type\":\"SearchAction\",\"target\":{\"@type\":\"EntryPoint\",\"urlTemplate\":\"https:\/\/thetreecbd.com\/de?s={search_term_string}\"},\"query-input\":{\"@type\":\"PropertyValueSpecification\",\"valueRequired\":true,\"valueName\":\"search_term_string\"}}],\"inLanguage\":\"de\"},{\"@type\":\"Organization\",\"@id\":\"https:\/\/thetreecbd.com\/de#organization\",\"name\":\"The Tree CBD\",\"url\":\"https:\/\/thetreecbd.com\/de\",\"logo\":{\"@type\":\"ImageObject\",\"inLanguage\":\"de\",\"@id\":\"https:\/\/thetreecbd.com\/de#\/schema\/logo\/image\/\",\"url\":\"https:\/\/thetreecbd.com\/wp-content\/uploads\/2022\/04\/logo-thetree.png\",\"contentUrl\":\"https:\/\/thetreecbd.com\/wp-content\/uploads\/2022\/04\/logo-thetree.png\",\"width\":172,\"height\":55,\"caption\":\"The Tree CBD\"},\"image\":{\"@id\":\"https:\/\/thetreecbd.com\/de#\/schema\/logo\/image\/\"},\"sameAs\":[\"https:\/\/www.facebook.com\/thetreeCBD\/\",\"https:\/\/x.com\/TheTreeCBD_EU\",\"https:\/\/www.instagram.com\/thetree.cbd\/\",\"https:\/\/es.trustpilot.com\/review\/thetreecbd.com\"]}]}<\/script>\n<!-- \/ Yoast SEO plugin. -->","yoast_head_json":{"title":"Reishi \u2013 Nat\u00fcrliches Gleichgewicht f\u00fcr K\u00f6rper und Geist - The Tree CBD","description":"Finde deine Mitte und bringe dein Leben ins Gleichgewicht mit Reishi von The Tree \u2013 dem nat\u00fcrlichen Nahrungserg\u00e4nzungsmittel zur Reduzierung von Stress, zur F\u00f6rderung deines allgemeinen Wohlbefindens und f\u00fcr ein langanhaltendes Gef\u00fchl der inneren Ruhe.","robots":{"index":"index","follow":"follow","max-snippet":"max-snippet:-1","max-image-preview":"max-image-preview:large","max-video-preview":"max-video-preview:-1"},"canonical":"https:\/\/thetreecbd.com\/de\/cbd\/reishi","og_locale":"de_DE","og_type":"article","og_title":"Reishi \u2013 Nat\u00fcrliches Gleichgewicht f\u00fcr K\u00f6rper und Geist - The Tree CBD","og_description":"Finde deine Mitte und bringe dein Leben ins Gleichgewicht mit Reishi von The Tree \u2013 dem nat\u00fcrlichen Nahrungserg\u00e4nzungsmittel zur Reduzierung von Stress, zur F\u00f6rderung deines allgemeinen Wohlbefindens und f\u00fcr ein langanhaltendes Gef\u00fchl der inneren Ruhe.","og_url":"https:\/\/thetreecbd.com\/de\/cbd\/reishi","og_site_name":"The Tree CBD","article_publisher":"https:\/\/www.facebook.com\/thetreeCBD\/","article_modified_time":"2025-09-01T22:00:23+00:00","og_image":[{"width":1080,"height":1350,"url":"https:\/\/thetreecbd.com\/wp-content\/uploads\/2025\/05\/shrooms-thetree_0003s_0002_Layer-1.jpg","type":"image\/jpeg"}],"twitter_card":"summary_large_image","twitter_site":"@TheTreeCBD_EU","twitter_misc":{"Gesch\u00e4tzte Lesezeit":"1\u00a0Minute"},"schema":{"@context":"https:\/\/schema.org","@graph":[{"@type":["WebPage","ItemPage"],"@id":"https:\/\/thetreecbd.com\/de\/cbd\/reishi","url":"https:\/\/thetreecbd.com\/de\/cbd\/reishi","name":"Reishi \u2013 Nat\u00fcrliches Gleichgewicht f\u00fcr K\u00f6rper und Geist - The Tree CBD","isPartOf":{"@id":"https:\/\/thetreecbd.com\/de#website"},"primaryImageOfPage":{"@id":"https:\/\/thetreecbd.com\/de\/cbd\/reishi#primaryimage"},"image":{"@id":"https:\/\/thetreecbd.com\/de\/cbd\/reishi#primaryimage"},"thumbnailUrl":"https:\/\/thetreecbd.com\/wp-content\/uploads\/2025\/05\/shrooms-thetree_0003s_0002_Layer-1.jpg","datePublished":"2025-05-15T13:14:57+00:00","dateModified":"2025-09-01T22:00:23+00:00","description":"Finde deine Mitte und bringe dein Leben ins Gleichgewicht mit Reishi von The Tree \u2013 dem nat\u00fcrlichen Nahrungserg\u00e4nzungsmittel zur Reduzierung von Stress, zur F\u00f6rderung deines allgemeinen Wohlbefindens und f\u00fcr ein langanhaltendes Gef\u00fchl der inneren Ruhe.","breadcrumb":{"@id":"https:\/\/thetreecbd.com\/de\/cbd\/reishi#breadcrumb"},"inLanguage":"de","potentialAction":[{"@type":"ReadAction","target":["https:\/\/thetreecbd.com\/de\/cbd\/reishi"]}]},{"@type":"ImageObject","inLanguage":"de","@id":"https:\/\/thetreecbd.com\/de\/cbd\/reishi#primaryimage","url":"https:\/\/thetreecbd.com\/wp-content\/uploads\/2025\/05\/shrooms-thetree_0003s_0002_Layer-1.jpg","contentUrl":"https:\/\/thetreecbd.com\/wp-content\/uploads\/2025\/05\/shrooms-thetree_0003s_0002_Layer-1.jpg","width":1080,"height":1350},{"@type":"BreadcrumbList","@id":"https:\/\/thetreecbd.com\/de\/cbd\/reishi#breadcrumb","itemListElement":[{"@type":"ListItem","position":1,"name":"The Tree","item":"https:\/\/thetreecbd.com\/de"},{"@type":"ListItem","position":2,"name":"CBD","item":"https:\/\/thetreecbd.com\/es\/cbd"},{"@type":"ListItem","position":3,"name":"Pilze","item":"https:\/\/thetreecbd.com\/de\/pilze"},{"@type":"ListItem","position":4,"name":"Reishi"}]},{"@type":"WebSite","@id":"https:\/\/thetreecbd.com\/de#website","url":"https:\/\/thetreecbd.com\/de","name":"The Tree CBD","description":"Comprar CBD en Espa\u00f1a Online","publisher":{"@id":"https:\/\/thetreecbd.com\/de#organization"},"potentialAction":[{"@type":"SearchAction","target":{"@type":"EntryPoint","urlTemplate":"https:\/\/thetreecbd.com\/de?s={search_term_string}"},"query-input":{"@type":"PropertyValueSpecification","valueRequired":true,"valueName":"search_term_string"}}],"inLanguage":"de"},{"@type":"Organization","@id":"https:\/\/thetreecbd.com\/de#organization","name":"The Tree CBD","url":"https:\/\/thetreecbd.com\/de","logo":{"@type":"ImageObject","inLanguage":"de","@id":"https:\/\/thetreecbd.com\/de#\/schema\/logo\/image\/","url":"https:\/\/thetreecbd.com\/wp-content\/uploads\/2022\/04\/logo-thetree.png","contentUrl":"https:\/\/thetreecbd.com\/wp-content\/uploads\/2022\/04\/logo-thetree.png","width":172,"height":55,"caption":"The Tree CBD"},"image":{"@id":"https:\/\/thetreecbd.com\/de#\/schema\/logo\/image\/"},"sameAs":["https:\/\/www.facebook.com\/thetreeCBD\/","https:\/\/x.com\/TheTreeCBD_EU","https:\/\/www.instagram.com\/thetree.cbd\/","https:\/\/es.trustpilot.com\/review\/thetreecbd.com"]}]}},"_links":{"self":[{"href":"https:\/\/thetreecbd.com\/de\/wp-json\/wp\/v2\/product\/163977","targetHints":{"allow":["GET"]}}],"collection":[{"href":"https:\/\/thetreecbd.com\/de\/wp-json\/wp\/v2\/product"}],"about":[{"href":"https:\/\/thetreecbd.com\/de\/wp-json\/wp\/v2\/types\/product"}],"version-history":[{"count":0,"href":"https:\/\/thetreecbd.com\/de\/wp-json\/wp\/v2\/product\/163977\/revisions"}],"wp:featuredmedia":[{"embeddable":true,"href":"https:\/\/thetreecbd.com\/de\/wp-json\/wp\/v2\/media\/164084"}],"wp:attachment":[{"href":"https:\/\/thetreecbd.com\/de\/wp-json\/wp\/v2\/media?parent=163977"}],"wp:term":[{"taxonomy":"product_brand","embeddable":true,"href":"https:\/\/thetreecbd.com\/de\/wp-json\/wp\/v2\/product_brand?post=163977"}],"curies":[{"name":"wp","href":"https:\/\/api.w.org\/{rel}","templated":true}]}}