{"id":164127,"date":"2025-05-15T17:13:05","date_gmt":"2025-05-15T15:13:05","guid":{"rendered":"https:\/\/thetreecbd.com\/cbd\/packung-lowenmahne-reishi-cordyceps"},"modified":"2025-09-02T00:00:25","modified_gmt":"2025-09-01T22:00:25","slug":"packung-lowenmahne-reishi-cordyceps","status":"publish","type":"product","link":"https:\/\/thetreecbd.com\/de\/cbd\/packung-lowenmahne-reishi-cordyceps","title":{"rendered":"Packung L\u00f6wenm\u00e4hne, Reishi &#038; Cordyceps"},"content":{"rendered":"<p><b>Packung L\u00f6wenm\u00e4hne, Reishi &amp; Cordyceps \u2013 Nat\u00fcrliche Kraft f\u00fcr K\u00f6rper und Geist<\/b><\/p>\n<p>Genie\u00dfen Sie die vollst\u00e4ndigen Vorteile von drei kraftvollen Adaptogenen in einem einzigen Paket. Lion\u2019s Mane, Reishi und Cordyceps wirken zusammen, um die Konzentration zu verbessern, Stress abzubauen und die Energie auf nat\u00fcrliche Weise zu steigern. Jedes dieser Nahrungserg\u00e4nzungsmittel wird biologisch angebaut und unter strengen cGMP-Qualit\u00e4tsstandards extrahiert, um Reinheit und Wirksamkeit zu gew\u00e4hrleisten.<\/p>\n<ul>\n<li><b>Lion\u2019s Mane<\/b>: Verbessert Ged\u00e4chtnis, Konzentration und kognitive Funktion.<\/li>\n<li><b>Reishi<\/b>: Unterst\u00fctzt das Immunsystem und das emotionale Gleichgewicht.<\/li>\n<li><b>Cordyceps<\/b>: Steigert Energie, Ausdauer und Vitalit\u00e4t.<br \/>\nAlle Produkte sind 100% vegan, ohne GVO, glutenfrei und ohne Zus\u00e4tze oder Allergene. Jede Charge wird auf Reinheit und Potenz in akkreditierten Labors getestet.<\/li>\n<\/ul>\n<p><b>St\u00e4rken Sie Ihren Tag mit den nat\u00fcrlichen Adaptogenen von The Tree.<\/b><\/p>\n","protected":false},"excerpt":{"rendered":"<p>Genie\u00dfen Sie die vollst\u00e4ndigen Vorteile von drei kraftvollen Adaptogenen in einem einzigen Paket. Lion\u2019s Mane, Reishi und Cordyceps wirken zusammen, um die Konzentration zu verbessern, Stress abzubauen und die Energie auf nat\u00fcrliche Weise zu steigern. Jedes dieser Nahrungserg\u00e4nzungsmittel wird biologisch angebaut und unter strengen cGMP-Qualit\u00e4tsstandards extrahiert, um Reinheit und Wirksamkeit zu gew\u00e4hrleisten.<\/p>\n<ul>\n<li><b>Lion\u2019s Mane<\/b>: Verbessert Ged\u00e4chtnis, Konzentration und kognitive Funktion.<\/li>\n<li><b>Reishi<\/b>: Unterst\u00fctzt das Immunsystem und das emotionale Gleichgewicht.<\/li>\n<li><b>Cordyceps<\/b>: Steigert Energie, Ausdauer und Vitalit\u00e4t.<br \/>\nAlle Produkte sind 100% vegan, ohne GVO, glutenfrei und ohne Zus\u00e4tze oder Allergene. Jede Charge wird auf Reinheit und Potenz in akkreditierten Labors getestet.<\/li>\n<\/ul>\n<p><b>St\u00e4rken Sie Ihren Tag mit den nat\u00fcrlichen Adaptogenen von The Tree.<\/b><\/p>\n","protected":false},"featured_media":164116,"template":"","meta":{"_acf_changed":false},"product_brand":[],"class_list":{"0":"post-164127","1":"product","2":"type-product","3":"status-publish","4":"has-post-thumbnail","6":"product_cat-pilze","8":"first","9":"outofstock","10":"taxable","11":"shipping-taxable","12":"purchasable","13":"product-type-simple"},"acf":[],"yoast_head":"<!-- This site is optimized with the Yoast SEO plugin v26.3 - https:\/\/yoast.com\/wordpress\/plugins\/seo\/ -->\n<title>Packung L\u00f6wenm\u00e4hne, Reishi &amp; Cordyceps | TheTreeCBD<\/title>\n<meta name=\"description\" content=\"Genie\u00dfen Sie die vollst\u00e4ndigen Vorteile von drei kraftvollen Adaptogenen in einem einzigen Paket. Lion\u2019s Mane, Reishi und Cordyceps wirken zusammen, um die Konzentration zu verbessern, Stress abzubauen und die Energie auf nat\u00fcrliche Weise zu steigern. Jedes dieser Nahrungserg\u00e4nzungsmittel wird biologisch angebaut und unter strengen cGMP-Qualit\u00e4tsstandards extrahiert, um Reinheit und Wirksamkeit zu gew\u00e4hrleisten.\" \/>\n<meta name=\"robots\" content=\"index, follow, max-snippet:-1, max-image-preview:large, max-video-preview:-1\" \/>\n<link rel=\"canonical\" href=\"https:\/\/thetreecbd.com\/de\/cbd\/packung-lowenmahne-reishi-cordyceps\" \/>\n<meta property=\"og:locale\" content=\"de_DE\" \/>\n<meta property=\"og:type\" content=\"article\" \/>\n<meta property=\"og:title\" content=\"Packung L\u00f6wenm\u00e4hne, Reishi &amp; Cordyceps | TheTreeCBD\" \/>\n<meta property=\"og:description\" content=\"Genie\u00dfen Sie die vollst\u00e4ndigen Vorteile von drei kraftvollen Adaptogenen in einem einzigen Paket. Lion\u2019s Mane, Reishi und Cordyceps wirken zusammen, um die Konzentration zu verbessern, Stress abzubauen und die Energie auf nat\u00fcrliche Weise zu steigern. Jedes dieser Nahrungserg\u00e4nzungsmittel wird biologisch angebaut und unter strengen cGMP-Qualit\u00e4tsstandards extrahiert, um Reinheit und Wirksamkeit zu gew\u00e4hrleisten.\" \/>\n<meta property=\"og:url\" content=\"https:\/\/thetreecbd.com\/de\/cbd\/packung-lowenmahne-reishi-cordyceps\" \/>\n<meta property=\"og:site_name\" content=\"The Tree CBD\" \/>\n<meta property=\"article:publisher\" content=\"https:\/\/www.facebook.com\/thetreeCBD\/\" \/>\n<meta property=\"article:modified_time\" content=\"2025-09-01T22:00:25+00:00\" \/>\n<meta property=\"og:image\" content=\"https:\/\/thetreecbd.com\/wp-content\/uploads\/2025\/05\/shrooms-thetree_0000s_0004_Generative-Fill-2.jpg\" \/>\n\t<meta property=\"og:image:width\" content=\"1080\" \/>\n\t<meta property=\"og:image:height\" content=\"1350\" \/>\n\t<meta property=\"og:image:type\" content=\"image\/jpeg\" \/>\n<meta name=\"twitter:card\" content=\"summary_large_image\" \/>\n<meta name=\"twitter:site\" content=\"@TheTreeCBD_EU\" \/>\n<meta name=\"twitter:label1\" content=\"Gesch\u00e4tzte Lesezeit\" \/>\n\t<meta name=\"twitter:data1\" content=\"1\u00a0Minute\" \/>\n<script type=\"application\/ld+json\" class=\"yoast-schema-graph\">{\"@context\":\"https:\/\/schema.org\",\"@graph\":[{\"@type\":[\"WebPage\",\"ItemPage\"],\"@id\":\"https:\/\/thetreecbd.com\/de\/cbd\/packung-lowenmahne-reishi-cordyceps\",\"url\":\"https:\/\/thetreecbd.com\/de\/cbd\/packung-lowenmahne-reishi-cordyceps\",\"name\":\"Packung L\u00f6wenm\u00e4hne, Reishi & Cordyceps | TheTreeCBD\",\"isPartOf\":{\"@id\":\"https:\/\/thetreecbd.com\/de#website\"},\"primaryImageOfPage\":{\"@id\":\"https:\/\/thetreecbd.com\/de\/cbd\/packung-lowenmahne-reishi-cordyceps#primaryimage\"},\"image\":{\"@id\":\"https:\/\/thetreecbd.com\/de\/cbd\/packung-lowenmahne-reishi-cordyceps#primaryimage\"},\"thumbnailUrl\":\"https:\/\/thetreecbd.com\/wp-content\/uploads\/2025\/05\/shrooms-thetree_0000s_0004_Generative-Fill-2.jpg\",\"datePublished\":\"2025-05-15T15:13:05+00:00\",\"dateModified\":\"2025-09-01T22:00:25+00:00\",\"description\":\"Genie\u00dfen Sie die vollst\u00e4ndigen Vorteile von drei kraftvollen Adaptogenen in einem einzigen Paket. Lion\u2019s Mane, Reishi und Cordyceps wirken zusammen, um die Konzentration zu verbessern, Stress abzubauen und die Energie auf nat\u00fcrliche Weise zu steigern. Jedes dieser Nahrungserg\u00e4nzungsmittel wird biologisch angebaut und unter strengen cGMP-Qualit\u00e4tsstandards extrahiert, um Reinheit und Wirksamkeit zu gew\u00e4hrleisten.\",\"breadcrumb\":{\"@id\":\"https:\/\/thetreecbd.com\/de\/cbd\/packung-lowenmahne-reishi-cordyceps#breadcrumb\"},\"inLanguage\":\"de\",\"potentialAction\":[{\"@type\":\"ReadAction\",\"target\":[\"https:\/\/thetreecbd.com\/de\/cbd\/packung-lowenmahne-reishi-cordyceps\"]}]},{\"@type\":\"ImageObject\",\"inLanguage\":\"de\",\"@id\":\"https:\/\/thetreecbd.com\/de\/cbd\/packung-lowenmahne-reishi-cordyceps#primaryimage\",\"url\":\"https:\/\/thetreecbd.com\/wp-content\/uploads\/2025\/05\/shrooms-thetree_0000s_0004_Generative-Fill-2.jpg\",\"contentUrl\":\"https:\/\/thetreecbd.com\/wp-content\/uploads\/2025\/05\/shrooms-thetree_0000s_0004_Generative-Fill-2.jpg\",\"width\":1080,\"height\":1350},{\"@type\":\"BreadcrumbList\",\"@id\":\"https:\/\/thetreecbd.com\/de\/cbd\/packung-lowenmahne-reishi-cordyceps#breadcrumb\",\"itemListElement\":[{\"@type\":\"ListItem\",\"position\":1,\"name\":\"The Tree\",\"item\":\"https:\/\/thetreecbd.com\/de\"},{\"@type\":\"ListItem\",\"position\":2,\"name\":\"CBD\",\"item\":\"https:\/\/thetreecbd.com\/es\/cbd\"},{\"@type\":\"ListItem\",\"position\":3,\"name\":\"Pilze\",\"item\":\"https:\/\/thetreecbd.com\/de\/pilze\"},{\"@type\":\"ListItem\",\"position\":4,\"name\":\"Packung L\u00f6wenm\u00e4hne, Reishi &#038; Cordyceps\"}]},{\"@type\":\"WebSite\",\"@id\":\"https:\/\/thetreecbd.com\/de#website\",\"url\":\"https:\/\/thetreecbd.com\/de\",\"name\":\"The Tree CBD\",\"description\":\"Comprar CBD en Espa\u00f1a Online\",\"publisher\":{\"@id\":\"https:\/\/thetreecbd.com\/de#organization\"},\"potentialAction\":[{\"@type\":\"SearchAction\",\"target\":{\"@type\":\"EntryPoint\",\"urlTemplate\":\"https:\/\/thetreecbd.com\/de?s={search_term_string}\"},\"query-input\":{\"@type\":\"PropertyValueSpecification\",\"valueRequired\":true,\"valueName\":\"search_term_string\"}}],\"inLanguage\":\"de\"},{\"@type\":\"Organization\",\"@id\":\"https:\/\/thetreecbd.com\/de#organization\",\"name\":\"The Tree CBD\",\"url\":\"https:\/\/thetreecbd.com\/de\",\"logo\":{\"@type\":\"ImageObject\",\"inLanguage\":\"de\",\"@id\":\"https:\/\/thetreecbd.com\/de#\/schema\/logo\/image\/\",\"url\":\"https:\/\/thetreecbd.com\/wp-content\/uploads\/2022\/04\/logo-thetree.png\",\"contentUrl\":\"https:\/\/thetreecbd.com\/wp-content\/uploads\/2022\/04\/logo-thetree.png\",\"width\":172,\"height\":55,\"caption\":\"The Tree CBD\"},\"image\":{\"@id\":\"https:\/\/thetreecbd.com\/de#\/schema\/logo\/image\/\"},\"sameAs\":[\"https:\/\/www.facebook.com\/thetreeCBD\/\",\"https:\/\/x.com\/TheTreeCBD_EU\",\"https:\/\/www.instagram.com\/thetree.cbd\/\",\"https:\/\/es.trustpilot.com\/review\/thetreecbd.com\"]}]}<\/script>\n<!-- \/ Yoast SEO plugin. -->","yoast_head_json":{"title":"Packung L\u00f6wenm\u00e4hne, Reishi & Cordyceps | TheTreeCBD","description":"Genie\u00dfen Sie die vollst\u00e4ndigen Vorteile von drei kraftvollen Adaptogenen in einem einzigen Paket. Lion\u2019s Mane, Reishi und Cordyceps wirken zusammen, um die Konzentration zu verbessern, Stress abzubauen und die Energie auf nat\u00fcrliche Weise zu steigern. Jedes dieser Nahrungserg\u00e4nzungsmittel wird biologisch angebaut und unter strengen cGMP-Qualit\u00e4tsstandards extrahiert, um Reinheit und Wirksamkeit zu gew\u00e4hrleisten.","robots":{"index":"index","follow":"follow","max-snippet":"max-snippet:-1","max-image-preview":"max-image-preview:large","max-video-preview":"max-video-preview:-1"},"canonical":"https:\/\/thetreecbd.com\/de\/cbd\/packung-lowenmahne-reishi-cordyceps","og_locale":"de_DE","og_type":"article","og_title":"Packung L\u00f6wenm\u00e4hne, Reishi & Cordyceps | TheTreeCBD","og_description":"Genie\u00dfen Sie die vollst\u00e4ndigen Vorteile von drei kraftvollen Adaptogenen in einem einzigen Paket. Lion\u2019s Mane, Reishi und Cordyceps wirken zusammen, um die Konzentration zu verbessern, Stress abzubauen und die Energie auf nat\u00fcrliche Weise zu steigern. Jedes dieser Nahrungserg\u00e4nzungsmittel wird biologisch angebaut und unter strengen cGMP-Qualit\u00e4tsstandards extrahiert, um Reinheit und Wirksamkeit zu gew\u00e4hrleisten.","og_url":"https:\/\/thetreecbd.com\/de\/cbd\/packung-lowenmahne-reishi-cordyceps","og_site_name":"The Tree CBD","article_publisher":"https:\/\/www.facebook.com\/thetreeCBD\/","article_modified_time":"2025-09-01T22:00:25+00:00","og_image":[{"width":1080,"height":1350,"url":"https:\/\/thetreecbd.com\/wp-content\/uploads\/2025\/05\/shrooms-thetree_0000s_0004_Generative-Fill-2.jpg","type":"image\/jpeg"}],"twitter_card":"summary_large_image","twitter_site":"@TheTreeCBD_EU","twitter_misc":{"Gesch\u00e4tzte Lesezeit":"1\u00a0Minute"},"schema":{"@context":"https:\/\/schema.org","@graph":[{"@type":["WebPage","ItemPage"],"@id":"https:\/\/thetreecbd.com\/de\/cbd\/packung-lowenmahne-reishi-cordyceps","url":"https:\/\/thetreecbd.com\/de\/cbd\/packung-lowenmahne-reishi-cordyceps","name":"Packung L\u00f6wenm\u00e4hne, Reishi & Cordyceps | TheTreeCBD","isPartOf":{"@id":"https:\/\/thetreecbd.com\/de#website"},"primaryImageOfPage":{"@id":"https:\/\/thetreecbd.com\/de\/cbd\/packung-lowenmahne-reishi-cordyceps#primaryimage"},"image":{"@id":"https:\/\/thetreecbd.com\/de\/cbd\/packung-lowenmahne-reishi-cordyceps#primaryimage"},"thumbnailUrl":"https:\/\/thetreecbd.com\/wp-content\/uploads\/2025\/05\/shrooms-thetree_0000s_0004_Generative-Fill-2.jpg","datePublished":"2025-05-15T15:13:05+00:00","dateModified":"2025-09-01T22:00:25+00:00","description":"Genie\u00dfen Sie die vollst\u00e4ndigen Vorteile von drei kraftvollen Adaptogenen in einem einzigen Paket. Lion\u2019s Mane, Reishi und Cordyceps wirken zusammen, um die Konzentration zu verbessern, Stress abzubauen und die Energie auf nat\u00fcrliche Weise zu steigern. Jedes dieser Nahrungserg\u00e4nzungsmittel wird biologisch angebaut und unter strengen cGMP-Qualit\u00e4tsstandards extrahiert, um Reinheit und Wirksamkeit zu gew\u00e4hrleisten.","breadcrumb":{"@id":"https:\/\/thetreecbd.com\/de\/cbd\/packung-lowenmahne-reishi-cordyceps#breadcrumb"},"inLanguage":"de","potentialAction":[{"@type":"ReadAction","target":["https:\/\/thetreecbd.com\/de\/cbd\/packung-lowenmahne-reishi-cordyceps"]}]},{"@type":"ImageObject","inLanguage":"de","@id":"https:\/\/thetreecbd.com\/de\/cbd\/packung-lowenmahne-reishi-cordyceps#primaryimage","url":"https:\/\/thetreecbd.com\/wp-content\/uploads\/2025\/05\/shrooms-thetree_0000s_0004_Generative-Fill-2.jpg","contentUrl":"https:\/\/thetreecbd.com\/wp-content\/uploads\/2025\/05\/shrooms-thetree_0000s_0004_Generative-Fill-2.jpg","width":1080,"height":1350},{"@type":"BreadcrumbList","@id":"https:\/\/thetreecbd.com\/de\/cbd\/packung-lowenmahne-reishi-cordyceps#breadcrumb","itemListElement":[{"@type":"ListItem","position":1,"name":"The Tree","item":"https:\/\/thetreecbd.com\/de"},{"@type":"ListItem","position":2,"name":"CBD","item":"https:\/\/thetreecbd.com\/es\/cbd"},{"@type":"ListItem","position":3,"name":"Pilze","item":"https:\/\/thetreecbd.com\/de\/pilze"},{"@type":"ListItem","position":4,"name":"Packung L\u00f6wenm\u00e4hne, Reishi &#038; Cordyceps"}]},{"@type":"WebSite","@id":"https:\/\/thetreecbd.com\/de#website","url":"https:\/\/thetreecbd.com\/de","name":"The Tree CBD","description":"Comprar CBD en Espa\u00f1a Online","publisher":{"@id":"https:\/\/thetreecbd.com\/de#organization"},"potentialAction":[{"@type":"SearchAction","target":{"@type":"EntryPoint","urlTemplate":"https:\/\/thetreecbd.com\/de?s={search_term_string}"},"query-input":{"@type":"PropertyValueSpecification","valueRequired":true,"valueName":"search_term_string"}}],"inLanguage":"de"},{"@type":"Organization","@id":"https:\/\/thetreecbd.com\/de#organization","name":"The Tree CBD","url":"https:\/\/thetreecbd.com\/de","logo":{"@type":"ImageObject","inLanguage":"de","@id":"https:\/\/thetreecbd.com\/de#\/schema\/logo\/image\/","url":"https:\/\/thetreecbd.com\/wp-content\/uploads\/2022\/04\/logo-thetree.png","contentUrl":"https:\/\/thetreecbd.com\/wp-content\/uploads\/2022\/04\/logo-thetree.png","width":172,"height":55,"caption":"The Tree CBD"},"image":{"@id":"https:\/\/thetreecbd.com\/de#\/schema\/logo\/image\/"},"sameAs":["https:\/\/www.facebook.com\/thetreeCBD\/","https:\/\/x.com\/TheTreeCBD_EU","https:\/\/www.instagram.com\/thetree.cbd\/","https:\/\/es.trustpilot.com\/review\/thetreecbd.com"]}]}},"_links":{"self":[{"href":"https:\/\/thetreecbd.com\/de\/wp-json\/wp\/v2\/product\/164127","targetHints":{"allow":["GET"]}}],"collection":[{"href":"https:\/\/thetreecbd.com\/de\/wp-json\/wp\/v2\/product"}],"about":[{"href":"https:\/\/thetreecbd.com\/de\/wp-json\/wp\/v2\/types\/product"}],"version-history":[{"count":0,"href":"https:\/\/thetreecbd.com\/de\/wp-json\/wp\/v2\/product\/164127\/revisions"}],"wp:featuredmedia":[{"embeddable":true,"href":"https:\/\/thetreecbd.com\/de\/wp-json\/wp\/v2\/media\/164116"}],"wp:attachment":[{"href":"https:\/\/thetreecbd.com\/de\/wp-json\/wp\/v2\/media?parent=164127"}],"wp:term":[{"taxonomy":"product_brand","embeddable":true,"href":"https:\/\/thetreecbd.com\/de\/wp-json\/wp\/v2\/product_brand?post=164127"}],"curies":[{"name":"wp","href":"https:\/\/api.w.org\/{rel}","templated":true}]}}