{"id":164146,"date":"2025-05-15T17:39:11","date_gmt":"2025-05-15T15:39:11","guid":{"rendered":"https:\/\/thetreecbd.com\/cbd\/pack-energy-focus-boost-mundspray-igelstachelbart-reishi-cordyceps"},"modified":"2025-09-02T00:00:24","modified_gmt":"2025-09-01T22:00:24","slug":"pack-energy-focus-boost-mundspray-igelstachelbart-reishi-cordyceps","status":"publish","type":"product","link":"https:\/\/thetreecbd.com\/de\/cbd\/pack-energy-focus-boost-mundspray-igelstachelbart-reishi-cordyceps","title":{"rendered":"Pack Energy &#038; Focus Boost Mundspray + Igelstachelbart, Reishi &#038; Cordyceps"},"content":{"rendered":"<p><b>Pack Energy &amp; Focus Boost Mundspray + Igelstachelbart, Reishi &amp; Cordyceps \u2013 Sofortige Energie, Klarheit und Wohlbefinden<\/b><\/p>\n<p>Ein komplettes Paket, das die Kraft von fl\u00fcssigen und Kapsel-Adapogenen f\u00fcr ein vollst\u00e4ndiges Wohlbefinden kombiniert.<\/p>\n<ul>\n<li><b>Energy &amp; Focus Boost Mouth Spray<\/b>\u00a0: Eine schnelle Dosis Energie und Fokus mit Lion\u2019s Mane, Cordyceps und Pfefferminze. Perfekt, um zu jeder Zeit des Tages die Konzentration zu erhalten.<\/li>\n<li><b>Lion\u2019s Mane, Reishi &amp; Cordyceps<\/b>\u00a0: Jedes dieser nat\u00fcrlichen Nahrungserg\u00e4nzungsmittel hilft dabei, die geistige Klarheit zu f\u00f6rdern, Stress abzubauen und Energie zu steigern.<br \/>\nAlle Produkte sind ohne Zus\u00e4tze, ohne GVO und f\u00fcr Veganer geeignet. Wir garantieren Qualit\u00e4t und Sicherheit mit unseren ISO-Zertifizierungen und unabh\u00e4ngigen Labortests auf Reinheit.<\/li>\n<\/ul>\n<p><b>Steigern Sie Ihre Energie und Klarheit mit der Kraft der Adaptogene, direkt griffbereit.<\/b><\/p>\n","protected":false},"excerpt":{"rendered":"<p>Ein komplettes Paket, das die Kraft von fl\u00fcssigen und Kapsel-Adapogenen f\u00fcr ein vollst\u00e4ndiges Wohlbefinden kombiniert.<\/p>\n<ul>\n<li><b>Energy &amp; Focus Boost Mouth Spray<\/b>\u00a0: Eine schnelle Dosis Energie und Fokus mit Lion\u2019s Mane, Cordyceps und Pfefferminze. Perfekt, um zu jeder Zeit des Tages die Konzentration zu erhalten.<\/li>\n<li><b>Lion\u2019s Mane, Reishi &amp; Cordyceps<\/b>\u00a0: Jedes dieser nat\u00fcrlichen Nahrungserg\u00e4nzungsmittel hilft dabei, die geistige Klarheit zu f\u00f6rdern, Stress abzubauen und Energie zu steigern.<br \/>\nAlle Produkte sind ohne Zus\u00e4tze, ohne GVO und f\u00fcr Veganer geeignet. Wir garantieren Qualit\u00e4t und Sicherheit mit unseren ISO-Zertifizierungen und unabh\u00e4ngigen Labortests auf Reinheit.<\/li>\n<\/ul>\n<p><b>Steigern Sie Ihre Energie und Klarheit mit der Kraft der Adaptogene, direkt griffbereit.<\/b><\/p>\n","protected":false},"featured_media":164134,"template":"","meta":{"_acf_changed":false},"product_brand":[],"class_list":{"0":"post-164146","1":"product","2":"type-product","3":"status-publish","4":"has-post-thumbnail","6":"product_cat-cbd-angebote","7":"product_cat-pilze","9":"first","10":"outofstock","11":"taxable","12":"shipping-taxable","13":"purchasable","14":"product-type-simple"},"acf":[],"yoast_head":"<!-- This site is optimized with the Yoast SEO plugin v26.3 - https:\/\/yoast.com\/wordpress\/plugins\/seo\/ -->\n<title>Pack Energy &amp; Focus Boost Mundspray + Igelstachelbart, Reishi &amp; Cordyceps | TheTreeCBD<\/title>\n<meta name=\"description\" content=\"Ein komplettes Paket, das die Kraft von fl\u00fcssigen und Kapsel-Adapogenen f\u00fcr ein vollst\u00e4ndiges Wohlbefinden kombiniert. Steigern Sie Ihre Energie und Klarheit mit der Kraft der Adaptogene, direkt griffbereit.\" \/>\n<meta name=\"robots\" content=\"index, follow, max-snippet:-1, max-image-preview:large, max-video-preview:-1\" \/>\n<link rel=\"canonical\" href=\"https:\/\/thetreecbd.com\/de\/cbd\/pack-energy-focus-boost-mundspray-igelstachelbart-reishi-cordyceps\" \/>\n<meta property=\"og:locale\" content=\"de_DE\" \/>\n<meta property=\"og:type\" content=\"article\" \/>\n<meta property=\"og:title\" content=\"Pack Energy &amp; Focus Boost Mundspray + Igelstachelbart, Reishi &amp; Cordyceps | TheTreeCBD\" \/>\n<meta property=\"og:description\" content=\"Ein komplettes Paket, das die Kraft von fl\u00fcssigen und Kapsel-Adapogenen f\u00fcr ein vollst\u00e4ndiges Wohlbefinden kombiniert. Steigern Sie Ihre Energie und Klarheit mit der Kraft der Adaptogene, direkt griffbereit.\" \/>\n<meta property=\"og:url\" content=\"https:\/\/thetreecbd.com\/de\/cbd\/pack-energy-focus-boost-mundspray-igelstachelbart-reishi-cordyceps\" \/>\n<meta property=\"og:site_name\" content=\"The Tree CBD\" \/>\n<meta property=\"article:publisher\" content=\"https:\/\/www.facebook.com\/thetreeCBD\/\" \/>\n<meta property=\"article:modified_time\" content=\"2025-09-01T22:00:24+00:00\" \/>\n<meta property=\"og:image\" content=\"https:\/\/thetreecbd.com\/wp-content\/uploads\/2025\/05\/pack-thetree-spray-shrooms.jpg\" \/>\n\t<meta property=\"og:image:width\" content=\"1080\" \/>\n\t<meta property=\"og:image:height\" content=\"1350\" \/>\n\t<meta property=\"og:image:type\" content=\"image\/jpeg\" \/>\n<meta name=\"twitter:card\" content=\"summary_large_image\" \/>\n<meta name=\"twitter:site\" content=\"@TheTreeCBD_EU\" \/>\n<meta name=\"twitter:label1\" content=\"Gesch\u00e4tzte Lesezeit\" \/>\n\t<meta name=\"twitter:data1\" content=\"1\u00a0Minute\" \/>\n<script type=\"application\/ld+json\" class=\"yoast-schema-graph\">{\"@context\":\"https:\/\/schema.org\",\"@graph\":[{\"@type\":[\"WebPage\",\"ItemPage\"],\"@id\":\"https:\/\/thetreecbd.com\/de\/cbd\/pack-energy-focus-boost-mundspray-igelstachelbart-reishi-cordyceps\",\"url\":\"https:\/\/thetreecbd.com\/de\/cbd\/pack-energy-focus-boost-mundspray-igelstachelbart-reishi-cordyceps\",\"name\":\"Pack Energy & Focus Boost Mundspray + Igelstachelbart, Reishi & Cordyceps | TheTreeCBD\",\"isPartOf\":{\"@id\":\"https:\/\/thetreecbd.com\/de#website\"},\"primaryImageOfPage\":{\"@id\":\"https:\/\/thetreecbd.com\/de\/cbd\/pack-energy-focus-boost-mundspray-igelstachelbart-reishi-cordyceps#primaryimage\"},\"image\":{\"@id\":\"https:\/\/thetreecbd.com\/de\/cbd\/pack-energy-focus-boost-mundspray-igelstachelbart-reishi-cordyceps#primaryimage\"},\"thumbnailUrl\":\"https:\/\/thetreecbd.com\/wp-content\/uploads\/2025\/05\/pack-thetree-spray-shrooms.jpg\",\"datePublished\":\"2025-05-15T15:39:11+00:00\",\"dateModified\":\"2025-09-01T22:00:24+00:00\",\"description\":\"Ein komplettes Paket, das die Kraft von fl\u00fcssigen und Kapsel-Adapogenen f\u00fcr ein vollst\u00e4ndiges Wohlbefinden kombiniert. Steigern Sie Ihre Energie und Klarheit mit der Kraft der Adaptogene, direkt griffbereit.\",\"breadcrumb\":{\"@id\":\"https:\/\/thetreecbd.com\/de\/cbd\/pack-energy-focus-boost-mundspray-igelstachelbart-reishi-cordyceps#breadcrumb\"},\"inLanguage\":\"de\",\"potentialAction\":[{\"@type\":\"ReadAction\",\"target\":[\"https:\/\/thetreecbd.com\/de\/cbd\/pack-energy-focus-boost-mundspray-igelstachelbart-reishi-cordyceps\"]}]},{\"@type\":\"ImageObject\",\"inLanguage\":\"de\",\"@id\":\"https:\/\/thetreecbd.com\/de\/cbd\/pack-energy-focus-boost-mundspray-igelstachelbart-reishi-cordyceps#primaryimage\",\"url\":\"https:\/\/thetreecbd.com\/wp-content\/uploads\/2025\/05\/pack-thetree-spray-shrooms.jpg\",\"contentUrl\":\"https:\/\/thetreecbd.com\/wp-content\/uploads\/2025\/05\/pack-thetree-spray-shrooms.jpg\",\"width\":1080,\"height\":1350},{\"@type\":\"BreadcrumbList\",\"@id\":\"https:\/\/thetreecbd.com\/de\/cbd\/pack-energy-focus-boost-mundspray-igelstachelbart-reishi-cordyceps#breadcrumb\",\"itemListElement\":[{\"@type\":\"ListItem\",\"position\":1,\"name\":\"The Tree\",\"item\":\"https:\/\/thetreecbd.com\/de\"},{\"@type\":\"ListItem\",\"position\":2,\"name\":\"CBD\",\"item\":\"https:\/\/thetreecbd.com\/es\/cbd\"},{\"@type\":\"ListItem\",\"position\":3,\"name\":\"CBD-Angebote\",\"item\":\"https:\/\/thetreecbd.com\/de\/cbd-angebote\"},{\"@type\":\"ListItem\",\"position\":4,\"name\":\"Pack Energy &#038; Focus Boost Mundspray + Igelstachelbart, Reishi &#038; Cordyceps\"}]},{\"@type\":\"WebSite\",\"@id\":\"https:\/\/thetreecbd.com\/de#website\",\"url\":\"https:\/\/thetreecbd.com\/de\",\"name\":\"The Tree CBD\",\"description\":\"Comprar CBD en Espa\u00f1a Online\",\"publisher\":{\"@id\":\"https:\/\/thetreecbd.com\/de#organization\"},\"potentialAction\":[{\"@type\":\"SearchAction\",\"target\":{\"@type\":\"EntryPoint\",\"urlTemplate\":\"https:\/\/thetreecbd.com\/de?s={search_term_string}\"},\"query-input\":{\"@type\":\"PropertyValueSpecification\",\"valueRequired\":true,\"valueName\":\"search_term_string\"}}],\"inLanguage\":\"de\"},{\"@type\":\"Organization\",\"@id\":\"https:\/\/thetreecbd.com\/de#organization\",\"name\":\"The Tree CBD\",\"url\":\"https:\/\/thetreecbd.com\/de\",\"logo\":{\"@type\":\"ImageObject\",\"inLanguage\":\"de\",\"@id\":\"https:\/\/thetreecbd.com\/de#\/schema\/logo\/image\/\",\"url\":\"https:\/\/thetreecbd.com\/wp-content\/uploads\/2022\/04\/logo-thetree.png\",\"contentUrl\":\"https:\/\/thetreecbd.com\/wp-content\/uploads\/2022\/04\/logo-thetree.png\",\"width\":172,\"height\":55,\"caption\":\"The Tree CBD\"},\"image\":{\"@id\":\"https:\/\/thetreecbd.com\/de#\/schema\/logo\/image\/\"},\"sameAs\":[\"https:\/\/www.facebook.com\/thetreeCBD\/\",\"https:\/\/x.com\/TheTreeCBD_EU\",\"https:\/\/www.instagram.com\/thetree.cbd\/\",\"https:\/\/es.trustpilot.com\/review\/thetreecbd.com\"]}]}<\/script>\n<!-- \/ Yoast SEO plugin. -->","yoast_head_json":{"title":"Pack Energy & Focus Boost Mundspray + Igelstachelbart, Reishi & Cordyceps | TheTreeCBD","description":"Ein komplettes Paket, das die Kraft von fl\u00fcssigen und Kapsel-Adapogenen f\u00fcr ein vollst\u00e4ndiges Wohlbefinden kombiniert. Steigern Sie Ihre Energie und Klarheit mit der Kraft der Adaptogene, direkt griffbereit.","robots":{"index":"index","follow":"follow","max-snippet":"max-snippet:-1","max-image-preview":"max-image-preview:large","max-video-preview":"max-video-preview:-1"},"canonical":"https:\/\/thetreecbd.com\/de\/cbd\/pack-energy-focus-boost-mundspray-igelstachelbart-reishi-cordyceps","og_locale":"de_DE","og_type":"article","og_title":"Pack Energy & Focus Boost Mundspray + Igelstachelbart, Reishi & Cordyceps | TheTreeCBD","og_description":"Ein komplettes Paket, das die Kraft von fl\u00fcssigen und Kapsel-Adapogenen f\u00fcr ein vollst\u00e4ndiges Wohlbefinden kombiniert. Steigern Sie Ihre Energie und Klarheit mit der Kraft der Adaptogene, direkt griffbereit.","og_url":"https:\/\/thetreecbd.com\/de\/cbd\/pack-energy-focus-boost-mundspray-igelstachelbart-reishi-cordyceps","og_site_name":"The Tree CBD","article_publisher":"https:\/\/www.facebook.com\/thetreeCBD\/","article_modified_time":"2025-09-01T22:00:24+00:00","og_image":[{"width":1080,"height":1350,"url":"https:\/\/thetreecbd.com\/wp-content\/uploads\/2025\/05\/pack-thetree-spray-shrooms.jpg","type":"image\/jpeg"}],"twitter_card":"summary_large_image","twitter_site":"@TheTreeCBD_EU","twitter_misc":{"Gesch\u00e4tzte Lesezeit":"1\u00a0Minute"},"schema":{"@context":"https:\/\/schema.org","@graph":[{"@type":["WebPage","ItemPage"],"@id":"https:\/\/thetreecbd.com\/de\/cbd\/pack-energy-focus-boost-mundspray-igelstachelbart-reishi-cordyceps","url":"https:\/\/thetreecbd.com\/de\/cbd\/pack-energy-focus-boost-mundspray-igelstachelbart-reishi-cordyceps","name":"Pack Energy & Focus Boost Mundspray + Igelstachelbart, Reishi & Cordyceps | TheTreeCBD","isPartOf":{"@id":"https:\/\/thetreecbd.com\/de#website"},"primaryImageOfPage":{"@id":"https:\/\/thetreecbd.com\/de\/cbd\/pack-energy-focus-boost-mundspray-igelstachelbart-reishi-cordyceps#primaryimage"},"image":{"@id":"https:\/\/thetreecbd.com\/de\/cbd\/pack-energy-focus-boost-mundspray-igelstachelbart-reishi-cordyceps#primaryimage"},"thumbnailUrl":"https:\/\/thetreecbd.com\/wp-content\/uploads\/2025\/05\/pack-thetree-spray-shrooms.jpg","datePublished":"2025-05-15T15:39:11+00:00","dateModified":"2025-09-01T22:00:24+00:00","description":"Ein komplettes Paket, das die Kraft von fl\u00fcssigen und Kapsel-Adapogenen f\u00fcr ein vollst\u00e4ndiges Wohlbefinden kombiniert. Steigern Sie Ihre Energie und Klarheit mit der Kraft der Adaptogene, direkt griffbereit.","breadcrumb":{"@id":"https:\/\/thetreecbd.com\/de\/cbd\/pack-energy-focus-boost-mundspray-igelstachelbart-reishi-cordyceps#breadcrumb"},"inLanguage":"de","potentialAction":[{"@type":"ReadAction","target":["https:\/\/thetreecbd.com\/de\/cbd\/pack-energy-focus-boost-mundspray-igelstachelbart-reishi-cordyceps"]}]},{"@type":"ImageObject","inLanguage":"de","@id":"https:\/\/thetreecbd.com\/de\/cbd\/pack-energy-focus-boost-mundspray-igelstachelbart-reishi-cordyceps#primaryimage","url":"https:\/\/thetreecbd.com\/wp-content\/uploads\/2025\/05\/pack-thetree-spray-shrooms.jpg","contentUrl":"https:\/\/thetreecbd.com\/wp-content\/uploads\/2025\/05\/pack-thetree-spray-shrooms.jpg","width":1080,"height":1350},{"@type":"BreadcrumbList","@id":"https:\/\/thetreecbd.com\/de\/cbd\/pack-energy-focus-boost-mundspray-igelstachelbart-reishi-cordyceps#breadcrumb","itemListElement":[{"@type":"ListItem","position":1,"name":"The Tree","item":"https:\/\/thetreecbd.com\/de"},{"@type":"ListItem","position":2,"name":"CBD","item":"https:\/\/thetreecbd.com\/es\/cbd"},{"@type":"ListItem","position":3,"name":"CBD-Angebote","item":"https:\/\/thetreecbd.com\/de\/cbd-angebote"},{"@type":"ListItem","position":4,"name":"Pack Energy &#038; Focus Boost Mundspray + Igelstachelbart, Reishi &#038; Cordyceps"}]},{"@type":"WebSite","@id":"https:\/\/thetreecbd.com\/de#website","url":"https:\/\/thetreecbd.com\/de","name":"The Tree CBD","description":"Comprar CBD en Espa\u00f1a Online","publisher":{"@id":"https:\/\/thetreecbd.com\/de#organization"},"potentialAction":[{"@type":"SearchAction","target":{"@type":"EntryPoint","urlTemplate":"https:\/\/thetreecbd.com\/de?s={search_term_string}"},"query-input":{"@type":"PropertyValueSpecification","valueRequired":true,"valueName":"search_term_string"}}],"inLanguage":"de"},{"@type":"Organization","@id":"https:\/\/thetreecbd.com\/de#organization","name":"The Tree CBD","url":"https:\/\/thetreecbd.com\/de","logo":{"@type":"ImageObject","inLanguage":"de","@id":"https:\/\/thetreecbd.com\/de#\/schema\/logo\/image\/","url":"https:\/\/thetreecbd.com\/wp-content\/uploads\/2022\/04\/logo-thetree.png","contentUrl":"https:\/\/thetreecbd.com\/wp-content\/uploads\/2022\/04\/logo-thetree.png","width":172,"height":55,"caption":"The Tree CBD"},"image":{"@id":"https:\/\/thetreecbd.com\/de#\/schema\/logo\/image\/"},"sameAs":["https:\/\/www.facebook.com\/thetreeCBD\/","https:\/\/x.com\/TheTreeCBD_EU","https:\/\/www.instagram.com\/thetree.cbd\/","https:\/\/es.trustpilot.com\/review\/thetreecbd.com"]}]}},"_links":{"self":[{"href":"https:\/\/thetreecbd.com\/de\/wp-json\/wp\/v2\/product\/164146","targetHints":{"allow":["GET"]}}],"collection":[{"href":"https:\/\/thetreecbd.com\/de\/wp-json\/wp\/v2\/product"}],"about":[{"href":"https:\/\/thetreecbd.com\/de\/wp-json\/wp\/v2\/types\/product"}],"version-history":[{"count":0,"href":"https:\/\/thetreecbd.com\/de\/wp-json\/wp\/v2\/product\/164146\/revisions"}],"wp:featuredmedia":[{"embeddable":true,"href":"https:\/\/thetreecbd.com\/de\/wp-json\/wp\/v2\/media\/164134"}],"wp:attachment":[{"href":"https:\/\/thetreecbd.com\/de\/wp-json\/wp\/v2\/media?parent=164146"}],"wp:term":[{"taxonomy":"product_brand","embeddable":true,"href":"https:\/\/thetreecbd.com\/de\/wp-json\/wp\/v2\/product_brand?post=164146"}],"curies":[{"name":"wp","href":"https:\/\/api.w.org\/{rel}","templated":true}]}}