{"id":164207,"date":"2023-01-11T15:35:58","date_gmt":"2023-01-11T14:35:58","guid":{"rendered":"https:\/\/thetreecbd.com\/cbd\/trim-greenhouse-cbd-zerkleinerte-hanfbluten"},"modified":"2025-07-11T15:58:19","modified_gmt":"2025-07-11T13:58:19","slug":"trim-greenhouse-cbd-zerkleinerte-hanfbluten","status":"publish","type":"product","link":"https:\/\/thetreecbd.com\/de\/cbd\/trim-greenhouse-cbd-zerkleinerte-hanfbluten","title":{"rendered":"Trim Greenhouse CBD. Zerkleinerte Hanfbl\u00fcten"},"content":{"rendered":"<p><b>Beschreibung<\/b><\/p>\n<p><b><br \/>\n<\/b><span style=\"font-weight: 400;\"> Der <\/span><b>Trim Greenhouse CBD<\/b><span style=\"font-weight: 400;\">, den <\/span><b>The Tree<\/b><span style=\"font-weight: 400;\"> anbietet, besteht aus Resten von CBD-Bl\u00fcten der hochwertigsten <\/span><b>Greenhouse-Sorten<\/b><span style=\"font-weight: 400;\">.<\/span><\/p>\n<p><span style=\"font-weight: 400;\">In diesem neuen Produkt findest du zerkleinerte Bl\u00fctenreste, besonders harzige Bl\u00e4tter (jene, die nahe an der Bl\u00fcte wachsen), kleinere Bl\u00fctenteile, die beim Transport gebrochen sind, und sogar zerteilte ganze Bl\u00fcten \u2013 mit CBD-Gehalten von bis zu 10\u202f%.<\/span><\/p>\n<p><span style=\"font-weight: 400;\">Dieser zerkleinerte Hanf ist eine Mischung aus den besten Greenhouse-Sorten von <\/span><b>The Tree<\/b><span style=\"font-weight: 400;\">.<\/span><\/p>\n<h3>Wie stellen wir es her?<\/h3>\n<p><span style=\"font-weight: 400;\">Der <\/span><b>Trim Greenhouse CBD<\/b><span style=\"font-weight: 400;\"> entsteht aus einer Kombination der harzreichsten Bl\u00e4tter in Bl\u00fctenn\u00e4he und kleinen Bl\u00fctenteilen, die aufgrund ihrer Gr\u00f6\u00dfe nicht einzeln vermarktet werden k\u00f6nnen. Auch gr\u00f6\u00dfere, w\u00e4hrend des Transports besch\u00e4digte Bl\u00fctenst\u00fccke k\u00f6nnen enthalten sein \u2013 was die Qualit\u00e4t jedoch keineswegs mindert, sondern lediglich die Pr\u00e4sentationsform ver\u00e4ndert.<\/span><\/p>\n<p><span style=\"font-weight: 400;\">Der Name dieses Produkts stammt vom englischen Begriff <\/span><b>\u201eTrim\u201c<\/b><span style=\"font-weight: 400;\">, was so viel wie \u201ebeschneiden\u201c oder \u201eSchnitt\u201c bedeutet. Im Spanischen bezieht sich der Begriff auf das Pflanzenmaterial, das beim Manik\u00fcren oder Beschneiden der Hanfbl\u00fcten nach dem Trocknen abf\u00e4llt.<\/span><\/p>\n<p><span style=\"font-weight: 400;\">Der <\/span><b>Trim Greenhouse CBD<\/b><span style=\"font-weight: 400;\"> von <\/span><b>The Tree<\/b><span style=\"font-weight: 400;\"> ist von h\u00f6chster Qualit\u00e4t. Wie der Name verr\u00e4t, besteht er ausschlie\u00dflich aus Resten von CBD-Bl\u00fcten, die in den besten und modernsten Gew\u00e4chsh\u00e4usern Europas angebaut wurden \u2013 ein Garant f\u00fcr h\u00f6chste Standards in der Produktion.<\/span><\/p>\n<p><span style=\"font-weight: 400;\">Dieser Trim enth\u00e4lt neben zerkleinerten CBD-Bl\u00fcten eine Auswahl besonders harzreicher Bl\u00e4tter mit hohem CBD-Gehalt, die ihm ein unverwechselbares Aroma verleihen \u2013 sehr gesch\u00e4tzt von CBD-Liebhabern.<\/span><\/p>\n<p><span style=\"font-weight: 400;\">Mit einem THC-Gehalt von unter 0,20\u202f% ist er vollst\u00e4ndig legal in ganz Europa und hat keine psychoaktive Wirkung.<\/span><\/p>\n<p><b>Merkmale des legalen Cannabis Trim Greenhouse CBD<\/b><b><br \/>\n<\/b> <b>Reste von Hanfbl\u00fcten und -bl\u00e4ttern<\/b><\/p>\n<ul>\n<li><span style=\"font-weight: 400;\">Weniger als 0,20\u202f% THC<\/span><\/li>\n<li><span style=\"font-weight: 400;\">9\u202f% bis 12\u202f% CBD<\/span><\/li>\n<li><span style=\"font-weight: 400;\">Genetik: Mix aus von der EU zertifizierten Samen<\/span><\/li>\n<li><span style=\"font-weight: 400;\">50\u202f% Sativa \u2013 50\u202f% Indica<\/span><\/li>\n<li><span style=\"font-weight: 400;\">Keine psychoaktive Wirkung<\/span><\/li>\n<li><span style=\"font-weight: 400;\">Organisch angebaut<\/span><\/li>\n<li><span style=\"font-weight: 400;\">GMO-frei<\/span><\/li>\n<li><span style=\"font-weight: 400;\">Pestizidfrei<\/span><\/li>\n<\/ul>\n<p><b>Aroma des Trim Greenhouse CBD<\/b><b><br \/>\n<\/b><span style=\"font-weight: 400;\"> Terpene sind in den meisten \u00e4therischen \u00d6len vieler Pflanzen, Blumen und Fr\u00fcchte enthalten und verantwortlich f\u00fcr Geruch und Geschmack. Auch Cannabis bietet ein breites Terpenprofil.<\/span><\/p>\n<p><span style=\"font-weight: 400;\">Der <\/span><b>Trim Greenhouse CBD<\/b><span style=\"font-weight: 400;\"> von <\/span><b>The Tree<\/b><span style=\"font-weight: 400;\"> vereint mehrere legale CBD-Cannabissorten mit einem sanften, fruchtigen und zitrusartigen Duftprofil.<\/span><\/p>\n<p><b>Zielgruppe<\/b><b><br \/>\n<\/b><span style=\"font-weight: 400;\"> Trim ist f\u00fcr jene K\u00e4ufer gedacht, die gewohnte Qualit\u00e4t zu einem niedrigeren Preis suchen.<\/span><\/p>\n<p><span style=\"font-weight: 400;\">Als Nebenprodukt oder Verschnitt bietet dieser Trim Zugang zu einer Mischung verschiedener Sorten zu einem sehr g\u00fcnstigen Preis \u2013 jedoch stets mit der gewohnten Qualit\u00e4t von <\/span><b>The Tree CBD<\/b><span style=\"font-weight: 400;\">.<\/span><\/p>\n<p><b>Sicherheitshinweis<\/b><b><br \/>\n<\/b><span style=\"font-weight: 400;\"> Dieser Trim stammt aus harzfreien, nicht psychoaktiven Hanfbl\u00fcten, die aus zertifiziertem Saatgut kultiviert wurden \u2013 ohne Zusatzstoffe und mit einem THC-Gehalt von maximal 0,2\u202f% oder einem Psychotropie-Index unter 1. Es handelt sich um <\/span><b>Faserhanf<\/b><span style=\"font-weight: 400;\"> gem\u00e4\u00df UN-Handbuch ST\/NAR 40. Dieses Produkt ist <\/span><b>dekorativ, aromatisch und sammelw\u00fcrdig<\/b><span style=\"font-weight: 400;\">. Es ist verboten, es zu konsumieren, zu inhalieren oder therapeutisch zu verwenden. Das Unternehmen \u00fcbernimmt keine Verantwortung f\u00fcr eine vom Gesetz oder den Hinweisen abweichende Verwendung. Verkauf an Minderj\u00e4hrige ist untersagt. Au\u00dferhalb der Reichweite von Kindern aufbewahren.<\/span><\/p>\n<p><span style=\"font-weight: 400;\">Die bereitgestellten Inhalte dienen ausschlie\u00dflich zu Informations- und Schulungszwecken und ersetzen in keiner Weise den Rat eines Arztes oder Apothekers. Unsere Texte sind nicht zur eigenst\u00e4ndigen Diagnose oder Behandlung von Krankheiten bestimmt.<\/span><\/p>\n<p><span style=\"font-weight: 400;\">Kontaktieren Sie uns gerne bei weiteren Fragen.<\/span><\/p>\n<p><b>Lagerung<\/b><b><br \/>\n<\/b><span style=\"font-weight: 400;\"> Der <\/span><b>CBD-Trim von The Tree<\/b><span style=\"font-weight: 400;\"> sollte idealerweise <\/span><b>k\u00fchl, trocken und lichtgesch\u00fctzt<\/b><span style=\"font-weight: 400;\">, fern von starken Ger\u00fcchen gelagert werden, um Kontamination oder Qualit\u00e4tseinbu\u00dfen zu vermeiden. Direkte Sonneneinstrahlung und Hitze vermeiden.<\/span><\/p>\n<p><b>Achtung:<\/b><span style=\"font-weight: 400;\"> Die angegebene Haltbarkeit betr\u00e4gt <\/span><b>einen Monat<\/b><span style=\"font-weight: 400;\">, wenn das Produkt korrekt gelagert wird.<\/span><\/p>\n","protected":false},"excerpt":{"rendered":"<ul>\n<li><b>Reste von Hanfbl\u00fcten und -bl\u00e4ttern<\/b><\/li>\n<li><span style=\"font-weight: 400;\">Weniger als 0,20\u202f% THC<\/span><\/li>\n<li><span style=\"font-weight: 400;\">9\u202f% bis 12\u202f% CBD<\/span><\/li>\n<li><span style=\"font-weight: 400;\">Genetik: Mix aus von der EU zertifizierten Samen<\/span><\/li>\n<li><span style=\"font-weight: 400;\">50\u202f% Sativa \u2013 50\u202f% Indica<\/span><\/li>\n<li><span style=\"font-weight: 400;\">Keine psychoaktive Wirkung<\/span><\/li>\n<li><span style=\"font-weight: 400;\">Organisch angebaut<\/span><\/li>\n<li><span style=\"font-weight: 400;\">GMO-frei<\/span><\/li>\n<li><span style=\"font-weight: 400;\">Pestizidfrei<\/span><\/li>\n<\/ul>\n","protected":false},"featured_media":182720,"template":"","meta":{"_acf_changed":false},"product_brand":[],"class_list":{"0":"post-164207","1":"product","2":"type-product","3":"status-publish","4":"has-post-thumbnail","6":"product_cat-bluten","7":"product_cat-cbd-trim-de","8":"product_cat-produkte-mit-10-cbd","10":"first","11":"instock","12":"taxable","13":"shipping-taxable","14":"purchasable","15":"product-type-variable"},"acf":[],"yoast_head":"<!-- This site is optimized with the Yoast SEO plugin v26.3 - https:\/\/yoast.com\/wordpress\/plugins\/seo\/ -->\n<title>Trim Greenhouse CBD. Zerkleinerte Hanfbl\u00fcten - Hasta 12% CBD | The Tree CBD<\/title>\n<meta name=\"description\" content=\"Eingelegte Bl\u00fcten der besten Gew\u00e4chshaussorten mit einem CBD-Gehalt von bis zu 12 %. Suchen Sie das Bild und sehen Sie sich das Trim-Gew\u00e4chshaus von The Tree CBD an\" \/>\n<meta name=\"robots\" content=\"index, follow, max-snippet:-1, max-image-preview:large, max-video-preview:-1\" \/>\n<link rel=\"canonical\" href=\"https:\/\/thetreecbd.com\/de\/cbd\/trim-greenhouse-cbd-zerkleinerte-hanfbluten\" \/>\n<meta property=\"og:locale\" content=\"de_DE\" \/>\n<meta property=\"og:type\" content=\"article\" \/>\n<meta property=\"og:title\" content=\"Trim Greenhouse CBD. Zerkleinerte Hanfbl\u00fcten - Hasta 12% CBD | The Tree CBD\" \/>\n<meta property=\"og:description\" content=\"Eingelegte Bl\u00fcten der besten Gew\u00e4chshaussorten mit einem CBD-Gehalt von bis zu 12 %. Suchen Sie das Bild und sehen Sie sich das Trim-Gew\u00e4chshaus von The Tree CBD an\" \/>\n<meta property=\"og:url\" content=\"https:\/\/thetreecbd.com\/de\/cbd\/trim-greenhouse-cbd-zerkleinerte-hanfbluten\" \/>\n<meta property=\"og:site_name\" content=\"The Tree CBD\" \/>\n<meta property=\"article:publisher\" content=\"https:\/\/www.facebook.com\/thetreeCBD\/\" \/>\n<meta property=\"article:modified_time\" content=\"2025-07-11T13:58:19+00:00\" \/>\n<meta property=\"og:image\" content=\"https:\/\/thetreecbd.com\/wp-content\/uploads\/2024\/04\/Trim-Green-House-thetreecbd-web.jpg\" \/>\n\t<meta property=\"og:image:width\" content=\"1080\" \/>\n\t<meta property=\"og:image:height\" content=\"1350\" \/>\n\t<meta property=\"og:image:type\" content=\"image\/jpeg\" \/>\n<meta name=\"twitter:card\" content=\"summary_large_image\" \/>\n<meta name=\"twitter:site\" content=\"@TheTreeCBD_EU\" \/>\n<meta name=\"twitter:label1\" content=\"Gesch\u00e4tzte Lesezeit\" \/>\n\t<meta name=\"twitter:data1\" content=\"3\u00a0Minuten\" \/>\n<script type=\"application\/ld+json\" class=\"yoast-schema-graph\">{\"@context\":\"https:\/\/schema.org\",\"@graph\":[{\"@type\":[\"WebPage\",\"ItemPage\"],\"@id\":\"https:\/\/thetreecbd.com\/de\/cbd\/trim-greenhouse-cbd-zerkleinerte-hanfbluten\",\"url\":\"https:\/\/thetreecbd.com\/de\/cbd\/trim-greenhouse-cbd-zerkleinerte-hanfbluten\",\"name\":\"Trim Greenhouse CBD. Zerkleinerte Hanfbl\u00fcten - Hasta 12% CBD | The Tree CBD\",\"isPartOf\":{\"@id\":\"https:\/\/thetreecbd.com\/de#website\"},\"primaryImageOfPage\":{\"@id\":\"https:\/\/thetreecbd.com\/de\/cbd\/trim-greenhouse-cbd-zerkleinerte-hanfbluten#primaryimage\"},\"image\":{\"@id\":\"https:\/\/thetreecbd.com\/de\/cbd\/trim-greenhouse-cbd-zerkleinerte-hanfbluten#primaryimage\"},\"thumbnailUrl\":\"https:\/\/thetreecbd.com\/wp-content\/uploads\/2024\/04\/Trim-Green-House-thetreecbd-web.jpg\",\"datePublished\":\"2023-01-11T14:35:58+00:00\",\"dateModified\":\"2025-07-11T13:58:19+00:00\",\"description\":\"Eingelegte Bl\u00fcten der besten Gew\u00e4chshaussorten mit einem CBD-Gehalt von bis zu 12 %. Suchen Sie das Bild und sehen Sie sich das Trim-Gew\u00e4chshaus von The Tree CBD an\",\"breadcrumb\":{\"@id\":\"https:\/\/thetreecbd.com\/de\/cbd\/trim-greenhouse-cbd-zerkleinerte-hanfbluten#breadcrumb\"},\"inLanguage\":\"de\",\"potentialAction\":[{\"@type\":\"ReadAction\",\"target\":[\"https:\/\/thetreecbd.com\/de\/cbd\/trim-greenhouse-cbd-zerkleinerte-hanfbluten\"]}]},{\"@type\":\"ImageObject\",\"inLanguage\":\"de\",\"@id\":\"https:\/\/thetreecbd.com\/de\/cbd\/trim-greenhouse-cbd-zerkleinerte-hanfbluten#primaryimage\",\"url\":\"https:\/\/thetreecbd.com\/wp-content\/uploads\/2024\/04\/Trim-Green-House-thetreecbd-web.jpg\",\"contentUrl\":\"https:\/\/thetreecbd.com\/wp-content\/uploads\/2024\/04\/Trim-Green-House-thetreecbd-web.jpg\",\"width\":1080,\"height\":1350},{\"@type\":\"BreadcrumbList\",\"@id\":\"https:\/\/thetreecbd.com\/de\/cbd\/trim-greenhouse-cbd-zerkleinerte-hanfbluten#breadcrumb\",\"itemListElement\":[{\"@type\":\"ListItem\",\"position\":1,\"name\":\"The Tree\",\"item\":\"https:\/\/thetreecbd.com\/de\"},{\"@type\":\"ListItem\",\"position\":2,\"name\":\"CBD\",\"item\":\"https:\/\/thetreecbd.com\/es\/cbd\"},{\"@type\":\"ListItem\",\"position\":3,\"name\":\"CBD-Bl\u00fcten kaufen\",\"item\":\"https:\/\/thetreecbd.com\/de\/bluten\"},{\"@type\":\"ListItem\",\"position\":4,\"name\":\"CBD-Trim zerkleinerte Bl\u00fcten\",\"item\":\"https:\/\/thetreecbd.com\/de\/bluten\/cbd-trim-de\"},{\"@type\":\"ListItem\",\"position\":5,\"name\":\"Trim Greenhouse CBD. Zerkleinerte Hanfbl\u00fcten\"}]},{\"@type\":\"WebSite\",\"@id\":\"https:\/\/thetreecbd.com\/de#website\",\"url\":\"https:\/\/thetreecbd.com\/de\",\"name\":\"The Tree CBD\",\"description\":\"Comprar CBD en Espa\u00f1a Online\",\"publisher\":{\"@id\":\"https:\/\/thetreecbd.com\/de#organization\"},\"potentialAction\":[{\"@type\":\"SearchAction\",\"target\":{\"@type\":\"EntryPoint\",\"urlTemplate\":\"https:\/\/thetreecbd.com\/de?s={search_term_string}\"},\"query-input\":{\"@type\":\"PropertyValueSpecification\",\"valueRequired\":true,\"valueName\":\"search_term_string\"}}],\"inLanguage\":\"de\"},{\"@type\":\"Organization\",\"@id\":\"https:\/\/thetreecbd.com\/de#organization\",\"name\":\"The Tree CBD\",\"url\":\"https:\/\/thetreecbd.com\/de\",\"logo\":{\"@type\":\"ImageObject\",\"inLanguage\":\"de\",\"@id\":\"https:\/\/thetreecbd.com\/de#\/schema\/logo\/image\/\",\"url\":\"https:\/\/thetreecbd.com\/wp-content\/uploads\/2022\/04\/logo-thetree.png\",\"contentUrl\":\"https:\/\/thetreecbd.com\/wp-content\/uploads\/2022\/04\/logo-thetree.png\",\"width\":172,\"height\":55,\"caption\":\"The Tree CBD\"},\"image\":{\"@id\":\"https:\/\/thetreecbd.com\/de#\/schema\/logo\/image\/\"},\"sameAs\":[\"https:\/\/www.facebook.com\/thetreeCBD\/\",\"https:\/\/x.com\/TheTreeCBD_EU\",\"https:\/\/www.instagram.com\/thetree.cbd\/\",\"https:\/\/es.trustpilot.com\/review\/thetreecbd.com\"]}]}<\/script>\n<!-- \/ Yoast SEO plugin. -->","yoast_head_json":{"title":"Trim Greenhouse CBD. Zerkleinerte Hanfbl\u00fcten - Hasta 12% CBD | The Tree CBD","description":"Eingelegte Bl\u00fcten der besten Gew\u00e4chshaussorten mit einem CBD-Gehalt von bis zu 12 %. Suchen Sie das Bild und sehen Sie sich das Trim-Gew\u00e4chshaus von The Tree CBD an","robots":{"index":"index","follow":"follow","max-snippet":"max-snippet:-1","max-image-preview":"max-image-preview:large","max-video-preview":"max-video-preview:-1"},"canonical":"https:\/\/thetreecbd.com\/de\/cbd\/trim-greenhouse-cbd-zerkleinerte-hanfbluten","og_locale":"de_DE","og_type":"article","og_title":"Trim Greenhouse CBD. Zerkleinerte Hanfbl\u00fcten - Hasta 12% CBD | The Tree CBD","og_description":"Eingelegte Bl\u00fcten der besten Gew\u00e4chshaussorten mit einem CBD-Gehalt von bis zu 12 %. Suchen Sie das Bild und sehen Sie sich das Trim-Gew\u00e4chshaus von The Tree CBD an","og_url":"https:\/\/thetreecbd.com\/de\/cbd\/trim-greenhouse-cbd-zerkleinerte-hanfbluten","og_site_name":"The Tree CBD","article_publisher":"https:\/\/www.facebook.com\/thetreeCBD\/","article_modified_time":"2025-07-11T13:58:19+00:00","og_image":[{"width":1080,"height":1350,"url":"https:\/\/thetreecbd.com\/wp-content\/uploads\/2024\/04\/Trim-Green-House-thetreecbd-web.jpg","type":"image\/jpeg"}],"twitter_card":"summary_large_image","twitter_site":"@TheTreeCBD_EU","twitter_misc":{"Gesch\u00e4tzte Lesezeit":"3\u00a0Minuten"},"schema":{"@context":"https:\/\/schema.org","@graph":[{"@type":["WebPage","ItemPage"],"@id":"https:\/\/thetreecbd.com\/de\/cbd\/trim-greenhouse-cbd-zerkleinerte-hanfbluten","url":"https:\/\/thetreecbd.com\/de\/cbd\/trim-greenhouse-cbd-zerkleinerte-hanfbluten","name":"Trim Greenhouse CBD. Zerkleinerte Hanfbl\u00fcten - Hasta 12% CBD | The Tree CBD","isPartOf":{"@id":"https:\/\/thetreecbd.com\/de#website"},"primaryImageOfPage":{"@id":"https:\/\/thetreecbd.com\/de\/cbd\/trim-greenhouse-cbd-zerkleinerte-hanfbluten#primaryimage"},"image":{"@id":"https:\/\/thetreecbd.com\/de\/cbd\/trim-greenhouse-cbd-zerkleinerte-hanfbluten#primaryimage"},"thumbnailUrl":"https:\/\/thetreecbd.com\/wp-content\/uploads\/2024\/04\/Trim-Green-House-thetreecbd-web.jpg","datePublished":"2023-01-11T14:35:58+00:00","dateModified":"2025-07-11T13:58:19+00:00","description":"Eingelegte Bl\u00fcten der besten Gew\u00e4chshaussorten mit einem CBD-Gehalt von bis zu 12 %. Suchen Sie das Bild und sehen Sie sich das Trim-Gew\u00e4chshaus von The Tree CBD an","breadcrumb":{"@id":"https:\/\/thetreecbd.com\/de\/cbd\/trim-greenhouse-cbd-zerkleinerte-hanfbluten#breadcrumb"},"inLanguage":"de","potentialAction":[{"@type":"ReadAction","target":["https:\/\/thetreecbd.com\/de\/cbd\/trim-greenhouse-cbd-zerkleinerte-hanfbluten"]}]},{"@type":"ImageObject","inLanguage":"de","@id":"https:\/\/thetreecbd.com\/de\/cbd\/trim-greenhouse-cbd-zerkleinerte-hanfbluten#primaryimage","url":"https:\/\/thetreecbd.com\/wp-content\/uploads\/2024\/04\/Trim-Green-House-thetreecbd-web.jpg","contentUrl":"https:\/\/thetreecbd.com\/wp-content\/uploads\/2024\/04\/Trim-Green-House-thetreecbd-web.jpg","width":1080,"height":1350},{"@type":"BreadcrumbList","@id":"https:\/\/thetreecbd.com\/de\/cbd\/trim-greenhouse-cbd-zerkleinerte-hanfbluten#breadcrumb","itemListElement":[{"@type":"ListItem","position":1,"name":"The Tree","item":"https:\/\/thetreecbd.com\/de"},{"@type":"ListItem","position":2,"name":"CBD","item":"https:\/\/thetreecbd.com\/es\/cbd"},{"@type":"ListItem","position":3,"name":"CBD-Bl\u00fcten kaufen","item":"https:\/\/thetreecbd.com\/de\/bluten"},{"@type":"ListItem","position":4,"name":"CBD-Trim zerkleinerte Bl\u00fcten","item":"https:\/\/thetreecbd.com\/de\/bluten\/cbd-trim-de"},{"@type":"ListItem","position":5,"name":"Trim Greenhouse CBD. Zerkleinerte Hanfbl\u00fcten"}]},{"@type":"WebSite","@id":"https:\/\/thetreecbd.com\/de#website","url":"https:\/\/thetreecbd.com\/de","name":"The Tree CBD","description":"Comprar CBD en Espa\u00f1a Online","publisher":{"@id":"https:\/\/thetreecbd.com\/de#organization"},"potentialAction":[{"@type":"SearchAction","target":{"@type":"EntryPoint","urlTemplate":"https:\/\/thetreecbd.com\/de?s={search_term_string}"},"query-input":{"@type":"PropertyValueSpecification","valueRequired":true,"valueName":"search_term_string"}}],"inLanguage":"de"},{"@type":"Organization","@id":"https:\/\/thetreecbd.com\/de#organization","name":"The Tree CBD","url":"https:\/\/thetreecbd.com\/de","logo":{"@type":"ImageObject","inLanguage":"de","@id":"https:\/\/thetreecbd.com\/de#\/schema\/logo\/image\/","url":"https:\/\/thetreecbd.com\/wp-content\/uploads\/2022\/04\/logo-thetree.png","contentUrl":"https:\/\/thetreecbd.com\/wp-content\/uploads\/2022\/04\/logo-thetree.png","width":172,"height":55,"caption":"The Tree CBD"},"image":{"@id":"https:\/\/thetreecbd.com\/de#\/schema\/logo\/image\/"},"sameAs":["https:\/\/www.facebook.com\/thetreeCBD\/","https:\/\/x.com\/TheTreeCBD_EU","https:\/\/www.instagram.com\/thetree.cbd\/","https:\/\/es.trustpilot.com\/review\/thetreecbd.com"]}]}},"_links":{"self":[{"href":"https:\/\/thetreecbd.com\/de\/wp-json\/wp\/v2\/product\/164207","targetHints":{"allow":["GET"]}}],"collection":[{"href":"https:\/\/thetreecbd.com\/de\/wp-json\/wp\/v2\/product"}],"about":[{"href":"https:\/\/thetreecbd.com\/de\/wp-json\/wp\/v2\/types\/product"}],"version-history":[{"count":0,"href":"https:\/\/thetreecbd.com\/de\/wp-json\/wp\/v2\/product\/164207\/revisions"}],"wp:featuredmedia":[{"embeddable":true,"href":"https:\/\/thetreecbd.com\/de\/wp-json\/wp\/v2\/media\/182720"}],"wp:attachment":[{"href":"https:\/\/thetreecbd.com\/de\/wp-json\/wp\/v2\/media?parent=164207"}],"wp:term":[{"taxonomy":"product_brand","embeddable":true,"href":"https:\/\/thetreecbd.com\/de\/wp-json\/wp\/v2\/product_brand?post=164207"}],"curies":[{"name":"wp","href":"https:\/\/api.w.org\/{rel}","templated":true}]}}