{"id":164215,"date":"2022-04-20T21:19:43","date_gmt":"2022-04-20T19:19:43","guid":{"rendered":"https:\/\/thetreecbd.com\/cbd\/trim-indoor-cbd-zerkleinerte-hanfbluten"},"modified":"2025-07-25T11:50:31","modified_gmt":"2025-07-25T09:50:31","slug":"trim-indoor-cbd-zerkleinerte-hanfbluten","status":"publish","type":"product","link":"https:\/\/thetreecbd.com\/de\/cbd\/trim-indoor-cbd-zerkleinerte-hanfbluten","title":{"rendered":"Trim Indoor Cali CBD. Zerkleinerte Hanfbl\u00fcten"},"content":{"rendered":"<p>Das von The Tree angebotene <b>Cali Weed CBD Trim<\/b> besteht aus Resten von Premium-CBD-Bl\u00fcten der gefragtesten ausgew\u00e4hlten Sorten von The Tree. Dieses Produkt enth\u00e4lt zerkleinerte Bl\u00fctenreste, die bl\u00fctennahen Bl\u00e4tter der Hanfpflanze, die reich an CBD-Harz sind, zerlegte ganze Bl\u00fcten und einige kleine Bl\u00fctenst\u00fccke, die abgebrochen sind, alles mit einer hohen CBD-Konzentration. Der zerkleinerte \/ gemahlene Hanf enth\u00e4lt eine Mischung der besten Cali Weed CBD-Sorten von The Tree. Das Wort &#8216;TRIM&#8217; bedeutet im Englischen &#8220;schneiden&#8221; oder &#8220;Beschnitt&#8221;. Im Deutschen verwenden wir es, um all das Material zu bezeichnen, das von der Hanfbl\u00fcte abf\u00e4llt, wenn sie nach dem Trocknen manik\u00fcrt oder mit der Schere gereinigt wird. Das <b>Cali Weed CBD Trim<\/b> entsteht durch die Kombination der bl\u00fctennahen Bl\u00e4tter, die eine gr\u00f6\u00dfere Harzmenge enthalten, zusammen mit kleinen Bl\u00fctenst\u00fccken, die aufgrund ihrer Gr\u00f6\u00dfe nicht vermarktet werden k\u00f6nnen, und anderen St\u00fccken gr\u00f6\u00dferer Bl\u00fcten, die beim Transport gebrochen sind, was keine geringere Produktqualit\u00e4t impliziert, sondern lediglich die Darreichungsform ist, in der wir es finden. Das <b>Cali Weed CBD Trim<\/b> von The Tree ist von au\u00dfergew\u00f6hnlicher Qualit\u00e4t, wie der Name schon sagt, besteht es ausschlie\u00dflich aus Resten von CBD-Bl\u00fcten, die &#8216;Indoor&#8217; (drinnen) angebaut wurden, was die h\u00f6chstm\u00f6gliche Qualit\u00e4t in Bezug auf die Produktion bedeutet. Neben der enormen Menge an zerkleinerten <b>CBD-Bl\u00fcten<\/b> enth\u00e4lt es eine einzigartige Auswahl der Bl\u00e4tter mit der gr\u00f6\u00dften Harzmenge und einem hohen CBD-Gehalt, was uns ein ganz besonderes Aroma verleiht, das CBD-Liebhaber zu sch\u00e4tzen wissen werden. Da es weniger als 0,19% THC enth\u00e4lt, ist es in ganz Europa vollst\u00e4ndig legal und hat keinerlei psychoaktive Wirkung.<\/p>\n<p>&nbsp;<\/p>\n<h4>Eigenschaften von legalem Trim Cali Weed CBD<\/h4>\n<p>&nbsp;<\/p>\n<ul>\n<li>Hanfbl\u00fctenreste und Bl\u00e4tter<\/li>\n<li>Weniger als 0.20% THC<\/li>\n<li>12% bis 14% CBD<\/li>\n<li>Genetik: Mix ausgew\u00e4hlter EU-Samen<\/li>\n<li>Sativa 50% Indica 50%<\/li>\n<li>Keine psychoaktiven Effekte<\/li>\n<li>Organisch angebaut<\/li>\n<li>GVO-frei<\/li>\n<li>Pestizidfrei<\/li>\n<\/ul>\n<p>&nbsp;<\/p>\n<h4>Aroma Trim Cali Weed CBD<\/h4>\n<p>&nbsp;<\/p>\n<p>Terpene finden sich in den meisten \u00e4therischen \u00d6len vieler Pflanzen, Blumen und Fr\u00fcchte; sie sind f\u00fcr Geruch und Geschmack verantwortlich. In Cannabis finden wir ein breites Terpenprofil. Im <b>Trim Cali Weed CBD<\/b> finden wir eine Mischung aus verschiedenen Premium-Genetiken von legalem CBD-Cannabis von The Tree mit einem milden, zitrusartigen und fruchtigen Aroma.<\/p>\n<p>&nbsp;<\/p>\n<h4>Zielgruppe<\/h4>\n<p>&nbsp;<\/p>\n<p>Trim ist f\u00fcr K\u00e4ufer gedacht, die die gewohnte Qualit\u00e4t zu einem niedrigeren Preis suchen. Als Nebenprodukt oder Abfall bietet Ihnen dieses Trim Zugang zu einer Mischung von Sorten zu einem sehr reduzierten Preis, wobei jedoch stets die gleiche Qualit\u00e4t von The Tree CBD erhalten bleibt.<\/p>\n<p>&nbsp;<\/p>\n<h4>Sicherheitsinformationen<\/h4>\n<p>&nbsp;<\/p>\n<p>Bitte beachten Sie, dass das Cali Weed CBD Trim von The Tree ein dekoratives, Sammler- und aromatisches Produkt ist. Es sollte nicht w\u00e4hrend der Schwangerschaft oder Stillzeit verwendet werden. Au\u00dferhalb der Reichweite von Kindern aufbewahren. Unser CBD Trim kann eine bestimmte Menge THC enthalten. Dies liegt selbstverst\u00e4ndlich unter dem EU-Grenzwert von 0,2% THC. Die bereitgestellten Inhalte dienen ausschlie\u00dflich Informations- und Schulungszwecken und ersetzen in keiner Weise die medizinische Beratung durch einen Arzt oder Apotheker. Unsere Texte sind nicht zur eigenst\u00e4ndigen Diagnose und Behandlung von Krankheiten bestimmt. Z\u00f6gern Sie nicht, uns bei weiteren Fragen zu kontaktieren.<\/p>\n<p>&nbsp;<\/p>\n<h4>Lagerung<\/h4>\n<p>&nbsp;<\/p>\n<p>Idealmente sollte das Cali Weed CBD Trim von The Tree an einem k\u00fchlen, trockenen Ort, gesch\u00fctzt vor Licht und starken Ger\u00fcchen, gelagert werden, um jegliche Art von Kontamination und\/oder Abbau zu vermeiden. Direkte Sonneneinstrahlung und Hitze vermeiden.<\/p>\n<p><b>Achtung:<\/b> Die angegebene Haltbarkeit betr\u00e4gt bei korrekter Lagerung einen Monat.<\/p>\n","protected":false},"excerpt":{"rendered":"<ul>\n<li><b>Reste von Hanfbl\u00fcten und -bl\u00e4ttern<\/b><\/li>\n<li><span style=\"font-weight: 400;\">Weniger als 0,20\u202f% THC<\/span><\/li>\n<li><span style=\"font-weight: 400;\">12\u202f% bis 14\u202f% CBD<\/span><\/li>\n<li><span style=\"font-weight: 400;\">Genetik: Mix aus von der EU zertifizierten Samen<\/span><\/li>\n<li><span style=\"font-weight: 400;\">50\u202f% Sativa \u2013 50\u202f% Indica<\/span><\/li>\n<li><span style=\"font-weight: 400;\">Keine psychoaktive Wirkung<\/span><\/li>\n<li><span style=\"font-weight: 400;\">Organisch angebaut<\/span><\/li>\n<li><span style=\"font-weight: 400;\">GMO-frei<\/span><\/li>\n<li><span style=\"font-weight: 400;\">Pestizidfrei<\/span><\/li>\n<\/ul>\n","protected":false},"featured_media":182726,"template":"","meta":{"_acf_changed":false},"product_brand":[],"class_list":{"0":"post-164215","1":"product","2":"type-product","3":"status-publish","4":"has-post-thumbnail","6":"product_cat-bluten","7":"product_cat-cbd-trim-de","8":"product_cat-produkte-mit-10-cbd","10":"first","11":"instock","12":"taxable","13":"shipping-taxable","14":"purchasable","15":"product-type-variable"},"acf":[],"yoast_head":"<!-- This site is optimized with the Yoast SEO plugin v26.3 - https:\/\/yoast.com\/wordpress\/plugins\/seo\/ -->\n<title>Trim Indoor Cali CBD. Zerkleinerte Hanfbl\u00fcten- Hasta 14% CBD | The Tree CBD<\/title>\n<meta name=\"description\" content=\"Gehackte Bl\u00fcten der hochwertigsten Sorten mit einem CBD-Gehalt von bis zu 14 %. Entdecken Sie gehackten Hanf und probieren Sie Trim Indoor von The Tree CBD\" \/>\n<meta name=\"robots\" content=\"index, follow, max-snippet:-1, max-image-preview:large, max-video-preview:-1\" \/>\n<link rel=\"canonical\" href=\"https:\/\/thetreecbd.com\/de\/cbd\/trim-indoor-cbd-zerkleinerte-hanfbluten\" \/>\n<meta property=\"og:locale\" content=\"de_DE\" \/>\n<meta property=\"og:type\" content=\"article\" \/>\n<meta property=\"og:title\" content=\"Trim Indoor Cali CBD. Zerkleinerte Hanfbl\u00fcten- Hasta 14% CBD | The Tree CBD\" \/>\n<meta property=\"og:description\" content=\"Gehackte Bl\u00fcten der hochwertigsten Sorten mit einem CBD-Gehalt von bis zu 14 %. Entdecken Sie gehackten Hanf und probieren Sie Trim Indoor von The Tree CBD\" \/>\n<meta property=\"og:url\" content=\"https:\/\/thetreecbd.com\/de\/cbd\/trim-indoor-cbd-zerkleinerte-hanfbluten\" \/>\n<meta property=\"og:site_name\" content=\"The Tree CBD\" \/>\n<meta property=\"article:publisher\" content=\"https:\/\/www.facebook.com\/thetreeCBD\/\" \/>\n<meta property=\"article:modified_time\" content=\"2025-07-25T09:50:31+00:00\" \/>\n<meta property=\"og:image\" content=\"https:\/\/thetreecbd.com\/wp-content\/uploads\/2024\/04\/Trim-Indoor-cali-weed-thetreecbd-web.jpg\" \/>\n\t<meta property=\"og:image:width\" content=\"1080\" \/>\n\t<meta property=\"og:image:height\" content=\"1350\" \/>\n\t<meta property=\"og:image:type\" content=\"image\/jpeg\" \/>\n<meta name=\"twitter:card\" content=\"summary_large_image\" \/>\n<meta name=\"twitter:site\" content=\"@TheTreeCBD_EU\" \/>\n<meta name=\"twitter:label1\" content=\"Gesch\u00e4tzte Lesezeit\" \/>\n\t<meta name=\"twitter:data1\" content=\"3\u00a0Minuten\" \/>\n<script type=\"application\/ld+json\" class=\"yoast-schema-graph\">{\"@context\":\"https:\/\/schema.org\",\"@graph\":[{\"@type\":[\"WebPage\",\"ItemPage\"],\"@id\":\"https:\/\/thetreecbd.com\/de\/cbd\/trim-indoor-cbd-zerkleinerte-hanfbluten\",\"url\":\"https:\/\/thetreecbd.com\/de\/cbd\/trim-indoor-cbd-zerkleinerte-hanfbluten\",\"name\":\"Trim Indoor Cali CBD. Zerkleinerte Hanfbl\u00fcten- Hasta 14% CBD | The Tree CBD\",\"isPartOf\":{\"@id\":\"https:\/\/thetreecbd.com\/de#website\"},\"primaryImageOfPage\":{\"@id\":\"https:\/\/thetreecbd.com\/de\/cbd\/trim-indoor-cbd-zerkleinerte-hanfbluten#primaryimage\"},\"image\":{\"@id\":\"https:\/\/thetreecbd.com\/de\/cbd\/trim-indoor-cbd-zerkleinerte-hanfbluten#primaryimage\"},\"thumbnailUrl\":\"https:\/\/thetreecbd.com\/wp-content\/uploads\/2024\/04\/Trim-Indoor-cali-weed-thetreecbd-web.jpg\",\"datePublished\":\"2022-04-20T19:19:43+00:00\",\"dateModified\":\"2025-07-25T09:50:31+00:00\",\"description\":\"Gehackte Bl\u00fcten der hochwertigsten Sorten mit einem CBD-Gehalt von bis zu 14 %. Entdecken Sie gehackten Hanf und probieren Sie Trim Indoor von The Tree CBD\",\"breadcrumb\":{\"@id\":\"https:\/\/thetreecbd.com\/de\/cbd\/trim-indoor-cbd-zerkleinerte-hanfbluten#breadcrumb\"},\"inLanguage\":\"de\",\"potentialAction\":[{\"@type\":\"ReadAction\",\"target\":[\"https:\/\/thetreecbd.com\/de\/cbd\/trim-indoor-cbd-zerkleinerte-hanfbluten\"]}]},{\"@type\":\"ImageObject\",\"inLanguage\":\"de\",\"@id\":\"https:\/\/thetreecbd.com\/de\/cbd\/trim-indoor-cbd-zerkleinerte-hanfbluten#primaryimage\",\"url\":\"https:\/\/thetreecbd.com\/wp-content\/uploads\/2024\/04\/Trim-Indoor-cali-weed-thetreecbd-web.jpg\",\"contentUrl\":\"https:\/\/thetreecbd.com\/wp-content\/uploads\/2024\/04\/Trim-Indoor-cali-weed-thetreecbd-web.jpg\",\"width\":1080,\"height\":1350},{\"@type\":\"BreadcrumbList\",\"@id\":\"https:\/\/thetreecbd.com\/de\/cbd\/trim-indoor-cbd-zerkleinerte-hanfbluten#breadcrumb\",\"itemListElement\":[{\"@type\":\"ListItem\",\"position\":1,\"name\":\"The Tree\",\"item\":\"https:\/\/thetreecbd.com\/de\"},{\"@type\":\"ListItem\",\"position\":2,\"name\":\"CBD\",\"item\":\"https:\/\/thetreecbd.com\/es\/cbd\"},{\"@type\":\"ListItem\",\"position\":3,\"name\":\"CBD-Bl\u00fcten kaufen\",\"item\":\"https:\/\/thetreecbd.com\/de\/bluten\"},{\"@type\":\"ListItem\",\"position\":4,\"name\":\"CBD-Trim zerkleinerte Bl\u00fcten\",\"item\":\"https:\/\/thetreecbd.com\/de\/bluten\/cbd-trim-de\"},{\"@type\":\"ListItem\",\"position\":5,\"name\":\"Trim Indoor Cali CBD. Zerkleinerte Hanfbl\u00fcten\"}]},{\"@type\":\"WebSite\",\"@id\":\"https:\/\/thetreecbd.com\/de#website\",\"url\":\"https:\/\/thetreecbd.com\/de\",\"name\":\"The Tree CBD\",\"description\":\"Comprar CBD en Espa\u00f1a Online\",\"publisher\":{\"@id\":\"https:\/\/thetreecbd.com\/de#organization\"},\"potentialAction\":[{\"@type\":\"SearchAction\",\"target\":{\"@type\":\"EntryPoint\",\"urlTemplate\":\"https:\/\/thetreecbd.com\/de?s={search_term_string}\"},\"query-input\":{\"@type\":\"PropertyValueSpecification\",\"valueRequired\":true,\"valueName\":\"search_term_string\"}}],\"inLanguage\":\"de\"},{\"@type\":\"Organization\",\"@id\":\"https:\/\/thetreecbd.com\/de#organization\",\"name\":\"The Tree CBD\",\"url\":\"https:\/\/thetreecbd.com\/de\",\"logo\":{\"@type\":\"ImageObject\",\"inLanguage\":\"de\",\"@id\":\"https:\/\/thetreecbd.com\/de#\/schema\/logo\/image\/\",\"url\":\"https:\/\/thetreecbd.com\/wp-content\/uploads\/2022\/04\/logo-thetree.png\",\"contentUrl\":\"https:\/\/thetreecbd.com\/wp-content\/uploads\/2022\/04\/logo-thetree.png\",\"width\":172,\"height\":55,\"caption\":\"The Tree CBD\"},\"image\":{\"@id\":\"https:\/\/thetreecbd.com\/de#\/schema\/logo\/image\/\"},\"sameAs\":[\"https:\/\/www.facebook.com\/thetreeCBD\/\",\"https:\/\/x.com\/TheTreeCBD_EU\",\"https:\/\/www.instagram.com\/thetree.cbd\/\",\"https:\/\/es.trustpilot.com\/review\/thetreecbd.com\"]}]}<\/script>\n<!-- \/ Yoast SEO plugin. -->","yoast_head_json":{"title":"Trim Indoor Cali CBD. Zerkleinerte Hanfbl\u00fcten- Hasta 14% CBD | The Tree CBD","description":"Gehackte Bl\u00fcten der hochwertigsten Sorten mit einem CBD-Gehalt von bis zu 14 %. Entdecken Sie gehackten Hanf und probieren Sie Trim Indoor von The Tree CBD","robots":{"index":"index","follow":"follow","max-snippet":"max-snippet:-1","max-image-preview":"max-image-preview:large","max-video-preview":"max-video-preview:-1"},"canonical":"https:\/\/thetreecbd.com\/de\/cbd\/trim-indoor-cbd-zerkleinerte-hanfbluten","og_locale":"de_DE","og_type":"article","og_title":"Trim Indoor Cali CBD. Zerkleinerte Hanfbl\u00fcten- Hasta 14% CBD | The Tree CBD","og_description":"Gehackte Bl\u00fcten der hochwertigsten Sorten mit einem CBD-Gehalt von bis zu 14 %. Entdecken Sie gehackten Hanf und probieren Sie Trim Indoor von The Tree CBD","og_url":"https:\/\/thetreecbd.com\/de\/cbd\/trim-indoor-cbd-zerkleinerte-hanfbluten","og_site_name":"The Tree CBD","article_publisher":"https:\/\/www.facebook.com\/thetreeCBD\/","article_modified_time":"2025-07-25T09:50:31+00:00","og_image":[{"width":1080,"height":1350,"url":"https:\/\/thetreecbd.com\/wp-content\/uploads\/2024\/04\/Trim-Indoor-cali-weed-thetreecbd-web.jpg","type":"image\/jpeg"}],"twitter_card":"summary_large_image","twitter_site":"@TheTreeCBD_EU","twitter_misc":{"Gesch\u00e4tzte Lesezeit":"3\u00a0Minuten"},"schema":{"@context":"https:\/\/schema.org","@graph":[{"@type":["WebPage","ItemPage"],"@id":"https:\/\/thetreecbd.com\/de\/cbd\/trim-indoor-cbd-zerkleinerte-hanfbluten","url":"https:\/\/thetreecbd.com\/de\/cbd\/trim-indoor-cbd-zerkleinerte-hanfbluten","name":"Trim Indoor Cali CBD. Zerkleinerte Hanfbl\u00fcten- Hasta 14% CBD | The Tree CBD","isPartOf":{"@id":"https:\/\/thetreecbd.com\/de#website"},"primaryImageOfPage":{"@id":"https:\/\/thetreecbd.com\/de\/cbd\/trim-indoor-cbd-zerkleinerte-hanfbluten#primaryimage"},"image":{"@id":"https:\/\/thetreecbd.com\/de\/cbd\/trim-indoor-cbd-zerkleinerte-hanfbluten#primaryimage"},"thumbnailUrl":"https:\/\/thetreecbd.com\/wp-content\/uploads\/2024\/04\/Trim-Indoor-cali-weed-thetreecbd-web.jpg","datePublished":"2022-04-20T19:19:43+00:00","dateModified":"2025-07-25T09:50:31+00:00","description":"Gehackte Bl\u00fcten der hochwertigsten Sorten mit einem CBD-Gehalt von bis zu 14 %. Entdecken Sie gehackten Hanf und probieren Sie Trim Indoor von The Tree CBD","breadcrumb":{"@id":"https:\/\/thetreecbd.com\/de\/cbd\/trim-indoor-cbd-zerkleinerte-hanfbluten#breadcrumb"},"inLanguage":"de","potentialAction":[{"@type":"ReadAction","target":["https:\/\/thetreecbd.com\/de\/cbd\/trim-indoor-cbd-zerkleinerte-hanfbluten"]}]},{"@type":"ImageObject","inLanguage":"de","@id":"https:\/\/thetreecbd.com\/de\/cbd\/trim-indoor-cbd-zerkleinerte-hanfbluten#primaryimage","url":"https:\/\/thetreecbd.com\/wp-content\/uploads\/2024\/04\/Trim-Indoor-cali-weed-thetreecbd-web.jpg","contentUrl":"https:\/\/thetreecbd.com\/wp-content\/uploads\/2024\/04\/Trim-Indoor-cali-weed-thetreecbd-web.jpg","width":1080,"height":1350},{"@type":"BreadcrumbList","@id":"https:\/\/thetreecbd.com\/de\/cbd\/trim-indoor-cbd-zerkleinerte-hanfbluten#breadcrumb","itemListElement":[{"@type":"ListItem","position":1,"name":"The Tree","item":"https:\/\/thetreecbd.com\/de"},{"@type":"ListItem","position":2,"name":"CBD","item":"https:\/\/thetreecbd.com\/es\/cbd"},{"@type":"ListItem","position":3,"name":"CBD-Bl\u00fcten kaufen","item":"https:\/\/thetreecbd.com\/de\/bluten"},{"@type":"ListItem","position":4,"name":"CBD-Trim zerkleinerte Bl\u00fcten","item":"https:\/\/thetreecbd.com\/de\/bluten\/cbd-trim-de"},{"@type":"ListItem","position":5,"name":"Trim Indoor Cali CBD. Zerkleinerte Hanfbl\u00fcten"}]},{"@type":"WebSite","@id":"https:\/\/thetreecbd.com\/de#website","url":"https:\/\/thetreecbd.com\/de","name":"The Tree CBD","description":"Comprar CBD en Espa\u00f1a Online","publisher":{"@id":"https:\/\/thetreecbd.com\/de#organization"},"potentialAction":[{"@type":"SearchAction","target":{"@type":"EntryPoint","urlTemplate":"https:\/\/thetreecbd.com\/de?s={search_term_string}"},"query-input":{"@type":"PropertyValueSpecification","valueRequired":true,"valueName":"search_term_string"}}],"inLanguage":"de"},{"@type":"Organization","@id":"https:\/\/thetreecbd.com\/de#organization","name":"The Tree CBD","url":"https:\/\/thetreecbd.com\/de","logo":{"@type":"ImageObject","inLanguage":"de","@id":"https:\/\/thetreecbd.com\/de#\/schema\/logo\/image\/","url":"https:\/\/thetreecbd.com\/wp-content\/uploads\/2022\/04\/logo-thetree.png","contentUrl":"https:\/\/thetreecbd.com\/wp-content\/uploads\/2022\/04\/logo-thetree.png","width":172,"height":55,"caption":"The Tree CBD"},"image":{"@id":"https:\/\/thetreecbd.com\/de#\/schema\/logo\/image\/"},"sameAs":["https:\/\/www.facebook.com\/thetreeCBD\/","https:\/\/x.com\/TheTreeCBD_EU","https:\/\/www.instagram.com\/thetree.cbd\/","https:\/\/es.trustpilot.com\/review\/thetreecbd.com"]}]}},"_links":{"self":[{"href":"https:\/\/thetreecbd.com\/de\/wp-json\/wp\/v2\/product\/164215","targetHints":{"allow":["GET"]}}],"collection":[{"href":"https:\/\/thetreecbd.com\/de\/wp-json\/wp\/v2\/product"}],"about":[{"href":"https:\/\/thetreecbd.com\/de\/wp-json\/wp\/v2\/types\/product"}],"version-history":[{"count":0,"href":"https:\/\/thetreecbd.com\/de\/wp-json\/wp\/v2\/product\/164215\/revisions"}],"wp:featuredmedia":[{"embeddable":true,"href":"https:\/\/thetreecbd.com\/de\/wp-json\/wp\/v2\/media\/182726"}],"wp:attachment":[{"href":"https:\/\/thetreecbd.com\/de\/wp-json\/wp\/v2\/media?parent=164215"}],"wp:term":[{"taxonomy":"product_brand","embeddable":true,"href":"https:\/\/thetreecbd.com\/de\/wp-json\/wp\/v2\/product_brand?post=164215"}],"curies":[{"name":"wp","href":"https:\/\/api.w.org\/{rel}","templated":true}]}}