{"id":164226,"date":"2018-07-26T16:58:59","date_gmt":"2018-07-26T14:58:59","guid":{"rendered":"https:\/\/thetreecbd.com\/cbd\/indoor-blueten-amnesia"},"modified":"2026-03-19T12:23:10","modified_gmt":"2026-03-19T11:23:10","slug":"indoor-blueten-amnesia","status":"publish","type":"product","link":"https:\/\/thetreecbd.com\/de\/cbd\/indoor-blueten-amnesia","title":{"rendered":"Amnesia CBD"},"content":{"rendered":"<p class=\"\" data-start=\"74\" data-end=\"210\"><strong data-start=\"74\" data-end=\"210\">The Tree CBD bringt dir die legalen Marihuana-Bl\u00fcten der Sorte Amnesia CBD \u2013 aktuell eine der CBD-reichsten Genetiken auf dem Markt.<\/strong><\/p>\n<p class=\"\" data-start=\"212\" data-end=\"403\">Diese Bl\u00fcten stammen aus einer Kreuzung der Genetiken <strong data-start=\"266\" data-end=\"297\">Original Amnesia x Pure CBD<\/strong>, die zu 100 % nat\u00fcrlich im <strong data-start=\"325\" data-end=\"341\">Indoor-Anbau<\/strong> gez\u00fcchtet wurden \u2013 ohne jegliche Zusatzstoffe oder Pestizide.<\/p>\n<p class=\"\" data-start=\"405\" data-end=\"890\"><strong data-start=\"405\" data-end=\"451\">Ihr Ertrag z\u00e4hlt zu ihren gr\u00f6\u00dften St\u00e4rken.<\/strong> Diese Cannabispflanze ist nicht nur eine starke Bl\u00fcten-, sondern auch eine ausgepr\u00e4gte Harzproduzentin. Auch wenn die Gr\u00f6\u00dfe der Bl\u00fcten etwas geringer ausf\u00e4llt als bei der Original Amnesia, sind diese CBD-Bl\u00fcten dennoch gro\u00df und sehr kompakt. Was das Harz betrifft, d\u00fcrfen Trichomen-Liebhaber unsere Amnesia nicht verpassen: Eine Pflanze, die in den letzten Tagen der Bl\u00fctezeit kaum ber\u00fchrt werden kann, ohne dass die H\u00e4nde klebrig werden.<\/p>\n<p class=\"\" data-start=\"892\" data-end=\"1171\"><strong data-start=\"892\" data-end=\"945\">Diese Sorte verstr\u00f6mt einen sehr intensiven Duft.<\/strong> Bereits mit Beginn der Bl\u00fctezeit dominiert das typische Haze-Aroma die gesamte Umgebung. Haze-Liebhaber werden von dieser Sorte nicht entt\u00e4uscht sein \u2013 ihr unglaubliches Haze-Aroma wird von neuen, zitrusartigen Noten erg\u00e4nzt.<\/p>\n<p class=\"\" data-start=\"1173\" data-end=\"1331\"><strong data-start=\"1173\" data-end=\"1237\">Sie bietet ein zitroniges, fruchtiges und aromatisches Aroma<\/strong> und ihre Wirkung ist dank ihres hohen CBD-Gehalts von <strong data-start=\"1292\" data-end=\"1309\">21 % bis 23 %<\/strong> angenehm entspannend.<\/p>\n<p class=\"\" data-start=\"1333\" data-end=\"1458\">Da der THC-Gehalt unter <strong data-start=\"1357\" data-end=\"1367\">0,19 %<\/strong> liegt, ist sie <strong data-start=\"1383\" data-end=\"1418\">in ganz Europa vollkommen legal<\/strong> und hat keinerlei psychoaktive Wirkung.<\/p>\n<h3 class=\"\" data-start=\"1465\" data-end=\"1521\"><strong data-start=\"1469\" data-end=\"1521\">Eigenschaften von legalem Cannabis \u2013 Amnesia CBD<\/strong><\/h3>\n<ul data-start=\"1523\" data-end=\"1826\">\n<li class=\"\" data-start=\"1523\" data-end=\"1541\">\n<p class=\"\" data-start=\"1525\" data-end=\"1541\"><strong data-start=\"1525\" data-end=\"1539\">Hanfbl\u00fcten<\/strong><\/p>\n<\/li>\n<li class=\"\" data-start=\"1542\" data-end=\"1593\">\n<p class=\"\" data-start=\"1544\" data-end=\"1593\"><strong data-start=\"1544\" data-end=\"1591\">Zitronige, fruchtige und aromatische Aromen<\/strong><\/p>\n<\/li>\n<li class=\"\" data-start=\"1594\" data-end=\"1624\">\n<p class=\"\" data-start=\"1596\" data-end=\"1624\"><strong data-start=\"1596\" data-end=\"1622\">Weniger als 0,20 % THC<\/strong><\/p>\n<\/li>\n<li class=\"\" data-start=\"1625\" data-end=\"1648\">\n<p class=\"\" data-start=\"1627\" data-end=\"1648\"><strong data-start=\"1627\" data-end=\"1646\">21 bis 23 % CBD<\/strong><\/p>\n<\/li>\n<li class=\"\" data-start=\"1649\" data-end=\"1693\">\n<p class=\"\" data-start=\"1651\" data-end=\"1693\"><strong data-start=\"1651\" data-end=\"1691\">Genetik: Original Amnesia x Pure CBD<\/strong><\/p>\n<\/li>\n<li class=\"\" data-start=\"1694\" data-end=\"1727\">\n<p class=\"\" data-start=\"1696\" data-end=\"1727\"><strong data-start=\"1696\" data-end=\"1725\">60 % Sativa \u2013 40 % Indica<\/strong><\/p>\n<\/li>\n<li class=\"\" data-start=\"1728\" data-end=\"1763\">\n<p class=\"\" data-start=\"1730\" data-end=\"1763\"><strong data-start=\"1730\" data-end=\"1761\">Keine psychoaktiven Effekte<\/strong><\/p>\n<\/li>\n<li class=\"\" data-start=\"1764\" data-end=\"1790\">\n<p class=\"\" data-start=\"1766\" data-end=\"1790\"><strong data-start=\"1766\" data-end=\"1788\">Organisch angebaut<\/strong><\/p>\n<\/li>\n<li class=\"\" data-start=\"1791\" data-end=\"1807\">\n<p class=\"\" data-start=\"1793\" data-end=\"1807\"><strong data-start=\"1793\" data-end=\"1805\">GMO-frei<\/strong><\/p>\n<\/li>\n<li class=\"\" data-start=\"1808\" data-end=\"1826\">\n<p class=\"\" data-start=\"1810\" data-end=\"1826\"><strong data-start=\"1810\" data-end=\"1826\">Pestizidfrei<\/strong><\/p>\n<\/li>\n<\/ul>\n<h3 class=\"\" data-start=\"1833\" data-end=\"1860\"><strong data-start=\"1837\" data-end=\"1860\">Aroma \u2013 Amnesia CBD<\/strong><\/h3>\n<p class=\"\" data-start=\"1862\" data-end=\"2055\">Terpene kommen in den meisten \u00e4therischen \u00d6len vieler Pflanzen, Blumen und Fr\u00fcchte vor \u2013 sie sind verantwortlich f\u00fcr Geruch und Geschmack. Auch im Cannabis findet sich ein breites Terpenprofil.<\/p>\n<p class=\"\" data-start=\"2057\" data-end=\"2316\">Im Fall der <strong data-start=\"2069\" data-end=\"2097\">Amnesia CBD von The Tree<\/strong> ist ihr unverwechselbares Aroma leicht wiederzuerkennen, wenn man sie schon einmal probiert hat: <strong data-start=\"2195\" data-end=\"2261\">ein s\u00fc\u00dfer, stechender Duft mit erdigen und pinienartigen Noten<\/strong>, der an einen Waldspaziergang oder Weihrauch erinnert.<\/p>\n<h3 class=\"\" data-start=\"2323\" data-end=\"2341\"><strong data-start=\"2327\" data-end=\"2341\">Zielgruppe<\/strong><\/h3>\n<p class=\"\" data-start=\"2343\" data-end=\"2527\"><strong data-start=\"2343\" data-end=\"2360\">Indoor-Bl\u00fcten<\/strong> richten sich an Konsumenten, die besonderen Wert auf Qualit\u00e4t legen. Der Indoor-Anbau erm\u00f6glicht die Produktion homogener Bl\u00fcten mit sattem Gr\u00fcn und hohem CBD-Gehalt.<\/p>\n<p class=\"\" data-start=\"2529\" data-end=\"2701\">Der Indoor-Anbau ist zweifellos die technisch aufwendigere Methode, da hier das Wachstumsumfeld gezielt gesteuert werden kann, um die bevorzugten Eigenschaften zu erzielen.<\/p>\n<p class=\"\" data-start=\"2703\" data-end=\"2982\"><strong data-start=\"2703\" data-end=\"2769\">Diese Methode wird besonders f\u00fcr medizinische Zwecke bevorzugt<\/strong>, da Klima und Licht exakt reguliert werden k\u00f6nnen, um ein m\u00f6glichst standardisiertes Produkt zu gew\u00e4hrleisten. Man darf nicht vergessen, dass der CBD-Gehalt und andere Cannabinoide stark vom Anbaumedium abh\u00e4ngen.<\/p>\n<p class=\"\" data-start=\"2984\" data-end=\"3186\">Mit einem kontrollierten Klima- und N\u00e4hrstoffsystem \u2013 sowohl im Wurzelbereich als auch in Bezug auf die Lichtstunden \u2013 l\u00e4sst sich ein einheitliches Produkt mit <strong data-start=\"3144\" data-end=\"3173\">gleichbleibender Qualit\u00e4t<\/strong> garantieren.<\/p>\n<p class=\"\" data-start=\"3188\" data-end=\"3335\"><strong data-start=\"3188\" data-end=\"3264\">Aus Konsumentensicht bietet Indoor-CBD eine sichtbare Qualit\u00e4tsgarantie:<\/strong> Die Bl\u00fcten sind oft harzreicher und haben eine kr\u00e4ftigere gr\u00fcne Farbe.<\/p>\n<hr class=\"\" data-start=\"3337\" data-end=\"3340\" \/>\n<h3 class=\"\" data-start=\"3342\" data-end=\"3372\"><strong data-start=\"3346\" data-end=\"3372\">Sicherheitsinformation<\/strong><\/h3>\n<p class=\"\" data-start=\"3374\" data-end=\"3628\">Bitte beachten: Die <strong data-start=\"3394\" data-end=\"3421\">CBD-Bl\u00fcten von The Tree<\/strong> sind ein <strong data-start=\"3431\" data-end=\"3484\">dekoratives, sammelbares und aromatisches Produkt<\/strong>. Sie sollten nicht w\u00e4hrend der Schwangerschaft oder Stillzeit verwendet werden und sind <strong data-start=\"3573\" data-end=\"3613\">au\u00dferhalb der Reichweite von Kindern<\/strong> aufzubewahren.<\/p>\n<p class=\"\" data-start=\"3630\" data-end=\"3755\">Unsere CBD-Bl\u00fcten k\u00f6nnen geringe Mengen an THC enthalten, jedoch <strong data-start=\"3695\" data-end=\"3755\">immer unter dem gesetzlichen EU-Grenzwert von 0,2 % THC.<\/strong><\/p>\n<p class=\"\" data-start=\"3757\" data-end=\"3998\">Alle bereitgestellten Inhalte dienen ausschlie\u00dflich <strong data-start=\"3809\" data-end=\"3849\">Informations- und Ausbildungszwecken<\/strong> und ersetzen in keinem Fall eine \u00e4rztliche Beratung. Unsere Texte sind nicht f\u00fcr die eigenst\u00e4ndige Diagnose oder Behandlung von Krankheiten gedacht.<\/p>\n<p class=\"\" data-start=\"4000\" data-end=\"4049\"><strong data-start=\"4000\" data-end=\"4049\">Bei Fragen z\u00f6gere nicht, uns zu kontaktieren.<\/strong><\/p>\n<h3 class=\"\" data-start=\"4056\" data-end=\"4072\"><strong data-start=\"4060\" data-end=\"4072\">Lagerung<\/strong><\/h3>\n<p class=\"\" data-start=\"4074\" data-end=\"4338\">Die <strong data-start=\"4078\" data-end=\"4105\">CBD-Bl\u00fcten von The Tree<\/strong> sollten idealerweise an einem <strong data-start=\"4136\" data-end=\"4161\">k\u00fchlen, trockenen Ort<\/strong> und <strong data-start=\"4166\" data-end=\"4205\">fern von Licht und starken Ger\u00fcchen<\/strong> gelagert werden, um jegliche Kontamination oder Qualit\u00e4tsverlust zu vermeiden. <strong data-start=\"4285\" data-end=\"4338\">Direktes Sonnenlicht und Hitze sind zu vermeiden.<\/strong><\/p>\n<p class=\"\" data-start=\"4340\" data-end=\"4427\"><strong data-start=\"4340\" data-end=\"4352\">Hinweis:<\/strong> Die empfohlene Haltbarkeit betr\u00e4gt einen Monat bei sachgerechter Lagerung.<\/p>\n","protected":false},"excerpt":{"rendered":"<ul>\n<li>Hanfbl\u00fcten<\/li>\n<li>Zitronige, fruchtige und aromatische Aromen<\/li>\n<li>Weniger als 0,20 % <strong>THC<\/strong><\/li>\n<li>21 bis 23 % <strong>CBD<\/strong><\/li>\n<li><strong>Genetik:<\/strong> Original Amnesia und Pure CBD<\/li>\n<li>60 % Sativa \u2013 40 % Indica<\/li>\n<li>Keine psychoaktiven Effekte<\/li>\n<li>Organisch angebaut<\/li>\n<li>GMO-frei<\/li>\n<li>Pestizidfrei<\/li>\n<\/ul>\n","protected":false},"featured_media":181883,"template":"","meta":{"_acf_changed":false},"product_brand":[],"class_list":{"0":"post-164226","1":"product","2":"type-product","3":"status-publish","4":"has-post-thumbnail","6":"product_cat-black-friday-cbd","7":"product_cat-bluten","8":"product_cat-indoor-bluten","9":"product_cat-produkte-mit-20-cbd","11":"first","12":"instock","13":"taxable","14":"shipping-taxable","15":"purchasable","16":"product-type-variable"},"acf":[],"yoast_head":"<!-- This site is optimized with the Yoast SEO plugin v26.3 - https:\/\/yoast.com\/wordpress\/plugins\/seo\/ -->\n<title>Amnesia CBD - 23% CBD. Cannabis Legal | The Tree CBD<\/title>\n<meta name=\"description\" content=\"Amnesia CBD bietet zitronige, fruchtige und aromatische Aromen mit einer entspannenden Wirkung dank ihres hohen CBD-Gehalts von 23\u202f%. In Spanien legal.\" \/>\n<meta name=\"robots\" content=\"index, follow, max-snippet:-1, max-image-preview:large, max-video-preview:-1\" \/>\n<link rel=\"canonical\" href=\"https:\/\/thetreecbd.com\/de\/cbd\/indoor-blueten-amnesia\" \/>\n<meta property=\"og:locale\" content=\"de_DE\" \/>\n<meta property=\"og:type\" content=\"article\" \/>\n<meta property=\"og:title\" content=\"Amnesia CBD - 23% CBD. Cannabis Legal | The Tree CBD\" \/>\n<meta property=\"og:description\" content=\"Amnesia CBD bietet zitronige, fruchtige und aromatische Aromen mit einer entspannenden Wirkung dank ihres hohen CBD-Gehalts von 23\u202f%. In Spanien legal.\" \/>\n<meta property=\"og:url\" content=\"https:\/\/thetreecbd.com\/de\/cbd\/indoor-blueten-amnesia\" \/>\n<meta property=\"og:site_name\" content=\"The Tree CBD\" \/>\n<meta property=\"article:publisher\" content=\"https:\/\/www.facebook.com\/thetreeCBD\/\" \/>\n<meta property=\"article:modified_time\" content=\"2026-03-19T11:23:10+00:00\" \/>\n<meta property=\"og:image\" content=\"https:\/\/thetreecbd.com\/wp-content\/uploads\/2018\/07\/amnesia-thetreecbd-web.jpg\" \/>\n\t<meta property=\"og:image:width\" content=\"1080\" \/>\n\t<meta property=\"og:image:height\" content=\"1350\" \/>\n\t<meta property=\"og:image:type\" content=\"image\/jpeg\" \/>\n<meta name=\"twitter:card\" content=\"summary_large_image\" \/>\n<meta name=\"twitter:site\" content=\"@TheTreeCBD_EU\" \/>\n<meta name=\"twitter:label1\" content=\"Gesch\u00e4tzte Lesezeit\" \/>\n\t<meta name=\"twitter:data1\" content=\"3\u00a0Minuten\" \/>\n<script type=\"application\/ld+json\" class=\"yoast-schema-graph\">{\"@context\":\"https:\/\/schema.org\",\"@graph\":[{\"@type\":[\"WebPage\",\"ItemPage\"],\"@id\":\"https:\/\/thetreecbd.com\/de\/cbd\/indoor-blueten-amnesia\",\"url\":\"https:\/\/thetreecbd.com\/de\/cbd\/indoor-blueten-amnesia\",\"name\":\"Amnesia CBD - 23% CBD. Cannabis Legal | The Tree CBD\",\"isPartOf\":{\"@id\":\"https:\/\/thetreecbd.com\/de#website\"},\"primaryImageOfPage\":{\"@id\":\"https:\/\/thetreecbd.com\/de\/cbd\/indoor-blueten-amnesia#primaryimage\"},\"image\":{\"@id\":\"https:\/\/thetreecbd.com\/de\/cbd\/indoor-blueten-amnesia#primaryimage\"},\"thumbnailUrl\":\"https:\/\/thetreecbd.com\/wp-content\/uploads\/2018\/07\/amnesia-thetreecbd-web.jpg\",\"datePublished\":\"2018-07-26T14:58:59+00:00\",\"dateModified\":\"2026-03-19T11:23:10+00:00\",\"description\":\"Amnesia CBD bietet zitronige, fruchtige und aromatische Aromen mit einer entspannenden Wirkung dank ihres hohen CBD-Gehalts von 23\u202f%. In Spanien legal.\",\"breadcrumb\":{\"@id\":\"https:\/\/thetreecbd.com\/de\/cbd\/indoor-blueten-amnesia#breadcrumb\"},\"inLanguage\":\"de\",\"potentialAction\":[{\"@type\":\"ReadAction\",\"target\":[\"https:\/\/thetreecbd.com\/de\/cbd\/indoor-blueten-amnesia\"]}]},{\"@type\":\"ImageObject\",\"inLanguage\":\"de\",\"@id\":\"https:\/\/thetreecbd.com\/de\/cbd\/indoor-blueten-amnesia#primaryimage\",\"url\":\"https:\/\/thetreecbd.com\/wp-content\/uploads\/2018\/07\/amnesia-thetreecbd-web.jpg\",\"contentUrl\":\"https:\/\/thetreecbd.com\/wp-content\/uploads\/2018\/07\/amnesia-thetreecbd-web.jpg\",\"width\":1080,\"height\":1350},{\"@type\":\"BreadcrumbList\",\"@id\":\"https:\/\/thetreecbd.com\/de\/cbd\/indoor-blueten-amnesia#breadcrumb\",\"itemListElement\":[{\"@type\":\"ListItem\",\"position\":1,\"name\":\"The Tree\",\"item\":\"https:\/\/thetreecbd.com\/de\"},{\"@type\":\"ListItem\",\"position\":2,\"name\":\"CBD\",\"item\":\"https:\/\/thetreecbd.com\/es\/cbd\"},{\"@type\":\"ListItem\",\"position\":3,\"name\":\"CBD-Bl\u00fcten kaufen\",\"item\":\"https:\/\/thetreecbd.com\/de\/bluten\"},{\"@type\":\"ListItem\",\"position\":4,\"name\":\"Indoor-Bl\u00fcten\",\"item\":\"https:\/\/thetreecbd.com\/de\/bluten\/indoor-bluten\"},{\"@type\":\"ListItem\",\"position\":5,\"name\":\"Amnesia CBD\"}]},{\"@type\":\"WebSite\",\"@id\":\"https:\/\/thetreecbd.com\/de#website\",\"url\":\"https:\/\/thetreecbd.com\/de\",\"name\":\"The Tree CBD\",\"description\":\"Comprar CBD en Espa\u00f1a Online\",\"publisher\":{\"@id\":\"https:\/\/thetreecbd.com\/de#organization\"},\"potentialAction\":[{\"@type\":\"SearchAction\",\"target\":{\"@type\":\"EntryPoint\",\"urlTemplate\":\"https:\/\/thetreecbd.com\/de?s={search_term_string}\"},\"query-input\":{\"@type\":\"PropertyValueSpecification\",\"valueRequired\":true,\"valueName\":\"search_term_string\"}}],\"inLanguage\":\"de\"},{\"@type\":\"Organization\",\"@id\":\"https:\/\/thetreecbd.com\/de#organization\",\"name\":\"The Tree CBD\",\"url\":\"https:\/\/thetreecbd.com\/de\",\"logo\":{\"@type\":\"ImageObject\",\"inLanguage\":\"de\",\"@id\":\"https:\/\/thetreecbd.com\/de#\/schema\/logo\/image\/\",\"url\":\"https:\/\/thetreecbd.com\/wp-content\/uploads\/2022\/04\/logo-thetree.png\",\"contentUrl\":\"https:\/\/thetreecbd.com\/wp-content\/uploads\/2022\/04\/logo-thetree.png\",\"width\":172,\"height\":55,\"caption\":\"The Tree CBD\"},\"image\":{\"@id\":\"https:\/\/thetreecbd.com\/de#\/schema\/logo\/image\/\"},\"sameAs\":[\"https:\/\/www.facebook.com\/thetreeCBD\/\",\"https:\/\/x.com\/TheTreeCBD_EU\",\"https:\/\/www.instagram.com\/thetree.cbd\/\",\"https:\/\/es.trustpilot.com\/review\/thetreecbd.com\"]}]}<\/script>\n<!-- \/ Yoast SEO plugin. -->","yoast_head_json":{"title":"Amnesia CBD - 23% CBD. Cannabis Legal | The Tree CBD","description":"Amnesia CBD bietet zitronige, fruchtige und aromatische Aromen mit einer entspannenden Wirkung dank ihres hohen CBD-Gehalts von 23\u202f%. In Spanien legal.","robots":{"index":"index","follow":"follow","max-snippet":"max-snippet:-1","max-image-preview":"max-image-preview:large","max-video-preview":"max-video-preview:-1"},"canonical":"https:\/\/thetreecbd.com\/de\/cbd\/indoor-blueten-amnesia","og_locale":"de_DE","og_type":"article","og_title":"Amnesia CBD - 23% CBD. Cannabis Legal | The Tree CBD","og_description":"Amnesia CBD bietet zitronige, fruchtige und aromatische Aromen mit einer entspannenden Wirkung dank ihres hohen CBD-Gehalts von 23\u202f%. In Spanien legal.","og_url":"https:\/\/thetreecbd.com\/de\/cbd\/indoor-blueten-amnesia","og_site_name":"The Tree CBD","article_publisher":"https:\/\/www.facebook.com\/thetreeCBD\/","article_modified_time":"2026-03-19T11:23:10+00:00","og_image":[{"width":1080,"height":1350,"url":"https:\/\/thetreecbd.com\/wp-content\/uploads\/2018\/07\/amnesia-thetreecbd-web.jpg","type":"image\/jpeg"}],"twitter_card":"summary_large_image","twitter_site":"@TheTreeCBD_EU","twitter_misc":{"Gesch\u00e4tzte Lesezeit":"3\u00a0Minuten"},"schema":{"@context":"https:\/\/schema.org","@graph":[{"@type":["WebPage","ItemPage"],"@id":"https:\/\/thetreecbd.com\/de\/cbd\/indoor-blueten-amnesia","url":"https:\/\/thetreecbd.com\/de\/cbd\/indoor-blueten-amnesia","name":"Amnesia CBD - 23% CBD. Cannabis Legal | The Tree CBD","isPartOf":{"@id":"https:\/\/thetreecbd.com\/de#website"},"primaryImageOfPage":{"@id":"https:\/\/thetreecbd.com\/de\/cbd\/indoor-blueten-amnesia#primaryimage"},"image":{"@id":"https:\/\/thetreecbd.com\/de\/cbd\/indoor-blueten-amnesia#primaryimage"},"thumbnailUrl":"https:\/\/thetreecbd.com\/wp-content\/uploads\/2018\/07\/amnesia-thetreecbd-web.jpg","datePublished":"2018-07-26T14:58:59+00:00","dateModified":"2026-03-19T11:23:10+00:00","description":"Amnesia CBD bietet zitronige, fruchtige und aromatische Aromen mit einer entspannenden Wirkung dank ihres hohen CBD-Gehalts von 23\u202f%. In Spanien legal.","breadcrumb":{"@id":"https:\/\/thetreecbd.com\/de\/cbd\/indoor-blueten-amnesia#breadcrumb"},"inLanguage":"de","potentialAction":[{"@type":"ReadAction","target":["https:\/\/thetreecbd.com\/de\/cbd\/indoor-blueten-amnesia"]}]},{"@type":"ImageObject","inLanguage":"de","@id":"https:\/\/thetreecbd.com\/de\/cbd\/indoor-blueten-amnesia#primaryimage","url":"https:\/\/thetreecbd.com\/wp-content\/uploads\/2018\/07\/amnesia-thetreecbd-web.jpg","contentUrl":"https:\/\/thetreecbd.com\/wp-content\/uploads\/2018\/07\/amnesia-thetreecbd-web.jpg","width":1080,"height":1350},{"@type":"BreadcrumbList","@id":"https:\/\/thetreecbd.com\/de\/cbd\/indoor-blueten-amnesia#breadcrumb","itemListElement":[{"@type":"ListItem","position":1,"name":"The Tree","item":"https:\/\/thetreecbd.com\/de"},{"@type":"ListItem","position":2,"name":"CBD","item":"https:\/\/thetreecbd.com\/es\/cbd"},{"@type":"ListItem","position":3,"name":"CBD-Bl\u00fcten kaufen","item":"https:\/\/thetreecbd.com\/de\/bluten"},{"@type":"ListItem","position":4,"name":"Indoor-Bl\u00fcten","item":"https:\/\/thetreecbd.com\/de\/bluten\/indoor-bluten"},{"@type":"ListItem","position":5,"name":"Amnesia CBD"}]},{"@type":"WebSite","@id":"https:\/\/thetreecbd.com\/de#website","url":"https:\/\/thetreecbd.com\/de","name":"The Tree CBD","description":"Comprar CBD en Espa\u00f1a Online","publisher":{"@id":"https:\/\/thetreecbd.com\/de#organization"},"potentialAction":[{"@type":"SearchAction","target":{"@type":"EntryPoint","urlTemplate":"https:\/\/thetreecbd.com\/de?s={search_term_string}"},"query-input":{"@type":"PropertyValueSpecification","valueRequired":true,"valueName":"search_term_string"}}],"inLanguage":"de"},{"@type":"Organization","@id":"https:\/\/thetreecbd.com\/de#organization","name":"The Tree CBD","url":"https:\/\/thetreecbd.com\/de","logo":{"@type":"ImageObject","inLanguage":"de","@id":"https:\/\/thetreecbd.com\/de#\/schema\/logo\/image\/","url":"https:\/\/thetreecbd.com\/wp-content\/uploads\/2022\/04\/logo-thetree.png","contentUrl":"https:\/\/thetreecbd.com\/wp-content\/uploads\/2022\/04\/logo-thetree.png","width":172,"height":55,"caption":"The Tree CBD"},"image":{"@id":"https:\/\/thetreecbd.com\/de#\/schema\/logo\/image\/"},"sameAs":["https:\/\/www.facebook.com\/thetreeCBD\/","https:\/\/x.com\/TheTreeCBD_EU","https:\/\/www.instagram.com\/thetree.cbd\/","https:\/\/es.trustpilot.com\/review\/thetreecbd.com"]}]}},"_links":{"self":[{"href":"https:\/\/thetreecbd.com\/de\/wp-json\/wp\/v2\/product\/164226","targetHints":{"allow":["GET"]}}],"collection":[{"href":"https:\/\/thetreecbd.com\/de\/wp-json\/wp\/v2\/product"}],"about":[{"href":"https:\/\/thetreecbd.com\/de\/wp-json\/wp\/v2\/types\/product"}],"version-history":[{"count":0,"href":"https:\/\/thetreecbd.com\/de\/wp-json\/wp\/v2\/product\/164226\/revisions"}],"wp:featuredmedia":[{"embeddable":true,"href":"https:\/\/thetreecbd.com\/de\/wp-json\/wp\/v2\/media\/181883"}],"wp:attachment":[{"href":"https:\/\/thetreecbd.com\/de\/wp-json\/wp\/v2\/media?parent=164226"}],"wp:term":[{"taxonomy":"product_brand","embeddable":true,"href":"https:\/\/thetreecbd.com\/de\/wp-json\/wp\/v2\/product_brand?post=164226"}],"curies":[{"name":"wp","href":"https:\/\/api.w.org\/{rel}","templated":true}]}}