{"id":164254,"date":"2021-04-19T12:24:30","date_gmt":"2021-04-19T10:24:30","guid":{"rendered":"https:\/\/thetreecbd.com\/cbd\/indoor-blueten-lemon-tree"},"modified":"2026-05-08T16:28:25","modified_gmt":"2026-05-08T14:28:25","slug":"indoor-blueten-lemon-tree","status":"publish","type":"product","link":"https:\/\/thetreecbd.com\/de\/cbd\/indoor-blueten-lemon-tree","title":{"rendered":"Lemon Tree CBD"},"content":{"rendered":"<p class=\"\" data-start=\"95\" data-end=\"257\"><strong data-start=\"95\" data-end=\"257\">The Tree CBD bringt dir die legalen Marihuana-Bl\u00fcten der Sorte Lemon Tree \u2013 mit einer einzigartigen Genetik, die in jeder Bl\u00fcte einen hohen CBD-Gehalt bietet.<\/strong><\/p>\n<p class=\"\" data-start=\"259\" data-end=\"466\">Diese CBD-Bl\u00fcten stammen aus einer Kreuzung der Genetiken <strong data-start=\"317\" data-end=\"360\">Tyzana x Kompolty x Kompolty x Pure CBD<\/strong>, die zu 100 % nat\u00fcrlich im <strong data-start=\"388\" data-end=\"404\">Indoor-Anbau<\/strong> gez\u00fcchtet wurden \u2013 ohne jegliche Zusatzstoffe oder Pestizide.<\/p>\n<p class=\"\" data-start=\"473\" data-end=\"823\"><strong data-start=\"473\" data-end=\"518\">Lemon Tree \u2013 saure Zitrone + s\u00fc\u00dfe Zitrone<\/strong><br data-start=\"518\" data-end=\"521\" \/>Der <strong data-start=\"525\" data-end=\"539\">Lemon Tree<\/strong>, wie der Name schon vermuten l\u00e4sst, weist durch seinen hohen Gehalt an <strong data-start=\"611\" data-end=\"631\">Limonen-Terpenen<\/strong> deutlich gelbliche Nuancen auf. Die <strong data-start=\"668\" data-end=\"700\">kompakten und \u00fcppigen Bl\u00fcten<\/strong> zeigen eine hellere Farbe als viele andere CBD-Bl\u00fcten, mit ausgepr\u00e4gten Zitronennoten, die sie besonders attraktiv machen.<\/p>\n<p class=\"\" data-start=\"825\" data-end=\"1361\">Diese Sorte bietet ein <strong data-start=\"848\" data-end=\"916\">zitroniges Aroma mit einer Mischung aus saurer und s\u00fc\u00dfer Zitrone<\/strong>. Ihr Duft ist unverwechselbar und wird von Liebhabern zitrusartiger Terpene besonders gesch\u00e4tzt. Neben der Zitrusnote ist auch ein s\u00fc\u00dflicher Ton wahrnehmbar, der an <strong data-start=\"1082\" data-end=\"1100\">Zitronenbl\u00fcten<\/strong> erinnert. Diese Kombination verleiht der Bl\u00fcte einen <strong data-start=\"1154\" data-end=\"1193\">intensiven, klaren und s\u00fc\u00dfen Geruch<\/strong>, der sie unwiderstehlich macht. Aus diesem Grund l\u00e4sst sich diese aromatische Bl\u00fcte leicht von anderen unterscheiden und wird von Konsumenten besonders gut angenommen.<\/p>\n<p class=\"\" data-start=\"1363\" data-end=\"1469\"><strong data-start=\"1363\" data-end=\"1417\">Diese Bl\u00fcten haben eine stark entspannende Wirkung<\/strong> dank ihres hohen CBD-Gehalts von <strong data-start=\"1451\" data-end=\"1468\">14\u202f% bis 16\u202f%<\/strong>.<\/p>\n<p class=\"\" data-start=\"1471\" data-end=\"1606\">Und da sie <strong data-start=\"1482\" data-end=\"1508\">weniger als 0,20\u202f% THC<\/strong> enthalten, sind sie in ganz Europa vollkommen legal und <strong data-start=\"1565\" data-end=\"1605\">haben keinerlei psychoaktive Wirkung<\/strong>.<\/p>\n<h3 class=\"\" data-start=\"1613\" data-end=\"1672\"><strong data-start=\"1617\" data-end=\"1672\">Eigenschaften von legalem Cannabis \u2013 Lemon Tree CBD<\/strong><\/h3>\n<ul data-start=\"1674\" data-end=\"1937\">\n<li class=\"\" data-start=\"1674\" data-end=\"1692\">\n<p class=\"\" data-start=\"1676\" data-end=\"1692\"><strong data-start=\"1676\" data-end=\"1690\">Hanfbl\u00fcten<\/strong><\/p>\n<\/li>\n<li class=\"\" data-start=\"1693\" data-end=\"1723\">\n<p class=\"\" data-start=\"1695\" data-end=\"1723\"><strong data-start=\"1695\" data-end=\"1721\">Weniger als 0,20\u202f% THC<\/strong><\/p>\n<\/li>\n<li class=\"\" data-start=\"1724\" data-end=\"1747\">\n<p class=\"\" data-start=\"1726\" data-end=\"1747\"><strong data-start=\"1726\" data-end=\"1745\">14 bis 16\u202f% CBD<\/strong><\/p>\n<\/li>\n<li class=\"\" data-start=\"1748\" data-end=\"1804\">\n<p class=\"\" data-start=\"1750\" data-end=\"1804\"><strong data-start=\"1750\" data-end=\"1802\">Genetik: Kompolty x Kompolty x Tyzana x Pure CBD<\/strong><\/p>\n<\/li>\n<li class=\"\" data-start=\"1805\" data-end=\"1838\">\n<p class=\"\" data-start=\"1807\" data-end=\"1838\"><strong data-start=\"1807\" data-end=\"1836\">70\u202f% Sativa \u2013 30\u202f% Indica<\/strong><\/p>\n<\/li>\n<li class=\"\" data-start=\"1839\" data-end=\"1874\">\n<p class=\"\" data-start=\"1841\" data-end=\"1874\"><strong data-start=\"1841\" data-end=\"1872\">Keine psychoaktiven Effekte<\/strong><\/p>\n<\/li>\n<li class=\"\" data-start=\"1875\" data-end=\"1901\">\n<p class=\"\" data-start=\"1877\" data-end=\"1901\"><strong data-start=\"1877\" data-end=\"1899\">Organisch angebaut<\/strong><\/p>\n<\/li>\n<li class=\"\" data-start=\"1902\" data-end=\"1918\">\n<p class=\"\" data-start=\"1904\" data-end=\"1918\"><strong data-start=\"1904\" data-end=\"1916\">GMO-frei<\/strong><\/p>\n<\/li>\n<li class=\"\" data-start=\"1919\" data-end=\"1937\">\n<p class=\"\" data-start=\"1921\" data-end=\"1937\"><strong data-start=\"1921\" data-end=\"1937\">Pestizidfrei<\/strong><\/p>\n<\/li>\n<\/ul>\n<h3 class=\"\" data-start=\"1944\" data-end=\"1974\"><strong data-start=\"1948\" data-end=\"1974\">Aroma \u2013 Lemon Tree CBD<\/strong><\/h3>\n<p class=\"\" data-start=\"1976\" data-end=\"2169\">Terpene kommen in den meisten \u00e4therischen \u00d6len vieler Pflanzen, Blumen und Fr\u00fcchte vor \u2013 sie sind verantwortlich f\u00fcr Geruch und Geschmack. Auch im Cannabis findet sich ein breites Terpenprofil.<\/p>\n<p class=\"\" data-start=\"2171\" data-end=\"2462\">Die <strong data-start=\"2175\" data-end=\"2206\">Lemon Tree CBD von The Tree<\/strong> besitzt, wie ihr Name andeutet, ein <strong data-start=\"2243\" data-end=\"2270\">typisches Zitronenaroma<\/strong>, das besonders f\u00fcr erfahrene Nutzer leicht zu erkennen ist. Ihr Duft ist <strong data-start=\"2344\" data-end=\"2373\">zitrisch und zugleich s\u00fc\u00df<\/strong>, mit <strong data-start=\"2379\" data-end=\"2413\">w\u00fcrzigen und krautigen Nuancen<\/strong>, die an eine <strong data-start=\"2427\" data-end=\"2452\">cremige Zitronentarte<\/strong> erinnern.<\/p>\n<h3 class=\"\" data-start=\"2469\" data-end=\"2487\"><strong data-start=\"2473\" data-end=\"2487\">Zielgruppe<\/strong><\/h3>\n<p class=\"\" data-start=\"2489\" data-end=\"2691\"><strong data-start=\"2489\" data-end=\"2506\">Indoor-Bl\u00fcten<\/strong> richten sich an Konsumenten, die eine <strong data-start=\"2545\" data-end=\"2566\">Qualit\u00e4tsgarantie<\/strong> suchen, denn der Indoor-Anbau erm\u00f6glicht eine <strong data-start=\"2613\" data-end=\"2641\">homogene Bl\u00fcteproduktion<\/strong> mit intensiver gr\u00fcner Farbe und hohem CBD-Gehalt.<\/p>\n<p class=\"\" data-start=\"2693\" data-end=\"2862\">Der Indoor-Anbau ist zweifellos eine <strong data-start=\"2730\" data-end=\"2768\">technisch anspruchsvollere Methode<\/strong>, bei der das Wachstumsumfeld kontrolliert wird, um die gew\u00fcnschten Eigenschaften zu erzielen.<\/p>\n<p class=\"\" data-start=\"2864\" data-end=\"3148\">Diese Methode ist besonders bei medizinischen Anwendungen beliebt, da <strong data-start=\"2934\" data-end=\"2983\">Klima- und Lichtbedingungen pr\u00e4zise gesteuert<\/strong> werden k\u00f6nnen, was zu einer <strong data-start=\"3012\" data-end=\"3053\">h\u00f6heren Standardisierung des Produkts<\/strong> f\u00fchrt. Die <strong data-start=\"3065\" data-end=\"3116\">Konzentration von CBD und anderen Cannabinoiden<\/strong> h\u00e4ngt stark vom Anbaumedium ab.<\/p>\n<p class=\"\" data-start=\"3150\" data-end=\"3338\">Mit kontrolliertem Klima und N\u00e4hrstoffversorgung \u2013 sowohl im Wurzelbereich als auch bei den Lichtstunden \u2013 l\u00e4sst sich ein <strong data-start=\"3272\" data-end=\"3323\">homogenes Produkt mit gleichbleibender Qualit\u00e4t<\/strong> gew\u00e4hrleisten.<\/p>\n<p class=\"\" data-start=\"3340\" data-end=\"3562\"><strong data-start=\"3340\" data-end=\"3388\">Aus Konsumentensicht bietet der Indoor-Anbau<\/strong> eine deutlich erkennbare Qualit\u00e4tsgarantie. Die <strong data-start=\"3437\" data-end=\"3458\">Indoor-CBD-Bl\u00fcten<\/strong> zeichnen sich au\u00dferdem durch ein besonders <strong data-start=\"3502\" data-end=\"3523\">harziges Aussehen<\/strong> und eine <strong data-start=\"3533\" data-end=\"3557\">intensiv gr\u00fcne Farbe<\/strong> aus.<\/p>\n<h3 class=\"\" data-start=\"3569\" data-end=\"3599\"><strong data-start=\"3573\" data-end=\"3599\">Sicherheitsinformation<\/strong><\/h3>\n<p class=\"\" data-start=\"3601\" data-end=\"3858\">Bitte beachten: Die <strong data-start=\"3621\" data-end=\"3648\">CBD-Bl\u00fcten von The Tree<\/strong> sind ein <strong data-start=\"3658\" data-end=\"3711\">dekoratives, sammelbares und aromatisches Produkt<\/strong>. Sie sollten <strong data-start=\"3725\" data-end=\"3777\">nicht w\u00e4hrend der Schwangerschaft oder Stillzeit<\/strong> verwendet werden und <strong data-start=\"3799\" data-end=\"3839\">au\u00dferhalb der Reichweite von Kindern<\/strong> aufbewahrt werden.<\/p>\n<p class=\"\" data-start=\"3860\" data-end=\"3982\">Unsere CBD-Bl\u00fcten k\u00f6nnen geringe Mengen THC enthalten \u2013 selbstverst\u00e4ndlich immer unter dem <strong data-start=\"3951\" data-end=\"3981\">EU-Grenzwert von 0,2\u202f% THC<\/strong>.<\/p>\n<p class=\"\" data-start=\"3984\" data-end=\"4217\">Die bereitgestellten Inhalte dienen ausschlie\u00dflich <strong data-start=\"4035\" data-end=\"4073\">Informations- und Schulungszwecken<\/strong> und ersetzen keinesfalls eine \u00e4rztliche Beratung. Unsere Texte sind <strong data-start=\"4142\" data-end=\"4208\">nicht zur Selbstdiagnose oder Selbstbehandlung von Krankheiten<\/strong> gedacht.<\/p>\n<p class=\"\" data-start=\"4219\" data-end=\"4268\"><strong data-start=\"4219\" data-end=\"4268\">Z\u00f6gere nicht, uns bei Fragen zu kontaktieren.<\/strong><\/p>\n<h3 class=\"\" data-start=\"4275\" data-end=\"4291\"><strong data-start=\"4279\" data-end=\"4291\">Lagerung<\/strong><\/h3>\n<p class=\"\" data-start=\"4293\" data-end=\"4555\">Die <strong data-start=\"4297\" data-end=\"4324\">CBD-Bl\u00fcten von The Tree<\/strong> sollten idealerweise an einem <strong data-start=\"4355\" data-end=\"4380\">k\u00fchlen, trockenen Ort<\/strong>, <strong data-start=\"4382\" data-end=\"4421\">fern von Licht und starken Ger\u00fcchen<\/strong>, aufbewahrt werden, um <strong data-start=\"4445\" data-end=\"4487\">Verunreinigungen oder Qualit\u00e4tsverlust<\/strong> zu vermeiden. <strong data-start=\"4502\" data-end=\"4555\">Direktes Sonnenlicht und Hitze sind zu vermeiden.<\/strong><\/p>\n<p class=\"\" data-start=\"4557\" data-end=\"4648\"><strong data-start=\"4557\" data-end=\"4569\">Hinweis:<\/strong> Bei sachgerechter Lagerung betr\u00e4gt die <strong data-start=\"4609\" data-end=\"4647\">empfohlene Haltbarkeit einen Monat<\/strong>.<\/p>\n","protected":false},"excerpt":{"rendered":"<ul>\n<li>Hanfbl\u00fcten<\/li>\n<li>Weniger als 0,20\u202f% <strong>THC<\/strong><\/li>\n<li>14 bis 16\u202f% <strong>CBD<\/strong><\/li>\n<li><strong>Genetik:<\/strong> Kompolty x Kompolty x Tyzana x Pure CBD<\/li>\n<li>70\u202f% Sativa \u2013 30\u202f% Indica<\/li>\n<li>Keine psychoaktiven Effekte<\/li>\n<li>Organisch angebaut<\/li>\n<li>GMO-frei<\/li>\n<li>Pestizidfrei<\/li>\n<\/ul>\n","protected":false},"featured_media":183611,"template":"","meta":{"_acf_changed":false},"product_brand":[],"class_list":{"0":"post-164254","1":"product","2":"type-product","3":"status-publish","4":"has-post-thumbnail","6":"product_cat-black-friday-cbd","7":"product_cat-bluten","8":"product_cat-indoor-bluten","9":"product_cat-produkte-mit-10-cbd","11":"first","12":"outofstock","13":"taxable","14":"shipping-taxable","15":"purchasable","16":"product-type-variable"},"acf":[],"yoast_head":"<!-- This site is optimized with the Yoast SEO plugin v26.3 - https:\/\/yoast.com\/wordpress\/plugins\/seo\/ -->\n<title>Lemon Tree CBD - 16% CBD. Cannabis Legal | The Tree CBD<\/title>\n<meta name=\"description\" content=\"Lemon Tree CBD ist eine Bl\u00fcte mit einem s\u00fc\u00df-sauren Zitrusaroma. Sie enth\u00e4lt hohe CBD-Werte \u2013 bis zu 16\u202f% \u2013 da kann man einfach nicht widerstehen! Legalem CBD.\" \/>\n<meta name=\"robots\" content=\"index, follow, max-snippet:-1, max-image-preview:large, max-video-preview:-1\" \/>\n<link rel=\"canonical\" href=\"https:\/\/thetreecbd.com\/de\/cbd\/indoor-blueten-lemon-tree\" \/>\n<meta property=\"og:locale\" content=\"de_DE\" \/>\n<meta property=\"og:type\" content=\"article\" \/>\n<meta property=\"og:title\" content=\"Lemon Tree CBD - 16% CBD. Cannabis Legal | The Tree CBD\" \/>\n<meta property=\"og:description\" content=\"Lemon Tree CBD ist eine Bl\u00fcte mit einem s\u00fc\u00df-sauren Zitrusaroma. Sie enth\u00e4lt hohe CBD-Werte \u2013 bis zu 16\u202f% \u2013 da kann man einfach nicht widerstehen! Legalem CBD.\" \/>\n<meta property=\"og:url\" content=\"https:\/\/thetreecbd.com\/de\/cbd\/indoor-blueten-lemon-tree\" \/>\n<meta property=\"og:site_name\" content=\"The Tree CBD\" \/>\n<meta property=\"article:publisher\" content=\"https:\/\/www.facebook.com\/thetreeCBD\/\" \/>\n<meta property=\"article:modified_time\" content=\"2026-05-08T14:28:25+00:00\" \/>\n<meta property=\"og:image\" content=\"https:\/\/thetreecbd.com\/wp-content\/uploads\/2021\/04\/lemon-tree-cbd-thetree-web.jpg\" \/>\n\t<meta property=\"og:image:width\" content=\"1080\" \/>\n\t<meta property=\"og:image:height\" content=\"1350\" \/>\n\t<meta property=\"og:image:type\" content=\"image\/jpeg\" \/>\n<meta name=\"twitter:card\" content=\"summary_large_image\" \/>\n<meta name=\"twitter:site\" content=\"@TheTreeCBD_EU\" \/>\n<meta name=\"twitter:label1\" content=\"Gesch\u00e4tzte Lesezeit\" \/>\n\t<meta name=\"twitter:data1\" content=\"3\u00a0Minuten\" \/>\n<script type=\"application\/ld+json\" class=\"yoast-schema-graph\">{\"@context\":\"https:\/\/schema.org\",\"@graph\":[{\"@type\":[\"WebPage\",\"ItemPage\"],\"@id\":\"https:\/\/thetreecbd.com\/de\/cbd\/indoor-blueten-lemon-tree\",\"url\":\"https:\/\/thetreecbd.com\/de\/cbd\/indoor-blueten-lemon-tree\",\"name\":\"Lemon Tree CBD - 16% CBD. Cannabis Legal | The Tree CBD\",\"isPartOf\":{\"@id\":\"https:\/\/thetreecbd.com\/de#website\"},\"primaryImageOfPage\":{\"@id\":\"https:\/\/thetreecbd.com\/de\/cbd\/indoor-blueten-lemon-tree#primaryimage\"},\"image\":{\"@id\":\"https:\/\/thetreecbd.com\/de\/cbd\/indoor-blueten-lemon-tree#primaryimage\"},\"thumbnailUrl\":\"https:\/\/thetreecbd.com\/wp-content\/uploads\/2021\/04\/lemon-tree-cbd-thetree-web.jpg\",\"datePublished\":\"2021-04-19T10:24:30+00:00\",\"dateModified\":\"2026-05-08T14:28:25+00:00\",\"description\":\"Lemon Tree CBD ist eine Bl\u00fcte mit einem s\u00fc\u00df-sauren Zitrusaroma. Sie enth\u00e4lt hohe CBD-Werte \u2013 bis zu 16\u202f% \u2013 da kann man einfach nicht widerstehen! Legalem CBD.\",\"breadcrumb\":{\"@id\":\"https:\/\/thetreecbd.com\/de\/cbd\/indoor-blueten-lemon-tree#breadcrumb\"},\"inLanguage\":\"de\",\"potentialAction\":[{\"@type\":\"ReadAction\",\"target\":[\"https:\/\/thetreecbd.com\/de\/cbd\/indoor-blueten-lemon-tree\"]}]},{\"@type\":\"ImageObject\",\"inLanguage\":\"de\",\"@id\":\"https:\/\/thetreecbd.com\/de\/cbd\/indoor-blueten-lemon-tree#primaryimage\",\"url\":\"https:\/\/thetreecbd.com\/wp-content\/uploads\/2021\/04\/lemon-tree-cbd-thetree-web.jpg\",\"contentUrl\":\"https:\/\/thetreecbd.com\/wp-content\/uploads\/2021\/04\/lemon-tree-cbd-thetree-web.jpg\",\"width\":1080,\"height\":1350},{\"@type\":\"BreadcrumbList\",\"@id\":\"https:\/\/thetreecbd.com\/de\/cbd\/indoor-blueten-lemon-tree#breadcrumb\",\"itemListElement\":[{\"@type\":\"ListItem\",\"position\":1,\"name\":\"The Tree\",\"item\":\"https:\/\/thetreecbd.com\/de\"},{\"@type\":\"ListItem\",\"position\":2,\"name\":\"CBD\",\"item\":\"https:\/\/thetreecbd.com\/es\/cbd\"},{\"@type\":\"ListItem\",\"position\":3,\"name\":\"CBD-Bl\u00fcten kaufen\",\"item\":\"https:\/\/thetreecbd.com\/de\/bluten\"},{\"@type\":\"ListItem\",\"position\":4,\"name\":\"Indoor-Bl\u00fcten\",\"item\":\"https:\/\/thetreecbd.com\/de\/bluten\/indoor-bluten\"},{\"@type\":\"ListItem\",\"position\":5,\"name\":\"Lemon Tree CBD\"}]},{\"@type\":\"WebSite\",\"@id\":\"https:\/\/thetreecbd.com\/de#website\",\"url\":\"https:\/\/thetreecbd.com\/de\",\"name\":\"The Tree CBD\",\"description\":\"Comprar CBD en Espa\u00f1a Online\",\"publisher\":{\"@id\":\"https:\/\/thetreecbd.com\/de#organization\"},\"potentialAction\":[{\"@type\":\"SearchAction\",\"target\":{\"@type\":\"EntryPoint\",\"urlTemplate\":\"https:\/\/thetreecbd.com\/de?s={search_term_string}\"},\"query-input\":{\"@type\":\"PropertyValueSpecification\",\"valueRequired\":true,\"valueName\":\"search_term_string\"}}],\"inLanguage\":\"de\"},{\"@type\":\"Organization\",\"@id\":\"https:\/\/thetreecbd.com\/de#organization\",\"name\":\"The Tree CBD\",\"url\":\"https:\/\/thetreecbd.com\/de\",\"logo\":{\"@type\":\"ImageObject\",\"inLanguage\":\"de\",\"@id\":\"https:\/\/thetreecbd.com\/de#\/schema\/logo\/image\/\",\"url\":\"https:\/\/thetreecbd.com\/wp-content\/uploads\/2022\/04\/logo-thetree.png\",\"contentUrl\":\"https:\/\/thetreecbd.com\/wp-content\/uploads\/2022\/04\/logo-thetree.png\",\"width\":172,\"height\":55,\"caption\":\"The Tree CBD\"},\"image\":{\"@id\":\"https:\/\/thetreecbd.com\/de#\/schema\/logo\/image\/\"},\"sameAs\":[\"https:\/\/www.facebook.com\/thetreeCBD\/\",\"https:\/\/x.com\/TheTreeCBD_EU\",\"https:\/\/www.instagram.com\/thetree.cbd\/\",\"https:\/\/es.trustpilot.com\/review\/thetreecbd.com\"]}]}<\/script>\n<!-- \/ Yoast SEO plugin. -->","yoast_head_json":{"title":"Lemon Tree CBD - 16% CBD. Cannabis Legal | The Tree CBD","description":"Lemon Tree CBD ist eine Bl\u00fcte mit einem s\u00fc\u00df-sauren Zitrusaroma. Sie enth\u00e4lt hohe CBD-Werte \u2013 bis zu 16\u202f% \u2013 da kann man einfach nicht widerstehen! Legalem CBD.","robots":{"index":"index","follow":"follow","max-snippet":"max-snippet:-1","max-image-preview":"max-image-preview:large","max-video-preview":"max-video-preview:-1"},"canonical":"https:\/\/thetreecbd.com\/de\/cbd\/indoor-blueten-lemon-tree","og_locale":"de_DE","og_type":"article","og_title":"Lemon Tree CBD - 16% CBD. Cannabis Legal | The Tree CBD","og_description":"Lemon Tree CBD ist eine Bl\u00fcte mit einem s\u00fc\u00df-sauren Zitrusaroma. Sie enth\u00e4lt hohe CBD-Werte \u2013 bis zu 16\u202f% \u2013 da kann man einfach nicht widerstehen! Legalem CBD.","og_url":"https:\/\/thetreecbd.com\/de\/cbd\/indoor-blueten-lemon-tree","og_site_name":"The Tree CBD","article_publisher":"https:\/\/www.facebook.com\/thetreeCBD\/","article_modified_time":"2026-05-08T14:28:25+00:00","og_image":[{"width":1080,"height":1350,"url":"https:\/\/thetreecbd.com\/wp-content\/uploads\/2021\/04\/lemon-tree-cbd-thetree-web.jpg","type":"image\/jpeg"}],"twitter_card":"summary_large_image","twitter_site":"@TheTreeCBD_EU","twitter_misc":{"Gesch\u00e4tzte Lesezeit":"3\u00a0Minuten"},"schema":{"@context":"https:\/\/schema.org","@graph":[{"@type":["WebPage","ItemPage"],"@id":"https:\/\/thetreecbd.com\/de\/cbd\/indoor-blueten-lemon-tree","url":"https:\/\/thetreecbd.com\/de\/cbd\/indoor-blueten-lemon-tree","name":"Lemon Tree CBD - 16% CBD. Cannabis Legal | The Tree CBD","isPartOf":{"@id":"https:\/\/thetreecbd.com\/de#website"},"primaryImageOfPage":{"@id":"https:\/\/thetreecbd.com\/de\/cbd\/indoor-blueten-lemon-tree#primaryimage"},"image":{"@id":"https:\/\/thetreecbd.com\/de\/cbd\/indoor-blueten-lemon-tree#primaryimage"},"thumbnailUrl":"https:\/\/thetreecbd.com\/wp-content\/uploads\/2021\/04\/lemon-tree-cbd-thetree-web.jpg","datePublished":"2021-04-19T10:24:30+00:00","dateModified":"2026-05-08T14:28:25+00:00","description":"Lemon Tree CBD ist eine Bl\u00fcte mit einem s\u00fc\u00df-sauren Zitrusaroma. Sie enth\u00e4lt hohe CBD-Werte \u2013 bis zu 16\u202f% \u2013 da kann man einfach nicht widerstehen! Legalem CBD.","breadcrumb":{"@id":"https:\/\/thetreecbd.com\/de\/cbd\/indoor-blueten-lemon-tree#breadcrumb"},"inLanguage":"de","potentialAction":[{"@type":"ReadAction","target":["https:\/\/thetreecbd.com\/de\/cbd\/indoor-blueten-lemon-tree"]}]},{"@type":"ImageObject","inLanguage":"de","@id":"https:\/\/thetreecbd.com\/de\/cbd\/indoor-blueten-lemon-tree#primaryimage","url":"https:\/\/thetreecbd.com\/wp-content\/uploads\/2021\/04\/lemon-tree-cbd-thetree-web.jpg","contentUrl":"https:\/\/thetreecbd.com\/wp-content\/uploads\/2021\/04\/lemon-tree-cbd-thetree-web.jpg","width":1080,"height":1350},{"@type":"BreadcrumbList","@id":"https:\/\/thetreecbd.com\/de\/cbd\/indoor-blueten-lemon-tree#breadcrumb","itemListElement":[{"@type":"ListItem","position":1,"name":"The Tree","item":"https:\/\/thetreecbd.com\/de"},{"@type":"ListItem","position":2,"name":"CBD","item":"https:\/\/thetreecbd.com\/es\/cbd"},{"@type":"ListItem","position":3,"name":"CBD-Bl\u00fcten kaufen","item":"https:\/\/thetreecbd.com\/de\/bluten"},{"@type":"ListItem","position":4,"name":"Indoor-Bl\u00fcten","item":"https:\/\/thetreecbd.com\/de\/bluten\/indoor-bluten"},{"@type":"ListItem","position":5,"name":"Lemon Tree CBD"}]},{"@type":"WebSite","@id":"https:\/\/thetreecbd.com\/de#website","url":"https:\/\/thetreecbd.com\/de","name":"The Tree CBD","description":"Comprar CBD en Espa\u00f1a Online","publisher":{"@id":"https:\/\/thetreecbd.com\/de#organization"},"potentialAction":[{"@type":"SearchAction","target":{"@type":"EntryPoint","urlTemplate":"https:\/\/thetreecbd.com\/de?s={search_term_string}"},"query-input":{"@type":"PropertyValueSpecification","valueRequired":true,"valueName":"search_term_string"}}],"inLanguage":"de"},{"@type":"Organization","@id":"https:\/\/thetreecbd.com\/de#organization","name":"The Tree CBD","url":"https:\/\/thetreecbd.com\/de","logo":{"@type":"ImageObject","inLanguage":"de","@id":"https:\/\/thetreecbd.com\/de#\/schema\/logo\/image\/","url":"https:\/\/thetreecbd.com\/wp-content\/uploads\/2022\/04\/logo-thetree.png","contentUrl":"https:\/\/thetreecbd.com\/wp-content\/uploads\/2022\/04\/logo-thetree.png","width":172,"height":55,"caption":"The Tree CBD"},"image":{"@id":"https:\/\/thetreecbd.com\/de#\/schema\/logo\/image\/"},"sameAs":["https:\/\/www.facebook.com\/thetreeCBD\/","https:\/\/x.com\/TheTreeCBD_EU","https:\/\/www.instagram.com\/thetree.cbd\/","https:\/\/es.trustpilot.com\/review\/thetreecbd.com"]}]}},"_links":{"self":[{"href":"https:\/\/thetreecbd.com\/de\/wp-json\/wp\/v2\/product\/164254","targetHints":{"allow":["GET"]}}],"collection":[{"href":"https:\/\/thetreecbd.com\/de\/wp-json\/wp\/v2\/product"}],"about":[{"href":"https:\/\/thetreecbd.com\/de\/wp-json\/wp\/v2\/types\/product"}],"version-history":[{"count":0,"href":"https:\/\/thetreecbd.com\/de\/wp-json\/wp\/v2\/product\/164254\/revisions"}],"wp:featuredmedia":[{"embeddable":true,"href":"https:\/\/thetreecbd.com\/de\/wp-json\/wp\/v2\/media\/183611"}],"wp:attachment":[{"href":"https:\/\/thetreecbd.com\/de\/wp-json\/wp\/v2\/media?parent=164254"}],"wp:term":[{"taxonomy":"product_brand","embeddable":true,"href":"https:\/\/thetreecbd.com\/de\/wp-json\/wp\/v2\/product_brand?post=164254"}],"curies":[{"name":"wp","href":"https:\/\/api.w.org\/{rel}","templated":true}]}}