{"id":164837,"date":"2024-07-25T16:31:38","date_gmt":"2024-07-25T14:31:38","guid":{"rendered":"https:\/\/thetreecbd.com\/cbd\/indoor-blueten-runtz"},"modified":"2025-12-02T01:37:44","modified_gmt":"2025-12-02T00:37:44","slug":"indoor-blueten-runtz","status":"publish","type":"product","link":"https:\/\/thetreecbd.com\/de\/cbd\/indoor-blueten-runtz","title":{"rendered":"Runtz CBD"},"content":{"rendered":"<p class=\"\" data-start=\"111\" data-end=\"465\"><strong data-start=\"111\" data-end=\"127\">The Tree CBD<\/strong> bringt dir die legalen Marihuanabl\u00fcten der Sorte <strong data-start=\"177\" data-end=\"190\">Runtz CBD<\/strong>, eine herausragende Option auf dem CBD-Bl\u00fctenmarkt dank ihrer Kombination aus Premium-Genetik und au\u00dfergew\u00f6hnlichen visuellen und aromatischen Eigenschaften. Mit einem <strong data-start=\"359\" data-end=\"382\">CBD-Gehalt von 18\u202f%<\/strong> verspricht diese Bl\u00fcte ein reichhaltiges und befriedigendes sensorisches Erlebnis.<\/p>\n<p class=\"\" data-start=\"467\" data-end=\"1134\">Die <strong data-start=\"471\" data-end=\"490\">CBD-Bl\u00fcte Runtz<\/strong> von The Tree CBD zeichnet sich durch ihr lebendiges und attraktives Aussehen aus. Die Bl\u00fcten sind kompakt und dicht, was auf eine hohe Qualit\u00e4t und sorgf\u00e4ltigen Anbau hinweist. Die Farben der Bl\u00fcten reichen von einem leuchtenden Gr\u00fcn bis hin zu dunkleren, fast violetten T\u00f6nen, ein Hinweis auf ihre vielf\u00e4ltige Genetik. Diese Farbvielfalt wird durch eine reichliche Schicht kristalliner Trichome erg\u00e4nzt, die der Bl\u00fcte ein frostiges, gl\u00e4nzendes Aussehen unter Licht verleihen. Die Stempel, die von Orange bis Dunkelrot reichen, verflechten sich mit den Bl\u00fcten und sorgen f\u00fcr einen visuellen Kontrast, der ihre Sch\u00f6nheit noch weiter hervorhebt.<\/p>\n<p class=\"\" data-start=\"1136\" data-end=\"1612\">Die CBD-Bl\u00fcte Runtz von The Tree CBD stammt aus einer au\u00dfergew\u00f6hnlichen Genetik \u2013 einer Kreuzung der Sorten <strong data-start=\"1244\" data-end=\"1254\">Gelato<\/strong> und <strong data-start=\"1259\" data-end=\"1271\">Zkittlez<\/strong>, zwei hoch gesch\u00e4tzte und bekannte Cannabissorten. Diese genetische Kombination ist verantwortlich f\u00fcr ihren reichen organoleptischen Charakter. <strong data-start=\"1417\" data-end=\"1427\">Gelato<\/strong> bringt eine robuste Struktur und eine hohe Dichte an Trichomen mit sich, w\u00e4hrend <strong data-start=\"1509\" data-end=\"1521\">Zkittlez<\/strong> durch ihr einzigartiges Terpenprofil und ihre beeindruckende Geschmacksvielfalt \u00fcberzeugt.<\/p>\n<p class=\"\" data-start=\"1614\" data-end=\"2113\">Die <strong data-start=\"1618\" data-end=\"1635\">Runtz-Genetik<\/strong> ist bekannt f\u00fcr ihre Ausgewogenheit und die Komplexit\u00e4t, die sie den resultierenden Bl\u00fcten verleiht. Diese Hybridsorte kombiniert das Beste ihrer Elternpflanzen und bietet eine dichte, harzige Bl\u00fctenstruktur sowie ein Terpenprofil, das von s\u00fc\u00df und fruchtig bis hin zu erdig und w\u00fcrzig reicht. Diese Ausgewogenheit macht die CBD-Bl\u00fcte Runtz nicht nur zu einem visuellen und olfaktorischen Genuss, sondern auch zu einem Beispiel f\u00fcr die Kunst der Hybridisierung im Cannabisanbau.<\/p>\n<p class=\"\" data-start=\"2120\" data-end=\"2170\"><strong data-start=\"2120\" data-end=\"2168\">Eigenschaften von legalem Cannabis Runtz CBD<\/strong><\/p>\n<ul data-start=\"2171\" data-end=\"2381\">\n<li class=\"\" data-start=\"2171\" data-end=\"2185\">\n<p class=\"\" data-start=\"2173\" data-end=\"2185\">Hanfbl\u00fcten<\/p>\n<\/li>\n<li class=\"\" data-start=\"2186\" data-end=\"2216\">\n<p class=\"\" data-start=\"2188\" data-end=\"2216\">S\u00fc\u00dfes und fruchtiges Aroma<\/p>\n<\/li>\n<li class=\"\" data-start=\"2217\" data-end=\"2243\">\n<p class=\"\" data-start=\"2219\" data-end=\"2243\">Weniger als 0,20\u202f% THC<\/p>\n<\/li>\n<li class=\"\" data-start=\"2244\" data-end=\"2256\">\n<p class=\"\" data-start=\"2246\" data-end=\"2256\">18\u202f% CBD<\/p>\n<\/li>\n<li class=\"\" data-start=\"2257\" data-end=\"2287\">\n<p class=\"\" data-start=\"2259\" data-end=\"2287\">Genetik: Gelato x Zkittlez<\/p>\n<\/li>\n<li class=\"\" data-start=\"2288\" data-end=\"2321\">\n<p class=\"\" data-start=\"2290\" data-end=\"2321\">Keine psychoaktiven Wirkungen<\/p>\n<\/li>\n<li class=\"\" data-start=\"2322\" data-end=\"2344\">\n<p class=\"\" data-start=\"2324\" data-end=\"2344\">Organisch angebaut<\/p>\n<\/li>\n<li class=\"\" data-start=\"2345\" data-end=\"2357\">\n<p class=\"\" data-start=\"2347\" data-end=\"2357\">GMO-frei<\/p>\n<\/li>\n<li class=\"\" data-start=\"2358\" data-end=\"2381\">\n<p class=\"\" data-start=\"2360\" data-end=\"2381\">Frei von Pestiziden<\/p>\n<\/li>\n<\/ul>\n<p class=\"\" data-start=\"2388\" data-end=\"3020\"><strong data-start=\"2388\" data-end=\"2407\">Aroma Runtz CBD<\/strong><br data-start=\"2407\" data-end=\"2410\" \/>Das aromatische Profil der CBD-Bl\u00fcte Runtz ist eine raffinierte Kombination aus S\u00fc\u00dfe und fruchtigen Noten, erg\u00e4nzt durch erdige und holzige T\u00f6ne dank ihres reichen Terpenprofils. <strong data-start=\"2589\" data-end=\"2605\">Caryophyllen<\/strong> verleiht dem Aroma eine w\u00fcrzige Basis, w\u00e4hrend <strong data-start=\"2653\" data-end=\"2664\">Humulen<\/strong> erdige und kr\u00e4uterige Noten beitr\u00e4gt. <strong data-start=\"2703\" data-end=\"2715\">Linalool<\/strong> wiederum sorgt f\u00fcr eine florale und zitrische Note, die das Aroma auf elegante und komplexe Weise abrundet. Beim \u00d6ffnen eines Glases entfaltet sich ein Duft, der an tropische Fr\u00fcchte wie Mango und Ananas erinnert, mit einem s\u00fc\u00df-cremigen Hintergrund, der die anderen aromatischen Elemente perfekt erg\u00e4nzt.<\/p>\n<hr class=\"\" data-start=\"3022\" data-end=\"3025\" \/>\n<p class=\"\" data-start=\"3027\" data-end=\"3043\"><strong data-start=\"3027\" data-end=\"3043\">Terpenprofil<\/strong><\/p>\n<p class=\"\" data-start=\"3045\" data-end=\"3320\"><strong data-start=\"3045\" data-end=\"3061\">Caryophyllen<\/strong><br data-start=\"3061\" data-end=\"3064\" \/>Caryophyllen ist ein Terpen, das h\u00e4ufig in vielen Pflanzen vorkommt, darunter schwarzer Pfeffer, Nelken und einige Cannabissorten. Es ist bekannt f\u00fcr seinen w\u00fcrzigen, holzigen Duft, der dem Duftprofil der Runtz CBD-Bl\u00fcte zus\u00e4tzliche Komplexit\u00e4t verleiht.<\/p>\n<ul data-start=\"3321\" data-end=\"3648\">\n<li class=\"\" data-start=\"3321\" data-end=\"3396\">\n<p class=\"\" data-start=\"3323\" data-end=\"3396\"><strong data-start=\"3323\" data-end=\"3332\">Aroma<\/strong>: Warm und w\u00fcrzig, oft mit Nelken- oder Zimtnoten beschrieben.<\/p>\n<\/li>\n<li class=\"\" data-start=\"3397\" data-end=\"3648\">\n<p class=\"\" data-start=\"3399\" data-end=\"3648\"><strong data-start=\"3399\" data-end=\"3416\">Eigenschaften<\/strong>: Einzigartig, da es sich auch wie ein Cannabinoid verhalten kann, indem es an CB2-Rezeptoren im Endocannabinoid-System bindet. Auch wenn diese Eigenschaften hier nicht vertieft werden, ist diese funktionelle Dualit\u00e4t bemerkenswert.<\/p>\n<\/li>\n<\/ul>\n<p class=\"\" data-start=\"3650\" data-end=\"3845\"><strong data-start=\"3650\" data-end=\"3661\">Humulen<\/strong><br data-start=\"3661\" data-end=\"3664\" \/>Humulen ist ein weiteres Terpen, das in der CBD-Bl\u00fcte Runtz reichlich vorhanden ist. Es kommt auch h\u00e4ufig in Hopfen, der bei der Bierherstellung verwendet wird, und in Salbei vor.<\/p>\n<ul data-start=\"3846\" data-end=\"4114\">\n<li class=\"\" data-start=\"3846\" data-end=\"3963\">\n<p class=\"\" data-start=\"3848\" data-end=\"3963\"><strong data-start=\"3848\" data-end=\"3857\">Aroma<\/strong>: Erdiger und holziger Duft mit einem Hauch von W\u00fcrze, der das allgemeine Aromaprofil der Sorte erg\u00e4nzt.<\/p>\n<\/li>\n<li class=\"\" data-start=\"3964\" data-end=\"4114\">\n<p class=\"\" data-start=\"3966\" data-end=\"4114\"><strong data-start=\"3966\" data-end=\"3983\">Eigenschaften<\/strong>: Tr\u00e4gt zur Tiefe und Robustheit des Aromas bei und balanciert die s\u00fc\u00dfen, fruchtigen Noten mit einem erdig-kr\u00e4uterigen Hintergrund.<\/p>\n<\/li>\n<\/ul>\n<p class=\"\" data-start=\"4116\" data-end=\"4322\"><strong data-start=\"4116\" data-end=\"4128\">Linalool<\/strong><br data-start=\"4128\" data-end=\"4131\" \/>Linalool ist ein weithin bekanntes Terpen, das in Lavendel sowie vielen aromatischen Blumen und Gew\u00fcrzen vorkommt. Es z\u00e4hlt zu den angenehmsten und mildesten Terpenen in Bezug auf den Duft.<\/p>\n<ul data-start=\"4323\" data-end=\"4638\">\n<li class=\"\" data-start=\"4323\" data-end=\"4432\">\n<p class=\"\" data-start=\"4325\" data-end=\"4432\"><strong data-start=\"4325\" data-end=\"4334\">Aroma<\/strong>: Florale und leicht zitrische Duftnote, erinnert an frischen Lavendel und sanfte Zitrusnuancen.<\/p>\n<\/li>\n<li class=\"\" data-start=\"4433\" data-end=\"4638\">\n<p class=\"\" data-start=\"4435\" data-end=\"4638\"><strong data-start=\"4435\" data-end=\"4452\">Eigenschaften<\/strong>: Verleiht dem Aroma eine blumige Note, die sich harmonisch mit den anderen Terpenen in der Runtz CBD-Bl\u00fcte verbindet und ein ausgewogenes und angenehmes olfaktorisches Erlebnis schafft.<\/p>\n<\/li>\n<\/ul>\n<p class=\"\" data-start=\"4645\" data-end=\"4823\"><strong data-start=\"4645\" data-end=\"4659\">Zielgruppe<\/strong><br data-start=\"4659\" data-end=\"4662\" \/>Indoor-Bl\u00fcten sind ideal f\u00fcr all jene, die eine Qualit\u00e4tsgarantie suchen, da der Indoor-Anbau homogene Bl\u00fcten mit gr\u00fcner Farbe und hohem CBD-Gehalt erm\u00f6glicht.<\/p>\n<p class=\"\" data-start=\"4825\" data-end=\"5011\">Der Indoor-Anbau ist zweifellos eine technisch anspruchsvollere Methode, bei der das Umfeld der Pflanze kontrolliert werden kann, um die vom Anbauer bevorzugten Ergebnisse zu erzielen.<\/p>\n<p class=\"\" data-start=\"5013\" data-end=\"5281\">Diese Methode ist besonders bei medizinischer Nutzung beliebt, da sich Klima und Licht gezielt steuern lassen, wodurch das Produkt maximal standardisiert wird. Man darf nicht vergessen, dass der CBD-Gehalt und andere Cannabinoid-Werte stark vom Anbauumfeld abh\u00e4ngen.<\/p>\n<p class=\"\" data-start=\"5283\" data-end=\"5485\">Durch die Kontrolle von Klima, N\u00e4hrstoffen, Wurzelumgebung und Lichtstunden wird sichergestellt, dass das Endprodukt homogen ist und bei <strong data-start=\"5420\" data-end=\"5441\">Indoor-CBD-Bl\u00fcten<\/strong> stets eine Qualit\u00e4tsgarantie gegeben ist.<\/p>\n<p class=\"\" data-start=\"5487\" data-end=\"5691\">Aus Sicht der Konsumenten ist Indoor oft die bevorzugte Wahl \u2013 aus genannten Gr\u00fcnden wie Qualit\u00e4tssicherheit \u2013 und zudem sind Indoor-CBD-Bl\u00fcten bekannt f\u00fcr ihr harziges Aussehen und ihr lebendigeres Gr\u00fcn.<\/p>\n<p class=\"\" data-start=\"5698\" data-end=\"5983\"><strong data-start=\"5698\" data-end=\"5726\">Sicherheitsinformationen<\/strong><br data-start=\"5726\" data-end=\"5729\" \/>Bitte beachten: Die CBD-Bl\u00fcten von The Tree sind ein <strong data-start=\"5782\" data-end=\"5835\">dekoratives, sammelbares und aromatisches Produkt<\/strong>. Sie sollten <strong data-start=\"5849\" data-end=\"5901\">nicht w\u00e4hrend der Schwangerschaft oder Stillzeit<\/strong> verwendet werden und sind <strong data-start=\"5928\" data-end=\"5982\">au\u00dferhalb der Reichweite von Kindern aufzubewahren<\/strong>.<\/p>\n<p class=\"\" data-start=\"5985\" data-end=\"6102\">Unsere CBD-Bl\u00fcten k\u00f6nnen Spuren von THC enthalten \u2013 selbstverst\u00e4ndlich <strong data-start=\"6056\" data-end=\"6101\">unterhalb des EU-Grenzwerts von 0,2\u202f% THC<\/strong>.<\/p>\n<p class=\"\" data-start=\"6104\" data-end=\"6370\">Die bereitgestellten Inhalte dienen ausschlie\u00dflich <strong data-start=\"6155\" data-end=\"6193\">Informations- und Schulungszwecken<\/strong> und ersetzen keinesfalls die medizinische Beratung durch einen Arzt oder Apotheker. Unsere Texte sind nicht zur eigenst\u00e4ndigen Diagnose oder Behandlung von Krankheiten gedacht.<\/p>\n<p class=\"\" data-start=\"6372\" data-end=\"6432\">Bei weiteren Fragen z\u00f6gere bitte nicht, uns zu kontaktieren.<\/p>\n<p class=\"\" data-start=\"6439\" data-end=\"6719\"><strong data-start=\"6439\" data-end=\"6451\">Lagerung<\/strong><br data-start=\"6451\" data-end=\"6454\" \/>Idealerweise sollten die <strong data-start=\"6479\" data-end=\"6506\">CBD-Bl\u00fcten von The Tree<\/strong> an einem <strong data-start=\"6516\" data-end=\"6541\">k\u00fchlen, trockenen Ort<\/strong>, <strong data-start=\"6543\" data-end=\"6587\">gesch\u00fctzt vor Licht und starken Ger\u00fcchen<\/strong> gelagert werden, um jegliche Kontamination und\/oder Qualit\u00e4tsverluste zu vermeiden. Direkte Sonneneinstrahlung und Hitze vermeiden.<\/p>\n<p class=\"\" data-start=\"6721\" data-end=\"6810\"><strong data-start=\"6721\" data-end=\"6732\">Hinweis<\/strong>: Die angegebene Haltbarkeit betr\u00e4gt <strong data-start=\"6769\" data-end=\"6784\">einen Monat<\/strong> bei sachgem\u00e4\u00dfer Lagerung.<\/p>\n","protected":false},"excerpt":{"rendered":"<ul>\n<li class=\"\" data-start=\"71\" data-end=\"89\">\n<p class=\"\" data-start=\"73\" data-end=\"89\">Hanfbl\u00fcten<\/p>\n<\/li>\n<li class=\"\" data-start=\"90\" data-end=\"124\">\n<p class=\"\" data-start=\"92\" data-end=\"124\">S\u00fc\u00dfes und fruchtiges Aroma<\/p>\n<\/li>\n<li class=\"\" data-start=\"125\" data-end=\"155\">\n<p class=\"\" data-start=\"127\" data-end=\"155\">Weniger als 0,20\u202f% <strong>THC<\/strong><\/p>\n<\/li>\n<li class=\"\" data-start=\"156\" data-end=\"172\">\n<p class=\"\" data-start=\"158\" data-end=\"172\">18\u202f% CBD<\/p>\n<\/li>\n<li class=\"\" data-start=\"173\" data-end=\"207\">\n<p class=\"\" data-start=\"175\" data-end=\"207\"><strong>Genetik<\/strong>: Gelato x Zkittlez<\/p>\n<\/li>\n<li class=\"\" data-start=\"208\" data-end=\"245\">\n<p class=\"\" data-start=\"210\" data-end=\"245\">Keine psychoaktiven Wirkungen<\/p>\n<\/li>\n<li class=\"\" data-start=\"246\" data-end=\"272\">\n<p class=\"\" data-start=\"248\" data-end=\"272\">Organisch angebaut<\/p>\n<\/li>\n<li class=\"\" data-start=\"273\" data-end=\"289\">\n<p class=\"\" data-start=\"275\" data-end=\"289\">GMO-frei<\/p>\n<\/li>\n<li class=\"\" data-start=\"290\" data-end=\"317\">\n<p class=\"\" data-start=\"292\" data-end=\"317\">Frei von Pestiziden<\/p>\n<\/li>\n<\/ul>\n","protected":false},"featured_media":164838,"template":"","meta":{"_acf_changed":false},"product_brand":[],"class_list":{"0":"post-164837","1":"product","2":"type-product","3":"status-publish","4":"has-post-thumbnail","6":"product_cat-black-friday-cbd","7":"product_cat-cbd-angebote","8":"product_cat-bluten","9":"product_cat-indoor-bluten","10":"product_cat-produkte-mit-20-cbd","12":"first","13":"instock","14":"sale","15":"taxable","16":"shipping-taxable","17":"purchasable","18":"product-type-variable"},"acf":[],"yoast_head":"<!-- This site is optimized with the Yoast SEO plugin v26.3 - https:\/\/yoast.com\/wordpress\/plugins\/seo\/ -->\n<title>Runtz CBD - 18% CBD. Legales CBD Cannabis | The Tree CBD<\/title>\n<meta name=\"description\" content=\"Runtz CBD s\u00fc\u00dfe und fruchtige Aromen sowie eine entspannende Wirkung dank ihres hohen CBD-Gehalts von 18\u202f%. In Spanien legal.\" \/>\n<meta name=\"robots\" content=\"index, follow, max-snippet:-1, max-image-preview:large, max-video-preview:-1\" \/>\n<link rel=\"canonical\" href=\"https:\/\/thetreecbd.com\/de\/cbd\/indoor-blueten-runtz\" \/>\n<meta property=\"og:locale\" content=\"de_DE\" \/>\n<meta property=\"og:type\" content=\"article\" \/>\n<meta property=\"og:title\" content=\"Runtz CBD - 18% CBD. Legales CBD Cannabis | The Tree CBD\" \/>\n<meta property=\"og:description\" content=\"Runtz CBD s\u00fc\u00dfe und fruchtige Aromen sowie eine entspannende Wirkung dank ihres hohen CBD-Gehalts von 18\u202f%. In Spanien legal.\" \/>\n<meta property=\"og:url\" content=\"https:\/\/thetreecbd.com\/de\/cbd\/indoor-blueten-runtz\" \/>\n<meta property=\"og:site_name\" content=\"The Tree CBD\" \/>\n<meta property=\"article:publisher\" content=\"https:\/\/www.facebook.com\/thetreeCBD\/\" \/>\n<meta property=\"article:modified_time\" content=\"2025-12-02T00:37:44+00:00\" \/>\n<meta property=\"og:image\" content=\"https:\/\/thetreecbd.com\/wp-content\/uploads\/2024\/07\/runtz-web-2.webp\" \/>\n\t<meta property=\"og:image:width\" content=\"600\" \/>\n\t<meta property=\"og:image:height\" content=\"720\" \/>\n\t<meta property=\"og:image:type\" content=\"image\/webp\" \/>\n<meta name=\"twitter:card\" content=\"summary_large_image\" \/>\n<meta name=\"twitter:site\" content=\"@TheTreeCBD_EU\" \/>\n<meta name=\"twitter:label1\" content=\"Gesch\u00e4tzte Lesezeit\" \/>\n\t<meta name=\"twitter:data1\" content=\"5\u00a0Minuten\" \/>\n<script type=\"application\/ld+json\" class=\"yoast-schema-graph\">{\"@context\":\"https:\/\/schema.org\",\"@graph\":[{\"@type\":[\"WebPage\",\"ItemPage\"],\"@id\":\"https:\/\/thetreecbd.com\/de\/cbd\/indoor-blueten-runtz\",\"url\":\"https:\/\/thetreecbd.com\/de\/cbd\/indoor-blueten-runtz\",\"name\":\"Runtz CBD - 18% CBD. Legales CBD Cannabis | The Tree CBD\",\"isPartOf\":{\"@id\":\"https:\/\/thetreecbd.com\/de#website\"},\"primaryImageOfPage\":{\"@id\":\"https:\/\/thetreecbd.com\/de\/cbd\/indoor-blueten-runtz#primaryimage\"},\"image\":{\"@id\":\"https:\/\/thetreecbd.com\/de\/cbd\/indoor-blueten-runtz#primaryimage\"},\"thumbnailUrl\":\"https:\/\/thetreecbd.com\/wp-content\/uploads\/2024\/07\/runtz-web-2.webp\",\"datePublished\":\"2024-07-25T14:31:38+00:00\",\"dateModified\":\"2025-12-02T00:37:44+00:00\",\"description\":\"Runtz CBD s\u00fc\u00dfe und fruchtige Aromen sowie eine entspannende Wirkung dank ihres hohen CBD-Gehalts von 18\u202f%. In Spanien legal.\",\"breadcrumb\":{\"@id\":\"https:\/\/thetreecbd.com\/de\/cbd\/indoor-blueten-runtz#breadcrumb\"},\"inLanguage\":\"de\",\"potentialAction\":[{\"@type\":\"ReadAction\",\"target\":[\"https:\/\/thetreecbd.com\/de\/cbd\/indoor-blueten-runtz\"]}]},{\"@type\":\"ImageObject\",\"inLanguage\":\"de\",\"@id\":\"https:\/\/thetreecbd.com\/de\/cbd\/indoor-blueten-runtz#primaryimage\",\"url\":\"https:\/\/thetreecbd.com\/wp-content\/uploads\/2024\/07\/runtz-web-2.webp\",\"contentUrl\":\"https:\/\/thetreecbd.com\/wp-content\/uploads\/2024\/07\/runtz-web-2.webp\",\"width\":600,\"height\":720},{\"@type\":\"BreadcrumbList\",\"@id\":\"https:\/\/thetreecbd.com\/de\/cbd\/indoor-blueten-runtz#breadcrumb\",\"itemListElement\":[{\"@type\":\"ListItem\",\"position\":1,\"name\":\"The Tree\",\"item\":\"https:\/\/thetreecbd.com\/de\"},{\"@type\":\"ListItem\",\"position\":2,\"name\":\"CBD\",\"item\":\"https:\/\/thetreecbd.com\/es\/cbd\"},{\"@type\":\"ListItem\",\"position\":3,\"name\":\"CBD-Bl\u00fcten kaufen\",\"item\":\"https:\/\/thetreecbd.com\/de\/bluten\"},{\"@type\":\"ListItem\",\"position\":4,\"name\":\"Indoor-Bl\u00fcten\",\"item\":\"https:\/\/thetreecbd.com\/de\/bluten\/indoor-bluten\"},{\"@type\":\"ListItem\",\"position\":5,\"name\":\"Runtz CBD\"}]},{\"@type\":\"WebSite\",\"@id\":\"https:\/\/thetreecbd.com\/de#website\",\"url\":\"https:\/\/thetreecbd.com\/de\",\"name\":\"The Tree CBD\",\"description\":\"Comprar CBD en Espa\u00f1a Online\",\"publisher\":{\"@id\":\"https:\/\/thetreecbd.com\/de#organization\"},\"potentialAction\":[{\"@type\":\"SearchAction\",\"target\":{\"@type\":\"EntryPoint\",\"urlTemplate\":\"https:\/\/thetreecbd.com\/de?s={search_term_string}\"},\"query-input\":{\"@type\":\"PropertyValueSpecification\",\"valueRequired\":true,\"valueName\":\"search_term_string\"}}],\"inLanguage\":\"de\"},{\"@type\":\"Organization\",\"@id\":\"https:\/\/thetreecbd.com\/de#organization\",\"name\":\"The Tree CBD\",\"url\":\"https:\/\/thetreecbd.com\/de\",\"logo\":{\"@type\":\"ImageObject\",\"inLanguage\":\"de\",\"@id\":\"https:\/\/thetreecbd.com\/de#\/schema\/logo\/image\/\",\"url\":\"https:\/\/thetreecbd.com\/wp-content\/uploads\/2022\/04\/logo-thetree.png\",\"contentUrl\":\"https:\/\/thetreecbd.com\/wp-content\/uploads\/2022\/04\/logo-thetree.png\",\"width\":172,\"height\":55,\"caption\":\"The Tree CBD\"},\"image\":{\"@id\":\"https:\/\/thetreecbd.com\/de#\/schema\/logo\/image\/\"},\"sameAs\":[\"https:\/\/www.facebook.com\/thetreeCBD\/\",\"https:\/\/x.com\/TheTreeCBD_EU\",\"https:\/\/www.instagram.com\/thetree.cbd\/\",\"https:\/\/es.trustpilot.com\/review\/thetreecbd.com\"]}]}<\/script>\n<!-- \/ Yoast SEO plugin. -->","yoast_head_json":{"title":"Runtz CBD - 18% CBD. Legales CBD Cannabis | The Tree CBD","description":"Runtz CBD s\u00fc\u00dfe und fruchtige Aromen sowie eine entspannende Wirkung dank ihres hohen CBD-Gehalts von 18\u202f%. In Spanien legal.","robots":{"index":"index","follow":"follow","max-snippet":"max-snippet:-1","max-image-preview":"max-image-preview:large","max-video-preview":"max-video-preview:-1"},"canonical":"https:\/\/thetreecbd.com\/de\/cbd\/indoor-blueten-runtz","og_locale":"de_DE","og_type":"article","og_title":"Runtz CBD - 18% CBD. Legales CBD Cannabis | The Tree CBD","og_description":"Runtz CBD s\u00fc\u00dfe und fruchtige Aromen sowie eine entspannende Wirkung dank ihres hohen CBD-Gehalts von 18\u202f%. In Spanien legal.","og_url":"https:\/\/thetreecbd.com\/de\/cbd\/indoor-blueten-runtz","og_site_name":"The Tree CBD","article_publisher":"https:\/\/www.facebook.com\/thetreeCBD\/","article_modified_time":"2025-12-02T00:37:44+00:00","og_image":[{"width":600,"height":720,"url":"https:\/\/thetreecbd.com\/wp-content\/uploads\/2024\/07\/runtz-web-2.webp","type":"image\/webp"}],"twitter_card":"summary_large_image","twitter_site":"@TheTreeCBD_EU","twitter_misc":{"Gesch\u00e4tzte Lesezeit":"5\u00a0Minuten"},"schema":{"@context":"https:\/\/schema.org","@graph":[{"@type":["WebPage","ItemPage"],"@id":"https:\/\/thetreecbd.com\/de\/cbd\/indoor-blueten-runtz","url":"https:\/\/thetreecbd.com\/de\/cbd\/indoor-blueten-runtz","name":"Runtz CBD - 18% CBD. Legales CBD Cannabis | The Tree CBD","isPartOf":{"@id":"https:\/\/thetreecbd.com\/de#website"},"primaryImageOfPage":{"@id":"https:\/\/thetreecbd.com\/de\/cbd\/indoor-blueten-runtz#primaryimage"},"image":{"@id":"https:\/\/thetreecbd.com\/de\/cbd\/indoor-blueten-runtz#primaryimage"},"thumbnailUrl":"https:\/\/thetreecbd.com\/wp-content\/uploads\/2024\/07\/runtz-web-2.webp","datePublished":"2024-07-25T14:31:38+00:00","dateModified":"2025-12-02T00:37:44+00:00","description":"Runtz CBD s\u00fc\u00dfe und fruchtige Aromen sowie eine entspannende Wirkung dank ihres hohen CBD-Gehalts von 18\u202f%. In Spanien legal.","breadcrumb":{"@id":"https:\/\/thetreecbd.com\/de\/cbd\/indoor-blueten-runtz#breadcrumb"},"inLanguage":"de","potentialAction":[{"@type":"ReadAction","target":["https:\/\/thetreecbd.com\/de\/cbd\/indoor-blueten-runtz"]}]},{"@type":"ImageObject","inLanguage":"de","@id":"https:\/\/thetreecbd.com\/de\/cbd\/indoor-blueten-runtz#primaryimage","url":"https:\/\/thetreecbd.com\/wp-content\/uploads\/2024\/07\/runtz-web-2.webp","contentUrl":"https:\/\/thetreecbd.com\/wp-content\/uploads\/2024\/07\/runtz-web-2.webp","width":600,"height":720},{"@type":"BreadcrumbList","@id":"https:\/\/thetreecbd.com\/de\/cbd\/indoor-blueten-runtz#breadcrumb","itemListElement":[{"@type":"ListItem","position":1,"name":"The Tree","item":"https:\/\/thetreecbd.com\/de"},{"@type":"ListItem","position":2,"name":"CBD","item":"https:\/\/thetreecbd.com\/es\/cbd"},{"@type":"ListItem","position":3,"name":"CBD-Bl\u00fcten kaufen","item":"https:\/\/thetreecbd.com\/de\/bluten"},{"@type":"ListItem","position":4,"name":"Indoor-Bl\u00fcten","item":"https:\/\/thetreecbd.com\/de\/bluten\/indoor-bluten"},{"@type":"ListItem","position":5,"name":"Runtz CBD"}]},{"@type":"WebSite","@id":"https:\/\/thetreecbd.com\/de#website","url":"https:\/\/thetreecbd.com\/de","name":"The Tree CBD","description":"Comprar CBD en Espa\u00f1a Online","publisher":{"@id":"https:\/\/thetreecbd.com\/de#organization"},"potentialAction":[{"@type":"SearchAction","target":{"@type":"EntryPoint","urlTemplate":"https:\/\/thetreecbd.com\/de?s={search_term_string}"},"query-input":{"@type":"PropertyValueSpecification","valueRequired":true,"valueName":"search_term_string"}}],"inLanguage":"de"},{"@type":"Organization","@id":"https:\/\/thetreecbd.com\/de#organization","name":"The Tree CBD","url":"https:\/\/thetreecbd.com\/de","logo":{"@type":"ImageObject","inLanguage":"de","@id":"https:\/\/thetreecbd.com\/de#\/schema\/logo\/image\/","url":"https:\/\/thetreecbd.com\/wp-content\/uploads\/2022\/04\/logo-thetree.png","contentUrl":"https:\/\/thetreecbd.com\/wp-content\/uploads\/2022\/04\/logo-thetree.png","width":172,"height":55,"caption":"The Tree CBD"},"image":{"@id":"https:\/\/thetreecbd.com\/de#\/schema\/logo\/image\/"},"sameAs":["https:\/\/www.facebook.com\/thetreeCBD\/","https:\/\/x.com\/TheTreeCBD_EU","https:\/\/www.instagram.com\/thetree.cbd\/","https:\/\/es.trustpilot.com\/review\/thetreecbd.com"]}]}},"_links":{"self":[{"href":"https:\/\/thetreecbd.com\/de\/wp-json\/wp\/v2\/product\/164837","targetHints":{"allow":["GET"]}}],"collection":[{"href":"https:\/\/thetreecbd.com\/de\/wp-json\/wp\/v2\/product"}],"about":[{"href":"https:\/\/thetreecbd.com\/de\/wp-json\/wp\/v2\/types\/product"}],"version-history":[{"count":0,"href":"https:\/\/thetreecbd.com\/de\/wp-json\/wp\/v2\/product\/164837\/revisions"}],"wp:featuredmedia":[{"embeddable":true,"href":"https:\/\/thetreecbd.com\/de\/wp-json\/wp\/v2\/media\/164838"}],"wp:attachment":[{"href":"https:\/\/thetreecbd.com\/de\/wp-json\/wp\/v2\/media?parent=164837"}],"wp:term":[{"taxonomy":"product_brand","embeddable":true,"href":"https:\/\/thetreecbd.com\/de\/wp-json\/wp\/v2\/product_brand?post=164837"}],"curies":[{"name":"wp","href":"https:\/\/api.w.org\/{rel}","templated":true}]}}