{"id":164850,"date":"2018-09-26T11:43:30","date_gmt":"2018-09-26T09:43:30","guid":{"rendered":"https:\/\/thetreecbd.com\/cbd\/indoor-blueten-gelato"},"modified":"2026-03-19T12:30:02","modified_gmt":"2026-03-19T11:30:02","slug":"indoor-blueten-gelato","status":"publish","type":"product","link":"https:\/\/thetreecbd.com\/de\/cbd\/indoor-blueten-gelato","title":{"rendered":"Green Gelato CBD"},"content":{"rendered":"<p data-pm-slice=\"1 1 []\"><strong>The Tree CBD<\/strong> bringt dir die legalen Cannabisbl\u00fcten der Sorte <strong>Gelato<\/strong>, eine einzigartige Genetik, die einen hohen CBD-Gehalt in jeder Bl\u00fcte bietet. Diese CBD-Bl\u00fcten stammen aus einer Kreuzung von <strong>Sunset Sherbet x Thin Mint<\/strong>, die zu 100\u202f% nat\u00fcrlich im Innenraum angebaut werden \u2013 ohne jegliche Zusatzstoffe oder Pestizide.<\/p>\n<div><\/div>\n<h3>Aussehen und s\u00fc\u00df-cremiges Aroma<\/h3>\n<p><strong>Gelato CBD<\/strong> bietet ein s\u00fc\u00dfes, zitrisches und nat\u00fcrliches Aroma. Die Bl\u00fcte erinnert an ein Dessert oder ein Eis \u2013 wie der Name schon andeutet \u2013 in Bl\u00fctenform. Die Buds sind kompakt, mittelgro\u00df und zeichnen sich durch ihr starkes Terpenpotenzial aus. Die Farbe variiert in Gr\u00fcnt\u00f6nen mit orangenen Akzenten. Geschmacklich ist sie eine cremige Mischung aus Zitrusfr\u00fcchten, erinnert an Orange, kombiniert mit einer s\u00fc\u00dfen Keksnote. Ohne Zweifel ein charakteristisches Aroma und Geschmackserlebnis dank der einzigartigen Terpenmischung.<\/p>\n<p>Diese neuartige Sorte erfreut sich gro\u00dfer Beliebtheit unter CBD-Liebhabern.<\/p>\n<p>Dar\u00fcber hinaus sorgt ihr hoher <strong>CBD-Gehalt von 10\u201310,5\u202f%<\/strong> f\u00fcr eine angenehme, entspannende Wirkung.<\/p>\n<p>Da der <strong>THC-Gehalt unter 0,20\u202f%<\/strong> liegt, ist sie in ganz Europa <strong>vollkommen legal<\/strong> und weist <strong>keine psychoaktive Wirkung<\/strong> auf.<\/p>\n<div>\n<hr \/>\n<\/div>\n<h3>Eigenschaften von legalem Gelato CBD-Cannabis<\/h3>\n<ul data-spread=\"false\">\n<li><strong>Hanfbl\u00fcten<\/strong><\/li>\n<li><strong>Weniger als 0,20\u202f% THC<\/strong><\/li>\n<li><strong>10\u201310,5\u202f% CBD<\/strong><\/li>\n<li><strong>Genetik: Sunset Sherbet x Thin Mint<\/strong><\/li>\n<li><strong>Sativa 45\u202f% \/ Indica 55\u202f%<\/strong><\/li>\n<li><strong>Keine psychoaktiven Wirkungen<\/strong><\/li>\n<li><strong>Organisch angebaut<\/strong><\/li>\n<li><strong>GMO-frei<\/strong><\/li>\n<li><strong>Frei von Pestiziden<\/strong><\/li>\n<\/ul>\n<div><\/div>\n<h3>Aroma von Gelato CBD<\/h3>\n<p>Terpene sind in den \u00e4therischen \u00d6len vieler Pflanzen, Blumen und Fr\u00fcchte enthalten und verantwortlich f\u00fcr Geruch und Geschmack. Im Cannabis gibt es ein breites Terpenprofil.<\/p>\n<p><strong>Gelato CBD von The Tree<\/strong> ist eine der beliebtesten Sorten der letzten Zeit. Ihr s\u00fc\u00dfes, cremiges Aroma erinnert an ein Eiscreme-Erlebnis im Hochsommer \u2013 leicht fruchtig mit einem Hauch Minze \u2013 und macht diese Sorte zu einem besonders aromatischen Erlebnis.<\/p>\n<div><\/div>\n<h3>F\u00fcr wen ist sie geeignet?<\/h3>\n<p><strong>Indoor-Bl\u00fcten<\/strong> sind f\u00fcr diejenigen gedacht, die auf gleichbleibende Qualit\u00e4t Wert legen. Der Indoor-Anbau erm\u00f6glicht homogene Bl\u00fcten mit satter Farbe und hohem CBD-Gehalt.<\/p>\n<p>Der Anbau im Innenbereich ist eine technisch anspruchsvollere Methode, da das Umfeld vollst\u00e4ndig kontrolliert werden kann. Dies erm\u00f6glicht es, bevorzugte Resultate zu erzielen.<\/p>\n<p>F\u00fcr medizinische Zwecke ist der Indoor-Anbau besonders geeignet, da Klima und Licht kontrolliert werden und so ein standardisiertes Produkt entsteht. Schwankungen im CBD-Gehalt und anderen Cannabinoiden h\u00e4ngen stark vom Anbaumilieu ab.<\/p>\n<p>Mit kontrollierter Ern\u00e4hrung, Wurzelunterst\u00fctzung und Lichtphasen kann sichergestellt werden, dass das Endprodukt stets hochwertig und gleichm\u00e4\u00dfig ist.<\/p>\n<p><strong>Aus Konsumentensicht<\/strong> bietet der Indoor-Anbau viele Vorteile: garantierte Qualit\u00e4t, intensivere Harzproduktion und ein kr\u00e4ftigeres Gr\u00fcn der Bl\u00fcten.<\/p>\n<div><\/div>\n<h3>Sicherheitshinweis<\/h3>\n<p>Die <strong>CBD-Bl\u00fcten von The Tree<\/strong> sind ein <strong>dekoratives, sammelbares und aromatisches Produkt<\/strong>. Sie sollten nicht w\u00e4hrend der Schwangerschaft oder Stillzeit verwendet werden und <strong>au\u00dferhalb der Reichweite von Kindern<\/strong> aufbewahrt werden.<\/p>\n<p>Unsere CBD-Bl\u00fcten k\u00f6nnen eine geringe Menge THC enthalten \u2013 selbstverst\u00e4ndlich <strong>unterhalb des EU-Grenzwerts von 0,2\u202f% THC<\/strong>.<\/p>\n<p>Die bereitgestellten Inhalte dienen ausschlie\u00dflich zu Informations- und Schulungszwecken und ersetzen <strong>keinesfalls die \u00e4rztliche Beratung<\/strong>. Unsere Texte sind nicht zur eigenst\u00e4ndigen Diagnose oder Behandlung von Krankheiten bestimmt.<\/p>\n<p>Bitte z\u00f6gere nicht, uns bei weiteren Fragen zu kontaktieren.<\/p>\n<div><\/div>\n<h3>Lagerung<\/h3>\n<p>Die <strong>CBD-Bl\u00fcten von The Tree<\/strong> sollten <strong>k\u00fchl, trocken und lichtgesch\u00fctzt<\/strong> sowie <strong>fern von starken Ger\u00fcchen<\/strong> gelagert werden, um Kontamination oder Qualit\u00e4tsverlust zu vermeiden. Direkte Sonneneinstrahlung und Hitze sind zu vermeiden.<\/p>\n<p><strong>Hinweis<\/strong>: Die angegebene Haltbarkeit betr\u00e4gt <strong>einen Monat<\/strong>, sofern die Lagerung sachgem\u00e4\u00df erfolgt.<\/p>\n<p>&nbsp;<\/p>\n","protected":false},"excerpt":{"rendered":"<ul data-start=\"71\" data-end=\"335\">\n<li class=\"\" data-start=\"71\" data-end=\"89\">\n<p class=\"\" data-start=\"73\" data-end=\"89\">Hanfbl\u00fcten<\/p>\n<\/li>\n<li class=\"\" data-start=\"90\" data-end=\"120\">\n<p class=\"\" data-start=\"92\" data-end=\"120\">Weniger als 0,20 % <strong>THC<\/strong><\/p>\n<\/li>\n<li class=\"\" data-start=\"121\" data-end=\"148\">\n<p class=\"\" data-start=\"123\" data-end=\"148\">10 % bis 10,5 %<strong> CBD<\/strong><\/p>\n<\/li>\n<li class=\"\" data-start=\"149\" data-end=\"192\">\n<p class=\"\" data-start=\"151\" data-end=\"192\"><strong>Genetik<\/strong>: Sunset Sherbet x Thin Mint<\/p>\n<\/li>\n<li class=\"\" data-start=\"193\" data-end=\"225\">\n<p class=\"\" data-start=\"195\" data-end=\"225\">Sativa 45 %, Indica 55 %<\/p>\n<\/li>\n<li class=\"\" data-start=\"226\" data-end=\"263\">\n<p class=\"\" data-start=\"228\" data-end=\"263\">Keine psychoaktiven Wirkungen<\/p>\n<\/li>\n<li class=\"\" data-start=\"264\" data-end=\"290\">\n<p class=\"\" data-start=\"266\" data-end=\"290\">Organisch angebaut<\/p>\n<\/li>\n<li class=\"\" data-start=\"291\" data-end=\"307\">\n<p class=\"\" data-start=\"293\" data-end=\"307\">GVO-frei<\/p>\n<\/li>\n<li class=\"\" data-start=\"308\" data-end=\"335\">\n<p class=\"\" data-start=\"310\" data-end=\"335\">Frei von Pestiziden<\/p>\n<\/li>\n<\/ul>\n<p class=\"\" data-start=\"337\" data-end=\"386\">\n","protected":false},"featured_media":164870,"template":"","meta":{"_acf_changed":false},"product_brand":[],"class_list":{"0":"post-164850","1":"product","2":"type-product","3":"status-publish","4":"has-post-thumbnail","6":"product_cat-black-friday-cbd","7":"product_cat-bluten","8":"product_cat-indoor-bluten","10":"first","11":"instock","12":"taxable","13":"shipping-taxable","14":"purchasable","15":"product-type-variable"},"acf":[],"yoast_head":"<!-- This site is optimized with the Yoast SEO plugin v26.3 - https:\/\/yoast.com\/wordpress\/plugins\/seo\/ -->\n<title>Green Gelato CBD - 10% CBD. Legales Cannabis | The Tree CBD<\/title>\n<meta name=\"description\" content=\"Legale Gelato CBD Cannabisbl\u00fcten in Spanien: s\u00fc\u00dfer, zitrischer und nat\u00fcrlicher Geschmack sowie entspannende Wirkung dank hohem CBD-Gehalt (10 %)\" \/>\n<meta name=\"robots\" content=\"index, follow, max-snippet:-1, max-image-preview:large, max-video-preview:-1\" \/>\n<link rel=\"canonical\" href=\"https:\/\/thetreecbd.com\/de\/cbd\/indoor-blueten-gelato\" \/>\n<meta property=\"og:locale\" content=\"de_DE\" \/>\n<meta property=\"og:type\" content=\"article\" \/>\n<meta property=\"og:title\" content=\"Green Gelato CBD - 10% CBD. Legales Cannabis | The Tree CBD\" \/>\n<meta property=\"og:description\" content=\"Legale Gelato CBD Cannabisbl\u00fcten in Spanien: s\u00fc\u00dfer, zitrischer und nat\u00fcrlicher Geschmack sowie entspannende Wirkung dank hohem CBD-Gehalt (10 %)\" \/>\n<meta property=\"og:url\" content=\"https:\/\/thetreecbd.com\/de\/cbd\/indoor-blueten-gelato\" \/>\n<meta property=\"og:site_name\" content=\"The Tree CBD\" \/>\n<meta property=\"article:publisher\" content=\"https:\/\/www.facebook.com\/thetreeCBD\/\" \/>\n<meta property=\"article:modified_time\" content=\"2026-03-19T11:30:02+00:00\" \/>\n<meta property=\"og:image\" content=\"https:\/\/thetreecbd.com\/wp-content\/uploads\/2018\/09\/cogollos-interior-gelato-1.jpg\" \/>\n\t<meta property=\"og:image:width\" content=\"600\" \/>\n\t<meta property=\"og:image:height\" content=\"720\" \/>\n\t<meta property=\"og:image:type\" content=\"image\/jpeg\" \/>\n<meta name=\"twitter:card\" content=\"summary_large_image\" \/>\n<meta name=\"twitter:site\" content=\"@TheTreeCBD_EU\" \/>\n<meta name=\"twitter:label1\" content=\"Gesch\u00e4tzte Lesezeit\" \/>\n\t<meta name=\"twitter:data1\" content=\"3\u00a0Minuten\" \/>\n<script type=\"application\/ld+json\" class=\"yoast-schema-graph\">{\"@context\":\"https:\/\/schema.org\",\"@graph\":[{\"@type\":[\"WebPage\",\"ItemPage\"],\"@id\":\"https:\/\/thetreecbd.com\/de\/cbd\/indoor-blueten-gelato\",\"url\":\"https:\/\/thetreecbd.com\/de\/cbd\/indoor-blueten-gelato\",\"name\":\"Green Gelato CBD - 10% CBD. Legales Cannabis | The Tree CBD\",\"isPartOf\":{\"@id\":\"https:\/\/thetreecbd.com\/de#website\"},\"primaryImageOfPage\":{\"@id\":\"https:\/\/thetreecbd.com\/de\/cbd\/indoor-blueten-gelato#primaryimage\"},\"image\":{\"@id\":\"https:\/\/thetreecbd.com\/de\/cbd\/indoor-blueten-gelato#primaryimage\"},\"thumbnailUrl\":\"https:\/\/thetreecbd.com\/wp-content\/uploads\/2018\/09\/cogollos-interior-gelato-1.jpg\",\"datePublished\":\"2018-09-26T09:43:30+00:00\",\"dateModified\":\"2026-03-19T11:30:02+00:00\",\"description\":\"Legale Gelato CBD Cannabisbl\u00fcten in Spanien: s\u00fc\u00dfer, zitrischer und nat\u00fcrlicher Geschmack sowie entspannende Wirkung dank hohem CBD-Gehalt (10 %)\",\"breadcrumb\":{\"@id\":\"https:\/\/thetreecbd.com\/de\/cbd\/indoor-blueten-gelato#breadcrumb\"},\"inLanguage\":\"de\",\"potentialAction\":[{\"@type\":\"ReadAction\",\"target\":[\"https:\/\/thetreecbd.com\/de\/cbd\/indoor-blueten-gelato\"]}]},{\"@type\":\"ImageObject\",\"inLanguage\":\"de\",\"@id\":\"https:\/\/thetreecbd.com\/de\/cbd\/indoor-blueten-gelato#primaryimage\",\"url\":\"https:\/\/thetreecbd.com\/wp-content\/uploads\/2018\/09\/cogollos-interior-gelato-1.jpg\",\"contentUrl\":\"https:\/\/thetreecbd.com\/wp-content\/uploads\/2018\/09\/cogollos-interior-gelato-1.jpg\",\"width\":600,\"height\":720},{\"@type\":\"BreadcrumbList\",\"@id\":\"https:\/\/thetreecbd.com\/de\/cbd\/indoor-blueten-gelato#breadcrumb\",\"itemListElement\":[{\"@type\":\"ListItem\",\"position\":1,\"name\":\"The Tree\",\"item\":\"https:\/\/thetreecbd.com\/de\"},{\"@type\":\"ListItem\",\"position\":2,\"name\":\"CBD\",\"item\":\"https:\/\/thetreecbd.com\/es\/cbd\"},{\"@type\":\"ListItem\",\"position\":3,\"name\":\"CBD-Bl\u00fcten kaufen\",\"item\":\"https:\/\/thetreecbd.com\/de\/bluten\"},{\"@type\":\"ListItem\",\"position\":4,\"name\":\"Indoor-Bl\u00fcten\",\"item\":\"https:\/\/thetreecbd.com\/de\/bluten\/indoor-bluten\"},{\"@type\":\"ListItem\",\"position\":5,\"name\":\"Green Gelato CBD\"}]},{\"@type\":\"WebSite\",\"@id\":\"https:\/\/thetreecbd.com\/de#website\",\"url\":\"https:\/\/thetreecbd.com\/de\",\"name\":\"The Tree CBD\",\"description\":\"Comprar CBD en Espa\u00f1a Online\",\"publisher\":{\"@id\":\"https:\/\/thetreecbd.com\/de#organization\"},\"potentialAction\":[{\"@type\":\"SearchAction\",\"target\":{\"@type\":\"EntryPoint\",\"urlTemplate\":\"https:\/\/thetreecbd.com\/de?s={search_term_string}\"},\"query-input\":{\"@type\":\"PropertyValueSpecification\",\"valueRequired\":true,\"valueName\":\"search_term_string\"}}],\"inLanguage\":\"de\"},{\"@type\":\"Organization\",\"@id\":\"https:\/\/thetreecbd.com\/de#organization\",\"name\":\"The Tree CBD\",\"url\":\"https:\/\/thetreecbd.com\/de\",\"logo\":{\"@type\":\"ImageObject\",\"inLanguage\":\"de\",\"@id\":\"https:\/\/thetreecbd.com\/de#\/schema\/logo\/image\/\",\"url\":\"https:\/\/thetreecbd.com\/wp-content\/uploads\/2022\/04\/logo-thetree.png\",\"contentUrl\":\"https:\/\/thetreecbd.com\/wp-content\/uploads\/2022\/04\/logo-thetree.png\",\"width\":172,\"height\":55,\"caption\":\"The Tree CBD\"},\"image\":{\"@id\":\"https:\/\/thetreecbd.com\/de#\/schema\/logo\/image\/\"},\"sameAs\":[\"https:\/\/www.facebook.com\/thetreeCBD\/\",\"https:\/\/x.com\/TheTreeCBD_EU\",\"https:\/\/www.instagram.com\/thetree.cbd\/\",\"https:\/\/es.trustpilot.com\/review\/thetreecbd.com\"]}]}<\/script>\n<!-- \/ Yoast SEO plugin. -->","yoast_head_json":{"title":"Green Gelato CBD - 10% CBD. Legales Cannabis | The Tree CBD","description":"Legale Gelato CBD Cannabisbl\u00fcten in Spanien: s\u00fc\u00dfer, zitrischer und nat\u00fcrlicher Geschmack sowie entspannende Wirkung dank hohem CBD-Gehalt (10 %)","robots":{"index":"index","follow":"follow","max-snippet":"max-snippet:-1","max-image-preview":"max-image-preview:large","max-video-preview":"max-video-preview:-1"},"canonical":"https:\/\/thetreecbd.com\/de\/cbd\/indoor-blueten-gelato","og_locale":"de_DE","og_type":"article","og_title":"Green Gelato CBD - 10% CBD. Legales Cannabis | The Tree CBD","og_description":"Legale Gelato CBD Cannabisbl\u00fcten in Spanien: s\u00fc\u00dfer, zitrischer und nat\u00fcrlicher Geschmack sowie entspannende Wirkung dank hohem CBD-Gehalt (10 %)","og_url":"https:\/\/thetreecbd.com\/de\/cbd\/indoor-blueten-gelato","og_site_name":"The Tree CBD","article_publisher":"https:\/\/www.facebook.com\/thetreeCBD\/","article_modified_time":"2026-03-19T11:30:02+00:00","og_image":[{"width":600,"height":720,"url":"https:\/\/thetreecbd.com\/wp-content\/uploads\/2018\/09\/cogollos-interior-gelato-1.jpg","type":"image\/jpeg"}],"twitter_card":"summary_large_image","twitter_site":"@TheTreeCBD_EU","twitter_misc":{"Gesch\u00e4tzte Lesezeit":"3\u00a0Minuten"},"schema":{"@context":"https:\/\/schema.org","@graph":[{"@type":["WebPage","ItemPage"],"@id":"https:\/\/thetreecbd.com\/de\/cbd\/indoor-blueten-gelato","url":"https:\/\/thetreecbd.com\/de\/cbd\/indoor-blueten-gelato","name":"Green Gelato CBD - 10% CBD. Legales Cannabis | The Tree CBD","isPartOf":{"@id":"https:\/\/thetreecbd.com\/de#website"},"primaryImageOfPage":{"@id":"https:\/\/thetreecbd.com\/de\/cbd\/indoor-blueten-gelato#primaryimage"},"image":{"@id":"https:\/\/thetreecbd.com\/de\/cbd\/indoor-blueten-gelato#primaryimage"},"thumbnailUrl":"https:\/\/thetreecbd.com\/wp-content\/uploads\/2018\/09\/cogollos-interior-gelato-1.jpg","datePublished":"2018-09-26T09:43:30+00:00","dateModified":"2026-03-19T11:30:02+00:00","description":"Legale Gelato CBD Cannabisbl\u00fcten in Spanien: s\u00fc\u00dfer, zitrischer und nat\u00fcrlicher Geschmack sowie entspannende Wirkung dank hohem CBD-Gehalt (10 %)","breadcrumb":{"@id":"https:\/\/thetreecbd.com\/de\/cbd\/indoor-blueten-gelato#breadcrumb"},"inLanguage":"de","potentialAction":[{"@type":"ReadAction","target":["https:\/\/thetreecbd.com\/de\/cbd\/indoor-blueten-gelato"]}]},{"@type":"ImageObject","inLanguage":"de","@id":"https:\/\/thetreecbd.com\/de\/cbd\/indoor-blueten-gelato#primaryimage","url":"https:\/\/thetreecbd.com\/wp-content\/uploads\/2018\/09\/cogollos-interior-gelato-1.jpg","contentUrl":"https:\/\/thetreecbd.com\/wp-content\/uploads\/2018\/09\/cogollos-interior-gelato-1.jpg","width":600,"height":720},{"@type":"BreadcrumbList","@id":"https:\/\/thetreecbd.com\/de\/cbd\/indoor-blueten-gelato#breadcrumb","itemListElement":[{"@type":"ListItem","position":1,"name":"The Tree","item":"https:\/\/thetreecbd.com\/de"},{"@type":"ListItem","position":2,"name":"CBD","item":"https:\/\/thetreecbd.com\/es\/cbd"},{"@type":"ListItem","position":3,"name":"CBD-Bl\u00fcten kaufen","item":"https:\/\/thetreecbd.com\/de\/bluten"},{"@type":"ListItem","position":4,"name":"Indoor-Bl\u00fcten","item":"https:\/\/thetreecbd.com\/de\/bluten\/indoor-bluten"},{"@type":"ListItem","position":5,"name":"Green Gelato CBD"}]},{"@type":"WebSite","@id":"https:\/\/thetreecbd.com\/de#website","url":"https:\/\/thetreecbd.com\/de","name":"The Tree CBD","description":"Comprar CBD en Espa\u00f1a Online","publisher":{"@id":"https:\/\/thetreecbd.com\/de#organization"},"potentialAction":[{"@type":"SearchAction","target":{"@type":"EntryPoint","urlTemplate":"https:\/\/thetreecbd.com\/de?s={search_term_string}"},"query-input":{"@type":"PropertyValueSpecification","valueRequired":true,"valueName":"search_term_string"}}],"inLanguage":"de"},{"@type":"Organization","@id":"https:\/\/thetreecbd.com\/de#organization","name":"The Tree CBD","url":"https:\/\/thetreecbd.com\/de","logo":{"@type":"ImageObject","inLanguage":"de","@id":"https:\/\/thetreecbd.com\/de#\/schema\/logo\/image\/","url":"https:\/\/thetreecbd.com\/wp-content\/uploads\/2022\/04\/logo-thetree.png","contentUrl":"https:\/\/thetreecbd.com\/wp-content\/uploads\/2022\/04\/logo-thetree.png","width":172,"height":55,"caption":"The Tree CBD"},"image":{"@id":"https:\/\/thetreecbd.com\/de#\/schema\/logo\/image\/"},"sameAs":["https:\/\/www.facebook.com\/thetreeCBD\/","https:\/\/x.com\/TheTreeCBD_EU","https:\/\/www.instagram.com\/thetree.cbd\/","https:\/\/es.trustpilot.com\/review\/thetreecbd.com"]}]}},"_links":{"self":[{"href":"https:\/\/thetreecbd.com\/de\/wp-json\/wp\/v2\/product\/164850","targetHints":{"allow":["GET"]}}],"collection":[{"href":"https:\/\/thetreecbd.com\/de\/wp-json\/wp\/v2\/product"}],"about":[{"href":"https:\/\/thetreecbd.com\/de\/wp-json\/wp\/v2\/types\/product"}],"version-history":[{"count":0,"href":"https:\/\/thetreecbd.com\/de\/wp-json\/wp\/v2\/product\/164850\/revisions"}],"wp:featuredmedia":[{"embeddable":true,"href":"https:\/\/thetreecbd.com\/de\/wp-json\/wp\/v2\/media\/164870"}],"wp:attachment":[{"href":"https:\/\/thetreecbd.com\/de\/wp-json\/wp\/v2\/media?parent=164850"}],"wp:term":[{"taxonomy":"product_brand","embeddable":true,"href":"https:\/\/thetreecbd.com\/de\/wp-json\/wp\/v2\/product_brand?post=164850"}],"curies":[{"name":"wp","href":"https:\/\/api.w.org\/{rel}","templated":true}]}}