{"id":164880,"date":"2019-07-24T18:56:54","date_gmt":"2019-07-24T16:56:54","guid":{"rendered":"https:\/\/thetreecbd.com\/cbd\/indoor-buds-pistacho"},"modified":"2026-03-26T14:21:08","modified_gmt":"2026-03-26T13:21:08","slug":"indoor-buds-pistacho","status":"publish","type":"product","link":"https:\/\/thetreecbd.com\/de\/cbd\/indoor-buds-pistacho","title":{"rendered":"Pistacho CBD"},"content":{"rendered":"<p class=\"\" data-start=\"94\" data-end=\"242\"><strong data-start=\"94\" data-end=\"110\">The Tree CBD<\/strong> bringt dir die legalen Cannabisbl\u00fcten der Sorte <strong data-start=\"159\" data-end=\"171\">Pistacho<\/strong>, aktuell eine der Genetiken mit dem h\u00f6chsten CBD-Gehalt auf dem Markt.<\/p>\n<p class=\"\" data-start=\"244\" data-end=\"445\">Diese Bl\u00fcten stammen aus einer Kreuzung von <strong data-start=\"288\" data-end=\"341\">Original Zkittles x Carma\u00f1ola x Futura x Arlequin<\/strong>, die zu 100\u202f% nat\u00fcrlich im Innenanbau kultiviert wird \u2013 ohne Zusatzstoffe oder Pestizide jeglicher Art.<\/p>\n<h3 class=\"\" data-start=\"452\" data-end=\"485\">Exotisches Aussehen und Aroma<\/h3>\n<p class=\"\" data-start=\"487\" data-end=\"874\"><strong data-start=\"487\" data-end=\"503\">Pistacho CBD<\/strong> ist eine Sorte mit einem exotischen, trockenen und s\u00fc\u00df-sauren Geschmack. Die Bl\u00fcten sind kompakt und \u00fcppig. Die Buds haben eine dunkelgr\u00fcne Farbe mit einigen braunen und lila Nuancen, die an Pistazien erinnern \u2013 innen gr\u00fcn und lila, au\u00dfen braun. Wenn du N\u00fcsse magst, ist diese Sorte perfekt, denn ihr Aroma ist trocken und s\u00fc\u00df-sauer, \u00e4hnlich dem Geschmack von Pistazien.<\/p>\n<p class=\"\" data-start=\"876\" data-end=\"1036\">Diese Bl\u00fcte enth\u00e4lt einen der h\u00f6chsten CBD-Werte, weshalb du bei Pistacho die entspannende Wirkung ihrer hohen CBD-Konzentration von 20\u202f% bis 23\u202f% sp\u00fcren wirst.<\/p>\n<p class=\"\" data-start=\"1038\" data-end=\"1155\">Da der THC-Gehalt unter 0,19\u202f% liegt, ist sie in ganz Europa vollkommen legal und hat keinerlei psychoaktive Wirkung.<\/p>\n<h3 class=\"\" data-start=\"1162\" data-end=\"1213\">Eigenschaften von legalem Pistacho CBD-Cannabis<\/h3>\n<ul data-start=\"1215\" data-end=\"1465\">\n<li class=\"\" data-start=\"1215\" data-end=\"1233\">\n<p class=\"\" data-start=\"1217\" data-end=\"1233\">Hanfbl\u00fcten<\/p>\n<\/li>\n<li class=\"\" data-start=\"1234\" data-end=\"1264\">\n<p class=\"\" data-start=\"1236\" data-end=\"1264\">Weniger als 0,19\u202f% THC<\/p>\n<\/li>\n<li class=\"\" data-start=\"1265\" data-end=\"1290\">\n<p class=\"\" data-start=\"1267\" data-end=\"1290\">20\u202f% bis 23\u202f% CBD<\/p>\n<\/li>\n<li class=\"\" data-start=\"1291\" data-end=\"1357\">\n<p class=\"\" data-start=\"1293\" data-end=\"1357\">Genetik: Original Zkittles x Carma\u00f1ola x Futura x Arlequin<\/p>\n<\/li>\n<li class=\"\" data-start=\"1358\" data-end=\"1395\">\n<p class=\"\" data-start=\"1360\" data-end=\"1395\">Keine psychoaktiven Wirkungen<\/p>\n<\/li>\n<li class=\"\" data-start=\"1396\" data-end=\"1422\">\n<p class=\"\" data-start=\"1398\" data-end=\"1422\">Organisch angebaut<\/p>\n<\/li>\n<li class=\"\" data-start=\"1423\" data-end=\"1439\">\n<p class=\"\" data-start=\"1425\" data-end=\"1439\">GMO-frei<\/p>\n<\/li>\n<li class=\"\" data-start=\"1440\" data-end=\"1465\">\n<p class=\"\" data-start=\"1442\" data-end=\"1465\">Frei von Pestiziden<\/p>\n<\/li>\n<\/ul>\n<h3 class=\"\" data-start=\"1472\" data-end=\"1498\">Aroma von Pistacho CBD<\/h3>\n<p class=\"\" data-start=\"1500\" data-end=\"1682\">Terpene kommen in den \u00e4therischen \u00d6len vieler Pflanzen, Blumen und Fr\u00fcchte vor und sind verantwortlich f\u00fcr Geruch und Geschmack. Im Cannabis gibt es ein breites Spektrum an Terpenen.<\/p>\n<p class=\"\" data-start=\"1684\" data-end=\"1873\"><strong data-start=\"1684\" data-end=\"1713\">Pistacho CBD von The Tree<\/strong> erinnert mit seinem Aroma an N\u00fcsse und Obstb\u00e4ume. Es ist s\u00fc\u00df, hat aber auch erdige und nat\u00fcrliche Noten, fast wie ein Pistazieneis mit leicht gasartigen T\u00f6nen.<\/p>\n<h3 class=\"\" data-start=\"1880\" data-end=\"1909\">F\u00fcr wen ist sie geeignet?<\/h3>\n<p class=\"\" data-start=\"1911\" data-end=\"2083\"><strong data-start=\"1911\" data-end=\"1928\">Indoor-Bl\u00fcten<\/strong> sind ideal f\u00fcr diejenigen, die Wert auf gleichbleibende Qualit\u00e4t legen, da der Innenanbau homogene Bl\u00fcten mit sattem Gr\u00fcn und hohem CBD-Gehalt erm\u00f6glicht.<\/p>\n<p class=\"\" data-start=\"2085\" data-end=\"2252\">Der Indoor-Anbau ist eine technisch anspruchsvollere Methode, bei der das Wachstumsklima der Pflanze genau kontrolliert wird, um die gew\u00fcnschten Resultate zu erzielen.<\/p>\n<p class=\"\" data-start=\"2254\" data-end=\"2501\">F\u00fcr medizinische Zwecke ist der Innenanbau besonders geeignet, da Klima und Licht gesteuert werden k\u00f6nnen, was eine m\u00f6glichst standardisierte Produktqualit\u00e4t sicherstellt. Die Variation im CBD- und Cannabinoidgehalt h\u00e4ngt stark vom Anbaumilieu ab.<\/p>\n<p class=\"\" data-start=\"2503\" data-end=\"2677\">Mit kontrollierter Ern\u00e4hrung, Wurzelunterst\u00fctzung und Lichtphasen gew\u00e4hrleisten wir ein homogenes Produkt und somit eine konstante Qualit\u00e4t bei CBD-Bl\u00fcten aus dem Innenanbau.<\/p>\n<p class=\"\" data-start=\"2679\" data-end=\"2830\">Aus Verbrauchersicht bietet Indoor-Anbau viele Vorteile: garantierte Qualit\u00e4t, eine h\u00f6here Harzproduktion und eine leuchtendere gr\u00fcne Farbe der Bl\u00fcten.<\/p>\n<h3 class=\"\" data-start=\"2837\" data-end=\"2859\">Sicherheitshinweis<\/h3>\n<p class=\"\" data-start=\"2861\" data-end=\"3094\">Die <strong data-start=\"2865\" data-end=\"2892\">CBD-Bl\u00fcten von The Tree<\/strong> sind ein <strong data-start=\"2902\" data-end=\"2955\">dekoratives, sammelbares und aromatisches Produkt<\/strong>. Sie sollten nicht w\u00e4hrend Schwangerschaft oder Stillzeit verwendet werden und <strong data-start=\"3035\" data-end=\"3075\">au\u00dferhalb der Reichweite von Kindern<\/strong> aufbewahrt werden.<\/p>\n<p class=\"\" data-start=\"3096\" data-end=\"3217\">Unsere CBD-Bl\u00fcten k\u00f6nnen geringe Mengen THC enthalten \u2013 selbstverst\u00e4ndlich <strong data-start=\"3171\" data-end=\"3216\">unterhalb des EU-Grenzwerts von 0,2\u202f% THC<\/strong>.<\/p>\n<p class=\"\" data-start=\"3219\" data-end=\"3460\">Die bereitgestellten Informationen dienen ausschlie\u00dflich zu Informations- und Schulungszwecken und ersetzen <strong data-start=\"3327\" data-end=\"3365\">keinesfalls die \u00e4rztliche Beratung<\/strong>. Unsere Texte sind nicht zur eigenst\u00e4ndigen Diagnose oder Behandlung von Krankheiten bestimmt.<\/p>\n<p class=\"\" data-start=\"3462\" data-end=\"3522\">Bitte z\u00f6gere nicht, uns bei weiteren Fragen zu kontaktieren.<\/p>\n<h3 class=\"\" data-start=\"3529\" data-end=\"3541\">Lagerung<\/h3>\n<p class=\"\" data-start=\"3543\" data-end=\"3781\">Die <strong data-start=\"3547\" data-end=\"3574\">CBD-Bl\u00fcten von The Tree<\/strong> sollten <strong data-start=\"3583\" data-end=\"3619\">k\u00fchl, trocken und lichtgesch\u00fctzt<\/strong> sowie <strong data-start=\"3626\" data-end=\"3655\">fern von starken Ger\u00fcchen<\/strong> gelagert werden, um Kontamination oder Qualit\u00e4tsverlust zu vermeiden. Direkte Sonneneinstrahlung und Hitze sind zu vermeiden.<\/p>\n<p class=\"\" data-start=\"3783\" data-end=\"3886\"><strong data-start=\"3783\" data-end=\"3794\">Hinweis<\/strong>: Die angegebene Haltbarkeit betr\u00e4gt <strong data-start=\"3831\" data-end=\"3846\">einen Monat<\/strong>, sofern die Lagerung sachgem\u00e4\u00df erfolgt.<\/p>\n","protected":false},"excerpt":{"rendered":"<ul>\n<li class=\"\" data-start=\"98\" data-end=\"116\">\n<p class=\"\" data-start=\"100\" data-end=\"116\">Hanfbl\u00fcten<\/p>\n<\/li>\n<li class=\"\" data-start=\"117\" data-end=\"147\">\n<p class=\"\" data-start=\"119\" data-end=\"147\">Weniger als 0,19\u202f% <strong>THC<\/strong><\/p>\n<\/li>\n<li class=\"\" data-start=\"148\" data-end=\"173\">\n<p class=\"\" data-start=\"150\" data-end=\"173\">20\u202f% bis 23\u202f% <strong>CBD<\/strong><\/p>\n<\/li>\n<li class=\"\" data-start=\"174\" data-end=\"240\">\n<p class=\"\" data-start=\"176\" data-end=\"240\"><strong>Genetik<\/strong>: Original Zkittles x Carma\u00f1ola x Futura x Arlequin<\/p>\n<\/li>\n<li class=\"\" data-start=\"241\" data-end=\"278\">\n<p class=\"\" data-start=\"243\" data-end=\"278\">Keine psychoaktiven Wirkungen<\/p>\n<\/li>\n<li class=\"\" data-start=\"279\" data-end=\"305\">\n<p class=\"\" data-start=\"281\" data-end=\"305\">Organisch angebaut<\/p>\n<\/li>\n<li class=\"\" data-start=\"306\" data-end=\"322\">\n<p class=\"\" data-start=\"308\" data-end=\"322\">GMO-frei<\/p>\n<\/li>\n<li class=\"\" data-start=\"323\" data-end=\"348\">\n<p class=\"\" data-start=\"325\" data-end=\"348\">Frei von Pestiziden<\/p>\n<\/li>\n<\/ul>\n","protected":false},"featured_media":164904,"template":"","meta":{"_acf_changed":false},"product_brand":[],"class_list":{"0":"post-164880","1":"product","2":"type-product","3":"status-publish","4":"has-post-thumbnail","6":"product_cat-black-friday-cbd","7":"product_cat-bluten","8":"product_cat-indoor-bluten","9":"product_cat-produkte-mit-20-cbd","11":"first","12":"instock","13":"taxable","14":"shipping-taxable","15":"purchasable","16":"product-type-variable","17":"has-default-attributes"},"acf":[],"yoast_head":"<!-- This site is optimized with the Yoast SEO plugin v26.3 - https:\/\/yoast.com\/wordpress\/plugins\/seo\/ -->\n<title>Pistacho CBD - 23% CBD. Cannabis Legal | The Tree CBD<\/title>\n<meta name=\"description\" content=\"Pistacho CBD mit trockenem und exotischem Aroma. Indoor angebaut, entspannende Wirkung dank eines CBD-Gehalts zwischen 20\u202f% und 23\u202f%. Weniger als 0,19\u202f% THC. Legal in Spanien.\" \/>\n<meta name=\"robots\" content=\"index, follow, max-snippet:-1, max-image-preview:large, max-video-preview:-1\" \/>\n<link rel=\"canonical\" href=\"https:\/\/thetreecbd.com\/de\/cbd\/indoor-buds-pistacho\" \/>\n<meta property=\"og:locale\" content=\"de_DE\" \/>\n<meta property=\"og:type\" content=\"article\" \/>\n<meta property=\"og:title\" content=\"Pistacho CBD - 23% CBD. Cannabis Legal | The Tree CBD\" \/>\n<meta property=\"og:description\" content=\"Pistacho CBD mit trockenem und exotischem Aroma. Indoor angebaut, entspannende Wirkung dank eines CBD-Gehalts zwischen 20\u202f% und 23\u202f%. Weniger als 0,19\u202f% THC. Legal in Spanien.\" \/>\n<meta property=\"og:url\" content=\"https:\/\/thetreecbd.com\/de\/cbd\/indoor-buds-pistacho\" \/>\n<meta property=\"og:site_name\" content=\"The Tree CBD\" \/>\n<meta property=\"article:publisher\" content=\"https:\/\/www.facebook.com\/thetreeCBD\/\" \/>\n<meta property=\"article:modified_time\" content=\"2026-03-26T13:21:08+00:00\" \/>\n<meta property=\"og:image\" content=\"https:\/\/thetreecbd.com\/wp-content\/uploads\/2019\/07\/cogollos-interior-pistacho-1.jpg\" \/>\n\t<meta property=\"og:image:width\" content=\"600\" \/>\n\t<meta property=\"og:image:height\" content=\"720\" \/>\n\t<meta property=\"og:image:type\" content=\"image\/jpeg\" \/>\n<meta name=\"twitter:card\" content=\"summary_large_image\" \/>\n<meta name=\"twitter:site\" content=\"@TheTreeCBD_EU\" \/>\n<meta name=\"twitter:label1\" content=\"Gesch\u00e4tzte Lesezeit\" \/>\n\t<meta name=\"twitter:data1\" content=\"3\u00a0Minuten\" \/>\n<script type=\"application\/ld+json\" class=\"yoast-schema-graph\">{\"@context\":\"https:\/\/schema.org\",\"@graph\":[{\"@type\":[\"WebPage\",\"ItemPage\"],\"@id\":\"https:\/\/thetreecbd.com\/de\/cbd\/indoor-buds-pistacho\",\"url\":\"https:\/\/thetreecbd.com\/de\/cbd\/indoor-buds-pistacho\",\"name\":\"Pistacho CBD - 23% CBD. Cannabis Legal | The Tree CBD\",\"isPartOf\":{\"@id\":\"https:\/\/thetreecbd.com\/de#website\"},\"primaryImageOfPage\":{\"@id\":\"https:\/\/thetreecbd.com\/de\/cbd\/indoor-buds-pistacho#primaryimage\"},\"image\":{\"@id\":\"https:\/\/thetreecbd.com\/de\/cbd\/indoor-buds-pistacho#primaryimage\"},\"thumbnailUrl\":\"https:\/\/thetreecbd.com\/wp-content\/uploads\/2019\/07\/cogollos-interior-pistacho-1.jpg\",\"datePublished\":\"2019-07-24T16:56:54+00:00\",\"dateModified\":\"2026-03-26T13:21:08+00:00\",\"description\":\"Pistacho CBD mit trockenem und exotischem Aroma. Indoor angebaut, entspannende Wirkung dank eines CBD-Gehalts zwischen 20\u202f% und 23\u202f%. Weniger als 0,19\u202f% THC. Legal in Spanien.\",\"breadcrumb\":{\"@id\":\"https:\/\/thetreecbd.com\/de\/cbd\/indoor-buds-pistacho#breadcrumb\"},\"inLanguage\":\"de\",\"potentialAction\":[{\"@type\":\"ReadAction\",\"target\":[\"https:\/\/thetreecbd.com\/de\/cbd\/indoor-buds-pistacho\"]}]},{\"@type\":\"ImageObject\",\"inLanguage\":\"de\",\"@id\":\"https:\/\/thetreecbd.com\/de\/cbd\/indoor-buds-pistacho#primaryimage\",\"url\":\"https:\/\/thetreecbd.com\/wp-content\/uploads\/2019\/07\/cogollos-interior-pistacho-1.jpg\",\"contentUrl\":\"https:\/\/thetreecbd.com\/wp-content\/uploads\/2019\/07\/cogollos-interior-pistacho-1.jpg\",\"width\":600,\"height\":720},{\"@type\":\"BreadcrumbList\",\"@id\":\"https:\/\/thetreecbd.com\/de\/cbd\/indoor-buds-pistacho#breadcrumb\",\"itemListElement\":[{\"@type\":\"ListItem\",\"position\":1,\"name\":\"The Tree\",\"item\":\"https:\/\/thetreecbd.com\/de\"},{\"@type\":\"ListItem\",\"position\":2,\"name\":\"CBD\",\"item\":\"https:\/\/thetreecbd.com\/es\/cbd\"},{\"@type\":\"ListItem\",\"position\":3,\"name\":\"CBD-Bl\u00fcten kaufen\",\"item\":\"https:\/\/thetreecbd.com\/de\/bluten\"},{\"@type\":\"ListItem\",\"position\":4,\"name\":\"Indoor-Bl\u00fcten\",\"item\":\"https:\/\/thetreecbd.com\/de\/bluten\/indoor-bluten\"},{\"@type\":\"ListItem\",\"position\":5,\"name\":\"Pistacho CBD\"}]},{\"@type\":\"WebSite\",\"@id\":\"https:\/\/thetreecbd.com\/de#website\",\"url\":\"https:\/\/thetreecbd.com\/de\",\"name\":\"The Tree CBD\",\"description\":\"Comprar CBD en Espa\u00f1a Online\",\"publisher\":{\"@id\":\"https:\/\/thetreecbd.com\/de#organization\"},\"potentialAction\":[{\"@type\":\"SearchAction\",\"target\":{\"@type\":\"EntryPoint\",\"urlTemplate\":\"https:\/\/thetreecbd.com\/de?s={search_term_string}\"},\"query-input\":{\"@type\":\"PropertyValueSpecification\",\"valueRequired\":true,\"valueName\":\"search_term_string\"}}],\"inLanguage\":\"de\"},{\"@type\":\"Organization\",\"@id\":\"https:\/\/thetreecbd.com\/de#organization\",\"name\":\"The Tree CBD\",\"url\":\"https:\/\/thetreecbd.com\/de\",\"logo\":{\"@type\":\"ImageObject\",\"inLanguage\":\"de\",\"@id\":\"https:\/\/thetreecbd.com\/de#\/schema\/logo\/image\/\",\"url\":\"https:\/\/thetreecbd.com\/wp-content\/uploads\/2022\/04\/logo-thetree.png\",\"contentUrl\":\"https:\/\/thetreecbd.com\/wp-content\/uploads\/2022\/04\/logo-thetree.png\",\"width\":172,\"height\":55,\"caption\":\"The Tree CBD\"},\"image\":{\"@id\":\"https:\/\/thetreecbd.com\/de#\/schema\/logo\/image\/\"},\"sameAs\":[\"https:\/\/www.facebook.com\/thetreeCBD\/\",\"https:\/\/x.com\/TheTreeCBD_EU\",\"https:\/\/www.instagram.com\/thetree.cbd\/\",\"https:\/\/es.trustpilot.com\/review\/thetreecbd.com\"]}]}<\/script>\n<!-- \/ Yoast SEO plugin. -->","yoast_head_json":{"title":"Pistacho CBD - 23% CBD. Cannabis Legal | The Tree CBD","description":"Pistacho CBD mit trockenem und exotischem Aroma. Indoor angebaut, entspannende Wirkung dank eines CBD-Gehalts zwischen 20\u202f% und 23\u202f%. Weniger als 0,19\u202f% THC. Legal in Spanien.","robots":{"index":"index","follow":"follow","max-snippet":"max-snippet:-1","max-image-preview":"max-image-preview:large","max-video-preview":"max-video-preview:-1"},"canonical":"https:\/\/thetreecbd.com\/de\/cbd\/indoor-buds-pistacho","og_locale":"de_DE","og_type":"article","og_title":"Pistacho CBD - 23% CBD. Cannabis Legal | The Tree CBD","og_description":"Pistacho CBD mit trockenem und exotischem Aroma. Indoor angebaut, entspannende Wirkung dank eines CBD-Gehalts zwischen 20\u202f% und 23\u202f%. Weniger als 0,19\u202f% THC. Legal in Spanien.","og_url":"https:\/\/thetreecbd.com\/de\/cbd\/indoor-buds-pistacho","og_site_name":"The Tree CBD","article_publisher":"https:\/\/www.facebook.com\/thetreeCBD\/","article_modified_time":"2026-03-26T13:21:08+00:00","og_image":[{"width":600,"height":720,"url":"https:\/\/thetreecbd.com\/wp-content\/uploads\/2019\/07\/cogollos-interior-pistacho-1.jpg","type":"image\/jpeg"}],"twitter_card":"summary_large_image","twitter_site":"@TheTreeCBD_EU","twitter_misc":{"Gesch\u00e4tzte Lesezeit":"3\u00a0Minuten"},"schema":{"@context":"https:\/\/schema.org","@graph":[{"@type":["WebPage","ItemPage"],"@id":"https:\/\/thetreecbd.com\/de\/cbd\/indoor-buds-pistacho","url":"https:\/\/thetreecbd.com\/de\/cbd\/indoor-buds-pistacho","name":"Pistacho CBD - 23% CBD. Cannabis Legal | The Tree CBD","isPartOf":{"@id":"https:\/\/thetreecbd.com\/de#website"},"primaryImageOfPage":{"@id":"https:\/\/thetreecbd.com\/de\/cbd\/indoor-buds-pistacho#primaryimage"},"image":{"@id":"https:\/\/thetreecbd.com\/de\/cbd\/indoor-buds-pistacho#primaryimage"},"thumbnailUrl":"https:\/\/thetreecbd.com\/wp-content\/uploads\/2019\/07\/cogollos-interior-pistacho-1.jpg","datePublished":"2019-07-24T16:56:54+00:00","dateModified":"2026-03-26T13:21:08+00:00","description":"Pistacho CBD mit trockenem und exotischem Aroma. Indoor angebaut, entspannende Wirkung dank eines CBD-Gehalts zwischen 20\u202f% und 23\u202f%. Weniger als 0,19\u202f% THC. Legal in Spanien.","breadcrumb":{"@id":"https:\/\/thetreecbd.com\/de\/cbd\/indoor-buds-pistacho#breadcrumb"},"inLanguage":"de","potentialAction":[{"@type":"ReadAction","target":["https:\/\/thetreecbd.com\/de\/cbd\/indoor-buds-pistacho"]}]},{"@type":"ImageObject","inLanguage":"de","@id":"https:\/\/thetreecbd.com\/de\/cbd\/indoor-buds-pistacho#primaryimage","url":"https:\/\/thetreecbd.com\/wp-content\/uploads\/2019\/07\/cogollos-interior-pistacho-1.jpg","contentUrl":"https:\/\/thetreecbd.com\/wp-content\/uploads\/2019\/07\/cogollos-interior-pistacho-1.jpg","width":600,"height":720},{"@type":"BreadcrumbList","@id":"https:\/\/thetreecbd.com\/de\/cbd\/indoor-buds-pistacho#breadcrumb","itemListElement":[{"@type":"ListItem","position":1,"name":"The Tree","item":"https:\/\/thetreecbd.com\/de"},{"@type":"ListItem","position":2,"name":"CBD","item":"https:\/\/thetreecbd.com\/es\/cbd"},{"@type":"ListItem","position":3,"name":"CBD-Bl\u00fcten kaufen","item":"https:\/\/thetreecbd.com\/de\/bluten"},{"@type":"ListItem","position":4,"name":"Indoor-Bl\u00fcten","item":"https:\/\/thetreecbd.com\/de\/bluten\/indoor-bluten"},{"@type":"ListItem","position":5,"name":"Pistacho CBD"}]},{"@type":"WebSite","@id":"https:\/\/thetreecbd.com\/de#website","url":"https:\/\/thetreecbd.com\/de","name":"The Tree CBD","description":"Comprar CBD en Espa\u00f1a Online","publisher":{"@id":"https:\/\/thetreecbd.com\/de#organization"},"potentialAction":[{"@type":"SearchAction","target":{"@type":"EntryPoint","urlTemplate":"https:\/\/thetreecbd.com\/de?s={search_term_string}"},"query-input":{"@type":"PropertyValueSpecification","valueRequired":true,"valueName":"search_term_string"}}],"inLanguage":"de"},{"@type":"Organization","@id":"https:\/\/thetreecbd.com\/de#organization","name":"The Tree CBD","url":"https:\/\/thetreecbd.com\/de","logo":{"@type":"ImageObject","inLanguage":"de","@id":"https:\/\/thetreecbd.com\/de#\/schema\/logo\/image\/","url":"https:\/\/thetreecbd.com\/wp-content\/uploads\/2022\/04\/logo-thetree.png","contentUrl":"https:\/\/thetreecbd.com\/wp-content\/uploads\/2022\/04\/logo-thetree.png","width":172,"height":55,"caption":"The Tree CBD"},"image":{"@id":"https:\/\/thetreecbd.com\/de#\/schema\/logo\/image\/"},"sameAs":["https:\/\/www.facebook.com\/thetreeCBD\/","https:\/\/x.com\/TheTreeCBD_EU","https:\/\/www.instagram.com\/thetree.cbd\/","https:\/\/es.trustpilot.com\/review\/thetreecbd.com"]}]}},"_links":{"self":[{"href":"https:\/\/thetreecbd.com\/de\/wp-json\/wp\/v2\/product\/164880","targetHints":{"allow":["GET"]}}],"collection":[{"href":"https:\/\/thetreecbd.com\/de\/wp-json\/wp\/v2\/product"}],"about":[{"href":"https:\/\/thetreecbd.com\/de\/wp-json\/wp\/v2\/types\/product"}],"version-history":[{"count":0,"href":"https:\/\/thetreecbd.com\/de\/wp-json\/wp\/v2\/product\/164880\/revisions"}],"wp:featuredmedia":[{"embeddable":true,"href":"https:\/\/thetreecbd.com\/de\/wp-json\/wp\/v2\/media\/164904"}],"wp:attachment":[{"href":"https:\/\/thetreecbd.com\/de\/wp-json\/wp\/v2\/media?parent=164880"}],"wp:term":[{"taxonomy":"product_brand","embeddable":true,"href":"https:\/\/thetreecbd.com\/de\/wp-json\/wp\/v2\/product_brand?post=164880"}],"curies":[{"name":"wp","href":"https:\/\/api.w.org\/{rel}","templated":true}]}}