{"id":164913,"date":"2023-05-02T13:42:57","date_gmt":"2023-05-02T11:42:57","guid":{"rendered":"https:\/\/thetreecbd.com\/cbd\/super-boof-outdoor-blueten"},"modified":"2025-06-16T00:00:05","modified_gmt":"2025-06-15T22:00:05","slug":"super-boof-outdoor-blueten","status":"publish","type":"product","link":"https:\/\/thetreecbd.com\/de\/cbd\/super-boof-outdoor-blueten","title":{"rendered":"Super Boof CBD"},"content":{"rendered":"<p class=\"\" data-start=\"136\" data-end=\"377\"><strong data-start=\"136\" data-end=\"152\">The Tree CBD<\/strong> bringt dir die legalen Cannabisbl\u00fcten der Sorte <strong data-start=\"201\" data-end=\"219\">Super Boof CBD<\/strong>, eine exklusive Genetik in Europa. Diese CBD-Bl\u00fcten stammen von einer spritzigen Hybridpflanze, die aus einer Auswahl zertifizierter Genetiken gewonnen wird.<\/p>\n<p class=\"\" data-start=\"379\" data-end=\"535\">Die gut ausgebildeten und kompakten Bl\u00fcten haben die konischen Formen einer \u00fcberwiegend indica-dominanten Hybride. Diese dicken Buds zeigen dunkle Gr\u00fcnt\u00f6ne.<\/p>\n<p class=\"\" data-start=\"537\" data-end=\"726\">Diese Sorte ist bekannt f\u00fcr ihr exklusives Aroma, das niemanden unber\u00fchrt l\u00e4sst. Die Bl\u00fcten dieser Genetik weisen ein intensives Aroma mit fruchtigen Nuancen auf, insbesondere Zitrusaromen.<\/p>\n<p class=\"\" data-start=\"728\" data-end=\"919\">Das dominierende Terpen ist Myrcen, das erdige und kirschige Noten verleiht. Ihr intensiver Geruch erg\u00e4nzt dein Erlebnis mit dieser CBD-Bl\u00fcte, die einen CBD-Gehalt von etwa <strong data-start=\"901\" data-end=\"909\">11 %<\/strong> aufweist.<\/p>\n<p class=\"\" data-start=\"921\" data-end=\"1260\">Optisch entsprechen die Bl\u00fcten den typischen Indica-Merkmalen: kompakt, gut geformt und rundlich. Die Farbpalette reicht von leuchtenden Gr\u00fcnt\u00f6nen, \u00fcberzogen von einer feinen, aber sichtbaren Trichom-Schicht, die f\u00fcr die erwartete klebrige Haptik sorgt. Zudem wird diese Sorte zu 100\u202f% nat\u00fcrlich angebaut, ohne Zusatzstoffe oder Pestizide.<\/p>\n<p class=\"\" data-start=\"1262\" data-end=\"1387\">Da der <strong data-start=\"1269\" data-end=\"1296\">THC-Gehalt unter 0,20\u202f%<\/strong> liegt, ist sie in ganz Europa <strong data-start=\"1327\" data-end=\"1347\">vollkommen legal<\/strong> und hat <strong data-start=\"1356\" data-end=\"1386\">keine psychoaktive Wirkung<\/strong>.<\/p>\n<h3 class=\"\" data-start=\"1394\" data-end=\"1447\">Eigenschaften von legalem Super Boof CBD-Cannabis<\/h3>\n<ul data-start=\"1449\" data-end=\"1690\">\n<li class=\"\" data-start=\"1449\" data-end=\"1467\">\n<p class=\"\" data-start=\"1451\" data-end=\"1467\">Hanfbl\u00fcten<\/p>\n<\/li>\n<li class=\"\" data-start=\"1468\" data-end=\"1484\">\n<p class=\"\" data-start=\"1470\" data-end=\"1484\">11\u202f% CBD<\/p>\n<\/li>\n<li class=\"\" data-start=\"1485\" data-end=\"1515\">\n<p class=\"\" data-start=\"1487\" data-end=\"1515\">Weniger als 0,20\u202f% THC<\/p>\n<\/li>\n<li class=\"\" data-start=\"1516\" data-end=\"1558\">\n<p class=\"\" data-start=\"1518\" data-end=\"1558\">Genetik: EU-zertifiziertes Saatgut<\/p>\n<\/li>\n<li class=\"\" data-start=\"1559\" data-end=\"1582\">\n<p class=\"\" data-start=\"1561\" data-end=\"1582\">Indica-dominant<\/p>\n<\/li>\n<li class=\"\" data-start=\"1583\" data-end=\"1620\">\n<p class=\"\" data-start=\"1585\" data-end=\"1620\">Keine psychoaktiven Wirkungen<\/p>\n<\/li>\n<li class=\"\" data-start=\"1621\" data-end=\"1647\">\n<p class=\"\" data-start=\"1623\" data-end=\"1647\">Organisch angebaut<\/p>\n<\/li>\n<li class=\"\" data-start=\"1648\" data-end=\"1664\">\n<p class=\"\" data-start=\"1650\" data-end=\"1664\">GMO-frei<\/p>\n<\/li>\n<li class=\"\" data-start=\"1665\" data-end=\"1690\">\n<p class=\"\" data-start=\"1667\" data-end=\"1690\">Frei von Pestiziden<\/p>\n<\/li>\n<\/ul>\n<h3 class=\"\" data-start=\"1697\" data-end=\"1725\">Aroma von Super Boof CBD<\/h3>\n<p class=\"\" data-start=\"1727\" data-end=\"1896\">Terpene sind in \u00e4therischen \u00d6len vieler Pflanzen, Blumen und Fr\u00fcchte enthalten und verantwortlich f\u00fcr Geruch und Geschmack. Im Cannabis gibt es ein breites Terpenprofil.<\/p>\n<p class=\"\" data-start=\"1898\" data-end=\"2235\"><strong data-start=\"1898\" data-end=\"1929\">Super Boof CBD von The Tree<\/strong> hat einen sehr charakteristischen Duft nach Blumen und Fr\u00fcchten, mit einem leicht zitrischen Touch. S\u00fc\u00dfe Aromen breiten sich schnell in der Nase aus und lassen florale und zitrische Noten wahrnehmen. Nach der fruchtigen Explosion sind auch Honignoten sowie ein feuchtes, leicht gasiges Finish wahrnehmbar.<\/p>\n<h3 class=\"\" data-start=\"2242\" data-end=\"2271\">F\u00fcr wen ist sie geeignet?<\/h3>\n<p class=\"\" data-start=\"2273\" data-end=\"2385\"><strong data-start=\"2273\" data-end=\"2291\">Outdoor-Bl\u00fcten<\/strong> sind ideal f\u00fcr diejenigen, die ein nat\u00fcrliches Produkt zu einem erschwinglichen Preis suchen.<\/p>\n<p class=\"\" data-start=\"2387\" data-end=\"2565\">Der Outdoor-Anbau ist besonders bei Cannabis-Romantikern beliebt, da die Umweltvariabilit\u00e4t einer Pflanze kein Hindernis f\u00fcr hervorragende Ertr\u00e4ge am Ende ihres Zyklus darstellt.<\/p>\n<p class=\"\" data-start=\"2567\" data-end=\"2724\">Sicher kann die Sonneneinstrahlung die Farbe der Bl\u00fcte etwas dunkler machen, aber nicht nur die Optik z\u00e4hlt, sondern auch Nachhaltigkeit und Kostenersparnis.<\/p>\n<p class=\"\" data-start=\"2726\" data-end=\"2859\">Aus K\u00e4uferperspektive bietet Outdoor-CBD-Bl\u00fcte ein erschwingliches Produkt, das oft nachhaltiger und g\u00fcnstiger in der Produktion ist.<\/p>\n<h3 class=\"\" data-start=\"2866\" data-end=\"2888\">Sicherheitshinweis<\/h3>\n<p class=\"\" data-start=\"2890\" data-end=\"3127\">Die <strong data-start=\"2894\" data-end=\"2921\">CBD-Bl\u00fcten von The Tree<\/strong> sind ein <strong data-start=\"2931\" data-end=\"2984\">dekoratives, sammelbares und aromatisches Produkt<\/strong>. Sie sollten nicht w\u00e4hrend der Schwangerschaft oder Stillzeit verwendet werden und <strong data-start=\"3068\" data-end=\"3108\">au\u00dferhalb der Reichweite von Kindern<\/strong> aufbewahrt werden.<\/p>\n<p class=\"\" data-start=\"3129\" data-end=\"3656\">Unsere CBD-Bl\u00fcten sind harzfreie, nicht-psychoaktive Hanfbl\u00fcten, die aus zertifiziertem Saatgut ohne Zusatzstoffe hergestellt werden. Der THC-Gehalt liegt maximal bei 0,3 % oder unter einem psychoaktiven Index von 1. Produkt entsprechend der UN-Norm ST\/NAR 40 (Faserkonsumhanf). Das Produkt ist dekorativ, aromatisch und f\u00fcr Sammler. Der Konsum, Inhalation oder therapeutische Einsatz sind verboten. Das Unternehmen \u00fcbernimmt keine Haftung f\u00fcr missbr\u00e4uchliche Nutzung. Verkauf an Minderj\u00e4hrige verboten. Von Kindern fernhalten.<\/p>\n<p class=\"\" data-start=\"3658\" data-end=\"3860\">Diese Informationen dienen nur zu Bildungs- und Informationszwecken und ersetzen keine medizinische Beratung. Unsere Texte sind nicht zur eigenst\u00e4ndigen Diagnose oder Behandlung von Krankheiten gedacht.<\/p>\n<p class=\"\" data-start=\"3862\" data-end=\"3908\">Bei Fragen stehen wir dir gerne zur Verf\u00fcgung.<\/p>\n<h3 class=\"\" data-start=\"3915\" data-end=\"3927\">Lagerung<\/h3>\n<p class=\"\" data-start=\"3929\" data-end=\"4164\">Die <strong data-start=\"3933\" data-end=\"3960\">CBD-Bl\u00fcten von The Tree<\/strong> sollten <strong data-start=\"3969\" data-end=\"4002\">k\u00fchl, trocken, lichtgesch\u00fctzt<\/strong> und <strong data-start=\"4007\" data-end=\"4036\">frei von starken Ger\u00fcchen<\/strong> aufbewahrt werden, um Kontamination oder Qualit\u00e4tsverlust zu vermeiden. Direkte Sonneneinstrahlung und Hitze sind zu vermeiden.<\/p>\n<p class=\"\" data-start=\"4166\" data-end=\"4255\"><strong data-start=\"4166\" data-end=\"4178\">Hinweis:<\/strong> Die empfohlene Haltbarkeit betr\u00e4gt <strong data-start=\"4214\" data-end=\"4229\">einen Monat<\/strong> bei sachgem\u00e4\u00dfer Lagerung.<\/p>\n","protected":false},"excerpt":{"rendered":"<ul>\n<li><strong data-start=\"90\" data-end=\"104\">Hanfbl\u00fcten<\/strong><\/li>\n<li>11\u202f% CBD<\/li>\n<li>Weniger als 0,20\u202f% THC<\/li>\n<li>Genetik: EU-zertifiziertes Saatgut<\/li>\n<li>Indica-dominant<\/li>\n<li>Keine psychoaktiven Wirkungen<\/li>\n<li>Organisch angebaut<\/li>\n<li>GMO-frei<\/li>\n<li>Frei von Pestiziden<\/li>\n<\/ul>\n","protected":false},"featured_media":164914,"template":"","meta":{"_acf_changed":false},"product_brand":[],"class_list":{"0":"post-164913","1":"product","2":"type-product","3":"status-publish","4":"has-post-thumbnail","6":"product_cat-outdoor-anbau","7":"product_cat-bluten","8":"product_cat-produkte-mit-10-cbd","10":"first","11":"instock","12":"taxable","13":"shipping-taxable","14":"purchasable","15":"product-type-variable","16":"has-default-attributes"},"acf":[],"yoast_head":"<!-- This site is optimized with the Yoast SEO plugin v26.3 - https:\/\/yoast.com\/wordpress\/plugins\/seo\/ -->\n<title>Super Boof CBD - 11% CBD. Cannabis Legal | The Tree CBD<\/title>\n<meta name=\"description\" content=\"Probier Super Boof. Hanfbl\u00fcten mit einer indica-dominierten Hybridgenetik, intensivem Aroma und fruchtigen Nuancen. 11\u202f% CBD und weniger als 0,2\u202f% THC.\" \/>\n<meta name=\"robots\" content=\"index, follow, max-snippet:-1, max-image-preview:large, max-video-preview:-1\" \/>\n<link rel=\"canonical\" href=\"https:\/\/thetreecbd.com\/de\/cbd\/super-boof-outdoor-blueten\" \/>\n<meta property=\"og:locale\" content=\"de_DE\" \/>\n<meta property=\"og:type\" content=\"article\" \/>\n<meta property=\"og:title\" content=\"Super Boof CBD - 11% CBD. Cannabis Legal | The Tree CBD\" \/>\n<meta property=\"og:description\" content=\"Probier Super Boof. Hanfbl\u00fcten mit einer indica-dominierten Hybridgenetik, intensivem Aroma und fruchtigen Nuancen. 11\u202f% CBD und weniger als 0,2\u202f% THC.\" \/>\n<meta property=\"og:url\" content=\"https:\/\/thetreecbd.com\/de\/cbd\/super-boof-outdoor-blueten\" \/>\n<meta property=\"og:site_name\" content=\"The Tree CBD\" \/>\n<meta property=\"article:publisher\" content=\"https:\/\/www.facebook.com\/thetreeCBD\/\" \/>\n<meta property=\"article:modified_time\" content=\"2025-06-15T22:00:05+00:00\" \/>\n<meta property=\"og:image\" content=\"https:\/\/thetreecbd.com\/wp-content\/uploads\/2023\/05\/super-boof-cbd.jpg\" \/>\n\t<meta property=\"og:image:width\" content=\"595\" \/>\n\t<meta property=\"og:image:height\" content=\"714\" \/>\n\t<meta property=\"og:image:type\" content=\"image\/jpeg\" \/>\n<meta name=\"twitter:card\" content=\"summary_large_image\" \/>\n<meta name=\"twitter:site\" content=\"@TheTreeCBD_EU\" \/>\n<meta name=\"twitter:label1\" content=\"Gesch\u00e4tzte Lesezeit\" \/>\n\t<meta name=\"twitter:data1\" content=\"3\u00a0Minuten\" \/>\n<script type=\"application\/ld+json\" class=\"yoast-schema-graph\">{\"@context\":\"https:\/\/schema.org\",\"@graph\":[{\"@type\":[\"WebPage\",\"ItemPage\"],\"@id\":\"https:\/\/thetreecbd.com\/de\/cbd\/super-boof-outdoor-blueten\",\"url\":\"https:\/\/thetreecbd.com\/de\/cbd\/super-boof-outdoor-blueten\",\"name\":\"Super Boof CBD - 11% CBD. Cannabis Legal | The Tree CBD\",\"isPartOf\":{\"@id\":\"https:\/\/thetreecbd.com\/de#website\"},\"primaryImageOfPage\":{\"@id\":\"https:\/\/thetreecbd.com\/de\/cbd\/super-boof-outdoor-blueten#primaryimage\"},\"image\":{\"@id\":\"https:\/\/thetreecbd.com\/de\/cbd\/super-boof-outdoor-blueten#primaryimage\"},\"thumbnailUrl\":\"https:\/\/thetreecbd.com\/wp-content\/uploads\/2023\/05\/super-boof-cbd.jpg\",\"datePublished\":\"2023-05-02T11:42:57+00:00\",\"dateModified\":\"2025-06-15T22:00:05+00:00\",\"description\":\"Probier Super Boof. Hanfbl\u00fcten mit einer indica-dominierten Hybridgenetik, intensivem Aroma und fruchtigen Nuancen. 11\u202f% CBD und weniger als 0,2\u202f% THC.\",\"breadcrumb\":{\"@id\":\"https:\/\/thetreecbd.com\/de\/cbd\/super-boof-outdoor-blueten#breadcrumb\"},\"inLanguage\":\"de\",\"potentialAction\":[{\"@type\":\"ReadAction\",\"target\":[\"https:\/\/thetreecbd.com\/de\/cbd\/super-boof-outdoor-blueten\"]}]},{\"@type\":\"ImageObject\",\"inLanguage\":\"de\",\"@id\":\"https:\/\/thetreecbd.com\/de\/cbd\/super-boof-outdoor-blueten#primaryimage\",\"url\":\"https:\/\/thetreecbd.com\/wp-content\/uploads\/2023\/05\/super-boof-cbd.jpg\",\"contentUrl\":\"https:\/\/thetreecbd.com\/wp-content\/uploads\/2023\/05\/super-boof-cbd.jpg\",\"width\":595,\"height\":714},{\"@type\":\"BreadcrumbList\",\"@id\":\"https:\/\/thetreecbd.com\/de\/cbd\/super-boof-outdoor-blueten#breadcrumb\",\"itemListElement\":[{\"@type\":\"ListItem\",\"position\":1,\"name\":\"The Tree\",\"item\":\"https:\/\/thetreecbd.com\/de\"},{\"@type\":\"ListItem\",\"position\":2,\"name\":\"CBD\",\"item\":\"https:\/\/thetreecbd.com\/es\/cbd\"},{\"@type\":\"ListItem\",\"position\":3,\"name\":\"CBD-Bl\u00fcten kaufen\",\"item\":\"https:\/\/thetreecbd.com\/de\/bluten\"},{\"@type\":\"ListItem\",\"position\":4,\"name\":\"Bl\u00fcten aus Outdoor-Anbau\",\"item\":\"https:\/\/thetreecbd.com\/de\/bluten\/outdoor-anbau\"},{\"@type\":\"ListItem\",\"position\":5,\"name\":\"Super Boof CBD\"}]},{\"@type\":\"WebSite\",\"@id\":\"https:\/\/thetreecbd.com\/de#website\",\"url\":\"https:\/\/thetreecbd.com\/de\",\"name\":\"The Tree CBD\",\"description\":\"Comprar CBD en Espa\u00f1a Online\",\"publisher\":{\"@id\":\"https:\/\/thetreecbd.com\/de#organization\"},\"potentialAction\":[{\"@type\":\"SearchAction\",\"target\":{\"@type\":\"EntryPoint\",\"urlTemplate\":\"https:\/\/thetreecbd.com\/de?s={search_term_string}\"},\"query-input\":{\"@type\":\"PropertyValueSpecification\",\"valueRequired\":true,\"valueName\":\"search_term_string\"}}],\"inLanguage\":\"de\"},{\"@type\":\"Organization\",\"@id\":\"https:\/\/thetreecbd.com\/de#organization\",\"name\":\"The Tree CBD\",\"url\":\"https:\/\/thetreecbd.com\/de\",\"logo\":{\"@type\":\"ImageObject\",\"inLanguage\":\"de\",\"@id\":\"https:\/\/thetreecbd.com\/de#\/schema\/logo\/image\/\",\"url\":\"https:\/\/thetreecbd.com\/wp-content\/uploads\/2022\/04\/logo-thetree.png\",\"contentUrl\":\"https:\/\/thetreecbd.com\/wp-content\/uploads\/2022\/04\/logo-thetree.png\",\"width\":172,\"height\":55,\"caption\":\"The Tree CBD\"},\"image\":{\"@id\":\"https:\/\/thetreecbd.com\/de#\/schema\/logo\/image\/\"},\"sameAs\":[\"https:\/\/www.facebook.com\/thetreeCBD\/\",\"https:\/\/x.com\/TheTreeCBD_EU\",\"https:\/\/www.instagram.com\/thetree.cbd\/\",\"https:\/\/es.trustpilot.com\/review\/thetreecbd.com\"]}]}<\/script>\n<!-- \/ Yoast SEO plugin. -->","yoast_head_json":{"title":"Super Boof CBD - 11% CBD. Cannabis Legal | The Tree CBD","description":"Probier Super Boof. Hanfbl\u00fcten mit einer indica-dominierten Hybridgenetik, intensivem Aroma und fruchtigen Nuancen. 11\u202f% CBD und weniger als 0,2\u202f% THC.","robots":{"index":"index","follow":"follow","max-snippet":"max-snippet:-1","max-image-preview":"max-image-preview:large","max-video-preview":"max-video-preview:-1"},"canonical":"https:\/\/thetreecbd.com\/de\/cbd\/super-boof-outdoor-blueten","og_locale":"de_DE","og_type":"article","og_title":"Super Boof CBD - 11% CBD. Cannabis Legal | The Tree CBD","og_description":"Probier Super Boof. Hanfbl\u00fcten mit einer indica-dominierten Hybridgenetik, intensivem Aroma und fruchtigen Nuancen. 11\u202f% CBD und weniger als 0,2\u202f% THC.","og_url":"https:\/\/thetreecbd.com\/de\/cbd\/super-boof-outdoor-blueten","og_site_name":"The Tree CBD","article_publisher":"https:\/\/www.facebook.com\/thetreeCBD\/","article_modified_time":"2025-06-15T22:00:05+00:00","og_image":[{"width":595,"height":714,"url":"https:\/\/thetreecbd.com\/wp-content\/uploads\/2023\/05\/super-boof-cbd.jpg","type":"image\/jpeg"}],"twitter_card":"summary_large_image","twitter_site":"@TheTreeCBD_EU","twitter_misc":{"Gesch\u00e4tzte Lesezeit":"3\u00a0Minuten"},"schema":{"@context":"https:\/\/schema.org","@graph":[{"@type":["WebPage","ItemPage"],"@id":"https:\/\/thetreecbd.com\/de\/cbd\/super-boof-outdoor-blueten","url":"https:\/\/thetreecbd.com\/de\/cbd\/super-boof-outdoor-blueten","name":"Super Boof CBD - 11% CBD. Cannabis Legal | The Tree CBD","isPartOf":{"@id":"https:\/\/thetreecbd.com\/de#website"},"primaryImageOfPage":{"@id":"https:\/\/thetreecbd.com\/de\/cbd\/super-boof-outdoor-blueten#primaryimage"},"image":{"@id":"https:\/\/thetreecbd.com\/de\/cbd\/super-boof-outdoor-blueten#primaryimage"},"thumbnailUrl":"https:\/\/thetreecbd.com\/wp-content\/uploads\/2023\/05\/super-boof-cbd.jpg","datePublished":"2023-05-02T11:42:57+00:00","dateModified":"2025-06-15T22:00:05+00:00","description":"Probier Super Boof. Hanfbl\u00fcten mit einer indica-dominierten Hybridgenetik, intensivem Aroma und fruchtigen Nuancen. 11\u202f% CBD und weniger als 0,2\u202f% THC.","breadcrumb":{"@id":"https:\/\/thetreecbd.com\/de\/cbd\/super-boof-outdoor-blueten#breadcrumb"},"inLanguage":"de","potentialAction":[{"@type":"ReadAction","target":["https:\/\/thetreecbd.com\/de\/cbd\/super-boof-outdoor-blueten"]}]},{"@type":"ImageObject","inLanguage":"de","@id":"https:\/\/thetreecbd.com\/de\/cbd\/super-boof-outdoor-blueten#primaryimage","url":"https:\/\/thetreecbd.com\/wp-content\/uploads\/2023\/05\/super-boof-cbd.jpg","contentUrl":"https:\/\/thetreecbd.com\/wp-content\/uploads\/2023\/05\/super-boof-cbd.jpg","width":595,"height":714},{"@type":"BreadcrumbList","@id":"https:\/\/thetreecbd.com\/de\/cbd\/super-boof-outdoor-blueten#breadcrumb","itemListElement":[{"@type":"ListItem","position":1,"name":"The Tree","item":"https:\/\/thetreecbd.com\/de"},{"@type":"ListItem","position":2,"name":"CBD","item":"https:\/\/thetreecbd.com\/es\/cbd"},{"@type":"ListItem","position":3,"name":"CBD-Bl\u00fcten kaufen","item":"https:\/\/thetreecbd.com\/de\/bluten"},{"@type":"ListItem","position":4,"name":"Bl\u00fcten aus Outdoor-Anbau","item":"https:\/\/thetreecbd.com\/de\/bluten\/outdoor-anbau"},{"@type":"ListItem","position":5,"name":"Super Boof CBD"}]},{"@type":"WebSite","@id":"https:\/\/thetreecbd.com\/de#website","url":"https:\/\/thetreecbd.com\/de","name":"The Tree CBD","description":"Comprar CBD en Espa\u00f1a Online","publisher":{"@id":"https:\/\/thetreecbd.com\/de#organization"},"potentialAction":[{"@type":"SearchAction","target":{"@type":"EntryPoint","urlTemplate":"https:\/\/thetreecbd.com\/de?s={search_term_string}"},"query-input":{"@type":"PropertyValueSpecification","valueRequired":true,"valueName":"search_term_string"}}],"inLanguage":"de"},{"@type":"Organization","@id":"https:\/\/thetreecbd.com\/de#organization","name":"The Tree CBD","url":"https:\/\/thetreecbd.com\/de","logo":{"@type":"ImageObject","inLanguage":"de","@id":"https:\/\/thetreecbd.com\/de#\/schema\/logo\/image\/","url":"https:\/\/thetreecbd.com\/wp-content\/uploads\/2022\/04\/logo-thetree.png","contentUrl":"https:\/\/thetreecbd.com\/wp-content\/uploads\/2022\/04\/logo-thetree.png","width":172,"height":55,"caption":"The Tree CBD"},"image":{"@id":"https:\/\/thetreecbd.com\/de#\/schema\/logo\/image\/"},"sameAs":["https:\/\/www.facebook.com\/thetreeCBD\/","https:\/\/x.com\/TheTreeCBD_EU","https:\/\/www.instagram.com\/thetree.cbd\/","https:\/\/es.trustpilot.com\/review\/thetreecbd.com"]}]}},"_links":{"self":[{"href":"https:\/\/thetreecbd.com\/de\/wp-json\/wp\/v2\/product\/164913","targetHints":{"allow":["GET"]}}],"collection":[{"href":"https:\/\/thetreecbd.com\/de\/wp-json\/wp\/v2\/product"}],"about":[{"href":"https:\/\/thetreecbd.com\/de\/wp-json\/wp\/v2\/types\/product"}],"version-history":[{"count":0,"href":"https:\/\/thetreecbd.com\/de\/wp-json\/wp\/v2\/product\/164913\/revisions"}],"wp:featuredmedia":[{"embeddable":true,"href":"https:\/\/thetreecbd.com\/de\/wp-json\/wp\/v2\/media\/164914"}],"wp:attachment":[{"href":"https:\/\/thetreecbd.com\/de\/wp-json\/wp\/v2\/media?parent=164913"}],"wp:term":[{"taxonomy":"product_brand","embeddable":true,"href":"https:\/\/thetreecbd.com\/de\/wp-json\/wp\/v2\/product_brand?post=164913"}],"curies":[{"name":"wp","href":"https:\/\/api.w.org\/{rel}","templated":true}]}}