{"id":164925,"date":"2020-10-15T12:28:33","date_gmt":"2020-10-15T10:28:33","guid":{"rendered":"https:\/\/thetreecbd.com\/cbd\/outdoor-blueten-green"},"modified":"2025-10-21T12:32:29","modified_gmt":"2025-10-21T10:32:29","slug":"outdoor-blueten-green","status":"publish","type":"product","link":"https:\/\/thetreecbd.com\/de\/cbd\/outdoor-blueten-green","title":{"rendered":"Green Cure CBD"},"content":{"rendered":"<p class=\"\" data-start=\"113\" data-end=\"403\">The Tree CBD bringt dir die legalen Cannabisbl\u00fcten der Sorte Green Cure CBD, eine Bl\u00fcte mit einer einzigartigen Genetik in Europa. Diese CBD-Bl\u00fcten stammen von einer hybrid-indica-dominierten Genetik, einer Mischung aus ausgew\u00e4hlten und von der Europ\u00e4ischen Union zertifizierten Sorten.<\/p>\n<p class=\"\" data-start=\"405\" data-end=\"564\">Die gut geformten und kompakten Bl\u00fcten zeigen ein Spektrum von hellgr\u00fcnen T\u00f6nen, ihr Geschmack ist fruchtig und dezent s\u00fc\u00df, ohne dabei zu aufdringlich zu sein.<\/p>\n<p class=\"\" data-start=\"566\" data-end=\"761\">Die Wirkung von Green Cure CBD ist entspannend und sorgt f\u00fcr einen klaren und ruhigen Geist \u2013 die perfekte Erg\u00e4nzung, um den Tag auf angenehme und vor allem nat\u00fcrliche Weise ausklingen zu lassen.<\/p>\n<p class=\"\" data-start=\"763\" data-end=\"1107\">Diese Sorte ist bekannt f\u00fcr ihr exklusives Aroma und ihren Geschmack, die niemanden gleichg\u00fcltig lassen. Die Bl\u00fcten dieser Genetik haben ein intensives Aroma mit fruchtigen Nuancen, besonders tropischer Fr\u00fcchte. Ihr milder Geschmack schont den Hals, und der intensive Duft rundet das Erlebnis mit dieser CBD-Bl\u00fcte ab, die etwa 11\u202f% CBD enth\u00e4lt.<\/p>\n<p class=\"\" data-start=\"1109\" data-end=\"1573\">Optisch entsprechen die Bl\u00fcten den typischen Merkmalen indica-dominierter Sorten: massiv, gut geformt und rund. Die Bl\u00fcten zeigen ein Spektrum leuchtender Gr\u00fcnt\u00f6ne, die von einer feinen, aber deutlichen orangen Schicht aus zahlreichen Pistillen \u00fcberzogen sind; zus\u00e4tzlich bedeckt von einer gro\u00dfz\u00fcgigen Schicht Trichome, die der Sorte die erwartete klebrige Haptik verleiht. Zudem wird diese Sorte 100\u202f% nat\u00fcrlich ohne jegliche Zusatzstoffe oder Pestizide angebaut.<\/p>\n<p class=\"\" data-start=\"1575\" data-end=\"1693\">Da der THC-Gehalt unter 0,20\u202f% liegt, ist sie in ganz Europa vollst\u00e4ndig legal und hat keinerlei psychoaktive Wirkung.<\/p>\n<h3 class=\"\" data-start=\"1700\" data-end=\"1753\">Eigenschaften von legalem Green Cure CBD Cannabis<\/h3>\n<ul data-start=\"1755\" data-end=\"1996\">\n<li class=\"\" data-start=\"1755\" data-end=\"1773\">\n<p class=\"\" data-start=\"1757\" data-end=\"1773\"><strong data-start=\"1757\" data-end=\"1771\">Hanfbl\u00fcten<\/strong><\/p>\n<\/li>\n<li class=\"\" data-start=\"1774\" data-end=\"1790\">\n<p class=\"\" data-start=\"1776\" data-end=\"1790\"><strong data-start=\"1776\" data-end=\"1788\">11\u202f% CBD<\/strong><\/p>\n<\/li>\n<li class=\"\" data-start=\"1791\" data-end=\"1821\">\n<p class=\"\" data-start=\"1793\" data-end=\"1821\"><strong data-start=\"1793\" data-end=\"1819\">Weniger als 0,20\u202f% THC<\/strong><\/p>\n<\/li>\n<li class=\"\" data-start=\"1822\" data-end=\"1864\">\n<p class=\"\" data-start=\"1824\" data-end=\"1864\"><strong data-start=\"1824\" data-end=\"1862\">Genetik: EU-zertifiziertes Saatgut<\/strong><\/p>\n<\/li>\n<li class=\"\" data-start=\"1865\" data-end=\"1888\">\n<p class=\"\" data-start=\"1867\" data-end=\"1888\"><strong data-start=\"1867\" data-end=\"1886\">Indica-dominant<\/strong><\/p>\n<\/li>\n<li class=\"\" data-start=\"1889\" data-end=\"1926\">\n<p class=\"\" data-start=\"1891\" data-end=\"1926\"><strong data-start=\"1891\" data-end=\"1924\">Keine psychoaktiven Wirkungen<\/strong><\/p>\n<\/li>\n<li class=\"\" data-start=\"1927\" data-end=\"1953\">\n<p class=\"\" data-start=\"1929\" data-end=\"1953\"><strong data-start=\"1929\" data-end=\"1951\">Organisch angebaut<\/strong><\/p>\n<\/li>\n<li class=\"\" data-start=\"1954\" data-end=\"1970\">\n<p class=\"\" data-start=\"1956\" data-end=\"1970\"><strong data-start=\"1956\" data-end=\"1968\">GMO-frei<\/strong><\/p>\n<\/li>\n<li class=\"\" data-start=\"1971\" data-end=\"1996\">\n<p class=\"\" data-start=\"1973\" data-end=\"1996\"><strong data-start=\"1973\" data-end=\"1996\">Frei von Pestiziden<\/strong><\/p>\n<\/li>\n<\/ul>\n<h3 class=\"\" data-start=\"2003\" data-end=\"2031\">Aroma von Green Cure CBD<\/h3>\n<p class=\"\" data-start=\"2033\" data-end=\"2203\">Terpene sind in den \u00e4therischen \u00d6len vieler Pflanzen, Blumen und Fr\u00fcchte enthalten und verantwortlich f\u00fcr Geruch und Geschmack. Cannabis besitzt ein breites Terpenprofil.<\/p>\n<p class=\"\" data-start=\"2205\" data-end=\"2435\"><strong data-start=\"2205\" data-end=\"2236\">Green Cure CBD von The Tree<\/strong> hat einen sehr charakteristischen Duft nach Fr\u00fcchten und Blumen, leicht mentholhaltig, der an einen Kr\u00e4utertee erinnert. Man erkennt ein s\u00fc\u00dfes, organisches Aroma, das an Holz und Weihrauch erinnert.<\/p>\n<h3 class=\"\" data-start=\"2442\" data-end=\"2471\">F\u00fcr wen ist sie geeignet?<\/h3>\n<p class=\"\" data-start=\"2473\" data-end=\"2583\">Outdoor-Bl\u00fcten sind f\u00fcr diejenigen gedacht, die ein nat\u00fcrliches Produkt zu einem erschwinglichen Preis suchen.<\/p>\n<p class=\"\" data-start=\"2585\" data-end=\"2793\">Der Outdoor-Anbau ist eine von vielen Cannabis-Liebhabern gesch\u00e4tzte Methode, da die Umweltvariabilit\u00e4t einer Pflanze kein Hindernis sein sollte, um am Ende ihres Lebenszyklus hervorragende Fr\u00fcchte zu tragen.<\/p>\n<p class=\"\" data-start=\"2795\" data-end=\"3029\">Es stimmt, dass Sonnenstrahlen die Farbe der Bl\u00fcte etwas dunkler machen k\u00f6nnen, aber nicht alles im Leben ist nur Optik; es gilt auch andere Aspekte zu sch\u00e4tzen, wie z.\u202fB., dass der Outdoor-Anbau nachhaltiger und wirtschaftlicher ist.<\/p>\n<p class=\"\" data-start=\"3031\" data-end=\"3189\">Aus Sicht der K\u00e4ufer bietet die Outdoor-CBD-Bl\u00fcte ein Produkt zu einem g\u00fcnstigeren Preis, da sie meist nachhaltiger und kosteng\u00fcnstiger in der Produktion ist.<\/p>\n<h3 class=\"\" data-start=\"3196\" data-end=\"3218\">Sicherheitshinweis<\/h3>\n<p class=\"\" data-start=\"3220\" data-end=\"3474\">Bitte beachten Sie, dass die CBD-Bl\u00fcten von The Tree ein dekoratives, sammelbares und aromatisches Produkt sind. Sie sollten nicht w\u00e4hrend der Schwangerschaft oder Stillzeit verwendet werden und <strong data-start=\"3415\" data-end=\"3455\">au\u00dferhalb der Reichweite von Kindern<\/strong> aufbewahrt werden.<\/p>\n<p class=\"\" data-start=\"3476\" data-end=\"3587\">Unsere CBD-Bl\u00fcten k\u00f6nnen eine geringe Menge THC enthalten, selbstverst\u00e4ndlich unter dem EU-Grenzwert von 0,2\u202f%.<\/p>\n<p class=\"\" data-start=\"3589\" data-end=\"3846\">Die bereitgestellten Informationen dienen ausschlie\u00dflich zu Informations- und Schulungszwecken und ersetzen keine medizinische Beratung durch \u00c4rzte oder Apotheker. Unsere Texte sind nicht zur eigenst\u00e4ndigen Diagnose oder Behandlung von Krankheiten bestimmt.<\/p>\n<p class=\"\" data-start=\"3848\" data-end=\"3906\">Bei weiteren Fragen z\u00f6gern Sie nicht, uns zu kontaktieren.<\/p>\n<h3 class=\"\" data-start=\"3913\" data-end=\"3925\">Lagerung<\/h3>\n<p class=\"\" data-start=\"3927\" data-end=\"4152\">Die CBD-Bl\u00fcten von The Tree sollten k\u00fchl, trocken und lichtgesch\u00fctzt sowie fern von starken Ger\u00fcchen gelagert werden, um Kontamination und Qualit\u00e4tsverlust zu vermeiden. Direkte Sonneneinstrahlung und Hitze sind zu vermeiden.<\/p>\n<p class=\"\" data-start=\"4154\" data-end=\"4257\"><strong data-start=\"4154\" data-end=\"4166\">Hinweis:<\/strong> Die angegebene Haltbarkeit betr\u00e4gt <strong data-start=\"4202\" data-end=\"4217\">einen Monat<\/strong>, sofern die Lagerung sachgem\u00e4\u00df erfolgt.<\/p>\n","protected":false},"excerpt":{"rendered":"<ul>\n<li>Hanfbl\u00fcten<\/li>\n<li>11\u202f% CBD<\/li>\n<li>Weniger als 0,20\u202f% THC<\/li>\n<li>Genetik: EU-zertifiziertes Saatgut<\/li>\n<li>Indica-dominant<\/li>\n<li>Keine psychoaktiven Wirkungen<\/li>\n<li>Organisch angebaut<\/li>\n<li>GMO-frei<\/li>\n<li>Frei von Pestiziden<\/li>\n<\/ul>\n","protected":false},"featured_media":164932,"template":"","meta":{"_acf_changed":false},"product_brand":[],"class_list":{"0":"post-164925","1":"product","2":"type-product","3":"status-publish","4":"has-post-thumbnail","6":"product_cat-outdoor-anbau","7":"product_cat-bluten","8":"product_cat-produkte-mit-10-cbd","10":"first","11":"instock","12":"taxable","13":"shipping-taxable","14":"purchasable","15":"product-type-variable"},"acf":[],"yoast_head":"<!-- This site is optimized with the Yoast SEO plugin v26.3 - https:\/\/yoast.com\/wordpress\/plugins\/seo\/ -->\n<title>Green Cure CBD - 11% CBD. Cannabis Legal | The Tree CBD<\/title>\n<meta name=\"description\" content=\"Probier Green Cure CBD. Hanfbl\u00fcten mit einer indica-dominierten Hybridgenetik, intensivem Aroma und fruchtigen Nuancen. 11\u202f% CBD und weniger als 0,2\u202f% THC.\" \/>\n<meta name=\"robots\" content=\"index, follow, max-snippet:-1, max-image-preview:large, max-video-preview:-1\" \/>\n<link rel=\"canonical\" href=\"https:\/\/thetreecbd.com\/de\/cbd\/outdoor-blueten-green\" \/>\n<meta property=\"og:locale\" content=\"de_DE\" \/>\n<meta property=\"og:type\" content=\"article\" \/>\n<meta property=\"og:title\" content=\"Green Cure CBD - 11% CBD. Cannabis Legal | The Tree CBD\" \/>\n<meta property=\"og:description\" content=\"Probier Green Cure CBD. Hanfbl\u00fcten mit einer indica-dominierten Hybridgenetik, intensivem Aroma und fruchtigen Nuancen. 11\u202f% CBD und weniger als 0,2\u202f% THC.\" \/>\n<meta property=\"og:url\" content=\"https:\/\/thetreecbd.com\/de\/cbd\/outdoor-blueten-green\" \/>\n<meta property=\"og:site_name\" content=\"The Tree CBD\" \/>\n<meta property=\"article:publisher\" content=\"https:\/\/www.facebook.com\/thetreeCBD\/\" \/>\n<meta property=\"article:modified_time\" content=\"2025-10-21T10:32:29+00:00\" \/>\n<meta property=\"og:image\" content=\"https:\/\/thetreecbd.com\/wp-content\/uploads\/2020\/10\/cogollos-exterior-green-cure-1.jpg\" \/>\n\t<meta property=\"og:image:width\" content=\"600\" \/>\n\t<meta property=\"og:image:height\" content=\"720\" \/>\n\t<meta property=\"og:image:type\" content=\"image\/jpeg\" \/>\n<meta name=\"twitter:card\" content=\"summary_large_image\" \/>\n<meta name=\"twitter:site\" content=\"@TheTreeCBD_EU\" \/>\n<meta name=\"twitter:label1\" content=\"Gesch\u00e4tzte Lesezeit\" \/>\n\t<meta name=\"twitter:data1\" content=\"3\u00a0Minuten\" \/>\n<script type=\"application\/ld+json\" class=\"yoast-schema-graph\">{\"@context\":\"https:\/\/schema.org\",\"@graph\":[{\"@type\":[\"WebPage\",\"ItemPage\"],\"@id\":\"https:\/\/thetreecbd.com\/de\/cbd\/outdoor-blueten-green\",\"url\":\"https:\/\/thetreecbd.com\/de\/cbd\/outdoor-blueten-green\",\"name\":\"Green Cure CBD - 11% CBD. Cannabis Legal | The Tree CBD\",\"isPartOf\":{\"@id\":\"https:\/\/thetreecbd.com\/de#website\"},\"primaryImageOfPage\":{\"@id\":\"https:\/\/thetreecbd.com\/de\/cbd\/outdoor-blueten-green#primaryimage\"},\"image\":{\"@id\":\"https:\/\/thetreecbd.com\/de\/cbd\/outdoor-blueten-green#primaryimage\"},\"thumbnailUrl\":\"https:\/\/thetreecbd.com\/wp-content\/uploads\/2020\/10\/cogollos-exterior-green-cure-1.jpg\",\"datePublished\":\"2020-10-15T10:28:33+00:00\",\"dateModified\":\"2025-10-21T10:32:29+00:00\",\"description\":\"Probier Green Cure CBD. Hanfbl\u00fcten mit einer indica-dominierten Hybridgenetik, intensivem Aroma und fruchtigen Nuancen. 11\u202f% CBD und weniger als 0,2\u202f% THC.\",\"breadcrumb\":{\"@id\":\"https:\/\/thetreecbd.com\/de\/cbd\/outdoor-blueten-green#breadcrumb\"},\"inLanguage\":\"de\",\"potentialAction\":[{\"@type\":\"ReadAction\",\"target\":[\"https:\/\/thetreecbd.com\/de\/cbd\/outdoor-blueten-green\"]}]},{\"@type\":\"ImageObject\",\"inLanguage\":\"de\",\"@id\":\"https:\/\/thetreecbd.com\/de\/cbd\/outdoor-blueten-green#primaryimage\",\"url\":\"https:\/\/thetreecbd.com\/wp-content\/uploads\/2020\/10\/cogollos-exterior-green-cure-1.jpg\",\"contentUrl\":\"https:\/\/thetreecbd.com\/wp-content\/uploads\/2020\/10\/cogollos-exterior-green-cure-1.jpg\",\"width\":600,\"height\":720},{\"@type\":\"BreadcrumbList\",\"@id\":\"https:\/\/thetreecbd.com\/de\/cbd\/outdoor-blueten-green#breadcrumb\",\"itemListElement\":[{\"@type\":\"ListItem\",\"position\":1,\"name\":\"The Tree\",\"item\":\"https:\/\/thetreecbd.com\/de\"},{\"@type\":\"ListItem\",\"position\":2,\"name\":\"CBD\",\"item\":\"https:\/\/thetreecbd.com\/es\/cbd\"},{\"@type\":\"ListItem\",\"position\":3,\"name\":\"CBD-Bl\u00fcten kaufen\",\"item\":\"https:\/\/thetreecbd.com\/de\/bluten\"},{\"@type\":\"ListItem\",\"position\":4,\"name\":\"Bl\u00fcten aus Outdoor-Anbau\",\"item\":\"https:\/\/thetreecbd.com\/de\/bluten\/outdoor-anbau\"},{\"@type\":\"ListItem\",\"position\":5,\"name\":\"Green Cure CBD\"}]},{\"@type\":\"WebSite\",\"@id\":\"https:\/\/thetreecbd.com\/de#website\",\"url\":\"https:\/\/thetreecbd.com\/de\",\"name\":\"The Tree CBD\",\"description\":\"Comprar CBD en Espa\u00f1a Online\",\"publisher\":{\"@id\":\"https:\/\/thetreecbd.com\/de#organization\"},\"potentialAction\":[{\"@type\":\"SearchAction\",\"target\":{\"@type\":\"EntryPoint\",\"urlTemplate\":\"https:\/\/thetreecbd.com\/de?s={search_term_string}\"},\"query-input\":{\"@type\":\"PropertyValueSpecification\",\"valueRequired\":true,\"valueName\":\"search_term_string\"}}],\"inLanguage\":\"de\"},{\"@type\":\"Organization\",\"@id\":\"https:\/\/thetreecbd.com\/de#organization\",\"name\":\"The Tree CBD\",\"url\":\"https:\/\/thetreecbd.com\/de\",\"logo\":{\"@type\":\"ImageObject\",\"inLanguage\":\"de\",\"@id\":\"https:\/\/thetreecbd.com\/de#\/schema\/logo\/image\/\",\"url\":\"https:\/\/thetreecbd.com\/wp-content\/uploads\/2022\/04\/logo-thetree.png\",\"contentUrl\":\"https:\/\/thetreecbd.com\/wp-content\/uploads\/2022\/04\/logo-thetree.png\",\"width\":172,\"height\":55,\"caption\":\"The Tree CBD\"},\"image\":{\"@id\":\"https:\/\/thetreecbd.com\/de#\/schema\/logo\/image\/\"},\"sameAs\":[\"https:\/\/www.facebook.com\/thetreeCBD\/\",\"https:\/\/x.com\/TheTreeCBD_EU\",\"https:\/\/www.instagram.com\/thetree.cbd\/\",\"https:\/\/es.trustpilot.com\/review\/thetreecbd.com\"]}]}<\/script>\n<!-- \/ Yoast SEO plugin. -->","yoast_head_json":{"title":"Green Cure CBD - 11% CBD. Cannabis Legal | The Tree CBD","description":"Probier Green Cure CBD. Hanfbl\u00fcten mit einer indica-dominierten Hybridgenetik, intensivem Aroma und fruchtigen Nuancen. 11\u202f% CBD und weniger als 0,2\u202f% THC.","robots":{"index":"index","follow":"follow","max-snippet":"max-snippet:-1","max-image-preview":"max-image-preview:large","max-video-preview":"max-video-preview:-1"},"canonical":"https:\/\/thetreecbd.com\/de\/cbd\/outdoor-blueten-green","og_locale":"de_DE","og_type":"article","og_title":"Green Cure CBD - 11% CBD. Cannabis Legal | The Tree CBD","og_description":"Probier Green Cure CBD. Hanfbl\u00fcten mit einer indica-dominierten Hybridgenetik, intensivem Aroma und fruchtigen Nuancen. 11\u202f% CBD und weniger als 0,2\u202f% THC.","og_url":"https:\/\/thetreecbd.com\/de\/cbd\/outdoor-blueten-green","og_site_name":"The Tree CBD","article_publisher":"https:\/\/www.facebook.com\/thetreeCBD\/","article_modified_time":"2025-10-21T10:32:29+00:00","og_image":[{"width":600,"height":720,"url":"https:\/\/thetreecbd.com\/wp-content\/uploads\/2020\/10\/cogollos-exterior-green-cure-1.jpg","type":"image\/jpeg"}],"twitter_card":"summary_large_image","twitter_site":"@TheTreeCBD_EU","twitter_misc":{"Gesch\u00e4tzte Lesezeit":"3\u00a0Minuten"},"schema":{"@context":"https:\/\/schema.org","@graph":[{"@type":["WebPage","ItemPage"],"@id":"https:\/\/thetreecbd.com\/de\/cbd\/outdoor-blueten-green","url":"https:\/\/thetreecbd.com\/de\/cbd\/outdoor-blueten-green","name":"Green Cure CBD - 11% CBD. Cannabis Legal | The Tree CBD","isPartOf":{"@id":"https:\/\/thetreecbd.com\/de#website"},"primaryImageOfPage":{"@id":"https:\/\/thetreecbd.com\/de\/cbd\/outdoor-blueten-green#primaryimage"},"image":{"@id":"https:\/\/thetreecbd.com\/de\/cbd\/outdoor-blueten-green#primaryimage"},"thumbnailUrl":"https:\/\/thetreecbd.com\/wp-content\/uploads\/2020\/10\/cogollos-exterior-green-cure-1.jpg","datePublished":"2020-10-15T10:28:33+00:00","dateModified":"2025-10-21T10:32:29+00:00","description":"Probier Green Cure CBD. Hanfbl\u00fcten mit einer indica-dominierten Hybridgenetik, intensivem Aroma und fruchtigen Nuancen. 11\u202f% CBD und weniger als 0,2\u202f% THC.","breadcrumb":{"@id":"https:\/\/thetreecbd.com\/de\/cbd\/outdoor-blueten-green#breadcrumb"},"inLanguage":"de","potentialAction":[{"@type":"ReadAction","target":["https:\/\/thetreecbd.com\/de\/cbd\/outdoor-blueten-green"]}]},{"@type":"ImageObject","inLanguage":"de","@id":"https:\/\/thetreecbd.com\/de\/cbd\/outdoor-blueten-green#primaryimage","url":"https:\/\/thetreecbd.com\/wp-content\/uploads\/2020\/10\/cogollos-exterior-green-cure-1.jpg","contentUrl":"https:\/\/thetreecbd.com\/wp-content\/uploads\/2020\/10\/cogollos-exterior-green-cure-1.jpg","width":600,"height":720},{"@type":"BreadcrumbList","@id":"https:\/\/thetreecbd.com\/de\/cbd\/outdoor-blueten-green#breadcrumb","itemListElement":[{"@type":"ListItem","position":1,"name":"The Tree","item":"https:\/\/thetreecbd.com\/de"},{"@type":"ListItem","position":2,"name":"CBD","item":"https:\/\/thetreecbd.com\/es\/cbd"},{"@type":"ListItem","position":3,"name":"CBD-Bl\u00fcten kaufen","item":"https:\/\/thetreecbd.com\/de\/bluten"},{"@type":"ListItem","position":4,"name":"Bl\u00fcten aus Outdoor-Anbau","item":"https:\/\/thetreecbd.com\/de\/bluten\/outdoor-anbau"},{"@type":"ListItem","position":5,"name":"Green Cure CBD"}]},{"@type":"WebSite","@id":"https:\/\/thetreecbd.com\/de#website","url":"https:\/\/thetreecbd.com\/de","name":"The Tree CBD","description":"Comprar CBD en Espa\u00f1a Online","publisher":{"@id":"https:\/\/thetreecbd.com\/de#organization"},"potentialAction":[{"@type":"SearchAction","target":{"@type":"EntryPoint","urlTemplate":"https:\/\/thetreecbd.com\/de?s={search_term_string}"},"query-input":{"@type":"PropertyValueSpecification","valueRequired":true,"valueName":"search_term_string"}}],"inLanguage":"de"},{"@type":"Organization","@id":"https:\/\/thetreecbd.com\/de#organization","name":"The Tree CBD","url":"https:\/\/thetreecbd.com\/de","logo":{"@type":"ImageObject","inLanguage":"de","@id":"https:\/\/thetreecbd.com\/de#\/schema\/logo\/image\/","url":"https:\/\/thetreecbd.com\/wp-content\/uploads\/2022\/04\/logo-thetree.png","contentUrl":"https:\/\/thetreecbd.com\/wp-content\/uploads\/2022\/04\/logo-thetree.png","width":172,"height":55,"caption":"The Tree CBD"},"image":{"@id":"https:\/\/thetreecbd.com\/de#\/schema\/logo\/image\/"},"sameAs":["https:\/\/www.facebook.com\/thetreeCBD\/","https:\/\/x.com\/TheTreeCBD_EU","https:\/\/www.instagram.com\/thetree.cbd\/","https:\/\/es.trustpilot.com\/review\/thetreecbd.com"]}]}},"_links":{"self":[{"href":"https:\/\/thetreecbd.com\/de\/wp-json\/wp\/v2\/product\/164925","targetHints":{"allow":["GET"]}}],"collection":[{"href":"https:\/\/thetreecbd.com\/de\/wp-json\/wp\/v2\/product"}],"about":[{"href":"https:\/\/thetreecbd.com\/de\/wp-json\/wp\/v2\/types\/product"}],"version-history":[{"count":0,"href":"https:\/\/thetreecbd.com\/de\/wp-json\/wp\/v2\/product\/164925\/revisions"}],"wp:featuredmedia":[{"embeddable":true,"href":"https:\/\/thetreecbd.com\/de\/wp-json\/wp\/v2\/media\/164932"}],"wp:attachment":[{"href":"https:\/\/thetreecbd.com\/de\/wp-json\/wp\/v2\/media?parent=164925"}],"wp:term":[{"taxonomy":"product_brand","embeddable":true,"href":"https:\/\/thetreecbd.com\/de\/wp-json\/wp\/v2\/product_brand?post=164925"}],"curies":[{"name":"wp","href":"https:\/\/api.w.org\/{rel}","templated":true}]}}