{"id":164944,"date":"2021-05-13T15:50:37","date_gmt":"2021-05-13T13:50:37","guid":{"rendered":"https:\/\/thetreecbd.com\/cbd\/cbd-blueten-outdoor-sweet-island-skunk"},"modified":"2025-11-01T18:18:03","modified_gmt":"2025-11-01T17:18:03","slug":"cbd-blueten-outdoor-sweet-island-skunk","status":"publish","type":"product","link":"https:\/\/thetreecbd.com\/de\/cbd\/cbd-blueten-outdoor-sweet-island-skunk","title":{"rendered":"Sweet Island Skunk CBD"},"content":{"rendered":"<p class=\"\" data-start=\"74\" data-end=\"241\">The Tree CBD bringt dir die legalen Hanfbl\u00fcten der Sorte Sweet Island Skunk, mit einer einzigartigen Genetik, die jede Bl\u00fcte mit einem hohen CBD-Gehalt ausstattet.<\/p>\n<p class=\"\" data-start=\"243\" data-end=\"424\">Diese CBD-Bl\u00fcten stammen aus einer Kreuzung der Genetiken Finola x Tidza x Delta Llossa, die zu 100 % nat\u00fcrlich und ohne Zusatzstoffe oder Pestizide im Innenbereich angebaut wurden.<\/p>\n<p class=\"\" data-start=\"426\" data-end=\"764\"><strong data-start=\"426\" data-end=\"465\">Ein cremig-s\u00fc\u00dfes Aussehen und Aroma<\/strong><br data-start=\"465\" data-end=\"468\" \/>Die Skunk ist eine einzigartige und originelle Sorte. Die Bl\u00fcte ist eine \u00fcberwiegend Indica-dominante Sorte (80 % Indica, 20 % Sativa) \u2013 spektakul\u00e4r, kraftvoll und k\u00f6stlich \u2013 und sorgt f\u00fcr ein unglaubliches Erlebnis. Ihre enorme St\u00e4rke macht die Sweet Island Skunk zu einer ausgezeichneten Sorte.<\/p>\n<p class=\"\" data-start=\"766\" data-end=\"1226\">Das Aroma ist das Markenzeichen dieser Pflanze. Ihr Geruch ist eine Mischung aus s\u00fc\u00df und sauer. Der saure Teil erinnert an Diesel, w\u00e4hrend der s\u00fc\u00dfe Teil \u2013 wie der Name schon andeutet \u2013 an Frischk\u00e4se erinnert. Dar\u00fcber hinaus verfl\u00fcchtigt sich das Aroma der Sweet Island Skunk zu einer cremig-s\u00fc\u00dfen Note, die ihr K\u00f6rper und Intensit\u00e4t verleiht. Optisch weisen die Bl\u00fcten schokoladige, erdige, orangefarbene und wei\u00dfliche Nuancen auf \u2013 \u00e4hnlich wie bei Frischk\u00e4se.<\/p>\n<p class=\"\" data-start=\"1228\" data-end=\"1326\">Diese Bl\u00fcten haben dank ihres hohen CBD-Gehalts von 12\u201314 % eine besonders entspannende Wirkung.<\/p>\n<p class=\"\" data-start=\"1328\" data-end=\"1451\">Und da sie weniger als 0,20 % THC enthalten, sind sie in ganz Europa v\u00f6llig legal und haben keinerlei psychoaktive Wirkung.<\/p>\n<p class=\"\" data-start=\"1458\" data-end=\"1521\"><strong data-start=\"1458\" data-end=\"1519\">Eigenschaften von legalem Cannabis Sweet Island Skunk CBD<\/strong><\/p>\n<ul data-start=\"1522\" data-end=\"1760\">\n<li class=\"\" data-start=\"1522\" data-end=\"1536\">\n<p class=\"\" data-start=\"1524\" data-end=\"1536\">Hanfbl\u00fcten<\/p>\n<\/li>\n<li class=\"\" data-start=\"1537\" data-end=\"1563\">\n<p class=\"\" data-start=\"1539\" data-end=\"1563\">Weniger als 0,20 % THC<\/p>\n<\/li>\n<li class=\"\" data-start=\"1564\" data-end=\"1585\">\n<p class=\"\" data-start=\"1566\" data-end=\"1585\">12 % bis 14 % CBD<\/p>\n<\/li>\n<li class=\"\" data-start=\"1586\" data-end=\"1628\">\n<p class=\"\" data-start=\"1588\" data-end=\"1628\">Genetik: Finola x Tidza x Delta Llossa<\/p>\n<\/li>\n<li class=\"\" data-start=\"1629\" data-end=\"1658\">\n<p class=\"\" data-start=\"1631\" data-end=\"1658\">20 % Sativa \/ 80 % Indica<\/p>\n<\/li>\n<li class=\"\" data-start=\"1659\" data-end=\"1689\">\n<p class=\"\" data-start=\"1661\" data-end=\"1689\">Keine psychoaktive Wirkung<\/p>\n<\/li>\n<li class=\"\" data-start=\"1690\" data-end=\"1712\">\n<p class=\"\" data-start=\"1692\" data-end=\"1712\">Organisch angebaut<\/p>\n<\/li>\n<li class=\"\" data-start=\"1713\" data-end=\"1736\">\n<p class=\"\" data-start=\"1715\" data-end=\"1736\">Frei von Gentechnik<\/p>\n<\/li>\n<li class=\"\" data-start=\"1737\" data-end=\"1760\">\n<p class=\"\" data-start=\"1739\" data-end=\"1760\">Frei von Pestiziden<\/p>\n<\/li>\n<\/ul>\n<p class=\"\" data-start=\"1767\" data-end=\"1990\"><strong data-start=\"1767\" data-end=\"1799\">Aroma Sweet Island Skunk CBD<\/strong><br data-start=\"1799\" data-end=\"1802\" \/>Terpene finden sich in den meisten \u00e4therischen \u00d6len vieler Pflanzen, Blumen und Fr\u00fcchte und sind f\u00fcr Geruch und Geschmack verantwortlich. Auch im Cannabis gibt es ein breites Terpenprofil.<\/p>\n<p class=\"\" data-start=\"1992\" data-end=\"2212\">Die Sweet Island Skunk CBD von The Tree hat ein sehr tropisches, zitroniges und s\u00fc\u00dfes Aroma \u2013 wie der Name schon sagt \u2013 mit einem Hauch von Skunk, der ihr die perfekte Intensit\u00e4t verleiht, um fruchtige Noten zu erg\u00e4nzen.<\/p>\n<p class=\"\" data-start=\"2219\" data-end=\"2339\"><strong data-start=\"2219\" data-end=\"2233\">Zielgruppe<\/strong><br data-start=\"2233\" data-end=\"2236\" \/>Outdoor-Bl\u00fcten sind f\u00fcr all jene gedacht, die ein nat\u00fcrliches und preislich attraktives Produkt suchen.<\/p>\n<p class=\"\" data-start=\"2341\" data-end=\"2516\">Der Outdoor-Anbau ist eine bei den romantischeren Cannabisliebhabern besonders beliebte Methode, da Umweltver\u00e4nderungen kein Hindernis f\u00fcr eine hochwertige Ernte sein sollten.<\/p>\n<p class=\"\" data-start=\"2518\" data-end=\"2690\">Zwar kann die Sonne die Farbe der Bl\u00fcte etwas abdunkeln, doch Sch\u00f6nheit ist nicht alles \u2013 man sollte auch Aspekte wie Nachhaltigkeit und Wirtschaftlichkeit ber\u00fccksichtigen.<\/p>\n<p class=\"\" data-start=\"2692\" data-end=\"2838\">Aus K\u00e4ufersicht bieten CBD-Bl\u00fcten aus dem Freilandanbau ein g\u00fcnstigeres Produkt, da sie nachhaltiger und kosteng\u00fcnstiger produziert werden k\u00f6nnen.<\/p>\n<p class=\"\" data-start=\"2845\" data-end=\"3086\"><strong data-start=\"2845\" data-end=\"2867\">Sicherheitshinweis<\/strong><br data-start=\"2867\" data-end=\"2870\" \/>Die CBD-Bl\u00fcten von The Tree sind ein dekoratives, sammelbares und aromatisches Produkt. Sie sollten nicht w\u00e4hrend der Schwangerschaft oder Stillzeit verwendet werden. Au\u00dferhalb der Reichweite von Kindern aufbewahren.<\/p>\n<p class=\"\" data-start=\"3088\" data-end=\"3206\">Unsere CBD-Bl\u00fcten k\u00f6nnen eine gewisse Menge THC enthalten. Diese liegt nat\u00fcrlich unter dem EU-Grenzwert von 0,2 % THC.<\/p>\n<p class=\"\" data-start=\"3208\" data-end=\"3466\">Die bereitgestellten Inhalte dienen ausschlie\u00dflich zu Informations- und Schulungszwecken und ersetzen keinesfalls den medizinischen Rat eines Arztes oder Apothekers. Unsere Texte sind nicht zur eigenst\u00e4ndigen Diagnose und Behandlung von Krankheiten bestimmt.<\/p>\n<p class=\"\" data-start=\"3468\" data-end=\"3526\">Z\u00f6gern Sie nicht, uns bei weiteren Fragen zu kontaktieren.<\/p>\n<p class=\"\" data-start=\"3533\" data-end=\"3796\"><strong data-start=\"3533\" data-end=\"3545\">Lagerung<\/strong><br data-start=\"3545\" data-end=\"3548\" \/>Idealerweise sollten die CBD-Bl\u00fcten von The Tree an einem k\u00fchlen, trockenen Ort, gesch\u00fctzt vor Licht und starken Ger\u00fcchen aufbewahrt werden, um jede Art von Verunreinigung und\/oder Abbau zu vermeiden. Direkte Sonneneinstrahlung und W\u00e4rme vermeiden.<\/p>\n<p class=\"\" data-start=\"3798\" data-end=\"3881\"><strong data-start=\"3798\" data-end=\"3810\">Hinweis:<\/strong> Die empfohlene Haltbarkeit betr\u00e4gt einen Monat bei korrekter Lagerung.<\/p>\n","protected":false},"excerpt":{"rendered":"<ul>\n<li>Hanfbl\u00fcten<\/li>\n<li>Weniger als 0,20 % <strong>THC<\/strong><\/li>\n<li>12 % bis 14 % <strong>CBD<\/strong><\/li>\n<li><strong>Genetik: Finola x Tidza x Delta Llossa<\/strong><\/li>\n<li>Sativa 20 % \/ Indica 80 %<\/li>\n<li>Keine psychoaktive Wirkung<\/li>\n<li>Organisch angebaut<\/li>\n<li>Frei von Gentechnik (GMO)<\/li>\n<li>Frei von Pestiziden<\/li>\n<\/ul>\n","protected":false},"featured_media":164947,"template":"","meta":{"_acf_changed":false},"product_brand":[],"class_list":{"0":"post-164944","1":"product","2":"type-product","3":"status-publish","4":"has-post-thumbnail","6":"product_cat-outdoor-anbau","7":"product_cat-bluten","8":"product_cat-produkte-mit-10-cbd","10":"first","11":"instock","12":"taxable","13":"shipping-taxable","14":"purchasable","15":"product-type-variable"},"acf":[],"yoast_head":"<!-- This site is optimized with the Yoast SEO plugin v26.3 - https:\/\/yoast.com\/wordpress\/plugins\/seo\/ -->\n<title>Sweet Island Skunk CBD - Hasta 14% CBD | The Tree CBD<\/title>\n<meta name=\"description\" content=\"Sweet Island Skunk CBD ist eine Sorte mit einem unwiderstehlichen Aroma zwischen s\u00fc\u00df und dieselartig. Mit bis zu 14\u202f% CBD! In Europa legal.\" \/>\n<meta name=\"robots\" content=\"index, follow, max-snippet:-1, max-image-preview:large, max-video-preview:-1\" \/>\n<link rel=\"canonical\" href=\"https:\/\/thetreecbd.com\/de\/cbd\/cbd-blueten-outdoor-sweet-island-skunk\" \/>\n<meta property=\"og:locale\" content=\"de_DE\" \/>\n<meta property=\"og:type\" content=\"article\" \/>\n<meta property=\"og:title\" content=\"Sweet Island Skunk CBD - Hasta 14% CBD | The Tree CBD\" \/>\n<meta property=\"og:description\" content=\"Sweet Island Skunk CBD ist eine Sorte mit einem unwiderstehlichen Aroma zwischen s\u00fc\u00df und dieselartig. Mit bis zu 14\u202f% CBD! In Europa legal.\" \/>\n<meta property=\"og:url\" content=\"https:\/\/thetreecbd.com\/de\/cbd\/cbd-blueten-outdoor-sweet-island-skunk\" \/>\n<meta property=\"og:site_name\" content=\"The Tree CBD\" \/>\n<meta property=\"article:publisher\" content=\"https:\/\/www.facebook.com\/thetreeCBD\/\" \/>\n<meta property=\"article:modified_time\" content=\"2025-11-01T17:18:03+00:00\" \/>\n<meta property=\"og:image\" content=\"https:\/\/thetreecbd.com\/wp-content\/uploads\/2021\/05\/cogollos-exterior-sweet-island-skunk-1.jpg\" \/>\n\t<meta property=\"og:image:width\" content=\"600\" \/>\n\t<meta property=\"og:image:height\" content=\"720\" \/>\n\t<meta property=\"og:image:type\" content=\"image\/jpeg\" \/>\n<meta name=\"twitter:card\" content=\"summary_large_image\" \/>\n<meta name=\"twitter:site\" content=\"@TheTreeCBD_EU\" \/>\n<meta name=\"twitter:label1\" content=\"Gesch\u00e4tzte Lesezeit\" \/>\n\t<meta name=\"twitter:data1\" content=\"3\u00a0Minuten\" \/>\n<script type=\"application\/ld+json\" class=\"yoast-schema-graph\">{\"@context\":\"https:\/\/schema.org\",\"@graph\":[{\"@type\":[\"WebPage\",\"ItemPage\"],\"@id\":\"https:\/\/thetreecbd.com\/de\/cbd\/cbd-blueten-outdoor-sweet-island-skunk\",\"url\":\"https:\/\/thetreecbd.com\/de\/cbd\/cbd-blueten-outdoor-sweet-island-skunk\",\"name\":\"Sweet Island Skunk CBD - Hasta 14% CBD | The Tree CBD\",\"isPartOf\":{\"@id\":\"https:\/\/thetreecbd.com\/de#website\"},\"primaryImageOfPage\":{\"@id\":\"https:\/\/thetreecbd.com\/de\/cbd\/cbd-blueten-outdoor-sweet-island-skunk#primaryimage\"},\"image\":{\"@id\":\"https:\/\/thetreecbd.com\/de\/cbd\/cbd-blueten-outdoor-sweet-island-skunk#primaryimage\"},\"thumbnailUrl\":\"https:\/\/thetreecbd.com\/wp-content\/uploads\/2021\/05\/cogollos-exterior-sweet-island-skunk-1.jpg\",\"datePublished\":\"2021-05-13T13:50:37+00:00\",\"dateModified\":\"2025-11-01T17:18:03+00:00\",\"description\":\"Sweet Island Skunk CBD ist eine Sorte mit einem unwiderstehlichen Aroma zwischen s\u00fc\u00df und dieselartig. Mit bis zu 14\u202f% CBD! In Europa legal.\",\"breadcrumb\":{\"@id\":\"https:\/\/thetreecbd.com\/de\/cbd\/cbd-blueten-outdoor-sweet-island-skunk#breadcrumb\"},\"inLanguage\":\"de\",\"potentialAction\":[{\"@type\":\"ReadAction\",\"target\":[\"https:\/\/thetreecbd.com\/de\/cbd\/cbd-blueten-outdoor-sweet-island-skunk\"]}]},{\"@type\":\"ImageObject\",\"inLanguage\":\"de\",\"@id\":\"https:\/\/thetreecbd.com\/de\/cbd\/cbd-blueten-outdoor-sweet-island-skunk#primaryimage\",\"url\":\"https:\/\/thetreecbd.com\/wp-content\/uploads\/2021\/05\/cogollos-exterior-sweet-island-skunk-1.jpg\",\"contentUrl\":\"https:\/\/thetreecbd.com\/wp-content\/uploads\/2021\/05\/cogollos-exterior-sweet-island-skunk-1.jpg\",\"width\":600,\"height\":720},{\"@type\":\"BreadcrumbList\",\"@id\":\"https:\/\/thetreecbd.com\/de\/cbd\/cbd-blueten-outdoor-sweet-island-skunk#breadcrumb\",\"itemListElement\":[{\"@type\":\"ListItem\",\"position\":1,\"name\":\"The Tree\",\"item\":\"https:\/\/thetreecbd.com\/de\"},{\"@type\":\"ListItem\",\"position\":2,\"name\":\"CBD\",\"item\":\"https:\/\/thetreecbd.com\/es\/cbd\"},{\"@type\":\"ListItem\",\"position\":3,\"name\":\"CBD-Bl\u00fcten kaufen\",\"item\":\"https:\/\/thetreecbd.com\/de\/bluten\"},{\"@type\":\"ListItem\",\"position\":4,\"name\":\"Bl\u00fcten aus Outdoor-Anbau\",\"item\":\"https:\/\/thetreecbd.com\/de\/bluten\/outdoor-anbau\"},{\"@type\":\"ListItem\",\"position\":5,\"name\":\"Sweet Island Skunk CBD\"}]},{\"@type\":\"WebSite\",\"@id\":\"https:\/\/thetreecbd.com\/de#website\",\"url\":\"https:\/\/thetreecbd.com\/de\",\"name\":\"The Tree CBD\",\"description\":\"Comprar CBD en Espa\u00f1a Online\",\"publisher\":{\"@id\":\"https:\/\/thetreecbd.com\/de#organization\"},\"potentialAction\":[{\"@type\":\"SearchAction\",\"target\":{\"@type\":\"EntryPoint\",\"urlTemplate\":\"https:\/\/thetreecbd.com\/de?s={search_term_string}\"},\"query-input\":{\"@type\":\"PropertyValueSpecification\",\"valueRequired\":true,\"valueName\":\"search_term_string\"}}],\"inLanguage\":\"de\"},{\"@type\":\"Organization\",\"@id\":\"https:\/\/thetreecbd.com\/de#organization\",\"name\":\"The Tree CBD\",\"url\":\"https:\/\/thetreecbd.com\/de\",\"logo\":{\"@type\":\"ImageObject\",\"inLanguage\":\"de\",\"@id\":\"https:\/\/thetreecbd.com\/de#\/schema\/logo\/image\/\",\"url\":\"https:\/\/thetreecbd.com\/wp-content\/uploads\/2022\/04\/logo-thetree.png\",\"contentUrl\":\"https:\/\/thetreecbd.com\/wp-content\/uploads\/2022\/04\/logo-thetree.png\",\"width\":172,\"height\":55,\"caption\":\"The Tree CBD\"},\"image\":{\"@id\":\"https:\/\/thetreecbd.com\/de#\/schema\/logo\/image\/\"},\"sameAs\":[\"https:\/\/www.facebook.com\/thetreeCBD\/\",\"https:\/\/x.com\/TheTreeCBD_EU\",\"https:\/\/www.instagram.com\/thetree.cbd\/\",\"https:\/\/es.trustpilot.com\/review\/thetreecbd.com\"]}]}<\/script>\n<!-- \/ Yoast SEO plugin. -->","yoast_head_json":{"title":"Sweet Island Skunk CBD - Hasta 14% CBD | The Tree CBD","description":"Sweet Island Skunk CBD ist eine Sorte mit einem unwiderstehlichen Aroma zwischen s\u00fc\u00df und dieselartig. Mit bis zu 14\u202f% CBD! In Europa legal.","robots":{"index":"index","follow":"follow","max-snippet":"max-snippet:-1","max-image-preview":"max-image-preview:large","max-video-preview":"max-video-preview:-1"},"canonical":"https:\/\/thetreecbd.com\/de\/cbd\/cbd-blueten-outdoor-sweet-island-skunk","og_locale":"de_DE","og_type":"article","og_title":"Sweet Island Skunk CBD - Hasta 14% CBD | The Tree CBD","og_description":"Sweet Island Skunk CBD ist eine Sorte mit einem unwiderstehlichen Aroma zwischen s\u00fc\u00df und dieselartig. Mit bis zu 14\u202f% CBD! In Europa legal.","og_url":"https:\/\/thetreecbd.com\/de\/cbd\/cbd-blueten-outdoor-sweet-island-skunk","og_site_name":"The Tree CBD","article_publisher":"https:\/\/www.facebook.com\/thetreeCBD\/","article_modified_time":"2025-11-01T17:18:03+00:00","og_image":[{"width":600,"height":720,"url":"https:\/\/thetreecbd.com\/wp-content\/uploads\/2021\/05\/cogollos-exterior-sweet-island-skunk-1.jpg","type":"image\/jpeg"}],"twitter_card":"summary_large_image","twitter_site":"@TheTreeCBD_EU","twitter_misc":{"Gesch\u00e4tzte Lesezeit":"3\u00a0Minuten"},"schema":{"@context":"https:\/\/schema.org","@graph":[{"@type":["WebPage","ItemPage"],"@id":"https:\/\/thetreecbd.com\/de\/cbd\/cbd-blueten-outdoor-sweet-island-skunk","url":"https:\/\/thetreecbd.com\/de\/cbd\/cbd-blueten-outdoor-sweet-island-skunk","name":"Sweet Island Skunk CBD - Hasta 14% CBD | The Tree CBD","isPartOf":{"@id":"https:\/\/thetreecbd.com\/de#website"},"primaryImageOfPage":{"@id":"https:\/\/thetreecbd.com\/de\/cbd\/cbd-blueten-outdoor-sweet-island-skunk#primaryimage"},"image":{"@id":"https:\/\/thetreecbd.com\/de\/cbd\/cbd-blueten-outdoor-sweet-island-skunk#primaryimage"},"thumbnailUrl":"https:\/\/thetreecbd.com\/wp-content\/uploads\/2021\/05\/cogollos-exterior-sweet-island-skunk-1.jpg","datePublished":"2021-05-13T13:50:37+00:00","dateModified":"2025-11-01T17:18:03+00:00","description":"Sweet Island Skunk CBD ist eine Sorte mit einem unwiderstehlichen Aroma zwischen s\u00fc\u00df und dieselartig. Mit bis zu 14\u202f% CBD! In Europa legal.","breadcrumb":{"@id":"https:\/\/thetreecbd.com\/de\/cbd\/cbd-blueten-outdoor-sweet-island-skunk#breadcrumb"},"inLanguage":"de","potentialAction":[{"@type":"ReadAction","target":["https:\/\/thetreecbd.com\/de\/cbd\/cbd-blueten-outdoor-sweet-island-skunk"]}]},{"@type":"ImageObject","inLanguage":"de","@id":"https:\/\/thetreecbd.com\/de\/cbd\/cbd-blueten-outdoor-sweet-island-skunk#primaryimage","url":"https:\/\/thetreecbd.com\/wp-content\/uploads\/2021\/05\/cogollos-exterior-sweet-island-skunk-1.jpg","contentUrl":"https:\/\/thetreecbd.com\/wp-content\/uploads\/2021\/05\/cogollos-exterior-sweet-island-skunk-1.jpg","width":600,"height":720},{"@type":"BreadcrumbList","@id":"https:\/\/thetreecbd.com\/de\/cbd\/cbd-blueten-outdoor-sweet-island-skunk#breadcrumb","itemListElement":[{"@type":"ListItem","position":1,"name":"The Tree","item":"https:\/\/thetreecbd.com\/de"},{"@type":"ListItem","position":2,"name":"CBD","item":"https:\/\/thetreecbd.com\/es\/cbd"},{"@type":"ListItem","position":3,"name":"CBD-Bl\u00fcten kaufen","item":"https:\/\/thetreecbd.com\/de\/bluten"},{"@type":"ListItem","position":4,"name":"Bl\u00fcten aus Outdoor-Anbau","item":"https:\/\/thetreecbd.com\/de\/bluten\/outdoor-anbau"},{"@type":"ListItem","position":5,"name":"Sweet Island Skunk CBD"}]},{"@type":"WebSite","@id":"https:\/\/thetreecbd.com\/de#website","url":"https:\/\/thetreecbd.com\/de","name":"The Tree CBD","description":"Comprar CBD en Espa\u00f1a Online","publisher":{"@id":"https:\/\/thetreecbd.com\/de#organization"},"potentialAction":[{"@type":"SearchAction","target":{"@type":"EntryPoint","urlTemplate":"https:\/\/thetreecbd.com\/de?s={search_term_string}"},"query-input":{"@type":"PropertyValueSpecification","valueRequired":true,"valueName":"search_term_string"}}],"inLanguage":"de"},{"@type":"Organization","@id":"https:\/\/thetreecbd.com\/de#organization","name":"The Tree CBD","url":"https:\/\/thetreecbd.com\/de","logo":{"@type":"ImageObject","inLanguage":"de","@id":"https:\/\/thetreecbd.com\/de#\/schema\/logo\/image\/","url":"https:\/\/thetreecbd.com\/wp-content\/uploads\/2022\/04\/logo-thetree.png","contentUrl":"https:\/\/thetreecbd.com\/wp-content\/uploads\/2022\/04\/logo-thetree.png","width":172,"height":55,"caption":"The Tree CBD"},"image":{"@id":"https:\/\/thetreecbd.com\/de#\/schema\/logo\/image\/"},"sameAs":["https:\/\/www.facebook.com\/thetreeCBD\/","https:\/\/x.com\/TheTreeCBD_EU","https:\/\/www.instagram.com\/thetree.cbd\/","https:\/\/es.trustpilot.com\/review\/thetreecbd.com"]}]}},"_links":{"self":[{"href":"https:\/\/thetreecbd.com\/de\/wp-json\/wp\/v2\/product\/164944","targetHints":{"allow":["GET"]}}],"collection":[{"href":"https:\/\/thetreecbd.com\/de\/wp-json\/wp\/v2\/product"}],"about":[{"href":"https:\/\/thetreecbd.com\/de\/wp-json\/wp\/v2\/types\/product"}],"version-history":[{"count":0,"href":"https:\/\/thetreecbd.com\/de\/wp-json\/wp\/v2\/product\/164944\/revisions"}],"wp:featuredmedia":[{"embeddable":true,"href":"https:\/\/thetreecbd.com\/de\/wp-json\/wp\/v2\/media\/164947"}],"wp:attachment":[{"href":"https:\/\/thetreecbd.com\/de\/wp-json\/wp\/v2\/media?parent=164944"}],"wp:term":[{"taxonomy":"product_brand","embeddable":true,"href":"https:\/\/thetreecbd.com\/de\/wp-json\/wp\/v2\/product_brand?post=164944"}],"curies":[{"name":"wp","href":"https:\/\/api.w.org\/{rel}","templated":true}]}}