{"id":164983,"date":"2024-11-13T13:45:59","date_gmt":"2024-11-13T12:45:59","guid":{"rendered":"https:\/\/thetreecbd.com\/?post_type=product&#038;p=164983"},"modified":"2025-07-02T15:01:38","modified_gmt":"2025-07-02T13:01:38","slug":"gorilla-glue","status":"publish","type":"product","link":"https:\/\/thetreecbd.com\/de\/cbd\/gorilla-glue","title":{"rendered":"Gorilla Glue"},"content":{"rendered":"<h3>Gorilla Glue CBD<\/h3>\n<p><strong>Die neue Gorilla Glue CBD-Sorte von The Tree CBD<\/strong>, die in einem hydroponischen Glasshouse-Umfeld angebaut wird, ist eine Premium-CBD-Bl\u00fcte, die f\u00fcr alle entwickelt wurde, die ein nat\u00fcrliches und fesselndes Erlebnis suchen.<\/p>\n<p>Mit einem CBD-Gehalt von 18 % \u00fcberzeugt diese Bl\u00fcte durch ihre Qualit\u00e4t und ihr kraftvolles Terpenprofil \u2013 eine einzigartige Wahl f\u00fcr Hanfliebhaber und Kenner komplexer, vielschichtiger Aromen.<\/p>\n<p>Diese Bl\u00fcte ist das Ergebnis einer Zusammenarbeit zwischen The Tree CBD und dem Cannabis-Designer Venyason, der das Verpackungsdesign entworfen hat \u2013 inspiriert von der Cannabiskultur Barcelonas.<\/p>\n<h3>Charakterstark<\/h3>\n<p>Gorilla Glue CBD ist reich an Terpenen wie Myrcen, Pinen und Caryophyllen, die ihr ein unverwechselbares Profil verleihen.<\/p>\n<p><strong>Myrcen<\/strong> ist f\u00fcr die erdigen Noten und die leichte fruchtige S\u00fc\u00dfe verantwortlich, die diese Sorte auszeichnen. Es ist das am h\u00e4ufigsten vorkommende Terpen in dieser Bl\u00fcte und sorgt f\u00fcr ein entspannendes, einh\u00fcllendes Aroma.<\/p>\n<p><strong>Pinen<\/strong>, ein weiterer Hauptbestandteil, bringt frische, harzige Noten mit sich \u2013 wie ein Spaziergang durch einen Kiefernwald \u2013 und verleiht dem Gesamtprofil Klarheit und Frische.<\/p>\n<p><strong>Caryophyllen<\/strong> steuert eine w\u00fcrzige, leicht pfeffrige Basis bei, mit einer warmen Note, die die anderen Terpene perfekt erg\u00e4nzt. Die Kombination dieser drei Hauptterpene mit weiteren sekund\u00e4ren Komponenten ergibt ein reichhaltiges, ausgewogenes Erlebnis \u2013 ideal f\u00fcr alle, die ein charakterstarkes und komplexes Aroma suchen.<\/p>\n<p>Die Buds sind dicht, kompakt und gut geformt, mit einer dicken Schicht kristalliner Trichome, die ihnen ein gl\u00e4nzendes, harziges Aussehen verleihen.<\/p>\n<p>Dunkelgr\u00fcne Farbt\u00f6ne dominieren das Gesamtbild der Bl\u00fcte, durchzogen von violetten Nuancen und leuchtend orangefarbenen Stempeln \u2013 ein visuell ansprechender und raffinierter Kontrast.<\/p>\n<p>Dieses lebendige, detailreiche Erscheinungsbild ist ein direktes Ergebnis des hydroponischen Glasshouse-Anbaus, bei dem jede Wachstumsphase kontrolliert und optimiert wird, um ein hochwertiges Endprodukt zu gew\u00e4hrleisten.<\/p>\n<h3>Eigenschaften von legalem Gorilla Glue CBD<\/h3>\n<ul>\n<li>Hanfbl\u00fcten<\/li>\n<li>Frisches Waldaroma mit erdigen Nuancen<\/li>\n<li>Weniger als 0,20 % THC<\/li>\n<li>18 % CBD<\/li>\n<li>Genetik: Sour Dubb \u00d7 ChechChem Sister \u00d7 Chocolate Diesel<\/li>\n<li>Keine psychoaktive Wirkung<\/li>\n<li>Organisch angebaut<\/li>\n<li>Gentechnikfrei<\/li>\n<li>Frei von Pestiziden<\/li>\n<\/ul>\n<h3>Aroma von Gorilla Glue CBD<\/h3>\n<p>Gorilla Glue CBD besitzt ein markantes, kr\u00e4ftiges Aroma, das die Sinne sofort in eine Mischung aus frischen, erdigen und w\u00fcrzigen Noten eintauchen l\u00e4sst.<\/p>\n<p>Kiefern- und Holznoten verbinden sich mit subtilen R\u00f6staromen von Kaffee und einer leichten fruchtigen S\u00fc\u00dfe \u2013 ein bet\u00f6render Duft, der im Ged\u00e4chtnis bleibt.<\/p>\n<p>Beim genaueren Riechen offenbaren sich Zitrus- und Gew\u00fcrznoten, die eine aromatische Komplexit\u00e4t schaffen, die das Erdige und Frische perfekt ausbalanciert. Der Geschmack erg\u00e4nzt das Aroma mit leichten Zitrusnoten, die den Gaumen erfrischen, und sanften Kr\u00e4utert\u00f6nen, die lange nachklingen \u2013 ein rundum befriedigendes Erlebnis.<\/p>\n<h3>Terpenprofil<\/h3>\n<p>Gorilla Glue CBD zeichnet sich durch ein ausgewogenes und komplexes Terpenprofil aus, das ein reiches, unverwechselbares Aromaerlebnis schafft. Die dominanten Terpene sind:<\/p>\n<ul>\n<li><strong>Myrcen<\/strong>: Das am h\u00e4ufigsten vorkommende Terpen in dieser Sorte. Es verleiht erdige, leicht s\u00fc\u00dfe und fruchtige Noten mit Ankl\u00e4ngen von Trauben und Kr\u00e4utern. Es sorgt f\u00fcr eine entspannende Wirkung.<\/li>\n<li><strong>Pinen<\/strong>: Bekannt aus Kiefern und anderen Pflanzen, bringt es frische, harzige Noten mit, die an einen Nadelwald erinnern. Es verleiht dem Aroma Klarheit und Frische.<\/li>\n<li><strong>Caryophyllen<\/strong>: Mit seinem w\u00fcrzigen, pfeffrigen Duft bringt es W\u00e4rme und Tiefe ins Profil. Es ist das einzige bekannte Terpen, das mit CB2-Rezeptoren interagiert \u2013 hier jedoch vor allem als aromatische Komponente.<\/li>\n<li><strong>Limonen<\/strong>: Bringt eine subtile Zitrusnote ein, die das Profil aufhellt und die erdigen und holzigen Noten harmonisch erg\u00e4nzt.<\/li>\n<li><strong>Humulen<\/strong> (weniger pr\u00e4sent, aber sp\u00fcrbar): Verleiht einen leichten Holz- und Erdduft mit hopfen\u00e4hnlichen Nuancen und verst\u00e4rkt den erdigen Charakter der Bl\u00fcte.<\/li>\n<\/ul>\n<h3>Zielgruppe<\/h3>\n<p>Gorilla Glue CBD richtet sich an ein breites Publikum \u2013 besonders aber an jene, die ein vollst\u00e4ndiges sensorisches Erlebnis in einer Hanfbl\u00fcte suchen. Perfekt f\u00fcr anspruchsvolle Genie\u00dfer, die ein Premiumprodukt mit einem klar definierten Terpenprofil und au\u00dfergew\u00f6hnlichen Aromen w\u00fcnschen.<\/p>\n<p>CBD-Kenner und Liebhaber sensorischer Erlebnisse finden in dieser Sorte eine ideale Begleiterin mit Charakter.<\/p>\n<p>Auch f\u00fcr alle, die ein sorgf\u00e4ltig angebautes Produkt sch\u00e4tzen, ist Gorilla Glue CBD ideal \u2013 denn der hydroponische Anbau im Glasshouse garantiert ein kontrolliertes Umfeld, das das Aroma- und Erscheinungsbild der Bl\u00fcte optimiert.<\/p>\n<p>Wer die Natur liebt, den Duft von W\u00e4ldern sch\u00e4tzt oder einfach eine aromatische und visuelle Auszeit in einer Hanfbl\u00fcte sucht, wird in Gorilla Glue CBD eine faszinierende und einzigartige Wahl finden.<\/p>\n<h3>Sicherheitshinweise<\/h3>\n<h3>Lagerung<\/h3>\n<p>Die CBD-Bl\u00fcten von The Tree sollten idealerweise an einem k\u00fchlen, trockenen Ort gelagert werden \u2013 gesch\u00fctzt vor Licht und starken Ger\u00fcchen, um Verunreinigungen oder Qualit\u00e4tsverluste zu vermeiden.<\/p>\n<p><strong>Hinweis:<\/strong> Die empfohlene Haltbarkeit betr\u00e4gt etwa einen Monat bei sachgem\u00e4\u00dfer Lagerung.<\/p>\n","protected":false},"excerpt":{"rendered":"<ul>\n<li><strong data-start=\"72\" data-end=\"87\">Hanfknospen<\/strong><\/li>\n<li>Frischer Waldduft mit erdigen Nuancen.<\/li>\n<li>Weniger als 0,20 % THC<\/li>\n<li>18 % CBD<\/li>\n<li>Genetik: Sour Dubb \u00d7 ChechChem Sister \u00d7 Chocolate Diesel<\/li>\n<li>Keine psychoaktiven Effekte<\/li>\n<li>Organisch angebaut<\/li>\n<li>Frei von GVO<\/li>\n<li>Frei von Pestiziden<\/li>\n<\/ul>\n","protected":false},"featured_media":183015,"template":"","meta":{"_acf_changed":false},"product_brand":[],"class_list":{"0":"post-164983","1":"product","2":"type-product","3":"status-publish","4":"has-post-thumbnail","6":"product_cat-gewachshaus","7":"product_cat-bluten","8":"product_cat-produkte-mit-20-cbd","10":"first","11":"instock","12":"taxable","13":"shipping-taxable","14":"purchasable","15":"product-type-variable"},"acf":[],"yoast_head":"<!-- This site is optimized with the Yoast SEO plugin v26.3 - https:\/\/yoast.com\/wordpress\/plugins\/seo\/ -->\n<title>Gorilla Glue - 18% CBD. Cannabis Legal | The Tree CBD<\/title>\n<meta name=\"description\" content=\"Gorilla Glue CBD, angebaut im hydroponischen Glasshouse-System, mit 18 % CBD. Erdige, w\u00fcrzige und frische Aromen. Ideal f\u00fcr Hanfkenner.\" \/>\n<meta name=\"robots\" content=\"index, follow, max-snippet:-1, max-image-preview:large, max-video-preview:-1\" \/>\n<link rel=\"canonical\" href=\"https:\/\/thetreecbd.com\/de\/cbd\/gorilla-glue\" \/>\n<meta property=\"og:locale\" content=\"de_DE\" \/>\n<meta property=\"og:type\" content=\"article\" \/>\n<meta property=\"og:title\" content=\"Gorilla Glue - 18% CBD. Cannabis Legal | The Tree CBD\" \/>\n<meta property=\"og:description\" content=\"Gorilla Glue CBD, angebaut im hydroponischen Glasshouse-System, mit 18 % CBD. Erdige, w\u00fcrzige und frische Aromen. Ideal f\u00fcr Hanfkenner.\" \/>\n<meta property=\"og:url\" content=\"https:\/\/thetreecbd.com\/de\/cbd\/gorilla-glue\" \/>\n<meta property=\"og:site_name\" content=\"The Tree CBD\" \/>\n<meta property=\"article:publisher\" content=\"https:\/\/www.facebook.com\/thetreeCBD\/\" \/>\n<meta property=\"article:modified_time\" content=\"2025-07-02T13:01:38+00:00\" \/>\n<meta property=\"og:image\" content=\"https:\/\/thetreecbd.com\/wp-content\/uploads\/2024\/11\/gorilla-glue-cbd-thetree-web.jpg\" \/>\n\t<meta property=\"og:image:width\" content=\"1080\" \/>\n\t<meta property=\"og:image:height\" content=\"1350\" \/>\n\t<meta property=\"og:image:type\" content=\"image\/jpeg\" \/>\n<meta name=\"twitter:card\" content=\"summary_large_image\" \/>\n<meta name=\"twitter:site\" content=\"@TheTreeCBD_EU\" \/>\n<meta name=\"twitter:label1\" content=\"Gesch\u00e4tzte Lesezeit\" \/>\n\t<meta name=\"twitter:data1\" content=\"5\u00a0Minuten\" \/>\n<script type=\"application\/ld+json\" class=\"yoast-schema-graph\">{\"@context\":\"https:\/\/schema.org\",\"@graph\":[{\"@type\":[\"WebPage\",\"ItemPage\"],\"@id\":\"https:\/\/thetreecbd.com\/de\/cbd\/gorilla-glue\",\"url\":\"https:\/\/thetreecbd.com\/de\/cbd\/gorilla-glue\",\"name\":\"Gorilla Glue - 18% CBD. Cannabis Legal | The Tree CBD\",\"isPartOf\":{\"@id\":\"https:\/\/thetreecbd.com\/de#website\"},\"primaryImageOfPage\":{\"@id\":\"https:\/\/thetreecbd.com\/de\/cbd\/gorilla-glue#primaryimage\"},\"image\":{\"@id\":\"https:\/\/thetreecbd.com\/de\/cbd\/gorilla-glue#primaryimage\"},\"thumbnailUrl\":\"https:\/\/thetreecbd.com\/wp-content\/uploads\/2024\/11\/gorilla-glue-cbd-thetree-web.jpg\",\"datePublished\":\"2024-11-13T12:45:59+00:00\",\"dateModified\":\"2025-07-02T13:01:38+00:00\",\"description\":\"Gorilla Glue CBD, angebaut im hydroponischen Glasshouse-System, mit 18 % CBD. Erdige, w\u00fcrzige und frische Aromen. Ideal f\u00fcr Hanfkenner.\",\"breadcrumb\":{\"@id\":\"https:\/\/thetreecbd.com\/de\/cbd\/gorilla-glue#breadcrumb\"},\"inLanguage\":\"de\",\"potentialAction\":[{\"@type\":\"ReadAction\",\"target\":[\"https:\/\/thetreecbd.com\/de\/cbd\/gorilla-glue\"]}]},{\"@type\":\"ImageObject\",\"inLanguage\":\"de\",\"@id\":\"https:\/\/thetreecbd.com\/de\/cbd\/gorilla-glue#primaryimage\",\"url\":\"https:\/\/thetreecbd.com\/wp-content\/uploads\/2024\/11\/gorilla-glue-cbd-thetree-web.jpg\",\"contentUrl\":\"https:\/\/thetreecbd.com\/wp-content\/uploads\/2024\/11\/gorilla-glue-cbd-thetree-web.jpg\",\"width\":1080,\"height\":1350},{\"@type\":\"BreadcrumbList\",\"@id\":\"https:\/\/thetreecbd.com\/de\/cbd\/gorilla-glue#breadcrumb\",\"itemListElement\":[{\"@type\":\"ListItem\",\"position\":1,\"name\":\"The Tree\",\"item\":\"https:\/\/thetreecbd.com\/de\"},{\"@type\":\"ListItem\",\"position\":2,\"name\":\"CBD\",\"item\":\"https:\/\/thetreecbd.com\/es\/cbd\"},{\"@type\":\"ListItem\",\"position\":3,\"name\":\"CBD-Bl\u00fcten kaufen\",\"item\":\"https:\/\/thetreecbd.com\/de\/bluten\"},{\"@type\":\"ListItem\",\"position\":4,\"name\":\"Bl\u00fcten aus dem Gew\u00e4chshaus\",\"item\":\"https:\/\/thetreecbd.com\/de\/bluten\/gewachshaus\"},{\"@type\":\"ListItem\",\"position\":5,\"name\":\"Gorilla Glue\"}]},{\"@type\":\"WebSite\",\"@id\":\"https:\/\/thetreecbd.com\/de#website\",\"url\":\"https:\/\/thetreecbd.com\/de\",\"name\":\"The Tree CBD\",\"description\":\"Comprar CBD en Espa\u00f1a Online\",\"publisher\":{\"@id\":\"https:\/\/thetreecbd.com\/de#organization\"},\"potentialAction\":[{\"@type\":\"SearchAction\",\"target\":{\"@type\":\"EntryPoint\",\"urlTemplate\":\"https:\/\/thetreecbd.com\/de?s={search_term_string}\"},\"query-input\":{\"@type\":\"PropertyValueSpecification\",\"valueRequired\":true,\"valueName\":\"search_term_string\"}}],\"inLanguage\":\"de\"},{\"@type\":\"Organization\",\"@id\":\"https:\/\/thetreecbd.com\/de#organization\",\"name\":\"The Tree CBD\",\"url\":\"https:\/\/thetreecbd.com\/de\",\"logo\":{\"@type\":\"ImageObject\",\"inLanguage\":\"de\",\"@id\":\"https:\/\/thetreecbd.com\/de#\/schema\/logo\/image\/\",\"url\":\"https:\/\/thetreecbd.com\/wp-content\/uploads\/2022\/04\/logo-thetree.png\",\"contentUrl\":\"https:\/\/thetreecbd.com\/wp-content\/uploads\/2022\/04\/logo-thetree.png\",\"width\":172,\"height\":55,\"caption\":\"The Tree CBD\"},\"image\":{\"@id\":\"https:\/\/thetreecbd.com\/de#\/schema\/logo\/image\/\"},\"sameAs\":[\"https:\/\/www.facebook.com\/thetreeCBD\/\",\"https:\/\/x.com\/TheTreeCBD_EU\",\"https:\/\/www.instagram.com\/thetree.cbd\/\",\"https:\/\/es.trustpilot.com\/review\/thetreecbd.com\"]}]}<\/script>\n<!-- \/ Yoast SEO plugin. -->","yoast_head_json":{"title":"Gorilla Glue - 18% CBD. Cannabis Legal | The Tree CBD","description":"Gorilla Glue CBD, angebaut im hydroponischen Glasshouse-System, mit 18 % CBD. Erdige, w\u00fcrzige und frische Aromen. Ideal f\u00fcr Hanfkenner.","robots":{"index":"index","follow":"follow","max-snippet":"max-snippet:-1","max-image-preview":"max-image-preview:large","max-video-preview":"max-video-preview:-1"},"canonical":"https:\/\/thetreecbd.com\/de\/cbd\/gorilla-glue","og_locale":"de_DE","og_type":"article","og_title":"Gorilla Glue - 18% CBD. Cannabis Legal | The Tree CBD","og_description":"Gorilla Glue CBD, angebaut im hydroponischen Glasshouse-System, mit 18 % CBD. Erdige, w\u00fcrzige und frische Aromen. Ideal f\u00fcr Hanfkenner.","og_url":"https:\/\/thetreecbd.com\/de\/cbd\/gorilla-glue","og_site_name":"The Tree CBD","article_publisher":"https:\/\/www.facebook.com\/thetreeCBD\/","article_modified_time":"2025-07-02T13:01:38+00:00","og_image":[{"width":1080,"height":1350,"url":"https:\/\/thetreecbd.com\/wp-content\/uploads\/2024\/11\/gorilla-glue-cbd-thetree-web.jpg","type":"image\/jpeg"}],"twitter_card":"summary_large_image","twitter_site":"@TheTreeCBD_EU","twitter_misc":{"Gesch\u00e4tzte Lesezeit":"5\u00a0Minuten"},"schema":{"@context":"https:\/\/schema.org","@graph":[{"@type":["WebPage","ItemPage"],"@id":"https:\/\/thetreecbd.com\/de\/cbd\/gorilla-glue","url":"https:\/\/thetreecbd.com\/de\/cbd\/gorilla-glue","name":"Gorilla Glue - 18% CBD. Cannabis Legal | The Tree CBD","isPartOf":{"@id":"https:\/\/thetreecbd.com\/de#website"},"primaryImageOfPage":{"@id":"https:\/\/thetreecbd.com\/de\/cbd\/gorilla-glue#primaryimage"},"image":{"@id":"https:\/\/thetreecbd.com\/de\/cbd\/gorilla-glue#primaryimage"},"thumbnailUrl":"https:\/\/thetreecbd.com\/wp-content\/uploads\/2024\/11\/gorilla-glue-cbd-thetree-web.jpg","datePublished":"2024-11-13T12:45:59+00:00","dateModified":"2025-07-02T13:01:38+00:00","description":"Gorilla Glue CBD, angebaut im hydroponischen Glasshouse-System, mit 18 % CBD. Erdige, w\u00fcrzige und frische Aromen. Ideal f\u00fcr Hanfkenner.","breadcrumb":{"@id":"https:\/\/thetreecbd.com\/de\/cbd\/gorilla-glue#breadcrumb"},"inLanguage":"de","potentialAction":[{"@type":"ReadAction","target":["https:\/\/thetreecbd.com\/de\/cbd\/gorilla-glue"]}]},{"@type":"ImageObject","inLanguage":"de","@id":"https:\/\/thetreecbd.com\/de\/cbd\/gorilla-glue#primaryimage","url":"https:\/\/thetreecbd.com\/wp-content\/uploads\/2024\/11\/gorilla-glue-cbd-thetree-web.jpg","contentUrl":"https:\/\/thetreecbd.com\/wp-content\/uploads\/2024\/11\/gorilla-glue-cbd-thetree-web.jpg","width":1080,"height":1350},{"@type":"BreadcrumbList","@id":"https:\/\/thetreecbd.com\/de\/cbd\/gorilla-glue#breadcrumb","itemListElement":[{"@type":"ListItem","position":1,"name":"The Tree","item":"https:\/\/thetreecbd.com\/de"},{"@type":"ListItem","position":2,"name":"CBD","item":"https:\/\/thetreecbd.com\/es\/cbd"},{"@type":"ListItem","position":3,"name":"CBD-Bl\u00fcten kaufen","item":"https:\/\/thetreecbd.com\/de\/bluten"},{"@type":"ListItem","position":4,"name":"Bl\u00fcten aus dem Gew\u00e4chshaus","item":"https:\/\/thetreecbd.com\/de\/bluten\/gewachshaus"},{"@type":"ListItem","position":5,"name":"Gorilla Glue"}]},{"@type":"WebSite","@id":"https:\/\/thetreecbd.com\/de#website","url":"https:\/\/thetreecbd.com\/de","name":"The Tree CBD","description":"Comprar CBD en Espa\u00f1a Online","publisher":{"@id":"https:\/\/thetreecbd.com\/de#organization"},"potentialAction":[{"@type":"SearchAction","target":{"@type":"EntryPoint","urlTemplate":"https:\/\/thetreecbd.com\/de?s={search_term_string}"},"query-input":{"@type":"PropertyValueSpecification","valueRequired":true,"valueName":"search_term_string"}}],"inLanguage":"de"},{"@type":"Organization","@id":"https:\/\/thetreecbd.com\/de#organization","name":"The Tree CBD","url":"https:\/\/thetreecbd.com\/de","logo":{"@type":"ImageObject","inLanguage":"de","@id":"https:\/\/thetreecbd.com\/de#\/schema\/logo\/image\/","url":"https:\/\/thetreecbd.com\/wp-content\/uploads\/2022\/04\/logo-thetree.png","contentUrl":"https:\/\/thetreecbd.com\/wp-content\/uploads\/2022\/04\/logo-thetree.png","width":172,"height":55,"caption":"The Tree CBD"},"image":{"@id":"https:\/\/thetreecbd.com\/de#\/schema\/logo\/image\/"},"sameAs":["https:\/\/www.facebook.com\/thetreeCBD\/","https:\/\/x.com\/TheTreeCBD_EU","https:\/\/www.instagram.com\/thetree.cbd\/","https:\/\/es.trustpilot.com\/review\/thetreecbd.com"]}]}},"_links":{"self":[{"href":"https:\/\/thetreecbd.com\/de\/wp-json\/wp\/v2\/product\/164983","targetHints":{"allow":["GET"]}}],"collection":[{"href":"https:\/\/thetreecbd.com\/de\/wp-json\/wp\/v2\/product"}],"about":[{"href":"https:\/\/thetreecbd.com\/de\/wp-json\/wp\/v2\/types\/product"}],"version-history":[{"count":0,"href":"https:\/\/thetreecbd.com\/de\/wp-json\/wp\/v2\/product\/164983\/revisions"}],"wp:featuredmedia":[{"embeddable":true,"href":"https:\/\/thetreecbd.com\/de\/wp-json\/wp\/v2\/media\/183015"}],"wp:attachment":[{"href":"https:\/\/thetreecbd.com\/de\/wp-json\/wp\/v2\/media?parent=164983"}],"wp:term":[{"taxonomy":"product_brand","embeddable":true,"href":"https:\/\/thetreecbd.com\/de\/wp-json\/wp\/v2\/product_brand?post=164983"}],"curies":[{"name":"wp","href":"https:\/\/api.w.org\/{rel}","templated":true}]}}