{"id":165000,"date":"2020-07-23T12:40:15","date_gmt":"2020-07-23T10:40:15","guid":{"rendered":"https:\/\/thetreecbd.com\/cbd\/cbg-knospen-matterhorn-cbg"},"modified":"2026-03-26T16:49:16","modified_gmt":"2026-03-26T15:49:16","slug":"cbg-knospen-matterhorn-cbg","status":"publish","type":"product","link":"https:\/\/thetreecbd.com\/de\/cbd\/cbg-knospen-matterhorn-cbg","title":{"rendered":"Matterhorn CBG"},"content":{"rendered":"<p class=\"\" data-start=\"50\" data-end=\"336\"><strong data-start=\"50\" data-end=\"336\">The Tree CBD pr\u00e4sentiert die neue Matterhorn CBG Hanfbl\u00fcte, die zwischen 12 und 14 % CBG enth\u00e4lt, mit silbernen Trichomen, die die leuchtend gr\u00fcnen Hanfknospen bedecken. Eine neue und seltene Sorte mit Effekten \u00e4hnlich gr\u00fcnem Tee und einem milden Geschmack nach N\u00fcssen und Kr\u00e4utern.<\/strong><\/p>\n<p class=\"\" data-start=\"338\" data-end=\"933\"><strong data-start=\"338\" data-end=\"370\">Matterhorn CBG: Was ist CBG?<\/strong><br data-start=\"370\" data-end=\"373\" \/>Cannabigerol, oder CBG, ist eines von \u00fcber 100 Cannabinoiden, die in der Cannabispflanze vorkommen. CBG ist ein nicht-psychoaktives Cannabinoid, das bedeutet, es macht nicht \u201ehigh\u201c. Normalerweise wird CBG im Verlauf des Pflanzenwachstums zu CBD und THC umgewandelt, aber einige Industriehanfsorten werden gezielt gez\u00fcchtet, um hohe CBG-Werte zu erzielen und von dessen positiven Wirkungen zu profitieren. \u00c4hnlich wie THC und CBD interagiert CBG mit den Cannabinoid-Rezeptoren im menschlichen K\u00f6rper, wobei jedes Cannabinoid unterschiedliche Effekte hervorruft.<\/p>\n<p class=\"\" data-start=\"935\" data-end=\"1361\"><strong data-start=\"935\" data-end=\"996\">Was ist der Unterschied zwischen CBG-Bl\u00fcte und CBD-Bl\u00fcte?<\/strong><br data-start=\"996\" data-end=\"999\" \/>CBG steht f\u00fcr Cannabigerols\u00e4ure, die Basisverbindung, die sich in Tetrahydrocannabinols\u00e4ure (THCA) \u2014 den Vorl\u00e4ufer von THC \u2014 und Cannabidiols\u00e4ure (CBDA) \u2014 den Vorl\u00e4ufer von CBD \u2014 umwandelt. Die meisten Hanfsorten enthalten nur geringe Mengen an CBG, doch es gibt jetzt neue, CBG-reiche Sorten. Da CBG-Hanfbl\u00fcten noch weniger verbreitet sind, sind sie oft teurer.<\/p>\n<p class=\"\" data-start=\"1363\" data-end=\"1673\">CBG ist das Muttermolek\u00fcl von THC und CBD, die jeweils unterschiedliche molekulare Strukturen und Interaktionen mit dem Endocannabinoid-System haben. Im Gegensatz zu THC sind CBD und CBG nicht psychoaktiv, das hei\u00dft, sie verursachen keinen Rausch. Unsere Matterhorn CBG Hanfbl\u00fcte enth\u00e4lt weniger als 0,2 % THC.<\/p>\n<p class=\"\" data-start=\"1675\" data-end=\"1986\">Jedes Cannabinoid hat eigene positive Eigenschaften, die sich oft \u00fcberschneiden. Gemeinsam eingenommen sollen CBD und CBG die Wirkung von CBD verl\u00e4ngern und verst\u00e4rken. Au\u00dferdem wird angenommen, dass CBG die Wirkung anderer Cannabinoide und Terpene in Vollspektrum-Produkten verst\u00e4rkt oder mit ihnen synergiert.<\/p>\n<p class=\"\" data-start=\"1988\" data-end=\"2110\">Da der THC-Gehalt unter 0,2 % liegt, sind die Bl\u00fcten in ganz Europa v\u00f6llig legal und haben keinerlei psychoaktive Wirkung.<\/p>\n<p class=\"\" data-start=\"2117\" data-end=\"2173\"><strong data-start=\"2117\" data-end=\"2171\">Eigenschaften der legalen Matterhorn CBG Hanfbl\u00fcte<\/strong><\/p>\n<ul data-start=\"2174\" data-end=\"2365\">\n<li class=\"\" data-start=\"2174\" data-end=\"2189\">\n<p class=\"\" data-start=\"2176\" data-end=\"2189\">Hanfknospen<\/p>\n<\/li>\n<li class=\"\" data-start=\"2190\" data-end=\"2202\">\n<p class=\"\" data-start=\"2192\" data-end=\"2202\">14 % CBG<\/p>\n<\/li>\n<li class=\"\" data-start=\"2203\" data-end=\"2229\">\n<p class=\"\" data-start=\"2205\" data-end=\"2229\">Weniger als 0,20 % THC<\/p>\n<\/li>\n<li class=\"\" data-start=\"2230\" data-end=\"2268\">\n<p class=\"\" data-start=\"2232\" data-end=\"2268\">Genetik: EU-zertifiziertes Saatgut<\/p>\n<\/li>\n<li class=\"\" data-start=\"2269\" data-end=\"2300\">\n<p class=\"\" data-start=\"2271\" data-end=\"2300\">Keine psychoaktiven Effekte<\/p>\n<\/li>\n<li class=\"\" data-start=\"2301\" data-end=\"2324\">\n<p class=\"\" data-start=\"2303\" data-end=\"2324\">Biologisch angebaut<\/p>\n<\/li>\n<li class=\"\" data-start=\"2325\" data-end=\"2341\">\n<p class=\"\" data-start=\"2327\" data-end=\"2341\">Frei von GVO<\/p>\n<\/li>\n<li class=\"\" data-start=\"2342\" data-end=\"2365\">\n<p class=\"\" data-start=\"2344\" data-end=\"2365\">Frei von Pestiziden<\/p>\n<\/li>\n<\/ul>\n<p class=\"\" data-start=\"2372\" data-end=\"2571\"><strong data-start=\"2372\" data-end=\"2396\">Aroma Matterhorn CBG<\/strong><br data-start=\"2396\" data-end=\"2399\" \/>Terpene sind in den \u00e4therischen \u00d6len vieler Pflanzen, Blumen und Fr\u00fcchte enthalten und verantwortlich f\u00fcr Geruch und Geschmack. Cannabis weist ein breites Terpenprofil auf.<\/p>\n<p class=\"\" data-start=\"2573\" data-end=\"2699\">Bei CBG \u00fcberwiegen im Aroma grasige und chlorophyllartige Noten, da diese Sorte kein stark ausgepr\u00e4gtes Duftprofil entwickelt.<\/p>\n<p class=\"\" data-start=\"2706\" data-end=\"2842\"><strong data-start=\"2706\" data-end=\"2720\">Zielgruppe<\/strong><br data-start=\"2720\" data-end=\"2723\" \/>Outdoor-gez\u00fcchtete Bl\u00fcten richten sich an diejenigen, die ein nat\u00fcrliches und preislich erschwingliches Produkt suchen.<\/p>\n<p class=\"\" data-start=\"2844\" data-end=\"3060\">Der Outdoor-Anbau ist besonders bei den romantischen Cannabisliebhabern beliebt, da die Umweltvariabilit\u00e4t einer Pflanze kein Hindernis sein sollte, um am Ende ihres Lebenszyklus hervorragende Ergebnisse zu erzielen.<\/p>\n<p class=\"\" data-start=\"3062\" data-end=\"3262\">Zwar kann die Sonneneinstrahlung die Farbe der Knospen etwas dunkler machen, doch nicht alles ist nur Optik \u2014 Aspekte wie Nachhaltigkeit und Wirtschaftlichkeit sollten ebenfalls ber\u00fccksichtigt werden.<\/p>\n<p class=\"\" data-start=\"3264\" data-end=\"3407\">Aus Sicht der K\u00e4ufer bietet Outdoor-CBD-Bl\u00fcte ein erschwinglicheres Produkt, das in der Regel nachhaltiger und kosteng\u00fcnstiger produziert wird.<\/p>\n<p class=\"\" data-start=\"3414\" data-end=\"3681\"><strong data-start=\"3414\" data-end=\"3437\">Sicherheitshinweise<\/strong><br data-start=\"3437\" data-end=\"3440\" \/>Bitte beachten Sie, dass die CBD-Knospen von The Tree ein dekoratives, sammelw\u00fcrdiges und aromatisches Produkt sind. Sie sollten nicht w\u00e4hrend Schwangerschaft oder Stillzeit verwendet werden. Au\u00dferhalb der Reichweite von Kindern aufbewahren.<\/p>\n<p class=\"\" data-start=\"3683\" data-end=\"3787\">Unsere CBD-Knospen k\u00f6nnen geringe Mengen THC enthalten, stets unterhalb des EU-Grenzwerts von 0,2 % THC.<\/p>\n<p class=\"\" data-start=\"3789\" data-end=\"4048\">Die bereitgestellten Informationen dienen nur zu Informations- und Schulungszwecken und ersetzen keinesfalls die medizinische Beratung durch \u00c4rzte oder Apotheker. Unsere Texte sind nicht f\u00fcr die eigenst\u00e4ndige Diagnose oder Behandlung von Krankheiten bestimmt.<\/p>\n<p class=\"\" data-start=\"4050\" data-end=\"4107\">Bei weiteren Fragen stehen wir Ihnen gerne zur Verf\u00fcgung.<\/p>\n<p class=\"\" data-start=\"4114\" data-end=\"4368\"><strong data-start=\"4114\" data-end=\"4126\">Lagerung<\/strong><br data-start=\"4126\" data-end=\"4129\" \/>Ideal lagern Sie die CBD-Knospen von The Tree an einem k\u00fchlen, trockenen Ort, gesch\u00fctzt vor Licht und starken Ger\u00fcchen, um Verunreinigungen oder Qualit\u00e4tsverluste zu vermeiden. Direkte Sonneneinstrahlung und Hitze sollten vermieden werden.<\/p>\n<p class=\"\" data-start=\"4370\" data-end=\"4449\">Achtung: Die empfohlene Haltbarkeit betr\u00e4gt bei richtiger Lagerung einen Monat.<\/p>\n","protected":false},"excerpt":{"rendered":"<ul>\n<li><strong>Hanfknospen<\/strong><\/li>\n<li><strong>14 % CBG<\/strong><\/li>\n<li><strong>Weniger als 0,20 % THC<\/strong><\/li>\n<li><strong>Genetik: EU-zertifiziertes Saatgut<\/strong><\/li>\n<li><strong>Keine psychoaktiven Effekte<\/strong><\/li>\n<li>Biologisch angebaut<\/li>\n<li>Frei von GVO<\/li>\n<li>Frei von Pestiziden<\/li>\n<\/ul>\n","protected":false},"featured_media":181895,"template":"","meta":{"_acf_changed":false},"product_brand":[],"class_list":{"0":"post-165000","1":"product","2":"type-product","3":"status-publish","4":"has-post-thumbnail","6":"product_cat-outdoor-anbau","7":"product_cat-bluten","8":"product_cat-produkte-mit-10-cbd","10":"first","11":"instock","12":"taxable","13":"shipping-taxable","14":"purchasable","15":"product-type-variable"},"acf":[],"yoast_head":"<!-- This site is optimized with the Yoast SEO plugin v26.3 - https:\/\/yoast.com\/wordpress\/plugins\/seo\/ -->\n<title>Matterhorn CBG - 14% CBG. Cannabis Legal | The Tree CBD<\/title>\n<meta name=\"description\" content=\"Matterhorn CBG ist eine neue Sorte mit 14 % CBG, silbernen Trichomen, Wirkungen \u00e4hnlich wie gr\u00fcner Tee und einem milden Geschmack nach N\u00fcssen und Kr\u00e4utern.\" \/>\n<meta name=\"robots\" content=\"index, follow, max-snippet:-1, max-image-preview:large, max-video-preview:-1\" \/>\n<link rel=\"canonical\" href=\"https:\/\/thetreecbd.com\/de\/cbd\/cbg-knospen-matterhorn-cbg\" \/>\n<meta property=\"og:locale\" content=\"de_DE\" \/>\n<meta property=\"og:type\" content=\"article\" \/>\n<meta property=\"og:title\" content=\"Matterhorn CBG - 14% CBG. Cannabis Legal | The Tree CBD\" \/>\n<meta property=\"og:description\" content=\"Matterhorn CBG ist eine neue Sorte mit 14 % CBG, silbernen Trichomen, Wirkungen \u00e4hnlich wie gr\u00fcner Tee und einem milden Geschmack nach N\u00fcssen und Kr\u00e4utern.\" \/>\n<meta property=\"og:url\" content=\"https:\/\/thetreecbd.com\/de\/cbd\/cbg-knospen-matterhorn-cbg\" \/>\n<meta property=\"og:site_name\" content=\"The Tree CBD\" \/>\n<meta property=\"article:publisher\" content=\"https:\/\/www.facebook.com\/thetreeCBD\/\" \/>\n<meta property=\"article:modified_time\" content=\"2026-03-26T15:49:16+00:00\" \/>\n<meta property=\"og:image\" content=\"https:\/\/thetreecbd.com\/wp-content\/uploads\/2020\/07\/matterhorn-thetree-web.jpg\" \/>\n\t<meta property=\"og:image:width\" content=\"1080\" \/>\n\t<meta property=\"og:image:height\" content=\"1350\" \/>\n\t<meta property=\"og:image:type\" content=\"image\/jpeg\" \/>\n<meta name=\"twitter:card\" content=\"summary_large_image\" \/>\n<meta name=\"twitter:site\" content=\"@TheTreeCBD_EU\" \/>\n<meta name=\"twitter:label1\" content=\"Gesch\u00e4tzte Lesezeit\" \/>\n\t<meta name=\"twitter:data1\" content=\"3\u00a0Minuten\" \/>\n<script type=\"application\/ld+json\" class=\"yoast-schema-graph\">{\"@context\":\"https:\/\/schema.org\",\"@graph\":[{\"@type\":[\"WebPage\",\"ItemPage\"],\"@id\":\"https:\/\/thetreecbd.com\/de\/cbd\/cbg-knospen-matterhorn-cbg\",\"url\":\"https:\/\/thetreecbd.com\/de\/cbd\/cbg-knospen-matterhorn-cbg\",\"name\":\"Matterhorn CBG - 14% CBG. Cannabis Legal | The Tree CBD\",\"isPartOf\":{\"@id\":\"https:\/\/thetreecbd.com\/de#website\"},\"primaryImageOfPage\":{\"@id\":\"https:\/\/thetreecbd.com\/de\/cbd\/cbg-knospen-matterhorn-cbg#primaryimage\"},\"image\":{\"@id\":\"https:\/\/thetreecbd.com\/de\/cbd\/cbg-knospen-matterhorn-cbg#primaryimage\"},\"thumbnailUrl\":\"https:\/\/thetreecbd.com\/wp-content\/uploads\/2020\/07\/matterhorn-thetree-web.jpg\",\"datePublished\":\"2020-07-23T10:40:15+00:00\",\"dateModified\":\"2026-03-26T15:49:16+00:00\",\"description\":\"Matterhorn CBG ist eine neue Sorte mit 14 % CBG, silbernen Trichomen, Wirkungen \u00e4hnlich wie gr\u00fcner Tee und einem milden Geschmack nach N\u00fcssen und Kr\u00e4utern.\",\"breadcrumb\":{\"@id\":\"https:\/\/thetreecbd.com\/de\/cbd\/cbg-knospen-matterhorn-cbg#breadcrumb\"},\"inLanguage\":\"de\",\"potentialAction\":[{\"@type\":\"ReadAction\",\"target\":[\"https:\/\/thetreecbd.com\/de\/cbd\/cbg-knospen-matterhorn-cbg\"]}]},{\"@type\":\"ImageObject\",\"inLanguage\":\"de\",\"@id\":\"https:\/\/thetreecbd.com\/de\/cbd\/cbg-knospen-matterhorn-cbg#primaryimage\",\"url\":\"https:\/\/thetreecbd.com\/wp-content\/uploads\/2020\/07\/matterhorn-thetree-web.jpg\",\"contentUrl\":\"https:\/\/thetreecbd.com\/wp-content\/uploads\/2020\/07\/matterhorn-thetree-web.jpg\",\"width\":1080,\"height\":1350},{\"@type\":\"BreadcrumbList\",\"@id\":\"https:\/\/thetreecbd.com\/de\/cbd\/cbg-knospen-matterhorn-cbg#breadcrumb\",\"itemListElement\":[{\"@type\":\"ListItem\",\"position\":1,\"name\":\"The Tree\",\"item\":\"https:\/\/thetreecbd.com\/de\"},{\"@type\":\"ListItem\",\"position\":2,\"name\":\"CBD\",\"item\":\"https:\/\/thetreecbd.com\/es\/cbd\"},{\"@type\":\"ListItem\",\"position\":3,\"name\":\"CBD-Bl\u00fcten kaufen\",\"item\":\"https:\/\/thetreecbd.com\/de\/bluten\"},{\"@type\":\"ListItem\",\"position\":4,\"name\":\"Bl\u00fcten aus Outdoor-Anbau\",\"item\":\"https:\/\/thetreecbd.com\/de\/bluten\/outdoor-anbau\"},{\"@type\":\"ListItem\",\"position\":5,\"name\":\"Matterhorn CBG\"}]},{\"@type\":\"WebSite\",\"@id\":\"https:\/\/thetreecbd.com\/de#website\",\"url\":\"https:\/\/thetreecbd.com\/de\",\"name\":\"The Tree CBD\",\"description\":\"Comprar CBD en Espa\u00f1a Online\",\"publisher\":{\"@id\":\"https:\/\/thetreecbd.com\/de#organization\"},\"potentialAction\":[{\"@type\":\"SearchAction\",\"target\":{\"@type\":\"EntryPoint\",\"urlTemplate\":\"https:\/\/thetreecbd.com\/de?s={search_term_string}\"},\"query-input\":{\"@type\":\"PropertyValueSpecification\",\"valueRequired\":true,\"valueName\":\"search_term_string\"}}],\"inLanguage\":\"de\"},{\"@type\":\"Organization\",\"@id\":\"https:\/\/thetreecbd.com\/de#organization\",\"name\":\"The Tree CBD\",\"url\":\"https:\/\/thetreecbd.com\/de\",\"logo\":{\"@type\":\"ImageObject\",\"inLanguage\":\"de\",\"@id\":\"https:\/\/thetreecbd.com\/de#\/schema\/logo\/image\/\",\"url\":\"https:\/\/thetreecbd.com\/wp-content\/uploads\/2022\/04\/logo-thetree.png\",\"contentUrl\":\"https:\/\/thetreecbd.com\/wp-content\/uploads\/2022\/04\/logo-thetree.png\",\"width\":172,\"height\":55,\"caption\":\"The Tree CBD\"},\"image\":{\"@id\":\"https:\/\/thetreecbd.com\/de#\/schema\/logo\/image\/\"},\"sameAs\":[\"https:\/\/www.facebook.com\/thetreeCBD\/\",\"https:\/\/x.com\/TheTreeCBD_EU\",\"https:\/\/www.instagram.com\/thetree.cbd\/\",\"https:\/\/es.trustpilot.com\/review\/thetreecbd.com\"]}]}<\/script>\n<!-- \/ Yoast SEO plugin. -->","yoast_head_json":{"title":"Matterhorn CBG - 14% CBG. Cannabis Legal | The Tree CBD","description":"Matterhorn CBG ist eine neue Sorte mit 14 % CBG, silbernen Trichomen, Wirkungen \u00e4hnlich wie gr\u00fcner Tee und einem milden Geschmack nach N\u00fcssen und Kr\u00e4utern.","robots":{"index":"index","follow":"follow","max-snippet":"max-snippet:-1","max-image-preview":"max-image-preview:large","max-video-preview":"max-video-preview:-1"},"canonical":"https:\/\/thetreecbd.com\/de\/cbd\/cbg-knospen-matterhorn-cbg","og_locale":"de_DE","og_type":"article","og_title":"Matterhorn CBG - 14% CBG. Cannabis Legal | The Tree CBD","og_description":"Matterhorn CBG ist eine neue Sorte mit 14 % CBG, silbernen Trichomen, Wirkungen \u00e4hnlich wie gr\u00fcner Tee und einem milden Geschmack nach N\u00fcssen und Kr\u00e4utern.","og_url":"https:\/\/thetreecbd.com\/de\/cbd\/cbg-knospen-matterhorn-cbg","og_site_name":"The Tree CBD","article_publisher":"https:\/\/www.facebook.com\/thetreeCBD\/","article_modified_time":"2026-03-26T15:49:16+00:00","og_image":[{"width":1080,"height":1350,"url":"https:\/\/thetreecbd.com\/wp-content\/uploads\/2020\/07\/matterhorn-thetree-web.jpg","type":"image\/jpeg"}],"twitter_card":"summary_large_image","twitter_site":"@TheTreeCBD_EU","twitter_misc":{"Gesch\u00e4tzte Lesezeit":"3\u00a0Minuten"},"schema":{"@context":"https:\/\/schema.org","@graph":[{"@type":["WebPage","ItemPage"],"@id":"https:\/\/thetreecbd.com\/de\/cbd\/cbg-knospen-matterhorn-cbg","url":"https:\/\/thetreecbd.com\/de\/cbd\/cbg-knospen-matterhorn-cbg","name":"Matterhorn CBG - 14% CBG. Cannabis Legal | The Tree CBD","isPartOf":{"@id":"https:\/\/thetreecbd.com\/de#website"},"primaryImageOfPage":{"@id":"https:\/\/thetreecbd.com\/de\/cbd\/cbg-knospen-matterhorn-cbg#primaryimage"},"image":{"@id":"https:\/\/thetreecbd.com\/de\/cbd\/cbg-knospen-matterhorn-cbg#primaryimage"},"thumbnailUrl":"https:\/\/thetreecbd.com\/wp-content\/uploads\/2020\/07\/matterhorn-thetree-web.jpg","datePublished":"2020-07-23T10:40:15+00:00","dateModified":"2026-03-26T15:49:16+00:00","description":"Matterhorn CBG ist eine neue Sorte mit 14 % CBG, silbernen Trichomen, Wirkungen \u00e4hnlich wie gr\u00fcner Tee und einem milden Geschmack nach N\u00fcssen und Kr\u00e4utern.","breadcrumb":{"@id":"https:\/\/thetreecbd.com\/de\/cbd\/cbg-knospen-matterhorn-cbg#breadcrumb"},"inLanguage":"de","potentialAction":[{"@type":"ReadAction","target":["https:\/\/thetreecbd.com\/de\/cbd\/cbg-knospen-matterhorn-cbg"]}]},{"@type":"ImageObject","inLanguage":"de","@id":"https:\/\/thetreecbd.com\/de\/cbd\/cbg-knospen-matterhorn-cbg#primaryimage","url":"https:\/\/thetreecbd.com\/wp-content\/uploads\/2020\/07\/matterhorn-thetree-web.jpg","contentUrl":"https:\/\/thetreecbd.com\/wp-content\/uploads\/2020\/07\/matterhorn-thetree-web.jpg","width":1080,"height":1350},{"@type":"BreadcrumbList","@id":"https:\/\/thetreecbd.com\/de\/cbd\/cbg-knospen-matterhorn-cbg#breadcrumb","itemListElement":[{"@type":"ListItem","position":1,"name":"The Tree","item":"https:\/\/thetreecbd.com\/de"},{"@type":"ListItem","position":2,"name":"CBD","item":"https:\/\/thetreecbd.com\/es\/cbd"},{"@type":"ListItem","position":3,"name":"CBD-Bl\u00fcten kaufen","item":"https:\/\/thetreecbd.com\/de\/bluten"},{"@type":"ListItem","position":4,"name":"Bl\u00fcten aus Outdoor-Anbau","item":"https:\/\/thetreecbd.com\/de\/bluten\/outdoor-anbau"},{"@type":"ListItem","position":5,"name":"Matterhorn CBG"}]},{"@type":"WebSite","@id":"https:\/\/thetreecbd.com\/de#website","url":"https:\/\/thetreecbd.com\/de","name":"The Tree CBD","description":"Comprar CBD en Espa\u00f1a Online","publisher":{"@id":"https:\/\/thetreecbd.com\/de#organization"},"potentialAction":[{"@type":"SearchAction","target":{"@type":"EntryPoint","urlTemplate":"https:\/\/thetreecbd.com\/de?s={search_term_string}"},"query-input":{"@type":"PropertyValueSpecification","valueRequired":true,"valueName":"search_term_string"}}],"inLanguage":"de"},{"@type":"Organization","@id":"https:\/\/thetreecbd.com\/de#organization","name":"The Tree CBD","url":"https:\/\/thetreecbd.com\/de","logo":{"@type":"ImageObject","inLanguage":"de","@id":"https:\/\/thetreecbd.com\/de#\/schema\/logo\/image\/","url":"https:\/\/thetreecbd.com\/wp-content\/uploads\/2022\/04\/logo-thetree.png","contentUrl":"https:\/\/thetreecbd.com\/wp-content\/uploads\/2022\/04\/logo-thetree.png","width":172,"height":55,"caption":"The Tree CBD"},"image":{"@id":"https:\/\/thetreecbd.com\/de#\/schema\/logo\/image\/"},"sameAs":["https:\/\/www.facebook.com\/thetreeCBD\/","https:\/\/x.com\/TheTreeCBD_EU","https:\/\/www.instagram.com\/thetree.cbd\/","https:\/\/es.trustpilot.com\/review\/thetreecbd.com"]}]}},"_links":{"self":[{"href":"https:\/\/thetreecbd.com\/de\/wp-json\/wp\/v2\/product\/165000","targetHints":{"allow":["GET"]}}],"collection":[{"href":"https:\/\/thetreecbd.com\/de\/wp-json\/wp\/v2\/product"}],"about":[{"href":"https:\/\/thetreecbd.com\/de\/wp-json\/wp\/v2\/types\/product"}],"version-history":[{"count":0,"href":"https:\/\/thetreecbd.com\/de\/wp-json\/wp\/v2\/product\/165000\/revisions"}],"wp:featuredmedia":[{"embeddable":true,"href":"https:\/\/thetreecbd.com\/de\/wp-json\/wp\/v2\/media\/181895"}],"wp:attachment":[{"href":"https:\/\/thetreecbd.com\/de\/wp-json\/wp\/v2\/media?parent=165000"}],"wp:term":[{"taxonomy":"product_brand","embeddable":true,"href":"https:\/\/thetreecbd.com\/de\/wp-json\/wp\/v2\/product_brand?post=165000"}],"curies":[{"name":"wp","href":"https:\/\/api.w.org\/{rel}","templated":true}]}}