{"id":165046,"date":"2018-07-28T06:59:01","date_gmt":"2018-07-28T04:59:01","guid":{"rendered":"https:\/\/thetreecbd.com\/cbd\/blueten-aus-dem-gewaechshaus-orange-cookies"},"modified":"2026-03-26T14:14:17","modified_gmt":"2026-03-26T13:14:17","slug":"blueten-aus-dem-gewaechshaus-orange-cookies","status":"publish","type":"product","link":"https:\/\/thetreecbd.com\/de\/cbd\/blueten-aus-dem-gewaechshaus-orange-cookies","title":{"rendered":"Orange Cookies CBD"},"content":{"rendered":"<p class=\"\" data-start=\"98\" data-end=\"425\"><strong data-start=\"98\" data-end=\"239\">The Tree CBD bringt Ihnen die legalen Hanfbl\u00fcten der Sorte Orange Cookies CBD \u2013 eine saftige Sorte mit hohem CBD-Gehalt und mildem Aroma.<\/strong><br data-start=\"239\" data-end=\"242\" \/>Die Bl\u00fcten stammen von einer genetischen Kreuzung zwischen Orange Cookies x reinem CBD, die zu 100 % nat\u00fcrlich im Innenanbau ohne jegliche Zusatzstoffe oder Pestizide kultiviert wird.<\/p>\n<p class=\"\" data-start=\"427\" data-end=\"770\"><strong data-start=\"427\" data-end=\"485\">Ein Aussehen und Aroma, das an Orange Cookies erinnert<\/strong><br data-start=\"485\" data-end=\"488\" \/>Orange Cookies CBD ist eine s\u00fc\u00dfe, zitrusartige Bl\u00fcte mit gro\u00dfen, kompakten Knospen. Die Bl\u00fcten zeigen violette, gr\u00fcne und orange Farbt\u00f6ne, die an die Farbnuancen der Orange Cookies erinnern. Die hohe Konzentration an Trichomen macht die Bl\u00fcten zudem besonders attraktiv und fotogen.<\/p>\n<p class=\"\" data-start=\"772\" data-end=\"1249\">Diese Bl\u00fcte bietet zudem einen kr\u00e4ftigen und intensiven Geruch. Ihr Aroma erinnert an frisch geschnittene Orangen \u2013 s\u00fc\u00df und zitrusartig. Insgesamt besitzt diese CBD-Bl\u00fcte ein s\u00fc\u00df-saures Aroma, das die S\u00e4ure der Orange mit Kush-Noten sowie sanften, erdigen und floralen Ankl\u00e4ngen vereint. Daher der Name: die S\u00fc\u00dfe der Cookies und die S\u00e4ure der Zitrusfrucht. Beim Riechen entfaltet sich der Duft bis auf die Geschmacksknospen, was an die bekannte Cannabis-Sorte Cookies erinnert.<\/p>\n<p class=\"\" data-start=\"1251\" data-end=\"1353\">Mit dieser CBD-Bl\u00fcte erleben Sie eine entspannende Wirkung dank des hohen CBD-Gehalts von 10 bis 12 %.<\/p>\n<p class=\"\" data-start=\"1355\" data-end=\"1476\">Da sie weniger als 0,20 % THC enth\u00e4lt, ist sie in ganz Europa vollst\u00e4ndig legal und zeigt keinerlei psychoaktive Wirkung.<\/p>\n<p class=\"\" data-start=\"1483\" data-end=\"1544\"><strong data-start=\"1483\" data-end=\"1542\">Eigenschaften der legalen Cannabis-Sorte Orange Cookies<\/strong><\/p>\n<ul data-start=\"1545\" data-end=\"1783\">\n<li class=\"\" data-start=\"1545\" data-end=\"1559\">\n<p class=\"\" data-start=\"1547\" data-end=\"1559\">Hanfbl\u00fcten<\/p>\n<\/li>\n<li class=\"\" data-start=\"1560\" data-end=\"1586\">\n<p class=\"\" data-start=\"1562\" data-end=\"1586\">Weniger als 0,20 % THC<\/p>\n<\/li>\n<li class=\"\" data-start=\"1587\" data-end=\"1608\">\n<p class=\"\" data-start=\"1589\" data-end=\"1608\">10 % bis 12 % CBD<\/p>\n<\/li>\n<li class=\"\" data-start=\"1609\" data-end=\"1658\">\n<p class=\"\" data-start=\"1611\" data-end=\"1658\">Genetik: Original Orange Cookies x reines CBD<\/p>\n<\/li>\n<li class=\"\" data-start=\"1659\" data-end=\"1687\">\n<p class=\"\" data-start=\"1661\" data-end=\"1687\">Sativa 40 %, Indica 60 %<\/p>\n<\/li>\n<li class=\"\" data-start=\"1688\" data-end=\"1719\">\n<p class=\"\" data-start=\"1690\" data-end=\"1719\">Keine psychoaktiven Effekte<\/p>\n<\/li>\n<li class=\"\" data-start=\"1720\" data-end=\"1742\">\n<p class=\"\" data-start=\"1722\" data-end=\"1742\">Organisch angebaut<\/p>\n<\/li>\n<li class=\"\" data-start=\"1743\" data-end=\"1759\">\n<p class=\"\" data-start=\"1745\" data-end=\"1759\">Frei von GVO<\/p>\n<\/li>\n<li class=\"\" data-start=\"1760\" data-end=\"1783\">\n<p class=\"\" data-start=\"1762\" data-end=\"1783\">Frei von Pestiziden<\/p>\n<\/li>\n<\/ul>\n<p class=\"\" data-start=\"1790\" data-end=\"2010\"><strong data-start=\"1790\" data-end=\"1822\">Aroma von Orange Cookies CBD<\/strong><br data-start=\"1822\" data-end=\"1825\" \/>Terpene sind in den meisten \u00e4therischen \u00d6len vieler Pflanzen, Blumen und Fr\u00fcchte enthalten und verantwortlich f\u00fcr Geruch und Geschmack. Im Cannabis findet sich ein breites Terpenprofil.<\/p>\n<p class=\"\" data-start=\"2012\" data-end=\"2230\">Die Orange Cookies CBD von The Tree ist ein Klassiker f\u00fcr Liebhaber von Zitrusaromen. Sie besitzt s\u00fc\u00dfe Noten, die an frisch gebackene Kekse erinnern, kombiniert mit einem unverkennbaren Aroma von Orange oder Mandarine.<\/p>\n<p class=\"\" data-start=\"2237\" data-end=\"2463\"><strong data-start=\"2237\" data-end=\"2251\">Zielgruppe<\/strong><br data-start=\"2251\" data-end=\"2254\" \/>CBD-Bl\u00fcten aus Gew\u00e4chshaus-Anbau sind ideal f\u00fcr diejenigen, die das beste Preis-Leistungs-Verh\u00e4ltnis suchen. Sie bieten eine kr\u00e4ftig gr\u00fcne Farbe und hohe Qualit\u00e4t, zu einem g\u00fcnstigeren Preis als Indoor-Bl\u00fcten.<\/p>\n<p class=\"\" data-start=\"2465\" data-end=\"2925\">Moderne Gew\u00e4chsh\u00e4user sind so gut ausgestattet, dass sie fast so effektiv wie Indoor-Anbau sind, dabei aber das Sonnenlicht filtern k\u00f6nnen. Oft wird zus\u00e4tzlich k\u00fcnstliche Beleuchtung eingesetzt, um ganzj\u00e4hrig bis zu vier Erntezyklen zu erm\u00f6glichen. Daher entscheiden sich immer mehr CBD-Z\u00fcchter f\u00fcr diese Zwischenl\u00f6sung, da sie das Klima kontrollieren k\u00f6nnen, die Sonnenstrahlen f\u00fcr die Pflanze weniger aggressiv sind und der Ertrag ganzj\u00e4hrig gesteigert wird.<\/p>\n<p class=\"\" data-start=\"2927\" data-end=\"3052\">Aus K\u00e4ufersicht sind Gew\u00e4chshaus-Bl\u00fcten die beste Wahl f\u00fcr alle, die ein exzellentes Verh\u00e4ltnis von Qualit\u00e4t zu Preis suchen.<\/p>\n<p class=\"\" data-start=\"3059\" data-end=\"3331\"><strong data-start=\"3059\" data-end=\"3087\">Sicherheitsinformationen<\/strong><br data-start=\"3087\" data-end=\"3090\" \/>Bitte beachten Sie, dass die CBD-Bl\u00fcten von The Tree ein dekoratives, sammelbares und aromatisches Produkt sind. Sie sollten w\u00e4hrend der Schwangerschaft oder Stillzeit nicht verwendet werden. Au\u00dferhalb der Reichweite von Kindern aufbewahren.<\/p>\n<p class=\"\" data-start=\"3333\" data-end=\"3447\">Unsere CBD-Bl\u00fcten k\u00f6nnen eine geringe Menge THC enthalten, die jedoch unterhalb des EU-Grenzwerts von 0,2 % liegt.<\/p>\n<p class=\"\" data-start=\"3449\" data-end=\"3715\">Die bereitgestellten Informationen dienen ausschlie\u00dflich zur Information und Schulung und ersetzen keinesfalls die medizinische Beratung durch einen Arzt oder Apotheker. Unsere Texte sind nicht f\u00fcr eine eigenst\u00e4ndige Diagnose oder Behandlung von Krankheiten gedacht.<\/p>\n<p class=\"\" data-start=\"3717\" data-end=\"3771\">Bei weiteren Fragen k\u00f6nnen Sie uns gerne kontaktieren.<\/p>\n<p class=\"\" data-start=\"3778\" data-end=\"4017\"><strong data-start=\"3778\" data-end=\"3790\">Lagerung<\/strong><br data-start=\"3790\" data-end=\"3793\" \/>Ideal ist es, die CBD-Bl\u00fcten von The Tree k\u00fchl und trocken, gesch\u00fctzt vor Licht und starken Ger\u00fcchen, zu lagern, um Verunreinigungen und\/oder Abbau zu vermeiden. Direkte Sonneneinstrahlung und Hitze sollten vermieden werden.<\/p>\n<p class=\"\" data-start=\"4019\" data-end=\"4098\">Achtung: Die angegebene Haltbarkeit betr\u00e4gt bei richtiger Lagerung einen Monat.<\/p>\n<p class=\"\" data-start=\"4105\" data-end=\"4197\">\n","protected":false},"excerpt":{"rendered":"<ul>\n<li data-start=\"72\" data-end=\"295\"><strong data-start=\"72\" data-end=\"86\">Hanfbl\u00fcten<\/strong><\/li>\n<li data-start=\"72\" data-end=\"295\">Weniger als 0,20 % THC<\/li>\n<li data-start=\"72\" data-end=\"295\">10 % bis 12 % CBD<\/li>\n<li data-start=\"72\" data-end=\"295\">Genetik: Original Orange Cookies x reines CBD<\/li>\n<li data-start=\"72\" data-end=\"295\">Sativa 40 % Indica 60 %<\/li>\n<li data-start=\"72\" data-end=\"295\">Keine psychoaktiven Effekte<\/li>\n<li data-start=\"72\" data-end=\"295\">Organisch angebaut<\/li>\n<li data-start=\"72\" data-end=\"295\">Frei von GVO<\/li>\n<li data-start=\"72\" data-end=\"295\">Frei von Pestiziden<\/li>\n<\/ul>\n","protected":false},"featured_media":181407,"template":"","meta":{"_acf_changed":false},"product_brand":[],"class_list":{"0":"post-165046","1":"product","2":"type-product","3":"status-publish","4":"has-post-thumbnail","6":"product_cat-gewachshaus","7":"product_cat-bluten","8":"product_cat-produkte-mit-10-cbd","10":"first","11":"instock","12":"sale","13":"taxable","14":"shipping-taxable","15":"purchasable","16":"product-type-variable"},"acf":[],"yoast_head":"<!-- This site is optimized with the Yoast SEO plugin v26.3 - https:\/\/yoast.com\/wordpress\/plugins\/seo\/ -->\n<title>Orange Cookies CBD - 12% CBD. Cannabis Legal | The Tree CBD<\/title>\n<meta name=\"description\" content=\"Probier die Orange Cookies CBD. Diese Sorte bietet ein s\u00fc\u00dfes, zitroniges Aroma und einen CBD-Gehalt von bis zu 12 %. Hochwertiges, legales CBD in Spanien und Europa.\" \/>\n<meta name=\"robots\" content=\"index, follow, max-snippet:-1, max-image-preview:large, max-video-preview:-1\" \/>\n<link rel=\"canonical\" href=\"https:\/\/thetreecbd.com\/de\/cbd\/blueten-aus-dem-gewaechshaus-orange-cookies\" \/>\n<meta property=\"og:locale\" content=\"de_DE\" \/>\n<meta property=\"og:type\" content=\"article\" \/>\n<meta property=\"og:title\" content=\"Orange Cookies CBD - 12% CBD. Cannabis Legal | The Tree CBD\" \/>\n<meta property=\"og:description\" content=\"Probier die Orange Cookies CBD. Diese Sorte bietet ein s\u00fc\u00dfes, zitroniges Aroma und einen CBD-Gehalt von bis zu 12 %. Hochwertiges, legales CBD in Spanien und Europa.\" \/>\n<meta property=\"og:url\" content=\"https:\/\/thetreecbd.com\/de\/cbd\/blueten-aus-dem-gewaechshaus-orange-cookies\" \/>\n<meta property=\"og:site_name\" content=\"The Tree CBD\" \/>\n<meta property=\"article:publisher\" content=\"https:\/\/www.facebook.com\/thetreeCBD\/\" \/>\n<meta property=\"article:modified_time\" content=\"2026-03-26T13:14:17+00:00\" \/>\n<meta property=\"og:image\" content=\"https:\/\/thetreecbd.com\/wp-content\/uploads\/2018\/07\/Orange-cookies-thetree-web.jpg\" \/>\n\t<meta property=\"og:image:width\" content=\"1080\" \/>\n\t<meta property=\"og:image:height\" content=\"1350\" \/>\n\t<meta property=\"og:image:type\" content=\"image\/jpeg\" \/>\n<meta name=\"twitter:card\" content=\"summary_large_image\" \/>\n<meta name=\"twitter:site\" content=\"@TheTreeCBD_EU\" \/>\n<meta name=\"twitter:label1\" content=\"Gesch\u00e4tzte Lesezeit\" \/>\n\t<meta name=\"twitter:data1\" content=\"3\u00a0Minuten\" \/>\n<script type=\"application\/ld+json\" class=\"yoast-schema-graph\">{\"@context\":\"https:\/\/schema.org\",\"@graph\":[{\"@type\":[\"WebPage\",\"ItemPage\"],\"@id\":\"https:\/\/thetreecbd.com\/de\/cbd\/blueten-aus-dem-gewaechshaus-orange-cookies\",\"url\":\"https:\/\/thetreecbd.com\/de\/cbd\/blueten-aus-dem-gewaechshaus-orange-cookies\",\"name\":\"Orange Cookies CBD - 12% CBD. Cannabis Legal | The Tree CBD\",\"isPartOf\":{\"@id\":\"https:\/\/thetreecbd.com\/de#website\"},\"primaryImageOfPage\":{\"@id\":\"https:\/\/thetreecbd.com\/de\/cbd\/blueten-aus-dem-gewaechshaus-orange-cookies#primaryimage\"},\"image\":{\"@id\":\"https:\/\/thetreecbd.com\/de\/cbd\/blueten-aus-dem-gewaechshaus-orange-cookies#primaryimage\"},\"thumbnailUrl\":\"https:\/\/thetreecbd.com\/wp-content\/uploads\/2018\/07\/Orange-cookies-thetree-web.jpg\",\"datePublished\":\"2018-07-28T04:59:01+00:00\",\"dateModified\":\"2026-03-26T13:14:17+00:00\",\"description\":\"Probier die Orange Cookies CBD. Diese Sorte bietet ein s\u00fc\u00dfes, zitroniges Aroma und einen CBD-Gehalt von bis zu 12 %. Hochwertiges, legales CBD in Spanien und Europa.\",\"breadcrumb\":{\"@id\":\"https:\/\/thetreecbd.com\/de\/cbd\/blueten-aus-dem-gewaechshaus-orange-cookies#breadcrumb\"},\"inLanguage\":\"de\",\"potentialAction\":[{\"@type\":\"ReadAction\",\"target\":[\"https:\/\/thetreecbd.com\/de\/cbd\/blueten-aus-dem-gewaechshaus-orange-cookies\"]}]},{\"@type\":\"ImageObject\",\"inLanguage\":\"de\",\"@id\":\"https:\/\/thetreecbd.com\/de\/cbd\/blueten-aus-dem-gewaechshaus-orange-cookies#primaryimage\",\"url\":\"https:\/\/thetreecbd.com\/wp-content\/uploads\/2018\/07\/Orange-cookies-thetree-web.jpg\",\"contentUrl\":\"https:\/\/thetreecbd.com\/wp-content\/uploads\/2018\/07\/Orange-cookies-thetree-web.jpg\",\"width\":1080,\"height\":1350},{\"@type\":\"BreadcrumbList\",\"@id\":\"https:\/\/thetreecbd.com\/de\/cbd\/blueten-aus-dem-gewaechshaus-orange-cookies#breadcrumb\",\"itemListElement\":[{\"@type\":\"ListItem\",\"position\":1,\"name\":\"The Tree\",\"item\":\"https:\/\/thetreecbd.com\/de\"},{\"@type\":\"ListItem\",\"position\":2,\"name\":\"CBD\",\"item\":\"https:\/\/thetreecbd.com\/es\/cbd\"},{\"@type\":\"ListItem\",\"position\":3,\"name\":\"CBD-Bl\u00fcten kaufen\",\"item\":\"https:\/\/thetreecbd.com\/de\/bluten\"},{\"@type\":\"ListItem\",\"position\":4,\"name\":\"Bl\u00fcten aus dem Gew\u00e4chshaus\",\"item\":\"https:\/\/thetreecbd.com\/de\/bluten\/gewachshaus\"},{\"@type\":\"ListItem\",\"position\":5,\"name\":\"Orange Cookies CBD\"}]},{\"@type\":\"WebSite\",\"@id\":\"https:\/\/thetreecbd.com\/de#website\",\"url\":\"https:\/\/thetreecbd.com\/de\",\"name\":\"The Tree CBD\",\"description\":\"Comprar CBD en Espa\u00f1a Online\",\"publisher\":{\"@id\":\"https:\/\/thetreecbd.com\/de#organization\"},\"potentialAction\":[{\"@type\":\"SearchAction\",\"target\":{\"@type\":\"EntryPoint\",\"urlTemplate\":\"https:\/\/thetreecbd.com\/de?s={search_term_string}\"},\"query-input\":{\"@type\":\"PropertyValueSpecification\",\"valueRequired\":true,\"valueName\":\"search_term_string\"}}],\"inLanguage\":\"de\"},{\"@type\":\"Organization\",\"@id\":\"https:\/\/thetreecbd.com\/de#organization\",\"name\":\"The Tree CBD\",\"url\":\"https:\/\/thetreecbd.com\/de\",\"logo\":{\"@type\":\"ImageObject\",\"inLanguage\":\"de\",\"@id\":\"https:\/\/thetreecbd.com\/de#\/schema\/logo\/image\/\",\"url\":\"https:\/\/thetreecbd.com\/wp-content\/uploads\/2022\/04\/logo-thetree.png\",\"contentUrl\":\"https:\/\/thetreecbd.com\/wp-content\/uploads\/2022\/04\/logo-thetree.png\",\"width\":172,\"height\":55,\"caption\":\"The Tree CBD\"},\"image\":{\"@id\":\"https:\/\/thetreecbd.com\/de#\/schema\/logo\/image\/\"},\"sameAs\":[\"https:\/\/www.facebook.com\/thetreeCBD\/\",\"https:\/\/x.com\/TheTreeCBD_EU\",\"https:\/\/www.instagram.com\/thetree.cbd\/\",\"https:\/\/es.trustpilot.com\/review\/thetreecbd.com\"]}]}<\/script>\n<!-- \/ Yoast SEO plugin. -->","yoast_head_json":{"title":"Orange Cookies CBD - 12% CBD. Cannabis Legal | The Tree CBD","description":"Probier die Orange Cookies CBD. Diese Sorte bietet ein s\u00fc\u00dfes, zitroniges Aroma und einen CBD-Gehalt von bis zu 12 %. Hochwertiges, legales CBD in Spanien und Europa.","robots":{"index":"index","follow":"follow","max-snippet":"max-snippet:-1","max-image-preview":"max-image-preview:large","max-video-preview":"max-video-preview:-1"},"canonical":"https:\/\/thetreecbd.com\/de\/cbd\/blueten-aus-dem-gewaechshaus-orange-cookies","og_locale":"de_DE","og_type":"article","og_title":"Orange Cookies CBD - 12% CBD. Cannabis Legal | The Tree CBD","og_description":"Probier die Orange Cookies CBD. Diese Sorte bietet ein s\u00fc\u00dfes, zitroniges Aroma und einen CBD-Gehalt von bis zu 12 %. Hochwertiges, legales CBD in Spanien und Europa.","og_url":"https:\/\/thetreecbd.com\/de\/cbd\/blueten-aus-dem-gewaechshaus-orange-cookies","og_site_name":"The Tree CBD","article_publisher":"https:\/\/www.facebook.com\/thetreeCBD\/","article_modified_time":"2026-03-26T13:14:17+00:00","og_image":[{"width":1080,"height":1350,"url":"https:\/\/thetreecbd.com\/wp-content\/uploads\/2018\/07\/Orange-cookies-thetree-web.jpg","type":"image\/jpeg"}],"twitter_card":"summary_large_image","twitter_site":"@TheTreeCBD_EU","twitter_misc":{"Gesch\u00e4tzte Lesezeit":"3\u00a0Minuten"},"schema":{"@context":"https:\/\/schema.org","@graph":[{"@type":["WebPage","ItemPage"],"@id":"https:\/\/thetreecbd.com\/de\/cbd\/blueten-aus-dem-gewaechshaus-orange-cookies","url":"https:\/\/thetreecbd.com\/de\/cbd\/blueten-aus-dem-gewaechshaus-orange-cookies","name":"Orange Cookies CBD - 12% CBD. Cannabis Legal | The Tree CBD","isPartOf":{"@id":"https:\/\/thetreecbd.com\/de#website"},"primaryImageOfPage":{"@id":"https:\/\/thetreecbd.com\/de\/cbd\/blueten-aus-dem-gewaechshaus-orange-cookies#primaryimage"},"image":{"@id":"https:\/\/thetreecbd.com\/de\/cbd\/blueten-aus-dem-gewaechshaus-orange-cookies#primaryimage"},"thumbnailUrl":"https:\/\/thetreecbd.com\/wp-content\/uploads\/2018\/07\/Orange-cookies-thetree-web.jpg","datePublished":"2018-07-28T04:59:01+00:00","dateModified":"2026-03-26T13:14:17+00:00","description":"Probier die Orange Cookies CBD. Diese Sorte bietet ein s\u00fc\u00dfes, zitroniges Aroma und einen CBD-Gehalt von bis zu 12 %. Hochwertiges, legales CBD in Spanien und Europa.","breadcrumb":{"@id":"https:\/\/thetreecbd.com\/de\/cbd\/blueten-aus-dem-gewaechshaus-orange-cookies#breadcrumb"},"inLanguage":"de","potentialAction":[{"@type":"ReadAction","target":["https:\/\/thetreecbd.com\/de\/cbd\/blueten-aus-dem-gewaechshaus-orange-cookies"]}]},{"@type":"ImageObject","inLanguage":"de","@id":"https:\/\/thetreecbd.com\/de\/cbd\/blueten-aus-dem-gewaechshaus-orange-cookies#primaryimage","url":"https:\/\/thetreecbd.com\/wp-content\/uploads\/2018\/07\/Orange-cookies-thetree-web.jpg","contentUrl":"https:\/\/thetreecbd.com\/wp-content\/uploads\/2018\/07\/Orange-cookies-thetree-web.jpg","width":1080,"height":1350},{"@type":"BreadcrumbList","@id":"https:\/\/thetreecbd.com\/de\/cbd\/blueten-aus-dem-gewaechshaus-orange-cookies#breadcrumb","itemListElement":[{"@type":"ListItem","position":1,"name":"The Tree","item":"https:\/\/thetreecbd.com\/de"},{"@type":"ListItem","position":2,"name":"CBD","item":"https:\/\/thetreecbd.com\/es\/cbd"},{"@type":"ListItem","position":3,"name":"CBD-Bl\u00fcten kaufen","item":"https:\/\/thetreecbd.com\/de\/bluten"},{"@type":"ListItem","position":4,"name":"Bl\u00fcten aus dem Gew\u00e4chshaus","item":"https:\/\/thetreecbd.com\/de\/bluten\/gewachshaus"},{"@type":"ListItem","position":5,"name":"Orange Cookies CBD"}]},{"@type":"WebSite","@id":"https:\/\/thetreecbd.com\/de#website","url":"https:\/\/thetreecbd.com\/de","name":"The Tree CBD","description":"Comprar CBD en Espa\u00f1a Online","publisher":{"@id":"https:\/\/thetreecbd.com\/de#organization"},"potentialAction":[{"@type":"SearchAction","target":{"@type":"EntryPoint","urlTemplate":"https:\/\/thetreecbd.com\/de?s={search_term_string}"},"query-input":{"@type":"PropertyValueSpecification","valueRequired":true,"valueName":"search_term_string"}}],"inLanguage":"de"},{"@type":"Organization","@id":"https:\/\/thetreecbd.com\/de#organization","name":"The Tree CBD","url":"https:\/\/thetreecbd.com\/de","logo":{"@type":"ImageObject","inLanguage":"de","@id":"https:\/\/thetreecbd.com\/de#\/schema\/logo\/image\/","url":"https:\/\/thetreecbd.com\/wp-content\/uploads\/2022\/04\/logo-thetree.png","contentUrl":"https:\/\/thetreecbd.com\/wp-content\/uploads\/2022\/04\/logo-thetree.png","width":172,"height":55,"caption":"The Tree CBD"},"image":{"@id":"https:\/\/thetreecbd.com\/de#\/schema\/logo\/image\/"},"sameAs":["https:\/\/www.facebook.com\/thetreeCBD\/","https:\/\/x.com\/TheTreeCBD_EU","https:\/\/www.instagram.com\/thetree.cbd\/","https:\/\/es.trustpilot.com\/review\/thetreecbd.com"]}]}},"_links":{"self":[{"href":"https:\/\/thetreecbd.com\/de\/wp-json\/wp\/v2\/product\/165046","targetHints":{"allow":["GET"]}}],"collection":[{"href":"https:\/\/thetreecbd.com\/de\/wp-json\/wp\/v2\/product"}],"about":[{"href":"https:\/\/thetreecbd.com\/de\/wp-json\/wp\/v2\/types\/product"}],"version-history":[{"count":0,"href":"https:\/\/thetreecbd.com\/de\/wp-json\/wp\/v2\/product\/165046\/revisions"}],"wp:featuredmedia":[{"embeddable":true,"href":"https:\/\/thetreecbd.com\/de\/wp-json\/wp\/v2\/media\/181407"}],"wp:attachment":[{"href":"https:\/\/thetreecbd.com\/de\/wp-json\/wp\/v2\/media?parent=165046"}],"wp:term":[{"taxonomy":"product_brand","embeddable":true,"href":"https:\/\/thetreecbd.com\/de\/wp-json\/wp\/v2\/product_brand?post=165046"}],"curies":[{"name":"wp","href":"https:\/\/api.w.org\/{rel}","templated":true}]}}