{"id":165066,"date":"2018-09-26T11:07:50","date_gmt":"2018-09-26T09:07:50","guid":{"rendered":"https:\/\/thetreecbd.com\/cbd\/greenhouse-strawberry-blueten"},"modified":"2026-03-26T14:17:14","modified_gmt":"2026-03-26T13:17:14","slug":"greenhouse-strawberry-blueten","status":"publish","type":"product","link":"https:\/\/thetreecbd.com\/de\/cbd\/greenhouse-strawberry-blueten","title":{"rendered":"Strawberry CBD"},"content":{"rendered":"<p class=\"\" data-start=\"66\" data-end=\"226\"><strong data-start=\"66\" data-end=\"226\">The Tree CBD pr\u00e4sentiert die legalen Cannabisbl\u00fcten der Sorte Strawberry, mit einer einzigartigen Genetik, die in jeder Bl\u00fcte einen hohen CBD-Gehalt bietet.<\/strong><\/p>\n<p class=\"\" data-start=\"228\" data-end=\"391\">Die Bl\u00fcten stammen von einer Kreuzung zwischen Strawberry Pura und CBD Pura, die zu 100 % nat\u00fcrlich im Innenbereich ohne Zusatzstoffe oder Pestizide angebaut wird.<\/p>\n<p class=\"\" data-start=\"393\" data-end=\"1031\"><strong data-start=\"393\" data-end=\"420\">Aussehen und s\u00fc\u00dfer Duft<\/strong><br data-start=\"420\" data-end=\"423\" \/>Strawberry bietet ein sehr s\u00fc\u00dfes, frisches und fruchtiges Aroma. Die Bl\u00fcte zeichnet sich durch ihren angenehmen, fruchtigen Duft aus, der deutlich eine Erdbeernote tr\u00e4gt \u2013 passend zum Namen. Die Bl\u00fcten haben eine dunkelgr\u00fcne Farbe und eine spitze Form, was auf die angewandte Anbautechnik zur\u00fcckzuf\u00fchren ist. Au\u00dferdem sind sie mittelgro\u00df bis gro\u00df, volumin\u00f6s und harzreich. Diese kompakten Bl\u00fcten sind durch eine hohe Konzentration roter Griffel gekennzeichnet. Diese CBD-Sorte wird von Sativa-Liebhabern sehr gesch\u00e4tzt. Im Gegensatz zu anderen legalen Cannabisbl\u00fcten hat Strawberry eine einzigartige Genetik.<\/p>\n<p class=\"\" data-start=\"1033\" data-end=\"1178\">Dank des hohen CBD-Gehalts zwischen 10 % und 12 % sind entspannende Effekte sp\u00fcrbar. Strawberry ist eines der beliebtesten Produkte bei CBD-Fans.<\/p>\n<p class=\"\" data-start=\"1180\" data-end=\"1288\">Da der THC-Gehalt unter 0,20 % liegt, ist diese Bl\u00fcte in ganz Europa vollkommen legal und nicht psychoaktiv.<\/p>\n<p class=\"\" data-start=\"1295\" data-end=\"1350\"><strong data-start=\"1295\" data-end=\"1348\">Eigenschaften des legalen Cannabis Strawberry CBD<\/strong><\/p>\n<ul data-start=\"1351\" data-end=\"1584\">\n<li class=\"\" data-start=\"1351\" data-end=\"1365\">\n<p class=\"\" data-start=\"1353\" data-end=\"1365\">Hanfbl\u00fcten<\/p>\n<\/li>\n<li class=\"\" data-start=\"1366\" data-end=\"1392\">\n<p class=\"\" data-start=\"1368\" data-end=\"1392\">Weniger als 0,20 % THC<\/p>\n<\/li>\n<li class=\"\" data-start=\"1393\" data-end=\"1414\">\n<p class=\"\" data-start=\"1395\" data-end=\"1414\">10 % bis 12 % CBD<\/p>\n<\/li>\n<li class=\"\" data-start=\"1415\" data-end=\"1458\">\n<p class=\"\" data-start=\"1417\" data-end=\"1458\">Genetik: Original Strawberry x CBD Pura<\/p>\n<\/li>\n<li class=\"\" data-start=\"1459\" data-end=\"1487\">\n<p class=\"\" data-start=\"1461\" data-end=\"1487\">Sativa 30 %, Indica 70 %<\/p>\n<\/li>\n<li class=\"\" data-start=\"1488\" data-end=\"1519\">\n<p class=\"\" data-start=\"1490\" data-end=\"1519\">Keine psychoaktiven Effekte<\/p>\n<\/li>\n<li class=\"\" data-start=\"1520\" data-end=\"1543\">\n<p class=\"\" data-start=\"1522\" data-end=\"1543\">Biologisch angebaut<\/p>\n<\/li>\n<li class=\"\" data-start=\"1544\" data-end=\"1560\">\n<p class=\"\" data-start=\"1546\" data-end=\"1560\">Frei von GVO<\/p>\n<\/li>\n<li class=\"\" data-start=\"1561\" data-end=\"1584\">\n<p class=\"\" data-start=\"1563\" data-end=\"1584\">Frei von Pestiziden<\/p>\n<\/li>\n<\/ul>\n<p class=\"\" data-start=\"1586\" data-end=\"1792\"><strong data-start=\"1586\" data-end=\"1610\">Aroma Strawberry CBD<\/strong><br data-start=\"1610\" data-end=\"1613\" \/>Terpene sind in den meisten \u00e4therischen \u00d6len von Pflanzen, Blumen und Fr\u00fcchten enthalten und verantwortlich f\u00fcr Geruch und Geschmack. Im Cannabis gibt es ein breites Terpenprofil.<\/p>\n<p class=\"\" data-start=\"1794\" data-end=\"1913\">Die Strawberry CBD von The Tree hat ein weiches, frisches, s\u00fc\u00dfes und fruchtiges Aroma mit einer deutlichen Erdbeernote.<\/p>\n<p class=\"\" data-start=\"1920\" data-end=\"2134\"><strong data-start=\"1920\" data-end=\"1934\">Zielgruppe<\/strong><br data-start=\"1934\" data-end=\"1937\" \/>Gew\u00e4chshaus-CBD-Bl\u00fcten sind perfekt f\u00fcr alle, die das beste Preis-Leistungs-Verh\u00e4ltnis suchen, da sie eine intensive gr\u00fcne Farbe und hohe Qualit\u00e4t bieten und dabei g\u00fcnstiger sind als Indoor-Bl\u00fcten.<\/p>\n<p class=\"\" data-start=\"2136\" data-end=\"2568\">Heutzutage gibt es sehr gut ausgestattete Gew\u00e4chsh\u00e4user, die fast so effektiv wie Indoor-Anbau sind, ohne die nat\u00fcrliche Sonnenlichtfilterung zu verlieren und mit zus\u00e4tzlicher Beleuchtung, um bis zu vier Zyklen im Jahr zu erm\u00f6glichen. So entscheiden sich immer mehr CBD-Z\u00fcchter f\u00fcr diese Zwischenl\u00f6sung, da sie das Klima kontrollieren k\u00f6nnen, die Sonnenstrahlen nicht zu aggressiv sind und die Produktion ganzj\u00e4hrig steigern k\u00f6nnen.<\/p>\n<p class=\"\" data-start=\"2570\" data-end=\"2731\">Aus K\u00e4ufersicht sind Gew\u00e4chshaus- oder Greenhouse-Bl\u00fcten, wie bereits erw\u00e4hnt, die beste Wahl f\u00fcr alle, die ein hervorragendes Preis-Leistungs-Verh\u00e4ltnis suchen.<\/p>\n<p class=\"\" data-start=\"2738\" data-end=\"3007\"><strong data-start=\"2738\" data-end=\"2761\">Sicherheitshinweise<\/strong><br data-start=\"2761\" data-end=\"2764\" \/>Bitte beachten Sie, dass die CBD-Bl\u00fcten von The Tree als dekorative, sammelbare und aromatische Produkte gedacht sind. Sie sollten w\u00e4hrend Schwangerschaft oder Stillzeit nicht verwendet werden. Au\u00dferhalb der Reichweite von Kindern aufbewahren.<\/p>\n<p class=\"\" data-start=\"3009\" data-end=\"3122\">Unsere CBD-Bl\u00fcten k\u00f6nnen eine geringe Menge THC enthalten, die jedoch unter dem EU-Grenzwert von 0,2 % THC liegt.<\/p>\n<p class=\"\" data-start=\"3124\" data-end=\"3392\">Die bereitgestellten Informationen dienen ausschlie\u00dflich zu Informations- und Schulungszwecken und ersetzen keinesfalls den medizinischen Rat eines Arztes oder Apothekers. Unsere Texte sind nicht f\u00fcr eine eigenst\u00e4ndige Diagnose oder Behandlung von Krankheiten gedacht.<\/p>\n<p class=\"\" data-start=\"3394\" data-end=\"3442\">Bei Fragen stehen wir Ihnen gerne zur Verf\u00fcgung.<\/p>\n<p class=\"\" data-start=\"3449\" data-end=\"3699\"><strong data-start=\"3449\" data-end=\"3461\">Lagerung<\/strong><br data-start=\"3461\" data-end=\"3464\" \/>Idealerweise sollten die CBD-Bl\u00fcten von The Tree an einem k\u00fchlen, trockenen Ort, gesch\u00fctzt vor Licht und starken Ger\u00fcchen, gelagert werden, um Kontaminationen und\/oder Abbau zu vermeiden. Direkte Sonneneinstrahlung und Hitze vermeiden.<\/p>\n<p class=\"\" data-start=\"3701\" data-end=\"3786\"><strong data-start=\"3701\" data-end=\"3713\">Hinweis:<\/strong> Die angegebene Haltbarkeit betr\u00e4gt einen Monat bei sachgem\u00e4\u00dfer Lagerung.<\/p>\n","protected":false},"excerpt":{"rendered":"<ul>\n<li><strong data-start=\"63\" data-end=\"77\">Hanfbl\u00fcten<\/strong><\/li>\n<li>Weniger als 0,20 % THC<\/li>\n<li>10 % bis 12 % CBD<\/li>\n<li>Genetik: Original Str<\/li>\n<li>Strawberry x CBD Pura<\/li>\n<li>Sativa 30 % \/ Indica 70 %<\/li>\n<li>Keine psychoaktiven Effekte<\/li>\n<li>Biologisch angebaut<\/li>\n<li>Frei von GVO<\/li>\n<li>Frei von Pestiziden<\/li>\n<\/ul>\n","protected":false},"featured_media":165084,"template":"","meta":{"_acf_changed":false},"product_brand":[],"class_list":{"0":"post-165066","1":"product","2":"type-product","3":"status-publish","4":"has-post-thumbnail","6":"product_cat-gewachshaus","7":"product_cat-bluten","8":"product_cat-produkte-mit-10-cbd","10":"first","11":"instock","12":"taxable","13":"shipping-taxable","14":"purchasable","15":"product-type-variable","16":"has-default-attributes"},"acf":[],"yoast_head":"<!-- This site is optimized with the Yoast SEO plugin v26.3 - https:\/\/yoast.com\/wordpress\/plugins\/seo\/ -->\n<title>Strawberry CBD - 12% CBD. Cannabis Legal | The Tree CBD<\/title>\n<meta name=\"description\" content=\"Strawberry CBD, Sorte, die zu 100 % nat\u00fcrlich im Innenbereich angebaut wird. Entspannend dank eines CBD-Gehalts zwischen 10 % und 12 %. Legal in Spanien.\" \/>\n<meta name=\"robots\" content=\"index, follow, max-snippet:-1, max-image-preview:large, max-video-preview:-1\" \/>\n<link rel=\"canonical\" href=\"https:\/\/thetreecbd.com\/de\/cbd\/greenhouse-strawberry-blueten\" \/>\n<meta property=\"og:locale\" content=\"de_DE\" \/>\n<meta property=\"og:type\" content=\"article\" \/>\n<meta property=\"og:title\" content=\"Strawberry CBD - 12% CBD. Cannabis Legal | The Tree CBD\" \/>\n<meta property=\"og:description\" content=\"Strawberry CBD, Sorte, die zu 100 % nat\u00fcrlich im Innenbereich angebaut wird. Entspannend dank eines CBD-Gehalts zwischen 10 % und 12 %. Legal in Spanien.\" \/>\n<meta property=\"og:url\" content=\"https:\/\/thetreecbd.com\/de\/cbd\/greenhouse-strawberry-blueten\" \/>\n<meta property=\"og:site_name\" content=\"The Tree CBD\" \/>\n<meta property=\"article:publisher\" content=\"https:\/\/www.facebook.com\/thetreeCBD\/\" \/>\n<meta property=\"article:modified_time\" content=\"2026-03-26T13:17:14+00:00\" \/>\n<meta property=\"og:image\" content=\"https:\/\/thetreecbd.com\/wp-content\/uploads\/2018\/09\/cogollos-green-house-strawberry-1.jpg\" \/>\n\t<meta property=\"og:image:width\" content=\"600\" \/>\n\t<meta property=\"og:image:height\" content=\"720\" \/>\n\t<meta property=\"og:image:type\" content=\"image\/jpeg\" \/>\n<meta name=\"twitter:card\" content=\"summary_large_image\" \/>\n<meta name=\"twitter:site\" content=\"@TheTreeCBD_EU\" \/>\n<meta name=\"twitter:label1\" content=\"Gesch\u00e4tzte Lesezeit\" \/>\n\t<meta name=\"twitter:data1\" content=\"3\u00a0Minuten\" \/>\n<script type=\"application\/ld+json\" class=\"yoast-schema-graph\">{\"@context\":\"https:\/\/schema.org\",\"@graph\":[{\"@type\":[\"WebPage\",\"ItemPage\"],\"@id\":\"https:\/\/thetreecbd.com\/de\/cbd\/greenhouse-strawberry-blueten\",\"url\":\"https:\/\/thetreecbd.com\/de\/cbd\/greenhouse-strawberry-blueten\",\"name\":\"Strawberry CBD - 12% CBD. Cannabis Legal | The Tree CBD\",\"isPartOf\":{\"@id\":\"https:\/\/thetreecbd.com\/de#website\"},\"primaryImageOfPage\":{\"@id\":\"https:\/\/thetreecbd.com\/de\/cbd\/greenhouse-strawberry-blueten#primaryimage\"},\"image\":{\"@id\":\"https:\/\/thetreecbd.com\/de\/cbd\/greenhouse-strawberry-blueten#primaryimage\"},\"thumbnailUrl\":\"https:\/\/thetreecbd.com\/wp-content\/uploads\/2018\/09\/cogollos-green-house-strawberry-1.jpg\",\"datePublished\":\"2018-09-26T09:07:50+00:00\",\"dateModified\":\"2026-03-26T13:17:14+00:00\",\"description\":\"Strawberry CBD, Sorte, die zu 100 % nat\u00fcrlich im Innenbereich angebaut wird. Entspannend dank eines CBD-Gehalts zwischen 10 % und 12 %. Legal in Spanien.\",\"breadcrumb\":{\"@id\":\"https:\/\/thetreecbd.com\/de\/cbd\/greenhouse-strawberry-blueten#breadcrumb\"},\"inLanguage\":\"de\",\"potentialAction\":[{\"@type\":\"ReadAction\",\"target\":[\"https:\/\/thetreecbd.com\/de\/cbd\/greenhouse-strawberry-blueten\"]}]},{\"@type\":\"ImageObject\",\"inLanguage\":\"de\",\"@id\":\"https:\/\/thetreecbd.com\/de\/cbd\/greenhouse-strawberry-blueten#primaryimage\",\"url\":\"https:\/\/thetreecbd.com\/wp-content\/uploads\/2018\/09\/cogollos-green-house-strawberry-1.jpg\",\"contentUrl\":\"https:\/\/thetreecbd.com\/wp-content\/uploads\/2018\/09\/cogollos-green-house-strawberry-1.jpg\",\"width\":600,\"height\":720},{\"@type\":\"BreadcrumbList\",\"@id\":\"https:\/\/thetreecbd.com\/de\/cbd\/greenhouse-strawberry-blueten#breadcrumb\",\"itemListElement\":[{\"@type\":\"ListItem\",\"position\":1,\"name\":\"The Tree\",\"item\":\"https:\/\/thetreecbd.com\/de\"},{\"@type\":\"ListItem\",\"position\":2,\"name\":\"CBD\",\"item\":\"https:\/\/thetreecbd.com\/es\/cbd\"},{\"@type\":\"ListItem\",\"position\":3,\"name\":\"CBD-Bl\u00fcten kaufen\",\"item\":\"https:\/\/thetreecbd.com\/de\/bluten\"},{\"@type\":\"ListItem\",\"position\":4,\"name\":\"Bl\u00fcten aus dem Gew\u00e4chshaus\",\"item\":\"https:\/\/thetreecbd.com\/de\/bluten\/gewachshaus\"},{\"@type\":\"ListItem\",\"position\":5,\"name\":\"Strawberry CBD\"}]},{\"@type\":\"WebSite\",\"@id\":\"https:\/\/thetreecbd.com\/de#website\",\"url\":\"https:\/\/thetreecbd.com\/de\",\"name\":\"The Tree CBD\",\"description\":\"Comprar CBD en Espa\u00f1a Online\",\"publisher\":{\"@id\":\"https:\/\/thetreecbd.com\/de#organization\"},\"potentialAction\":[{\"@type\":\"SearchAction\",\"target\":{\"@type\":\"EntryPoint\",\"urlTemplate\":\"https:\/\/thetreecbd.com\/de?s={search_term_string}\"},\"query-input\":{\"@type\":\"PropertyValueSpecification\",\"valueRequired\":true,\"valueName\":\"search_term_string\"}}],\"inLanguage\":\"de\"},{\"@type\":\"Organization\",\"@id\":\"https:\/\/thetreecbd.com\/de#organization\",\"name\":\"The Tree CBD\",\"url\":\"https:\/\/thetreecbd.com\/de\",\"logo\":{\"@type\":\"ImageObject\",\"inLanguage\":\"de\",\"@id\":\"https:\/\/thetreecbd.com\/de#\/schema\/logo\/image\/\",\"url\":\"https:\/\/thetreecbd.com\/wp-content\/uploads\/2022\/04\/logo-thetree.png\",\"contentUrl\":\"https:\/\/thetreecbd.com\/wp-content\/uploads\/2022\/04\/logo-thetree.png\",\"width\":172,\"height\":55,\"caption\":\"The Tree CBD\"},\"image\":{\"@id\":\"https:\/\/thetreecbd.com\/de#\/schema\/logo\/image\/\"},\"sameAs\":[\"https:\/\/www.facebook.com\/thetreeCBD\/\",\"https:\/\/x.com\/TheTreeCBD_EU\",\"https:\/\/www.instagram.com\/thetree.cbd\/\",\"https:\/\/es.trustpilot.com\/review\/thetreecbd.com\"]}]}<\/script>\n<!-- \/ Yoast SEO plugin. -->","yoast_head_json":{"title":"Strawberry CBD - 12% CBD. Cannabis Legal | The Tree CBD","description":"Strawberry CBD, Sorte, die zu 100 % nat\u00fcrlich im Innenbereich angebaut wird. Entspannend dank eines CBD-Gehalts zwischen 10 % und 12 %. Legal in Spanien.","robots":{"index":"index","follow":"follow","max-snippet":"max-snippet:-1","max-image-preview":"max-image-preview:large","max-video-preview":"max-video-preview:-1"},"canonical":"https:\/\/thetreecbd.com\/de\/cbd\/greenhouse-strawberry-blueten","og_locale":"de_DE","og_type":"article","og_title":"Strawberry CBD - 12% CBD. Cannabis Legal | The Tree CBD","og_description":"Strawberry CBD, Sorte, die zu 100 % nat\u00fcrlich im Innenbereich angebaut wird. Entspannend dank eines CBD-Gehalts zwischen 10 % und 12 %. Legal in Spanien.","og_url":"https:\/\/thetreecbd.com\/de\/cbd\/greenhouse-strawberry-blueten","og_site_name":"The Tree CBD","article_publisher":"https:\/\/www.facebook.com\/thetreeCBD\/","article_modified_time":"2026-03-26T13:17:14+00:00","og_image":[{"width":600,"height":720,"url":"https:\/\/thetreecbd.com\/wp-content\/uploads\/2018\/09\/cogollos-green-house-strawberry-1.jpg","type":"image\/jpeg"}],"twitter_card":"summary_large_image","twitter_site":"@TheTreeCBD_EU","twitter_misc":{"Gesch\u00e4tzte Lesezeit":"3\u00a0Minuten"},"schema":{"@context":"https:\/\/schema.org","@graph":[{"@type":["WebPage","ItemPage"],"@id":"https:\/\/thetreecbd.com\/de\/cbd\/greenhouse-strawberry-blueten","url":"https:\/\/thetreecbd.com\/de\/cbd\/greenhouse-strawberry-blueten","name":"Strawberry CBD - 12% CBD. Cannabis Legal | The Tree CBD","isPartOf":{"@id":"https:\/\/thetreecbd.com\/de#website"},"primaryImageOfPage":{"@id":"https:\/\/thetreecbd.com\/de\/cbd\/greenhouse-strawberry-blueten#primaryimage"},"image":{"@id":"https:\/\/thetreecbd.com\/de\/cbd\/greenhouse-strawberry-blueten#primaryimage"},"thumbnailUrl":"https:\/\/thetreecbd.com\/wp-content\/uploads\/2018\/09\/cogollos-green-house-strawberry-1.jpg","datePublished":"2018-09-26T09:07:50+00:00","dateModified":"2026-03-26T13:17:14+00:00","description":"Strawberry CBD, Sorte, die zu 100 % nat\u00fcrlich im Innenbereich angebaut wird. Entspannend dank eines CBD-Gehalts zwischen 10 % und 12 %. Legal in Spanien.","breadcrumb":{"@id":"https:\/\/thetreecbd.com\/de\/cbd\/greenhouse-strawberry-blueten#breadcrumb"},"inLanguage":"de","potentialAction":[{"@type":"ReadAction","target":["https:\/\/thetreecbd.com\/de\/cbd\/greenhouse-strawberry-blueten"]}]},{"@type":"ImageObject","inLanguage":"de","@id":"https:\/\/thetreecbd.com\/de\/cbd\/greenhouse-strawberry-blueten#primaryimage","url":"https:\/\/thetreecbd.com\/wp-content\/uploads\/2018\/09\/cogollos-green-house-strawberry-1.jpg","contentUrl":"https:\/\/thetreecbd.com\/wp-content\/uploads\/2018\/09\/cogollos-green-house-strawberry-1.jpg","width":600,"height":720},{"@type":"BreadcrumbList","@id":"https:\/\/thetreecbd.com\/de\/cbd\/greenhouse-strawberry-blueten#breadcrumb","itemListElement":[{"@type":"ListItem","position":1,"name":"The Tree","item":"https:\/\/thetreecbd.com\/de"},{"@type":"ListItem","position":2,"name":"CBD","item":"https:\/\/thetreecbd.com\/es\/cbd"},{"@type":"ListItem","position":3,"name":"CBD-Bl\u00fcten kaufen","item":"https:\/\/thetreecbd.com\/de\/bluten"},{"@type":"ListItem","position":4,"name":"Bl\u00fcten aus dem Gew\u00e4chshaus","item":"https:\/\/thetreecbd.com\/de\/bluten\/gewachshaus"},{"@type":"ListItem","position":5,"name":"Strawberry CBD"}]},{"@type":"WebSite","@id":"https:\/\/thetreecbd.com\/de#website","url":"https:\/\/thetreecbd.com\/de","name":"The Tree CBD","description":"Comprar CBD en Espa\u00f1a Online","publisher":{"@id":"https:\/\/thetreecbd.com\/de#organization"},"potentialAction":[{"@type":"SearchAction","target":{"@type":"EntryPoint","urlTemplate":"https:\/\/thetreecbd.com\/de?s={search_term_string}"},"query-input":{"@type":"PropertyValueSpecification","valueRequired":true,"valueName":"search_term_string"}}],"inLanguage":"de"},{"@type":"Organization","@id":"https:\/\/thetreecbd.com\/de#organization","name":"The Tree CBD","url":"https:\/\/thetreecbd.com\/de","logo":{"@type":"ImageObject","inLanguage":"de","@id":"https:\/\/thetreecbd.com\/de#\/schema\/logo\/image\/","url":"https:\/\/thetreecbd.com\/wp-content\/uploads\/2022\/04\/logo-thetree.png","contentUrl":"https:\/\/thetreecbd.com\/wp-content\/uploads\/2022\/04\/logo-thetree.png","width":172,"height":55,"caption":"The Tree CBD"},"image":{"@id":"https:\/\/thetreecbd.com\/de#\/schema\/logo\/image\/"},"sameAs":["https:\/\/www.facebook.com\/thetreeCBD\/","https:\/\/x.com\/TheTreeCBD_EU","https:\/\/www.instagram.com\/thetree.cbd\/","https:\/\/es.trustpilot.com\/review\/thetreecbd.com"]}]}},"_links":{"self":[{"href":"https:\/\/thetreecbd.com\/de\/wp-json\/wp\/v2\/product\/165066","targetHints":{"allow":["GET"]}}],"collection":[{"href":"https:\/\/thetreecbd.com\/de\/wp-json\/wp\/v2\/product"}],"about":[{"href":"https:\/\/thetreecbd.com\/de\/wp-json\/wp\/v2\/types\/product"}],"version-history":[{"count":0,"href":"https:\/\/thetreecbd.com\/de\/wp-json\/wp\/v2\/product\/165066\/revisions"}],"wp:featuredmedia":[{"embeddable":true,"href":"https:\/\/thetreecbd.com\/de\/wp-json\/wp\/v2\/media\/165084"}],"wp:attachment":[{"href":"https:\/\/thetreecbd.com\/de\/wp-json\/wp\/v2\/media?parent=165066"}],"wp:term":[{"taxonomy":"product_brand","embeddable":true,"href":"https:\/\/thetreecbd.com\/de\/wp-json\/wp\/v2\/product_brand?post=165066"}],"curies":[{"name":"wp","href":"https:\/\/api.w.org\/{rel}","templated":true}]}}