{"id":165096,"date":"2020-05-15T16:54:43","date_gmt":"2020-05-15T14:54:43","guid":{"rendered":"https:\/\/thetreecbd.com\/cbd\/skywalker-og-hanfblueten-aus-gewaechshausanbau"},"modified":"2025-11-30T19:00:36","modified_gmt":"2025-11-30T18:00:36","slug":"skywalker-og-hanfblueten-aus-gewaechshausanbau","status":"publish","type":"product","link":"https:\/\/thetreecbd.com\/de\/cbd\/skywalker-og-hanfblueten-aus-gewaechshausanbau","title":{"rendered":"Skywalker OG CBD"},"content":{"rendered":"<p class=\"\" data-start=\"74\" data-end=\"208\"><strong data-start=\"74\" data-end=\"208\">The Tree CBD bringt dir die legalen CBD-Hanfbuds der Sorte Skywalker OG CBD, eine Bl\u00fcte mit einer einzigartigen Genetik in Europa.<\/strong><\/p>\n<p class=\"\" data-start=\"210\" data-end=\"334\">Diese CBD-Bl\u00fcten stammen von einer hybriden Indica-Genetik, einer Kreuzung zwischen den Sorten Blueberry und Mazar I Sharif.<\/p>\n<p class=\"\" data-start=\"336\" data-end=\"674\"><strong data-start=\"336\" data-end=\"398\">Ein erdiger Duft und Look f\u00fcr ein himmlisches CBD-Erlebnis<\/strong><br data-start=\"398\" data-end=\"401\" \/>Das s\u00fc\u00df-erdige Aroma dieser Sorte wird alle begeistern, wenn es sie \u2013 wie ihr Name verspricht \u2013 in ein anderes Universum entf\u00fchrt. Die stark beruhigenden Eigenschaften und Effekte, dank 9,5\u202f% CBD, machen diese Bl\u00fcte zu einer ausgezeichneten Wahl f\u00fcr jede Entspannungsphase.<\/p>\n<p class=\"\" data-start=\"676\" data-end=\"1036\">Optisch entspricht diese Bl\u00fcte typischerweise dem Indica-Archetyp: Dichte, runde bis kegelf\u00f6rmige Buds in leuchtendem Gr\u00fcn, durchzogen von orangefarbenen H\u00e4rchen und \u00fcberzogen mit einer dicken Schicht aus Trichomen. Die Bl\u00fcten sind besonders klebrig und intensiv aromatisch. Zudem wird diese Sorte 100\u202f% nat\u00fcrlich kultiviert \u2013 ohne Zusatzstoffe oder Pestizide.<\/p>\n<p class=\"\" data-start=\"1038\" data-end=\"1374\">Sp\u00fcre die Kraft der Macht mit dieser CBD-Sorte, die nicht nur fantastisch riecht, sondern ein starkes fruchtiges Aroma mitbringt, das von einer erdigen Note begleitet wird, wie man sie von einigen CBD-Sorten kennt. Und da der THC-Gehalt unter 0,20\u202f% liegt, ist sie in ganz Europa vollkommen legal und hat keinerlei psychoaktive Wirkung.<\/p>\n<p class=\"\" data-start=\"1381\" data-end=\"1438\"><strong data-start=\"1381\" data-end=\"1436\">Eigenschaften des legalen Cannabis Skywalker OG CBD<\/strong><\/p>\n<ul data-start=\"1439\" data-end=\"1647\">\n<li class=\"\" data-start=\"1439\" data-end=\"1453\">\n<p class=\"\" data-start=\"1441\" data-end=\"1453\">Hanfbl\u00fcten<\/p>\n<\/li>\n<li class=\"\" data-start=\"1454\" data-end=\"1467\">\n<p class=\"\" data-start=\"1456\" data-end=\"1467\">9,5\u202f% CBD<\/p>\n<\/li>\n<li class=\"\" data-start=\"1468\" data-end=\"1494\">\n<p class=\"\" data-start=\"1470\" data-end=\"1494\">Weniger als 0,20\u202f% THC<\/p>\n<\/li>\n<li class=\"\" data-start=\"1495\" data-end=\"1533\">\n<p class=\"\" data-start=\"1497\" data-end=\"1533\">Genetik: EU-zertifiziertes Saatgut<\/p>\n<\/li>\n<li class=\"\" data-start=\"1534\" data-end=\"1563\">\n<p class=\"\" data-start=\"1536\" data-end=\"1563\">Indica 80\u202f% \u2013 Sativa 20\u202f%<\/p>\n<\/li>\n<li class=\"\" data-start=\"1564\" data-end=\"1594\">\n<p class=\"\" data-start=\"1566\" data-end=\"1594\">Keine psychoaktive Wirkung<\/p>\n<\/li>\n<li class=\"\" data-start=\"1595\" data-end=\"1617\">\n<p class=\"\" data-start=\"1597\" data-end=\"1617\">Organisch angebaut<\/p>\n<\/li>\n<li class=\"\" data-start=\"1618\" data-end=\"1630\">\n<p class=\"\" data-start=\"1620\" data-end=\"1630\">GMO-frei<\/p>\n<\/li>\n<li class=\"\" data-start=\"1631\" data-end=\"1647\">\n<p class=\"\" data-start=\"1633\" data-end=\"1647\">Pestizidfrei<\/p>\n<\/li>\n<\/ul>\n<p class=\"\" data-start=\"1654\" data-end=\"1876\"><strong data-start=\"1654\" data-end=\"1680\">Aroma Skywalker OG CBD<\/strong><br data-start=\"1680\" data-end=\"1683\" \/>Terpene sind in den meisten \u00e4therischen \u00d6len von Pflanzen, Bl\u00fcten und Fr\u00fcchten enthalten \u2013 sie sind f\u00fcr Duft und Geschmack verantwortlich. Auch im Cannabis findet sich ein breites Terpenprofil.<\/p>\n<p class=\"\" data-start=\"1878\" data-end=\"2129\">Die Skywalker CBD von The Tree ist ideal f\u00fcr alle, die ein w\u00fcrzig-kr\u00e4uteriges und leicht erdiges Aroma suchen. Die Mischung aus fruchtigen und holzigen Terpenen verleiht diesen Bl\u00fcten einen einzigartigen Duft, als k\u00e4men sie von einem anderen Planeten.<\/p>\n<p class=\"\" data-start=\"2136\" data-end=\"2348\"><strong data-start=\"2136\" data-end=\"2150\">Zielgruppe<\/strong><br data-start=\"2150\" data-end=\"2153\" \/>CBD-Bl\u00fcten aus dem Gew\u00e4chshaus sind perfekt f\u00fcr alle, die ein optimales Preis-Leistungs-Verh\u00e4ltnis suchen: Sie bieten ein sattes Gr\u00fcn, gute Qualit\u00e4t und einen g\u00fcnstigeren Preis als Indoor-Bl\u00fcten.<\/p>\n<p class=\"\" data-start=\"2350\" data-end=\"2722\">Moderne Gew\u00e4chsh\u00e4user k\u00f6nnen heutzutage genauso effektiv wie Indoor-Anlagen sein. Sie filtern das Sonnenlicht, verf\u00fcgen teilweise \u00fcber zus\u00e4tzliches Licht und erm\u00f6glichen so bis zu vier Ernten im Jahr. Die Klimakontrolle und der sanftere Lichteinfall sorgen f\u00fcr gesunde Pflanzen und h\u00f6here Ertr\u00e4ge \u2013 weshalb sich immer mehr CBD-Z\u00fcchter f\u00fcr diese Zwischenl\u00f6sung entscheiden.<\/p>\n<p class=\"\" data-start=\"2724\" data-end=\"2824\">F\u00fcr K\u00e4ufer bieten Gew\u00e4chshausbl\u00fcten \u2013 wie gesagt \u2013 das beste Verh\u00e4ltnis zwischen Qualit\u00e4t und Preis.<\/p>\n<p class=\"\" data-start=\"2831\" data-end=\"3097\"><strong data-start=\"2831\" data-end=\"2853\">Sicherheitshinweis<\/strong><br data-start=\"2853\" data-end=\"2856\" \/>Bitte beachten Sie, dass die CBD-Bl\u00fcten von The Tree ein dekoratives, sammelbares und aromatisches Produkt sind. Sie sollten nicht w\u00e4hrend der Schwangerschaft oder Stillzeit verwendet werden. Au\u00dferhalb der Reichweite von Kindern aufbewahren.<\/p>\n<p class=\"\" data-start=\"3099\" data-end=\"3207\">Unsere CBD-Bl\u00fcten k\u00f6nnen Spuren von THC enthalten, selbstverst\u00e4ndlich unterhalb der EU-Grenze von 0,2\u202f% THC.<\/p>\n<p class=\"\" data-start=\"3209\" data-end=\"3468\">Die bereitgestellten Inhalte dienen ausschlie\u00dflich Informations- und Schulungszwecken und ersetzen in keiner Weise den medizinischen Rat eines Arztes oder Apothekers. Unsere Texte sind nicht zur eigenst\u00e4ndigen Diagnose oder Behandlung von Krankheiten gedacht.<\/p>\n<p class=\"\" data-start=\"3470\" data-end=\"3528\">Kontaktieren Sie uns gerne, wenn Sie weitere Fragen haben.<\/p>\n<p class=\"\" data-start=\"3535\" data-end=\"3782\"><strong data-start=\"3535\" data-end=\"3547\">Lagerung<\/strong><br data-start=\"3547\" data-end=\"3550\" \/>Idealerweise sollten die CBD-Bl\u00fcten von The Tree k\u00fchl, trocken und lichtgesch\u00fctzt gelagert werden \u2013 auch fern von starken Ger\u00fcchen, um Kontamination oder Qualit\u00e4tsverlust zu vermeiden. Direkte Sonneneinstrahlung und Hitze vermeiden.<\/p>\n<p class=\"\" data-start=\"3784\" data-end=\"3861\"><strong data-start=\"3784\" data-end=\"3796\">Hinweis:<\/strong> Bei richtiger Lagerung betr\u00e4gt die Haltbarkeit etwa einen Monat.<\/p>\n","protected":false},"excerpt":{"rendered":"<ul>\n<li><strong>Hanfbl\u00fcten<\/strong><\/li>\n<li><strong>9,5\u202f% CBD<\/strong><\/li>\n<li><strong>Weniger als 0,20\u202f% THC<\/strong><\/li>\n<li><strong>Genetik:<\/strong> EU-zertifiziertes Saatgut<\/li>\n<li>Indica 80\u202f% \u2013 Sativa 20\u202f%<\/li>\n<li><strong>Keine psychoaktive Wirkung<\/strong><\/li>\n<li>Organisch angebaut<\/li>\n<li>GMO-frei<\/li>\n<li>Pestizidfrei<\/li>\n<\/ul>\n","protected":false},"featured_media":181877,"template":"","meta":{"_acf_changed":false},"product_brand":[],"class_list":{"0":"post-165096","1":"product","2":"type-product","3":"status-publish","4":"has-post-thumbnail","6":"product_cat-gewachshaus","7":"product_cat-bluten","8":"product_cat-produkte-mit-10-cbd","10":"first","11":"instock","12":"taxable","13":"shipping-taxable","14":"purchasable","15":"product-type-variable"},"acf":[],"yoast_head":"<!-- This site is optimized with the Yoast SEO plugin v26.3 - https:\/\/yoast.com\/wordpress\/plugins\/seo\/ -->\n<title>Skywalker OG CBD - 9,5% CBD. Cannabis Legal | The Tree CBD<\/title>\n<meta name=\"description\" content=\"ChatGPT said: Sp\u00fcre die Macht der Skywalker OG CBD: ein s\u00fc\u00dfes und erdiges Aroma, das dich in ein anderes Universum entf\u00fchrt \u2013 ganz wie ihr Name verspricht. In ganz Europa legal.\" \/>\n<meta name=\"robots\" content=\"index, follow, max-snippet:-1, max-image-preview:large, max-video-preview:-1\" \/>\n<link rel=\"canonical\" href=\"https:\/\/thetreecbd.com\/de\/cbd\/skywalker-og-hanfblueten-aus-gewaechshausanbau\" \/>\n<meta property=\"og:locale\" content=\"de_DE\" \/>\n<meta property=\"og:type\" content=\"article\" \/>\n<meta property=\"og:title\" content=\"Skywalker OG CBD - 9,5% CBD. Cannabis Legal | The Tree CBD\" \/>\n<meta property=\"og:description\" content=\"ChatGPT said: Sp\u00fcre die Macht der Skywalker OG CBD: ein s\u00fc\u00dfes und erdiges Aroma, das dich in ein anderes Universum entf\u00fchrt \u2013 ganz wie ihr Name verspricht. In ganz Europa legal.\" \/>\n<meta property=\"og:url\" content=\"https:\/\/thetreecbd.com\/de\/cbd\/skywalker-og-hanfblueten-aus-gewaechshausanbau\" \/>\n<meta property=\"og:site_name\" content=\"The Tree CBD\" \/>\n<meta property=\"article:publisher\" content=\"https:\/\/www.facebook.com\/thetreeCBD\/\" \/>\n<meta property=\"article:modified_time\" content=\"2025-11-30T18:00:36+00:00\" \/>\n<meta property=\"og:image\" content=\"https:\/\/thetreecbd.com\/wp-content\/uploads\/2020\/05\/ogskywalker-thetree-web.jpg\" \/>\n\t<meta property=\"og:image:width\" content=\"1080\" \/>\n\t<meta property=\"og:image:height\" content=\"1350\" \/>\n\t<meta property=\"og:image:type\" content=\"image\/jpeg\" \/>\n<meta name=\"twitter:card\" content=\"summary_large_image\" \/>\n<meta name=\"twitter:site\" content=\"@TheTreeCBD_EU\" \/>\n<meta name=\"twitter:label1\" content=\"Gesch\u00e4tzte Lesezeit\" \/>\n\t<meta name=\"twitter:data1\" content=\"3\u00a0Minuten\" \/>\n<script type=\"application\/ld+json\" class=\"yoast-schema-graph\">{\"@context\":\"https:\/\/schema.org\",\"@graph\":[{\"@type\":[\"WebPage\",\"ItemPage\"],\"@id\":\"https:\/\/thetreecbd.com\/de\/cbd\/skywalker-og-hanfblueten-aus-gewaechshausanbau\",\"url\":\"https:\/\/thetreecbd.com\/de\/cbd\/skywalker-og-hanfblueten-aus-gewaechshausanbau\",\"name\":\"Skywalker OG CBD - 9,5% CBD. Cannabis Legal | The Tree CBD\",\"isPartOf\":{\"@id\":\"https:\/\/thetreecbd.com\/de#website\"},\"primaryImageOfPage\":{\"@id\":\"https:\/\/thetreecbd.com\/de\/cbd\/skywalker-og-hanfblueten-aus-gewaechshausanbau#primaryimage\"},\"image\":{\"@id\":\"https:\/\/thetreecbd.com\/de\/cbd\/skywalker-og-hanfblueten-aus-gewaechshausanbau#primaryimage\"},\"thumbnailUrl\":\"https:\/\/thetreecbd.com\/wp-content\/uploads\/2020\/05\/ogskywalker-thetree-web.jpg\",\"datePublished\":\"2020-05-15T14:54:43+00:00\",\"dateModified\":\"2025-11-30T18:00:36+00:00\",\"description\":\"ChatGPT said: Sp\u00fcre die Macht der Skywalker OG CBD: ein s\u00fc\u00dfes und erdiges Aroma, das dich in ein anderes Universum entf\u00fchrt \u2013 ganz wie ihr Name verspricht. In ganz Europa legal.\",\"breadcrumb\":{\"@id\":\"https:\/\/thetreecbd.com\/de\/cbd\/skywalker-og-hanfblueten-aus-gewaechshausanbau#breadcrumb\"},\"inLanguage\":\"de\",\"potentialAction\":[{\"@type\":\"ReadAction\",\"target\":[\"https:\/\/thetreecbd.com\/de\/cbd\/skywalker-og-hanfblueten-aus-gewaechshausanbau\"]}]},{\"@type\":\"ImageObject\",\"inLanguage\":\"de\",\"@id\":\"https:\/\/thetreecbd.com\/de\/cbd\/skywalker-og-hanfblueten-aus-gewaechshausanbau#primaryimage\",\"url\":\"https:\/\/thetreecbd.com\/wp-content\/uploads\/2020\/05\/ogskywalker-thetree-web.jpg\",\"contentUrl\":\"https:\/\/thetreecbd.com\/wp-content\/uploads\/2020\/05\/ogskywalker-thetree-web.jpg\",\"width\":1080,\"height\":1350},{\"@type\":\"BreadcrumbList\",\"@id\":\"https:\/\/thetreecbd.com\/de\/cbd\/skywalker-og-hanfblueten-aus-gewaechshausanbau#breadcrumb\",\"itemListElement\":[{\"@type\":\"ListItem\",\"position\":1,\"name\":\"The Tree\",\"item\":\"https:\/\/thetreecbd.com\/de\"},{\"@type\":\"ListItem\",\"position\":2,\"name\":\"CBD\",\"item\":\"https:\/\/thetreecbd.com\/es\/cbd\"},{\"@type\":\"ListItem\",\"position\":3,\"name\":\"CBD-Bl\u00fcten kaufen\",\"item\":\"https:\/\/thetreecbd.com\/de\/bluten\"},{\"@type\":\"ListItem\",\"position\":4,\"name\":\"Bl\u00fcten aus dem Gew\u00e4chshaus\",\"item\":\"https:\/\/thetreecbd.com\/de\/bluten\/gewachshaus\"},{\"@type\":\"ListItem\",\"position\":5,\"name\":\"Skywalker OG CBD\"}]},{\"@type\":\"WebSite\",\"@id\":\"https:\/\/thetreecbd.com\/de#website\",\"url\":\"https:\/\/thetreecbd.com\/de\",\"name\":\"The Tree CBD\",\"description\":\"Comprar CBD en Espa\u00f1a Online\",\"publisher\":{\"@id\":\"https:\/\/thetreecbd.com\/de#organization\"},\"potentialAction\":[{\"@type\":\"SearchAction\",\"target\":{\"@type\":\"EntryPoint\",\"urlTemplate\":\"https:\/\/thetreecbd.com\/de?s={search_term_string}\"},\"query-input\":{\"@type\":\"PropertyValueSpecification\",\"valueRequired\":true,\"valueName\":\"search_term_string\"}}],\"inLanguage\":\"de\"},{\"@type\":\"Organization\",\"@id\":\"https:\/\/thetreecbd.com\/de#organization\",\"name\":\"The Tree CBD\",\"url\":\"https:\/\/thetreecbd.com\/de\",\"logo\":{\"@type\":\"ImageObject\",\"inLanguage\":\"de\",\"@id\":\"https:\/\/thetreecbd.com\/de#\/schema\/logo\/image\/\",\"url\":\"https:\/\/thetreecbd.com\/wp-content\/uploads\/2022\/04\/logo-thetree.png\",\"contentUrl\":\"https:\/\/thetreecbd.com\/wp-content\/uploads\/2022\/04\/logo-thetree.png\",\"width\":172,\"height\":55,\"caption\":\"The Tree CBD\"},\"image\":{\"@id\":\"https:\/\/thetreecbd.com\/de#\/schema\/logo\/image\/\"},\"sameAs\":[\"https:\/\/www.facebook.com\/thetreeCBD\/\",\"https:\/\/x.com\/TheTreeCBD_EU\",\"https:\/\/www.instagram.com\/thetree.cbd\/\",\"https:\/\/es.trustpilot.com\/review\/thetreecbd.com\"]}]}<\/script>\n<!-- \/ Yoast SEO plugin. -->","yoast_head_json":{"title":"Skywalker OG CBD - 9,5% CBD. Cannabis Legal | The Tree CBD","description":"ChatGPT said: Sp\u00fcre die Macht der Skywalker OG CBD: ein s\u00fc\u00dfes und erdiges Aroma, das dich in ein anderes Universum entf\u00fchrt \u2013 ganz wie ihr Name verspricht. In ganz Europa legal.","robots":{"index":"index","follow":"follow","max-snippet":"max-snippet:-1","max-image-preview":"max-image-preview:large","max-video-preview":"max-video-preview:-1"},"canonical":"https:\/\/thetreecbd.com\/de\/cbd\/skywalker-og-hanfblueten-aus-gewaechshausanbau","og_locale":"de_DE","og_type":"article","og_title":"Skywalker OG CBD - 9,5% CBD. Cannabis Legal | The Tree CBD","og_description":"ChatGPT said: Sp\u00fcre die Macht der Skywalker OG CBD: ein s\u00fc\u00dfes und erdiges Aroma, das dich in ein anderes Universum entf\u00fchrt \u2013 ganz wie ihr Name verspricht. In ganz Europa legal.","og_url":"https:\/\/thetreecbd.com\/de\/cbd\/skywalker-og-hanfblueten-aus-gewaechshausanbau","og_site_name":"The Tree CBD","article_publisher":"https:\/\/www.facebook.com\/thetreeCBD\/","article_modified_time":"2025-11-30T18:00:36+00:00","og_image":[{"width":1080,"height":1350,"url":"https:\/\/thetreecbd.com\/wp-content\/uploads\/2020\/05\/ogskywalker-thetree-web.jpg","type":"image\/jpeg"}],"twitter_card":"summary_large_image","twitter_site":"@TheTreeCBD_EU","twitter_misc":{"Gesch\u00e4tzte Lesezeit":"3\u00a0Minuten"},"schema":{"@context":"https:\/\/schema.org","@graph":[{"@type":["WebPage","ItemPage"],"@id":"https:\/\/thetreecbd.com\/de\/cbd\/skywalker-og-hanfblueten-aus-gewaechshausanbau","url":"https:\/\/thetreecbd.com\/de\/cbd\/skywalker-og-hanfblueten-aus-gewaechshausanbau","name":"Skywalker OG CBD - 9,5% CBD. Cannabis Legal | The Tree CBD","isPartOf":{"@id":"https:\/\/thetreecbd.com\/de#website"},"primaryImageOfPage":{"@id":"https:\/\/thetreecbd.com\/de\/cbd\/skywalker-og-hanfblueten-aus-gewaechshausanbau#primaryimage"},"image":{"@id":"https:\/\/thetreecbd.com\/de\/cbd\/skywalker-og-hanfblueten-aus-gewaechshausanbau#primaryimage"},"thumbnailUrl":"https:\/\/thetreecbd.com\/wp-content\/uploads\/2020\/05\/ogskywalker-thetree-web.jpg","datePublished":"2020-05-15T14:54:43+00:00","dateModified":"2025-11-30T18:00:36+00:00","description":"ChatGPT said: Sp\u00fcre die Macht der Skywalker OG CBD: ein s\u00fc\u00dfes und erdiges Aroma, das dich in ein anderes Universum entf\u00fchrt \u2013 ganz wie ihr Name verspricht. In ganz Europa legal.","breadcrumb":{"@id":"https:\/\/thetreecbd.com\/de\/cbd\/skywalker-og-hanfblueten-aus-gewaechshausanbau#breadcrumb"},"inLanguage":"de","potentialAction":[{"@type":"ReadAction","target":["https:\/\/thetreecbd.com\/de\/cbd\/skywalker-og-hanfblueten-aus-gewaechshausanbau"]}]},{"@type":"ImageObject","inLanguage":"de","@id":"https:\/\/thetreecbd.com\/de\/cbd\/skywalker-og-hanfblueten-aus-gewaechshausanbau#primaryimage","url":"https:\/\/thetreecbd.com\/wp-content\/uploads\/2020\/05\/ogskywalker-thetree-web.jpg","contentUrl":"https:\/\/thetreecbd.com\/wp-content\/uploads\/2020\/05\/ogskywalker-thetree-web.jpg","width":1080,"height":1350},{"@type":"BreadcrumbList","@id":"https:\/\/thetreecbd.com\/de\/cbd\/skywalker-og-hanfblueten-aus-gewaechshausanbau#breadcrumb","itemListElement":[{"@type":"ListItem","position":1,"name":"The Tree","item":"https:\/\/thetreecbd.com\/de"},{"@type":"ListItem","position":2,"name":"CBD","item":"https:\/\/thetreecbd.com\/es\/cbd"},{"@type":"ListItem","position":3,"name":"CBD-Bl\u00fcten kaufen","item":"https:\/\/thetreecbd.com\/de\/bluten"},{"@type":"ListItem","position":4,"name":"Bl\u00fcten aus dem Gew\u00e4chshaus","item":"https:\/\/thetreecbd.com\/de\/bluten\/gewachshaus"},{"@type":"ListItem","position":5,"name":"Skywalker OG CBD"}]},{"@type":"WebSite","@id":"https:\/\/thetreecbd.com\/de#website","url":"https:\/\/thetreecbd.com\/de","name":"The Tree CBD","description":"Comprar CBD en Espa\u00f1a Online","publisher":{"@id":"https:\/\/thetreecbd.com\/de#organization"},"potentialAction":[{"@type":"SearchAction","target":{"@type":"EntryPoint","urlTemplate":"https:\/\/thetreecbd.com\/de?s={search_term_string}"},"query-input":{"@type":"PropertyValueSpecification","valueRequired":true,"valueName":"search_term_string"}}],"inLanguage":"de"},{"@type":"Organization","@id":"https:\/\/thetreecbd.com\/de#organization","name":"The Tree CBD","url":"https:\/\/thetreecbd.com\/de","logo":{"@type":"ImageObject","inLanguage":"de","@id":"https:\/\/thetreecbd.com\/de#\/schema\/logo\/image\/","url":"https:\/\/thetreecbd.com\/wp-content\/uploads\/2022\/04\/logo-thetree.png","contentUrl":"https:\/\/thetreecbd.com\/wp-content\/uploads\/2022\/04\/logo-thetree.png","width":172,"height":55,"caption":"The Tree CBD"},"image":{"@id":"https:\/\/thetreecbd.com\/de#\/schema\/logo\/image\/"},"sameAs":["https:\/\/www.facebook.com\/thetreeCBD\/","https:\/\/x.com\/TheTreeCBD_EU","https:\/\/www.instagram.com\/thetree.cbd\/","https:\/\/es.trustpilot.com\/review\/thetreecbd.com"]}]}},"_links":{"self":[{"href":"https:\/\/thetreecbd.com\/de\/wp-json\/wp\/v2\/product\/165096","targetHints":{"allow":["GET"]}}],"collection":[{"href":"https:\/\/thetreecbd.com\/de\/wp-json\/wp\/v2\/product"}],"about":[{"href":"https:\/\/thetreecbd.com\/de\/wp-json\/wp\/v2\/types\/product"}],"version-history":[{"count":0,"href":"https:\/\/thetreecbd.com\/de\/wp-json\/wp\/v2\/product\/165096\/revisions"}],"wp:featuredmedia":[{"embeddable":true,"href":"https:\/\/thetreecbd.com\/de\/wp-json\/wp\/v2\/media\/181877"}],"wp:attachment":[{"href":"https:\/\/thetreecbd.com\/de\/wp-json\/wp\/v2\/media?parent=165096"}],"wp:term":[{"taxonomy":"product_brand","embeddable":true,"href":"https:\/\/thetreecbd.com\/de\/wp-json\/wp\/v2\/product_brand?post=165096"}],"curies":[{"name":"wp","href":"https:\/\/api.w.org\/{rel}","templated":true}]}}