{"id":165115,"date":"2025-02-02T12:42:18","date_gmt":"2025-02-02T11:42:18","guid":{"rendered":"https:\/\/thetreecbd.com\/cbd\/uk-cheese-cbd"},"modified":"2025-07-01T15:28:09","modified_gmt":"2025-07-01T13:28:09","slug":"uk-cheese-cbd","status":"publish","type":"product","link":"https:\/\/thetreecbd.com\/de\/cbd\/uk-cheese-cbd","title":{"rendered":"UK Cheese CBD"},"content":{"rendered":"<p class=\"\" data-start=\"74\" data-end=\"244\"><strong data-start=\"74\" data-end=\"90\">The Tree CBD<\/strong> bringt dir die legalen CBD-Cannabisbl\u00fcten der Sorte <strong data-start=\"143\" data-end=\"156\">UK Cheese<\/strong>, mit einer einzigartigen Genetik, die jede Bl\u00fcte mit einem hohen CBD-Gehalt ausstattet.<\/p>\n<p class=\"\" data-start=\"246\" data-end=\"590\">Diese CBD-Bl\u00fcten stammen aus einer Kreuzung der Sorten <strong data-start=\"301\" data-end=\"331\">Fragolima x BZ1 x Kompolti<\/strong> und werden im <strong data-start=\"346\" data-end=\"361\">Gew\u00e4chshaus<\/strong> 100 % nat\u00fcrlich angebaut \u2013 ohne Zusatzstoffe oder Pestizide jeglicher Art. Es handelt sich um ein recht ausgewogenes Hybridkraut, das sich ideal zum <strong data-start=\"511\" data-end=\"528\">Sozialisieren<\/strong> eignet und gleichzeitig f\u00fcr eine tiefe <strong data-start=\"568\" data-end=\"583\">Entspannung<\/strong> sorgt.<\/p>\n<p class=\"\" data-start=\"592\" data-end=\"1016\"><strong data-start=\"592\" data-end=\"632\">Unverwechselbares Aussehen und Aroma<\/strong><br data-start=\"632\" data-end=\"635\" \/>Die Bl\u00fcte der UK Cheese verstr\u00f6mt ein <strong data-start=\"673\" data-end=\"696\">Aroma und Geschmack<\/strong>, das stark an den englischen Cheddar-K\u00e4se erinnert. Der Geruch geh\u00f6rt zu den markantesten Merkmalen dieser Sorte. Es handelt sich um eine aromatische Bl\u00fcte, die alle CBD-Liebhaber begeistern wird. Das Profil \u00fcberzeugt durch eine <strong data-start=\"926\" data-end=\"948\">intensive Mischung<\/strong> aus <strong data-start=\"953\" data-end=\"966\">Holznoten<\/strong>, <strong data-start=\"968\" data-end=\"985\">Zitrusfrische<\/strong> und <strong data-start=\"990\" data-end=\"1015\">aromatischen Kr\u00e4utern<\/strong>.<\/p>\n<p class=\"\" data-start=\"1018\" data-end=\"1120\">Die UK Cheese sorgt dank ihres hohen CBD-Gehalts von <strong data-start=\"1071\" data-end=\"1088\">10 % bis 15 %<\/strong> f\u00fcr einen entspannenden Effekt.<\/p>\n<p class=\"\" data-start=\"1122\" data-end=\"1211\">Diese Hanfbl\u00fcte ist die <strong data-start=\"1146\" data-end=\"1176\">nicht-psychoaktive Version<\/strong> einer klassischen Marihuana-Sorte.<\/p>\n<p class=\"\" data-start=\"1213\" data-end=\"1327\">Da der THC-Gehalt unter 0,20 % liegt, ist sie <strong data-start=\"1259\" data-end=\"1283\">in ganz Europa legal<\/strong> und besitzt keinerlei psychoaktive Wirkung.<\/p>\n<p class=\"\" data-start=\"1334\" data-end=\"1388\"><strong data-start=\"1334\" data-end=\"1386\">Eigenschaften von legalem Cannabis UK Cheese CBD<\/strong><\/p>\n<ul data-start=\"1389\" data-end=\"1634\">\n<li class=\"\" data-start=\"1389\" data-end=\"1403\">\n<p class=\"\" data-start=\"1391\" data-end=\"1403\">Hanfbl\u00fcten<\/p>\n<\/li>\n<li class=\"\" data-start=\"1404\" data-end=\"1430\">\n<p class=\"\" data-start=\"1406\" data-end=\"1430\">Weniger als 0,20 % THC<\/p>\n<\/li>\n<li class=\"\" data-start=\"1431\" data-end=\"1461\">\n<p class=\"\" data-start=\"1433\" data-end=\"1461\">Zwischen 10 % und 15 % CBD<\/p>\n<\/li>\n<li class=\"\" data-start=\"1462\" data-end=\"1501\">\n<p class=\"\" data-start=\"1464\" data-end=\"1501\">Genetik: Fragolima x BZ1 x Kompolti<\/p>\n<\/li>\n<li class=\"\" data-start=\"1502\" data-end=\"1531\">\n<p class=\"\" data-start=\"1504\" data-end=\"1531\">Sativa 50 % \/ Indica 50 %<\/p>\n<\/li>\n<li class=\"\" data-start=\"1532\" data-end=\"1563\">\n<p class=\"\" data-start=\"1534\" data-end=\"1563\">Keine psychoaktiven Effekte<\/p>\n<\/li>\n<li class=\"\" data-start=\"1564\" data-end=\"1586\">\n<p class=\"\" data-start=\"1566\" data-end=\"1586\">Organisch angebaut<\/p>\n<\/li>\n<li class=\"\" data-start=\"1587\" data-end=\"1610\">\n<p class=\"\" data-start=\"1589\" data-end=\"1610\">Frei von Gentechnik<\/p>\n<\/li>\n<li class=\"\" data-start=\"1611\" data-end=\"1634\">\n<p class=\"\" data-start=\"1613\" data-end=\"1634\">Frei von Pestiziden<\/p>\n<\/li>\n<\/ul>\n<p class=\"\" data-start=\"1641\" data-end=\"1873\"><strong data-start=\"1641\" data-end=\"1655\">Zielgruppe<\/strong><br data-start=\"1655\" data-end=\"1658\" \/>CBD-Bl\u00fcten aus Gew\u00e4chshausanbau eignen sich perfekt f\u00fcr alle, die das <strong data-start=\"1728\" data-end=\"1764\">beste Preis-Leistungs-Verh\u00e4ltnis<\/strong> suchen: Sie bieten eine kr\u00e4ftige gr\u00fcne Farbe und gute Qualit\u00e4t zu einem g\u00fcnstigeren Preis als Indoor-Bl\u00fcten.<\/p>\n<p class=\"\" data-start=\"1875\" data-end=\"2200\">Moderne Gew\u00e4chsh\u00e4user k\u00f6nnen mittlerweile eine Qualit\u00e4t erreichen, die mit dem <strong data-start=\"1954\" data-end=\"1970\">Indoor-Anbau<\/strong> vergleichbar ist \u2013 inklusive Lichtunterst\u00fctzung, um bis zu vier Erntezyklen pro Jahr zu erm\u00f6glichen. Dies erlaubt eine <strong data-start=\"2090\" data-end=\"2116\">kontrollierte Umgebung<\/strong>, sch\u00fctzt vor aggressiver UV-Strahlung und steigert die Ertr\u00e4ge das ganze Jahr \u00fcber.<\/p>\n<p class=\"\" data-start=\"2202\" data-end=\"2344\">Aus K\u00e4ufersicht sind <strong data-start=\"2223\" data-end=\"2244\">Greenhouse-Bl\u00fcten<\/strong> die optimale Wahl f\u00fcr alle, die ein <strong data-start=\"2281\" data-end=\"2336\">ausgewogenes Verh\u00e4ltnis zwischen Qualit\u00e4t und Preis<\/strong> suchen.<\/p>\n<p class=\"\" data-start=\"2351\" data-end=\"2578\"><strong data-start=\"2351\" data-end=\"2373\">Sicherheitshinweis<\/strong><br data-start=\"2373\" data-end=\"2376\" \/>Die CBD-Bl\u00fcten von The Tree sind <strong data-start=\"2409\" data-end=\"2463\">ein dekoratives, sammler- und aromatisches Produkt<\/strong>. Nicht w\u00e4hrend der Schwangerschaft oder Stillzeit verwenden. <strong data-start=\"2525\" data-end=\"2565\">Au\u00dferhalb der Reichweite von Kindern<\/strong> aufbewahren.<\/p>\n<p class=\"\" data-start=\"2580\" data-end=\"2711\">Unsere CBD-Bl\u00fcten k\u00f6nnen eine geringe Menge THC enthalten. Diese liegt selbstverst\u00e4ndlich <strong data-start=\"2670\" data-end=\"2710\">unter dem EU-Grenzwert von 0,2 % THC<\/strong>.<\/p>\n<p class=\"\" data-start=\"2713\" data-end=\"2991\">Die bereitgestellten Informationen dienen ausschlie\u00dflich zu <strong data-start=\"2773\" data-end=\"2813\">Informations- und Ausbildungszwecken<\/strong> und ersetzen in keiner Weise den medizinischen Rat eines Arztes oder Apothekers. Unsere Texte sind nicht f\u00fcr die eigenst\u00e4ndige Diagnose oder Behandlung von Krankheiten bestimmt.<\/p>\n<p class=\"\" data-start=\"2993\" data-end=\"3046\">Bei weiteren Fragen kannst du uns gerne kontaktieren.<\/p>\n<p class=\"\" data-start=\"3053\" data-end=\"3321\"><strong data-start=\"3053\" data-end=\"3065\">Lagerung<\/strong><br data-start=\"3065\" data-end=\"3068\" \/>Die CBD-Bl\u00fcten von The Tree sollten idealerweise an einem <strong data-start=\"3126\" data-end=\"3151\">k\u00fchlen, trockenen Ort<\/strong>, <strong data-start=\"3153\" data-end=\"3197\">gesch\u00fctzt vor Licht und starken Ger\u00fcchen<\/strong> aufbewahrt werden, um Kontamination oder Qualit\u00e4tsverlust zu vermeiden. <strong data-start=\"3270\" data-end=\"3321\">Direkte Sonneneinstrahlung und Hitze vermeiden.<\/strong><\/p>\n<p class=\"\" data-start=\"3323\" data-end=\"3408\"><strong data-start=\"3323\" data-end=\"3335\">Hinweis:<\/strong> Bei richtiger Lagerung betr\u00e4gt die empfohlene Haltbarkeit <strong data-start=\"3394\" data-end=\"3407\">ein Monat<\/strong>.<\/p>\n","protected":false},"excerpt":{"rendered":"<p class=\"\" data-start=\"74\" data-end=\"248\"><strong data-start=\"74\" data-end=\"90\">The Tree CBD<\/strong> bringt dir die legalen <strong data-start=\"114\" data-end=\"136\">CBD-Cannabisbl\u00fcten<\/strong> der Sorte <strong data-start=\"147\" data-end=\"160\">UK Cheese<\/strong>, mit einer einzigartigen Genetik, die <strong data-start=\"199\" data-end=\"240\">einen hohen CBD-Gehalt in jeder Bl\u00fcte<\/strong> bietet.<\/p>\n<p class=\"\" data-start=\"250\" data-end=\"491\">\u25cf Weniger als 0,20\u202f% THC<br data-start=\"274\" data-end=\"277\" \/>\u25cf Zwischen 10\u202f% und 15\u202f% CBD<br data-start=\"305\" data-end=\"308\" \/>\u25cf Genetik: Fragolima x BZ1 x Kompolti<br data-start=\"345\" data-end=\"348\" \/>\u25cf Sativa 50\u202f% \/ Indica 50\u202f%<br data-start=\"375\" data-end=\"378\" data-is-only-node=\"\" \/>\u25cf Keine psychoaktiven Effekte<br data-start=\"407\" data-end=\"410\" \/>\u25cf Organisch angebaut<br data-start=\"430\" data-end=\"433\" \/>\u25cf Frei von Gentechnik (GMO-frei)<br data-start=\"465\" data-end=\"468\" \/>\u25cf Frei von Pestiziden<\/p>\n","protected":false},"featured_media":181395,"template":"","meta":{"_acf_changed":false},"product_brand":[],"class_list":{"0":"post-165115","1":"product","2":"type-product","3":"status-publish","4":"has-post-thumbnail","6":"product_cat-gewachshaus","7":"product_cat-bluten","9":"first","10":"instock","11":"taxable","12":"shipping-taxable","13":"purchasable","14":"product-type-variable"},"acf":[],"yoast_head":"<!-- This site is optimized with the Yoast SEO plugin v26.3 - https:\/\/yoast.com\/wordpress\/plugins\/seo\/ -->\n<title>UK Cheese CBD - The Tree CBD<\/title>\n<meta name=\"robots\" content=\"index, follow, max-snippet:-1, max-image-preview:large, max-video-preview:-1\" \/>\n<link rel=\"canonical\" href=\"https:\/\/thetreecbd.com\/de\/cbd\/uk-cheese-cbd\" \/>\n<meta property=\"og:locale\" content=\"de_DE\" \/>\n<meta property=\"og:type\" content=\"article\" \/>\n<meta property=\"og:title\" content=\"UK Cheese CBD - The Tree CBD\" \/>\n<meta property=\"og:description\" content=\"The Tree CBD bringt dir die legalen CBD-Cannabisbl\u00fcten der Sorte UK Cheese, mit einer einzigartigen Genetik, die einen hohen CBD-Gehalt in jeder Bl\u00fcte bietet. \u25cf Weniger als 0,20\u202f% THC\u25cf Zwischen 10\u202f% und 15\u202f% CBD\u25cf Genetik: Fragolima x BZ1 x Kompolti\u25cf Sativa 50\u202f% \/ Indica 50\u202f%\u25cf Keine psychoaktiven Effekte\u25cf Organisch angebaut\u25cf Frei von Gentechnik (GMO-frei)\u25cf Frei von Pestiziden\" \/>\n<meta property=\"og:url\" content=\"https:\/\/thetreecbd.com\/de\/cbd\/uk-cheese-cbd\" \/>\n<meta property=\"og:site_name\" content=\"The Tree CBD\" \/>\n<meta property=\"article:publisher\" content=\"https:\/\/www.facebook.com\/thetreeCBD\/\" \/>\n<meta property=\"article:modified_time\" content=\"2025-07-01T13:28:09+00:00\" \/>\n<meta property=\"og:image\" content=\"https:\/\/thetreecbd.com\/wp-content\/uploads\/2025\/02\/UK-Cheese-thetree-web.jpg\" \/>\n\t<meta property=\"og:image:width\" content=\"1080\" \/>\n\t<meta property=\"og:image:height\" content=\"1350\" \/>\n\t<meta property=\"og:image:type\" content=\"image\/jpeg\" \/>\n<meta name=\"twitter:card\" content=\"summary_large_image\" \/>\n<meta name=\"twitter:site\" content=\"@TheTreeCBD_EU\" \/>\n<meta name=\"twitter:label1\" content=\"Gesch\u00e4tzte Lesezeit\" \/>\n\t<meta name=\"twitter:data1\" content=\"2\u00a0Minuten\" \/>\n<script type=\"application\/ld+json\" class=\"yoast-schema-graph\">{\"@context\":\"https:\/\/schema.org\",\"@graph\":[{\"@type\":[\"WebPage\",\"ItemPage\"],\"@id\":\"https:\/\/thetreecbd.com\/de\/cbd\/uk-cheese-cbd\",\"url\":\"https:\/\/thetreecbd.com\/de\/cbd\/uk-cheese-cbd\",\"name\":\"UK Cheese CBD - The Tree CBD\",\"isPartOf\":{\"@id\":\"https:\/\/thetreecbd.com\/de#website\"},\"primaryImageOfPage\":{\"@id\":\"https:\/\/thetreecbd.com\/de\/cbd\/uk-cheese-cbd#primaryimage\"},\"image\":{\"@id\":\"https:\/\/thetreecbd.com\/de\/cbd\/uk-cheese-cbd#primaryimage\"},\"thumbnailUrl\":\"https:\/\/thetreecbd.com\/wp-content\/uploads\/2025\/02\/UK-Cheese-thetree-web.jpg\",\"datePublished\":\"2025-02-02T11:42:18+00:00\",\"dateModified\":\"2025-07-01T13:28:09+00:00\",\"breadcrumb\":{\"@id\":\"https:\/\/thetreecbd.com\/de\/cbd\/uk-cheese-cbd#breadcrumb\"},\"inLanguage\":\"de\",\"potentialAction\":[{\"@type\":\"ReadAction\",\"target\":[\"https:\/\/thetreecbd.com\/de\/cbd\/uk-cheese-cbd\"]}]},{\"@type\":\"ImageObject\",\"inLanguage\":\"de\",\"@id\":\"https:\/\/thetreecbd.com\/de\/cbd\/uk-cheese-cbd#primaryimage\",\"url\":\"https:\/\/thetreecbd.com\/wp-content\/uploads\/2025\/02\/UK-Cheese-thetree-web.jpg\",\"contentUrl\":\"https:\/\/thetreecbd.com\/wp-content\/uploads\/2025\/02\/UK-Cheese-thetree-web.jpg\",\"width\":1080,\"height\":1350},{\"@type\":\"BreadcrumbList\",\"@id\":\"https:\/\/thetreecbd.com\/de\/cbd\/uk-cheese-cbd#breadcrumb\",\"itemListElement\":[{\"@type\":\"ListItem\",\"position\":1,\"name\":\"The Tree\",\"item\":\"https:\/\/thetreecbd.com\/de\"},{\"@type\":\"ListItem\",\"position\":2,\"name\":\"CBD\",\"item\":\"https:\/\/thetreecbd.com\/es\/cbd\"},{\"@type\":\"ListItem\",\"position\":3,\"name\":\"CBD-Bl\u00fcten kaufen\",\"item\":\"https:\/\/thetreecbd.com\/de\/bluten\"},{\"@type\":\"ListItem\",\"position\":4,\"name\":\"Bl\u00fcten aus dem Gew\u00e4chshaus\",\"item\":\"https:\/\/thetreecbd.com\/de\/bluten\/gewachshaus\"},{\"@type\":\"ListItem\",\"position\":5,\"name\":\"UK Cheese CBD\"}]},{\"@type\":\"WebSite\",\"@id\":\"https:\/\/thetreecbd.com\/de#website\",\"url\":\"https:\/\/thetreecbd.com\/de\",\"name\":\"The Tree CBD\",\"description\":\"Comprar CBD en Espa\u00f1a Online\",\"publisher\":{\"@id\":\"https:\/\/thetreecbd.com\/de#organization\"},\"potentialAction\":[{\"@type\":\"SearchAction\",\"target\":{\"@type\":\"EntryPoint\",\"urlTemplate\":\"https:\/\/thetreecbd.com\/de?s={search_term_string}\"},\"query-input\":{\"@type\":\"PropertyValueSpecification\",\"valueRequired\":true,\"valueName\":\"search_term_string\"}}],\"inLanguage\":\"de\"},{\"@type\":\"Organization\",\"@id\":\"https:\/\/thetreecbd.com\/de#organization\",\"name\":\"The Tree CBD\",\"url\":\"https:\/\/thetreecbd.com\/de\",\"logo\":{\"@type\":\"ImageObject\",\"inLanguage\":\"de\",\"@id\":\"https:\/\/thetreecbd.com\/de#\/schema\/logo\/image\/\",\"url\":\"https:\/\/thetreecbd.com\/wp-content\/uploads\/2022\/04\/logo-thetree.png\",\"contentUrl\":\"https:\/\/thetreecbd.com\/wp-content\/uploads\/2022\/04\/logo-thetree.png\",\"width\":172,\"height\":55,\"caption\":\"The Tree CBD\"},\"image\":{\"@id\":\"https:\/\/thetreecbd.com\/de#\/schema\/logo\/image\/\"},\"sameAs\":[\"https:\/\/www.facebook.com\/thetreeCBD\/\",\"https:\/\/x.com\/TheTreeCBD_EU\",\"https:\/\/www.instagram.com\/thetree.cbd\/\",\"https:\/\/es.trustpilot.com\/review\/thetreecbd.com\"]}]}<\/script>\n<!-- \/ Yoast SEO plugin. -->","yoast_head_json":{"title":"UK Cheese CBD - The Tree CBD","robots":{"index":"index","follow":"follow","max-snippet":"max-snippet:-1","max-image-preview":"max-image-preview:large","max-video-preview":"max-video-preview:-1"},"canonical":"https:\/\/thetreecbd.com\/de\/cbd\/uk-cheese-cbd","og_locale":"de_DE","og_type":"article","og_title":"UK Cheese CBD - The Tree CBD","og_description":"The Tree CBD bringt dir die legalen CBD-Cannabisbl\u00fcten der Sorte UK Cheese, mit einer einzigartigen Genetik, die einen hohen CBD-Gehalt in jeder Bl\u00fcte bietet. \u25cf Weniger als 0,20\u202f% THC\u25cf Zwischen 10\u202f% und 15\u202f% CBD\u25cf Genetik: Fragolima x BZ1 x Kompolti\u25cf Sativa 50\u202f% \/ Indica 50\u202f%\u25cf Keine psychoaktiven Effekte\u25cf Organisch angebaut\u25cf Frei von Gentechnik (GMO-frei)\u25cf Frei von Pestiziden","og_url":"https:\/\/thetreecbd.com\/de\/cbd\/uk-cheese-cbd","og_site_name":"The Tree CBD","article_publisher":"https:\/\/www.facebook.com\/thetreeCBD\/","article_modified_time":"2025-07-01T13:28:09+00:00","og_image":[{"width":1080,"height":1350,"url":"https:\/\/thetreecbd.com\/wp-content\/uploads\/2025\/02\/UK-Cheese-thetree-web.jpg","type":"image\/jpeg"}],"twitter_card":"summary_large_image","twitter_site":"@TheTreeCBD_EU","twitter_misc":{"Gesch\u00e4tzte Lesezeit":"2\u00a0Minuten"},"schema":{"@context":"https:\/\/schema.org","@graph":[{"@type":["WebPage","ItemPage"],"@id":"https:\/\/thetreecbd.com\/de\/cbd\/uk-cheese-cbd","url":"https:\/\/thetreecbd.com\/de\/cbd\/uk-cheese-cbd","name":"UK Cheese CBD - The Tree CBD","isPartOf":{"@id":"https:\/\/thetreecbd.com\/de#website"},"primaryImageOfPage":{"@id":"https:\/\/thetreecbd.com\/de\/cbd\/uk-cheese-cbd#primaryimage"},"image":{"@id":"https:\/\/thetreecbd.com\/de\/cbd\/uk-cheese-cbd#primaryimage"},"thumbnailUrl":"https:\/\/thetreecbd.com\/wp-content\/uploads\/2025\/02\/UK-Cheese-thetree-web.jpg","datePublished":"2025-02-02T11:42:18+00:00","dateModified":"2025-07-01T13:28:09+00:00","breadcrumb":{"@id":"https:\/\/thetreecbd.com\/de\/cbd\/uk-cheese-cbd#breadcrumb"},"inLanguage":"de","potentialAction":[{"@type":"ReadAction","target":["https:\/\/thetreecbd.com\/de\/cbd\/uk-cheese-cbd"]}]},{"@type":"ImageObject","inLanguage":"de","@id":"https:\/\/thetreecbd.com\/de\/cbd\/uk-cheese-cbd#primaryimage","url":"https:\/\/thetreecbd.com\/wp-content\/uploads\/2025\/02\/UK-Cheese-thetree-web.jpg","contentUrl":"https:\/\/thetreecbd.com\/wp-content\/uploads\/2025\/02\/UK-Cheese-thetree-web.jpg","width":1080,"height":1350},{"@type":"BreadcrumbList","@id":"https:\/\/thetreecbd.com\/de\/cbd\/uk-cheese-cbd#breadcrumb","itemListElement":[{"@type":"ListItem","position":1,"name":"The Tree","item":"https:\/\/thetreecbd.com\/de"},{"@type":"ListItem","position":2,"name":"CBD","item":"https:\/\/thetreecbd.com\/es\/cbd"},{"@type":"ListItem","position":3,"name":"CBD-Bl\u00fcten kaufen","item":"https:\/\/thetreecbd.com\/de\/bluten"},{"@type":"ListItem","position":4,"name":"Bl\u00fcten aus dem Gew\u00e4chshaus","item":"https:\/\/thetreecbd.com\/de\/bluten\/gewachshaus"},{"@type":"ListItem","position":5,"name":"UK Cheese CBD"}]},{"@type":"WebSite","@id":"https:\/\/thetreecbd.com\/de#website","url":"https:\/\/thetreecbd.com\/de","name":"The Tree CBD","description":"Comprar CBD en Espa\u00f1a Online","publisher":{"@id":"https:\/\/thetreecbd.com\/de#organization"},"potentialAction":[{"@type":"SearchAction","target":{"@type":"EntryPoint","urlTemplate":"https:\/\/thetreecbd.com\/de?s={search_term_string}"},"query-input":{"@type":"PropertyValueSpecification","valueRequired":true,"valueName":"search_term_string"}}],"inLanguage":"de"},{"@type":"Organization","@id":"https:\/\/thetreecbd.com\/de#organization","name":"The Tree CBD","url":"https:\/\/thetreecbd.com\/de","logo":{"@type":"ImageObject","inLanguage":"de","@id":"https:\/\/thetreecbd.com\/de#\/schema\/logo\/image\/","url":"https:\/\/thetreecbd.com\/wp-content\/uploads\/2022\/04\/logo-thetree.png","contentUrl":"https:\/\/thetreecbd.com\/wp-content\/uploads\/2022\/04\/logo-thetree.png","width":172,"height":55,"caption":"The Tree CBD"},"image":{"@id":"https:\/\/thetreecbd.com\/de#\/schema\/logo\/image\/"},"sameAs":["https:\/\/www.facebook.com\/thetreeCBD\/","https:\/\/x.com\/TheTreeCBD_EU","https:\/\/www.instagram.com\/thetree.cbd\/","https:\/\/es.trustpilot.com\/review\/thetreecbd.com"]}]}},"_links":{"self":[{"href":"https:\/\/thetreecbd.com\/de\/wp-json\/wp\/v2\/product\/165115","targetHints":{"allow":["GET"]}}],"collection":[{"href":"https:\/\/thetreecbd.com\/de\/wp-json\/wp\/v2\/product"}],"about":[{"href":"https:\/\/thetreecbd.com\/de\/wp-json\/wp\/v2\/types\/product"}],"version-history":[{"count":0,"href":"https:\/\/thetreecbd.com\/de\/wp-json\/wp\/v2\/product\/165115\/revisions"}],"wp:featuredmedia":[{"embeddable":true,"href":"https:\/\/thetreecbd.com\/de\/wp-json\/wp\/v2\/media\/181395"}],"wp:attachment":[{"href":"https:\/\/thetreecbd.com\/de\/wp-json\/wp\/v2\/media?parent=165115"}],"wp:term":[{"taxonomy":"product_brand","embeddable":true,"href":"https:\/\/thetreecbd.com\/de\/wp-json\/wp\/v2\/product_brand?post=165115"}],"curies":[{"name":"wp","href":"https:\/\/api.w.org\/{rel}","templated":true}]}}