{"id":165138,"date":"2024-08-27T15:39:32","date_gmt":"2024-08-27T13:39:32","guid":{"rendered":"https:\/\/thetreecbd.com\/?post_type=product&#038;p=165138"},"modified":"2026-04-15T17:33:56","modified_gmt":"2026-04-15T15:33:56","slug":"piattella","status":"publish","type":"product","link":"https:\/\/thetreecbd.com\/de\/cbd\/piattella","title":{"rendered":"Piattella"},"content":{"rendered":"<p><strong>Das neue Piattella Harz von The Tree CBD ist ein einzigartiges sensorisches Erlebnis<\/strong>, das darauf ausgelegt ist, all jene zu begeistern, die h\u00f6chste Qualit\u00e4t und Reinheit bei CBD-Extrakten und -Harzen zu sch\u00e4tzen wissen. Mit einem beeindruckenden 42\u202f% CBD-Gehalt zeichnet sich dieses Harz nicht nur durch seine Potenz aus, sondern auch durch seine Pr\u00e4sentation und organoleptischen Eigenschaften \u2013 ein Muss f\u00fcr Kenner.<\/p>\n<div><\/div>\n<h3>Was ist Piattella und wie wird es hergestellt?<\/h3>\n<p>Piattella ist eine Art Haschisch, die unter CBD-Enthusiasten immer beliebter wird. Anstelle traditioneller Methoden wird Piattella durch ein einzigartiges Verfahren hergestellt, das darauf abzielt, die Frische der Trichome zu bewahren.<\/p>\n<p><strong>Wie wird es hergestellt?<\/strong> Piattella-Hasch wird aus hochwertigem Bubble Hash hergestellt, das kalt gereift wird, bis es eine Konsistenz \u00e4hnlich wie Butter erreicht. Diese Technik verst\u00e4rkt den Geschmack und erzeugt eine charakteristische Textur, die es den Nutzern erm\u00f6glicht, hochwertiges Haschisch wie nie zuvor zu erleben.<\/p>\n<div><\/div>\n<h3>Textur<\/h3>\n<p>Die Textur des Piattella CBD-Harzes ist eines seiner bemerkenswertesten Merkmale. Auf den ersten Blick ist seine Oberfl\u00e4che glatt und gleichm\u00e4\u00dfig, mit einem sanften Glanz, der seine Reinheit widerspiegelt. Beim Anfassen f\u00fchlt es sich zart und formbar an, mit einer Konsistenz, die eine einfache Handhabung erm\u00f6glicht, ohne \u00fcberm\u00e4\u00dfig klebrig zu sein.<\/p>\n<p>Dieses Harz hat die perfekte Dichte \u2013 fest genug, um seine Form zu behalten, aber weich genug, um sich m\u00fchelos formen zu lassen. Wenn man es zwischen den Fingern presst, offenbart es eine seidige Textur, die sich sanft zersetzen l\u00e4sst und ein samtiges Gef\u00fchl auf der Haut hinterl\u00e4sst. Diese Qualit\u00e4t spiegelt die hohen Standards des Herstellungsprozesses wider und garantiert ein homogenes, frei von Verunreinigungen hergestelltes Harz.<\/p>\n<p>Als Piattella ist dieses Harz bekannt f\u00fcr seine Formbarkeit und karamellartige Erscheinung, mit einer Konsistenz, die es erm\u00f6glicht, es in d\u00fcnne Schichten zu verteilen, ohne an Integrit\u00e4t zu verlieren \u2013 ideal f\u00fcr einfache Anwendung und Dosierung.<\/p>\n<div><\/div>\n<h3>Hoher CBD-Gehalt<\/h3>\n<p>Mit 42\u202f% CBD geh\u00f6rt das Piattella Harz zu den st\u00e4rksten Extrakten auf dem Markt. Diese hohe Konzentration ist ein Beweis f\u00fcr die \u00fcberragende Qualit\u00e4t des Rohmaterials und den sorgf\u00e4ltigen Extraktionsprozess, der so viele Cannabinoide wie m\u00f6glich bewahrt und gleichzeitig Verunreinigungen entfernt.<\/p>\n<p>Das Ergebnis ist ein Produkt von unvergleichlicher Reinheit, bei dem CBD in seiner konzentriertesten und wirksamsten Form pr\u00e4sentiert wird. Diese Potenz, kombiniert mit seinem exquisiten Aromaprofil, seiner raffinierten Textur und seiner lebendigen Farbe, macht Piattella zur idealen Wahl f\u00fcr alle, die h\u00f6chste Qualit\u00e4t und Exzellenz in CBD-Produkten suchen.<\/p>\n<div><\/div>\n<h3>Aussehen<\/h3>\n<p>Visuell ist das Piattella CBD-Harz ein Fest f\u00fcr die Augen. Es hat eine leuchtend goldene Farbe, die an reinen Bernstein oder fl\u00fcssiges Gold erinnert. Dieser goldene Farbton ist klar und durchscheinend, l\u00e4sst Licht hindurch und hebt seinen nat\u00fcrlichen Glanz hervor.<\/p>\n<p>Manchmal kann man unter direktem Licht winzige Glitzerpartikel erkennen, die wie Kristalle im Inneren schimmern und dem Erscheinungsbild einen Hauch von Luxus und Exklusivit\u00e4t verleihen. Diese Farbe ist nicht nur ein Hinweis auf den hohen CBD-Gehalt, sondern auch auf die sorgf\u00e4ltige Extraktion und Reinigung, die sicherstellt, dass nur die reinsten Bestandteile im Endprodukt enthalten sind.<\/p>\n<div><\/div>\n<h3>Merkmale von Piattella von The Tree CBD<\/h3>\n<ul>\n<li>Premium kaltgereiftes CBD-Harz<\/li>\n<li>Formate: 3\u202fg, 5\u202fg, 15\u202fg, 25\u202fg, 50\u202fg und 100\u202fg<\/li>\n<li>42\u202f% CBD<\/li>\n<li>Weniger als 0,19\u202f% THC<\/li>\n<li>Keine psychoaktive Wirkung<\/li>\n<li>Organisch angebauter Hanf<\/li>\n<li>Ohne Gentechnik<\/li>\n<li>Frei von Pestiziden<\/li>\n<\/ul>\n<div><\/div>\n<h3>CBD-Aroma<\/h3>\n<p>Schon beim \u00d6ffnen der Verpackung verstr\u00f6mt das Piattella Harz ein fesselndes Aroma, das den Raum erf\u00fcllt. Sein Duftprofil ist lebendig und komplex, dominiert von intensiven Zitrusnoten, die an frisch geschnittene Zitrone und reife Grapefruit erinnern. Dieser Zitruscharakter verbindet sich harmonisch mit einem s\u00fc\u00dfen Hintergrund, \u00e4hnlich wie Zitronentarte oder Fruchtsorbet. Bei tieferem Einatmen treten subtile Noten von frischem Kiefernholz und eine Spur von Gew\u00fcrzen hervor, die eine zus\u00e4tzliche Raffinesse verleihen. Diese aromatische Kombination schafft ein Erlebnis, das sowohl erfrischend als auch wohltuend ist und das Gef\u00fchl vermittelt, in einem sonnendurchfluteten Zitrushain zu stehen.<\/p>\n<div><\/div>\n<h3>Verpackung<\/h3>\n<p>Die legalen Extrakte von The Tree CBD werden in biologisch abbaubaren Kunststoffbeuteln geliefert, die speziell zum Schutz und zur optimalen Konservierung von CBD-Extrakten entwickelt wurden. Diese Beutel sind wiederverschlie\u00dfbar, um Frische und urspr\u00fcngliches Aroma zu bewahren.<\/p>\n<div><\/div>\n<h3>Format<\/h3>\n<p>Piattella ist in folgenden Formaten erh\u00e4ltlich: 3\u202fg, 5\u202fg, 15\u202fg, 25\u202fg, 50\u202fg und 100\u202fg.<\/p>\n<div><\/div>\n<h3>Lagerung<\/h3>\n<p>Idealerweise sollten die Harze von The Tree CBD an einem k\u00fchlen, trockenen Ort aufbewahrt werden, gesch\u00fctzt vor Licht und starken Ger\u00fcchen, um Kontamination oder Abbau zu vermeiden. Direkte Sonneneinstrahlung und Hitze vermeiden. Au\u00dferhalb der Reichweite von Kindern aufbewahren.<\/p>\n<p><strong>Hinweis:<\/strong> Die Haltbarkeit betr\u00e4gt bei sachgem\u00e4\u00dfer Lagerung etwa einen Monat.<\/p>\n<div><\/div>\n<h3>F\u00fcr wen ist es geeignet?<\/h3>\n<p>Piattella ist ein Produkt von unvergleichlicher Reinheit, bei dem CBD in seiner konzentriertesten und wirksamsten Form pr\u00e4sentiert wird. Diese Potenz, kombiniert mit seinem exquisiten Aromaprofil, seiner raffinierten Textur und seiner lebendigen Farbe, macht es zur idealen Wahl f\u00fcr alle, die h\u00f6chste Qualit\u00e4t und Exzellenz in CBD-Produkten suchen.<\/p>\n<p>Unsere Harze sind f\u00fcr Personen \u00fcber 18 Jahre bestimmt.<\/p>\n<div><\/div>\n<h3>Sicherheitsinformationen<\/h3>\n<p>Bitte beachten Sie, dass die Extrakte von The Tree CBD dekorative, sammelbare und aromatische Produkte sind. Sie sollten nicht w\u00e4hrend der Schwangerschaft oder Stillzeit verwendet werden. Au\u00dferhalb der Reichweite von Kindern aufbewahren.<\/p>\n<p>Unsere Extrakte k\u00f6nnen Spuren von THC enthalten. Selbstverst\u00e4ndlich bleibt dieser Gehalt unter dem gesetzlich zul\u00e4ssigen EU-Grenzwert von 0,2\u202f% THC.<\/p>\n<p>Die bereitgestellten Inhalte dienen ausschlie\u00dflich Informations- und Bildungszwecken und ersetzen nicht die medizinische Beratung durch einen Arzt oder Apotheker. Unsere Texte sind nicht zur Selbstdiagnose oder Behandlung von Krankheiten bestimmt.<\/p>\n<p>Bei weiteren Fragen k\u00f6nnen Sie uns gerne kontaktieren.<\/p>\n","protected":false},"excerpt":{"rendered":"<ul>\n<li><strong data-start=\"50\" data-end=\"91\">CBD-Harz bester Qualit\u00e4t, kaltgereift<\/strong><\/li>\n<li>Format: Beutel zu 3 g, 5 g, 15 g, 25 g, 50 g und 100 g<\/li>\n<li>42 % CBD<\/li>\n<li>Weniger als 0,19 % THC<\/li>\n<li>Keine psychoaktiven Effekte<\/li>\n<li>Organisch angebauter Hanf<\/li>\n<li>Frei von GVO (gentechnisch ver\u00e4nderten Organismen)<\/li>\n<li>Frei von Pestiziden<\/li>\n<\/ul>\n","protected":false},"featured_media":193714,"template":"","meta":{"_acf_changed":false},"product_brand":[],"class_list":{"0":"post-165138","1":"product","2":"type-product","3":"status-publish","4":"has-post-thumbnail","6":"product_cat-cbd-haschisch","7":"product_cat-produkte-mit-20-cbd","9":"first","10":"instock","11":"taxable","12":"shipping-taxable","13":"purchasable","14":"product-type-variable"},"acf":[],"yoast_head":"<!-- This site is optimized with the Yoast SEO plugin v26.3 - https:\/\/yoast.com\/wordpress\/plugins\/seo\/ -->\n<title>Piattella \u2013 CBD-Harz 42\u202f% | The Tree CBD<\/title>\n<meta name=\"description\" content=\"Piattella. 42\u202f% CBD. Entwickelt, um all jene zu begeistern, die h\u00f6chste Qualit\u00e4t und Reinheit in CBD-Extrakten und -Harzen sch\u00e4tzen.\" \/>\n<meta name=\"robots\" content=\"index, follow, max-snippet:-1, max-image-preview:large, max-video-preview:-1\" \/>\n<link rel=\"canonical\" href=\"https:\/\/thetreecbd.com\/de\/cbd\/piattella\" \/>\n<meta property=\"og:locale\" content=\"de_DE\" \/>\n<meta property=\"og:type\" content=\"article\" \/>\n<meta property=\"og:title\" content=\"Piattella \u2013 CBD-Harz 42\u202f% | The Tree CBD\" \/>\n<meta property=\"og:description\" content=\"Piattella. 42\u202f% CBD. Entwickelt, um all jene zu begeistern, die h\u00f6chste Qualit\u00e4t und Reinheit in CBD-Extrakten und -Harzen sch\u00e4tzen.\" \/>\n<meta property=\"og:url\" content=\"https:\/\/thetreecbd.com\/de\/cbd\/piattella\" \/>\n<meta property=\"og:site_name\" content=\"The Tree CBD\" \/>\n<meta property=\"article:publisher\" content=\"https:\/\/www.facebook.com\/thetreeCBD\/\" \/>\n<meta property=\"article:modified_time\" content=\"2026-04-15T15:33:56+00:00\" \/>\n<meta property=\"og:image\" content=\"https:\/\/thetreecbd.com\/wp-content\/uploads\/2024\/08\/piattella-cbd2.jpeg\" \/>\n\t<meta property=\"og:image:width\" content=\"1088\" \/>\n\t<meta property=\"og:image:height\" content=\"1350\" \/>\n\t<meta property=\"og:image:type\" content=\"image\/jpeg\" \/>\n<meta name=\"twitter:card\" content=\"summary_large_image\" \/>\n<meta name=\"twitter:site\" content=\"@TheTreeCBD_EU\" \/>\n<meta name=\"twitter:label1\" content=\"Gesch\u00e4tzte Lesezeit\" \/>\n\t<meta name=\"twitter:data1\" content=\"5\u00a0Minuten\" \/>\n<script type=\"application\/ld+json\" class=\"yoast-schema-graph\">{\"@context\":\"https:\/\/schema.org\",\"@graph\":[{\"@type\":[\"WebPage\",\"ItemPage\"],\"@id\":\"https:\/\/thetreecbd.com\/de\/cbd\/piattella\",\"url\":\"https:\/\/thetreecbd.com\/de\/cbd\/piattella\",\"name\":\"Piattella \u2013 CBD-Harz 42\u202f% | The Tree CBD\",\"isPartOf\":{\"@id\":\"https:\/\/thetreecbd.com\/de#website\"},\"primaryImageOfPage\":{\"@id\":\"https:\/\/thetreecbd.com\/de\/cbd\/piattella#primaryimage\"},\"image\":{\"@id\":\"https:\/\/thetreecbd.com\/de\/cbd\/piattella#primaryimage\"},\"thumbnailUrl\":\"https:\/\/thetreecbd.com\/wp-content\/uploads\/2024\/08\/piattella-cbd2.jpeg\",\"datePublished\":\"2024-08-27T13:39:32+00:00\",\"dateModified\":\"2026-04-15T15:33:56+00:00\",\"description\":\"Piattella. 42\u202f% CBD. Entwickelt, um all jene zu begeistern, die h\u00f6chste Qualit\u00e4t und Reinheit in CBD-Extrakten und -Harzen sch\u00e4tzen.\",\"breadcrumb\":{\"@id\":\"https:\/\/thetreecbd.com\/de\/cbd\/piattella#breadcrumb\"},\"inLanguage\":\"de\",\"potentialAction\":[{\"@type\":\"ReadAction\",\"target\":[\"https:\/\/thetreecbd.com\/de\/cbd\/piattella\"]}]},{\"@type\":\"ImageObject\",\"inLanguage\":\"de\",\"@id\":\"https:\/\/thetreecbd.com\/de\/cbd\/piattella#primaryimage\",\"url\":\"https:\/\/thetreecbd.com\/wp-content\/uploads\/2024\/08\/piattella-cbd2.jpeg\",\"contentUrl\":\"https:\/\/thetreecbd.com\/wp-content\/uploads\/2024\/08\/piattella-cbd2.jpeg\",\"width\":1088,\"height\":1350},{\"@type\":\"BreadcrumbList\",\"@id\":\"https:\/\/thetreecbd.com\/de\/cbd\/piattella#breadcrumb\",\"itemListElement\":[{\"@type\":\"ListItem\",\"position\":1,\"name\":\"The Tree\",\"item\":\"https:\/\/thetreecbd.com\/de\"},{\"@type\":\"ListItem\",\"position\":2,\"name\":\"CBD\",\"item\":\"https:\/\/thetreecbd.com\/es\/cbd\"},{\"@type\":\"ListItem\",\"position\":3,\"name\":\"CBD-Haschisch. Cannabis-Extrakte\",\"item\":\"https:\/\/thetreecbd.com\/de\/cbd-haschisch\"},{\"@type\":\"ListItem\",\"position\":4,\"name\":\"Piattella\"}]},{\"@type\":\"WebSite\",\"@id\":\"https:\/\/thetreecbd.com\/de#website\",\"url\":\"https:\/\/thetreecbd.com\/de\",\"name\":\"The Tree CBD\",\"description\":\"Comprar CBD en Espa\u00f1a Online\",\"publisher\":{\"@id\":\"https:\/\/thetreecbd.com\/de#organization\"},\"potentialAction\":[{\"@type\":\"SearchAction\",\"target\":{\"@type\":\"EntryPoint\",\"urlTemplate\":\"https:\/\/thetreecbd.com\/de?s={search_term_string}\"},\"query-input\":{\"@type\":\"PropertyValueSpecification\",\"valueRequired\":true,\"valueName\":\"search_term_string\"}}],\"inLanguage\":\"de\"},{\"@type\":\"Organization\",\"@id\":\"https:\/\/thetreecbd.com\/de#organization\",\"name\":\"The Tree CBD\",\"url\":\"https:\/\/thetreecbd.com\/de\",\"logo\":{\"@type\":\"ImageObject\",\"inLanguage\":\"de\",\"@id\":\"https:\/\/thetreecbd.com\/de#\/schema\/logo\/image\/\",\"url\":\"https:\/\/thetreecbd.com\/wp-content\/uploads\/2022\/04\/logo-thetree.png\",\"contentUrl\":\"https:\/\/thetreecbd.com\/wp-content\/uploads\/2022\/04\/logo-thetree.png\",\"width\":172,\"height\":55,\"caption\":\"The Tree CBD\"},\"image\":{\"@id\":\"https:\/\/thetreecbd.com\/de#\/schema\/logo\/image\/\"},\"sameAs\":[\"https:\/\/www.facebook.com\/thetreeCBD\/\",\"https:\/\/x.com\/TheTreeCBD_EU\",\"https:\/\/www.instagram.com\/thetree.cbd\/\",\"https:\/\/es.trustpilot.com\/review\/thetreecbd.com\"]}]}<\/script>\n<!-- \/ Yoast SEO plugin. -->","yoast_head_json":{"title":"Piattella \u2013 CBD-Harz 42\u202f% | The Tree CBD","description":"Piattella. 42\u202f% CBD. Entwickelt, um all jene zu begeistern, die h\u00f6chste Qualit\u00e4t und Reinheit in CBD-Extrakten und -Harzen sch\u00e4tzen.","robots":{"index":"index","follow":"follow","max-snippet":"max-snippet:-1","max-image-preview":"max-image-preview:large","max-video-preview":"max-video-preview:-1"},"canonical":"https:\/\/thetreecbd.com\/de\/cbd\/piattella","og_locale":"de_DE","og_type":"article","og_title":"Piattella \u2013 CBD-Harz 42\u202f% | The Tree CBD","og_description":"Piattella. 42\u202f% CBD. Entwickelt, um all jene zu begeistern, die h\u00f6chste Qualit\u00e4t und Reinheit in CBD-Extrakten und -Harzen sch\u00e4tzen.","og_url":"https:\/\/thetreecbd.com\/de\/cbd\/piattella","og_site_name":"The Tree CBD","article_publisher":"https:\/\/www.facebook.com\/thetreeCBD\/","article_modified_time":"2026-04-15T15:33:56+00:00","og_image":[{"width":1088,"height":1350,"url":"https:\/\/thetreecbd.com\/wp-content\/uploads\/2024\/08\/piattella-cbd2.jpeg","type":"image\/jpeg"}],"twitter_card":"summary_large_image","twitter_site":"@TheTreeCBD_EU","twitter_misc":{"Gesch\u00e4tzte Lesezeit":"5\u00a0Minuten"},"schema":{"@context":"https:\/\/schema.org","@graph":[{"@type":["WebPage","ItemPage"],"@id":"https:\/\/thetreecbd.com\/de\/cbd\/piattella","url":"https:\/\/thetreecbd.com\/de\/cbd\/piattella","name":"Piattella \u2013 CBD-Harz 42\u202f% | The Tree CBD","isPartOf":{"@id":"https:\/\/thetreecbd.com\/de#website"},"primaryImageOfPage":{"@id":"https:\/\/thetreecbd.com\/de\/cbd\/piattella#primaryimage"},"image":{"@id":"https:\/\/thetreecbd.com\/de\/cbd\/piattella#primaryimage"},"thumbnailUrl":"https:\/\/thetreecbd.com\/wp-content\/uploads\/2024\/08\/piattella-cbd2.jpeg","datePublished":"2024-08-27T13:39:32+00:00","dateModified":"2026-04-15T15:33:56+00:00","description":"Piattella. 42\u202f% CBD. Entwickelt, um all jene zu begeistern, die h\u00f6chste Qualit\u00e4t und Reinheit in CBD-Extrakten und -Harzen sch\u00e4tzen.","breadcrumb":{"@id":"https:\/\/thetreecbd.com\/de\/cbd\/piattella#breadcrumb"},"inLanguage":"de","potentialAction":[{"@type":"ReadAction","target":["https:\/\/thetreecbd.com\/de\/cbd\/piattella"]}]},{"@type":"ImageObject","inLanguage":"de","@id":"https:\/\/thetreecbd.com\/de\/cbd\/piattella#primaryimage","url":"https:\/\/thetreecbd.com\/wp-content\/uploads\/2024\/08\/piattella-cbd2.jpeg","contentUrl":"https:\/\/thetreecbd.com\/wp-content\/uploads\/2024\/08\/piattella-cbd2.jpeg","width":1088,"height":1350},{"@type":"BreadcrumbList","@id":"https:\/\/thetreecbd.com\/de\/cbd\/piattella#breadcrumb","itemListElement":[{"@type":"ListItem","position":1,"name":"The Tree","item":"https:\/\/thetreecbd.com\/de"},{"@type":"ListItem","position":2,"name":"CBD","item":"https:\/\/thetreecbd.com\/es\/cbd"},{"@type":"ListItem","position":3,"name":"CBD-Haschisch. Cannabis-Extrakte","item":"https:\/\/thetreecbd.com\/de\/cbd-haschisch"},{"@type":"ListItem","position":4,"name":"Piattella"}]},{"@type":"WebSite","@id":"https:\/\/thetreecbd.com\/de#website","url":"https:\/\/thetreecbd.com\/de","name":"The Tree CBD","description":"Comprar CBD en Espa\u00f1a Online","publisher":{"@id":"https:\/\/thetreecbd.com\/de#organization"},"potentialAction":[{"@type":"SearchAction","target":{"@type":"EntryPoint","urlTemplate":"https:\/\/thetreecbd.com\/de?s={search_term_string}"},"query-input":{"@type":"PropertyValueSpecification","valueRequired":true,"valueName":"search_term_string"}}],"inLanguage":"de"},{"@type":"Organization","@id":"https:\/\/thetreecbd.com\/de#organization","name":"The Tree CBD","url":"https:\/\/thetreecbd.com\/de","logo":{"@type":"ImageObject","inLanguage":"de","@id":"https:\/\/thetreecbd.com\/de#\/schema\/logo\/image\/","url":"https:\/\/thetreecbd.com\/wp-content\/uploads\/2022\/04\/logo-thetree.png","contentUrl":"https:\/\/thetreecbd.com\/wp-content\/uploads\/2022\/04\/logo-thetree.png","width":172,"height":55,"caption":"The Tree CBD"},"image":{"@id":"https:\/\/thetreecbd.com\/de#\/schema\/logo\/image\/"},"sameAs":["https:\/\/www.facebook.com\/thetreeCBD\/","https:\/\/x.com\/TheTreeCBD_EU","https:\/\/www.instagram.com\/thetree.cbd\/","https:\/\/es.trustpilot.com\/review\/thetreecbd.com"]}]}},"_links":{"self":[{"href":"https:\/\/thetreecbd.com\/de\/wp-json\/wp\/v2\/product\/165138","targetHints":{"allow":["GET"]}}],"collection":[{"href":"https:\/\/thetreecbd.com\/de\/wp-json\/wp\/v2\/product"}],"about":[{"href":"https:\/\/thetreecbd.com\/de\/wp-json\/wp\/v2\/types\/product"}],"version-history":[{"count":1,"href":"https:\/\/thetreecbd.com\/de\/wp-json\/wp\/v2\/product\/165138\/revisions"}],"predecessor-version":[{"id":193721,"href":"https:\/\/thetreecbd.com\/de\/wp-json\/wp\/v2\/product\/165138\/revisions\/193721"}],"wp:featuredmedia":[{"embeddable":true,"href":"https:\/\/thetreecbd.com\/de\/wp-json\/wp\/v2\/media\/193714"}],"wp:attachment":[{"href":"https:\/\/thetreecbd.com\/de\/wp-json\/wp\/v2\/media?parent=165138"}],"wp:term":[{"taxonomy":"product_brand","embeddable":true,"href":"https:\/\/thetreecbd.com\/de\/wp-json\/wp\/v2\/product_brand?post=165138"}],"curies":[{"name":"wp","href":"https:\/\/api.w.org\/{rel}","templated":true}]}}