{"id":165148,"date":"2025-01-20T18:52:16","date_gmt":"2025-01-20T17:52:16","guid":{"rendered":"https:\/\/thetreecbd.com\/cbd\/kleiner-knospen-zitronenbaum-cbd"},"modified":"2025-05-19T15:28:02","modified_gmt":"2025-05-19T13:28:02","slug":"kleiner-knospen-zitronenbaum-cbd","status":"publish","type":"product","link":"https:\/\/thetreecbd.com\/de\/cbd\/kleiner-knospen-zitronenbaum-cbd","title":{"rendered":"Kleiner Knospen Zitronenbaum CBD"},"content":{"rendered":"<p class=\"\" data-start=\"83\" data-end=\"344\"><strong data-start=\"83\" data-end=\"129\">Das Produkt Lemon Tree CBD \u2013 Kleine Bl\u00fcten<\/strong> ist eine der Neuheiten im Katalog von The Tree CBD und bietet ein attraktives Preis-Leistungs-Verh\u00e4ltnis f\u00fcr jedes Budget. Dieses Produkt vereint alle positiven Eigenschaften unserer Indoor- und Greenhouse-Genetik.<\/p>\n<p class=\"\" data-start=\"346\" data-end=\"584\">In diesem Fall werden die kleineren CBD-Bl\u00fcten und -Bl\u00fctenst\u00e4nde aller legalen CBD-Cannabispflanzen geerntet, um Ihnen ein Produkt mit gleicher Qualit\u00e4t wie alle anderen Sorten von The Tree CBD zu einem erschwinglicheren Preis anzubieten.<\/p>\n<p class=\"\" data-start=\"586\" data-end=\"893\"><strong data-start=\"586\" data-end=\"595\">Lemon<\/strong>: Diese Sorte bietet ein zitrusartiges Aroma mit Vanille- und Zitronengeschmack. Sie enth\u00e4lt ebenfalls hohe CBD-Werte zwischen 12 % und 14 %.<\/p>\n<p class=\"\" data-start=\"586\" data-end=\"893\"><br data-start=\"736\" data-end=\"739\" \/>Wie alle unsere anderen Produkte, die weniger als 0,19 % THC enthalten, sind sie in ganz Europa vollkommen legal und haben keinerlei psychoaktive Wirkung.<\/p>\n<p class=\"\" data-start=\"900\" data-end=\"953\"><strong data-start=\"900\" data-end=\"953\">Eigenschaften der Lemon Tree CBD \u2013 Kleinen Bl\u00fcten<\/strong><\/p>\n<ul data-start=\"955\" data-end=\"1254\">\n<li class=\"\" data-start=\"955\" data-end=\"997\">\n<p class=\"\" data-start=\"957\" data-end=\"997\"><strong data-start=\"957\" data-end=\"967\">Sorten<\/strong>: Lemon Tree \u2013 Kleine Bl\u00fcten<\/p>\n<\/li>\n<li class=\"\" data-start=\"998\" data-end=\"1034\">\n<p class=\"\" data-start=\"1000\" data-end=\"1034\">Hanfbl\u00fcten und -bl\u00fctenst\u00e4nde<\/p>\n<\/li>\n<li class=\"\" data-start=\"1035\" data-end=\"1066\">\n<p class=\"\" data-start=\"1037\" data-end=\"1066\"><strong>Format<\/strong>: 10-Gramm-Beutel<\/p>\n<\/li>\n<li class=\"\" data-start=\"1067\" data-end=\"1091\">\n<p class=\"\" data-start=\"1069\" data-end=\"1091\">Unter 0,19 % <strong>THC<\/strong><\/p>\n<\/li>\n<li class=\"\" data-start=\"1092\" data-end=\"1143\">\n<p class=\"\" data-start=\"1094\" data-end=\"1143\"><strong>CBD<\/strong>-Gehalt von 10 % bis 23 %, je nach Sorte<\/p>\n<\/li>\n<li class=\"\" data-start=\"1144\" data-end=\"1178\">\n<p class=\"\" data-start=\"1146\" data-end=\"1178\"><strong>Keine psychoaktive Wirkung<\/strong><\/p>\n<\/li>\n<li class=\"\" data-start=\"1179\" data-end=\"1205\">\n<p class=\"\" data-start=\"1181\" data-end=\"1205\">Biologischer Anbau<\/p>\n<\/li>\n<li class=\"\" data-start=\"1206\" data-end=\"1226\">\n<p class=\"\" data-start=\"1208\" data-end=\"1226\">Frei von GVO<\/p>\n<\/li>\n<li class=\"\" data-start=\"1227\" data-end=\"1254\">\n<p class=\"\" data-start=\"1229\" data-end=\"1254\">Frei von Pestiziden<\/p>\n<\/li>\n<\/ul>\n<p class=\"\" data-start=\"1261\" data-end=\"1293\"><strong data-start=\"1261\" data-end=\"1293\">Aroma der kleinen CBD-Bl\u00fcten<\/strong><\/p>\n<p class=\"\" data-start=\"1295\" data-end=\"1477\">Terpene sind in den meisten \u00e4therischen \u00d6len vieler Pflanzen, Blumen und Fr\u00fcchte enthalten und verantwortlich f\u00fcr Duft und Geschmack. Im Cannabis finden wir ein breites Terpenprofil.<\/p>\n<p class=\"\" data-start=\"1479\" data-end=\"1633\">Die verf\u00fcgbaren Terpene variieren je nach Sorte jeder Packung. Daher empfehlen wir, jede Sorte zu \u00fcberpr\u00fcfen, um das spezifische Terpenprofil zu erfahren.<\/p>\n<p class=\"\" data-start=\"1640\" data-end=\"1654\"><strong data-start=\"1640\" data-end=\"1654\">Zielgruppe<\/strong><\/p>\n<p class=\"\" data-start=\"1656\" data-end=\"1758\">Die kleinen Bl\u00fcten sind ideal f\u00fcr K\u00e4ufer, die die gewohnte Qualit\u00e4t zu einem niedrigeren Preis suchen.<\/p>\n<p class=\"\" data-start=\"1760\" data-end=\"1954\">Als Nebenprodukt oder Abfallprodukt erm\u00f6glichen die kleinen Bl\u00fcten den Zugang zu Top-Sorten zu einem stark reduzierten Preis, wobei die gleiche Qualit\u00e4t wie beim Originalprodukt erhalten bleibt.<\/p>\n<p class=\"\" data-start=\"1961\" data-end=\"1989\"><strong data-start=\"1961\" data-end=\"1989\">Sicherheitsinformationen<\/strong><\/p>\n<p class=\"\" data-start=\"1991\" data-end=\"2232\">Bitte beachten Sie, dass die CBD-Bl\u00fcten von The Tree ein dekoratives, sammelbares und aromatisches Produkt sind. Sie sollten nicht w\u00e4hrend der Schwangerschaft oder Stillzeit verwendet werden. Au\u00dferhalb der Reichweite von Kindern aufbewahren.<\/p>\n<p class=\"\" data-start=\"2234\" data-end=\"2349\">Unsere CBD-Bl\u00fcten k\u00f6nnen einen gewissen THC-Gehalt aufweisen. Dieser liegt jedoch unter dem EU-Grenzwert von 0,2 %.<\/p>\n<p class=\"\" data-start=\"2351\" data-end=\"2622\">Die bereitgestellten Informationen dienen ausschlie\u00dflich zu Informations- und Schulungszwecken und ersetzen keinesfalls die medizinische Beratung eines Arztes oder Apothekers. Unsere Texte sind nicht f\u00fcr die eigenst\u00e4ndige Diagnose und Behandlung von Krankheiten bestimmt.<\/p>\n<p class=\"\" data-start=\"2624\" data-end=\"2681\">Bei weiteren Fragen stehen wir Ihnen gerne zur Verf\u00fcgung.<\/p>\n<p class=\"\" data-start=\"2688\" data-end=\"2700\"><strong data-start=\"2688\" data-end=\"2700\">Lagerung<\/strong><\/p>\n<p class=\"\" data-start=\"2702\" data-end=\"2953\">Idealerweise sollten die CBD-Bl\u00fcten von The Tree an einem k\u00fchlen, trockenen Ort, gesch\u00fctzt vor Licht und starken Ger\u00fcchen, aufbewahrt werden, um jegliche Art von Kontamination und\/oder Zersetzung zu vermeiden. Direktes Sonnenlicht und Hitze vermeiden.<\/p>\n<p class=\"\" data-start=\"2955\" data-end=\"3038\"><strong data-start=\"2955\" data-end=\"2966\">Hinweis<\/strong>: Die angegebene Haltbarkeit betr\u00e4gt einen Monat, wenn korrekt gelagert.<\/p>\n","protected":false},"excerpt":{"rendered":"<ul>\n<li><strong>Sorten<\/strong>: Lemon Tree \u2013 Kleine Bl\u00fcten<\/li>\n<li>Hanfbl\u00fcten und -bl\u00fctenst\u00e4nde<\/li>\n<li><strong>Format<\/strong>: 10-Gramm-Beutel<\/li>\n<li>Unter 0,19 % <strong>THC<\/strong><\/li>\n<li>Von 10 % bis 23 % <strong>CBD<\/strong>, je nach Sorte<\/li>\n<li><strong>Keine psychoaktive Wirkung<\/strong><\/li>\n<li>Biologisch angebaut<\/li>\n<li>Frei von GVO<\/li>\n<li>Frei von Pestiziden<\/li>\n<\/ul>\n","protected":false},"featured_media":165133,"template":"","meta":{"_acf_changed":false},"product_brand":[],"class_list":{"0":"post-165148","1":"product","2":"type-product","3":"status-publish","4":"has-post-thumbnail","6":"product_cat-bluten","7":"product_cat-kleine-cbd-bluten-popcorn-buds","8":"product_cat-produkte-mit-10-cbd","10":"first","11":"instock","12":"taxable","13":"shipping-taxable","14":"purchasable","15":"product-type-variable"},"acf":[],"yoast_head":"<!-- This site is optimized with the Yoast SEO plugin v26.3 - https:\/\/yoast.com\/wordpress\/plugins\/seo\/ -->\n<title>Kleiner Knospen Zitronenbaum CBD | The Tree CBD<\/title>\n<meta name=\"description\" content=\"Die Lemon Tree CBD ist eine kleine Bl\u00fcte mit einem s\u00fc\u00df-sauren Zitrusaroma. Sie enth\u00e4lt hohe CBD-Werte von bis zu 16 %, du wirst nicht widerstehen k\u00f6nnen, sie auszuprobieren! Rechtlicher CBD.\" \/>\n<meta name=\"robots\" content=\"index, follow, max-snippet:-1, max-image-preview:large, max-video-preview:-1\" \/>\n<link rel=\"canonical\" href=\"https:\/\/thetreecbd.com\/de\/cbd\/kleiner-knospen-zitronenbaum-cbd\" \/>\n<meta property=\"og:locale\" content=\"de_DE\" \/>\n<meta property=\"og:type\" content=\"article\" \/>\n<meta property=\"og:title\" content=\"Kleiner Knospen Zitronenbaum CBD | The Tree CBD\" \/>\n<meta property=\"og:description\" content=\"Die Lemon Tree CBD ist eine kleine Bl\u00fcte mit einem s\u00fc\u00df-sauren Zitrusaroma. Sie enth\u00e4lt hohe CBD-Werte von bis zu 16 %, du wirst nicht widerstehen k\u00f6nnen, sie auszuprobieren! Rechtlicher CBD.\" \/>\n<meta property=\"og:url\" content=\"https:\/\/thetreecbd.com\/de\/cbd\/kleiner-knospen-zitronenbaum-cbd\" \/>\n<meta property=\"og:site_name\" content=\"The Tree CBD\" \/>\n<meta property=\"article:publisher\" content=\"https:\/\/www.facebook.com\/thetreeCBD\/\" \/>\n<meta property=\"article:modified_time\" content=\"2025-05-19T13:28:02+00:00\" \/>\n<meta property=\"og:image\" content=\"https:\/\/thetreecbd.com\/wp-content\/uploads\/2025\/01\/Zkittlez_Heap_1.34.1-1-scaled-e1740226545356.jpeg\" \/>\n\t<meta property=\"og:image:width\" content=\"1152\" \/>\n\t<meta property=\"og:image:height\" content=\"1236\" \/>\n\t<meta property=\"og:image:type\" content=\"image\/jpeg\" \/>\n<meta name=\"twitter:card\" content=\"summary_large_image\" \/>\n<meta name=\"twitter:site\" content=\"@TheTreeCBD_EU\" \/>\n<meta name=\"twitter:label1\" content=\"Gesch\u00e4tzte Lesezeit\" \/>\n\t<meta name=\"twitter:data1\" content=\"2\u00a0Minuten\" \/>\n<script type=\"application\/ld+json\" class=\"yoast-schema-graph\">{\"@context\":\"https:\/\/schema.org\",\"@graph\":[{\"@type\":[\"WebPage\",\"ItemPage\"],\"@id\":\"https:\/\/thetreecbd.com\/de\/cbd\/kleiner-knospen-zitronenbaum-cbd\",\"url\":\"https:\/\/thetreecbd.com\/de\/cbd\/kleiner-knospen-zitronenbaum-cbd\",\"name\":\"Kleiner Knospen Zitronenbaum CBD | The Tree CBD\",\"isPartOf\":{\"@id\":\"https:\/\/thetreecbd.com\/de#website\"},\"primaryImageOfPage\":{\"@id\":\"https:\/\/thetreecbd.com\/de\/cbd\/kleiner-knospen-zitronenbaum-cbd#primaryimage\"},\"image\":{\"@id\":\"https:\/\/thetreecbd.com\/de\/cbd\/kleiner-knospen-zitronenbaum-cbd#primaryimage\"},\"thumbnailUrl\":\"https:\/\/thetreecbd.com\/wp-content\/uploads\/2025\/01\/Zkittlez_Heap_1.34.1-1-scaled-e1740226545356.jpeg\",\"datePublished\":\"2025-01-20T17:52:16+00:00\",\"dateModified\":\"2025-05-19T13:28:02+00:00\",\"description\":\"Die Lemon Tree CBD ist eine kleine Bl\u00fcte mit einem s\u00fc\u00df-sauren Zitrusaroma. Sie enth\u00e4lt hohe CBD-Werte von bis zu 16 %, du wirst nicht widerstehen k\u00f6nnen, sie auszuprobieren! Rechtlicher CBD.\",\"breadcrumb\":{\"@id\":\"https:\/\/thetreecbd.com\/de\/cbd\/kleiner-knospen-zitronenbaum-cbd#breadcrumb\"},\"inLanguage\":\"de\",\"potentialAction\":[{\"@type\":\"ReadAction\",\"target\":[\"https:\/\/thetreecbd.com\/de\/cbd\/kleiner-knospen-zitronenbaum-cbd\"]}]},{\"@type\":\"ImageObject\",\"inLanguage\":\"de\",\"@id\":\"https:\/\/thetreecbd.com\/de\/cbd\/kleiner-knospen-zitronenbaum-cbd#primaryimage\",\"url\":\"https:\/\/thetreecbd.com\/wp-content\/uploads\/2025\/01\/Zkittlez_Heap_1.34.1-1-scaled-e1740226545356.jpeg\",\"contentUrl\":\"https:\/\/thetreecbd.com\/wp-content\/uploads\/2025\/01\/Zkittlez_Heap_1.34.1-1-scaled-e1740226545356.jpeg\",\"width\":1152,\"height\":1236},{\"@type\":\"BreadcrumbList\",\"@id\":\"https:\/\/thetreecbd.com\/de\/cbd\/kleiner-knospen-zitronenbaum-cbd#breadcrumb\",\"itemListElement\":[{\"@type\":\"ListItem\",\"position\":1,\"name\":\"The Tree\",\"item\":\"https:\/\/thetreecbd.com\/de\"},{\"@type\":\"ListItem\",\"position\":2,\"name\":\"CBD\",\"item\":\"https:\/\/thetreecbd.com\/es\/cbd\"},{\"@type\":\"ListItem\",\"position\":3,\"name\":\"CBD-Bl\u00fcten kaufen\",\"item\":\"https:\/\/thetreecbd.com\/de\/bluten\"},{\"@type\":\"ListItem\",\"position\":4,\"name\":\"Kleine CBD-Bl\u00fcten &amp; Popcorn-Buds\",\"item\":\"https:\/\/thetreecbd.com\/de\/bluten\/kleine-cbd-bluten-popcorn-buds\"},{\"@type\":\"ListItem\",\"position\":5,\"name\":\"Kleiner Knospen Zitronenbaum CBD\"}]},{\"@type\":\"WebSite\",\"@id\":\"https:\/\/thetreecbd.com\/de#website\",\"url\":\"https:\/\/thetreecbd.com\/de\",\"name\":\"The Tree CBD\",\"description\":\"Comprar CBD en Espa\u00f1a Online\",\"publisher\":{\"@id\":\"https:\/\/thetreecbd.com\/de#organization\"},\"potentialAction\":[{\"@type\":\"SearchAction\",\"target\":{\"@type\":\"EntryPoint\",\"urlTemplate\":\"https:\/\/thetreecbd.com\/de?s={search_term_string}\"},\"query-input\":{\"@type\":\"PropertyValueSpecification\",\"valueRequired\":true,\"valueName\":\"search_term_string\"}}],\"inLanguage\":\"de\"},{\"@type\":\"Organization\",\"@id\":\"https:\/\/thetreecbd.com\/de#organization\",\"name\":\"The Tree CBD\",\"url\":\"https:\/\/thetreecbd.com\/de\",\"logo\":{\"@type\":\"ImageObject\",\"inLanguage\":\"de\",\"@id\":\"https:\/\/thetreecbd.com\/de#\/schema\/logo\/image\/\",\"url\":\"https:\/\/thetreecbd.com\/wp-content\/uploads\/2022\/04\/logo-thetree.png\",\"contentUrl\":\"https:\/\/thetreecbd.com\/wp-content\/uploads\/2022\/04\/logo-thetree.png\",\"width\":172,\"height\":55,\"caption\":\"The Tree CBD\"},\"image\":{\"@id\":\"https:\/\/thetreecbd.com\/de#\/schema\/logo\/image\/\"},\"sameAs\":[\"https:\/\/www.facebook.com\/thetreeCBD\/\",\"https:\/\/x.com\/TheTreeCBD_EU\",\"https:\/\/www.instagram.com\/thetree.cbd\/\",\"https:\/\/es.trustpilot.com\/review\/thetreecbd.com\"]}]}<\/script>\n<!-- \/ Yoast SEO plugin. -->","yoast_head_json":{"title":"Kleiner Knospen Zitronenbaum CBD | The Tree CBD","description":"Die Lemon Tree CBD ist eine kleine Bl\u00fcte mit einem s\u00fc\u00df-sauren Zitrusaroma. Sie enth\u00e4lt hohe CBD-Werte von bis zu 16 %, du wirst nicht widerstehen k\u00f6nnen, sie auszuprobieren! Rechtlicher CBD.","robots":{"index":"index","follow":"follow","max-snippet":"max-snippet:-1","max-image-preview":"max-image-preview:large","max-video-preview":"max-video-preview:-1"},"canonical":"https:\/\/thetreecbd.com\/de\/cbd\/kleiner-knospen-zitronenbaum-cbd","og_locale":"de_DE","og_type":"article","og_title":"Kleiner Knospen Zitronenbaum CBD | The Tree CBD","og_description":"Die Lemon Tree CBD ist eine kleine Bl\u00fcte mit einem s\u00fc\u00df-sauren Zitrusaroma. Sie enth\u00e4lt hohe CBD-Werte von bis zu 16 %, du wirst nicht widerstehen k\u00f6nnen, sie auszuprobieren! Rechtlicher CBD.","og_url":"https:\/\/thetreecbd.com\/de\/cbd\/kleiner-knospen-zitronenbaum-cbd","og_site_name":"The Tree CBD","article_publisher":"https:\/\/www.facebook.com\/thetreeCBD\/","article_modified_time":"2025-05-19T13:28:02+00:00","og_image":[{"width":1152,"height":1236,"url":"https:\/\/thetreecbd.com\/wp-content\/uploads\/2025\/01\/Zkittlez_Heap_1.34.1-1-scaled-e1740226545356.jpeg","type":"image\/jpeg"}],"twitter_card":"summary_large_image","twitter_site":"@TheTreeCBD_EU","twitter_misc":{"Gesch\u00e4tzte Lesezeit":"2\u00a0Minuten"},"schema":{"@context":"https:\/\/schema.org","@graph":[{"@type":["WebPage","ItemPage"],"@id":"https:\/\/thetreecbd.com\/de\/cbd\/kleiner-knospen-zitronenbaum-cbd","url":"https:\/\/thetreecbd.com\/de\/cbd\/kleiner-knospen-zitronenbaum-cbd","name":"Kleiner Knospen Zitronenbaum CBD | The Tree CBD","isPartOf":{"@id":"https:\/\/thetreecbd.com\/de#website"},"primaryImageOfPage":{"@id":"https:\/\/thetreecbd.com\/de\/cbd\/kleiner-knospen-zitronenbaum-cbd#primaryimage"},"image":{"@id":"https:\/\/thetreecbd.com\/de\/cbd\/kleiner-knospen-zitronenbaum-cbd#primaryimage"},"thumbnailUrl":"https:\/\/thetreecbd.com\/wp-content\/uploads\/2025\/01\/Zkittlez_Heap_1.34.1-1-scaled-e1740226545356.jpeg","datePublished":"2025-01-20T17:52:16+00:00","dateModified":"2025-05-19T13:28:02+00:00","description":"Die Lemon Tree CBD ist eine kleine Bl\u00fcte mit einem s\u00fc\u00df-sauren Zitrusaroma. Sie enth\u00e4lt hohe CBD-Werte von bis zu 16 %, du wirst nicht widerstehen k\u00f6nnen, sie auszuprobieren! Rechtlicher CBD.","breadcrumb":{"@id":"https:\/\/thetreecbd.com\/de\/cbd\/kleiner-knospen-zitronenbaum-cbd#breadcrumb"},"inLanguage":"de","potentialAction":[{"@type":"ReadAction","target":["https:\/\/thetreecbd.com\/de\/cbd\/kleiner-knospen-zitronenbaum-cbd"]}]},{"@type":"ImageObject","inLanguage":"de","@id":"https:\/\/thetreecbd.com\/de\/cbd\/kleiner-knospen-zitronenbaum-cbd#primaryimage","url":"https:\/\/thetreecbd.com\/wp-content\/uploads\/2025\/01\/Zkittlez_Heap_1.34.1-1-scaled-e1740226545356.jpeg","contentUrl":"https:\/\/thetreecbd.com\/wp-content\/uploads\/2025\/01\/Zkittlez_Heap_1.34.1-1-scaled-e1740226545356.jpeg","width":1152,"height":1236},{"@type":"BreadcrumbList","@id":"https:\/\/thetreecbd.com\/de\/cbd\/kleiner-knospen-zitronenbaum-cbd#breadcrumb","itemListElement":[{"@type":"ListItem","position":1,"name":"The Tree","item":"https:\/\/thetreecbd.com\/de"},{"@type":"ListItem","position":2,"name":"CBD","item":"https:\/\/thetreecbd.com\/es\/cbd"},{"@type":"ListItem","position":3,"name":"CBD-Bl\u00fcten kaufen","item":"https:\/\/thetreecbd.com\/de\/bluten"},{"@type":"ListItem","position":4,"name":"Kleine CBD-Bl\u00fcten &amp; Popcorn-Buds","item":"https:\/\/thetreecbd.com\/de\/bluten\/kleine-cbd-bluten-popcorn-buds"},{"@type":"ListItem","position":5,"name":"Kleiner Knospen Zitronenbaum CBD"}]},{"@type":"WebSite","@id":"https:\/\/thetreecbd.com\/de#website","url":"https:\/\/thetreecbd.com\/de","name":"The Tree CBD","description":"Comprar CBD en Espa\u00f1a Online","publisher":{"@id":"https:\/\/thetreecbd.com\/de#organization"},"potentialAction":[{"@type":"SearchAction","target":{"@type":"EntryPoint","urlTemplate":"https:\/\/thetreecbd.com\/de?s={search_term_string}"},"query-input":{"@type":"PropertyValueSpecification","valueRequired":true,"valueName":"search_term_string"}}],"inLanguage":"de"},{"@type":"Organization","@id":"https:\/\/thetreecbd.com\/de#organization","name":"The Tree CBD","url":"https:\/\/thetreecbd.com\/de","logo":{"@type":"ImageObject","inLanguage":"de","@id":"https:\/\/thetreecbd.com\/de#\/schema\/logo\/image\/","url":"https:\/\/thetreecbd.com\/wp-content\/uploads\/2022\/04\/logo-thetree.png","contentUrl":"https:\/\/thetreecbd.com\/wp-content\/uploads\/2022\/04\/logo-thetree.png","width":172,"height":55,"caption":"The Tree CBD"},"image":{"@id":"https:\/\/thetreecbd.com\/de#\/schema\/logo\/image\/"},"sameAs":["https:\/\/www.facebook.com\/thetreeCBD\/","https:\/\/x.com\/TheTreeCBD_EU","https:\/\/www.instagram.com\/thetree.cbd\/","https:\/\/es.trustpilot.com\/review\/thetreecbd.com"]}]}},"_links":{"self":[{"href":"https:\/\/thetreecbd.com\/de\/wp-json\/wp\/v2\/product\/165148","targetHints":{"allow":["GET"]}}],"collection":[{"href":"https:\/\/thetreecbd.com\/de\/wp-json\/wp\/v2\/product"}],"about":[{"href":"https:\/\/thetreecbd.com\/de\/wp-json\/wp\/v2\/types\/product"}],"version-history":[{"count":0,"href":"https:\/\/thetreecbd.com\/de\/wp-json\/wp\/v2\/product\/165148\/revisions"}],"wp:featuredmedia":[{"embeddable":true,"href":"https:\/\/thetreecbd.com\/de\/wp-json\/wp\/v2\/media\/165133"}],"wp:attachment":[{"href":"https:\/\/thetreecbd.com\/de\/wp-json\/wp\/v2\/media?parent=165148"}],"wp:term":[{"taxonomy":"product_brand","embeddable":true,"href":"https:\/\/thetreecbd.com\/de\/wp-json\/wp\/v2\/product_brand?post=165148"}],"curies":[{"name":"wp","href":"https:\/\/api.w.org\/{rel}","templated":true}]}}