{"id":165154,"date":"2025-01-20T11:45:08","date_gmt":"2025-01-20T10:45:08","guid":{"rendered":"https:\/\/thetreecbd.com\/cbd\/kleine-blute-amnesia-cbd"},"modified":"2025-05-19T15:14:02","modified_gmt":"2025-05-19T13:14:02","slug":"kleine-blute-amnesia-cbd","status":"publish","type":"product","link":"https:\/\/thetreecbd.com\/de\/cbd\/kleine-blute-amnesia-cbd","title":{"rendered":"Kleine Bl\u00fcte Amnesia CBD"},"content":{"rendered":"<p class=\"\" data-start=\"62\" data-end=\"328\"><strong data-start=\"62\" data-end=\"113\">Das Produkt kleine CBD-Bl\u00fcten und -Bl\u00fctenst\u00e4nde<\/strong> ist eine der Neuheiten im Katalog von The Tree CBD und bietet ein attraktives Preis-Leistungs-Verh\u00e4ltnis f\u00fcr jedes Budget. Dieses Produkt vereint alle positiven Eigenschaften unserer Indoor- und Greenhouse-Genetik.<\/p>\n<p class=\"\" data-start=\"330\" data-end=\"568\">In diesem Fall werden die kleineren CBD-Bl\u00fcten und -Bl\u00fctenst\u00e4nde aller legalen CBD-Cannabispflanzen geerntet, um Ihnen ein Produkt mit gleicher Qualit\u00e4t wie alle anderen Sorten von The Tree CBD zu einem erschwinglicheren Preis anzubieten.<\/p>\n<ul>\n<li data-start=\"570\" data-end=\"877\"><strong data-start=\"570\" data-end=\"581\">Amnesia<\/strong>: Bietet Zitrus-, Frucht- und Aromageschmacksrichtungen, und ihre Wirkung ist entspannend dank der hohen CBD-Werte, zwischen 21 % und 23 %.<\/li>\n<\/ul>\n<p class=\"\" data-start=\"570\" data-end=\"877\"><br data-start=\"720\" data-end=\"723\" \/>Wie alle unsere anderen Produkte, die weniger als 0,19 % THC enthalten, sind sie in ganz Europa vollkommen legal und haben keinerlei psychoaktive Wirkung.<\/p>\n<p class=\"\" data-start=\"884\" data-end=\"932\"><strong data-start=\"884\" data-end=\"932\">Eigenschaften der kleinen Amnesia CBD-Bl\u00fcten<\/strong><\/p>\n<ul data-start=\"934\" data-end=\"1209\">\n<li class=\"\" data-start=\"934\" data-end=\"960\">\n<p class=\"\" data-start=\"936\" data-end=\"960\"><strong>Sorte<\/strong>: Amnesia CBD<\/p>\n<\/li>\n<li class=\"\" data-start=\"961\" data-end=\"997\">\n<p class=\"\" data-start=\"963\" data-end=\"997\">Hanfbl\u00fcten und -bl\u00fctenst\u00e4nde<\/p>\n<\/li>\n<li class=\"\" data-start=\"998\" data-end=\"1029\">\n<p class=\"\" data-start=\"1000\" data-end=\"1029\"><strong>Format<\/strong>: 10-Gramm-Beutel<\/p>\n<\/li>\n<li class=\"\" data-start=\"1030\" data-end=\"1054\">\n<p class=\"\" data-start=\"1032\" data-end=\"1054\">Unter 0,19 % <strong>THC<\/strong><\/p>\n<\/li>\n<li class=\"\" data-start=\"1055\" data-end=\"1099\">\n<p class=\"\" data-start=\"1057\" data-end=\"1099\">Von 10 % bis 23 % <strong>CBD<\/strong>, je nach Sorte<\/p>\n<\/li>\n<li class=\"\" data-start=\"1100\" data-end=\"1134\">\n<p class=\"\" data-start=\"1102\" data-end=\"1134\"><strong>Keine psychoaktive Wirkung<\/strong><\/p>\n<\/li>\n<li class=\"\" data-start=\"1135\" data-end=\"1162\">\n<p class=\"\" data-start=\"1137\" data-end=\"1162\">Biologisch angebaut<\/p>\n<\/li>\n<li class=\"\" data-start=\"1163\" data-end=\"1183\">\n<p class=\"\" data-start=\"1165\" data-end=\"1183\">Frei von GVO<\/p>\n<\/li>\n<li class=\"\" data-start=\"1184\" data-end=\"1209\">\n<p class=\"\" data-start=\"1186\" data-end=\"1209\">Frei von Pestiziden<\/p>\n<\/li>\n<\/ul>\n<p class=\"\" data-start=\"1216\" data-end=\"1248\"><strong data-start=\"1216\" data-end=\"1248\">Aroma der kleinen CBD-Bl\u00fcten<\/strong><\/p>\n<p class=\"\" data-start=\"1250\" data-end=\"1432\">Terpene sind in den meisten \u00e4therischen \u00d6len vieler Pflanzen, Blumen und Fr\u00fcchte enthalten und verantwortlich f\u00fcr Duft und Geschmack. Im Cannabis finden wir ein breites Terpenprofil.<\/p>\n<p class=\"\" data-start=\"1434\" data-end=\"1588\">Die verf\u00fcgbaren Terpene variieren je nach Sorte jeder Packung. Daher empfehlen wir, jede Sorte zu \u00fcberpr\u00fcfen, um das spezifische Terpenprofil zu erfahren.<\/p>\n<p class=\"\" data-start=\"1595\" data-end=\"1609\"><strong data-start=\"1595\" data-end=\"1609\">Zielgruppe<\/strong><\/p>\n<p class=\"\" data-start=\"1611\" data-end=\"1713\">Die kleinen Bl\u00fcten sind ideal f\u00fcr K\u00e4ufer, die die gewohnte Qualit\u00e4t zu einem niedrigeren Preis suchen.<\/p>\n<p class=\"\" data-start=\"1715\" data-end=\"1909\">Als Nebenprodukt oder Abfallprodukt erm\u00f6glichen die kleinen Bl\u00fcten den Zugang zu Top-Sorten zu einem stark reduzierten Preis, wobei die gleiche Qualit\u00e4t wie beim Originalprodukt erhalten bleibt.<\/p>\n<p class=\"\" data-start=\"1916\" data-end=\"1944\"><strong data-start=\"1916\" data-end=\"1944\">Sicherheitsinformationen<\/strong><\/p>\n<p class=\"\" data-start=\"1946\" data-end=\"2187\">Bitte beachten Sie, dass die CBD-Bl\u00fcten von The Tree ein dekoratives, sammelbares und aromatisches Produkt sind. Sie sollten nicht w\u00e4hrend der Schwangerschaft oder Stillzeit verwendet werden. Au\u00dferhalb der Reichweite von Kindern aufbewahren.<\/p>\n<p class=\"\" data-start=\"2189\" data-end=\"2304\">Unsere CBD-Bl\u00fcten k\u00f6nnen einen gewissen THC-Gehalt aufweisen. Dieser liegt jedoch unter dem EU-Grenzwert von 0,2 %.<\/p>\n<p class=\"\" data-start=\"2306\" data-end=\"2577\">Die bereitgestellten Informationen dienen ausschlie\u00dflich zu Informations- und Schulungszwecken und ersetzen keinesfalls die medizinische Beratung eines Arztes oder Apothekers. Unsere Texte sind nicht f\u00fcr die eigenst\u00e4ndige Diagnose und Behandlung von Krankheiten bestimmt.<\/p>\n<p class=\"\" data-start=\"2579\" data-end=\"2636\">Bei weiteren Fragen stehen wir Ihnen gerne zur Verf\u00fcgung.<\/p>\n<p class=\"\" data-start=\"2643\" data-end=\"2655\"><strong data-start=\"2643\" data-end=\"2655\">Lagerung<\/strong><\/p>\n<p class=\"\" data-start=\"2657\" data-end=\"2908\">Idealerweise sollten die CBD-Bl\u00fcten von The Tree an einem k\u00fchlen, trockenen Ort, gesch\u00fctzt vor Licht und starken Ger\u00fcchen, aufbewahrt werden, um jegliche Art von Kontamination und\/oder Zersetzung zu vermeiden. Direktes Sonnenlicht und Hitze vermeiden.<\/p>\n<p class=\"\" data-start=\"2910\" data-end=\"2993\"><strong data-start=\"2910\" data-end=\"2921\">Hinweis<\/strong>: Die angegebene Haltbarkeit betr\u00e4gt einen Monat, wenn korrekt gelagert.<\/p>\n","protected":false},"excerpt":{"rendered":"<ul>\n<li><strong>Sorten<\/strong>: Amnesia CBD<\/li>\n<li>Hanfbl\u00fcten und -bl\u00fctenst\u00e4nde<\/li>\n<li><strong>Format<\/strong>: 10-Gramm-Beutel<\/li>\n<li>Unter 0,19 % <strong>THC<\/strong><\/li>\n<li>Von 10 % bis 23 % <strong>CBD<\/strong>, je nach Sorte<\/li>\n<li><strong>Keine psychoaktive Wirkung<\/strong><\/li>\n<li>Biologisch angebaut<\/li>\n<li>Frei von GVO<\/li>\n<li>Frei von Pestiziden<\/li>\n<\/ul>\n","protected":false},"featured_media":165155,"template":"","meta":{"_acf_changed":false},"product_brand":[],"class_list":{"0":"post-165154","1":"product","2":"type-product","3":"status-publish","4":"has-post-thumbnail","6":"product_cat-bluten","7":"product_cat-kleine-cbd-bluten-popcorn-buds","8":"product_cat-produkte-mit-10-cbd","10":"first","11":"instock","12":"taxable","13":"shipping-taxable","14":"purchasable","15":"product-type-variable"},"acf":[],"yoast_head":"<!-- This site is optimized with the Yoast SEO plugin v26.3 - https:\/\/yoast.com\/wordpress\/plugins\/seo\/ -->\n<title>Kleine Bl\u00fcte Amnesia CBD | The Tree CBD<\/title>\n<meta name=\"description\" content=\"Die kleine Amnesia CBD-Bl\u00fcte bietet ein Zitrus-, fruchtiges und aromatisches Geschmacksprofil mit entspannender Wirkung dank ihres hohen CBD-Gehalts von 23 %. Sie ist in Spanien legal, da sie weniger als 0,2 % THC enth\u00e4lt.\" \/>\n<meta name=\"robots\" content=\"index, follow, max-snippet:-1, max-image-preview:large, max-video-preview:-1\" \/>\n<link rel=\"canonical\" href=\"https:\/\/thetreecbd.com\/de\/cbd\/kleine-blute-amnesia-cbd\" \/>\n<meta property=\"og:locale\" content=\"de_DE\" \/>\n<meta property=\"og:type\" content=\"article\" \/>\n<meta property=\"og:title\" content=\"Kleine Bl\u00fcte Amnesia CBD | The Tree CBD\" \/>\n<meta property=\"og:description\" content=\"Die kleine Amnesia CBD-Bl\u00fcte bietet ein Zitrus-, fruchtiges und aromatisches Geschmacksprofil mit entspannender Wirkung dank ihres hohen CBD-Gehalts von 23 %. Sie ist in Spanien legal, da sie weniger als 0,2 % THC enth\u00e4lt.\" \/>\n<meta property=\"og:url\" content=\"https:\/\/thetreecbd.com\/de\/cbd\/kleine-blute-amnesia-cbd\" \/>\n<meta property=\"og:site_name\" content=\"The Tree CBD\" \/>\n<meta property=\"article:publisher\" content=\"https:\/\/www.facebook.com\/thetreeCBD\/\" \/>\n<meta property=\"article:modified_time\" content=\"2025-05-19T13:14:02+00:00\" \/>\n<meta property=\"og:image\" content=\"https:\/\/thetreecbd.com\/wp-content\/uploads\/2025\/01\/Somango_Heap_1.28.1-scaled-e1740226699733.jpeg\" \/>\n\t<meta property=\"og:image:width\" content=\"1152\" \/>\n\t<meta property=\"og:image:height\" content=\"1386\" \/>\n\t<meta property=\"og:image:type\" content=\"image\/jpeg\" \/>\n<meta name=\"twitter:card\" content=\"summary_large_image\" \/>\n<meta name=\"twitter:site\" content=\"@TheTreeCBD_EU\" \/>\n<meta name=\"twitter:label1\" content=\"Gesch\u00e4tzte Lesezeit\" \/>\n\t<meta name=\"twitter:data1\" content=\"2\u00a0Minuten\" \/>\n<script type=\"application\/ld+json\" class=\"yoast-schema-graph\">{\"@context\":\"https:\/\/schema.org\",\"@graph\":[{\"@type\":[\"WebPage\",\"ItemPage\"],\"@id\":\"https:\/\/thetreecbd.com\/de\/cbd\/kleine-blute-amnesia-cbd\",\"url\":\"https:\/\/thetreecbd.com\/de\/cbd\/kleine-blute-amnesia-cbd\",\"name\":\"Kleine Bl\u00fcte Amnesia CBD | The Tree CBD\",\"isPartOf\":{\"@id\":\"https:\/\/thetreecbd.com\/de#website\"},\"primaryImageOfPage\":{\"@id\":\"https:\/\/thetreecbd.com\/de\/cbd\/kleine-blute-amnesia-cbd#primaryimage\"},\"image\":{\"@id\":\"https:\/\/thetreecbd.com\/de\/cbd\/kleine-blute-amnesia-cbd#primaryimage\"},\"thumbnailUrl\":\"https:\/\/thetreecbd.com\/wp-content\/uploads\/2025\/01\/Somango_Heap_1.28.1-scaled-e1740226699733.jpeg\",\"datePublished\":\"2025-01-20T10:45:08+00:00\",\"dateModified\":\"2025-05-19T13:14:02+00:00\",\"description\":\"Die kleine Amnesia CBD-Bl\u00fcte bietet ein Zitrus-, fruchtiges und aromatisches Geschmacksprofil mit entspannender Wirkung dank ihres hohen CBD-Gehalts von 23 %. Sie ist in Spanien legal, da sie weniger als 0,2 % THC enth\u00e4lt.\",\"breadcrumb\":{\"@id\":\"https:\/\/thetreecbd.com\/de\/cbd\/kleine-blute-amnesia-cbd#breadcrumb\"},\"inLanguage\":\"de\",\"potentialAction\":[{\"@type\":\"ReadAction\",\"target\":[\"https:\/\/thetreecbd.com\/de\/cbd\/kleine-blute-amnesia-cbd\"]}]},{\"@type\":\"ImageObject\",\"inLanguage\":\"de\",\"@id\":\"https:\/\/thetreecbd.com\/de\/cbd\/kleine-blute-amnesia-cbd#primaryimage\",\"url\":\"https:\/\/thetreecbd.com\/wp-content\/uploads\/2025\/01\/Somango_Heap_1.28.1-scaled-e1740226699733.jpeg\",\"contentUrl\":\"https:\/\/thetreecbd.com\/wp-content\/uploads\/2025\/01\/Somango_Heap_1.28.1-scaled-e1740226699733.jpeg\",\"width\":1152,\"height\":1386},{\"@type\":\"BreadcrumbList\",\"@id\":\"https:\/\/thetreecbd.com\/de\/cbd\/kleine-blute-amnesia-cbd#breadcrumb\",\"itemListElement\":[{\"@type\":\"ListItem\",\"position\":1,\"name\":\"The Tree\",\"item\":\"https:\/\/thetreecbd.com\/de\"},{\"@type\":\"ListItem\",\"position\":2,\"name\":\"CBD\",\"item\":\"https:\/\/thetreecbd.com\/es\/cbd\"},{\"@type\":\"ListItem\",\"position\":3,\"name\":\"CBD-Bl\u00fcten kaufen\",\"item\":\"https:\/\/thetreecbd.com\/de\/bluten\"},{\"@type\":\"ListItem\",\"position\":4,\"name\":\"Kleine CBD-Bl\u00fcten &amp; Popcorn-Buds\",\"item\":\"https:\/\/thetreecbd.com\/de\/bluten\/kleine-cbd-bluten-popcorn-buds\"},{\"@type\":\"ListItem\",\"position\":5,\"name\":\"Kleine Bl\u00fcte Amnesia CBD\"}]},{\"@type\":\"WebSite\",\"@id\":\"https:\/\/thetreecbd.com\/de#website\",\"url\":\"https:\/\/thetreecbd.com\/de\",\"name\":\"The Tree CBD\",\"description\":\"Comprar CBD en Espa\u00f1a Online\",\"publisher\":{\"@id\":\"https:\/\/thetreecbd.com\/de#organization\"},\"potentialAction\":[{\"@type\":\"SearchAction\",\"target\":{\"@type\":\"EntryPoint\",\"urlTemplate\":\"https:\/\/thetreecbd.com\/de?s={search_term_string}\"},\"query-input\":{\"@type\":\"PropertyValueSpecification\",\"valueRequired\":true,\"valueName\":\"search_term_string\"}}],\"inLanguage\":\"de\"},{\"@type\":\"Organization\",\"@id\":\"https:\/\/thetreecbd.com\/de#organization\",\"name\":\"The Tree CBD\",\"url\":\"https:\/\/thetreecbd.com\/de\",\"logo\":{\"@type\":\"ImageObject\",\"inLanguage\":\"de\",\"@id\":\"https:\/\/thetreecbd.com\/de#\/schema\/logo\/image\/\",\"url\":\"https:\/\/thetreecbd.com\/wp-content\/uploads\/2022\/04\/logo-thetree.png\",\"contentUrl\":\"https:\/\/thetreecbd.com\/wp-content\/uploads\/2022\/04\/logo-thetree.png\",\"width\":172,\"height\":55,\"caption\":\"The Tree CBD\"},\"image\":{\"@id\":\"https:\/\/thetreecbd.com\/de#\/schema\/logo\/image\/\"},\"sameAs\":[\"https:\/\/www.facebook.com\/thetreeCBD\/\",\"https:\/\/x.com\/TheTreeCBD_EU\",\"https:\/\/www.instagram.com\/thetree.cbd\/\",\"https:\/\/es.trustpilot.com\/review\/thetreecbd.com\"]}]}<\/script>\n<!-- \/ Yoast SEO plugin. -->","yoast_head_json":{"title":"Kleine Bl\u00fcte Amnesia CBD | The Tree CBD","description":"Die kleine Amnesia CBD-Bl\u00fcte bietet ein Zitrus-, fruchtiges und aromatisches Geschmacksprofil mit entspannender Wirkung dank ihres hohen CBD-Gehalts von 23 %. Sie ist in Spanien legal, da sie weniger als 0,2 % THC enth\u00e4lt.","robots":{"index":"index","follow":"follow","max-snippet":"max-snippet:-1","max-image-preview":"max-image-preview:large","max-video-preview":"max-video-preview:-1"},"canonical":"https:\/\/thetreecbd.com\/de\/cbd\/kleine-blute-amnesia-cbd","og_locale":"de_DE","og_type":"article","og_title":"Kleine Bl\u00fcte Amnesia CBD | The Tree CBD","og_description":"Die kleine Amnesia CBD-Bl\u00fcte bietet ein Zitrus-, fruchtiges und aromatisches Geschmacksprofil mit entspannender Wirkung dank ihres hohen CBD-Gehalts von 23 %. Sie ist in Spanien legal, da sie weniger als 0,2 % THC enth\u00e4lt.","og_url":"https:\/\/thetreecbd.com\/de\/cbd\/kleine-blute-amnesia-cbd","og_site_name":"The Tree CBD","article_publisher":"https:\/\/www.facebook.com\/thetreeCBD\/","article_modified_time":"2025-05-19T13:14:02+00:00","og_image":[{"width":1152,"height":1386,"url":"https:\/\/thetreecbd.com\/wp-content\/uploads\/2025\/01\/Somango_Heap_1.28.1-scaled-e1740226699733.jpeg","type":"image\/jpeg"}],"twitter_card":"summary_large_image","twitter_site":"@TheTreeCBD_EU","twitter_misc":{"Gesch\u00e4tzte Lesezeit":"2\u00a0Minuten"},"schema":{"@context":"https:\/\/schema.org","@graph":[{"@type":["WebPage","ItemPage"],"@id":"https:\/\/thetreecbd.com\/de\/cbd\/kleine-blute-amnesia-cbd","url":"https:\/\/thetreecbd.com\/de\/cbd\/kleine-blute-amnesia-cbd","name":"Kleine Bl\u00fcte Amnesia CBD | The Tree CBD","isPartOf":{"@id":"https:\/\/thetreecbd.com\/de#website"},"primaryImageOfPage":{"@id":"https:\/\/thetreecbd.com\/de\/cbd\/kleine-blute-amnesia-cbd#primaryimage"},"image":{"@id":"https:\/\/thetreecbd.com\/de\/cbd\/kleine-blute-amnesia-cbd#primaryimage"},"thumbnailUrl":"https:\/\/thetreecbd.com\/wp-content\/uploads\/2025\/01\/Somango_Heap_1.28.1-scaled-e1740226699733.jpeg","datePublished":"2025-01-20T10:45:08+00:00","dateModified":"2025-05-19T13:14:02+00:00","description":"Die kleine Amnesia CBD-Bl\u00fcte bietet ein Zitrus-, fruchtiges und aromatisches Geschmacksprofil mit entspannender Wirkung dank ihres hohen CBD-Gehalts von 23 %. Sie ist in Spanien legal, da sie weniger als 0,2 % THC enth\u00e4lt.","breadcrumb":{"@id":"https:\/\/thetreecbd.com\/de\/cbd\/kleine-blute-amnesia-cbd#breadcrumb"},"inLanguage":"de","potentialAction":[{"@type":"ReadAction","target":["https:\/\/thetreecbd.com\/de\/cbd\/kleine-blute-amnesia-cbd"]}]},{"@type":"ImageObject","inLanguage":"de","@id":"https:\/\/thetreecbd.com\/de\/cbd\/kleine-blute-amnesia-cbd#primaryimage","url":"https:\/\/thetreecbd.com\/wp-content\/uploads\/2025\/01\/Somango_Heap_1.28.1-scaled-e1740226699733.jpeg","contentUrl":"https:\/\/thetreecbd.com\/wp-content\/uploads\/2025\/01\/Somango_Heap_1.28.1-scaled-e1740226699733.jpeg","width":1152,"height":1386},{"@type":"BreadcrumbList","@id":"https:\/\/thetreecbd.com\/de\/cbd\/kleine-blute-amnesia-cbd#breadcrumb","itemListElement":[{"@type":"ListItem","position":1,"name":"The Tree","item":"https:\/\/thetreecbd.com\/de"},{"@type":"ListItem","position":2,"name":"CBD","item":"https:\/\/thetreecbd.com\/es\/cbd"},{"@type":"ListItem","position":3,"name":"CBD-Bl\u00fcten kaufen","item":"https:\/\/thetreecbd.com\/de\/bluten"},{"@type":"ListItem","position":4,"name":"Kleine CBD-Bl\u00fcten &amp; Popcorn-Buds","item":"https:\/\/thetreecbd.com\/de\/bluten\/kleine-cbd-bluten-popcorn-buds"},{"@type":"ListItem","position":5,"name":"Kleine Bl\u00fcte Amnesia CBD"}]},{"@type":"WebSite","@id":"https:\/\/thetreecbd.com\/de#website","url":"https:\/\/thetreecbd.com\/de","name":"The Tree CBD","description":"Comprar CBD en Espa\u00f1a Online","publisher":{"@id":"https:\/\/thetreecbd.com\/de#organization"},"potentialAction":[{"@type":"SearchAction","target":{"@type":"EntryPoint","urlTemplate":"https:\/\/thetreecbd.com\/de?s={search_term_string}"},"query-input":{"@type":"PropertyValueSpecification","valueRequired":true,"valueName":"search_term_string"}}],"inLanguage":"de"},{"@type":"Organization","@id":"https:\/\/thetreecbd.com\/de#organization","name":"The Tree CBD","url":"https:\/\/thetreecbd.com\/de","logo":{"@type":"ImageObject","inLanguage":"de","@id":"https:\/\/thetreecbd.com\/de#\/schema\/logo\/image\/","url":"https:\/\/thetreecbd.com\/wp-content\/uploads\/2022\/04\/logo-thetree.png","contentUrl":"https:\/\/thetreecbd.com\/wp-content\/uploads\/2022\/04\/logo-thetree.png","width":172,"height":55,"caption":"The Tree CBD"},"image":{"@id":"https:\/\/thetreecbd.com\/de#\/schema\/logo\/image\/"},"sameAs":["https:\/\/www.facebook.com\/thetreeCBD\/","https:\/\/x.com\/TheTreeCBD_EU","https:\/\/www.instagram.com\/thetree.cbd\/","https:\/\/es.trustpilot.com\/review\/thetreecbd.com"]}]}},"_links":{"self":[{"href":"https:\/\/thetreecbd.com\/de\/wp-json\/wp\/v2\/product\/165154","targetHints":{"allow":["GET"]}}],"collection":[{"href":"https:\/\/thetreecbd.com\/de\/wp-json\/wp\/v2\/product"}],"about":[{"href":"https:\/\/thetreecbd.com\/de\/wp-json\/wp\/v2\/types\/product"}],"version-history":[{"count":0,"href":"https:\/\/thetreecbd.com\/de\/wp-json\/wp\/v2\/product\/165154\/revisions"}],"wp:featuredmedia":[{"embeddable":true,"href":"https:\/\/thetreecbd.com\/de\/wp-json\/wp\/v2\/media\/165155"}],"wp:attachment":[{"href":"https:\/\/thetreecbd.com\/de\/wp-json\/wp\/v2\/media?parent=165154"}],"wp:term":[{"taxonomy":"product_brand","embeddable":true,"href":"https:\/\/thetreecbd.com\/de\/wp-json\/wp\/v2\/product_brand?post=165154"}],"curies":[{"name":"wp","href":"https:\/\/api.w.org\/{rel}","templated":true}]}}