{"id":165161,"date":"2025-01-20T23:38:14","date_gmt":"2025-01-20T22:38:14","guid":{"rendered":"https:\/\/thetreecbd.com\/cbd\/kleine-pistacho-cbd-blute"},"modified":"2025-07-03T12:55:46","modified_gmt":"2025-07-03T10:55:46","slug":"kleine-pistacho-cbd-blute","status":"publish","type":"product","link":"https:\/\/thetreecbd.com\/de\/cbd\/kleine-pistacho-cbd-blute","title":{"rendered":"Kleine Pistacho CBD-Bl\u00fcte"},"content":{"rendered":"<p><strong>Pistacho CBD Kleine Bl\u00fcten<\/strong> ist eine der neuesten Erg\u00e4nzungen im Katalog von The Tree CBD \u2013 mit einem attraktiven Preis f\u00fcr jedes Budget. Dieses Produkt vereint alle positiven Eigenschaften unserer Indoor- und Gew\u00e4chshaus-Genetik.<\/p>\n<p>In diesem Fall werden die kleinsten CBD-Bl\u00fcten und -Blumen aller legalen CBD-Cannabispflanzen gesammelt, um ein Produkt mit der gleichen Qualit\u00e4t wie alle Sorten von The Tree CBD zu einem g\u00fcnstigeren Preis anzubieten.<\/p>\n<p><strong>Pistacho<\/strong>: Diese Sorte zeichnet sich durch einen exotischen, trockenen und s\u00fc\u00df-sauren Geschmack aus. Sie enth\u00e4lt zwischen 20 % und 23 % CBD. Wie alle unsere Produkte enth\u00e4lt sie weniger als 0,19 % THC, ist somit in ganz Europa legal und hat keinerlei psychoaktive Wirkung.<\/p>\n<p><strong>Eigenschaften der kleinen Pistacho CBD Bl\u00fcten<\/strong><\/p>\n<ul>\n<li>Sorte: Pistacho CBD Kleine Bl\u00fcten<\/li>\n<li>Format: 10-Gramm-Beutel<\/li>\n<li>Weniger als 0,19 % THC<\/li>\n<li>10 % bis 23 % CBD, je nach Charge<\/li>\n<li>Keine psychoaktive Wirkung<\/li>\n<li>Organisch angebaut<\/li>\n<li>Gentechnikfrei (GMO-frei)<\/li>\n<li>Frei von Pestiziden<\/li>\n<\/ul>\n<p><strong>Aroma der kleinen Pistacho CBD Bl\u00fcten<\/strong> Terpene sind in den meisten \u00e4therischen \u00d6len von Pflanzen, Blumen und Fr\u00fcchten enthalten und verantwortlich f\u00fcr Geruch und Geschmack. Cannabis weist ein breites Terpenprofil auf.<\/p>\n<p>Die verf\u00fcgbaren Terpene variieren je nach Sorte in jeder Packung. Bitte pr\u00fcfe die jeweilige Sorte, um das spezifische Terpenprofil zu sehen.<\/p>\n<p><strong>Zielgruppe<\/strong> Kleine Bl\u00fcten sind ideal f\u00fcr K\u00e4ufer, die die gewohnte Qualit\u00e4t zu einem g\u00fcnstigeren Preis suchen.<\/p>\n<p>Als Nebenprodukt oder Verschnitt erm\u00f6glichen kleine Bl\u00fcten den Zugang zu hochwertigen Sorten zu einem deutlich reduzierten Preis \u2013 bei gleichbleibender Qualit\u00e4t des Originalprodukts.<\/p>\n<p><strong>Sicherheitshinweise<\/strong> Bitte beachten: Die CBD-Bl\u00fcten von The Tree sind dekorative, sammelbare und aromatische Produkte. Sie sollten nicht w\u00e4hrend der Schwangerschaft oder Stillzeit verwendet werden. Au\u00dferhalb der Reichweite von Kindern aufbewahren.<\/p>\n<p>Unsere CBD-Bl\u00fcten k\u00f6nnen Spuren von THC enthalten, jedoch immer unter dem EU-Grenzwert von 0,2 %.<\/p>\n<p>Die bereitgestellten Inhalte dienen ausschlie\u00dflich Informations- und Schulungszwecken und ersetzen nicht die medizinische Beratung durch einen Arzt oder Apotheker. Unsere Texte sind nicht zur Selbstdiagnose oder Behandlung gedacht.<\/p>\n<p>Kontaktieren Sie uns gerne bei weiteren Fragen.<\/p>\n<p><strong>Lagerung<\/strong> Die CBD-Bl\u00fcten von The Tree sollten idealerweise k\u00fchl, trocken und lichtgesch\u00fctzt gelagert werden, fern von starken Ger\u00fcchen, um Kontamination oder Qualit\u00e4tsverlust zu vermeiden. Direkte Sonneneinstrahlung und Hitze vermeiden.<\/p>\n<p><strong>Hinweis<\/strong>: Die angegebene Haltbarkeit betr\u00e4gt einen Monat bei sachgem\u00e4\u00dfer Lagerung.<\/p>\n","protected":false},"excerpt":{"rendered":"<ul>\n<li data-start=\"809\" data-end=\"849\"><strong>Sorten<\/strong>: Pistacho CBD kleine Bl\u00fcten<\/li>\n<li data-start=\"809\" data-end=\"849\">Hanfbl\u00fcten und -bl\u00fctenst\u00e4nde<\/li>\n<li data-start=\"809\" data-end=\"849\"><strong>Format<\/strong>: 10-Gramm-Beutel<\/li>\n<li data-start=\"921\" data-end=\"943\">Unter 0,19 % <strong>THC<\/strong><\/li>\n<li data-start=\"946\" data-end=\"988\">Von 10 % bis 23 % <strong>CBD<\/strong>, je nach Sorte<\/li>\n<li data-start=\"991\" data-end=\"1023\"><strong>Keine psychoaktive Wirkung<\/strong><\/li>\n<li data-start=\"1026\" data-end=\"1051\">Biologisch angebaut<\/li>\n<li data-start=\"1054\" data-end=\"1072\">Frei von GVO<\/li>\n<li data-start=\"1075\" data-end=\"1100\">Frei von Pestiziden<\/li>\n<\/ul>\n","protected":false},"featured_media":165162,"template":"","meta":{"_acf_changed":false},"product_brand":[],"class_list":{"0":"post-165161","1":"product","2":"type-product","3":"status-publish","4":"has-post-thumbnail","6":"product_cat-bluten","7":"product_cat-kleine-cbd-bluten-popcorn-buds","8":"product_cat-produkte-mit-10-cbd","10":"first","11":"instock","12":"taxable","13":"shipping-taxable","14":"purchasable","15":"product-type-variable"},"acf":[],"yoast_head":"<!-- This site is optimized with the Yoast SEO plugin v26.3 - https:\/\/yoast.com\/wordpress\/plugins\/seo\/ -->\n<title>Kleine Pistacho CBD-Bl\u00fcte | The Tree CBD<\/title>\n<meta name=\"description\" content=\"Pistacho CBD mit trockenem und exotischem Aroma. Kleine Bl\u00fcte, im Innenbereich angebaut, entspannende Wirkung durch einen CBD-Gehalt von 20% bis 23%. Weniger als 0,19% THC. In Spanien legal.\" \/>\n<meta name=\"robots\" content=\"index, follow, max-snippet:-1, max-image-preview:large, max-video-preview:-1\" \/>\n<link rel=\"canonical\" href=\"https:\/\/thetreecbd.com\/de\/cbd\/kleine-pistacho-cbd-blute\" \/>\n<meta property=\"og:locale\" content=\"de_DE\" \/>\n<meta property=\"og:type\" content=\"article\" \/>\n<meta property=\"og:title\" content=\"Kleine Pistacho CBD-Bl\u00fcte | The Tree CBD\" \/>\n<meta property=\"og:description\" content=\"Pistacho CBD mit trockenem und exotischem Aroma. Kleine Bl\u00fcte, im Innenbereich angebaut, entspannende Wirkung durch einen CBD-Gehalt von 20% bis 23%. Weniger als 0,19% THC. In Spanien legal.\" \/>\n<meta property=\"og:url\" content=\"https:\/\/thetreecbd.com\/de\/cbd\/kleine-pistacho-cbd-blute\" \/>\n<meta property=\"og:site_name\" content=\"The Tree CBD\" \/>\n<meta property=\"article:publisher\" content=\"https:\/\/www.facebook.com\/thetreeCBD\/\" \/>\n<meta property=\"article:modified_time\" content=\"2025-07-03T10:55:46+00:00\" \/>\n<meta property=\"og:image\" content=\"https:\/\/thetreecbd.com\/wp-content\/uploads\/2025\/01\/Pistachio_Heap_2_1.37.1-scaled-e1740645544562.jpeg\" \/>\n\t<meta property=\"og:image:width\" content=\"1152\" \/>\n\t<meta property=\"og:image:height\" content=\"1225\" \/>\n\t<meta property=\"og:image:type\" content=\"image\/jpeg\" \/>\n<meta name=\"twitter:card\" content=\"summary_large_image\" \/>\n<meta name=\"twitter:site\" content=\"@TheTreeCBD_EU\" \/>\n<meta name=\"twitter:label1\" content=\"Gesch\u00e4tzte Lesezeit\" \/>\n\t<meta name=\"twitter:data1\" content=\"2\u00a0Minuten\" \/>\n<script type=\"application\/ld+json\" class=\"yoast-schema-graph\">{\"@context\":\"https:\/\/schema.org\",\"@graph\":[{\"@type\":[\"WebPage\",\"ItemPage\"],\"@id\":\"https:\/\/thetreecbd.com\/de\/cbd\/kleine-pistacho-cbd-blute\",\"url\":\"https:\/\/thetreecbd.com\/de\/cbd\/kleine-pistacho-cbd-blute\",\"name\":\"Kleine Pistacho CBD-Bl\u00fcte | The Tree CBD\",\"isPartOf\":{\"@id\":\"https:\/\/thetreecbd.com\/de#website\"},\"primaryImageOfPage\":{\"@id\":\"https:\/\/thetreecbd.com\/de\/cbd\/kleine-pistacho-cbd-blute#primaryimage\"},\"image\":{\"@id\":\"https:\/\/thetreecbd.com\/de\/cbd\/kleine-pistacho-cbd-blute#primaryimage\"},\"thumbnailUrl\":\"https:\/\/thetreecbd.com\/wp-content\/uploads\/2025\/01\/Pistachio_Heap_2_1.37.1-scaled-e1740645544562.jpeg\",\"datePublished\":\"2025-01-20T22:38:14+00:00\",\"dateModified\":\"2025-07-03T10:55:46+00:00\",\"description\":\"Pistacho CBD mit trockenem und exotischem Aroma. Kleine Bl\u00fcte, im Innenbereich angebaut, entspannende Wirkung durch einen CBD-Gehalt von 20% bis 23%. Weniger als 0,19% THC. In Spanien legal.\",\"breadcrumb\":{\"@id\":\"https:\/\/thetreecbd.com\/de\/cbd\/kleine-pistacho-cbd-blute#breadcrumb\"},\"inLanguage\":\"de\",\"potentialAction\":[{\"@type\":\"ReadAction\",\"target\":[\"https:\/\/thetreecbd.com\/de\/cbd\/kleine-pistacho-cbd-blute\"]}]},{\"@type\":\"ImageObject\",\"inLanguage\":\"de\",\"@id\":\"https:\/\/thetreecbd.com\/de\/cbd\/kleine-pistacho-cbd-blute#primaryimage\",\"url\":\"https:\/\/thetreecbd.com\/wp-content\/uploads\/2025\/01\/Pistachio_Heap_2_1.37.1-scaled-e1740645544562.jpeg\",\"contentUrl\":\"https:\/\/thetreecbd.com\/wp-content\/uploads\/2025\/01\/Pistachio_Heap_2_1.37.1-scaled-e1740645544562.jpeg\",\"width\":1152,\"height\":1225},{\"@type\":\"BreadcrumbList\",\"@id\":\"https:\/\/thetreecbd.com\/de\/cbd\/kleine-pistacho-cbd-blute#breadcrumb\",\"itemListElement\":[{\"@type\":\"ListItem\",\"position\":1,\"name\":\"The Tree\",\"item\":\"https:\/\/thetreecbd.com\/de\"},{\"@type\":\"ListItem\",\"position\":2,\"name\":\"CBD\",\"item\":\"https:\/\/thetreecbd.com\/es\/cbd\"},{\"@type\":\"ListItem\",\"position\":3,\"name\":\"CBD-Bl\u00fcten kaufen\",\"item\":\"https:\/\/thetreecbd.com\/de\/bluten\"},{\"@type\":\"ListItem\",\"position\":4,\"name\":\"Kleine CBD-Bl\u00fcten &amp; Popcorn-Buds\",\"item\":\"https:\/\/thetreecbd.com\/de\/bluten\/kleine-cbd-bluten-popcorn-buds\"},{\"@type\":\"ListItem\",\"position\":5,\"name\":\"Kleine Pistacho CBD-Bl\u00fcte\"}]},{\"@type\":\"WebSite\",\"@id\":\"https:\/\/thetreecbd.com\/de#website\",\"url\":\"https:\/\/thetreecbd.com\/de\",\"name\":\"The Tree CBD\",\"description\":\"Comprar CBD en Espa\u00f1a Online\",\"publisher\":{\"@id\":\"https:\/\/thetreecbd.com\/de#organization\"},\"potentialAction\":[{\"@type\":\"SearchAction\",\"target\":{\"@type\":\"EntryPoint\",\"urlTemplate\":\"https:\/\/thetreecbd.com\/de?s={search_term_string}\"},\"query-input\":{\"@type\":\"PropertyValueSpecification\",\"valueRequired\":true,\"valueName\":\"search_term_string\"}}],\"inLanguage\":\"de\"},{\"@type\":\"Organization\",\"@id\":\"https:\/\/thetreecbd.com\/de#organization\",\"name\":\"The Tree CBD\",\"url\":\"https:\/\/thetreecbd.com\/de\",\"logo\":{\"@type\":\"ImageObject\",\"inLanguage\":\"de\",\"@id\":\"https:\/\/thetreecbd.com\/de#\/schema\/logo\/image\/\",\"url\":\"https:\/\/thetreecbd.com\/wp-content\/uploads\/2022\/04\/logo-thetree.png\",\"contentUrl\":\"https:\/\/thetreecbd.com\/wp-content\/uploads\/2022\/04\/logo-thetree.png\",\"width\":172,\"height\":55,\"caption\":\"The Tree CBD\"},\"image\":{\"@id\":\"https:\/\/thetreecbd.com\/de#\/schema\/logo\/image\/\"},\"sameAs\":[\"https:\/\/www.facebook.com\/thetreeCBD\/\",\"https:\/\/x.com\/TheTreeCBD_EU\",\"https:\/\/www.instagram.com\/thetree.cbd\/\",\"https:\/\/es.trustpilot.com\/review\/thetreecbd.com\"]}]}<\/script>\n<!-- \/ Yoast SEO plugin. -->","yoast_head_json":{"title":"Kleine Pistacho CBD-Bl\u00fcte | The Tree CBD","description":"Pistacho CBD mit trockenem und exotischem Aroma. Kleine Bl\u00fcte, im Innenbereich angebaut, entspannende Wirkung durch einen CBD-Gehalt von 20% bis 23%. Weniger als 0,19% THC. In Spanien legal.","robots":{"index":"index","follow":"follow","max-snippet":"max-snippet:-1","max-image-preview":"max-image-preview:large","max-video-preview":"max-video-preview:-1"},"canonical":"https:\/\/thetreecbd.com\/de\/cbd\/kleine-pistacho-cbd-blute","og_locale":"de_DE","og_type":"article","og_title":"Kleine Pistacho CBD-Bl\u00fcte | The Tree CBD","og_description":"Pistacho CBD mit trockenem und exotischem Aroma. Kleine Bl\u00fcte, im Innenbereich angebaut, entspannende Wirkung durch einen CBD-Gehalt von 20% bis 23%. Weniger als 0,19% THC. In Spanien legal.","og_url":"https:\/\/thetreecbd.com\/de\/cbd\/kleine-pistacho-cbd-blute","og_site_name":"The Tree CBD","article_publisher":"https:\/\/www.facebook.com\/thetreeCBD\/","article_modified_time":"2025-07-03T10:55:46+00:00","og_image":[{"width":1152,"height":1225,"url":"https:\/\/thetreecbd.com\/wp-content\/uploads\/2025\/01\/Pistachio_Heap_2_1.37.1-scaled-e1740645544562.jpeg","type":"image\/jpeg"}],"twitter_card":"summary_large_image","twitter_site":"@TheTreeCBD_EU","twitter_misc":{"Gesch\u00e4tzte Lesezeit":"2\u00a0Minuten"},"schema":{"@context":"https:\/\/schema.org","@graph":[{"@type":["WebPage","ItemPage"],"@id":"https:\/\/thetreecbd.com\/de\/cbd\/kleine-pistacho-cbd-blute","url":"https:\/\/thetreecbd.com\/de\/cbd\/kleine-pistacho-cbd-blute","name":"Kleine Pistacho CBD-Bl\u00fcte | The Tree CBD","isPartOf":{"@id":"https:\/\/thetreecbd.com\/de#website"},"primaryImageOfPage":{"@id":"https:\/\/thetreecbd.com\/de\/cbd\/kleine-pistacho-cbd-blute#primaryimage"},"image":{"@id":"https:\/\/thetreecbd.com\/de\/cbd\/kleine-pistacho-cbd-blute#primaryimage"},"thumbnailUrl":"https:\/\/thetreecbd.com\/wp-content\/uploads\/2025\/01\/Pistachio_Heap_2_1.37.1-scaled-e1740645544562.jpeg","datePublished":"2025-01-20T22:38:14+00:00","dateModified":"2025-07-03T10:55:46+00:00","description":"Pistacho CBD mit trockenem und exotischem Aroma. Kleine Bl\u00fcte, im Innenbereich angebaut, entspannende Wirkung durch einen CBD-Gehalt von 20% bis 23%. Weniger als 0,19% THC. In Spanien legal.","breadcrumb":{"@id":"https:\/\/thetreecbd.com\/de\/cbd\/kleine-pistacho-cbd-blute#breadcrumb"},"inLanguage":"de","potentialAction":[{"@type":"ReadAction","target":["https:\/\/thetreecbd.com\/de\/cbd\/kleine-pistacho-cbd-blute"]}]},{"@type":"ImageObject","inLanguage":"de","@id":"https:\/\/thetreecbd.com\/de\/cbd\/kleine-pistacho-cbd-blute#primaryimage","url":"https:\/\/thetreecbd.com\/wp-content\/uploads\/2025\/01\/Pistachio_Heap_2_1.37.1-scaled-e1740645544562.jpeg","contentUrl":"https:\/\/thetreecbd.com\/wp-content\/uploads\/2025\/01\/Pistachio_Heap_2_1.37.1-scaled-e1740645544562.jpeg","width":1152,"height":1225},{"@type":"BreadcrumbList","@id":"https:\/\/thetreecbd.com\/de\/cbd\/kleine-pistacho-cbd-blute#breadcrumb","itemListElement":[{"@type":"ListItem","position":1,"name":"The Tree","item":"https:\/\/thetreecbd.com\/de"},{"@type":"ListItem","position":2,"name":"CBD","item":"https:\/\/thetreecbd.com\/es\/cbd"},{"@type":"ListItem","position":3,"name":"CBD-Bl\u00fcten kaufen","item":"https:\/\/thetreecbd.com\/de\/bluten"},{"@type":"ListItem","position":4,"name":"Kleine CBD-Bl\u00fcten &amp; Popcorn-Buds","item":"https:\/\/thetreecbd.com\/de\/bluten\/kleine-cbd-bluten-popcorn-buds"},{"@type":"ListItem","position":5,"name":"Kleine Pistacho CBD-Bl\u00fcte"}]},{"@type":"WebSite","@id":"https:\/\/thetreecbd.com\/de#website","url":"https:\/\/thetreecbd.com\/de","name":"The Tree CBD","description":"Comprar CBD en Espa\u00f1a Online","publisher":{"@id":"https:\/\/thetreecbd.com\/de#organization"},"potentialAction":[{"@type":"SearchAction","target":{"@type":"EntryPoint","urlTemplate":"https:\/\/thetreecbd.com\/de?s={search_term_string}"},"query-input":{"@type":"PropertyValueSpecification","valueRequired":true,"valueName":"search_term_string"}}],"inLanguage":"de"},{"@type":"Organization","@id":"https:\/\/thetreecbd.com\/de#organization","name":"The Tree CBD","url":"https:\/\/thetreecbd.com\/de","logo":{"@type":"ImageObject","inLanguage":"de","@id":"https:\/\/thetreecbd.com\/de#\/schema\/logo\/image\/","url":"https:\/\/thetreecbd.com\/wp-content\/uploads\/2022\/04\/logo-thetree.png","contentUrl":"https:\/\/thetreecbd.com\/wp-content\/uploads\/2022\/04\/logo-thetree.png","width":172,"height":55,"caption":"The Tree CBD"},"image":{"@id":"https:\/\/thetreecbd.com\/de#\/schema\/logo\/image\/"},"sameAs":["https:\/\/www.facebook.com\/thetreeCBD\/","https:\/\/x.com\/TheTreeCBD_EU","https:\/\/www.instagram.com\/thetree.cbd\/","https:\/\/es.trustpilot.com\/review\/thetreecbd.com"]}]}},"_links":{"self":[{"href":"https:\/\/thetreecbd.com\/de\/wp-json\/wp\/v2\/product\/165161","targetHints":{"allow":["GET"]}}],"collection":[{"href":"https:\/\/thetreecbd.com\/de\/wp-json\/wp\/v2\/product"}],"about":[{"href":"https:\/\/thetreecbd.com\/de\/wp-json\/wp\/v2\/types\/product"}],"version-history":[{"count":0,"href":"https:\/\/thetreecbd.com\/de\/wp-json\/wp\/v2\/product\/165161\/revisions"}],"wp:featuredmedia":[{"embeddable":true,"href":"https:\/\/thetreecbd.com\/de\/wp-json\/wp\/v2\/media\/165162"}],"wp:attachment":[{"href":"https:\/\/thetreecbd.com\/de\/wp-json\/wp\/v2\/media?parent=165161"}],"wp:term":[{"taxonomy":"product_brand","embeddable":true,"href":"https:\/\/thetreecbd.com\/de\/wp-json\/wp\/v2\/product_brand?post=165161"}],"curies":[{"name":"wp","href":"https:\/\/api.w.org\/{rel}","templated":true}]}}