{"id":165166,"date":"2025-01-20T18:43:41","date_gmt":"2025-01-20T17:43:41","guid":{"rendered":"https:\/\/thetreecbd.com\/cbd\/kleine-cali-orange-cbd-blute"},"modified":"2025-09-02T00:00:40","modified_gmt":"2025-09-01T22:00:40","slug":"kleine-cali-orange-cbd-blute","status":"publish","type":"product","link":"https:\/\/thetreecbd.com\/de\/cbd\/kleine-cali-orange-cbd-blute","title":{"rendered":"Kleine Cali Orange CBD Bl\u00fcte"},"content":{"rendered":"<p class=\"\" data-start=\"85\" data-end=\"312\"><strong data-start=\"85\" data-end=\"130\">Das Produkt Cali Orange CBD kleine Bl\u00fcten<\/strong> ist eine der Neuheiten im Katalog von The Tree CBD zu einem attraktiven Preis f\u00fcr jedes Budget. Dieses Produkt vereint alle positiven Aspekte unserer Indoor- und Greenhouse-Genetik.<\/p>\n<p class=\"\" data-start=\"314\" data-end=\"552\">In diesem Fall werden die kleineren CBD-Bl\u00fcten und -Bl\u00fctenst\u00e4nde aller legalen CBD-Cannabispflanzen geerntet, um Ihnen ein Produkt mit gleicher Qualit\u00e4t wie alle anderen Sorten von The Tree CBD zu einem erschwinglicheren Preis anzubieten.<\/p>\n<ul>\n<li data-start=\"554\" data-end=\"831\"><strong data-start=\"554\" data-end=\"570\">Cali Orange:<\/strong> Sie hat ein Aroma mit einem zitrusartigen und nat\u00fcrlichen Geschmack sowie hohe CBD-Werte von 8% bis 11,5%.<\/li>\n<\/ul>\n<p class=\"\" data-start=\"554\" data-end=\"831\">Wie alle unsere anderen Produkte, die weniger als 0,19% THC enthalten, sind sie in ganz Europa vollkommen legal und haben keinerlei psychoaktive Wirkung.<\/p>\n<p class=\"\" data-start=\"833\" data-end=\"885\"><strong data-start=\"833\" data-end=\"885\">Eigenschaften der kleinen CBD-Bl\u00fcten Cali Orange<\/strong><\/p>\n<ul data-start=\"886\" data-end=\"1139\">\n<li class=\"\" data-start=\"886\" data-end=\"931\">\n<p class=\"\" data-start=\"888\" data-end=\"931\"><strong data-start=\"888\" data-end=\"901\">Variante:<\/strong> Cali Orange CBD kleine Bl\u00fcten<\/p>\n<\/li>\n<li class=\"\" data-start=\"932\" data-end=\"966\">\n<p class=\"\" data-start=\"934\" data-end=\"966\"><strong data-start=\"934\" data-end=\"945\">Format:<\/strong> Beutel mit 10 Gramm.<\/p>\n<\/li>\n<li class=\"\" data-start=\"967\" data-end=\"994\">\n<p class=\"\" data-start=\"969\" data-end=\"994\">Weniger als 0,19% <strong>THC<\/strong><\/p>\n<\/li>\n<li class=\"\" data-start=\"995\" data-end=\"1035\">\n<p class=\"\" data-start=\"997\" data-end=\"1035\">Von 10% bis 23% <strong>CBD<\/strong>, je nach Sorte<\/p>\n<\/li>\n<li class=\"\" data-start=\"1036\" data-end=\"1068\">\n<p class=\"\" data-start=\"1038\" data-end=\"1068\"><strong>Keine psychoaktive Wirkung<\/strong><\/p>\n<\/li>\n<li class=\"\" data-start=\"1069\" data-end=\"1094\">\n<p class=\"\" data-start=\"1071\" data-end=\"1094\">Biologisch angebaut<\/p>\n<\/li>\n<li class=\"\" data-start=\"1095\" data-end=\"1113\">\n<p class=\"\" data-start=\"1097\" data-end=\"1113\">Frei von GVO<\/p>\n<\/li>\n<li class=\"\" data-start=\"1114\" data-end=\"1139\">\n<p class=\"\" data-start=\"1116\" data-end=\"1139\">Frei von Pestiziden<\/p>\n<\/li>\n<\/ul>\n<p class=\"\" data-start=\"1141\" data-end=\"1364\"><strong data-start=\"1141\" data-end=\"1173\">Aroma der kleinen CBD-Bl\u00fcten<\/strong><br \/>\nTerpene finden sich in den meisten \u00e4therischen \u00d6len vieler Pflanzen, Blumen und Fr\u00fcchte und sind f\u00fcr den Geruch und Geschmack verantwortlich. In Cannabis finden wir ein breites Terpenprofil.<\/p>\n<p class=\"\" data-start=\"1366\" data-end=\"1497\">Die verf\u00fcgbaren Terpene h\u00e4ngen von der Sorte des Beutels ab. Schauen Sie sich die jeweilige Sorte an, um das Terpen jeder zu sehen.<\/p>\n<p class=\"\" data-start=\"1499\" data-end=\"1611\"><strong data-start=\"1499\" data-end=\"1513\">Zielgruppe<\/strong><br \/>\nKleine Bl\u00fcten sind ideal f\u00fcr K\u00e4ufer, die die gewohnte Qualit\u00e4t zu einem g\u00fcnstigeren Preis suchen.<\/p>\n<p class=\"\" data-start=\"1613\" data-end=\"1827\">Da es sich um ein Nebenprodukt oder Ausschuss handelt, erm\u00f6glichen kleine Bl\u00fcten den Zugang zu Top-Sorten zu einem stark reduzierten Preis, wobei stets die gleiche Qualit\u00e4t wie beim Originalprodukt erhalten bleibt.<\/p>\n<p class=\"\" data-start=\"1829\" data-end=\"2099\"><strong data-start=\"1829\" data-end=\"1857\">Sicherheitsinformationen<\/strong><br \/>\nBitte beachten Sie, dass die CBD-Bl\u00fcten von The Tree ein dekoratives, sammelbares und aromatisches Produkt sind. Sie sollten nicht w\u00e4hrend der Schwangerschaft oder Stillzeit verwendet werden. Au\u00dferhalb der Reichweite von Kindern aufbewahren.<\/p>\n<p class=\"\" data-start=\"2101\" data-end=\"2221\">Unsere CBD-Bl\u00fcten k\u00f6nnen einen bestimmten THC-Gehalt aufweisen. Dieser liegt jedoch unter dem EU-Grenzwert von 0,2% THC.<\/p>\n<p class=\"\" data-start=\"2223\" data-end=\"2483\">Die bereitgestellten Informationen dienen nur zu Informations- und Schulungszwecken und ersetzen keinesfalls die medizinische Beratung eines Arztes oder Apothekers. Unsere Texte sind nicht f\u00fcr die eigenst\u00e4ndige Diagnose und Behandlung von Krankheiten bestimmt.<\/p>\n<p class=\"\" data-start=\"2485\" data-end=\"2543\">Z\u00f6gern Sie nicht, uns bei weiteren Fragen zu kontaktieren.<\/p>\n<p class=\"\" data-start=\"2545\" data-end=\"2803\"><strong data-start=\"2545\" data-end=\"2557\">Lagerung<\/strong><br \/>\nIdeal ist es, die CBD-Bl\u00fcten von The Tree an einem k\u00fchlen, trockenen Ort aufzubewahren, gesch\u00fctzt vor Licht und starken Ger\u00fcchen, um jegliche Art von Kontamination und\/oder Zersetzung zu vermeiden. Direkte Sonneneinstrahlung und W\u00e4rme vermeiden.<\/p>\n<p class=\"\" data-start=\"2805\" data-end=\"2888\"><strong data-start=\"2805\" data-end=\"2817\">Hinweis:<\/strong> Die angegebene Haltbarkeit betr\u00e4gt einen Monat, wenn richtig gelagert.<\/p>\n","protected":false},"excerpt":{"rendered":"<ul>\n<li><strong>Variedades<\/strong>: <span class=\"relative -mx-px my-[-0.2rem] rounded px-px py-[0.2rem] transition-colors duration-100 ease-in-out\">Kleine Cali Orange CBD Bl\u00fcten<\/span><\/li>\n<li>Bl\u00fcten und Hanfblumen<\/li>\n<li><strong>Format<\/strong>: <span class=\"relative -mx-px my-[-0.2rem] rounded px-px py-[0.2rem] transition-colors duration-100 ease-in-out\">10-Gramm-Beutel<\/span><\/li>\n<li>Weniger als 0,19\u202f% <strong>THC<\/strong><\/li>\n<li>Von 10\u202f% bis 23\u202f% <strong>CBD<\/strong>, je nach Sorte<\/li>\n<li><strong>Keine psychoaktive Wirkung<\/strong><\/li>\n<li>Biologisch angebaut<\/li>\n<li>Frei von GVO<\/li>\n<li>Frei von Pestiziden<\/li>\n<\/ul>\n","protected":false},"featured_media":165133,"template":"","meta":{"_acf_changed":false},"product_brand":[],"class_list":{"0":"post-165166","1":"product","2":"type-product","3":"status-publish","4":"has-post-thumbnail","6":"product_cat-bluten","7":"product_cat-kleine-cbd-bluten-popcorn-buds","8":"product_cat-produkte-mit-10-cbd","10":"first","11":"instock","12":"taxable","13":"shipping-taxable","14":"purchasable","15":"product-type-variable"},"acf":[],"yoast_head":"<!-- This site is optimized with the Yoast SEO plugin v26.3 - https:\/\/yoast.com\/wordpress\/plugins\/seo\/ -->\n<title>Kleine Cali Orange CBD Bl\u00fcte | The Tree CBD<\/title>\n<meta name=\"description\" content=\"Entdecke die kleine Bl\u00fcte von Cali Orange CBD, eine Indica-Blume mit einem fruchtigen und erdigen Aroma, die bis zu 14\u202f% CBD in ihren Bl\u00fcten enth\u00e4lt. CBD legal in Spanien und Europa.\" \/>\n<meta name=\"robots\" content=\"index, follow, max-snippet:-1, max-image-preview:large, max-video-preview:-1\" \/>\n<link rel=\"canonical\" href=\"https:\/\/thetreecbd.com\/de\/cbd\/kleine-cali-orange-cbd-blute\" \/>\n<meta property=\"og:locale\" content=\"de_DE\" \/>\n<meta property=\"og:type\" content=\"article\" \/>\n<meta property=\"og:title\" content=\"Kleine Cali Orange CBD Bl\u00fcte | The Tree CBD\" \/>\n<meta property=\"og:description\" content=\"Entdecke die kleine Bl\u00fcte von Cali Orange CBD, eine Indica-Blume mit einem fruchtigen und erdigen Aroma, die bis zu 14\u202f% CBD in ihren Bl\u00fcten enth\u00e4lt. CBD legal in Spanien und Europa.\" \/>\n<meta property=\"og:url\" content=\"https:\/\/thetreecbd.com\/de\/cbd\/kleine-cali-orange-cbd-blute\" \/>\n<meta property=\"og:site_name\" content=\"The Tree CBD\" \/>\n<meta property=\"article:publisher\" content=\"https:\/\/www.facebook.com\/thetreeCBD\/\" \/>\n<meta property=\"article:modified_time\" content=\"2025-09-01T22:00:40+00:00\" \/>\n<meta property=\"og:image\" content=\"https:\/\/thetreecbd.com\/wp-content\/uploads\/2025\/01\/Zkittlez_Heap_1.34.1-1-scaled-e1740226545356.jpeg\" \/>\n\t<meta property=\"og:image:width\" content=\"1152\" \/>\n\t<meta property=\"og:image:height\" content=\"1236\" \/>\n\t<meta property=\"og:image:type\" content=\"image\/jpeg\" \/>\n<meta name=\"twitter:card\" content=\"summary_large_image\" \/>\n<meta name=\"twitter:site\" content=\"@TheTreeCBD_EU\" \/>\n<meta name=\"twitter:label1\" content=\"Gesch\u00e4tzte Lesezeit\" \/>\n\t<meta name=\"twitter:data1\" content=\"2\u00a0Minuten\" \/>\n<script type=\"application\/ld+json\" class=\"yoast-schema-graph\">{\"@context\":\"https:\/\/schema.org\",\"@graph\":[{\"@type\":[\"WebPage\",\"ItemPage\"],\"@id\":\"https:\/\/thetreecbd.com\/de\/cbd\/kleine-cali-orange-cbd-blute\",\"url\":\"https:\/\/thetreecbd.com\/de\/cbd\/kleine-cali-orange-cbd-blute\",\"name\":\"Kleine Cali Orange CBD Bl\u00fcte | The Tree CBD\",\"isPartOf\":{\"@id\":\"https:\/\/thetreecbd.com\/de#website\"},\"primaryImageOfPage\":{\"@id\":\"https:\/\/thetreecbd.com\/de\/cbd\/kleine-cali-orange-cbd-blute#primaryimage\"},\"image\":{\"@id\":\"https:\/\/thetreecbd.com\/de\/cbd\/kleine-cali-orange-cbd-blute#primaryimage\"},\"thumbnailUrl\":\"https:\/\/thetreecbd.com\/wp-content\/uploads\/2025\/01\/Zkittlez_Heap_1.34.1-1-scaled-e1740226545356.jpeg\",\"datePublished\":\"2025-01-20T17:43:41+00:00\",\"dateModified\":\"2025-09-01T22:00:40+00:00\",\"description\":\"Entdecke die kleine Bl\u00fcte von Cali Orange CBD, eine Indica-Blume mit einem fruchtigen und erdigen Aroma, die bis zu 14\u202f% CBD in ihren Bl\u00fcten enth\u00e4lt. CBD legal in Spanien und Europa.\",\"breadcrumb\":{\"@id\":\"https:\/\/thetreecbd.com\/de\/cbd\/kleine-cali-orange-cbd-blute#breadcrumb\"},\"inLanguage\":\"de\",\"potentialAction\":[{\"@type\":\"ReadAction\",\"target\":[\"https:\/\/thetreecbd.com\/de\/cbd\/kleine-cali-orange-cbd-blute\"]}]},{\"@type\":\"ImageObject\",\"inLanguage\":\"de\",\"@id\":\"https:\/\/thetreecbd.com\/de\/cbd\/kleine-cali-orange-cbd-blute#primaryimage\",\"url\":\"https:\/\/thetreecbd.com\/wp-content\/uploads\/2025\/01\/Zkittlez_Heap_1.34.1-1-scaled-e1740226545356.jpeg\",\"contentUrl\":\"https:\/\/thetreecbd.com\/wp-content\/uploads\/2025\/01\/Zkittlez_Heap_1.34.1-1-scaled-e1740226545356.jpeg\",\"width\":1152,\"height\":1236},{\"@type\":\"BreadcrumbList\",\"@id\":\"https:\/\/thetreecbd.com\/de\/cbd\/kleine-cali-orange-cbd-blute#breadcrumb\",\"itemListElement\":[{\"@type\":\"ListItem\",\"position\":1,\"name\":\"The Tree\",\"item\":\"https:\/\/thetreecbd.com\/de\"},{\"@type\":\"ListItem\",\"position\":2,\"name\":\"CBD\",\"item\":\"https:\/\/thetreecbd.com\/es\/cbd\"},{\"@type\":\"ListItem\",\"position\":3,\"name\":\"CBD-Bl\u00fcten kaufen\",\"item\":\"https:\/\/thetreecbd.com\/de\/bluten\"},{\"@type\":\"ListItem\",\"position\":4,\"name\":\"Kleine CBD-Bl\u00fcten &amp; Popcorn-Buds\",\"item\":\"https:\/\/thetreecbd.com\/de\/bluten\/kleine-cbd-bluten-popcorn-buds\"},{\"@type\":\"ListItem\",\"position\":5,\"name\":\"Kleine Cali Orange CBD Bl\u00fcte\"}]},{\"@type\":\"WebSite\",\"@id\":\"https:\/\/thetreecbd.com\/de#website\",\"url\":\"https:\/\/thetreecbd.com\/de\",\"name\":\"The Tree CBD\",\"description\":\"Comprar CBD en Espa\u00f1a Online\",\"publisher\":{\"@id\":\"https:\/\/thetreecbd.com\/de#organization\"},\"potentialAction\":[{\"@type\":\"SearchAction\",\"target\":{\"@type\":\"EntryPoint\",\"urlTemplate\":\"https:\/\/thetreecbd.com\/de?s={search_term_string}\"},\"query-input\":{\"@type\":\"PropertyValueSpecification\",\"valueRequired\":true,\"valueName\":\"search_term_string\"}}],\"inLanguage\":\"de\"},{\"@type\":\"Organization\",\"@id\":\"https:\/\/thetreecbd.com\/de#organization\",\"name\":\"The Tree CBD\",\"url\":\"https:\/\/thetreecbd.com\/de\",\"logo\":{\"@type\":\"ImageObject\",\"inLanguage\":\"de\",\"@id\":\"https:\/\/thetreecbd.com\/de#\/schema\/logo\/image\/\",\"url\":\"https:\/\/thetreecbd.com\/wp-content\/uploads\/2022\/04\/logo-thetree.png\",\"contentUrl\":\"https:\/\/thetreecbd.com\/wp-content\/uploads\/2022\/04\/logo-thetree.png\",\"width\":172,\"height\":55,\"caption\":\"The Tree CBD\"},\"image\":{\"@id\":\"https:\/\/thetreecbd.com\/de#\/schema\/logo\/image\/\"},\"sameAs\":[\"https:\/\/www.facebook.com\/thetreeCBD\/\",\"https:\/\/x.com\/TheTreeCBD_EU\",\"https:\/\/www.instagram.com\/thetree.cbd\/\",\"https:\/\/es.trustpilot.com\/review\/thetreecbd.com\"]}]}<\/script>\n<!-- \/ Yoast SEO plugin. -->","yoast_head_json":{"title":"Kleine Cali Orange CBD Bl\u00fcte | The Tree CBD","description":"Entdecke die kleine Bl\u00fcte von Cali Orange CBD, eine Indica-Blume mit einem fruchtigen und erdigen Aroma, die bis zu 14\u202f% CBD in ihren Bl\u00fcten enth\u00e4lt. CBD legal in Spanien und Europa.","robots":{"index":"index","follow":"follow","max-snippet":"max-snippet:-1","max-image-preview":"max-image-preview:large","max-video-preview":"max-video-preview:-1"},"canonical":"https:\/\/thetreecbd.com\/de\/cbd\/kleine-cali-orange-cbd-blute","og_locale":"de_DE","og_type":"article","og_title":"Kleine Cali Orange CBD Bl\u00fcte | The Tree CBD","og_description":"Entdecke die kleine Bl\u00fcte von Cali Orange CBD, eine Indica-Blume mit einem fruchtigen und erdigen Aroma, die bis zu 14\u202f% CBD in ihren Bl\u00fcten enth\u00e4lt. CBD legal in Spanien und Europa.","og_url":"https:\/\/thetreecbd.com\/de\/cbd\/kleine-cali-orange-cbd-blute","og_site_name":"The Tree CBD","article_publisher":"https:\/\/www.facebook.com\/thetreeCBD\/","article_modified_time":"2025-09-01T22:00:40+00:00","og_image":[{"width":1152,"height":1236,"url":"https:\/\/thetreecbd.com\/wp-content\/uploads\/2025\/01\/Zkittlez_Heap_1.34.1-1-scaled-e1740226545356.jpeg","type":"image\/jpeg"}],"twitter_card":"summary_large_image","twitter_site":"@TheTreeCBD_EU","twitter_misc":{"Gesch\u00e4tzte Lesezeit":"2\u00a0Minuten"},"schema":{"@context":"https:\/\/schema.org","@graph":[{"@type":["WebPage","ItemPage"],"@id":"https:\/\/thetreecbd.com\/de\/cbd\/kleine-cali-orange-cbd-blute","url":"https:\/\/thetreecbd.com\/de\/cbd\/kleine-cali-orange-cbd-blute","name":"Kleine Cali Orange CBD Bl\u00fcte | The Tree CBD","isPartOf":{"@id":"https:\/\/thetreecbd.com\/de#website"},"primaryImageOfPage":{"@id":"https:\/\/thetreecbd.com\/de\/cbd\/kleine-cali-orange-cbd-blute#primaryimage"},"image":{"@id":"https:\/\/thetreecbd.com\/de\/cbd\/kleine-cali-orange-cbd-blute#primaryimage"},"thumbnailUrl":"https:\/\/thetreecbd.com\/wp-content\/uploads\/2025\/01\/Zkittlez_Heap_1.34.1-1-scaled-e1740226545356.jpeg","datePublished":"2025-01-20T17:43:41+00:00","dateModified":"2025-09-01T22:00:40+00:00","description":"Entdecke die kleine Bl\u00fcte von Cali Orange CBD, eine Indica-Blume mit einem fruchtigen und erdigen Aroma, die bis zu 14\u202f% CBD in ihren Bl\u00fcten enth\u00e4lt. CBD legal in Spanien und Europa.","breadcrumb":{"@id":"https:\/\/thetreecbd.com\/de\/cbd\/kleine-cali-orange-cbd-blute#breadcrumb"},"inLanguage":"de","potentialAction":[{"@type":"ReadAction","target":["https:\/\/thetreecbd.com\/de\/cbd\/kleine-cali-orange-cbd-blute"]}]},{"@type":"ImageObject","inLanguage":"de","@id":"https:\/\/thetreecbd.com\/de\/cbd\/kleine-cali-orange-cbd-blute#primaryimage","url":"https:\/\/thetreecbd.com\/wp-content\/uploads\/2025\/01\/Zkittlez_Heap_1.34.1-1-scaled-e1740226545356.jpeg","contentUrl":"https:\/\/thetreecbd.com\/wp-content\/uploads\/2025\/01\/Zkittlez_Heap_1.34.1-1-scaled-e1740226545356.jpeg","width":1152,"height":1236},{"@type":"BreadcrumbList","@id":"https:\/\/thetreecbd.com\/de\/cbd\/kleine-cali-orange-cbd-blute#breadcrumb","itemListElement":[{"@type":"ListItem","position":1,"name":"The Tree","item":"https:\/\/thetreecbd.com\/de"},{"@type":"ListItem","position":2,"name":"CBD","item":"https:\/\/thetreecbd.com\/es\/cbd"},{"@type":"ListItem","position":3,"name":"CBD-Bl\u00fcten kaufen","item":"https:\/\/thetreecbd.com\/de\/bluten"},{"@type":"ListItem","position":4,"name":"Kleine CBD-Bl\u00fcten &amp; Popcorn-Buds","item":"https:\/\/thetreecbd.com\/de\/bluten\/kleine-cbd-bluten-popcorn-buds"},{"@type":"ListItem","position":5,"name":"Kleine Cali Orange CBD Bl\u00fcte"}]},{"@type":"WebSite","@id":"https:\/\/thetreecbd.com\/de#website","url":"https:\/\/thetreecbd.com\/de","name":"The Tree CBD","description":"Comprar CBD en Espa\u00f1a Online","publisher":{"@id":"https:\/\/thetreecbd.com\/de#organization"},"potentialAction":[{"@type":"SearchAction","target":{"@type":"EntryPoint","urlTemplate":"https:\/\/thetreecbd.com\/de?s={search_term_string}"},"query-input":{"@type":"PropertyValueSpecification","valueRequired":true,"valueName":"search_term_string"}}],"inLanguage":"de"},{"@type":"Organization","@id":"https:\/\/thetreecbd.com\/de#organization","name":"The Tree CBD","url":"https:\/\/thetreecbd.com\/de","logo":{"@type":"ImageObject","inLanguage":"de","@id":"https:\/\/thetreecbd.com\/de#\/schema\/logo\/image\/","url":"https:\/\/thetreecbd.com\/wp-content\/uploads\/2022\/04\/logo-thetree.png","contentUrl":"https:\/\/thetreecbd.com\/wp-content\/uploads\/2022\/04\/logo-thetree.png","width":172,"height":55,"caption":"The Tree CBD"},"image":{"@id":"https:\/\/thetreecbd.com\/de#\/schema\/logo\/image\/"},"sameAs":["https:\/\/www.facebook.com\/thetreeCBD\/","https:\/\/x.com\/TheTreeCBD_EU","https:\/\/www.instagram.com\/thetree.cbd\/","https:\/\/es.trustpilot.com\/review\/thetreecbd.com"]}]}},"_links":{"self":[{"href":"https:\/\/thetreecbd.com\/de\/wp-json\/wp\/v2\/product\/165166","targetHints":{"allow":["GET"]}}],"collection":[{"href":"https:\/\/thetreecbd.com\/de\/wp-json\/wp\/v2\/product"}],"about":[{"href":"https:\/\/thetreecbd.com\/de\/wp-json\/wp\/v2\/types\/product"}],"version-history":[{"count":0,"href":"https:\/\/thetreecbd.com\/de\/wp-json\/wp\/v2\/product\/165166\/revisions"}],"wp:featuredmedia":[{"embeddable":true,"href":"https:\/\/thetreecbd.com\/de\/wp-json\/wp\/v2\/media\/165133"}],"wp:attachment":[{"href":"https:\/\/thetreecbd.com\/de\/wp-json\/wp\/v2\/media?parent=165166"}],"wp:term":[{"taxonomy":"product_brand","embeddable":true,"href":"https:\/\/thetreecbd.com\/de\/wp-json\/wp\/v2\/product_brand?post=165166"}],"curies":[{"name":"wp","href":"https:\/\/api.w.org\/{rel}","templated":true}]}}