{"id":165170,"date":"2025-01-20T18:49:13","date_gmt":"2025-01-20T17:49:13","guid":{"rendered":"https:\/\/thetreecbd.com\/cbd\/kleine-gelato-cbd-blute"},"modified":"2025-09-02T00:00:39","modified_gmt":"2025-09-01T22:00:39","slug":"kleine-gelato-cbd-blute","status":"publish","type":"product","link":"https:\/\/thetreecbd.com\/de\/cbd\/kleine-gelato-cbd-blute","title":{"rendered":"Kleine Gelato CBD Bl\u00fcte"},"content":{"rendered":"<p class=\"\" data-start=\"43\" data-end=\"263\">Das Produkt <strong>Gelato CBD kleine Bl\u00fcten<\/strong> ist eine der Neuheiten im Katalog von The Tree CBD zu einem attraktiven Preis f\u00fcr jedes Budget. Dieses Produkt vereint alle positiven Aspekte unserer Indoor- und Greenhouse-Genetiken.<\/p>\n<p class=\"\" data-start=\"265\" data-end=\"502\">In diesem Fall werden die kleineren CBD-Bl\u00fcten und -Bl\u00fcten von allen legalen CBD-Cannabispflanzen geerntet, um dir ein Produkt mit gleicher Qualit\u00e4t wie alle anderen Varianten von The Tree CBD zu einem erschwinglicheren Preis anzubieten.<\/p>\n<ul>\n<li><strong>Gelato CBD<\/strong> bietet uns ein Aroma mit einem s\u00fc\u00dfen, zitrusartigen und nat\u00fcrlichen Geschmack. Die Bl\u00fcte erinnert an ein Dessert oder ein Eis, wie der Name schon sagt, in Form von Bl\u00fcten. Ihre Bl\u00fcten sind kompakt, mittelgro\u00df und ihre Hauptmerkmale sind das terpene Potenzial, das sie erreichen k\u00f6nnen.<\/li>\n<\/ul>\n<p>Wie alle unsere anderen Produkte enthalten auch diese weniger als 0,19 % THC, sind somit in ganz Europa v\u00f6llig legal und haben keine psychoaktive Wirkung.<\/p>\n<p class=\"\" data-start=\"958\" data-end=\"1006\"><strong data-start=\"958\" data-end=\"1006\">Eigenschaften der kleinen CBD-Bl\u00fcten Gelato:<\/strong><\/p>\n<ul data-start=\"1007\" data-end=\"1500\">\n<li class=\"\" data-start=\"1007\" data-end=\"1044\">\n<p class=\"\" data-start=\"1009\" data-end=\"1044\"><strong data-start=\"1009\" data-end=\"1019\">Sorte:<\/strong> Gelato CBD kleine Bl\u00fcten<\/p>\n<\/li>\n<li class=\"\" data-start=\"1045\" data-end=\"1072\">\n<p class=\"\" data-start=\"1047\" data-end=\"1072\">Bl\u00fcten und Hanfblumen<\/p>\n<\/li>\n<li class=\"\" data-start=\"1073\" data-end=\"1102\">\n<p class=\"\" data-start=\"1075\" data-end=\"1102\"><strong data-start=\"1075\" data-end=\"1086\">Format:<\/strong> 10-Gramm-Beutel<\/p>\n<\/li>\n<li class=\"\" data-start=\"1103\" data-end=\"1131\">\n<p class=\"\" data-start=\"1105\" data-end=\"1131\">Weniger als 0,19 % <strong>THC<\/strong><\/p>\n<\/li>\n<li class=\"\" data-start=\"1132\" data-end=\"1174\">\n<p class=\"\" data-start=\"1134\" data-end=\"1174\">Von 10 % bis 23 % <strong>CBD<\/strong>, je nach Sorte<\/p>\n<\/li>\n<li class=\"\" data-start=\"1175\" data-end=\"1207\">\n<p class=\"\" data-start=\"1177\" data-end=\"1207\"><strong data-start=\"1177\" data-end=\"1207\">Keine psychoaktive Wirkung<\/strong><\/p>\n<\/li>\n<li class=\"\" data-start=\"1208\" data-end=\"1233\">\n<p class=\"\" data-start=\"1210\" data-end=\"1233\">Biologisch angebaut<\/p>\n<\/li>\n<li class=\"\" data-start=\"1234\" data-end=\"1252\">\n<p class=\"\" data-start=\"1236\" data-end=\"1252\">Frei von GVO<\/p>\n<\/li>\n<li class=\"\" data-start=\"1253\" data-end=\"1278\">\n<p class=\"\" data-start=\"1255\" data-end=\"1278\">Frei von Pestiziden<\/p>\n<\/li>\n<\/ul>\n<p class=\"\" data-start=\"1255\" data-end=\"1278\"><strong data-start=\"1281\" data-end=\"1309\">Aroma kleine CBD-Bl\u00fcten<\/strong><\/p>\n<p class=\"\" data-start=\"1255\" data-end=\"1278\">Terpene finden sich in den meisten \u00e4therischen \u00d6len vieler Pflanzen, Blumen und Fr\u00fcchte, sie sind f\u00fcr den Duft und Geschmack verantwortlich. Im Cannabis finden wir ein breites Terpenprofil.<\/p>\n<p class=\"\" data-start=\"1502\" data-end=\"1639\">Die verf\u00fcgbaren Terpene variieren je nach Sorte des Beutels. Sieh dir dazu jede Sorte an, um das Terpen der jeweiligen Bl\u00fcte zu erkennen.<\/p>\n<p class=\"\" data-start=\"1641\" data-end=\"1755\"><strong data-start=\"1641\" data-end=\"1656\">Zielgruppe:<\/strong><br \/>\nKleine Bl\u00fcten sind ideal f\u00fcr K\u00e4ufer, die die gewohnte Qualit\u00e4t zu einem niedrigeren Preis suchen.<\/p>\n<p class=\"\" data-start=\"1757\" data-end=\"1966\">Da es sich um ein Nebenprodukt oder Ausschuss handelt, erm\u00f6glichen kleine Bl\u00fcten den Zugang zu Top-Sorten zu einem stark reduzierten Preis, wobei die gleiche Qualit\u00e4t wie beim Originalprodukt beibehalten wird.<\/p>\n<p class=\"\" data-start=\"1968\" data-end=\"2229\"><strong data-start=\"1968\" data-end=\"1997\">Sicherheitsinformationen:<\/strong><br \/>\nBeachte, dass die CBD-Bl\u00fcten von The Tree ein dekoratives, sammelbares und aromatisches Produkt sind. Sie sollten w\u00e4hrend der Schwangerschaft oder Stillzeit nicht verwendet werden. Au\u00dferhalb der Reichweite von Kindern aufbewahren.<\/p>\n<p class=\"\" data-start=\"2231\" data-end=\"2346\">Unsere CBD-Bl\u00fcten k\u00f6nnen eine geringe Menge THC enthalten. Nat\u00fcrlich liegt diese unter der EU-Grenze von 0,2 % THC.<\/p>\n<p class=\"\" data-start=\"2348\" data-end=\"2590\">Der bereitgestellte Inhalt dient nur zu Informations- und Schulungszwecken und ersetzt keinesfalls den \u00e4rztlichen Rat eines Arztes oder Apothekers. Unsere Texte sind nicht f\u00fcr die eigenst\u00e4ndige Diagnose und Behandlung von Krankheiten gedacht.<\/p>\n<p class=\"\" data-start=\"2592\" data-end=\"2655\">Z\u00f6gere nicht, uns zu kontaktieren, wenn du weitere Fragen hast.<\/p>\n<p class=\"\" data-start=\"2657\" data-end=\"2916\"><strong data-start=\"2657\" data-end=\"2670\">Lagerung:<\/strong><br \/>\nIdealerweise sollten die CBD-Bl\u00fcten von The Tree an einem k\u00fchlen, trockenen Ort aufbewahrt werden, gesch\u00fctzt vor Licht und starken Ger\u00fcchen, um eine Kontamination und\/oder Zersetzung zu vermeiden. Direkte Sonneneinstrahlung und W\u00e4rme vermeiden.<\/p>\n<p class=\"\" data-start=\"2918\" data-end=\"3019\"><strong data-start=\"2918\" data-end=\"2930\">Hinweis:<\/strong> Die angegebene Haltbarkeit betr\u00e4gt einen Monat, wenn die Bl\u00fcten korrekt gelagert werden.<\/p>\n","protected":false},"excerpt":{"rendered":"<ul>\n<li data-start=\"43\" data-end=\"284\"><strong data-start=\"43\" data-end=\"54\">Sorten:<\/strong> Gelato CBD kleine Bl\u00fcten<\/li>\n<li data-start=\"43\" data-end=\"284\">Bl\u00fcten und Hanfblumen<\/li>\n<li data-start=\"43\" data-end=\"284\"><strong>Format<\/strong>: 10-Gramm-Beutel.<\/li>\n<li data-start=\"43\" data-end=\"284\">Weniger als 0,19 % <strong>THC<\/strong><\/li>\n<li data-start=\"43\" data-end=\"284\">Von 10 % bis 23 % <strong>CBD<\/strong>, je nach Sorte<\/li>\n<li data-start=\"43\" data-end=\"284\"><strong>Keine psychoaktive Wirkung<\/strong><\/li>\n<li data-start=\"43\" data-end=\"284\">Biologisch angebaut<\/li>\n<li data-start=\"43\" data-end=\"284\">Frei von GVO<\/li>\n<li data-start=\"43\" data-end=\"284\">Frei von Pestiziden<\/li>\n<\/ul>\n","protected":false},"featured_media":165171,"template":"","meta":{"_acf_changed":false},"product_brand":[],"class_list":{"0":"post-165170","1":"product","2":"type-product","3":"status-publish","4":"has-post-thumbnail","6":"product_cat-bluten","7":"product_cat-kleine-cbd-bluten-popcorn-buds","8":"product_cat-produkte-mit-10-cbd","10":"first","11":"instock","12":"taxable","13":"shipping-taxable","14":"purchasable","15":"product-type-variable"},"acf":[],"yoast_head":"<!-- This site is optimized with the Yoast SEO plugin v26.3 - https:\/\/yoast.com\/wordpress\/plugins\/seo\/ -->\n<title>Kleine Gelato CBD Bl\u00fcte | The Tree CBD<\/title>\n<meta name=\"description\" content=\"Kleine Gelato CBD Marihuana Bl\u00fcten, legal in Spanien: S\u00fc\u00dfer, zitrusartiger und nat\u00fcrlicher Geschmack, und ihre Wirkung ist entspannend dank des hohen CBD-Gehalts (10%).\" \/>\n<meta name=\"robots\" content=\"index, follow, max-snippet:-1, max-image-preview:large, max-video-preview:-1\" \/>\n<link rel=\"canonical\" href=\"https:\/\/thetreecbd.com\/de\/cbd\/kleine-gelato-cbd-blute\" \/>\n<meta property=\"og:locale\" content=\"de_DE\" \/>\n<meta property=\"og:type\" content=\"article\" \/>\n<meta property=\"og:title\" content=\"Kleine Gelato CBD Bl\u00fcte | The Tree CBD\" \/>\n<meta property=\"og:description\" content=\"Kleine Gelato CBD Marihuana Bl\u00fcten, legal in Spanien: S\u00fc\u00dfer, zitrusartiger und nat\u00fcrlicher Geschmack, und ihre Wirkung ist entspannend dank des hohen CBD-Gehalts (10%).\" \/>\n<meta property=\"og:url\" content=\"https:\/\/thetreecbd.com\/de\/cbd\/kleine-gelato-cbd-blute\" \/>\n<meta property=\"og:site_name\" content=\"The Tree CBD\" \/>\n<meta property=\"article:publisher\" content=\"https:\/\/www.facebook.com\/thetreeCBD\/\" \/>\n<meta property=\"article:modified_time\" content=\"2025-09-01T22:00:39+00:00\" \/>\n<meta property=\"og:image\" content=\"https:\/\/thetreecbd.com\/wp-content\/uploads\/2025\/01\/Gorilla_Glue_Heap_1.53.1-scaled-e1740645749246.jpeg\" \/>\n\t<meta property=\"og:image:width\" content=\"1152\" \/>\n\t<meta property=\"og:image:height\" content=\"1304\" \/>\n\t<meta property=\"og:image:type\" content=\"image\/jpeg\" \/>\n<meta name=\"twitter:card\" content=\"summary_large_image\" \/>\n<meta name=\"twitter:site\" content=\"@TheTreeCBD_EU\" \/>\n<meta name=\"twitter:label1\" content=\"Gesch\u00e4tzte Lesezeit\" \/>\n\t<meta name=\"twitter:data1\" content=\"2\u00a0Minuten\" \/>\n<script type=\"application\/ld+json\" class=\"yoast-schema-graph\">{\"@context\":\"https:\/\/schema.org\",\"@graph\":[{\"@type\":[\"WebPage\",\"ItemPage\"],\"@id\":\"https:\/\/thetreecbd.com\/de\/cbd\/kleine-gelato-cbd-blute\",\"url\":\"https:\/\/thetreecbd.com\/de\/cbd\/kleine-gelato-cbd-blute\",\"name\":\"Kleine Gelato CBD Bl\u00fcte | The Tree CBD\",\"isPartOf\":{\"@id\":\"https:\/\/thetreecbd.com\/de#website\"},\"primaryImageOfPage\":{\"@id\":\"https:\/\/thetreecbd.com\/de\/cbd\/kleine-gelato-cbd-blute#primaryimage\"},\"image\":{\"@id\":\"https:\/\/thetreecbd.com\/de\/cbd\/kleine-gelato-cbd-blute#primaryimage\"},\"thumbnailUrl\":\"https:\/\/thetreecbd.com\/wp-content\/uploads\/2025\/01\/Gorilla_Glue_Heap_1.53.1-scaled-e1740645749246.jpeg\",\"datePublished\":\"2025-01-20T17:49:13+00:00\",\"dateModified\":\"2025-09-01T22:00:39+00:00\",\"description\":\"Kleine Gelato CBD Marihuana Bl\u00fcten, legal in Spanien: S\u00fc\u00dfer, zitrusartiger und nat\u00fcrlicher Geschmack, und ihre Wirkung ist entspannend dank des hohen CBD-Gehalts (10%).\",\"breadcrumb\":{\"@id\":\"https:\/\/thetreecbd.com\/de\/cbd\/kleine-gelato-cbd-blute#breadcrumb\"},\"inLanguage\":\"de\",\"potentialAction\":[{\"@type\":\"ReadAction\",\"target\":[\"https:\/\/thetreecbd.com\/de\/cbd\/kleine-gelato-cbd-blute\"]}]},{\"@type\":\"ImageObject\",\"inLanguage\":\"de\",\"@id\":\"https:\/\/thetreecbd.com\/de\/cbd\/kleine-gelato-cbd-blute#primaryimage\",\"url\":\"https:\/\/thetreecbd.com\/wp-content\/uploads\/2025\/01\/Gorilla_Glue_Heap_1.53.1-scaled-e1740645749246.jpeg\",\"contentUrl\":\"https:\/\/thetreecbd.com\/wp-content\/uploads\/2025\/01\/Gorilla_Glue_Heap_1.53.1-scaled-e1740645749246.jpeg\",\"width\":1152,\"height\":1304},{\"@type\":\"BreadcrumbList\",\"@id\":\"https:\/\/thetreecbd.com\/de\/cbd\/kleine-gelato-cbd-blute#breadcrumb\",\"itemListElement\":[{\"@type\":\"ListItem\",\"position\":1,\"name\":\"The Tree\",\"item\":\"https:\/\/thetreecbd.com\/de\"},{\"@type\":\"ListItem\",\"position\":2,\"name\":\"CBD\",\"item\":\"https:\/\/thetreecbd.com\/es\/cbd\"},{\"@type\":\"ListItem\",\"position\":3,\"name\":\"CBD-Bl\u00fcten kaufen\",\"item\":\"https:\/\/thetreecbd.com\/de\/bluten\"},{\"@type\":\"ListItem\",\"position\":4,\"name\":\"Indoor-Bl\u00fcten\",\"item\":\"https:\/\/thetreecbd.com\/de\/bluten\/indoor-bluten\"},{\"@type\":\"ListItem\",\"position\":5,\"name\":\"Kleine Gelato CBD Bl\u00fcte\"}]},{\"@type\":\"WebSite\",\"@id\":\"https:\/\/thetreecbd.com\/de#website\",\"url\":\"https:\/\/thetreecbd.com\/de\",\"name\":\"The Tree CBD\",\"description\":\"Comprar CBD en Espa\u00f1a Online\",\"publisher\":{\"@id\":\"https:\/\/thetreecbd.com\/de#organization\"},\"potentialAction\":[{\"@type\":\"SearchAction\",\"target\":{\"@type\":\"EntryPoint\",\"urlTemplate\":\"https:\/\/thetreecbd.com\/de?s={search_term_string}\"},\"query-input\":{\"@type\":\"PropertyValueSpecification\",\"valueRequired\":true,\"valueName\":\"search_term_string\"}}],\"inLanguage\":\"de\"},{\"@type\":\"Organization\",\"@id\":\"https:\/\/thetreecbd.com\/de#organization\",\"name\":\"The Tree CBD\",\"url\":\"https:\/\/thetreecbd.com\/de\",\"logo\":{\"@type\":\"ImageObject\",\"inLanguage\":\"de\",\"@id\":\"https:\/\/thetreecbd.com\/de#\/schema\/logo\/image\/\",\"url\":\"https:\/\/thetreecbd.com\/wp-content\/uploads\/2022\/04\/logo-thetree.png\",\"contentUrl\":\"https:\/\/thetreecbd.com\/wp-content\/uploads\/2022\/04\/logo-thetree.png\",\"width\":172,\"height\":55,\"caption\":\"The Tree CBD\"},\"image\":{\"@id\":\"https:\/\/thetreecbd.com\/de#\/schema\/logo\/image\/\"},\"sameAs\":[\"https:\/\/www.facebook.com\/thetreeCBD\/\",\"https:\/\/x.com\/TheTreeCBD_EU\",\"https:\/\/www.instagram.com\/thetree.cbd\/\",\"https:\/\/es.trustpilot.com\/review\/thetreecbd.com\"]}]}<\/script>\n<!-- \/ Yoast SEO plugin. -->","yoast_head_json":{"title":"Kleine Gelato CBD Bl\u00fcte | The Tree CBD","description":"Kleine Gelato CBD Marihuana Bl\u00fcten, legal in Spanien: S\u00fc\u00dfer, zitrusartiger und nat\u00fcrlicher Geschmack, und ihre Wirkung ist entspannend dank des hohen CBD-Gehalts (10%).","robots":{"index":"index","follow":"follow","max-snippet":"max-snippet:-1","max-image-preview":"max-image-preview:large","max-video-preview":"max-video-preview:-1"},"canonical":"https:\/\/thetreecbd.com\/de\/cbd\/kleine-gelato-cbd-blute","og_locale":"de_DE","og_type":"article","og_title":"Kleine Gelato CBD Bl\u00fcte | The Tree CBD","og_description":"Kleine Gelato CBD Marihuana Bl\u00fcten, legal in Spanien: S\u00fc\u00dfer, zitrusartiger und nat\u00fcrlicher Geschmack, und ihre Wirkung ist entspannend dank des hohen CBD-Gehalts (10%).","og_url":"https:\/\/thetreecbd.com\/de\/cbd\/kleine-gelato-cbd-blute","og_site_name":"The Tree CBD","article_publisher":"https:\/\/www.facebook.com\/thetreeCBD\/","article_modified_time":"2025-09-01T22:00:39+00:00","og_image":[{"width":1152,"height":1304,"url":"https:\/\/thetreecbd.com\/wp-content\/uploads\/2025\/01\/Gorilla_Glue_Heap_1.53.1-scaled-e1740645749246.jpeg","type":"image\/jpeg"}],"twitter_card":"summary_large_image","twitter_site":"@TheTreeCBD_EU","twitter_misc":{"Gesch\u00e4tzte Lesezeit":"2\u00a0Minuten"},"schema":{"@context":"https:\/\/schema.org","@graph":[{"@type":["WebPage","ItemPage"],"@id":"https:\/\/thetreecbd.com\/de\/cbd\/kleine-gelato-cbd-blute","url":"https:\/\/thetreecbd.com\/de\/cbd\/kleine-gelato-cbd-blute","name":"Kleine Gelato CBD Bl\u00fcte | The Tree CBD","isPartOf":{"@id":"https:\/\/thetreecbd.com\/de#website"},"primaryImageOfPage":{"@id":"https:\/\/thetreecbd.com\/de\/cbd\/kleine-gelato-cbd-blute#primaryimage"},"image":{"@id":"https:\/\/thetreecbd.com\/de\/cbd\/kleine-gelato-cbd-blute#primaryimage"},"thumbnailUrl":"https:\/\/thetreecbd.com\/wp-content\/uploads\/2025\/01\/Gorilla_Glue_Heap_1.53.1-scaled-e1740645749246.jpeg","datePublished":"2025-01-20T17:49:13+00:00","dateModified":"2025-09-01T22:00:39+00:00","description":"Kleine Gelato CBD Marihuana Bl\u00fcten, legal in Spanien: S\u00fc\u00dfer, zitrusartiger und nat\u00fcrlicher Geschmack, und ihre Wirkung ist entspannend dank des hohen CBD-Gehalts (10%).","breadcrumb":{"@id":"https:\/\/thetreecbd.com\/de\/cbd\/kleine-gelato-cbd-blute#breadcrumb"},"inLanguage":"de","potentialAction":[{"@type":"ReadAction","target":["https:\/\/thetreecbd.com\/de\/cbd\/kleine-gelato-cbd-blute"]}]},{"@type":"ImageObject","inLanguage":"de","@id":"https:\/\/thetreecbd.com\/de\/cbd\/kleine-gelato-cbd-blute#primaryimage","url":"https:\/\/thetreecbd.com\/wp-content\/uploads\/2025\/01\/Gorilla_Glue_Heap_1.53.1-scaled-e1740645749246.jpeg","contentUrl":"https:\/\/thetreecbd.com\/wp-content\/uploads\/2025\/01\/Gorilla_Glue_Heap_1.53.1-scaled-e1740645749246.jpeg","width":1152,"height":1304},{"@type":"BreadcrumbList","@id":"https:\/\/thetreecbd.com\/de\/cbd\/kleine-gelato-cbd-blute#breadcrumb","itemListElement":[{"@type":"ListItem","position":1,"name":"The Tree","item":"https:\/\/thetreecbd.com\/de"},{"@type":"ListItem","position":2,"name":"CBD","item":"https:\/\/thetreecbd.com\/es\/cbd"},{"@type":"ListItem","position":3,"name":"CBD-Bl\u00fcten kaufen","item":"https:\/\/thetreecbd.com\/de\/bluten"},{"@type":"ListItem","position":4,"name":"Indoor-Bl\u00fcten","item":"https:\/\/thetreecbd.com\/de\/bluten\/indoor-bluten"},{"@type":"ListItem","position":5,"name":"Kleine Gelato CBD Bl\u00fcte"}]},{"@type":"WebSite","@id":"https:\/\/thetreecbd.com\/de#website","url":"https:\/\/thetreecbd.com\/de","name":"The Tree CBD","description":"Comprar CBD en Espa\u00f1a Online","publisher":{"@id":"https:\/\/thetreecbd.com\/de#organization"},"potentialAction":[{"@type":"SearchAction","target":{"@type":"EntryPoint","urlTemplate":"https:\/\/thetreecbd.com\/de?s={search_term_string}"},"query-input":{"@type":"PropertyValueSpecification","valueRequired":true,"valueName":"search_term_string"}}],"inLanguage":"de"},{"@type":"Organization","@id":"https:\/\/thetreecbd.com\/de#organization","name":"The Tree CBD","url":"https:\/\/thetreecbd.com\/de","logo":{"@type":"ImageObject","inLanguage":"de","@id":"https:\/\/thetreecbd.com\/de#\/schema\/logo\/image\/","url":"https:\/\/thetreecbd.com\/wp-content\/uploads\/2022\/04\/logo-thetree.png","contentUrl":"https:\/\/thetreecbd.com\/wp-content\/uploads\/2022\/04\/logo-thetree.png","width":172,"height":55,"caption":"The Tree CBD"},"image":{"@id":"https:\/\/thetreecbd.com\/de#\/schema\/logo\/image\/"},"sameAs":["https:\/\/www.facebook.com\/thetreeCBD\/","https:\/\/x.com\/TheTreeCBD_EU","https:\/\/www.instagram.com\/thetree.cbd\/","https:\/\/es.trustpilot.com\/review\/thetreecbd.com"]}]}},"_links":{"self":[{"href":"https:\/\/thetreecbd.com\/de\/wp-json\/wp\/v2\/product\/165170","targetHints":{"allow":["GET"]}}],"collection":[{"href":"https:\/\/thetreecbd.com\/de\/wp-json\/wp\/v2\/product"}],"about":[{"href":"https:\/\/thetreecbd.com\/de\/wp-json\/wp\/v2\/types\/product"}],"version-history":[{"count":0,"href":"https:\/\/thetreecbd.com\/de\/wp-json\/wp\/v2\/product\/165170\/revisions"}],"wp:featuredmedia":[{"embeddable":true,"href":"https:\/\/thetreecbd.com\/de\/wp-json\/wp\/v2\/media\/165171"}],"wp:attachment":[{"href":"https:\/\/thetreecbd.com\/de\/wp-json\/wp\/v2\/media?parent=165170"}],"wp:term":[{"taxonomy":"product_brand","embeddable":true,"href":"https:\/\/thetreecbd.com\/de\/wp-json\/wp\/v2\/product_brand?post=165170"}],"curies":[{"name":"wp","href":"https:\/\/api.w.org\/{rel}","templated":true}]}}