{"id":165223,"date":"2025-05-07T19:14:30","date_gmt":"2025-05-07T17:14:30","guid":{"rendered":"https:\/\/thetreecbd.com\/cbd\/kleine-biggie-smalls-cbd-blute"},"modified":"2025-09-04T16:18:49","modified_gmt":"2025-09-04T14:18:49","slug":"kleine-biggie-smalls-cbd-blute","status":"publish","type":"product","link":"https:\/\/thetreecbd.com\/de\/cbd\/kleine-biggie-smalls-cbd-blute","title":{"rendered":"Kleine Biggie Smalls CBD Bl\u00fcte"},"content":{"rendered":"<p class=\"\" data-start=\"38\" data-end=\"350\">The Tree CBD pr\u00e4sentiert dir die legalen Biggie Smalls CBD Bl\u00fcten, eine potente und schmackhafte Sorte, die klassische Genetik mit einem modernen und ausgewogenen Profil kombiniert. Genau wie der legend\u00e4re Rapper, nach dem sie benannt wurde, ist diese Sorte pure Pr\u00e4senz: intensiv, authentisch und unvergesslich.<\/p>\n<p class=\"\" data-start=\"352\" data-end=\"661\">Herkunft von einer Kreuzung zwischen Fragolina und europ\u00e4ischen Sorten wie Kompolty und Carmagnola, bietet Biggie Smalls CBD eine robuste Blume mit dichten Bl\u00fcten in Olivgr\u00fcn und erdigen Nuancen. Ihr biologischer Anbau und die langsame Trocknung garantieren eine knusprige Textur und ein gut erhaltenes Aroma.<\/p>\n<p class=\"\" data-start=\"663\" data-end=\"951\">Biggie Smalls CBD hat ein einh\u00fcllendes, erdiges Aroma mit s\u00fc\u00dfen, holzigen Noten und einem w\u00fcrzigen Hauch, der an traditionellen Haschisch erinnert. Diese Mischung aus Terpenen macht sie perfekt f\u00fcr diejenigen, die ein reichhaltiges sensorisches Erlebnis suchen, ohne psychoaktive Effekte.<\/p>\n<p class=\"\" data-start=\"953\" data-end=\"1284\">Mit einem \u00fcberwiegenden Indica-Anteil eignet sie sich ideal f\u00fcr Momente der Entspannung oder zur Stresslinderung, ohne die geistige Klarheit zu beeintr\u00e4chtigen. Genau wie ein guter Reim flie\u00dft ihr Effekt sanft, aber mit Wirkung und wird zu einem Favoriten unter denen, die sich entspannen m\u00f6chten, ohne ihren Rhythmus zu verlieren.<\/p>\n<p class=\"\" data-start=\"1286\" data-end=\"1500\">Die Bl\u00fcten dieser Sorte werden im Innenbereich angebaut, zu 100 % nat\u00fcrlich, ohne zugesetzte Chemikalien oder Pestizide, entsprechen den EU-Vorschriften und garantieren ihre Legalit\u00e4t im gesamten europ\u00e4ischen Raum.<\/p>\n<p class=\"\" data-start=\"1502\" data-end=\"1541\"><strong data-start=\"1502\" data-end=\"1541\">Eigenschaften von Biggie Smalls CBD<\/strong><\/p>\n<ul data-start=\"1542\" data-end=\"1743\">\n<li class=\"\" data-start=\"1542\" data-end=\"1554\">\n<p class=\"\" data-start=\"1544\" data-end=\"1554\">Hanfbl\u00fcten<\/p>\n<\/li>\n<li class=\"\" data-start=\"1555\" data-end=\"1579\">\n<p class=\"\" data-start=\"1557\" data-end=\"1579\">Weniger als 0,20 % THC<\/p>\n<\/li>\n<li class=\"\" data-start=\"1580\" data-end=\"1603\">\n<p class=\"\" data-start=\"1582\" data-end=\"1603\">Von 14 % bis 16 % CBD<\/p>\n<\/li>\n<li class=\"\" data-start=\"1604\" data-end=\"1628\">\n<p class=\"\" data-start=\"1606\" data-end=\"1628\">Genetik: New Fragolina<\/p>\n<\/li>\n<li class=\"\" data-start=\"1629\" data-end=\"1654\">\n<p class=\"\" data-start=\"1631\" data-end=\"1654\">Indica 60% \/ Sativa 40%<\/p>\n<\/li>\n<li class=\"\" data-start=\"1655\" data-end=\"1684\">\n<p class=\"\" data-start=\"1657\" data-end=\"1684\">Keine psychoaktiven Effekte<\/p>\n<\/li>\n<li class=\"\" data-start=\"1685\" data-end=\"1706\">\n<p class=\"\" data-start=\"1687\" data-end=\"1706\">Biologisch angebaut<\/p>\n<\/li>\n<li class=\"\" data-start=\"1707\" data-end=\"1721\">\n<p class=\"\" data-start=\"1709\" data-end=\"1721\">Frei von GVO<\/p>\n<\/li>\n<li class=\"\" data-start=\"1722\" data-end=\"1743\">\n<p class=\"\" data-start=\"1724\" data-end=\"1743\">Frei von Pestiziden<\/p>\n<\/li>\n<\/ul>\n<p class=\"\" data-start=\"1745\" data-end=\"2136\"><strong data-start=\"1745\" data-end=\"1776\">Aroma von Biggie Smalls CBD<\/strong><br \/>\nDas Aromaprofil von Biggie Smalls CBD zeichnet sich durch seine Reichtum und Tiefe aus. Wir finden eine erdige und moschusartige Basis, typisch f\u00fcr Kush-Genetiken, kombiniert mit s\u00fc\u00dfen Nuancen und einem leicht w\u00fcrzigen Abgang. Dieses komplexe Bouquet macht jede Bl\u00fcte zu einem intensiven, aromatischen Erlebnis, ideal f\u00fcr Liebhaber von Cannabis mit Charakter.<\/p>\n<p class=\"\" data-start=\"2138\" data-end=\"2345\"><strong data-start=\"2138\" data-end=\"2152\">Zielgruppe<\/strong><br \/>\nDie Innenraumbl\u00fcten sind f\u00fcr diejenigen gedacht, die eine Qualit\u00e4tsgarantie suchen, da diese Methode es erm\u00f6glicht, homogene Bl\u00fcten mit intensivem Gr\u00fcn und hoher CBD-Konzentration zu schaffen.<\/p>\n<p class=\"\" data-start=\"2347\" data-end=\"2699\">Der Innenanbau erm\u00f6glicht es, das Medium, in dem die Pflanze w\u00e4chst, zu kontrollieren, was konstante und standardisierte Ergebnisse garantiert, ideal f\u00fcr medizinische Zwecke. Dank der klimatischen und n\u00e4hrstofftechnischen Kontrolle erh\u00e4lt man ein homogenes Produkt von hoher Qualit\u00e4t und attraktivem Aussehen (resinreicher und lebendiger in der Farbe).<\/p>\n<p class=\"\" data-start=\"2701\" data-end=\"2729\"><strong data-start=\"2701\" data-end=\"2729\">Sicherheitsinformationen<\/strong><\/p>\n<ul data-start=\"2730\" data-end=\"3119\">\n<li class=\"\" data-start=\"2730\" data-end=\"2782\">\n<p class=\"\" data-start=\"2732\" data-end=\"2782\">Dekoratives, sammelbares und aromatisches Produkt.<\/p>\n<\/li>\n<li class=\"\" data-start=\"2783\" data-end=\"2844\">\n<p class=\"\" data-start=\"2785\" data-end=\"2844\">Nicht w\u00e4hrend der Schwangerschaft oder Stillzeit verwenden.<\/p>\n<\/li>\n<li class=\"\" data-start=\"2845\" data-end=\"2896\">\n<p class=\"\" data-start=\"2847\" data-end=\"2896\">Au\u00dferhalb der Reichweite von Kindern aufbewahren.<\/p>\n<\/li>\n<li class=\"\" data-start=\"2897\" data-end=\"2974\">\n<p class=\"\" data-start=\"2899\" data-end=\"2974\">Kann bis zu 0,2 % THC enthalten (innerhalb des gesetzlichen EU-Grenzwerts).<\/p>\n<\/li>\n<li class=\"\" data-start=\"2975\" data-end=\"3056\">\n<p class=\"\" data-start=\"2977\" data-end=\"3056\">Der Inhalt ist informativ und ersetzt keinen professionellen medizinischen Rat.<\/p>\n<\/li>\n<li class=\"\" data-start=\"3057\" data-end=\"3119\">\n<p class=\"\" data-start=\"3059\" data-end=\"3119\">Nicht zur Diagnose oder Behandlung von Krankheiten bestimmt.<\/p>\n<\/li>\n<\/ul>\n<p class=\"\" data-start=\"3121\" data-end=\"3390\"><strong data-start=\"3121\" data-end=\"3133\">Lagerung<\/strong><br \/>\nEs wird empfohlen, die CBD-Bl\u00fcten von The Tree an einem k\u00fchlen, trockenen Ort aufzubewahren, gesch\u00fctzt vor direkter Sonneneinstrahlung und starken Ger\u00fcchen, um eine Kontamination oder Zersetzung zu vermeiden. Direkte Sonneneinstrahlung und W\u00e4rme vermeiden.<\/p>\n<p class=\"\" data-start=\"3392\" data-end=\"3484\"><strong data-start=\"3392\" data-end=\"3404\">Achtung:<\/strong> Die angegebene Haltbarkeit betr\u00e4gt einen Monat, wenn sie korrekt gelagert wird.<\/p>\n","protected":false},"excerpt":{"rendered":"<ul>\n<li>Hanfbl\u00fcten<\/li>\n<li>Weniger als 0,20 % THC<\/li>\n<li>Von 14 % bis 16 % CBD<\/li>\n<li>Genetik: New Fragolina<\/li>\n<li>Indica 60% \/ Sativa 40%<\/li>\n<li>Keine psychoaktiven Effekte<\/li>\n<li>Biologisch angebaut<\/li>\n<li>Frei von GVO<\/li>\n<li>Frei von Pestiziden<\/li>\n<\/ul>\n","protected":false},"featured_media":183620,"template":"","meta":{"_acf_changed":false},"product_brand":[],"class_list":{"0":"post-165223","1":"product","2":"type-product","3":"status-publish","4":"has-post-thumbnail","6":"product_cat-bluten","7":"product_cat-kleine-cbd-bluten-popcorn-buds","8":"product_cat-produkte-mit-10-cbd","9":"product_cat-produkte-mit-20-cbd","11":"first","12":"instock","13":"taxable","14":"shipping-taxable","15":"purchasable","16":"product-type-variable"},"acf":[],"yoast_head":"<!-- This site is optimized with the Yoast SEO plugin v26.3 - https:\/\/yoast.com\/wordpress\/plugins\/seo\/ -->\n<title>Kleine Biggie Smalls CBD Bl\u00fcte - The Tree CBD<\/title>\n<meta name=\"description\" content=\"Biggie Smalls: potent und geschmackvoll. Genau wie der legend\u00e4re Rapper, nach dem sie benannt ist, hat diese Sorte pure Pr\u00e4senz: intensiv, authentisch und unvergesslich.\" \/>\n<meta name=\"robots\" content=\"index, follow, max-snippet:-1, max-image-preview:large, max-video-preview:-1\" \/>\n<link rel=\"canonical\" href=\"https:\/\/thetreecbd.com\/de\/cbd\/kleine-biggie-smalls-cbd-blute\" \/>\n<meta property=\"og:locale\" content=\"de_DE\" \/>\n<meta property=\"og:type\" content=\"article\" \/>\n<meta property=\"og:title\" content=\"Kleine Biggie Smalls CBD Bl\u00fcte - The Tree CBD\" \/>\n<meta property=\"og:description\" content=\"Biggie Smalls: potent und geschmackvoll. Genau wie der legend\u00e4re Rapper, nach dem sie benannt ist, hat diese Sorte pure Pr\u00e4senz: intensiv, authentisch und unvergesslich.\" \/>\n<meta property=\"og:url\" content=\"https:\/\/thetreecbd.com\/de\/cbd\/kleine-biggie-smalls-cbd-blute\" \/>\n<meta property=\"og:site_name\" content=\"The Tree CBD\" \/>\n<meta property=\"article:publisher\" content=\"https:\/\/www.facebook.com\/thetreeCBD\/\" \/>\n<meta property=\"article:modified_time\" content=\"2025-09-04T14:18:49+00:00\" \/>\n<meta property=\"og:image\" content=\"https:\/\/thetreecbd.com\/wp-content\/uploads\/2025\/05\/1biggie-smalls-cbd-thetree-web.jpg\" \/>\n\t<meta property=\"og:image:width\" content=\"1080\" \/>\n\t<meta property=\"og:image:height\" content=\"1350\" \/>\n\t<meta property=\"og:image:type\" content=\"image\/jpeg\" \/>\n<meta name=\"twitter:card\" content=\"summary_large_image\" \/>\n<meta name=\"twitter:site\" content=\"@TheTreeCBD_EU\" \/>\n<meta name=\"twitter:label1\" content=\"Gesch\u00e4tzte Lesezeit\" \/>\n\t<meta name=\"twitter:data1\" content=\"2\u00a0Minuten\" \/>\n<script type=\"application\/ld+json\" class=\"yoast-schema-graph\">{\"@context\":\"https:\/\/schema.org\",\"@graph\":[{\"@type\":[\"WebPage\",\"ItemPage\"],\"@id\":\"https:\/\/thetreecbd.com\/de\/cbd\/kleine-biggie-smalls-cbd-blute\",\"url\":\"https:\/\/thetreecbd.com\/de\/cbd\/kleine-biggie-smalls-cbd-blute\",\"name\":\"Kleine Biggie Smalls CBD Bl\u00fcte - The Tree CBD\",\"isPartOf\":{\"@id\":\"https:\/\/thetreecbd.com\/de#website\"},\"primaryImageOfPage\":{\"@id\":\"https:\/\/thetreecbd.com\/de\/cbd\/kleine-biggie-smalls-cbd-blute#primaryimage\"},\"image\":{\"@id\":\"https:\/\/thetreecbd.com\/de\/cbd\/kleine-biggie-smalls-cbd-blute#primaryimage\"},\"thumbnailUrl\":\"https:\/\/thetreecbd.com\/wp-content\/uploads\/2025\/05\/1biggie-smalls-cbd-thetree-web.jpg\",\"datePublished\":\"2025-05-07T17:14:30+00:00\",\"dateModified\":\"2025-09-04T14:18:49+00:00\",\"description\":\"Biggie Smalls: potent und geschmackvoll. Genau wie der legend\u00e4re Rapper, nach dem sie benannt ist, hat diese Sorte pure Pr\u00e4senz: intensiv, authentisch und unvergesslich.\",\"breadcrumb\":{\"@id\":\"https:\/\/thetreecbd.com\/de\/cbd\/kleine-biggie-smalls-cbd-blute#breadcrumb\"},\"inLanguage\":\"de\",\"potentialAction\":[{\"@type\":\"ReadAction\",\"target\":[\"https:\/\/thetreecbd.com\/de\/cbd\/kleine-biggie-smalls-cbd-blute\"]}]},{\"@type\":\"ImageObject\",\"inLanguage\":\"de\",\"@id\":\"https:\/\/thetreecbd.com\/de\/cbd\/kleine-biggie-smalls-cbd-blute#primaryimage\",\"url\":\"https:\/\/thetreecbd.com\/wp-content\/uploads\/2025\/05\/1biggie-smalls-cbd-thetree-web.jpg\",\"contentUrl\":\"https:\/\/thetreecbd.com\/wp-content\/uploads\/2025\/05\/1biggie-smalls-cbd-thetree-web.jpg\",\"width\":1080,\"height\":1350},{\"@type\":\"BreadcrumbList\",\"@id\":\"https:\/\/thetreecbd.com\/de\/cbd\/kleine-biggie-smalls-cbd-blute#breadcrumb\",\"itemListElement\":[{\"@type\":\"ListItem\",\"position\":1,\"name\":\"The Tree\",\"item\":\"https:\/\/thetreecbd.com\/de\"},{\"@type\":\"ListItem\",\"position\":2,\"name\":\"CBD\",\"item\":\"https:\/\/thetreecbd.com\/es\/cbd\"},{\"@type\":\"ListItem\",\"position\":3,\"name\":\"CBD-Bl\u00fcten kaufen\",\"item\":\"https:\/\/thetreecbd.com\/de\/bluten\"},{\"@type\":\"ListItem\",\"position\":4,\"name\":\"Kleine CBD-Bl\u00fcten &amp; Popcorn-Buds\",\"item\":\"https:\/\/thetreecbd.com\/de\/bluten\/kleine-cbd-bluten-popcorn-buds\"},{\"@type\":\"ListItem\",\"position\":5,\"name\":\"Kleine Biggie Smalls CBD Bl\u00fcte\"}]},{\"@type\":\"WebSite\",\"@id\":\"https:\/\/thetreecbd.com\/de#website\",\"url\":\"https:\/\/thetreecbd.com\/de\",\"name\":\"The Tree CBD\",\"description\":\"Comprar CBD en Espa\u00f1a Online\",\"publisher\":{\"@id\":\"https:\/\/thetreecbd.com\/de#organization\"},\"potentialAction\":[{\"@type\":\"SearchAction\",\"target\":{\"@type\":\"EntryPoint\",\"urlTemplate\":\"https:\/\/thetreecbd.com\/de?s={search_term_string}\"},\"query-input\":{\"@type\":\"PropertyValueSpecification\",\"valueRequired\":true,\"valueName\":\"search_term_string\"}}],\"inLanguage\":\"de\"},{\"@type\":\"Organization\",\"@id\":\"https:\/\/thetreecbd.com\/de#organization\",\"name\":\"The Tree CBD\",\"url\":\"https:\/\/thetreecbd.com\/de\",\"logo\":{\"@type\":\"ImageObject\",\"inLanguage\":\"de\",\"@id\":\"https:\/\/thetreecbd.com\/de#\/schema\/logo\/image\/\",\"url\":\"https:\/\/thetreecbd.com\/wp-content\/uploads\/2022\/04\/logo-thetree.png\",\"contentUrl\":\"https:\/\/thetreecbd.com\/wp-content\/uploads\/2022\/04\/logo-thetree.png\",\"width\":172,\"height\":55,\"caption\":\"The Tree CBD\"},\"image\":{\"@id\":\"https:\/\/thetreecbd.com\/de#\/schema\/logo\/image\/\"},\"sameAs\":[\"https:\/\/www.facebook.com\/thetreeCBD\/\",\"https:\/\/x.com\/TheTreeCBD_EU\",\"https:\/\/www.instagram.com\/thetree.cbd\/\",\"https:\/\/es.trustpilot.com\/review\/thetreecbd.com\"]}]}<\/script>\n<!-- \/ Yoast SEO plugin. -->","yoast_head_json":{"title":"Kleine Biggie Smalls CBD Bl\u00fcte - The Tree CBD","description":"Biggie Smalls: potent und geschmackvoll. Genau wie der legend\u00e4re Rapper, nach dem sie benannt ist, hat diese Sorte pure Pr\u00e4senz: intensiv, authentisch und unvergesslich.","robots":{"index":"index","follow":"follow","max-snippet":"max-snippet:-1","max-image-preview":"max-image-preview:large","max-video-preview":"max-video-preview:-1"},"canonical":"https:\/\/thetreecbd.com\/de\/cbd\/kleine-biggie-smalls-cbd-blute","og_locale":"de_DE","og_type":"article","og_title":"Kleine Biggie Smalls CBD Bl\u00fcte - The Tree CBD","og_description":"Biggie Smalls: potent und geschmackvoll. Genau wie der legend\u00e4re Rapper, nach dem sie benannt ist, hat diese Sorte pure Pr\u00e4senz: intensiv, authentisch und unvergesslich.","og_url":"https:\/\/thetreecbd.com\/de\/cbd\/kleine-biggie-smalls-cbd-blute","og_site_name":"The Tree CBD","article_publisher":"https:\/\/www.facebook.com\/thetreeCBD\/","article_modified_time":"2025-09-04T14:18:49+00:00","og_image":[{"width":1080,"height":1350,"url":"https:\/\/thetreecbd.com\/wp-content\/uploads\/2025\/05\/1biggie-smalls-cbd-thetree-web.jpg","type":"image\/jpeg"}],"twitter_card":"summary_large_image","twitter_site":"@TheTreeCBD_EU","twitter_misc":{"Gesch\u00e4tzte Lesezeit":"2\u00a0Minuten"},"schema":{"@context":"https:\/\/schema.org","@graph":[{"@type":["WebPage","ItemPage"],"@id":"https:\/\/thetreecbd.com\/de\/cbd\/kleine-biggie-smalls-cbd-blute","url":"https:\/\/thetreecbd.com\/de\/cbd\/kleine-biggie-smalls-cbd-blute","name":"Kleine Biggie Smalls CBD Bl\u00fcte - The Tree CBD","isPartOf":{"@id":"https:\/\/thetreecbd.com\/de#website"},"primaryImageOfPage":{"@id":"https:\/\/thetreecbd.com\/de\/cbd\/kleine-biggie-smalls-cbd-blute#primaryimage"},"image":{"@id":"https:\/\/thetreecbd.com\/de\/cbd\/kleine-biggie-smalls-cbd-blute#primaryimage"},"thumbnailUrl":"https:\/\/thetreecbd.com\/wp-content\/uploads\/2025\/05\/1biggie-smalls-cbd-thetree-web.jpg","datePublished":"2025-05-07T17:14:30+00:00","dateModified":"2025-09-04T14:18:49+00:00","description":"Biggie Smalls: potent und geschmackvoll. Genau wie der legend\u00e4re Rapper, nach dem sie benannt ist, hat diese Sorte pure Pr\u00e4senz: intensiv, authentisch und unvergesslich.","breadcrumb":{"@id":"https:\/\/thetreecbd.com\/de\/cbd\/kleine-biggie-smalls-cbd-blute#breadcrumb"},"inLanguage":"de","potentialAction":[{"@type":"ReadAction","target":["https:\/\/thetreecbd.com\/de\/cbd\/kleine-biggie-smalls-cbd-blute"]}]},{"@type":"ImageObject","inLanguage":"de","@id":"https:\/\/thetreecbd.com\/de\/cbd\/kleine-biggie-smalls-cbd-blute#primaryimage","url":"https:\/\/thetreecbd.com\/wp-content\/uploads\/2025\/05\/1biggie-smalls-cbd-thetree-web.jpg","contentUrl":"https:\/\/thetreecbd.com\/wp-content\/uploads\/2025\/05\/1biggie-smalls-cbd-thetree-web.jpg","width":1080,"height":1350},{"@type":"BreadcrumbList","@id":"https:\/\/thetreecbd.com\/de\/cbd\/kleine-biggie-smalls-cbd-blute#breadcrumb","itemListElement":[{"@type":"ListItem","position":1,"name":"The Tree","item":"https:\/\/thetreecbd.com\/de"},{"@type":"ListItem","position":2,"name":"CBD","item":"https:\/\/thetreecbd.com\/es\/cbd"},{"@type":"ListItem","position":3,"name":"CBD-Bl\u00fcten kaufen","item":"https:\/\/thetreecbd.com\/de\/bluten"},{"@type":"ListItem","position":4,"name":"Kleine CBD-Bl\u00fcten &amp; Popcorn-Buds","item":"https:\/\/thetreecbd.com\/de\/bluten\/kleine-cbd-bluten-popcorn-buds"},{"@type":"ListItem","position":5,"name":"Kleine Biggie Smalls CBD Bl\u00fcte"}]},{"@type":"WebSite","@id":"https:\/\/thetreecbd.com\/de#website","url":"https:\/\/thetreecbd.com\/de","name":"The Tree CBD","description":"Comprar CBD en Espa\u00f1a Online","publisher":{"@id":"https:\/\/thetreecbd.com\/de#organization"},"potentialAction":[{"@type":"SearchAction","target":{"@type":"EntryPoint","urlTemplate":"https:\/\/thetreecbd.com\/de?s={search_term_string}"},"query-input":{"@type":"PropertyValueSpecification","valueRequired":true,"valueName":"search_term_string"}}],"inLanguage":"de"},{"@type":"Organization","@id":"https:\/\/thetreecbd.com\/de#organization","name":"The Tree CBD","url":"https:\/\/thetreecbd.com\/de","logo":{"@type":"ImageObject","inLanguage":"de","@id":"https:\/\/thetreecbd.com\/de#\/schema\/logo\/image\/","url":"https:\/\/thetreecbd.com\/wp-content\/uploads\/2022\/04\/logo-thetree.png","contentUrl":"https:\/\/thetreecbd.com\/wp-content\/uploads\/2022\/04\/logo-thetree.png","width":172,"height":55,"caption":"The Tree CBD"},"image":{"@id":"https:\/\/thetreecbd.com\/de#\/schema\/logo\/image\/"},"sameAs":["https:\/\/www.facebook.com\/thetreeCBD\/","https:\/\/x.com\/TheTreeCBD_EU","https:\/\/www.instagram.com\/thetree.cbd\/","https:\/\/es.trustpilot.com\/review\/thetreecbd.com"]}]}},"_links":{"self":[{"href":"https:\/\/thetreecbd.com\/de\/wp-json\/wp\/v2\/product\/165223","targetHints":{"allow":["GET"]}}],"collection":[{"href":"https:\/\/thetreecbd.com\/de\/wp-json\/wp\/v2\/product"}],"about":[{"href":"https:\/\/thetreecbd.com\/de\/wp-json\/wp\/v2\/types\/product"}],"version-history":[{"count":0,"href":"https:\/\/thetreecbd.com\/de\/wp-json\/wp\/v2\/product\/165223\/revisions"}],"wp:featuredmedia":[{"embeddable":true,"href":"https:\/\/thetreecbd.com\/de\/wp-json\/wp\/v2\/media\/183620"}],"wp:attachment":[{"href":"https:\/\/thetreecbd.com\/de\/wp-json\/wp\/v2\/media?parent=165223"}],"wp:term":[{"taxonomy":"product_brand","embeddable":true,"href":"https:\/\/thetreecbd.com\/de\/wp-json\/wp\/v2\/product_brand?post=165223"}],"curies":[{"name":"wp","href":"https:\/\/api.w.org\/{rel}","templated":true}]}}