{"id":165232,"date":"2025-01-29T22:29:19","date_gmt":"2025-01-29T21:29:19","guid":{"rendered":"https:\/\/thetreecbd.com\/cbd\/kleiner-bud-uk-cheese"},"modified":"2025-07-01T16:26:15","modified_gmt":"2025-07-01T14:26:15","slug":"kleiner-bud-uk-cheese","status":"publish","type":"product","link":"https:\/\/thetreecbd.com\/de\/cbd\/kleiner-bud-uk-cheese","title":{"rendered":"Kleiner Bud UK Cheese"},"content":{"rendered":"<p class=\"\" data-start=\"38\" data-end=\"267\">Das Produkt kleine <strong>CBD-Bl\u00fcten und -Bl\u00fcten<\/strong> ist eine der Neuheiten im Katalog von The Tree CBD zu einem attraktiven Preis f\u00fcr alle Budgets. Dieses Produkt vereint alle positiven Eigenschaften unserer Indoor- und Greenhouse-Genetik.<\/p>\n<p class=\"\" data-start=\"269\" data-end=\"502\">In diesem Fall werden die kleinsten <strong>CBD-Bl\u00fcten und -Bl\u00fcten<\/strong> von allen legalen CBD-Cannabis-Pflanzen geerntet, um ein Produkt mit gleicher Qualit\u00e4t wie alle anderen Varianten von The Tree CBD zu einem erschwinglicheren Preis zu bieten.<\/p>\n<ul>\n<li data-start=\"504\" data-end=\"803\"><strong>UK Cheese<\/strong>: Bietet zitronige, fruchtige und aromatische Aromen und hat eine entspannende Wirkung aufgrund seines hohen CBD-Gehalts, der zwischen 21% und 23% liegt.<\/li>\n<\/ul>\n<p class=\"\" data-start=\"504\" data-end=\"803\">Wie alle unsere anderen Produkte enth\u00e4lt es weniger als 0,19% THC und ist daher in ganz Europa legal und hat keine psychoaktive Wirkung.<\/p>\n<p class=\"\" data-start=\"805\" data-end=\"1279\"><strong>Eigenschaften der kleinen CBD-Bl\u00fcten UK Cheese<\/strong><\/p>\n<ul>\n<li><strong>Variante<\/strong>: UK Cheese CBD<\/li>\n<li>Hanfbl\u00fcten und -bl\u00fcten<\/li>\n<li><strong>Format<\/strong>: 10-Gramm-Beutel<\/li>\n<li>Weniger als 0,19% <strong>THC<\/strong><\/li>\n<li>Von 10% bis 23% <strong>CBD<\/strong>, je nach Sorte<\/li>\n<li><strong>Keine psychoaktiven Effekte<\/strong><\/li>\n<li>Organisch angebaut<\/li>\n<li>Frei von GVO<\/li>\n<li>Frei von Pestiziden<\/li>\n<\/ul>\n<p><strong>Aroma der kleinen CBD-Bl\u00fcten<\/strong><br \/>\nTerpene finden wir in den meisten \u00e4therischen \u00d6len vieler Pflanzen, Blumen und Fr\u00fcchte. Sie sind f\u00fcr den Geruch und Geschmack verantwortlich. Im Cannabis finden wir ein breites Terpenprofil.<\/p>\n<p class=\"\" data-start=\"1281\" data-end=\"1419\">Die verf\u00fcgbaren Terpene h\u00e4ngen von der Sorte jedes Beutels ab. Schauen Sie sich jede Sorte an und Sie k\u00f6nnen das Terpen jeder Sorte sehen.<\/p>\n<p class=\"\" data-start=\"1421\" data-end=\"1540\"><strong>Zielgruppe<\/strong><br \/>\nDie kleinen Bl\u00fcten sind ideal f\u00fcr K\u00e4ufer, die immer die gewohnte Qualit\u00e4t zu einem g\u00fcnstigeren Preis suchen.<\/p>\n<p class=\"\" data-start=\"1542\" data-end=\"1756\">Da es sich um ein Nebenprodukt oder Abfall handelt, erm\u00f6glichen es die kleinen Bl\u00fcten, Zugang zu Top-Sorten zu einem stark reduzierten Preis zu erhalten, jedoch immer mit derselben Qualit\u00e4t wie das Originalprodukt.<\/p>\n<p class=\"\" data-start=\"1758\" data-end=\"2018\"><strong>Sicherheitsinformationen<\/strong><br \/>\nBeachten Sie, dass die CBD-Bl\u00fcten von The Tree ein dekoratives, sammelbares und aromatisches Produkt sind. Sie sollten nicht w\u00e4hrend der Schwangerschaft oder Stillzeit verwendet werden. Au\u00dferhalb der Reichweite von Kindern aufbewahren.<\/p>\n<p class=\"\" data-start=\"2020\" data-end=\"2147\">Unsere CBD-Bl\u00fcten k\u00f6nnen eine gewisse Menge THC enthalten. Selbstverst\u00e4ndlich liegt dieser unter dem EU-Grenzwert von 0,2% THC.<\/p>\n<p class=\"\" data-start=\"2149\" data-end=\"2381\">Der bereitgestellte Inhalt dient nur zu Informations- und Schulungszwecken und ersetzt keinesfalls den \u00e4rztlichen oder pharmazeutischen Rat. Unsere Texte sind nicht zur eigenst\u00e4ndigen Diagnose und Behandlung von Krankheiten gedacht.<\/p>\n<p class=\"\" data-start=\"2383\" data-end=\"2452\">Z\u00f6gern Sie nicht, uns zu kontaktieren, wenn Sie weitere Fragen haben.<\/p>\n<p class=\"\" data-start=\"2454\" data-end=\"2723\"><strong>Lagerung<\/strong><br \/>\nIdealerweise sollten die CBD-Bl\u00fcten von The Tree an einem k\u00fchlen, trockenen Ort aufbewahrt werden, gesch\u00fctzt vor Licht und starken Ger\u00fcchen, um jegliche Art der Kontamination und\/oder Zersetzung zu vermeiden. Vermeiden Sie direkte Sonneneinstrahlung und W\u00e4rme.<\/p>\n<p class=\"\" data-start=\"2725\" data-end=\"2804\">Hinweis: Die angegebene Haltbarkeit betr\u00e4gt einen Monat, wenn korrekt gelagert.<\/p>\n","protected":false},"excerpt":{"rendered":"<article class=\"text-token-text-primary w-full\" dir=\"auto\" data-testid=\"conversation-turn-78\" data-scroll-anchor=\"true\">\n<div class=\"text-base my-auto mx-auto py-5 [--thread-content-margin:--spacing(4)] @[37rem]:[--thread-content-margin:--spacing(6)] @[72rem]:[--thread-content-margin:--spacing(16)] px-(--thread-content-margin)\">\n<div class=\"[--thread-content-max-width:32rem] @[34rem]:[--thread-content-max-width:40rem] @[64rem]:[--thread-content-max-width:48rem] mx-auto flex max-w-(--thread-content-max-width) flex-1 text-base gap-4 md:gap-5 lg:gap-6 group\/turn-messages focus-visible:outline-hidden\" tabindex=\"-1\">\n<div class=\"group\/conversation-turn relative flex w-full min-w-0 flex-col agent-turn\">\n<div class=\"relative flex-col gap-1 md:gap-3\">\n<div class=\"flex max-w-full flex-col grow\">\n<div class=\"min-h-8 text-message relative flex w-full flex-col items-end gap-2 text-start break-words whitespace-normal [.text-message+&amp;]:mt-5\" dir=\"auto\" data-message-author-role=\"assistant\" data-message-id=\"a1602029-55b6-4873-a5c9-44adbdcb1ca5\" data-message-model-slug=\"gpt-4o-mini\">\n<div class=\"flex w-full flex-col gap-1 empty:hidden first:pt-[3px]\">\n<div class=\"markdown prose dark:prose-invert w-full break-words dark\">\n<ul>\n<li data-start=\"38\" data-end=\"252\">Format: 10g Beutel<\/li>\n<li data-start=\"38\" data-end=\"252\">Weniger als 0,20% THC<\/li>\n<li data-start=\"38\" data-end=\"252\">Von 10% bis 15% CBD<\/li>\n<li data-start=\"38\" data-end=\"252\">Genetik: Fragolima x BZ1 x Kompolti<\/li>\n<li data-start=\"38\" data-end=\"252\">Sativa 50% Indica 50%<\/li>\n<li data-start=\"38\" data-end=\"252\">Keine psychoaktiven Effekte<\/li>\n<li data-start=\"38\" data-end=\"252\">Organisch angebaut<\/li>\n<li data-start=\"38\" data-end=\"252\">Frei von GVO<\/li>\n<li data-start=\"38\" data-end=\"252\">Frei von Pestiziden<\/li>\n<\/ul>\n<\/div>\n<\/div>\n<\/div>\n<\/div>\n<div class=\"flex justify-start\">\n<div class=\"touch:-me-2 touch:-ms-3.5 -ms-2.5 -me-1 flex items-center p-1 select-none -mt-1 duration-[1.5s] focus-within:transition-none hover:transition-none pointer-events-none [mask-image:linear-gradient(to_right,black_33%,transparent_66%)] [mask-size:300%_100%] [mask-position:100%_0%] motion-safe:transition-[mask-position] group-hover\/turn-messages:pointer-events-auto group-hover\/turn-messages:[mask-position:0_0] group-focus-within\/turn-messages:pointer-events-auto group-focus-within\/turn-messages:[mask-position:0_0] has-data-[state=open]:pointer-events-auto has-data-[state=open]:[mask-position:0_0]\"><\/div>\n<\/div>\n<\/div>\n<div class=\"absolute\">\n<div class=\"flex items-center justify-center\"><\/div>\n<\/div>\n<\/div>\n<\/div>\n<\/div>\n<\/article>\n<div class=\"pointer-events-none h-px w-px\" aria-hidden=\"true\" data-edge=\"true\"><\/div>\n","protected":false},"featured_media":183323,"template":"","meta":{"_acf_changed":false},"product_brand":[],"class_list":{"0":"post-165232","1":"product","2":"type-product","3":"status-publish","4":"has-post-thumbnail","6":"product_cat-bluten","7":"product_cat-kleine-cbd-bluten-popcorn-buds","8":"product_cat-produkte-mit-10-cbd","10":"first","11":"instock","12":"taxable","13":"shipping-taxable","14":"purchasable","15":"product-type-variable"},"acf":[],"yoast_head":"<!-- This site is optimized with the Yoast SEO plugin v26.3 - https:\/\/yoast.com\/wordpress\/plugins\/seo\/ -->\n<title>Kleiner Bud UK Cheese | The Tree CBD<\/title>\n<meta name=\"description\" content=\"Die kleine Blume von UK Cheese CBD bietet uns zitrusartige, fruchtige und aromatische Aromen mit einer entspannenden Wirkung dank ihres hohen CBD-Gehalts von 23%. Legal in Spanien.\" \/>\n<meta name=\"robots\" content=\"index, follow, max-snippet:-1, max-image-preview:large, max-video-preview:-1\" \/>\n<link rel=\"canonical\" href=\"https:\/\/thetreecbd.com\/de\/cbd\/kleiner-bud-uk-cheese\" \/>\n<meta property=\"og:locale\" content=\"de_DE\" \/>\n<meta property=\"og:type\" content=\"article\" \/>\n<meta property=\"og:title\" content=\"Kleiner Bud UK Cheese | The Tree CBD\" \/>\n<meta property=\"og:description\" content=\"Die kleine Blume von UK Cheese CBD bietet uns zitrusartige, fruchtige und aromatische Aromen mit einer entspannenden Wirkung dank ihres hohen CBD-Gehalts von 23%. Legal in Spanien.\" \/>\n<meta property=\"og:url\" content=\"https:\/\/thetreecbd.com\/de\/cbd\/kleiner-bud-uk-cheese\" \/>\n<meta property=\"og:site_name\" content=\"The Tree CBD\" \/>\n<meta property=\"article:publisher\" content=\"https:\/\/www.facebook.com\/thetreeCBD\/\" \/>\n<meta property=\"article:modified_time\" content=\"2025-07-01T14:26:15+00:00\" \/>\n<meta property=\"og:image\" content=\"https:\/\/thetreecbd.com\/wp-content\/uploads\/2025\/01\/1UK-cheese-thetreecbd-web.jpg\" \/>\n\t<meta property=\"og:image:width\" content=\"1080\" \/>\n\t<meta property=\"og:image:height\" content=\"1350\" \/>\n\t<meta property=\"og:image:type\" content=\"image\/jpeg\" \/>\n<meta name=\"twitter:card\" content=\"summary_large_image\" \/>\n<meta name=\"twitter:site\" content=\"@TheTreeCBD_EU\" \/>\n<meta name=\"twitter:label1\" content=\"Gesch\u00e4tzte Lesezeit\" \/>\n\t<meta name=\"twitter:data1\" content=\"2\u00a0Minuten\" \/>\n<script type=\"application\/ld+json\" class=\"yoast-schema-graph\">{\"@context\":\"https:\/\/schema.org\",\"@graph\":[{\"@type\":[\"WebPage\",\"ItemPage\"],\"@id\":\"https:\/\/thetreecbd.com\/de\/cbd\/kleiner-bud-uk-cheese\",\"url\":\"https:\/\/thetreecbd.com\/de\/cbd\/kleiner-bud-uk-cheese\",\"name\":\"Kleiner Bud UK Cheese | The Tree CBD\",\"isPartOf\":{\"@id\":\"https:\/\/thetreecbd.com\/de#website\"},\"primaryImageOfPage\":{\"@id\":\"https:\/\/thetreecbd.com\/de\/cbd\/kleiner-bud-uk-cheese#primaryimage\"},\"image\":{\"@id\":\"https:\/\/thetreecbd.com\/de\/cbd\/kleiner-bud-uk-cheese#primaryimage\"},\"thumbnailUrl\":\"https:\/\/thetreecbd.com\/wp-content\/uploads\/2025\/01\/1UK-cheese-thetreecbd-web.jpg\",\"datePublished\":\"2025-01-29T21:29:19+00:00\",\"dateModified\":\"2025-07-01T14:26:15+00:00\",\"description\":\"Die kleine Blume von UK Cheese CBD bietet uns zitrusartige, fruchtige und aromatische Aromen mit einer entspannenden Wirkung dank ihres hohen CBD-Gehalts von 23%. Legal in Spanien.\",\"breadcrumb\":{\"@id\":\"https:\/\/thetreecbd.com\/de\/cbd\/kleiner-bud-uk-cheese#breadcrumb\"},\"inLanguage\":\"de\",\"potentialAction\":[{\"@type\":\"ReadAction\",\"target\":[\"https:\/\/thetreecbd.com\/de\/cbd\/kleiner-bud-uk-cheese\"]}]},{\"@type\":\"ImageObject\",\"inLanguage\":\"de\",\"@id\":\"https:\/\/thetreecbd.com\/de\/cbd\/kleiner-bud-uk-cheese#primaryimage\",\"url\":\"https:\/\/thetreecbd.com\/wp-content\/uploads\/2025\/01\/1UK-cheese-thetreecbd-web.jpg\",\"contentUrl\":\"https:\/\/thetreecbd.com\/wp-content\/uploads\/2025\/01\/1UK-cheese-thetreecbd-web.jpg\",\"width\":1080,\"height\":1350},{\"@type\":\"BreadcrumbList\",\"@id\":\"https:\/\/thetreecbd.com\/de\/cbd\/kleiner-bud-uk-cheese#breadcrumb\",\"itemListElement\":[{\"@type\":\"ListItem\",\"position\":1,\"name\":\"The Tree\",\"item\":\"https:\/\/thetreecbd.com\/de\"},{\"@type\":\"ListItem\",\"position\":2,\"name\":\"CBD\",\"item\":\"https:\/\/thetreecbd.com\/es\/cbd\"},{\"@type\":\"ListItem\",\"position\":3,\"name\":\"CBD-Bl\u00fcten kaufen\",\"item\":\"https:\/\/thetreecbd.com\/de\/bluten\"},{\"@type\":\"ListItem\",\"position\":4,\"name\":\"Kleine CBD-Bl\u00fcten &amp; Popcorn-Buds\",\"item\":\"https:\/\/thetreecbd.com\/de\/bluten\/kleine-cbd-bluten-popcorn-buds\"},{\"@type\":\"ListItem\",\"position\":5,\"name\":\"Kleiner Bud UK Cheese\"}]},{\"@type\":\"WebSite\",\"@id\":\"https:\/\/thetreecbd.com\/de#website\",\"url\":\"https:\/\/thetreecbd.com\/de\",\"name\":\"The Tree CBD\",\"description\":\"Comprar CBD en Espa\u00f1a Online\",\"publisher\":{\"@id\":\"https:\/\/thetreecbd.com\/de#organization\"},\"potentialAction\":[{\"@type\":\"SearchAction\",\"target\":{\"@type\":\"EntryPoint\",\"urlTemplate\":\"https:\/\/thetreecbd.com\/de?s={search_term_string}\"},\"query-input\":{\"@type\":\"PropertyValueSpecification\",\"valueRequired\":true,\"valueName\":\"search_term_string\"}}],\"inLanguage\":\"de\"},{\"@type\":\"Organization\",\"@id\":\"https:\/\/thetreecbd.com\/de#organization\",\"name\":\"The Tree CBD\",\"url\":\"https:\/\/thetreecbd.com\/de\",\"logo\":{\"@type\":\"ImageObject\",\"inLanguage\":\"de\",\"@id\":\"https:\/\/thetreecbd.com\/de#\/schema\/logo\/image\/\",\"url\":\"https:\/\/thetreecbd.com\/wp-content\/uploads\/2022\/04\/logo-thetree.png\",\"contentUrl\":\"https:\/\/thetreecbd.com\/wp-content\/uploads\/2022\/04\/logo-thetree.png\",\"width\":172,\"height\":55,\"caption\":\"The Tree CBD\"},\"image\":{\"@id\":\"https:\/\/thetreecbd.com\/de#\/schema\/logo\/image\/\"},\"sameAs\":[\"https:\/\/www.facebook.com\/thetreeCBD\/\",\"https:\/\/x.com\/TheTreeCBD_EU\",\"https:\/\/www.instagram.com\/thetree.cbd\/\",\"https:\/\/es.trustpilot.com\/review\/thetreecbd.com\"]}]}<\/script>\n<!-- \/ Yoast SEO plugin. -->","yoast_head_json":{"title":"Kleiner Bud UK Cheese | The Tree CBD","description":"Die kleine Blume von UK Cheese CBD bietet uns zitrusartige, fruchtige und aromatische Aromen mit einer entspannenden Wirkung dank ihres hohen CBD-Gehalts von 23%. Legal in Spanien.","robots":{"index":"index","follow":"follow","max-snippet":"max-snippet:-1","max-image-preview":"max-image-preview:large","max-video-preview":"max-video-preview:-1"},"canonical":"https:\/\/thetreecbd.com\/de\/cbd\/kleiner-bud-uk-cheese","og_locale":"de_DE","og_type":"article","og_title":"Kleiner Bud UK Cheese | The Tree CBD","og_description":"Die kleine Blume von UK Cheese CBD bietet uns zitrusartige, fruchtige und aromatische Aromen mit einer entspannenden Wirkung dank ihres hohen CBD-Gehalts von 23%. Legal in Spanien.","og_url":"https:\/\/thetreecbd.com\/de\/cbd\/kleiner-bud-uk-cheese","og_site_name":"The Tree CBD","article_publisher":"https:\/\/www.facebook.com\/thetreeCBD\/","article_modified_time":"2025-07-01T14:26:15+00:00","og_image":[{"width":1080,"height":1350,"url":"https:\/\/thetreecbd.com\/wp-content\/uploads\/2025\/01\/1UK-cheese-thetreecbd-web.jpg","type":"image\/jpeg"}],"twitter_card":"summary_large_image","twitter_site":"@TheTreeCBD_EU","twitter_misc":{"Gesch\u00e4tzte Lesezeit":"2\u00a0Minuten"},"schema":{"@context":"https:\/\/schema.org","@graph":[{"@type":["WebPage","ItemPage"],"@id":"https:\/\/thetreecbd.com\/de\/cbd\/kleiner-bud-uk-cheese","url":"https:\/\/thetreecbd.com\/de\/cbd\/kleiner-bud-uk-cheese","name":"Kleiner Bud UK Cheese | The Tree CBD","isPartOf":{"@id":"https:\/\/thetreecbd.com\/de#website"},"primaryImageOfPage":{"@id":"https:\/\/thetreecbd.com\/de\/cbd\/kleiner-bud-uk-cheese#primaryimage"},"image":{"@id":"https:\/\/thetreecbd.com\/de\/cbd\/kleiner-bud-uk-cheese#primaryimage"},"thumbnailUrl":"https:\/\/thetreecbd.com\/wp-content\/uploads\/2025\/01\/1UK-cheese-thetreecbd-web.jpg","datePublished":"2025-01-29T21:29:19+00:00","dateModified":"2025-07-01T14:26:15+00:00","description":"Die kleine Blume von UK Cheese CBD bietet uns zitrusartige, fruchtige und aromatische Aromen mit einer entspannenden Wirkung dank ihres hohen CBD-Gehalts von 23%. Legal in Spanien.","breadcrumb":{"@id":"https:\/\/thetreecbd.com\/de\/cbd\/kleiner-bud-uk-cheese#breadcrumb"},"inLanguage":"de","potentialAction":[{"@type":"ReadAction","target":["https:\/\/thetreecbd.com\/de\/cbd\/kleiner-bud-uk-cheese"]}]},{"@type":"ImageObject","inLanguage":"de","@id":"https:\/\/thetreecbd.com\/de\/cbd\/kleiner-bud-uk-cheese#primaryimage","url":"https:\/\/thetreecbd.com\/wp-content\/uploads\/2025\/01\/1UK-cheese-thetreecbd-web.jpg","contentUrl":"https:\/\/thetreecbd.com\/wp-content\/uploads\/2025\/01\/1UK-cheese-thetreecbd-web.jpg","width":1080,"height":1350},{"@type":"BreadcrumbList","@id":"https:\/\/thetreecbd.com\/de\/cbd\/kleiner-bud-uk-cheese#breadcrumb","itemListElement":[{"@type":"ListItem","position":1,"name":"The Tree","item":"https:\/\/thetreecbd.com\/de"},{"@type":"ListItem","position":2,"name":"CBD","item":"https:\/\/thetreecbd.com\/es\/cbd"},{"@type":"ListItem","position":3,"name":"CBD-Bl\u00fcten kaufen","item":"https:\/\/thetreecbd.com\/de\/bluten"},{"@type":"ListItem","position":4,"name":"Kleine CBD-Bl\u00fcten &amp; Popcorn-Buds","item":"https:\/\/thetreecbd.com\/de\/bluten\/kleine-cbd-bluten-popcorn-buds"},{"@type":"ListItem","position":5,"name":"Kleiner Bud UK Cheese"}]},{"@type":"WebSite","@id":"https:\/\/thetreecbd.com\/de#website","url":"https:\/\/thetreecbd.com\/de","name":"The Tree CBD","description":"Comprar CBD en Espa\u00f1a Online","publisher":{"@id":"https:\/\/thetreecbd.com\/de#organization"},"potentialAction":[{"@type":"SearchAction","target":{"@type":"EntryPoint","urlTemplate":"https:\/\/thetreecbd.com\/de?s={search_term_string}"},"query-input":{"@type":"PropertyValueSpecification","valueRequired":true,"valueName":"search_term_string"}}],"inLanguage":"de"},{"@type":"Organization","@id":"https:\/\/thetreecbd.com\/de#organization","name":"The Tree CBD","url":"https:\/\/thetreecbd.com\/de","logo":{"@type":"ImageObject","inLanguage":"de","@id":"https:\/\/thetreecbd.com\/de#\/schema\/logo\/image\/","url":"https:\/\/thetreecbd.com\/wp-content\/uploads\/2022\/04\/logo-thetree.png","contentUrl":"https:\/\/thetreecbd.com\/wp-content\/uploads\/2022\/04\/logo-thetree.png","width":172,"height":55,"caption":"The Tree CBD"},"image":{"@id":"https:\/\/thetreecbd.com\/de#\/schema\/logo\/image\/"},"sameAs":["https:\/\/www.facebook.com\/thetreeCBD\/","https:\/\/x.com\/TheTreeCBD_EU","https:\/\/www.instagram.com\/thetree.cbd\/","https:\/\/es.trustpilot.com\/review\/thetreecbd.com"]}]}},"_links":{"self":[{"href":"https:\/\/thetreecbd.com\/de\/wp-json\/wp\/v2\/product\/165232","targetHints":{"allow":["GET"]}}],"collection":[{"href":"https:\/\/thetreecbd.com\/de\/wp-json\/wp\/v2\/product"}],"about":[{"href":"https:\/\/thetreecbd.com\/de\/wp-json\/wp\/v2\/types\/product"}],"version-history":[{"count":0,"href":"https:\/\/thetreecbd.com\/de\/wp-json\/wp\/v2\/product\/165232\/revisions"}],"wp:featuredmedia":[{"embeddable":true,"href":"https:\/\/thetreecbd.com\/de\/wp-json\/wp\/v2\/media\/183323"}],"wp:attachment":[{"href":"https:\/\/thetreecbd.com\/de\/wp-json\/wp\/v2\/media?parent=165232"}],"wp:term":[{"taxonomy":"product_brand","embeddable":true,"href":"https:\/\/thetreecbd.com\/de\/wp-json\/wp\/v2\/product_brand?post=165232"}],"curies":[{"name":"wp","href":"https:\/\/api.w.org\/{rel}","templated":true}]}}