{"id":165241,"date":"2025-01-20T23:27:20","date_gmt":"2025-01-20T22:27:20","guid":{"rendered":"https:\/\/thetreecbd.com\/cbd\/kleine-strawberry-cbd-blute"},"modified":"2025-09-02T00:00:36","modified_gmt":"2025-09-01T22:00:36","slug":"kleine-strawberry-cbd-blute","status":"publish","type":"product","link":"https:\/\/thetreecbd.com\/de\/cbd\/kleine-strawberry-cbd-blute","title":{"rendered":"Kleine Strawberry CBD Bl\u00fcte"},"content":{"rendered":"<p class=\"\" data-start=\"0\" data-end=\"233\"><strong data-start=\"0\" data-end=\"44\">Das Produkt Strawberry CBD kleine Bl\u00fcten<\/strong> ist eine der Neuheiten im Katalog von The Tree CBD mit einem attraktiven Preis f\u00fcr jedes Budget. Dieses Produkt vereint alle positiven Eigenschaften unserer Indoor- und Greenhouse-Genetik.<\/p>\n<p class=\"\" data-start=\"235\" data-end=\"469\">In diesem Fall werden die kleinsten CBD-Bl\u00fcten und -Bl\u00fcten von allen legalen CBD-Cannabispflanzen geerntet, um Ihnen ein Produkt mit der gleichen Qualit\u00e4t wie alle anderen Sorten von The Tree CBD zu einem g\u00fcnstigeren Preis anzubieten.<\/p>\n<ul>\n<li data-start=\"471\" data-end=\"810\"><strong data-start=\"471\" data-end=\"485\">Strawberry<\/strong>: Diese Bl\u00fcte bietet ein sehr s\u00fc\u00dfes, frisches und fruchtiges Aroma. Dank ihres hohen CBD-Gehalts, der zwischen 10% und 12% liegt, k\u00f6nnen Sie ihre entspannende Wirkung genie\u00dfen.<\/li>\n<\/ul>\n<p class=\"\" data-start=\"471\" data-end=\"810\"><br data-start=\"661\" data-end=\"664\" \/>Wie alle unsere anderen Produkte enthalten sie weniger als 0,19% THC, sind daher in ganz Europa v\u00f6llig legal und haben keine psychoaktive Wirkung.<\/p>\n<p class=\"\" data-start=\"812\" data-end=\"1314\"><strong data-start=\"812\" data-end=\"870\">Merkmale der kleinen CBD-Bl\u00fcten und -Bl\u00fcten Strawberry<\/strong><\/p>\n<ul>\n<li><strong>Variet\u00e4t<\/strong>: Strawberry CBD kleine Bl\u00fcten<\/li>\n<li><strong>Format<\/strong>: Beutel mit 10 Gramm.<\/li>\n<li>Weniger als 0,19% <strong>THC<\/strong><\/li>\n<li>Von 10% bis 23% <strong>CBD<\/strong>, je nach Sorte<\/li>\n<li><strong>Keine psychoaktiven Effekte<\/strong><\/li>\n<li>Organisch angebaut<\/li>\n<li>Frei von GMO<\/li>\n<li>Frei von Pestiziden<\/li>\n<\/ul>\n<p class=\"\" data-start=\"812\" data-end=\"1314\"><br data-start=\"1091\" data-end=\"1094\" \/><strong data-start=\"1094\" data-end=\"1121\">Aroma kleine CBD-Bl\u00fcten<\/strong><br data-start=\"1121\" data-end=\"1124\" \/>Terpene finden sich in den meisten \u00e4therischen \u00d6len vieler Pflanzen, Blumen und Fr\u00fcchte und sind f\u00fcr den Geruch und Geschmack verantwortlich. Im Cannabis finden wir ein breites Terpenprofil.<\/p>\n<p class=\"\" data-start=\"1316\" data-end=\"1457\">Die verf\u00fcgbaren Terpene h\u00e4ngen von der Sorte jeder Tasche ab. Sehen Sie sich daf\u00fcr jede Sorte an und Sie k\u00f6nnen das Terpen jeder Sorte sehen.<\/p>\n<p class=\"\" data-start=\"1459\" data-end=\"1578\"><strong data-start=\"1459\" data-end=\"1473\">Zielgruppe<\/strong><br data-start=\"1473\" data-end=\"1476\" \/>Die kleinen Bl\u00fcten sind ideal f\u00fcr K\u00e4ufer, die die gewohnte Qualit\u00e4t zu einem niedrigeren Preis suchen.<\/p>\n<p class=\"\" data-start=\"1580\" data-end=\"1811\">Da sie ein Nebenprodukt oder Abfallprodukt sind, erm\u00f6glichen es die kleinen Bl\u00fcten, dass Sie Zugang zu Top-Sorten zu einem stark reduzierten Preis haben, w\u00e4hrend Sie immer noch die gleiche Qualit\u00e4t wie das Originalprodukt erhalten.<\/p>\n<p class=\"\" data-start=\"1813\" data-end=\"2079\"><strong data-start=\"1813\" data-end=\"1841\">Sicherheitsinformationen<\/strong><br data-start=\"1841\" data-end=\"1844\" \/>Beachten Sie, dass die CBD-Bl\u00fcten von The Tree ein dekoratives, sammelbares und aromatisches Produkt sind. Sie sollten nicht w\u00e4hrend der Schwangerschaft oder Stillzeit verwendet werden. Au\u00dferhalb der Reichweite von Kindern aufbewahren.<\/p>\n<p class=\"\" data-start=\"2081\" data-end=\"2206\">Unsere CBD-Bl\u00fcten k\u00f6nnen einen gewissen THC-Gehalt enthalten. Dies liegt selbstverst\u00e4ndlich unter der EU-Grenze von 0,2% THC.<\/p>\n<p class=\"\" data-start=\"2208\" data-end=\"2464\">Der bereitgestellte Inhalt dient ausschlie\u00dflich zu Informations- und Schulungszwecken und ersetzt keinesfalls den medizinischen Rat eines Arztes oder Apothekers. Unsere Texte sind nicht f\u00fcr die eigenst\u00e4ndige Diagnose und Behandlung von Krankheiten gedacht.<\/p>\n<p class=\"\" data-start=\"2466\" data-end=\"2524\">Z\u00f6gern Sie nicht, uns bei weiteren Fragen zu kontaktieren.<\/p>\n<p class=\"\" data-start=\"2526\" data-end=\"2788\"><strong data-start=\"2526\" data-end=\"2538\">Lagerung<\/strong><br data-start=\"2538\" data-end=\"2541\" \/>Idealerweise sollten die CBD-Bl\u00fcten von The Tree an einem k\u00fchlen, trockenen Ort gelagert werden, gesch\u00fctzt vor Licht und starken Ger\u00fcchen, um jegliche Kontamination und\/oder Degradation zu vermeiden. Direkte Sonneneinstrahlung und W\u00e4rme vermeiden.<\/p>\n<p class=\"\" data-start=\"2790\" data-end=\"2873\"><strong data-start=\"2790\" data-end=\"2801\">Achtung<\/strong>: Die angegebene Haltbarkeit betr\u00e4gt einen Monat, wenn richtig gelagert.<\/p>\n","protected":false},"excerpt":{"rendered":"<article class=\"text-token-text-primary w-full\" dir=\"auto\" data-testid=\"conversation-turn-96\" data-scroll-anchor=\"true\">\n<div class=\"text-base my-auto mx-auto py-5 [--thread-content-margin:--spacing(4)] @[37rem]:[--thread-content-margin:--spacing(6)] @[72rem]:[--thread-content-margin:--spacing(16)] px-(--thread-content-margin)\">\n<div class=\"[--thread-content-max-width:32rem] @[34rem]:[--thread-content-max-width:40rem] @[64rem]:[--thread-content-max-width:48rem] mx-auto flex max-w-(--thread-content-max-width) flex-1 text-base gap-4 md:gap-5 lg:gap-6 group\/turn-messages focus-visible:outline-hidden\" tabindex=\"-1\">\n<div class=\"group\/conversation-turn relative flex w-full min-w-0 flex-col agent-turn\">\n<div class=\"relative flex-col gap-1 md:gap-3\">\n<div class=\"flex max-w-full flex-col grow\">\n<div class=\"min-h-8 text-message relative flex w-full flex-col items-end gap-2 text-start break-words whitespace-normal [.text-message+&amp;]:mt-5\" dir=\"auto\" data-message-author-role=\"assistant\" data-message-id=\"fa1ed859-e5d4-4424-9db9-288c404a8ea4\" data-message-model-slug=\"gpt-4o-mini\">\n<div class=\"flex w-full flex-col gap-1 empty:hidden first:pt-[3px]\">\n<div class=\"markdown prose dark:prose-invert w-full break-words dark\">\n<ul>\n<li data-start=\"0\" data-end=\"246\"><strong data-start=\"0\" data-end=\"10\" data-is-only-node=\"\">Sorten<\/strong>: Strawberry CBD kleine Bl\u00fcten<\/li>\n<li data-start=\"0\" data-end=\"246\">Hanfbl\u00fcten und -bl\u00e4tter<\/li>\n<li data-start=\"0\" data-end=\"246\"><strong>Format<\/strong>: Beutel mit 10 Gramm.<\/li>\n<li data-start=\"0\" data-end=\"246\">Weniger als 0,19% <strong>THC<\/strong><\/li>\n<li data-start=\"0\" data-end=\"246\">Von 10% bis 23% <strong>CBD<\/strong>, je nach Sorte<\/li>\n<li data-start=\"0\" data-end=\"246\"><strong>Keine psychoaktiven Effekte<\/strong><\/li>\n<li data-start=\"0\" data-end=\"246\">Organisch angebaut<\/li>\n<li data-start=\"0\" data-end=\"246\">Frei von GMO<\/li>\n<li data-start=\"0\" data-end=\"246\">Frei von Pestiziden<\/li>\n<\/ul>\n<\/div>\n<\/div>\n<\/div>\n<\/div>\n<div class=\"flex justify-start\">\n<div class=\"touch:-me-2 touch:-ms-3.5 -ms-2.5 -me-1 flex items-center p-1 select-none -mt-1 duration-[1.5s] focus-within:transition-none hover:transition-none pointer-events-none [mask-image:linear-gradient(to_right,black_33%,transparent_66%)] [mask-size:300%_100%] [mask-position:100%_0%] motion-safe:transition-[mask-position] group-hover\/turn-messages:pointer-events-auto group-hover\/turn-messages:[mask-position:0_0] group-focus-within\/turn-messages:pointer-events-auto group-focus-within\/turn-messages:[mask-position:0_0] has-data-[state=open]:pointer-events-auto has-data-[state=open]:[mask-position:0_0]\"><\/div>\n<\/div>\n<\/div>\n<div class=\"absolute\">\n<div class=\"flex items-center justify-center\"><\/div>\n<\/div>\n<\/div>\n<\/div>\n<\/div>\n<\/article>\n<div class=\"pointer-events-none h-px w-px\" aria-hidden=\"true\" data-edge=\"true\"><\/div>\n","protected":false},"featured_media":165237,"template":"","meta":{"_acf_changed":false},"product_brand":[],"class_list":{"0":"post-165241","1":"product","2":"type-product","3":"status-publish","4":"has-post-thumbnail","6":"product_cat-bluten","7":"product_cat-kleine-cbd-bluten-popcorn-buds","8":"product_cat-produkte-mit-10-cbd","10":"first","11":"instock","12":"taxable","13":"shipping-taxable","14":"purchasable","15":"product-type-variable"},"acf":[],"yoast_head":"<!-- This site is optimized with the Yoast SEO plugin v26.3 - https:\/\/yoast.com\/wordpress\/plugins\/seo\/ -->\n<title>Kleine Strawberry CBD Bl\u00fcte | The Tree CBD<\/title>\n<meta name=\"description\" content=\"Strawberry CBD im Format kleine Bl\u00fcten, 100% nat\u00fcrlich im Innenbereich angebaut. Entspannend dank seines CBD-Gehalts von 10% bis 12%. Legal in Spanien.\" \/>\n<meta name=\"robots\" content=\"index, follow, max-snippet:-1, max-image-preview:large, max-video-preview:-1\" \/>\n<link rel=\"canonical\" href=\"https:\/\/thetreecbd.com\/de\/cbd\/kleine-strawberry-cbd-blute\" \/>\n<meta property=\"og:locale\" content=\"de_DE\" \/>\n<meta property=\"og:type\" content=\"article\" \/>\n<meta property=\"og:title\" content=\"Kleine Strawberry CBD Bl\u00fcte | The Tree CBD\" \/>\n<meta property=\"og:description\" content=\"Strawberry CBD im Format kleine Bl\u00fcten, 100% nat\u00fcrlich im Innenbereich angebaut. Entspannend dank seines CBD-Gehalts von 10% bis 12%. Legal in Spanien.\" \/>\n<meta property=\"og:url\" content=\"https:\/\/thetreecbd.com\/de\/cbd\/kleine-strawberry-cbd-blute\" \/>\n<meta property=\"og:site_name\" content=\"The Tree CBD\" \/>\n<meta property=\"article:publisher\" content=\"https:\/\/www.facebook.com\/thetreeCBD\/\" \/>\n<meta property=\"article:modified_time\" content=\"2025-09-01T22:00:36+00:00\" \/>\n<meta property=\"og:image\" content=\"https:\/\/thetreecbd.com\/wp-content\/uploads\/2025\/01\/Skywalker_Heap_1.46.1-scaled-e1740645464755.jpeg\" \/>\n\t<meta property=\"og:image:width\" content=\"1152\" \/>\n\t<meta property=\"og:image:height\" content=\"1147\" \/>\n\t<meta property=\"og:image:type\" content=\"image\/jpeg\" \/>\n<meta name=\"twitter:card\" content=\"summary_large_image\" \/>\n<meta name=\"twitter:site\" content=\"@TheTreeCBD_EU\" \/>\n<meta name=\"twitter:label1\" content=\"Gesch\u00e4tzte Lesezeit\" \/>\n\t<meta name=\"twitter:data1\" content=\"2\u00a0Minuten\" \/>\n<script type=\"application\/ld+json\" class=\"yoast-schema-graph\">{\"@context\":\"https:\/\/schema.org\",\"@graph\":[{\"@type\":[\"WebPage\",\"ItemPage\"],\"@id\":\"https:\/\/thetreecbd.com\/de\/cbd\/kleine-strawberry-cbd-blute\",\"url\":\"https:\/\/thetreecbd.com\/de\/cbd\/kleine-strawberry-cbd-blute\",\"name\":\"Kleine Strawberry CBD Bl\u00fcte | The Tree CBD\",\"isPartOf\":{\"@id\":\"https:\/\/thetreecbd.com\/de#website\"},\"primaryImageOfPage\":{\"@id\":\"https:\/\/thetreecbd.com\/de\/cbd\/kleine-strawberry-cbd-blute#primaryimage\"},\"image\":{\"@id\":\"https:\/\/thetreecbd.com\/de\/cbd\/kleine-strawberry-cbd-blute#primaryimage\"},\"thumbnailUrl\":\"https:\/\/thetreecbd.com\/wp-content\/uploads\/2025\/01\/Skywalker_Heap_1.46.1-scaled-e1740645464755.jpeg\",\"datePublished\":\"2025-01-20T22:27:20+00:00\",\"dateModified\":\"2025-09-01T22:00:36+00:00\",\"description\":\"Strawberry CBD im Format kleine Bl\u00fcten, 100% nat\u00fcrlich im Innenbereich angebaut. Entspannend dank seines CBD-Gehalts von 10% bis 12%. Legal in Spanien.\",\"breadcrumb\":{\"@id\":\"https:\/\/thetreecbd.com\/de\/cbd\/kleine-strawberry-cbd-blute#breadcrumb\"},\"inLanguage\":\"de\",\"potentialAction\":[{\"@type\":\"ReadAction\",\"target\":[\"https:\/\/thetreecbd.com\/de\/cbd\/kleine-strawberry-cbd-blute\"]}]},{\"@type\":\"ImageObject\",\"inLanguage\":\"de\",\"@id\":\"https:\/\/thetreecbd.com\/de\/cbd\/kleine-strawberry-cbd-blute#primaryimage\",\"url\":\"https:\/\/thetreecbd.com\/wp-content\/uploads\/2025\/01\/Skywalker_Heap_1.46.1-scaled-e1740645464755.jpeg\",\"contentUrl\":\"https:\/\/thetreecbd.com\/wp-content\/uploads\/2025\/01\/Skywalker_Heap_1.46.1-scaled-e1740645464755.jpeg\",\"width\":1152,\"height\":1147},{\"@type\":\"BreadcrumbList\",\"@id\":\"https:\/\/thetreecbd.com\/de\/cbd\/kleine-strawberry-cbd-blute#breadcrumb\",\"itemListElement\":[{\"@type\":\"ListItem\",\"position\":1,\"name\":\"The Tree\",\"item\":\"https:\/\/thetreecbd.com\/de\"},{\"@type\":\"ListItem\",\"position\":2,\"name\":\"CBD\",\"item\":\"https:\/\/thetreecbd.com\/es\/cbd\"},{\"@type\":\"ListItem\",\"position\":3,\"name\":\"CBD-Bl\u00fcten kaufen\",\"item\":\"https:\/\/thetreecbd.com\/de\/bluten\"},{\"@type\":\"ListItem\",\"position\":4,\"name\":\"Kleine CBD-Bl\u00fcten &amp; Popcorn-Buds\",\"item\":\"https:\/\/thetreecbd.com\/de\/bluten\/kleine-cbd-bluten-popcorn-buds\"},{\"@type\":\"ListItem\",\"position\":5,\"name\":\"Kleine Strawberry CBD Bl\u00fcte\"}]},{\"@type\":\"WebSite\",\"@id\":\"https:\/\/thetreecbd.com\/de#website\",\"url\":\"https:\/\/thetreecbd.com\/de\",\"name\":\"The Tree CBD\",\"description\":\"Comprar CBD en Espa\u00f1a Online\",\"publisher\":{\"@id\":\"https:\/\/thetreecbd.com\/de#organization\"},\"potentialAction\":[{\"@type\":\"SearchAction\",\"target\":{\"@type\":\"EntryPoint\",\"urlTemplate\":\"https:\/\/thetreecbd.com\/de?s={search_term_string}\"},\"query-input\":{\"@type\":\"PropertyValueSpecification\",\"valueRequired\":true,\"valueName\":\"search_term_string\"}}],\"inLanguage\":\"de\"},{\"@type\":\"Organization\",\"@id\":\"https:\/\/thetreecbd.com\/de#organization\",\"name\":\"The Tree CBD\",\"url\":\"https:\/\/thetreecbd.com\/de\",\"logo\":{\"@type\":\"ImageObject\",\"inLanguage\":\"de\",\"@id\":\"https:\/\/thetreecbd.com\/de#\/schema\/logo\/image\/\",\"url\":\"https:\/\/thetreecbd.com\/wp-content\/uploads\/2022\/04\/logo-thetree.png\",\"contentUrl\":\"https:\/\/thetreecbd.com\/wp-content\/uploads\/2022\/04\/logo-thetree.png\",\"width\":172,\"height\":55,\"caption\":\"The Tree CBD\"},\"image\":{\"@id\":\"https:\/\/thetreecbd.com\/de#\/schema\/logo\/image\/\"},\"sameAs\":[\"https:\/\/www.facebook.com\/thetreeCBD\/\",\"https:\/\/x.com\/TheTreeCBD_EU\",\"https:\/\/www.instagram.com\/thetree.cbd\/\",\"https:\/\/es.trustpilot.com\/review\/thetreecbd.com\"]}]}<\/script>\n<!-- \/ Yoast SEO plugin. -->","yoast_head_json":{"title":"Kleine Strawberry CBD Bl\u00fcte | The Tree CBD","description":"Strawberry CBD im Format kleine Bl\u00fcten, 100% nat\u00fcrlich im Innenbereich angebaut. Entspannend dank seines CBD-Gehalts von 10% bis 12%. Legal in Spanien.","robots":{"index":"index","follow":"follow","max-snippet":"max-snippet:-1","max-image-preview":"max-image-preview:large","max-video-preview":"max-video-preview:-1"},"canonical":"https:\/\/thetreecbd.com\/de\/cbd\/kleine-strawberry-cbd-blute","og_locale":"de_DE","og_type":"article","og_title":"Kleine Strawberry CBD Bl\u00fcte | The Tree CBD","og_description":"Strawberry CBD im Format kleine Bl\u00fcten, 100% nat\u00fcrlich im Innenbereich angebaut. Entspannend dank seines CBD-Gehalts von 10% bis 12%. Legal in Spanien.","og_url":"https:\/\/thetreecbd.com\/de\/cbd\/kleine-strawberry-cbd-blute","og_site_name":"The Tree CBD","article_publisher":"https:\/\/www.facebook.com\/thetreeCBD\/","article_modified_time":"2025-09-01T22:00:36+00:00","og_image":[{"width":1152,"height":1147,"url":"https:\/\/thetreecbd.com\/wp-content\/uploads\/2025\/01\/Skywalker_Heap_1.46.1-scaled-e1740645464755.jpeg","type":"image\/jpeg"}],"twitter_card":"summary_large_image","twitter_site":"@TheTreeCBD_EU","twitter_misc":{"Gesch\u00e4tzte Lesezeit":"2\u00a0Minuten"},"schema":{"@context":"https:\/\/schema.org","@graph":[{"@type":["WebPage","ItemPage"],"@id":"https:\/\/thetreecbd.com\/de\/cbd\/kleine-strawberry-cbd-blute","url":"https:\/\/thetreecbd.com\/de\/cbd\/kleine-strawberry-cbd-blute","name":"Kleine Strawberry CBD Bl\u00fcte | The Tree CBD","isPartOf":{"@id":"https:\/\/thetreecbd.com\/de#website"},"primaryImageOfPage":{"@id":"https:\/\/thetreecbd.com\/de\/cbd\/kleine-strawberry-cbd-blute#primaryimage"},"image":{"@id":"https:\/\/thetreecbd.com\/de\/cbd\/kleine-strawberry-cbd-blute#primaryimage"},"thumbnailUrl":"https:\/\/thetreecbd.com\/wp-content\/uploads\/2025\/01\/Skywalker_Heap_1.46.1-scaled-e1740645464755.jpeg","datePublished":"2025-01-20T22:27:20+00:00","dateModified":"2025-09-01T22:00:36+00:00","description":"Strawberry CBD im Format kleine Bl\u00fcten, 100% nat\u00fcrlich im Innenbereich angebaut. Entspannend dank seines CBD-Gehalts von 10% bis 12%. Legal in Spanien.","breadcrumb":{"@id":"https:\/\/thetreecbd.com\/de\/cbd\/kleine-strawberry-cbd-blute#breadcrumb"},"inLanguage":"de","potentialAction":[{"@type":"ReadAction","target":["https:\/\/thetreecbd.com\/de\/cbd\/kleine-strawberry-cbd-blute"]}]},{"@type":"ImageObject","inLanguage":"de","@id":"https:\/\/thetreecbd.com\/de\/cbd\/kleine-strawberry-cbd-blute#primaryimage","url":"https:\/\/thetreecbd.com\/wp-content\/uploads\/2025\/01\/Skywalker_Heap_1.46.1-scaled-e1740645464755.jpeg","contentUrl":"https:\/\/thetreecbd.com\/wp-content\/uploads\/2025\/01\/Skywalker_Heap_1.46.1-scaled-e1740645464755.jpeg","width":1152,"height":1147},{"@type":"BreadcrumbList","@id":"https:\/\/thetreecbd.com\/de\/cbd\/kleine-strawberry-cbd-blute#breadcrumb","itemListElement":[{"@type":"ListItem","position":1,"name":"The Tree","item":"https:\/\/thetreecbd.com\/de"},{"@type":"ListItem","position":2,"name":"CBD","item":"https:\/\/thetreecbd.com\/es\/cbd"},{"@type":"ListItem","position":3,"name":"CBD-Bl\u00fcten kaufen","item":"https:\/\/thetreecbd.com\/de\/bluten"},{"@type":"ListItem","position":4,"name":"Kleine CBD-Bl\u00fcten &amp; Popcorn-Buds","item":"https:\/\/thetreecbd.com\/de\/bluten\/kleine-cbd-bluten-popcorn-buds"},{"@type":"ListItem","position":5,"name":"Kleine Strawberry CBD Bl\u00fcte"}]},{"@type":"WebSite","@id":"https:\/\/thetreecbd.com\/de#website","url":"https:\/\/thetreecbd.com\/de","name":"The Tree CBD","description":"Comprar CBD en Espa\u00f1a Online","publisher":{"@id":"https:\/\/thetreecbd.com\/de#organization"},"potentialAction":[{"@type":"SearchAction","target":{"@type":"EntryPoint","urlTemplate":"https:\/\/thetreecbd.com\/de?s={search_term_string}"},"query-input":{"@type":"PropertyValueSpecification","valueRequired":true,"valueName":"search_term_string"}}],"inLanguage":"de"},{"@type":"Organization","@id":"https:\/\/thetreecbd.com\/de#organization","name":"The Tree CBD","url":"https:\/\/thetreecbd.com\/de","logo":{"@type":"ImageObject","inLanguage":"de","@id":"https:\/\/thetreecbd.com\/de#\/schema\/logo\/image\/","url":"https:\/\/thetreecbd.com\/wp-content\/uploads\/2022\/04\/logo-thetree.png","contentUrl":"https:\/\/thetreecbd.com\/wp-content\/uploads\/2022\/04\/logo-thetree.png","width":172,"height":55,"caption":"The Tree CBD"},"image":{"@id":"https:\/\/thetreecbd.com\/de#\/schema\/logo\/image\/"},"sameAs":["https:\/\/www.facebook.com\/thetreeCBD\/","https:\/\/x.com\/TheTreeCBD_EU","https:\/\/www.instagram.com\/thetree.cbd\/","https:\/\/es.trustpilot.com\/review\/thetreecbd.com"]}]}},"_links":{"self":[{"href":"https:\/\/thetreecbd.com\/de\/wp-json\/wp\/v2\/product\/165241","targetHints":{"allow":["GET"]}}],"collection":[{"href":"https:\/\/thetreecbd.com\/de\/wp-json\/wp\/v2\/product"}],"about":[{"href":"https:\/\/thetreecbd.com\/de\/wp-json\/wp\/v2\/types\/product"}],"version-history":[{"count":0,"href":"https:\/\/thetreecbd.com\/de\/wp-json\/wp\/v2\/product\/165241\/revisions"}],"wp:featuredmedia":[{"embeddable":true,"href":"https:\/\/thetreecbd.com\/de\/wp-json\/wp\/v2\/media\/165237"}],"wp:attachment":[{"href":"https:\/\/thetreecbd.com\/de\/wp-json\/wp\/v2\/media?parent=165241"}],"wp:term":[{"taxonomy":"product_brand","embeddable":true,"href":"https:\/\/thetreecbd.com\/de\/wp-json\/wp\/v2\/product_brand?post=165241"}],"curies":[{"name":"wp","href":"https:\/\/api.w.org\/{rel}","templated":true}]}}