{"id":165247,"date":"2025-01-20T23:16:08","date_gmt":"2025-01-20T22:16:08","guid":{"rendered":"https:\/\/thetreecbd.com\/cbd\/kleiner-green-cure-cbd-bluten"},"modified":"2025-01-20T23:16:08","modified_gmt":"2025-01-20T22:16:08","slug":"kleiner-green-cure-cbd-bluten","status":"publish","type":"product","link":"https:\/\/thetreecbd.com\/de\/cbd\/kleiner-green-cure-cbd-bluten","title":{"rendered":"Kleiner Green Cure CBD Bl\u00fcten"},"content":{"rendered":"<p class=\"\" data-start=\"0\" data-end=\"230\">Das Produkt <strong>Green Cure CBD kleine Bl\u00fcten<\/strong> ist eine der Neuheiten im Katalog von The Tree CBD, mit einem attraktiven Preis f\u00fcr jedes Budget. Dieses Produkt vereint alle positiven Eigenschaften unserer Indoor- und Greenhouse-Genetik.<\/p>\n<p class=\"\" data-start=\"232\" data-end=\"465\">In diesem Fall werden die kleineren CBD-Bl\u00fcten und -Bl\u00e4tter aller legalen CBD-Cannabispflanzen geerntet, um Ihnen ein Produkt von gleicher Qualit\u00e4t wie alle anderen Sorten von The Tree CBD zu einem erschwinglicheren Preis anzubieten.<\/p>\n<ul>\n<li data-start=\"467\" data-end=\"835\">Diese Sorte ist bekannt f\u00fcr ihr einzigartiges Aroma und ihren Geschmack, der niemanden gleichg\u00fcltig l\u00e4sst. Die Bl\u00fcten dieser Genetik haben ein intensives Aroma, in dem fruchtige Nuancen, insbesondere tropische Fr\u00fcchte, hervortreten. Ihr leichter Geschmack schont Ihren Hals, und der starke Duft erg\u00e4nzt das Erlebnis mit dieser CBD-Blume, die zwischen 11% CBD enth\u00e4lt.<\/li>\n<\/ul>\n<p class=\"\" data-start=\"837\" data-end=\"1000\">Wie alle unsere anderen Produkte enthalten auch diese Bl\u00fcten weniger als 0,19% THC, sind vollst\u00e4ndig legal in ganz Europa und haben keinerlei psychoaktive Wirkung.<\/p>\n<p class=\"\" data-start=\"1002\" data-end=\"1054\"><strong data-start=\"1002\" data-end=\"1054\">Eigenschaften der kleinen Green Cure CBD Bl\u00fcten:<\/strong><\/p>\n<ul data-start=\"1055\" data-end=\"1287\">\n<li class=\"\" data-start=\"1055\" data-end=\"1092\">\n<p class=\"\" data-start=\"1057\" data-end=\"1092\"><strong>Sorte<\/strong>: Green Cure CBD kleine Bl\u00fcten<\/p>\n<\/li>\n<li class=\"\" data-start=\"1093\" data-end=\"1118\">\n<p class=\"\" data-start=\"1095\" data-end=\"1118\">Hanfbl\u00fcten und -bl\u00e4tter<\/p>\n<\/li>\n<li class=\"\" data-start=\"1119\" data-end=\"1144\">\n<p class=\"\" data-start=\"1121\" data-end=\"1144\"><strong>Format<\/strong>: 10-Gramm-Beutel<\/p>\n<\/li>\n<li class=\"\" data-start=\"1145\" data-end=\"1168\">\n<p class=\"\" data-start=\"1147\" data-end=\"1168\">Weniger als 0,19% <strong>THC<\/strong><\/p>\n<\/li>\n<li class=\"\" data-start=\"1169\" data-end=\"1210\">\n<p class=\"\" data-start=\"1171\" data-end=\"1210\">Zwischen 10% und 23% <strong>CBD<\/strong>, je nach Sorte<\/p>\n<\/li>\n<li class=\"\" data-start=\"1211\" data-end=\"1240\">\n<p class=\"\" data-start=\"1213\" data-end=\"1240\"><strong>Keine psychoaktiven Effekte<\/strong><\/p>\n<\/li>\n<li class=\"\" data-start=\"1241\" data-end=\"1261\">\n<p class=\"\" data-start=\"1243\" data-end=\"1261\">Organisch angebaut<\/p>\n<\/li>\n<li class=\"\" data-start=\"1262\" data-end=\"1272\">\n<p class=\"\" data-start=\"1264\" data-end=\"1272\">GMO-frei<\/p>\n<\/li>\n<li class=\"\" data-start=\"1273\" data-end=\"1287\">\n<p class=\"\" data-start=\"1275\" data-end=\"1287\">Pestizidfrei<\/p>\n<\/li>\n<\/ul>\n<p class=\"\" data-start=\"1289\" data-end=\"1526\"><strong data-start=\"1289\" data-end=\"1322\">Aroma der kleinen CBD-Bl\u00fcten:<\/strong><br \/>\nTerpene finden sich in den meisten \u00e4therischen \u00d6len vieler Pflanzen, Blumen und Fr\u00fcchte und sind verantwortlich f\u00fcr den Duft und Geschmack. Im Cannabis k\u00f6nnen wir eine breite Palette von Terpenen finden.<\/p>\n<p class=\"\" data-start=\"1528\" data-end=\"1660\">Die verf\u00fcgbaren Terpene variieren je nach Sorte des Beutels. Schauen Sie sich daher jede Sorte an, um das jeweilige Terpen zu sehen.<\/p>\n<p class=\"\" data-start=\"1662\" data-end=\"1791\"><strong data-start=\"1662\" data-end=\"1677\">Zielgruppe:<\/strong><br \/>\nDie kleinen Bl\u00fcten sind ideal f\u00fcr K\u00e4ufer, die immer noch die gewohnte Qualit\u00e4t zu einem niedrigeren Preis suchen.<\/p>\n<p class=\"\" data-start=\"1793\" data-end=\"2029\">Da es sich um ein Nebenprodukt oder einen \u00dcberrest handelt, erm\u00f6glichen es die kleinen Bl\u00fcten, Zugang zu Top-Sorten zu einem stark reduzierten Preis zu erhalten, wobei immer die gleiche Qualit\u00e4t wie beim Originalprodukt erhalten bleibt.<\/p>\n<p class=\"\" data-start=\"2031\" data-end=\"2296\"><strong data-start=\"2031\" data-end=\"2060\">Sicherheitsinformationen:<\/strong><br \/>\nBeachten Sie, dass die CBD-Bl\u00fcten von The Tree ein dekoratives, sammelbares und aromatisches Produkt sind. Sie sollten nicht w\u00e4hrend der Schwangerschaft oder Stillzeit verwendet werden. Au\u00dferhalb der Reichweite von Kindern aufbewahren.<\/p>\n<p class=\"\" data-start=\"2298\" data-end=\"2421\">Unsere CBD-Bl\u00fcten k\u00f6nnen eine geringe Menge THC enthalten. Nat\u00fcrlich liegt dieser Wert unter dem EU-Grenzwert von 0,2% THC.<\/p>\n<p class=\"\" data-start=\"2423\" data-end=\"2683\">Die bereitgestellten Inhalte dienen nur zu Informations- und Ausbildungszwecken und ersetzen in keiner Weise die medizinische Beratung durch einen Arzt oder Apotheker. Unsere Texte sind nicht f\u00fcr die unabh\u00e4ngige Diagnose und Behandlung von Krankheiten gedacht.<\/p>\n<p class=\"\" data-start=\"2685\" data-end=\"2754\">Z\u00f6gern Sie nicht, uns zu kontaktieren, wenn Sie weitere Fragen haben.<\/p>\n<p class=\"\" data-start=\"2756\" data-end=\"3014\"><strong data-start=\"2756\" data-end=\"2769\">Lagerung:<\/strong><br \/>\nDie CBD-Bl\u00fcten von The Tree sollten idealerweise an einem k\u00fchlen, trockenen Ort aufbewahrt werden, gesch\u00fctzt vor Licht und starken Ger\u00fcchen, um eine Kontamination und\/oder Zersetzung zu vermeiden. Direkte Sonneneinstrahlung und W\u00e4rme vermeiden.<\/p>\n<p class=\"\" data-start=\"3016\" data-end=\"3113\"><strong data-start=\"3016\" data-end=\"3028\">Achtung:<\/strong> Das angegebene Haltbarkeitsdatum betr\u00e4gt einen Monat, wenn es richtig gelagert wird.<\/p>\n","protected":false},"excerpt":{"rendered":"<ul>\n<li><strong>Sorten<\/strong>: Green Cure CBD kleine Bl\u00fcten<\/li>\n<li>Hanfbl\u00fcten und -bl\u00e4tter<\/li>\n<li><strong>Format<\/strong>: 10-Gramm-Beutel<\/li>\n<li>Weniger als 0,19% <strong>THC<\/strong><\/li>\n<li>Von 10% bis 23% <strong>CBD<\/strong>, je nach Sorte<\/li>\n<li><strong>Keine psychoaktiven Effekte<\/strong><\/li>\n<li>Organisch angebaut<\/li>\n<li>GMO-frei<\/li>\n<li>Pestizidfrei<\/li>\n<\/ul>\n","protected":false},"featured_media":165248,"template":"","meta":{"_acf_changed":false},"product_brand":[],"class_list":{"0":"post-165247","1":"product","2":"type-product","3":"status-publish","4":"has-post-thumbnail","6":"product_cat-bluten","7":"product_cat-cogollos-pequenos-exterior","8":"product_cat-kleine-cbd-bluten-popcorn-buds","9":"product_cat-produkte-mit-10-cbd","11":"first","12":"outofstock","13":"taxable","14":"shipping-taxable","15":"purchasable","16":"product-type-variable"},"acf":[],"yoast_head":"<!-- This site is optimized with the Yoast SEO plugin v26.3 - https:\/\/yoast.com\/wordpress\/plugins\/seo\/ -->\n<title>Kleiner Green Cure CBD Bl\u00fcten | The Tree CBD<\/title>\n<meta name=\"description\" content=\"Kleine Gelato CBD Cannabisbl\u00fcten, legal in Spanien: s\u00fc\u00dfer, zitrusartiger und nat\u00fcrlicher Geschmack, mit entspannender Wirkung dank ihres hohen CBD-Gehalts (10%).\" \/>\n<meta name=\"robots\" content=\"index, follow, max-snippet:-1, max-image-preview:large, max-video-preview:-1\" \/>\n<link rel=\"canonical\" href=\"https:\/\/thetreecbd.com\/de\/cbd\/kleiner-green-cure-cbd-bluten\" \/>\n<meta property=\"og:locale\" content=\"de_DE\" \/>\n<meta property=\"og:type\" content=\"article\" \/>\n<meta property=\"og:title\" content=\"Kleiner Green Cure CBD Bl\u00fcten | The Tree CBD\" \/>\n<meta property=\"og:description\" content=\"Kleine Gelato CBD Cannabisbl\u00fcten, legal in Spanien: s\u00fc\u00dfer, zitrusartiger und nat\u00fcrlicher Geschmack, mit entspannender Wirkung dank ihres hohen CBD-Gehalts (10%).\" \/>\n<meta property=\"og:url\" content=\"https:\/\/thetreecbd.com\/de\/cbd\/kleiner-green-cure-cbd-bluten\" \/>\n<meta property=\"og:site_name\" content=\"The Tree CBD\" \/>\n<meta property=\"article:publisher\" content=\"https:\/\/www.facebook.com\/thetreeCBD\/\" \/>\n<meta property=\"og:image\" content=\"https:\/\/thetreecbd.com\/wp-content\/uploads\/2025\/01\/Green_Cure_Heap_1.50.1-1-scaled-e1740645665675.jpeg\" \/>\n\t<meta property=\"og:image:width\" content=\"1152\" \/>\n\t<meta property=\"og:image:height\" content=\"1110\" \/>\n\t<meta property=\"og:image:type\" content=\"image\/jpeg\" \/>\n<meta name=\"twitter:card\" content=\"summary_large_image\" \/>\n<meta name=\"twitter:site\" content=\"@TheTreeCBD_EU\" \/>\n<meta name=\"twitter:label1\" content=\"Gesch\u00e4tzte Lesezeit\" \/>\n\t<meta name=\"twitter:data1\" content=\"2\u00a0Minuten\" \/>\n<script type=\"application\/ld+json\" class=\"yoast-schema-graph\">{\"@context\":\"https:\/\/schema.org\",\"@graph\":[{\"@type\":[\"WebPage\",\"ItemPage\"],\"@id\":\"https:\/\/thetreecbd.com\/de\/cbd\/kleiner-green-cure-cbd-bluten\",\"url\":\"https:\/\/thetreecbd.com\/de\/cbd\/kleiner-green-cure-cbd-bluten\",\"name\":\"Kleiner Green Cure CBD Bl\u00fcten | The Tree CBD\",\"isPartOf\":{\"@id\":\"https:\/\/thetreecbd.com\/de#website\"},\"primaryImageOfPage\":{\"@id\":\"https:\/\/thetreecbd.com\/de\/cbd\/kleiner-green-cure-cbd-bluten#primaryimage\"},\"image\":{\"@id\":\"https:\/\/thetreecbd.com\/de\/cbd\/kleiner-green-cure-cbd-bluten#primaryimage\"},\"thumbnailUrl\":\"https:\/\/thetreecbd.com\/wp-content\/uploads\/2025\/01\/Green_Cure_Heap_1.50.1-1-scaled-e1740645665675.jpeg\",\"datePublished\":\"2025-01-20T22:16:08+00:00\",\"description\":\"Kleine Gelato CBD Cannabisbl\u00fcten, legal in Spanien: s\u00fc\u00dfer, zitrusartiger und nat\u00fcrlicher Geschmack, mit entspannender Wirkung dank ihres hohen CBD-Gehalts (10%).\",\"breadcrumb\":{\"@id\":\"https:\/\/thetreecbd.com\/de\/cbd\/kleiner-green-cure-cbd-bluten#breadcrumb\"},\"inLanguage\":\"de\",\"potentialAction\":[{\"@type\":\"ReadAction\",\"target\":[\"https:\/\/thetreecbd.com\/de\/cbd\/kleiner-green-cure-cbd-bluten\"]}]},{\"@type\":\"ImageObject\",\"inLanguage\":\"de\",\"@id\":\"https:\/\/thetreecbd.com\/de\/cbd\/kleiner-green-cure-cbd-bluten#primaryimage\",\"url\":\"https:\/\/thetreecbd.com\/wp-content\/uploads\/2025\/01\/Green_Cure_Heap_1.50.1-1-scaled-e1740645665675.jpeg\",\"contentUrl\":\"https:\/\/thetreecbd.com\/wp-content\/uploads\/2025\/01\/Green_Cure_Heap_1.50.1-1-scaled-e1740645665675.jpeg\",\"width\":1152,\"height\":1110},{\"@type\":\"BreadcrumbList\",\"@id\":\"https:\/\/thetreecbd.com\/de\/cbd\/kleiner-green-cure-cbd-bluten#breadcrumb\",\"itemListElement\":[{\"@type\":\"ListItem\",\"position\":1,\"name\":\"The Tree\",\"item\":\"https:\/\/thetreecbd.com\/de\"},{\"@type\":\"ListItem\",\"position\":2,\"name\":\"CBD\",\"item\":\"https:\/\/thetreecbd.com\/es\/cbd\"},{\"@type\":\"ListItem\",\"position\":3,\"name\":\"CBD-Bl\u00fcten kaufen\",\"item\":\"https:\/\/thetreecbd.com\/de\/bluten\"},{\"@type\":\"ListItem\",\"position\":4,\"name\":\"Kleine CBD-Bl\u00fcten &amp; Popcorn-Buds\",\"item\":\"https:\/\/thetreecbd.com\/de\/bluten\/kleine-cbd-bluten-popcorn-buds\"},{\"@type\":\"ListItem\",\"position\":5,\"name\":\"Kleiner Green Cure CBD Bl\u00fcten\"}]},{\"@type\":\"WebSite\",\"@id\":\"https:\/\/thetreecbd.com\/de#website\",\"url\":\"https:\/\/thetreecbd.com\/de\",\"name\":\"The Tree CBD\",\"description\":\"Comprar CBD en Espa\u00f1a Online\",\"publisher\":{\"@id\":\"https:\/\/thetreecbd.com\/de#organization\"},\"potentialAction\":[{\"@type\":\"SearchAction\",\"target\":{\"@type\":\"EntryPoint\",\"urlTemplate\":\"https:\/\/thetreecbd.com\/de?s={search_term_string}\"},\"query-input\":{\"@type\":\"PropertyValueSpecification\",\"valueRequired\":true,\"valueName\":\"search_term_string\"}}],\"inLanguage\":\"de\"},{\"@type\":\"Organization\",\"@id\":\"https:\/\/thetreecbd.com\/de#organization\",\"name\":\"The Tree CBD\",\"url\":\"https:\/\/thetreecbd.com\/de\",\"logo\":{\"@type\":\"ImageObject\",\"inLanguage\":\"de\",\"@id\":\"https:\/\/thetreecbd.com\/de#\/schema\/logo\/image\/\",\"url\":\"https:\/\/thetreecbd.com\/wp-content\/uploads\/2022\/04\/logo-thetree.png\",\"contentUrl\":\"https:\/\/thetreecbd.com\/wp-content\/uploads\/2022\/04\/logo-thetree.png\",\"width\":172,\"height\":55,\"caption\":\"The Tree CBD\"},\"image\":{\"@id\":\"https:\/\/thetreecbd.com\/de#\/schema\/logo\/image\/\"},\"sameAs\":[\"https:\/\/www.facebook.com\/thetreeCBD\/\",\"https:\/\/x.com\/TheTreeCBD_EU\",\"https:\/\/www.instagram.com\/thetree.cbd\/\",\"https:\/\/es.trustpilot.com\/review\/thetreecbd.com\"]}]}<\/script>\n<!-- \/ Yoast SEO plugin. -->","yoast_head_json":{"title":"Kleiner Green Cure CBD Bl\u00fcten | The Tree CBD","description":"Kleine Gelato CBD Cannabisbl\u00fcten, legal in Spanien: s\u00fc\u00dfer, zitrusartiger und nat\u00fcrlicher Geschmack, mit entspannender Wirkung dank ihres hohen CBD-Gehalts (10%).","robots":{"index":"index","follow":"follow","max-snippet":"max-snippet:-1","max-image-preview":"max-image-preview:large","max-video-preview":"max-video-preview:-1"},"canonical":"https:\/\/thetreecbd.com\/de\/cbd\/kleiner-green-cure-cbd-bluten","og_locale":"de_DE","og_type":"article","og_title":"Kleiner Green Cure CBD Bl\u00fcten | The Tree CBD","og_description":"Kleine Gelato CBD Cannabisbl\u00fcten, legal in Spanien: s\u00fc\u00dfer, zitrusartiger und nat\u00fcrlicher Geschmack, mit entspannender Wirkung dank ihres hohen CBD-Gehalts (10%).","og_url":"https:\/\/thetreecbd.com\/de\/cbd\/kleiner-green-cure-cbd-bluten","og_site_name":"The Tree CBD","article_publisher":"https:\/\/www.facebook.com\/thetreeCBD\/","og_image":[{"width":1152,"height":1110,"url":"https:\/\/thetreecbd.com\/wp-content\/uploads\/2025\/01\/Green_Cure_Heap_1.50.1-1-scaled-e1740645665675.jpeg","type":"image\/jpeg"}],"twitter_card":"summary_large_image","twitter_site":"@TheTreeCBD_EU","twitter_misc":{"Gesch\u00e4tzte Lesezeit":"2\u00a0Minuten"},"schema":{"@context":"https:\/\/schema.org","@graph":[{"@type":["WebPage","ItemPage"],"@id":"https:\/\/thetreecbd.com\/de\/cbd\/kleiner-green-cure-cbd-bluten","url":"https:\/\/thetreecbd.com\/de\/cbd\/kleiner-green-cure-cbd-bluten","name":"Kleiner Green Cure CBD Bl\u00fcten | The Tree CBD","isPartOf":{"@id":"https:\/\/thetreecbd.com\/de#website"},"primaryImageOfPage":{"@id":"https:\/\/thetreecbd.com\/de\/cbd\/kleiner-green-cure-cbd-bluten#primaryimage"},"image":{"@id":"https:\/\/thetreecbd.com\/de\/cbd\/kleiner-green-cure-cbd-bluten#primaryimage"},"thumbnailUrl":"https:\/\/thetreecbd.com\/wp-content\/uploads\/2025\/01\/Green_Cure_Heap_1.50.1-1-scaled-e1740645665675.jpeg","datePublished":"2025-01-20T22:16:08+00:00","description":"Kleine Gelato CBD Cannabisbl\u00fcten, legal in Spanien: s\u00fc\u00dfer, zitrusartiger und nat\u00fcrlicher Geschmack, mit entspannender Wirkung dank ihres hohen CBD-Gehalts (10%).","breadcrumb":{"@id":"https:\/\/thetreecbd.com\/de\/cbd\/kleiner-green-cure-cbd-bluten#breadcrumb"},"inLanguage":"de","potentialAction":[{"@type":"ReadAction","target":["https:\/\/thetreecbd.com\/de\/cbd\/kleiner-green-cure-cbd-bluten"]}]},{"@type":"ImageObject","inLanguage":"de","@id":"https:\/\/thetreecbd.com\/de\/cbd\/kleiner-green-cure-cbd-bluten#primaryimage","url":"https:\/\/thetreecbd.com\/wp-content\/uploads\/2025\/01\/Green_Cure_Heap_1.50.1-1-scaled-e1740645665675.jpeg","contentUrl":"https:\/\/thetreecbd.com\/wp-content\/uploads\/2025\/01\/Green_Cure_Heap_1.50.1-1-scaled-e1740645665675.jpeg","width":1152,"height":1110},{"@type":"BreadcrumbList","@id":"https:\/\/thetreecbd.com\/de\/cbd\/kleiner-green-cure-cbd-bluten#breadcrumb","itemListElement":[{"@type":"ListItem","position":1,"name":"The Tree","item":"https:\/\/thetreecbd.com\/de"},{"@type":"ListItem","position":2,"name":"CBD","item":"https:\/\/thetreecbd.com\/es\/cbd"},{"@type":"ListItem","position":3,"name":"CBD-Bl\u00fcten kaufen","item":"https:\/\/thetreecbd.com\/de\/bluten"},{"@type":"ListItem","position":4,"name":"Kleine CBD-Bl\u00fcten &amp; Popcorn-Buds","item":"https:\/\/thetreecbd.com\/de\/bluten\/kleine-cbd-bluten-popcorn-buds"},{"@type":"ListItem","position":5,"name":"Kleiner Green Cure CBD Bl\u00fcten"}]},{"@type":"WebSite","@id":"https:\/\/thetreecbd.com\/de#website","url":"https:\/\/thetreecbd.com\/de","name":"The Tree CBD","description":"Comprar CBD en Espa\u00f1a Online","publisher":{"@id":"https:\/\/thetreecbd.com\/de#organization"},"potentialAction":[{"@type":"SearchAction","target":{"@type":"EntryPoint","urlTemplate":"https:\/\/thetreecbd.com\/de?s={search_term_string}"},"query-input":{"@type":"PropertyValueSpecification","valueRequired":true,"valueName":"search_term_string"}}],"inLanguage":"de"},{"@type":"Organization","@id":"https:\/\/thetreecbd.com\/de#organization","name":"The Tree CBD","url":"https:\/\/thetreecbd.com\/de","logo":{"@type":"ImageObject","inLanguage":"de","@id":"https:\/\/thetreecbd.com\/de#\/schema\/logo\/image\/","url":"https:\/\/thetreecbd.com\/wp-content\/uploads\/2022\/04\/logo-thetree.png","contentUrl":"https:\/\/thetreecbd.com\/wp-content\/uploads\/2022\/04\/logo-thetree.png","width":172,"height":55,"caption":"The Tree CBD"},"image":{"@id":"https:\/\/thetreecbd.com\/de#\/schema\/logo\/image\/"},"sameAs":["https:\/\/www.facebook.com\/thetreeCBD\/","https:\/\/x.com\/TheTreeCBD_EU","https:\/\/www.instagram.com\/thetree.cbd\/","https:\/\/es.trustpilot.com\/review\/thetreecbd.com"]}]}},"_links":{"self":[{"href":"https:\/\/thetreecbd.com\/de\/wp-json\/wp\/v2\/product\/165247","targetHints":{"allow":["GET"]}}],"collection":[{"href":"https:\/\/thetreecbd.com\/de\/wp-json\/wp\/v2\/product"}],"about":[{"href":"https:\/\/thetreecbd.com\/de\/wp-json\/wp\/v2\/types\/product"}],"version-history":[{"count":0,"href":"https:\/\/thetreecbd.com\/de\/wp-json\/wp\/v2\/product\/165247\/revisions"}],"wp:featuredmedia":[{"embeddable":true,"href":"https:\/\/thetreecbd.com\/de\/wp-json\/wp\/v2\/media\/165248"}],"wp:attachment":[{"href":"https:\/\/thetreecbd.com\/de\/wp-json\/wp\/v2\/media?parent=165247"}],"wp:term":[{"taxonomy":"product_brand","embeddable":true,"href":"https:\/\/thetreecbd.com\/de\/wp-json\/wp\/v2\/product_brand?post=165247"}],"curies":[{"name":"wp","href":"https:\/\/api.w.org\/{rel}","templated":true}]}}