{"id":165252,"date":"2025-01-20T23:30:13","date_gmt":"2025-01-20T22:30:13","guid":{"rendered":"https:\/\/thetreecbd.com\/cbd\/kleine-super-boof-cbd-blute"},"modified":"2025-01-20T23:30:13","modified_gmt":"2025-01-20T22:30:13","slug":"kleine-super-boof-cbd-blute","status":"publish","type":"product","link":"https:\/\/thetreecbd.com\/de\/cbd\/kleine-super-boof-cbd-blute","title":{"rendered":"Kleine Super Boof CBD Bl\u00fcte"},"content":{"rendered":"<article class=\"text-token-text-primary w-full\" dir=\"auto\" data-testid=\"conversation-turn-110\" data-scroll-anchor=\"true\">\n<div class=\"text-base my-auto mx-auto py-5 [--thread-content-margin:--spacing(4)] @[37rem]:[--thread-content-margin:--spacing(6)] @[72rem]:[--thread-content-margin:--spacing(16)] px-(--thread-content-margin)\">\n<div class=\"[--thread-content-max-width:32rem] @[34rem]:[--thread-content-max-width:40rem] @[64rem]:[--thread-content-max-width:48rem] mx-auto flex max-w-(--thread-content-max-width) flex-1 text-base gap-4 md:gap-5 lg:gap-6 group\/turn-messages focus-visible:outline-hidden\" tabindex=\"-1\">\n<div class=\"group\/conversation-turn relative flex w-full min-w-0 flex-col agent-turn\">\n<div class=\"relative flex-col gap-1 md:gap-3\">\n<div class=\"flex max-w-full flex-col grow\">\n<div class=\"min-h-8 text-message relative flex w-full flex-col items-end gap-2 text-start break-words whitespace-normal [.text-message+&amp;]:mt-5\" dir=\"auto\" data-message-author-role=\"assistant\" data-message-id=\"6fb4e7fc-7259-444a-8657-5208395246b2\" data-message-model-slug=\"gpt-4o\">\n<div class=\"flex w-full flex-col gap-1 empty:hidden first:pt-[3px]\">\n<div class=\"markdown prose dark:prose-invert w-full break-words dark\">\n<p class=\"\" data-start=\"0\" data-end=\"239\">Das Produkt <strong>Super Boof CBD Bl\u00fcten und kleine Bl\u00fcten<\/strong> ist eine der Neuheiten im Katalog von The Tree CBD zu einem attraktiven Preis f\u00fcr jedes Budget. Dieses Produkt vereint alle positiven Eigenschaften unserer Indoor- und Greenhouse-Genetik.<\/p>\n<p class=\"\" data-start=\"241\" data-end=\"479\">In diesem Fall werden die kleineren CBD-Bl\u00fcten und -Bl\u00e4tter von allen legalen CBD-Cannabis-Pflanzen geerntet, um euch ein Produkt mit der gleichen Qualit\u00e4t wie alle anderen Varianten von The Tree CBD zu einem g\u00fcnstigeren Preis anzubieten.<\/p>\n<ul>\n<li data-start=\"481\" data-end=\"849\">Diese Sorte ist besonders bekannt f\u00fcr ihr exklusives Aroma, das niemanden gleichg\u00fcltig l\u00e4sst. Die Bl\u00fcten dieser Genetik haben einen intensiven Duft mit fruchtigen Noten, insbesondere Zitrusfr\u00fcchten. Das dominante Terpen ist Myrcen, was sich in erdigen und kirschigen Noten \u00e4u\u00dfert. Ihr intensiver Geruch erg\u00e4nzt eure Erfahrung mit dieser CBD-Blume, die 11% CBD enth\u00e4lt.<\/li>\n<\/ul>\n<p class=\"\" data-start=\"851\" data-end=\"1000\">Wie alle unsere anderen Produkte, die weniger als 0,19% THC enthalten, sind sie in ganz Europa v\u00f6llig legal und haben keinerlei psychoaktive Wirkung.<\/p>\n<h3 class=\"\" data-start=\"1002\" data-end=\"1054\">Eigenschaften der kleinen Super Boof CBD Bl\u00fcten:<\/h3>\n<ul data-start=\"1055\" data-end=\"1283\">\n<li class=\"\" data-start=\"1055\" data-end=\"1092\">\n<p class=\"\" data-start=\"1057\" data-end=\"1092\"><strong>Sorte<\/strong>: Super Boof CBD kleine Bl\u00fcten<\/p>\n<\/li>\n<li class=\"\" data-start=\"1093\" data-end=\"1119\">\n<p class=\"\" data-start=\"1095\" data-end=\"1119\">Hanfbl\u00fcten und -pflanzen<\/p>\n<\/li>\n<li class=\"\" data-start=\"1120\" data-end=\"1145\">\n<p class=\"\" data-start=\"1122\" data-end=\"1145\"><strong>Format<\/strong>: 10-Gramm-Beutel<\/p>\n<\/li>\n<li class=\"\" data-start=\"1146\" data-end=\"1169\">\n<p class=\"\" data-start=\"1148\" data-end=\"1169\">Weniger als 0,19% <strong>THC<\/strong><\/p>\n<\/li>\n<li class=\"\" data-start=\"1170\" data-end=\"1206\">\n<p class=\"\" data-start=\"1172\" data-end=\"1206\">Von 10% bis 23% <strong>CBD<\/strong>, je nach Sorte<\/p>\n<\/li>\n<li class=\"\" data-start=\"1207\" data-end=\"1236\">\n<p class=\"\" data-start=\"1209\" data-end=\"1236\"><strong>Keine psychoaktiven Effekte<\/strong><\/p>\n<\/li>\n<li class=\"\" data-start=\"1237\" data-end=\"1257\">\n<p class=\"\" data-start=\"1239\" data-end=\"1257\">Organisch angebaut<\/p>\n<\/li>\n<li class=\"\" data-start=\"1258\" data-end=\"1268\">\n<p class=\"\" data-start=\"1260\" data-end=\"1268\">GMO-frei<\/p>\n<\/li>\n<li class=\"\" data-start=\"1269\" data-end=\"1283\">\n<p class=\"\" data-start=\"1271\" data-end=\"1283\">Pestizidfrei<\/p>\n<\/li>\n<\/ul>\n<h3 class=\"\" data-start=\"1285\" data-end=\"1318\">Aroma der kleinen CBD-Bl\u00fcten:<\/h3>\n<p class=\"\" data-start=\"1319\" data-end=\"1507\">Terpene finden sich in den meisten \u00e4therischen \u00d6len vieler Pflanzen, Blumen und Fr\u00fcchte und sind verantwortlich f\u00fcr den Duft und Geschmack. Im Cannabis finden wir ein breites Terpenprofil.<\/p>\n<p class=\"\" data-start=\"1509\" data-end=\"1641\">Die verf\u00fcgbaren Terpene variieren je nach Sorte des Beutels. Sieh dir die jeweilige Sorte an, um das Terpen jeder Bl\u00fcte zu erfahren.<\/p>\n<h3 class=\"\" data-start=\"1643\" data-end=\"1658\">Zielgruppe:<\/h3>\n<p class=\"\" data-start=\"1659\" data-end=\"1772\">Die kleinen Bl\u00fcten sind ideal f\u00fcr K\u00e4ufer, die immer noch die gewohnte Qualit\u00e4t zu einem niedrigeren Preis suchen.<\/p>\n<p class=\"\" data-start=\"1774\" data-end=\"1984\">Da sie ein Nebenprodukt oder Ausschuss sind, erm\u00f6glichen es die kleinen Bl\u00fcten, Zugang zu Top-Sorten zu einem stark reduzierten Preis zu erhalten, jedoch immer mit der gleichen Qualit\u00e4t wie das Originalprodukt.<\/p>\n<h3 class=\"\" data-start=\"1986\" data-end=\"2015\">Sicherheitsinformationen:<\/h3>\n<p class=\"\" data-start=\"2016\" data-end=\"2252\">Beachte bitte, dass die CBD-Bl\u00fcten von The Tree ein dekoratives, sammelbares und aromatisches Produkt sind. Sie sollten w\u00e4hrend der Schwangerschaft oder Stillzeit nicht verwendet werden. Au\u00dferhalb der Reichweite von Kindern aufbewahren.<\/p>\n<p class=\"\" data-start=\"2254\" data-end=\"2371\">Unsere CBD-Bl\u00fcten k\u00f6nnen eine geringe Menge THC enthalten. Nat\u00fcrlich liegt diese unter dem EU-Grenzwert von 0,2% THC.<\/p>\n<p class=\"\" data-start=\"2373\" data-end=\"2616\">Der bereitgestellte Inhalt dient ausschlie\u00dflich zu Informations- und Schulungszwecken und ersetzt keinesfalls den Rat eines Arztes oder Apothekers. Unsere Texte sind nicht f\u00fcr die eigenst\u00e4ndige Diagnose oder Behandlung von Krankheiten gedacht.<\/p>\n<p class=\"\" data-start=\"2618\" data-end=\"2681\">Z\u00f6gere nicht, uns zu kontaktieren, wenn du weitere Fragen hast.<\/p>\n<h3 class=\"\" data-start=\"2683\" data-end=\"2696\">Lagerung:<\/h3>\n<p class=\"\" data-start=\"2697\" data-end=\"2957\">Idealerweise sollten die CBD-Bl\u00fcten von The Tree an einem k\u00fchlen und trockenen Ort, gesch\u00fctzt vor Licht und starken Ger\u00fcchen, aufbewahrt werden, um jegliche Art der Kontamination und\/oder Zersetzung zu vermeiden. Direkte Sonneneinstrahlung und W\u00e4rme vermeiden.<\/p>\n<p class=\"\" data-start=\"2959\" data-end=\"3038\">Achtung: Die angegebene Haltbarkeit betr\u00e4gt einen Monat, wenn richtig gelagert.<\/p>\n<\/div>\n<\/div>\n<\/div>\n<\/div>\n<div class=\"flex justify-start\">\n<div class=\"touch:-me-2 touch:-ms-3.5 -ms-2.5 -me-1 flex items-center p-1 select-none -mt-1 duration-[1.5s] focus-within:transition-none hover:transition-none pointer-events-none [mask-image:linear-gradient(to_right,black_33%,transparent_66%)] [mask-size:300%_100%] [mask-position:100%_0%] motion-safe:transition-[mask-position] group-hover\/turn-messages:pointer-events-auto group-hover\/turn-messages:[mask-position:0_0] group-focus-within\/turn-messages:pointer-events-auto group-focus-within\/turn-messages:[mask-position:0_0] has-data-[state=open]:pointer-events-auto has-data-[state=open]:[mask-position:0_0]\"><\/div>\n<\/div>\n<\/div>\n<div class=\"absolute\">\n<div class=\"flex items-center justify-center\"><\/div>\n<\/div>\n<\/div>\n<\/div>\n<\/div>\n<\/article>\n<div class=\"pointer-events-none h-px w-px\" aria-hidden=\"true\" data-edge=\"true\"><\/div>\n","protected":false},"excerpt":{"rendered":"<ul>\n<li><strong>Sorten<\/strong>: Super Boof CBD kleine Bl\u00fcten<\/li>\n<li>Hanfbl\u00fcten und -pflanzen<\/li>\n<li><strong>Format<\/strong>: 10-Gramm-Beutel<\/li>\n<li>Weniger als 0,19% <strong>THC<\/strong><\/li>\n<li>Von 10% bis 23% <strong>CBD<\/strong>, je nach Sorte<\/li>\n<li><strong>Keine psychoaktiven Effekte<\/strong><\/li>\n<li>Organisch angebaut<\/li>\n<li>GMO-frei<\/li>\n<li>Pestizidfrei<\/li>\n<\/ul>\n","protected":false},"featured_media":165253,"template":"","meta":{"_acf_changed":false},"product_brand":[],"class_list":{"0":"post-165252","1":"product","2":"type-product","3":"status-publish","4":"has-post-thumbnail","6":"product_cat-bluten","7":"product_cat-cogollos-pequenos-exterior","8":"product_cat-kleine-cbd-bluten-popcorn-buds","9":"product_cat-produkte-mit-10-cbd","11":"first","12":"instock","13":"taxable","14":"shipping-taxable","15":"purchasable","16":"product-type-variable"},"acf":[],"yoast_head":"<!-- This site is optimized with the Yoast SEO plugin v26.3 - https:\/\/yoast.com\/wordpress\/plugins\/seo\/ -->\n<title>Kleine Super Boof CBD Bl\u00fcte | The Tree CBD<\/title>\n<meta name=\"description\" content=\"Probiere Super Boof. Kleine Bl\u00fcten mit dominanter Indica-Hybridgenetik, intensivem Aroma und fruchtigen Nuancen. 11% CBD und weniger als 0,2% THC.\" \/>\n<meta name=\"robots\" content=\"index, follow, max-snippet:-1, max-image-preview:large, max-video-preview:-1\" \/>\n<link rel=\"canonical\" href=\"https:\/\/thetreecbd.com\/de\/cbd\/kleine-super-boof-cbd-blute\" \/>\n<meta property=\"og:locale\" content=\"de_DE\" \/>\n<meta property=\"og:type\" content=\"article\" \/>\n<meta property=\"og:title\" content=\"Kleine Super Boof CBD Bl\u00fcte | The Tree CBD\" \/>\n<meta property=\"og:description\" content=\"Probiere Super Boof. Kleine Bl\u00fcten mit dominanter Indica-Hybridgenetik, intensivem Aroma und fruchtigen Nuancen. 11% CBD und weniger als 0,2% THC.\" \/>\n<meta property=\"og:url\" content=\"https:\/\/thetreecbd.com\/de\/cbd\/kleine-super-boof-cbd-blute\" \/>\n<meta property=\"og:site_name\" content=\"The Tree CBD\" \/>\n<meta property=\"article:publisher\" content=\"https:\/\/www.facebook.com\/thetreeCBD\/\" \/>\n<meta property=\"og:image\" content=\"https:\/\/thetreecbd.com\/wp-content\/uploads\/2025\/01\/Green_Cure_Heap_1.50.1-scaled-e1740645382474.jpeg\" \/>\n\t<meta property=\"og:image:width\" content=\"1152\" \/>\n\t<meta property=\"og:image:height\" content=\"1150\" \/>\n\t<meta property=\"og:image:type\" content=\"image\/jpeg\" \/>\n<meta name=\"twitter:card\" content=\"summary_large_image\" \/>\n<meta name=\"twitter:site\" content=\"@TheTreeCBD_EU\" \/>\n<meta name=\"twitter:label1\" content=\"Gesch\u00e4tzte Lesezeit\" \/>\n\t<meta name=\"twitter:data1\" content=\"2\u00a0Minuten\" \/>\n<script type=\"application\/ld+json\" class=\"yoast-schema-graph\">{\"@context\":\"https:\/\/schema.org\",\"@graph\":[{\"@type\":[\"WebPage\",\"ItemPage\"],\"@id\":\"https:\/\/thetreecbd.com\/de\/cbd\/kleine-super-boof-cbd-blute\",\"url\":\"https:\/\/thetreecbd.com\/de\/cbd\/kleine-super-boof-cbd-blute\",\"name\":\"Kleine Super Boof CBD Bl\u00fcte | The Tree CBD\",\"isPartOf\":{\"@id\":\"https:\/\/thetreecbd.com\/de#website\"},\"primaryImageOfPage\":{\"@id\":\"https:\/\/thetreecbd.com\/de\/cbd\/kleine-super-boof-cbd-blute#primaryimage\"},\"image\":{\"@id\":\"https:\/\/thetreecbd.com\/de\/cbd\/kleine-super-boof-cbd-blute#primaryimage\"},\"thumbnailUrl\":\"https:\/\/thetreecbd.com\/wp-content\/uploads\/2025\/01\/Green_Cure_Heap_1.50.1-scaled-e1740645382474.jpeg\",\"datePublished\":\"2025-01-20T22:30:13+00:00\",\"description\":\"Probiere Super Boof. Kleine Bl\u00fcten mit dominanter Indica-Hybridgenetik, intensivem Aroma und fruchtigen Nuancen. 11% CBD und weniger als 0,2% THC.\",\"breadcrumb\":{\"@id\":\"https:\/\/thetreecbd.com\/de\/cbd\/kleine-super-boof-cbd-blute#breadcrumb\"},\"inLanguage\":\"de\",\"potentialAction\":[{\"@type\":\"ReadAction\",\"target\":[\"https:\/\/thetreecbd.com\/de\/cbd\/kleine-super-boof-cbd-blute\"]}]},{\"@type\":\"ImageObject\",\"inLanguage\":\"de\",\"@id\":\"https:\/\/thetreecbd.com\/de\/cbd\/kleine-super-boof-cbd-blute#primaryimage\",\"url\":\"https:\/\/thetreecbd.com\/wp-content\/uploads\/2025\/01\/Green_Cure_Heap_1.50.1-scaled-e1740645382474.jpeg\",\"contentUrl\":\"https:\/\/thetreecbd.com\/wp-content\/uploads\/2025\/01\/Green_Cure_Heap_1.50.1-scaled-e1740645382474.jpeg\",\"width\":1152,\"height\":1150},{\"@type\":\"BreadcrumbList\",\"@id\":\"https:\/\/thetreecbd.com\/de\/cbd\/kleine-super-boof-cbd-blute#breadcrumb\",\"itemListElement\":[{\"@type\":\"ListItem\",\"position\":1,\"name\":\"The Tree\",\"item\":\"https:\/\/thetreecbd.com\/de\"},{\"@type\":\"ListItem\",\"position\":2,\"name\":\"CBD\",\"item\":\"https:\/\/thetreecbd.com\/es\/cbd\"},{\"@type\":\"ListItem\",\"position\":3,\"name\":\"CBD-Bl\u00fcten kaufen\",\"item\":\"https:\/\/thetreecbd.com\/de\/bluten\"},{\"@type\":\"ListItem\",\"position\":4,\"name\":\"Kleine CBD-Bl\u00fcten &amp; Popcorn-Buds\",\"item\":\"https:\/\/thetreecbd.com\/de\/bluten\/kleine-cbd-bluten-popcorn-buds\"},{\"@type\":\"ListItem\",\"position\":5,\"name\":\"Kleine Super Boof CBD Bl\u00fcte\"}]},{\"@type\":\"WebSite\",\"@id\":\"https:\/\/thetreecbd.com\/de#website\",\"url\":\"https:\/\/thetreecbd.com\/de\",\"name\":\"The Tree CBD\",\"description\":\"Comprar CBD en Espa\u00f1a Online\",\"publisher\":{\"@id\":\"https:\/\/thetreecbd.com\/de#organization\"},\"potentialAction\":[{\"@type\":\"SearchAction\",\"target\":{\"@type\":\"EntryPoint\",\"urlTemplate\":\"https:\/\/thetreecbd.com\/de?s={search_term_string}\"},\"query-input\":{\"@type\":\"PropertyValueSpecification\",\"valueRequired\":true,\"valueName\":\"search_term_string\"}}],\"inLanguage\":\"de\"},{\"@type\":\"Organization\",\"@id\":\"https:\/\/thetreecbd.com\/de#organization\",\"name\":\"The Tree CBD\",\"url\":\"https:\/\/thetreecbd.com\/de\",\"logo\":{\"@type\":\"ImageObject\",\"inLanguage\":\"de\",\"@id\":\"https:\/\/thetreecbd.com\/de#\/schema\/logo\/image\/\",\"url\":\"https:\/\/thetreecbd.com\/wp-content\/uploads\/2022\/04\/logo-thetree.png\",\"contentUrl\":\"https:\/\/thetreecbd.com\/wp-content\/uploads\/2022\/04\/logo-thetree.png\",\"width\":172,\"height\":55,\"caption\":\"The Tree CBD\"},\"image\":{\"@id\":\"https:\/\/thetreecbd.com\/de#\/schema\/logo\/image\/\"},\"sameAs\":[\"https:\/\/www.facebook.com\/thetreeCBD\/\",\"https:\/\/x.com\/TheTreeCBD_EU\",\"https:\/\/www.instagram.com\/thetree.cbd\/\",\"https:\/\/es.trustpilot.com\/review\/thetreecbd.com\"]}]}<\/script>\n<!-- \/ Yoast SEO plugin. -->","yoast_head_json":{"title":"Kleine Super Boof CBD Bl\u00fcte | The Tree CBD","description":"Probiere Super Boof. Kleine Bl\u00fcten mit dominanter Indica-Hybridgenetik, intensivem Aroma und fruchtigen Nuancen. 11% CBD und weniger als 0,2% THC.","robots":{"index":"index","follow":"follow","max-snippet":"max-snippet:-1","max-image-preview":"max-image-preview:large","max-video-preview":"max-video-preview:-1"},"canonical":"https:\/\/thetreecbd.com\/de\/cbd\/kleine-super-boof-cbd-blute","og_locale":"de_DE","og_type":"article","og_title":"Kleine Super Boof CBD Bl\u00fcte | The Tree CBD","og_description":"Probiere Super Boof. Kleine Bl\u00fcten mit dominanter Indica-Hybridgenetik, intensivem Aroma und fruchtigen Nuancen. 11% CBD und weniger als 0,2% THC.","og_url":"https:\/\/thetreecbd.com\/de\/cbd\/kleine-super-boof-cbd-blute","og_site_name":"The Tree CBD","article_publisher":"https:\/\/www.facebook.com\/thetreeCBD\/","og_image":[{"width":1152,"height":1150,"url":"https:\/\/thetreecbd.com\/wp-content\/uploads\/2025\/01\/Green_Cure_Heap_1.50.1-scaled-e1740645382474.jpeg","type":"image\/jpeg"}],"twitter_card":"summary_large_image","twitter_site":"@TheTreeCBD_EU","twitter_misc":{"Gesch\u00e4tzte Lesezeit":"2\u00a0Minuten"},"schema":{"@context":"https:\/\/schema.org","@graph":[{"@type":["WebPage","ItemPage"],"@id":"https:\/\/thetreecbd.com\/de\/cbd\/kleine-super-boof-cbd-blute","url":"https:\/\/thetreecbd.com\/de\/cbd\/kleine-super-boof-cbd-blute","name":"Kleine Super Boof CBD Bl\u00fcte | The Tree CBD","isPartOf":{"@id":"https:\/\/thetreecbd.com\/de#website"},"primaryImageOfPage":{"@id":"https:\/\/thetreecbd.com\/de\/cbd\/kleine-super-boof-cbd-blute#primaryimage"},"image":{"@id":"https:\/\/thetreecbd.com\/de\/cbd\/kleine-super-boof-cbd-blute#primaryimage"},"thumbnailUrl":"https:\/\/thetreecbd.com\/wp-content\/uploads\/2025\/01\/Green_Cure_Heap_1.50.1-scaled-e1740645382474.jpeg","datePublished":"2025-01-20T22:30:13+00:00","description":"Probiere Super Boof. Kleine Bl\u00fcten mit dominanter Indica-Hybridgenetik, intensivem Aroma und fruchtigen Nuancen. 11% CBD und weniger als 0,2% THC.","breadcrumb":{"@id":"https:\/\/thetreecbd.com\/de\/cbd\/kleine-super-boof-cbd-blute#breadcrumb"},"inLanguage":"de","potentialAction":[{"@type":"ReadAction","target":["https:\/\/thetreecbd.com\/de\/cbd\/kleine-super-boof-cbd-blute"]}]},{"@type":"ImageObject","inLanguage":"de","@id":"https:\/\/thetreecbd.com\/de\/cbd\/kleine-super-boof-cbd-blute#primaryimage","url":"https:\/\/thetreecbd.com\/wp-content\/uploads\/2025\/01\/Green_Cure_Heap_1.50.1-scaled-e1740645382474.jpeg","contentUrl":"https:\/\/thetreecbd.com\/wp-content\/uploads\/2025\/01\/Green_Cure_Heap_1.50.1-scaled-e1740645382474.jpeg","width":1152,"height":1150},{"@type":"BreadcrumbList","@id":"https:\/\/thetreecbd.com\/de\/cbd\/kleine-super-boof-cbd-blute#breadcrumb","itemListElement":[{"@type":"ListItem","position":1,"name":"The Tree","item":"https:\/\/thetreecbd.com\/de"},{"@type":"ListItem","position":2,"name":"CBD","item":"https:\/\/thetreecbd.com\/es\/cbd"},{"@type":"ListItem","position":3,"name":"CBD-Bl\u00fcten kaufen","item":"https:\/\/thetreecbd.com\/de\/bluten"},{"@type":"ListItem","position":4,"name":"Kleine CBD-Bl\u00fcten &amp; Popcorn-Buds","item":"https:\/\/thetreecbd.com\/de\/bluten\/kleine-cbd-bluten-popcorn-buds"},{"@type":"ListItem","position":5,"name":"Kleine Super Boof CBD Bl\u00fcte"}]},{"@type":"WebSite","@id":"https:\/\/thetreecbd.com\/de#website","url":"https:\/\/thetreecbd.com\/de","name":"The Tree CBD","description":"Comprar CBD en Espa\u00f1a Online","publisher":{"@id":"https:\/\/thetreecbd.com\/de#organization"},"potentialAction":[{"@type":"SearchAction","target":{"@type":"EntryPoint","urlTemplate":"https:\/\/thetreecbd.com\/de?s={search_term_string}"},"query-input":{"@type":"PropertyValueSpecification","valueRequired":true,"valueName":"search_term_string"}}],"inLanguage":"de"},{"@type":"Organization","@id":"https:\/\/thetreecbd.com\/de#organization","name":"The Tree CBD","url":"https:\/\/thetreecbd.com\/de","logo":{"@type":"ImageObject","inLanguage":"de","@id":"https:\/\/thetreecbd.com\/de#\/schema\/logo\/image\/","url":"https:\/\/thetreecbd.com\/wp-content\/uploads\/2022\/04\/logo-thetree.png","contentUrl":"https:\/\/thetreecbd.com\/wp-content\/uploads\/2022\/04\/logo-thetree.png","width":172,"height":55,"caption":"The Tree CBD"},"image":{"@id":"https:\/\/thetreecbd.com\/de#\/schema\/logo\/image\/"},"sameAs":["https:\/\/www.facebook.com\/thetreeCBD\/","https:\/\/x.com\/TheTreeCBD_EU","https:\/\/www.instagram.com\/thetree.cbd\/","https:\/\/es.trustpilot.com\/review\/thetreecbd.com"]}]}},"_links":{"self":[{"href":"https:\/\/thetreecbd.com\/de\/wp-json\/wp\/v2\/product\/165252","targetHints":{"allow":["GET"]}}],"collection":[{"href":"https:\/\/thetreecbd.com\/de\/wp-json\/wp\/v2\/product"}],"about":[{"href":"https:\/\/thetreecbd.com\/de\/wp-json\/wp\/v2\/types\/product"}],"version-history":[{"count":0,"href":"https:\/\/thetreecbd.com\/de\/wp-json\/wp\/v2\/product\/165252\/revisions"}],"wp:featuredmedia":[{"embeddable":true,"href":"https:\/\/thetreecbd.com\/de\/wp-json\/wp\/v2\/media\/165253"}],"wp:attachment":[{"href":"https:\/\/thetreecbd.com\/de\/wp-json\/wp\/v2\/media?parent=165252"}],"wp:term":[{"taxonomy":"product_brand","embeddable":true,"href":"https:\/\/thetreecbd.com\/de\/wp-json\/wp\/v2\/product_brand?post=165252"}],"curies":[{"name":"wp","href":"https:\/\/api.w.org\/{rel}","templated":true}]}}