{"id":165257,"date":"2025-01-20T23:35:40","date_gmt":"2025-01-20T22:35:40","guid":{"rendered":"https:\/\/thetreecbd.com\/cbd\/kleine-blute-sweet-island-skunk-cbd"},"modified":"2025-09-02T00:00:43","modified_gmt":"2025-09-01T22:00:43","slug":"kleine-blute-sweet-island-skunk-cbd","status":"publish","type":"product","link":"https:\/\/thetreecbd.com\/de\/cbd\/kleine-blute-sweet-island-skunk-cbd","title":{"rendered":"Kleine Bl\u00fcte Sweet Island Skunk CBD"},"content":{"rendered":"<article class=\"text-token-text-primary w-full\" dir=\"auto\" data-testid=\"conversation-turn-118\" data-scroll-anchor=\"true\">\n<div class=\"text-base my-auto mx-auto py-5 [--thread-content-margin:--spacing(4)] @[37rem]:[--thread-content-margin:--spacing(6)] @[72rem]:[--thread-content-margin:--spacing(16)] px-(--thread-content-margin)\">\n<div class=\"[--thread-content-max-width:32rem] @[34rem]:[--thread-content-max-width:40rem] @[64rem]:[--thread-content-max-width:48rem] mx-auto flex max-w-(--thread-content-max-width) flex-1 text-base gap-4 md:gap-5 lg:gap-6 group\/turn-messages focus-visible:outline-hidden\" tabindex=\"-1\">\n<div class=\"group\/conversation-turn relative flex w-full min-w-0 flex-col agent-turn\">\n<div class=\"relative flex-col gap-1 md:gap-3\">\n<div class=\"flex max-w-full flex-col grow\">\n<div class=\"min-h-8 text-message relative flex w-full flex-col items-end gap-2 text-start break-words whitespace-normal [.text-message+&amp;]:mt-5\" dir=\"auto\" data-message-author-role=\"assistant\" data-message-id=\"e4e2f1d6-e23b-44e3-85d1-91f64e81223d\" data-message-model-slug=\"gpt-4o\">\n<div class=\"flex w-full flex-col gap-1 empty:hidden first:pt-[3px]\">\n<div class=\"markdown prose dark:prose-invert w-full break-words dark\">\n<p class=\"\" data-start=\"0\" data-end=\"238\">Das Produkt <strong>Sweet Island Skunk CBD kleine Bl\u00fcten<\/strong> ist eine der Neuheiten im Katalog von The Tree CBD zu einem attraktiven Preis f\u00fcr jedes Budget. Dieses Produkt vereint alle positiven Eigenschaften unserer Indoor- und Greenhouse-Genetiken.<\/p>\n<p class=\"\" data-start=\"240\" data-end=\"473\">In diesem Fall werden die kleineren CBD-Bl\u00fcten und -Knospen aller legalen CBD-Cannabispflanzen geerntet, um Ihnen ein Produkt mit der gleichen Qualit\u00e4t wie alle anderen The Tree CBD-Sorten zu einem erschwinglicheren Preis anzubieten.<\/p>\n<ul>\n<li data-start=\"475\" data-end=\"1122\"><strong>Sweet Island Skunk<\/strong>: Das Aroma ist das, was den Charakter dieser Pflanze ausmacht. Ihr Duft ist eine Mischung aus s\u00fc\u00df-sauer. Der saure Teil dieses Aromas erinnert an Petroleum, w\u00e4hrend der s\u00fc\u00dfe Teil, wie der Name schon sagt, an Frischk\u00e4secreme erinnert. Au\u00dferdem verfl\u00fcchtigt sich das Aroma der Sweet Island Skunk hin zu einem cremig-s\u00fc\u00dfen Touch, der ihr K\u00f6rper und Intensit\u00e4t verleiht. In Bezug auf das Aussehen der Bl\u00fcte finden sich schokoladige Nuancen mit erdigen, orangefarbenen und wei\u00dfen T\u00f6nen, die an Frischk\u00e4secreme erinnern. Diese Bl\u00fcten haben dank ihres hohen CBD-Gehalts (zwischen 12% und 14%) einen noch st\u00e4rkeren entspannenden Effekt.<\/li>\n<\/ul>\n<p class=\"\" data-start=\"1124\" data-end=\"1293\">Wie bei all unseren anderen Produkten enthalten auch diese Bl\u00fcten weniger als 0,19% THC, sind daher in ganz Europa v\u00f6llig legal und haben keinerlei psychoaktive Wirkung.<\/p>\n<p class=\"\" data-start=\"1295\" data-end=\"1368\"><strong data-start=\"1295\" data-end=\"1366\">Eigenschaften der CBD Sweet Island Skunk kleinen Bl\u00fcten und Knospen<\/strong><\/p>\n<ul data-start=\"1369\" data-end=\"1610\">\n<li class=\"\" data-start=\"1369\" data-end=\"1416\">\n<p class=\"\" data-start=\"1371\" data-end=\"1416\"><strong>Sorte<\/strong>: Sweet Island Skunk CBD kleine Bl\u00fcten<\/p>\n<\/li>\n<li class=\"\" data-start=\"1417\" data-end=\"1444\">\n<p class=\"\" data-start=\"1419\" data-end=\"1444\"><strong>Format<\/strong>: 10-Gramm-Beutel<\/p>\n<\/li>\n<li class=\"\" data-start=\"1445\" data-end=\"1470\">\n<p class=\"\" data-start=\"1447\" data-end=\"1470\">Weniger als 0,19% <strong>THC<\/strong><\/p>\n<\/li>\n<li class=\"\" data-start=\"1471\" data-end=\"1514\">\n<p class=\"\" data-start=\"1473\" data-end=\"1514\">Zwischen 10% und 23% <strong>CBD<\/strong>, je nach Sorte<\/p>\n<\/li>\n<li class=\"\" data-start=\"1515\" data-end=\"1545\">\n<p class=\"\" data-start=\"1517\" data-end=\"1545\"><strong>Keine psychoaktive Wirkung<\/strong><\/p>\n<\/li>\n<li class=\"\" data-start=\"1546\" data-end=\"1569\">\n<p class=\"\" data-start=\"1548\" data-end=\"1569\">Biologisch angebaut<\/p>\n<\/li>\n<li class=\"\" data-start=\"1570\" data-end=\"1586\">\n<p class=\"\" data-start=\"1572\" data-end=\"1586\">Frei von GVO<\/p>\n<\/li>\n<li class=\"\" data-start=\"1587\" data-end=\"1610\">\n<p class=\"\" data-start=\"1589\" data-end=\"1610\">Frei von Pestiziden<\/p>\n<\/li>\n<\/ul>\n<p class=\"\" data-start=\"1612\" data-end=\"1836\"><strong data-start=\"1612\" data-end=\"1644\">Aroma der kleinen CBD-Bl\u00fcten<\/strong><br data-start=\"1644\" data-end=\"1647\" \/>Terpene sind in den meisten \u00e4therischen \u00d6len vieler Pflanzen, Blumen und Fr\u00fcchte enthalten und sind verantwortlich f\u00fcr Geruch und Geschmack. Im Cannabis finden wir ein breites Terpenprofil.<\/p>\n<p class=\"\" data-start=\"1838\" data-end=\"1970\">Die verf\u00fcgbaren Terpene h\u00e4ngen von der Sorte jeder einzelnen Tasche ab. Sie k\u00f6nnen f\u00fcr jede Sorte den spezifischen Terpen nachsehen.<\/p>\n<p class=\"\" data-start=\"1972\" data-end=\"2091\"><strong data-start=\"1972\" data-end=\"1986\">Zielgruppe<\/strong><br data-start=\"1986\" data-end=\"1989\" \/>Die kleinen Bl\u00fcten sind ideal f\u00fcr K\u00e4ufer, die die gewohnte Qualit\u00e4t zu einem niedrigeren Preis suchen.<\/p>\n<p class=\"\" data-start=\"2093\" data-end=\"2314\">Da es sich um ein Nebenprodukt oder Abfall handelt, erm\u00f6glichen kleine Bl\u00fcten den Zugang zu erstklassigen Sorten zu einem stark reduzierten Preis, wobei immer die gleiche Qualit\u00e4t wie beim Originalprodukt erhalten bleibt.<\/p>\n<p class=\"\" data-start=\"2316\" data-end=\"2582\"><strong data-start=\"2316\" data-end=\"2344\">Sicherheitsinformationen<\/strong><br data-start=\"2344\" data-end=\"2347\" \/>Beachten Sie, dass die CBD-Bl\u00fcten von The Tree ein dekoratives, sammelbares und aromatisches Produkt sind. Sie sollten w\u00e4hrend der Schwangerschaft oder Stillzeit nicht verwendet werden. Au\u00dferhalb der Reichweite von Kindern aufbewahren.<\/p>\n<p class=\"\" data-start=\"2584\" data-end=\"2708\">Unsere CBD-Bl\u00fcten k\u00f6nnen eine geringe Menge THC enthalten. Nat\u00fcrlich liegt dieser Wert unterhalb des EU-Limits von 0,2% THC.<\/p>\n<p class=\"\" data-start=\"2710\" data-end=\"2952\">Die bereitgestellten Informationen dienen nur zu Informations- und Schulungszwecken und ersetzen keinesfalls den Rat eines Arztes oder Apothekers. Unsere Texte sind nicht f\u00fcr die eigenst\u00e4ndige Diagnose und Behandlung von Krankheiten bestimmt.<\/p>\n<p class=\"\" data-start=\"2954\" data-end=\"3023\">Z\u00f6gern Sie nicht, uns zu kontaktieren, wenn Sie weitere Fragen haben.<\/p>\n<p class=\"\" data-start=\"3025\" data-end=\"3305\"><strong data-start=\"3025\" data-end=\"3037\">Lagerung<\/strong><br data-start=\"3037\" data-end=\"3040\" \/>Die CBD-Bl\u00fcten von The Tree sollten idealerweise an einem k\u00fchlen, trockenen Ort aufbewahrt werden, der vor Licht und starken Ger\u00fcchen gesch\u00fctzt ist, um jegliche Art von Kontamination und\/oder Verderb zu vermeiden. Vermeiden Sie direkte Sonneneinstrahlung und Hitze.<\/p>\n<p class=\"\" data-start=\"3307\" data-end=\"3407\"><strong data-start=\"3307\" data-end=\"3319\">Hinweis:<\/strong> Die angegebene Haltbarkeit betr\u00e4gt einen Monat, wenn das Produkt korrekt gelagert wird.<\/p>\n<\/div>\n<\/div>\n<\/div>\n<\/div>\n<div class=\"flex justify-start\">\n<div class=\"touch:-me-2 touch:-ms-3.5 -ms-2.5 -me-1 flex items-center p-1 select-none -mt-1 duration-[1.5s] focus-within:transition-none hover:transition-none pointer-events-none [mask-image:linear-gradient(to_right,black_33%,transparent_66%)] [mask-size:300%_100%] [mask-position:100%_0%] motion-safe:transition-[mask-position] group-hover\/turn-messages:pointer-events-auto group-hover\/turn-messages:[mask-position:0_0] group-focus-within\/turn-messages:pointer-events-auto group-focus-within\/turn-messages:[mask-position:0_0] has-data-[state=open]:pointer-events-auto has-data-[state=open]:[mask-position:0_0]\"><\/div>\n<\/div>\n<\/div>\n<div class=\"absolute\">\n<div class=\"flex items-center justify-center\"><\/div>\n<\/div>\n<\/div>\n<\/div>\n<\/div>\n<\/article>\n<div class=\"pointer-events-none h-px w-px\" aria-hidden=\"true\" data-edge=\"true\"><\/div>\n","protected":false},"excerpt":{"rendered":"<article class=\"text-token-text-primary w-full\" dir=\"auto\" data-testid=\"conversation-turn-120\" data-scroll-anchor=\"true\">\n<div class=\"text-base my-auto mx-auto py-5 [--thread-content-margin:--spacing(4)] @[37rem]:[--thread-content-margin:--spacing(6)] @[72rem]:[--thread-content-margin:--spacing(16)] px-(--thread-content-margin)\">\n<div class=\"[--thread-content-max-width:32rem] @[34rem]:[--thread-content-max-width:40rem] @[64rem]:[--thread-content-max-width:48rem] mx-auto flex max-w-(--thread-content-max-width) flex-1 text-base gap-4 md:gap-5 lg:gap-6 group\/turn-messages focus-visible:outline-hidden\" tabindex=\"-1\">\n<div class=\"group\/conversation-turn relative flex w-full min-w-0 flex-col agent-turn\">\n<div class=\"relative flex-col gap-1 md:gap-3\">\n<div class=\"flex max-w-full flex-col grow\">\n<div class=\"min-h-8 text-message relative flex w-full flex-col items-end gap-2 text-start break-words whitespace-normal [.text-message+&amp;]:mt-5\" dir=\"auto\" data-message-author-role=\"assistant\" data-message-id=\"144f9673-c8ca-47ac-a033-f1dab5c0697b\" data-message-model-slug=\"gpt-4o\">\n<div class=\"flex w-full flex-col gap-1 empty:hidden first:pt-[3px]\">\n<div class=\"markdown prose dark:prose-invert w-full break-words dark\">\n<ul>\n<li data-start=\"0\" data-end=\"245\"><strong data-start=\"0\" data-end=\"11\" data-is-only-node=\"\">Sorten:<\/strong> Sweet Island Skunk kleine Bl\u00fcten<\/li>\n<li data-start=\"0\" data-end=\"245\">Hanfbl\u00fcten und -knospen<\/li>\n<li data-start=\"0\" data-end=\"245\"><strong>Format<\/strong>: 10-Gramm-Beutel<\/li>\n<li data-start=\"0\" data-end=\"245\">Weniger als 0,19% <strong>THC<\/strong><\/li>\n<li data-start=\"0\" data-end=\"245\">Von 10% bis 23% <strong>CBD<\/strong>, je nach Sorte<\/li>\n<li data-start=\"0\" data-end=\"245\"><strong>Keine psychoaktive Wirkung<\/strong><\/li>\n<li data-start=\"0\" data-end=\"245\">Biologisch angebaut<\/li>\n<li data-start=\"0\" data-end=\"245\">Frei von GVO<\/li>\n<li data-start=\"0\" data-end=\"245\">Frei von Pestiziden<\/li>\n<\/ul>\n<\/div>\n<\/div>\n<\/div>\n<\/div>\n<div class=\"flex justify-start\">\n<div class=\"touch:-me-2 touch:-ms-3.5 -ms-2.5 -me-1 flex items-center p-1 select-none -mt-1 duration-[1.5s] focus-within:transition-none hover:transition-none pointer-events-none [mask-image:linear-gradient(to_right,black_33%,transparent_66%)] [mask-size:300%_100%] [mask-position:100%_0%] motion-safe:transition-[mask-position] group-hover\/turn-messages:pointer-events-auto group-hover\/turn-messages:[mask-position:0_0] group-focus-within\/turn-messages:pointer-events-auto group-focus-within\/turn-messages:[mask-position:0_0] has-data-[state=open]:pointer-events-auto has-data-[state=open]:[mask-position:0_0]\"><\/div>\n<\/div>\n<\/div>\n<div class=\"absolute\">\n<div class=\"flex items-center justify-center\"><\/div>\n<\/div>\n<\/div>\n<\/div>\n<\/div>\n<\/article>\n<div class=\"pointer-events-none h-px w-px\" aria-hidden=\"true\" data-edge=\"true\"><\/div>\n","protected":false},"featured_media":165258,"template":"","meta":{"_acf_changed":false},"product_brand":[],"class_list":{"0":"post-165257","1":"product","2":"type-product","3":"status-publish","4":"has-post-thumbnail","6":"product_cat-bluten","7":"product_cat-cogollos-pequenos-exterior","8":"product_cat-kleine-cbd-bluten-popcorn-buds","9":"product_cat-produkte-mit-10-cbd","11":"first","12":"instock","13":"taxable","14":"shipping-taxable","15":"purchasable","16":"product-type-variable"},"acf":[],"yoast_head":"<!-- This site is optimized with the Yoast SEO plugin v26.3 - https:\/\/yoast.com\/wordpress\/plugins\/seo\/ -->\n<title>Kleine Bl\u00fcte Sweet Island Skunk CBD | The Tree CBD<\/title>\n<meta name=\"description\" content=\"Die kleine Bl\u00fcte von Sweet Island Skunk CBD ist eine Sorte, die ein Aroma zwischen s\u00fc\u00df und nach Petroleum bietet, dem du nicht widerstehen kannst. Sogar mit bis zu 14% CBD! Legal in Europa.\" \/>\n<meta name=\"robots\" content=\"index, follow, max-snippet:-1, max-image-preview:large, max-video-preview:-1\" \/>\n<link rel=\"canonical\" href=\"https:\/\/thetreecbd.com\/de\/cbd\/kleine-blute-sweet-island-skunk-cbd\" \/>\n<meta property=\"og:locale\" content=\"de_DE\" \/>\n<meta property=\"og:type\" content=\"article\" \/>\n<meta property=\"og:title\" content=\"Kleine Bl\u00fcte Sweet Island Skunk CBD | The Tree CBD\" \/>\n<meta property=\"og:description\" content=\"Die kleine Bl\u00fcte von Sweet Island Skunk CBD ist eine Sorte, die ein Aroma zwischen s\u00fc\u00df und nach Petroleum bietet, dem du nicht widerstehen kannst. Sogar mit bis zu 14% CBD! Legal in Europa.\" \/>\n<meta property=\"og:url\" content=\"https:\/\/thetreecbd.com\/de\/cbd\/kleine-blute-sweet-island-skunk-cbd\" \/>\n<meta property=\"og:site_name\" content=\"The Tree CBD\" \/>\n<meta property=\"article:publisher\" content=\"https:\/\/www.facebook.com\/thetreeCBD\/\" \/>\n<meta property=\"article:modified_time\" content=\"2025-09-01T22:00:43+00:00\" \/>\n<meta property=\"og:image\" content=\"https:\/\/thetreecbd.com\/wp-content\/uploads\/2025\/01\/Malibu_Exotic_Heap_1.48.1-scaled-e1740645317417.jpeg\" \/>\n\t<meta property=\"og:image:width\" content=\"1152\" \/>\n\t<meta property=\"og:image:height\" content=\"1198\" \/>\n\t<meta property=\"og:image:type\" content=\"image\/jpeg\" \/>\n<meta name=\"twitter:card\" content=\"summary_large_image\" \/>\n<meta name=\"twitter:site\" content=\"@TheTreeCBD_EU\" \/>\n<meta name=\"twitter:label1\" content=\"Gesch\u00e4tzte Lesezeit\" \/>\n\t<meta name=\"twitter:data1\" content=\"3\u00a0Minuten\" \/>\n<script type=\"application\/ld+json\" class=\"yoast-schema-graph\">{\"@context\":\"https:\/\/schema.org\",\"@graph\":[{\"@type\":[\"WebPage\",\"ItemPage\"],\"@id\":\"https:\/\/thetreecbd.com\/de\/cbd\/kleine-blute-sweet-island-skunk-cbd\",\"url\":\"https:\/\/thetreecbd.com\/de\/cbd\/kleine-blute-sweet-island-skunk-cbd\",\"name\":\"Kleine Bl\u00fcte Sweet Island Skunk CBD | The Tree CBD\",\"isPartOf\":{\"@id\":\"https:\/\/thetreecbd.com\/de#website\"},\"primaryImageOfPage\":{\"@id\":\"https:\/\/thetreecbd.com\/de\/cbd\/kleine-blute-sweet-island-skunk-cbd#primaryimage\"},\"image\":{\"@id\":\"https:\/\/thetreecbd.com\/de\/cbd\/kleine-blute-sweet-island-skunk-cbd#primaryimage\"},\"thumbnailUrl\":\"https:\/\/thetreecbd.com\/wp-content\/uploads\/2025\/01\/Malibu_Exotic_Heap_1.48.1-scaled-e1740645317417.jpeg\",\"datePublished\":\"2025-01-20T22:35:40+00:00\",\"dateModified\":\"2025-09-01T22:00:43+00:00\",\"description\":\"Die kleine Bl\u00fcte von Sweet Island Skunk CBD ist eine Sorte, die ein Aroma zwischen s\u00fc\u00df und nach Petroleum bietet, dem du nicht widerstehen kannst. Sogar mit bis zu 14% CBD! Legal in Europa.\",\"breadcrumb\":{\"@id\":\"https:\/\/thetreecbd.com\/de\/cbd\/kleine-blute-sweet-island-skunk-cbd#breadcrumb\"},\"inLanguage\":\"de\",\"potentialAction\":[{\"@type\":\"ReadAction\",\"target\":[\"https:\/\/thetreecbd.com\/de\/cbd\/kleine-blute-sweet-island-skunk-cbd\"]}]},{\"@type\":\"ImageObject\",\"inLanguage\":\"de\",\"@id\":\"https:\/\/thetreecbd.com\/de\/cbd\/kleine-blute-sweet-island-skunk-cbd#primaryimage\",\"url\":\"https:\/\/thetreecbd.com\/wp-content\/uploads\/2025\/01\/Malibu_Exotic_Heap_1.48.1-scaled-e1740645317417.jpeg\",\"contentUrl\":\"https:\/\/thetreecbd.com\/wp-content\/uploads\/2025\/01\/Malibu_Exotic_Heap_1.48.1-scaled-e1740645317417.jpeg\",\"width\":1152,\"height\":1198},{\"@type\":\"BreadcrumbList\",\"@id\":\"https:\/\/thetreecbd.com\/de\/cbd\/kleine-blute-sweet-island-skunk-cbd#breadcrumb\",\"itemListElement\":[{\"@type\":\"ListItem\",\"position\":1,\"name\":\"The Tree\",\"item\":\"https:\/\/thetreecbd.com\/de\"},{\"@type\":\"ListItem\",\"position\":2,\"name\":\"CBD\",\"item\":\"https:\/\/thetreecbd.com\/es\/cbd\"},{\"@type\":\"ListItem\",\"position\":3,\"name\":\"CBD-Bl\u00fcten kaufen\",\"item\":\"https:\/\/thetreecbd.com\/de\/bluten\"},{\"@type\":\"ListItem\",\"position\":4,\"name\":\"Kleine CBD-Bl\u00fcten &amp; Popcorn-Buds\",\"item\":\"https:\/\/thetreecbd.com\/de\/bluten\/kleine-cbd-bluten-popcorn-buds\"},{\"@type\":\"ListItem\",\"position\":5,\"name\":\"Kleine Bl\u00fcte Sweet Island Skunk CBD\"}]},{\"@type\":\"WebSite\",\"@id\":\"https:\/\/thetreecbd.com\/de#website\",\"url\":\"https:\/\/thetreecbd.com\/de\",\"name\":\"The Tree CBD\",\"description\":\"Comprar CBD en Espa\u00f1a Online\",\"publisher\":{\"@id\":\"https:\/\/thetreecbd.com\/de#organization\"},\"potentialAction\":[{\"@type\":\"SearchAction\",\"target\":{\"@type\":\"EntryPoint\",\"urlTemplate\":\"https:\/\/thetreecbd.com\/de?s={search_term_string}\"},\"query-input\":{\"@type\":\"PropertyValueSpecification\",\"valueRequired\":true,\"valueName\":\"search_term_string\"}}],\"inLanguage\":\"de\"},{\"@type\":\"Organization\",\"@id\":\"https:\/\/thetreecbd.com\/de#organization\",\"name\":\"The Tree CBD\",\"url\":\"https:\/\/thetreecbd.com\/de\",\"logo\":{\"@type\":\"ImageObject\",\"inLanguage\":\"de\",\"@id\":\"https:\/\/thetreecbd.com\/de#\/schema\/logo\/image\/\",\"url\":\"https:\/\/thetreecbd.com\/wp-content\/uploads\/2022\/04\/logo-thetree.png\",\"contentUrl\":\"https:\/\/thetreecbd.com\/wp-content\/uploads\/2022\/04\/logo-thetree.png\",\"width\":172,\"height\":55,\"caption\":\"The Tree CBD\"},\"image\":{\"@id\":\"https:\/\/thetreecbd.com\/de#\/schema\/logo\/image\/\"},\"sameAs\":[\"https:\/\/www.facebook.com\/thetreeCBD\/\",\"https:\/\/x.com\/TheTreeCBD_EU\",\"https:\/\/www.instagram.com\/thetree.cbd\/\",\"https:\/\/es.trustpilot.com\/review\/thetreecbd.com\"]}]}<\/script>\n<!-- \/ Yoast SEO plugin. -->","yoast_head_json":{"title":"Kleine Bl\u00fcte Sweet Island Skunk CBD | The Tree CBD","description":"Die kleine Bl\u00fcte von Sweet Island Skunk CBD ist eine Sorte, die ein Aroma zwischen s\u00fc\u00df und nach Petroleum bietet, dem du nicht widerstehen kannst. Sogar mit bis zu 14% CBD! Legal in Europa.","robots":{"index":"index","follow":"follow","max-snippet":"max-snippet:-1","max-image-preview":"max-image-preview:large","max-video-preview":"max-video-preview:-1"},"canonical":"https:\/\/thetreecbd.com\/de\/cbd\/kleine-blute-sweet-island-skunk-cbd","og_locale":"de_DE","og_type":"article","og_title":"Kleine Bl\u00fcte Sweet Island Skunk CBD | The Tree CBD","og_description":"Die kleine Bl\u00fcte von Sweet Island Skunk CBD ist eine Sorte, die ein Aroma zwischen s\u00fc\u00df und nach Petroleum bietet, dem du nicht widerstehen kannst. Sogar mit bis zu 14% CBD! Legal in Europa.","og_url":"https:\/\/thetreecbd.com\/de\/cbd\/kleine-blute-sweet-island-skunk-cbd","og_site_name":"The Tree CBD","article_publisher":"https:\/\/www.facebook.com\/thetreeCBD\/","article_modified_time":"2025-09-01T22:00:43+00:00","og_image":[{"width":1152,"height":1198,"url":"https:\/\/thetreecbd.com\/wp-content\/uploads\/2025\/01\/Malibu_Exotic_Heap_1.48.1-scaled-e1740645317417.jpeg","type":"image\/jpeg"}],"twitter_card":"summary_large_image","twitter_site":"@TheTreeCBD_EU","twitter_misc":{"Gesch\u00e4tzte Lesezeit":"3\u00a0Minuten"},"schema":{"@context":"https:\/\/schema.org","@graph":[{"@type":["WebPage","ItemPage"],"@id":"https:\/\/thetreecbd.com\/de\/cbd\/kleine-blute-sweet-island-skunk-cbd","url":"https:\/\/thetreecbd.com\/de\/cbd\/kleine-blute-sweet-island-skunk-cbd","name":"Kleine Bl\u00fcte Sweet Island Skunk CBD | The Tree CBD","isPartOf":{"@id":"https:\/\/thetreecbd.com\/de#website"},"primaryImageOfPage":{"@id":"https:\/\/thetreecbd.com\/de\/cbd\/kleine-blute-sweet-island-skunk-cbd#primaryimage"},"image":{"@id":"https:\/\/thetreecbd.com\/de\/cbd\/kleine-blute-sweet-island-skunk-cbd#primaryimage"},"thumbnailUrl":"https:\/\/thetreecbd.com\/wp-content\/uploads\/2025\/01\/Malibu_Exotic_Heap_1.48.1-scaled-e1740645317417.jpeg","datePublished":"2025-01-20T22:35:40+00:00","dateModified":"2025-09-01T22:00:43+00:00","description":"Die kleine Bl\u00fcte von Sweet Island Skunk CBD ist eine Sorte, die ein Aroma zwischen s\u00fc\u00df und nach Petroleum bietet, dem du nicht widerstehen kannst. Sogar mit bis zu 14% CBD! Legal in Europa.","breadcrumb":{"@id":"https:\/\/thetreecbd.com\/de\/cbd\/kleine-blute-sweet-island-skunk-cbd#breadcrumb"},"inLanguage":"de","potentialAction":[{"@type":"ReadAction","target":["https:\/\/thetreecbd.com\/de\/cbd\/kleine-blute-sweet-island-skunk-cbd"]}]},{"@type":"ImageObject","inLanguage":"de","@id":"https:\/\/thetreecbd.com\/de\/cbd\/kleine-blute-sweet-island-skunk-cbd#primaryimage","url":"https:\/\/thetreecbd.com\/wp-content\/uploads\/2025\/01\/Malibu_Exotic_Heap_1.48.1-scaled-e1740645317417.jpeg","contentUrl":"https:\/\/thetreecbd.com\/wp-content\/uploads\/2025\/01\/Malibu_Exotic_Heap_1.48.1-scaled-e1740645317417.jpeg","width":1152,"height":1198},{"@type":"BreadcrumbList","@id":"https:\/\/thetreecbd.com\/de\/cbd\/kleine-blute-sweet-island-skunk-cbd#breadcrumb","itemListElement":[{"@type":"ListItem","position":1,"name":"The Tree","item":"https:\/\/thetreecbd.com\/de"},{"@type":"ListItem","position":2,"name":"CBD","item":"https:\/\/thetreecbd.com\/es\/cbd"},{"@type":"ListItem","position":3,"name":"CBD-Bl\u00fcten kaufen","item":"https:\/\/thetreecbd.com\/de\/bluten"},{"@type":"ListItem","position":4,"name":"Kleine CBD-Bl\u00fcten &amp; Popcorn-Buds","item":"https:\/\/thetreecbd.com\/de\/bluten\/kleine-cbd-bluten-popcorn-buds"},{"@type":"ListItem","position":5,"name":"Kleine Bl\u00fcte Sweet Island Skunk CBD"}]},{"@type":"WebSite","@id":"https:\/\/thetreecbd.com\/de#website","url":"https:\/\/thetreecbd.com\/de","name":"The Tree CBD","description":"Comprar CBD en Espa\u00f1a Online","publisher":{"@id":"https:\/\/thetreecbd.com\/de#organization"},"potentialAction":[{"@type":"SearchAction","target":{"@type":"EntryPoint","urlTemplate":"https:\/\/thetreecbd.com\/de?s={search_term_string}"},"query-input":{"@type":"PropertyValueSpecification","valueRequired":true,"valueName":"search_term_string"}}],"inLanguage":"de"},{"@type":"Organization","@id":"https:\/\/thetreecbd.com\/de#organization","name":"The Tree CBD","url":"https:\/\/thetreecbd.com\/de","logo":{"@type":"ImageObject","inLanguage":"de","@id":"https:\/\/thetreecbd.com\/de#\/schema\/logo\/image\/","url":"https:\/\/thetreecbd.com\/wp-content\/uploads\/2022\/04\/logo-thetree.png","contentUrl":"https:\/\/thetreecbd.com\/wp-content\/uploads\/2022\/04\/logo-thetree.png","width":172,"height":55,"caption":"The Tree CBD"},"image":{"@id":"https:\/\/thetreecbd.com\/de#\/schema\/logo\/image\/"},"sameAs":["https:\/\/www.facebook.com\/thetreeCBD\/","https:\/\/x.com\/TheTreeCBD_EU","https:\/\/www.instagram.com\/thetree.cbd\/","https:\/\/es.trustpilot.com\/review\/thetreecbd.com"]}]}},"_links":{"self":[{"href":"https:\/\/thetreecbd.com\/de\/wp-json\/wp\/v2\/product\/165257","targetHints":{"allow":["GET"]}}],"collection":[{"href":"https:\/\/thetreecbd.com\/de\/wp-json\/wp\/v2\/product"}],"about":[{"href":"https:\/\/thetreecbd.com\/de\/wp-json\/wp\/v2\/types\/product"}],"version-history":[{"count":0,"href":"https:\/\/thetreecbd.com\/de\/wp-json\/wp\/v2\/product\/165257\/revisions"}],"wp:featuredmedia":[{"embeddable":true,"href":"https:\/\/thetreecbd.com\/de\/wp-json\/wp\/v2\/media\/165258"}],"wp:attachment":[{"href":"https:\/\/thetreecbd.com\/de\/wp-json\/wp\/v2\/media?parent=165257"}],"wp:term":[{"taxonomy":"product_brand","embeddable":true,"href":"https:\/\/thetreecbd.com\/de\/wp-json\/wp\/v2\/product_brand?post=165257"}],"curies":[{"name":"wp","href":"https:\/\/api.w.org\/{rel}","templated":true}]}}