{"id":165297,"date":"2021-09-14T16:58:40","date_gmt":"2021-09-14T14:58:40","guid":{"rendered":"https:\/\/thetreecbd.com\/cbd\/harze-cbd-bubble-hash"},"modified":"2025-05-20T09:54:55","modified_gmt":"2025-05-20T07:54:55","slug":"harze-cbd-bubble-hash","status":"publish","type":"product","link":"https:\/\/thetreecbd.com\/de\/cbd\/harze-cbd-bubble-hash","title":{"rendered":"Bubble Hash CBD"},"content":{"rendered":"<p class=\"\" data-start=\"117\" data-end=\"456\"><strong data-start=\"117\" data-end=\"176\">Bubble Hash CBD, die Neuheit vom Team von The Tree CBD.<\/strong> Ein spezielles Haschisch, das ausschlie\u00dflich mit 90-Mikron-Sieben gewonnen wird, wobei nur die besten Eigenschaften extrahiert werden. Ziel ist es, ein Produkt mit all seinen nat\u00fcrlichen Terpenen und einem starken Aroma ohne k\u00fcnstliche Zus\u00e4tze anzubieten \u2013 nur echte Hanfterpene.<\/p>\n<p class=\"\" data-start=\"458\" data-end=\"529\"><strong data-start=\"458\" data-end=\"529\">Harz aus 90-Mikron-Sieben \u2013 der beste Ausdruck unseres Bubble Hash.<\/strong><\/p>\n<p class=\"\" data-start=\"531\" data-end=\"1031\">Dieses Cannabis-Harz von The Tree CBD ist ein hochwertiges, handwerklich hergestelltes Produkt und unterscheidet sich deutlich von anderen kommerziellen CBD-Haschsorten. Auf den ersten Blick sind nur Harzkristalle zu erkennen, die eine angenehme Aromamischung verstr\u00f6men. Die hohe Qualit\u00e4t dieses Produkts zeigt sich im Geruch und im ersten Eindruck. Mit einem Duft und Geschmack, der dem besten Bubble Hash CBD ebenb\u00fcrtig ist \u2013 f\u00fcr ein au\u00dfergew\u00f6hnliches Erlebnis, das alle Hash-Liebhaber begeistert.<\/p>\n<p class=\"\" data-start=\"1033\" data-end=\"1339\"><strong data-start=\"1033\" data-end=\"1089\">Harze sind besonders beliebt bei erfahrenen Nutzern.<\/strong> Durch das Extraktionsverfahren wird ein Gro\u00dfteil des Pflanzenmaterials entfernt, wodurch die Cannabinoide konzentriert werden. Au\u00dferdem darf nicht vergessen werden, dass durch das Entfernen des Chlorophylls ein weniger intensiver Geschmack entsteht.<\/p>\n<p class=\"\" data-start=\"1341\" data-end=\"1481\"><strong data-start=\"1341\" data-end=\"1481\">Dieses Bubble Hash CBD stammt aus biologischem Hanfanbau in Europa und enth\u00e4lt weniger als 0,2\u202f% THC, was es in ganz Europa legal macht.<\/strong><\/p>\n<p class=\"\" data-start=\"1488\" data-end=\"1787\"><strong data-start=\"1488\" data-end=\"1510\">Warum dieser Name?<\/strong><br data-start=\"1510\" data-end=\"1513\" \/>Bubble Hash bezeichnet eine spezielle Art von Haschisch, das mit einem Verfahren aus Eiswasser hergestellt wird. Wie traditionelles Hasch ist Bubble Hash eine feste Konzentration von Cannabis-Harzdr\u00fcsen bzw. Trichomen. Die Farbe kann von hellblond bis dunkelbraun variieren.<\/p>\n<p class=\"\" data-start=\"1789\" data-end=\"2195\"><strong data-start=\"1789\" data-end=\"1851\">\u201eFull Melt\u201c gilt als die h\u00f6chste Qualit\u00e4t von Bubble Hash.<\/strong> Bewertet man Hash auf einer Skala von eins bis sechs Sternen, steht das Sechs-Sterne-Hash f\u00fcr die reinste und begehrteste Variante. Diese hochwertigen Hashsorten werden mit extrem feinen Sieben hergestellt, die das Pflanzenmaterial zur\u00fcckhalten \u2013 nur die kleinen Trichomk\u00f6pfe gelangen hindurch. Genau wie beim Bubble Hash CBD von The Tree CBD.<\/p>\n<p class=\"\" data-start=\"2202\" data-end=\"2480\"><strong data-start=\"2202\" data-end=\"2239\">Eigenschaften des Bubble Hash CBD<\/strong><\/p>\n<ul>\n<li data-start=\"2202\" data-end=\"2480\">CBD-Hasch. Extrakt aus der Hanfpflanze.<\/li>\n<li data-start=\"2202\" data-end=\"2480\">Format: Beutel mit 3\u202fg, 5\u202fg, 15\u202fg und 25\u202fg<\/li>\n<li data-start=\"2202\" data-end=\"2480\">20,5\u202f% CBD<\/li>\n<li data-start=\"2202\" data-end=\"2480\">Weniger als 0,19\u202f% THC<\/li>\n<li data-start=\"2202\" data-end=\"2480\">Keine psychoaktiven Effekte<\/li>\n<li data-start=\"2202\" data-end=\"2480\">Biologisch angebauter Hanf<\/li>\n<li data-start=\"2202\" data-end=\"2480\">Frei von Gentechnik (GMO-frei)<\/li>\n<li data-start=\"2202\" data-end=\"2480\">Frei von Pestiziden<\/li>\n<\/ul>\n<p class=\"\" data-start=\"2487\" data-end=\"2696\"><strong data-start=\"2487\" data-end=\"2514\">Aroma \u2013 Bubble Hash CBD<\/strong><br data-start=\"2514\" data-end=\"2517\" \/>Terpene finden sich in den meisten \u00e4therischen \u00d6len vieler Pflanzen, Blumen und Fr\u00fcchte. Sie sind verantwortlich f\u00fcr Duft und Geschmack. Cannabis besitzt ein breites Terpenprofil.<\/p>\n<p class=\"\" data-start=\"2698\" data-end=\"2782\">Das Bubble Hash CBD von The Tree hat ein s\u00fc\u00dfes Aroma mit Noten von Cola und Melasse.<\/p>\n<p class=\"\" data-start=\"2789\" data-end=\"3072\"><strong data-start=\"2789\" data-end=\"2803\">Zielgruppe<\/strong><br data-start=\"2803\" data-end=\"2806\" \/>Bubble Hash CBD ist durch seinen honigfarbenen Braunton besonders attraktiv. Bei m\u00e4\u00dfiger bis warmer Temperatur sollte sich die Farbe des Haschischs von einem dunkleren zu einem leicht goldgelben Farbton mit leichter Transparenz ver\u00e4ndern \u2013 anstatt gleich zu bleiben.<\/p>\n<p class=\"\" data-start=\"3074\" data-end=\"3223\">Aus K\u00e4ufersicht richtet sich Bubble Hash CBD an diejenigen, die ein handwerklich hergestelltes, hochwertiges Produkt mit starkem, s\u00fc\u00dfem Aroma suchen.<\/p>\n<hr class=\"\" data-start=\"3225\" data-end=\"3228\" \/>\n<p class=\"\" data-start=\"3230\" data-end=\"3489\"><strong data-start=\"3230\" data-end=\"3256\">Sicherheitsinformation<\/strong><br data-start=\"3256\" data-end=\"3259\" \/>Bitte beachten: Die CBD-Harze von The Tree sind ein dekoratives, sammelbares und aromatisches Produkt. Sie d\u00fcrfen nicht w\u00e4hrend der Schwangerschaft oder Stillzeit verwendet werden. Au\u00dferhalb der Reichweite von Kindern aufbewahren.<\/p>\n<p class=\"\" data-start=\"3491\" data-end=\"3623\">Unsere CBD-Harze k\u00f6nnen eine geringe Menge THC enthalten. Selbstverst\u00e4ndlich liegt dieser Wert unter dem EU-Grenzwert von 0,2\u202f% THC.<\/p>\n<p class=\"\" data-start=\"3625\" data-end=\"3861\">Die bereitgestellten Inhalte dienen ausschlie\u00dflich zu Informations- und Schulungszwecken und ersetzen keinesfalls eine \u00e4rztliche Beratung. Unsere Texte sind nicht f\u00fcr eine eigenst\u00e4ndige Diagnose oder Behandlung von Krankheiten bestimmt.<\/p>\n<p class=\"\" data-start=\"3863\" data-end=\"3921\">Z\u00f6gern Sie nicht, uns bei weiteren Fragen zu kontaktieren.<\/p>\n<p class=\"\" data-start=\"3928\" data-end=\"4184\"><strong data-start=\"3928\" data-end=\"3940\">Lagerung<\/strong><br data-start=\"3940\" data-end=\"3943\" \/>Idealerweise sollten die CBD-Harze von The Tree an einem k\u00fchlen, trockenen Ort aufbewahrt werden \u2013 im K\u00fchlschrank ist optimal \u2013, gesch\u00fctzt vor Licht und starken Ger\u00fcchen, um jede Art von Verunreinigung und\/oder Qualit\u00e4tsverlust zu vermeiden.<\/p>\n<p class=\"\" data-start=\"4186\" data-end=\"4233\">Direkte Sonneneinstrahlung und W\u00e4rme vermeiden.<\/p>\n<p class=\"\" data-start=\"4235\" data-end=\"4320\"><strong data-start=\"4235\" data-end=\"4247\">Hinweis:<\/strong> Die angegebene Haltbarkeit betr\u00e4gt einen Monat bei sachgem\u00e4\u00dfer Lagerung.<\/p>\n","protected":false},"excerpt":{"rendered":"<ul>\n<li data-start=\"78\" data-end=\"346\">CBD-Hasch. Extrakt aus der Hanfpflanze.<\/li>\n<li data-start=\"78\" data-end=\"346\"><strong>Format:<\/strong> Beutel mit 3\u202fg, 5\u202fg, 15\u202fg und 25\u202fg<\/li>\n<li data-start=\"78\" data-end=\"346\">20,5\u202f% <strong>CBD<\/strong><\/li>\n<li data-start=\"78\" data-end=\"346\">Weniger als 0,19\u202f% <strong>THC<\/strong><\/li>\n<li data-start=\"78\" data-end=\"346\"><strong>Keine psychoaktiven Effekte<\/strong><\/li>\n<li data-start=\"78\" data-end=\"346\">Biologisch angebauter Hanf<\/li>\n<li data-start=\"78\" data-end=\"346\">Frei von Gentechnik (GMO-frei)<\/li>\n<li data-start=\"78\" data-end=\"346\">Frei von Pestiziden<\/li>\n<\/ul>\n","protected":false},"featured_media":165306,"template":"","meta":{"_acf_changed":false},"product_brand":[],"class_list":{"0":"post-165297","1":"product","2":"type-product","3":"status-publish","4":"has-post-thumbnail","6":"product_cat-cbd-haschisch","7":"product_cat-produkte-mit-20-cbd","9":"first","10":"instock","11":"featured","12":"taxable","13":"shipping-taxable","14":"purchasable","15":"product-type-variable"},"acf":[],"yoast_head":"<!-- This site is optimized with the Yoast SEO plugin v26.3 - https:\/\/yoast.com\/wordpress\/plugins\/seo\/ -->\n<title>Bubble Hash CBD - Resina CBD | The Tree CBD<\/title>\n<meta name=\"description\" content=\"Bubble Hash CBD, das CBD-Harz mit all seinen nat\u00fcrlichen Terpenen, mit einem starken Aroma, ganz ohne k\u00fcnstliche Zus\u00e4tze \u2013 nur echte Hanfterpene.\" \/>\n<meta name=\"robots\" content=\"index, follow, max-snippet:-1, max-image-preview:large, max-video-preview:-1\" \/>\n<link rel=\"canonical\" href=\"https:\/\/thetreecbd.com\/de\/cbd\/harze-cbd-bubble-hash\" \/>\n<meta property=\"og:locale\" content=\"de_DE\" \/>\n<meta property=\"og:type\" content=\"article\" \/>\n<meta property=\"og:title\" content=\"Bubble Hash CBD - Resina CBD | The Tree CBD\" \/>\n<meta property=\"og:description\" content=\"Bubble Hash CBD, das CBD-Harz mit all seinen nat\u00fcrlichen Terpenen, mit einem starken Aroma, ganz ohne k\u00fcnstliche Zus\u00e4tze \u2013 nur echte Hanfterpene.\" \/>\n<meta property=\"og:url\" content=\"https:\/\/thetreecbd.com\/de\/cbd\/harze-cbd-bubble-hash\" \/>\n<meta property=\"og:site_name\" content=\"The Tree CBD\" \/>\n<meta property=\"article:publisher\" content=\"https:\/\/www.facebook.com\/thetreeCBD\/\" \/>\n<meta property=\"article:modified_time\" content=\"2025-05-20T07:54:55+00:00\" \/>\n<meta property=\"og:image\" content=\"https:\/\/thetreecbd.com\/wp-content\/uploads\/2021\/09\/bubble-hash-web.png\" \/>\n\t<meta property=\"og:image:width\" content=\"600\" \/>\n\t<meta property=\"og:image:height\" content=\"720\" \/>\n\t<meta property=\"og:image:type\" content=\"image\/png\" \/>\n<meta name=\"twitter:card\" content=\"summary_large_image\" \/>\n<meta name=\"twitter:site\" content=\"@TheTreeCBD_EU\" \/>\n<meta name=\"twitter:label1\" content=\"Gesch\u00e4tzte Lesezeit\" \/>\n\t<meta name=\"twitter:data1\" content=\"3\u00a0Minuten\" \/>\n<script type=\"application\/ld+json\" class=\"yoast-schema-graph\">{\"@context\":\"https:\/\/schema.org\",\"@graph\":[{\"@type\":[\"WebPage\",\"ItemPage\"],\"@id\":\"https:\/\/thetreecbd.com\/de\/cbd\/harze-cbd-bubble-hash\",\"url\":\"https:\/\/thetreecbd.com\/de\/cbd\/harze-cbd-bubble-hash\",\"name\":\"Bubble Hash CBD - Resina CBD | The Tree CBD\",\"isPartOf\":{\"@id\":\"https:\/\/thetreecbd.com\/de#website\"},\"primaryImageOfPage\":{\"@id\":\"https:\/\/thetreecbd.com\/de\/cbd\/harze-cbd-bubble-hash#primaryimage\"},\"image\":{\"@id\":\"https:\/\/thetreecbd.com\/de\/cbd\/harze-cbd-bubble-hash#primaryimage\"},\"thumbnailUrl\":\"https:\/\/thetreecbd.com\/wp-content\/uploads\/2021\/09\/bubble-hash-web.png\",\"datePublished\":\"2021-09-14T14:58:40+00:00\",\"dateModified\":\"2025-05-20T07:54:55+00:00\",\"description\":\"Bubble Hash CBD, das CBD-Harz mit all seinen nat\u00fcrlichen Terpenen, mit einem starken Aroma, ganz ohne k\u00fcnstliche Zus\u00e4tze \u2013 nur echte Hanfterpene.\",\"breadcrumb\":{\"@id\":\"https:\/\/thetreecbd.com\/de\/cbd\/harze-cbd-bubble-hash#breadcrumb\"},\"inLanguage\":\"de\",\"potentialAction\":[{\"@type\":\"ReadAction\",\"target\":[\"https:\/\/thetreecbd.com\/de\/cbd\/harze-cbd-bubble-hash\"]}]},{\"@type\":\"ImageObject\",\"inLanguage\":\"de\",\"@id\":\"https:\/\/thetreecbd.com\/de\/cbd\/harze-cbd-bubble-hash#primaryimage\",\"url\":\"https:\/\/thetreecbd.com\/wp-content\/uploads\/2021\/09\/bubble-hash-web.png\",\"contentUrl\":\"https:\/\/thetreecbd.com\/wp-content\/uploads\/2021\/09\/bubble-hash-web.png\",\"width\":600,\"height\":720},{\"@type\":\"BreadcrumbList\",\"@id\":\"https:\/\/thetreecbd.com\/de\/cbd\/harze-cbd-bubble-hash#breadcrumb\",\"itemListElement\":[{\"@type\":\"ListItem\",\"position\":1,\"name\":\"The Tree\",\"item\":\"https:\/\/thetreecbd.com\/de\"},{\"@type\":\"ListItem\",\"position\":2,\"name\":\"CBD\",\"item\":\"https:\/\/thetreecbd.com\/es\/cbd\"},{\"@type\":\"ListItem\",\"position\":3,\"name\":\"CBD-Haschisch. Cannabis-Extrakte\",\"item\":\"https:\/\/thetreecbd.com\/de\/cbd-haschisch\"},{\"@type\":\"ListItem\",\"position\":4,\"name\":\"Bubble Hash CBD\"}]},{\"@type\":\"WebSite\",\"@id\":\"https:\/\/thetreecbd.com\/de#website\",\"url\":\"https:\/\/thetreecbd.com\/de\",\"name\":\"The Tree CBD\",\"description\":\"Comprar CBD en Espa\u00f1a Online\",\"publisher\":{\"@id\":\"https:\/\/thetreecbd.com\/de#organization\"},\"potentialAction\":[{\"@type\":\"SearchAction\",\"target\":{\"@type\":\"EntryPoint\",\"urlTemplate\":\"https:\/\/thetreecbd.com\/de?s={search_term_string}\"},\"query-input\":{\"@type\":\"PropertyValueSpecification\",\"valueRequired\":true,\"valueName\":\"search_term_string\"}}],\"inLanguage\":\"de\"},{\"@type\":\"Organization\",\"@id\":\"https:\/\/thetreecbd.com\/de#organization\",\"name\":\"The Tree CBD\",\"url\":\"https:\/\/thetreecbd.com\/de\",\"logo\":{\"@type\":\"ImageObject\",\"inLanguage\":\"de\",\"@id\":\"https:\/\/thetreecbd.com\/de#\/schema\/logo\/image\/\",\"url\":\"https:\/\/thetreecbd.com\/wp-content\/uploads\/2022\/04\/logo-thetree.png\",\"contentUrl\":\"https:\/\/thetreecbd.com\/wp-content\/uploads\/2022\/04\/logo-thetree.png\",\"width\":172,\"height\":55,\"caption\":\"The Tree CBD\"},\"image\":{\"@id\":\"https:\/\/thetreecbd.com\/de#\/schema\/logo\/image\/\"},\"sameAs\":[\"https:\/\/www.facebook.com\/thetreeCBD\/\",\"https:\/\/x.com\/TheTreeCBD_EU\",\"https:\/\/www.instagram.com\/thetree.cbd\/\",\"https:\/\/es.trustpilot.com\/review\/thetreecbd.com\"]}]}<\/script>\n<!-- \/ Yoast SEO plugin. -->","yoast_head_json":{"title":"Bubble Hash CBD - Resina CBD | The Tree CBD","description":"Bubble Hash CBD, das CBD-Harz mit all seinen nat\u00fcrlichen Terpenen, mit einem starken Aroma, ganz ohne k\u00fcnstliche Zus\u00e4tze \u2013 nur echte Hanfterpene.","robots":{"index":"index","follow":"follow","max-snippet":"max-snippet:-1","max-image-preview":"max-image-preview:large","max-video-preview":"max-video-preview:-1"},"canonical":"https:\/\/thetreecbd.com\/de\/cbd\/harze-cbd-bubble-hash","og_locale":"de_DE","og_type":"article","og_title":"Bubble Hash CBD - Resina CBD | The Tree CBD","og_description":"Bubble Hash CBD, das CBD-Harz mit all seinen nat\u00fcrlichen Terpenen, mit einem starken Aroma, ganz ohne k\u00fcnstliche Zus\u00e4tze \u2013 nur echte Hanfterpene.","og_url":"https:\/\/thetreecbd.com\/de\/cbd\/harze-cbd-bubble-hash","og_site_name":"The Tree CBD","article_publisher":"https:\/\/www.facebook.com\/thetreeCBD\/","article_modified_time":"2025-05-20T07:54:55+00:00","og_image":[{"width":600,"height":720,"url":"https:\/\/thetreecbd.com\/wp-content\/uploads\/2021\/09\/bubble-hash-web.png","type":"image\/png"}],"twitter_card":"summary_large_image","twitter_site":"@TheTreeCBD_EU","twitter_misc":{"Gesch\u00e4tzte Lesezeit":"3\u00a0Minuten"},"schema":{"@context":"https:\/\/schema.org","@graph":[{"@type":["WebPage","ItemPage"],"@id":"https:\/\/thetreecbd.com\/de\/cbd\/harze-cbd-bubble-hash","url":"https:\/\/thetreecbd.com\/de\/cbd\/harze-cbd-bubble-hash","name":"Bubble Hash CBD - Resina CBD | The Tree CBD","isPartOf":{"@id":"https:\/\/thetreecbd.com\/de#website"},"primaryImageOfPage":{"@id":"https:\/\/thetreecbd.com\/de\/cbd\/harze-cbd-bubble-hash#primaryimage"},"image":{"@id":"https:\/\/thetreecbd.com\/de\/cbd\/harze-cbd-bubble-hash#primaryimage"},"thumbnailUrl":"https:\/\/thetreecbd.com\/wp-content\/uploads\/2021\/09\/bubble-hash-web.png","datePublished":"2021-09-14T14:58:40+00:00","dateModified":"2025-05-20T07:54:55+00:00","description":"Bubble Hash CBD, das CBD-Harz mit all seinen nat\u00fcrlichen Terpenen, mit einem starken Aroma, ganz ohne k\u00fcnstliche Zus\u00e4tze \u2013 nur echte Hanfterpene.","breadcrumb":{"@id":"https:\/\/thetreecbd.com\/de\/cbd\/harze-cbd-bubble-hash#breadcrumb"},"inLanguage":"de","potentialAction":[{"@type":"ReadAction","target":["https:\/\/thetreecbd.com\/de\/cbd\/harze-cbd-bubble-hash"]}]},{"@type":"ImageObject","inLanguage":"de","@id":"https:\/\/thetreecbd.com\/de\/cbd\/harze-cbd-bubble-hash#primaryimage","url":"https:\/\/thetreecbd.com\/wp-content\/uploads\/2021\/09\/bubble-hash-web.png","contentUrl":"https:\/\/thetreecbd.com\/wp-content\/uploads\/2021\/09\/bubble-hash-web.png","width":600,"height":720},{"@type":"BreadcrumbList","@id":"https:\/\/thetreecbd.com\/de\/cbd\/harze-cbd-bubble-hash#breadcrumb","itemListElement":[{"@type":"ListItem","position":1,"name":"The Tree","item":"https:\/\/thetreecbd.com\/de"},{"@type":"ListItem","position":2,"name":"CBD","item":"https:\/\/thetreecbd.com\/es\/cbd"},{"@type":"ListItem","position":3,"name":"CBD-Haschisch. Cannabis-Extrakte","item":"https:\/\/thetreecbd.com\/de\/cbd-haschisch"},{"@type":"ListItem","position":4,"name":"Bubble Hash CBD"}]},{"@type":"WebSite","@id":"https:\/\/thetreecbd.com\/de#website","url":"https:\/\/thetreecbd.com\/de","name":"The Tree CBD","description":"Comprar CBD en Espa\u00f1a Online","publisher":{"@id":"https:\/\/thetreecbd.com\/de#organization"},"potentialAction":[{"@type":"SearchAction","target":{"@type":"EntryPoint","urlTemplate":"https:\/\/thetreecbd.com\/de?s={search_term_string}"},"query-input":{"@type":"PropertyValueSpecification","valueRequired":true,"valueName":"search_term_string"}}],"inLanguage":"de"},{"@type":"Organization","@id":"https:\/\/thetreecbd.com\/de#organization","name":"The Tree CBD","url":"https:\/\/thetreecbd.com\/de","logo":{"@type":"ImageObject","inLanguage":"de","@id":"https:\/\/thetreecbd.com\/de#\/schema\/logo\/image\/","url":"https:\/\/thetreecbd.com\/wp-content\/uploads\/2022\/04\/logo-thetree.png","contentUrl":"https:\/\/thetreecbd.com\/wp-content\/uploads\/2022\/04\/logo-thetree.png","width":172,"height":55,"caption":"The Tree CBD"},"image":{"@id":"https:\/\/thetreecbd.com\/de#\/schema\/logo\/image\/"},"sameAs":["https:\/\/www.facebook.com\/thetreeCBD\/","https:\/\/x.com\/TheTreeCBD_EU","https:\/\/www.instagram.com\/thetree.cbd\/","https:\/\/es.trustpilot.com\/review\/thetreecbd.com"]}]}},"_links":{"self":[{"href":"https:\/\/thetreecbd.com\/de\/wp-json\/wp\/v2\/product\/165297","targetHints":{"allow":["GET"]}}],"collection":[{"href":"https:\/\/thetreecbd.com\/de\/wp-json\/wp\/v2\/product"}],"about":[{"href":"https:\/\/thetreecbd.com\/de\/wp-json\/wp\/v2\/types\/product"}],"version-history":[{"count":0,"href":"https:\/\/thetreecbd.com\/de\/wp-json\/wp\/v2\/product\/165297\/revisions"}],"wp:featuredmedia":[{"embeddable":true,"href":"https:\/\/thetreecbd.com\/de\/wp-json\/wp\/v2\/media\/165306"}],"wp:attachment":[{"href":"https:\/\/thetreecbd.com\/de\/wp-json\/wp\/v2\/media?parent=165297"}],"wp:term":[{"taxonomy":"product_brand","embeddable":true,"href":"https:\/\/thetreecbd.com\/de\/wp-json\/wp\/v2\/product_brand?post=165297"}],"curies":[{"name":"wp","href":"https:\/\/api.w.org\/{rel}","templated":true}]}}