{"id":165313,"date":"2020-04-04T14:23:07","date_gmt":"2020-04-04T12:23:07","guid":{"rendered":"https:\/\/thetreecbd.com\/cbd\/harze-cbd-charas-hash"},"modified":"2025-11-01T18:17:57","modified_gmt":"2025-11-01T17:17:57","slug":"harze-cbd-charas-hash","status":"publish","type":"product","link":"https:\/\/thetreecbd.com\/de\/cbd\/harze-cbd-charas-hash","title":{"rendered":"Charas CBD Hash"},"content":{"rendered":"<p class=\"\" data-start=\"123\" data-end=\"405\"><strong data-start=\"123\" data-end=\"222\">Das Team von The Tree CBD pr\u00e4sentiert eine weitere Neuheit im Bereich Extrakte und Konzentrate:<\/strong> ein spezielles <strong data-start=\"238\" data-end=\"257\">Charas CBD Hash<\/strong>, das durch pr\u00e4zises Sieben von Hanfbl\u00fcten gewonnen wird. Dieses CBD-reiche Charas-Harz wird aus ausgew\u00e4hlten, zertifizierten Hanfbl\u00fcten extrahiert.<\/p>\n<p class=\"\" data-start=\"407\" data-end=\"759\">Auch als indisches Haschisch bekannt, stammt Charas urspr\u00fcnglich haupts\u00e4chlich aus Pakistan, Indien und Nepal. The Tree CBD hat zusammen mit seinem F&amp;E-Team ein in Europa hergestelltes <strong data-start=\"592\" data-end=\"611\">Charas CBD Hash<\/strong> entwickelt, das den Geschmack, die feuchte, weiche Textur und das charakteristische Aroma des traditionellen indischen Haschischs perfekt nachahmt.<\/p>\n<p class=\"\" data-start=\"761\" data-end=\"968\">F\u00fcr die Herstellung des konzentrierten Charas CBD-Produkts wird eine manuelle Technik verwendet, \u00e4hnlich wie bei der Produktion einer Charas-Kugel \u2013 eines der beliebtesten CBD-reichen Produkte auf dem Markt.<\/p>\n<p class=\"\" data-start=\"970\" data-end=\"1257\"><strong data-start=\"970\" data-end=\"1000\">Die umweltbewussten Nutzer<\/strong> werden die Wahl eines 100\u202f% nat\u00fcrlichen, CBD-reichen Cannabisextrakts zu sch\u00e4tzen wissen, der pflanzenfreundlich ist. Im Gegensatz zu anderen Harzformen wie Pollen oder Haschisch (je nach Bezeichnung) stammt das Harz hier tats\u00e4chlich von lebenden Pflanzen.<\/p>\n<p class=\"\" data-start=\"1264\" data-end=\"1550\"><strong data-start=\"1264\" data-end=\"1313\">Hochwertiges legales Charas CBD Cannabis-Harz<\/strong><br data-start=\"1313\" data-end=\"1316\" \/>Das Charas CBD ist ein Produkt, das strengen Qualit\u00e4tskontrollen unterliegt, um seine Legalit\u00e4t zu gew\u00e4hrleisten. Der THC-Gehalt liegt stets unter 0,2\u202f%, was es in der gesamten EU legal macht \u2013 au\u00dferdem wirkt es <strong data-start=\"1528\" data-end=\"1549\">nicht psychoaktiv<\/strong>.<\/p>\n<p class=\"\" data-start=\"1552\" data-end=\"1699\">Mit dem gewohnten Qualit\u00e4tssiegel von The Tree CBD stammt das Charas CBD aus biologischem Hanfanbau, frei von Pestiziden und Gentechnik (GMO-frei).<\/p>\n<p class=\"\" data-start=\"1706\" data-end=\"2020\"><strong>Eigenschaften des Charas CBD Hash<\/strong><\/p>\n<ul>\n<li data-start=\"1706\" data-end=\"2020\">Charas CBD Hash. Extrakt aus der Hanfpflanze.<\/li>\n<li data-start=\"1706\" data-end=\"2020\">Format: Beutel mit 3\u202fg, 5\u202fg, 15\u202fg und 25\u202fg<\/li>\n<li data-start=\"1706\" data-end=\"2020\">12,2\u202f% CBD<\/li>\n<li data-start=\"1706\" data-end=\"2020\">Weniger als 0,19\u202f% THC<\/li>\n<li data-start=\"1706\" data-end=\"2020\">Keine psychoaktiven Effekte<\/li>\n<li data-start=\"1706\" data-end=\"2020\">Biologisch angebauter Hanf<\/li>\n<li data-start=\"1706\" data-end=\"2020\">Frei von Gentechnik (GMO-frei)<\/li>\n<li data-start=\"1706\" data-end=\"2020\">Frei von Pestiziden<\/li>\n<\/ul>\n<p class=\"\" data-start=\"2027\" data-end=\"2236\"><strong data-start=\"2027\" data-end=\"2049\">Aroma \u2013 Charas CBD<\/strong><br data-start=\"2049\" data-end=\"2052\" \/>Terpene finden sich in den meisten \u00e4therischen \u00d6len vieler Pflanzen, Blumen und Fr\u00fcchte. Sie sind verantwortlich f\u00fcr Duft und Geschmack. Cannabis verf\u00fcgt \u00fcber ein breites Terpenprofil.<\/p>\n<p class=\"\" data-start=\"2238\" data-end=\"2471\">Eine der Hauptmerkmale dieses Haschischs ist sein Aroma \u2013 es erinnert stark an Extrakte und Harze, wie sie sich in den letzten Jahren in Amerika verbreitet haben. Der Geruch ist kr\u00e4ftig, intensiv und umh\u00fcllend mit pflanzlichen Noten.<\/p>\n<p class=\"\" data-start=\"2478\" data-end=\"2807\"><strong data-start=\"2478\" data-end=\"2492\">Zielgruppe<\/strong><br data-start=\"2492\" data-end=\"2495\" \/>Charas ist durch seinen dunklen Farbton besonders attraktiv. Das Hauptmerkmal dieses Extrakts ist die tiefbraune Farbe, die sich aus der Mischung des Harzes der verwendeten Pflanzen und pflanzlicher \u00d6le ergibt. Beim Anfassen f\u00fchlt sich dieses legale Haschisch weich und formbar an, ist aber gleichzeitig kompakt.<\/p>\n<p class=\"\" data-start=\"2809\" data-end=\"2972\">Aus K\u00e4ufersicht bietet das Charas CBD ein aromatisches Produkt f\u00fcr alle Liebhaber von schwarzem Haschisch \u2013 vergleichbar mit nepalesischem oder afghanischem Hasch.<\/p>\n<p class=\"\" data-start=\"2979\" data-end=\"3238\"><strong data-start=\"2979\" data-end=\"3005\">Sicherheitsinformation<\/strong><br data-start=\"3005\" data-end=\"3008\" \/>Bitte beachten: Die CBD-Harze von The Tree sind ein dekoratives, sammelbares und aromatisches Produkt. Sie d\u00fcrfen nicht w\u00e4hrend der Schwangerschaft oder Stillzeit verwendet werden. Au\u00dferhalb der Reichweite von Kindern aufbewahren.<\/p>\n<p class=\"\" data-start=\"3240\" data-end=\"3372\">Unsere CBD-Harze k\u00f6nnen eine geringe Menge THC enthalten. Selbstverst\u00e4ndlich liegt dieser Wert unter dem EU-Grenzwert von 0,2\u202f% THC.<\/p>\n<p class=\"\" data-start=\"3374\" data-end=\"3626\">Die bereitgestellten Inhalte dienen ausschlie\u00dflich zu Informations- und Schulungszwecken und ersetzen keinesfalls eine \u00e4rztliche oder pharmazeutische Beratung. Unsere Texte sind nicht zur eigenst\u00e4ndigen Diagnose oder Behandlung von Krankheiten gedacht.<\/p>\n<p class=\"\" data-start=\"3628\" data-end=\"3686\">Z\u00f6gern Sie nicht, uns bei weiteren Fragen zu kontaktieren.<\/p>\n<p class=\"\" data-start=\"3693\" data-end=\"3949\"><strong data-start=\"3693\" data-end=\"3705\">Lagerung<\/strong><br data-start=\"3705\" data-end=\"3708\" \/>Idealerweise sollten die CBD-Harze von The Tree an einem k\u00fchlen, trockenen Ort aufbewahrt werden \u2013 im K\u00fchlschrank ist optimal \u2013, gesch\u00fctzt vor Licht und starken Ger\u00fcchen, um jede Art von Verunreinigung und\/oder Qualit\u00e4tsverlust zu vermeiden.<\/p>\n<p class=\"\" data-start=\"3951\" data-end=\"3998\">Direkte Sonneneinstrahlung und W\u00e4rme vermeiden.<\/p>\n<p class=\"\" data-start=\"4000\" data-end=\"4085\"><strong data-start=\"4000\" data-end=\"4012\">Hinweis:<\/strong> Die angegebene Haltbarkeit betr\u00e4gt einen Monat bei sachgem\u00e4\u00dfer Lagerung.<\/p>\n","protected":false},"excerpt":{"rendered":"<ul>\n<li>Charas CBD Hash. Extrakt aus der Hanfpflanze.<\/li>\n<li><strong>Format:<\/strong> Beutel mit 3\u202fg, 5\u202fg, 15\u202fg und 25\u202fg<\/li>\n<li>12,2\u202f% <strong>CBD<\/strong><\/li>\n<li>Weniger als 0,19\u202f% <strong>THC<\/strong><\/li>\n<li>Keine psychoaktiven Effekte<\/li>\n<li>Biologisch angebauter Hanf<\/li>\n<li>Frei von Gentechnik (GMO-frei)<\/li>\n<li>Frei von Pestiziden<\/li>\n<\/ul>\n","protected":false},"featured_media":165319,"template":"","meta":{"_acf_changed":false},"product_brand":[],"class_list":{"0":"post-165313","1":"product","2":"type-product","3":"status-publish","4":"has-post-thumbnail","6":"product_cat-cbd-angebote","7":"product_cat-cbd-haschisch","8":"product_cat-produkte-mit-10-cbd","10":"first","11":"instock","12":"sale","13":"taxable","14":"shipping-taxable","15":"purchasable","16":"product-type-variable"},"acf":[],"yoast_head":"<!-- This site is optimized with the Yoast SEO plugin v26.3 - https:\/\/yoast.com\/wordpress\/plugins\/seo\/ -->\n<title>Charas CBD Hash - Resina CBD | The Tree CBD<\/title>\n<meta name=\"description\" content=\"Das Charas CBD Hash ist ein legales Cannabis-Harz mit hoher Qualit\u00e4t, starkem Aroma und intensivem Geschmack \u2013 ein Genuss f\u00fcr alle Hash-Liebhaber.\" \/>\n<meta name=\"robots\" content=\"index, follow, max-snippet:-1, max-image-preview:large, max-video-preview:-1\" \/>\n<link rel=\"canonical\" href=\"https:\/\/thetreecbd.com\/de\/cbd\/harze-cbd-charas-hash\" \/>\n<meta property=\"og:locale\" content=\"de_DE\" \/>\n<meta property=\"og:type\" content=\"article\" \/>\n<meta property=\"og:title\" content=\"Charas CBD Hash - Resina CBD | The Tree CBD\" \/>\n<meta property=\"og:description\" content=\"Das Charas CBD Hash ist ein legales Cannabis-Harz mit hoher Qualit\u00e4t, starkem Aroma und intensivem Geschmack \u2013 ein Genuss f\u00fcr alle Hash-Liebhaber.\" \/>\n<meta property=\"og:url\" content=\"https:\/\/thetreecbd.com\/de\/cbd\/harze-cbd-charas-hash\" \/>\n<meta property=\"og:site_name\" content=\"The Tree CBD\" \/>\n<meta property=\"article:publisher\" content=\"https:\/\/www.facebook.com\/thetreeCBD\/\" \/>\n<meta property=\"article:modified_time\" content=\"2025-11-01T17:17:57+00:00\" \/>\n<meta property=\"og:image\" content=\"https:\/\/thetreecbd.com\/wp-content\/uploads\/2020\/04\/resinas-cbd-charas-hash-1.jpg\" \/>\n\t<meta property=\"og:image:width\" content=\"600\" \/>\n\t<meta property=\"og:image:height\" content=\"720\" \/>\n\t<meta property=\"og:image:type\" content=\"image\/jpeg\" \/>\n<meta name=\"twitter:card\" content=\"summary_large_image\" \/>\n<meta name=\"twitter:site\" content=\"@TheTreeCBD_EU\" \/>\n<meta name=\"twitter:label1\" content=\"Gesch\u00e4tzte Lesezeit\" \/>\n\t<meta name=\"twitter:data1\" content=\"3\u00a0Minuten\" \/>\n<script type=\"application\/ld+json\" class=\"yoast-schema-graph\">{\"@context\":\"https:\/\/schema.org\",\"@graph\":[{\"@type\":[\"WebPage\",\"ItemPage\"],\"@id\":\"https:\/\/thetreecbd.com\/de\/cbd\/harze-cbd-charas-hash\",\"url\":\"https:\/\/thetreecbd.com\/de\/cbd\/harze-cbd-charas-hash\",\"name\":\"Charas CBD Hash - Resina CBD | The Tree CBD\",\"isPartOf\":{\"@id\":\"https:\/\/thetreecbd.com\/de#website\"},\"primaryImageOfPage\":{\"@id\":\"https:\/\/thetreecbd.com\/de\/cbd\/harze-cbd-charas-hash#primaryimage\"},\"image\":{\"@id\":\"https:\/\/thetreecbd.com\/de\/cbd\/harze-cbd-charas-hash#primaryimage\"},\"thumbnailUrl\":\"https:\/\/thetreecbd.com\/wp-content\/uploads\/2020\/04\/resinas-cbd-charas-hash-1.jpg\",\"datePublished\":\"2020-04-04T12:23:07+00:00\",\"dateModified\":\"2025-11-01T17:17:57+00:00\",\"description\":\"Das Charas CBD Hash ist ein legales Cannabis-Harz mit hoher Qualit\u00e4t, starkem Aroma und intensivem Geschmack \u2013 ein Genuss f\u00fcr alle Hash-Liebhaber.\",\"breadcrumb\":{\"@id\":\"https:\/\/thetreecbd.com\/de\/cbd\/harze-cbd-charas-hash#breadcrumb\"},\"inLanguage\":\"de\",\"potentialAction\":[{\"@type\":\"ReadAction\",\"target\":[\"https:\/\/thetreecbd.com\/de\/cbd\/harze-cbd-charas-hash\"]}]},{\"@type\":\"ImageObject\",\"inLanguage\":\"de\",\"@id\":\"https:\/\/thetreecbd.com\/de\/cbd\/harze-cbd-charas-hash#primaryimage\",\"url\":\"https:\/\/thetreecbd.com\/wp-content\/uploads\/2020\/04\/resinas-cbd-charas-hash-1.jpg\",\"contentUrl\":\"https:\/\/thetreecbd.com\/wp-content\/uploads\/2020\/04\/resinas-cbd-charas-hash-1.jpg\",\"width\":600,\"height\":720},{\"@type\":\"BreadcrumbList\",\"@id\":\"https:\/\/thetreecbd.com\/de\/cbd\/harze-cbd-charas-hash#breadcrumb\",\"itemListElement\":[{\"@type\":\"ListItem\",\"position\":1,\"name\":\"The Tree\",\"item\":\"https:\/\/thetreecbd.com\/de\"},{\"@type\":\"ListItem\",\"position\":2,\"name\":\"CBD\",\"item\":\"https:\/\/thetreecbd.com\/es\/cbd\"},{\"@type\":\"ListItem\",\"position\":3,\"name\":\"CBD-Haschisch. Cannabis-Extrakte\",\"item\":\"https:\/\/thetreecbd.com\/de\/cbd-haschisch\"},{\"@type\":\"ListItem\",\"position\":4,\"name\":\"Charas CBD Hash\"}]},{\"@type\":\"WebSite\",\"@id\":\"https:\/\/thetreecbd.com\/de#website\",\"url\":\"https:\/\/thetreecbd.com\/de\",\"name\":\"The Tree CBD\",\"description\":\"Comprar CBD en Espa\u00f1a Online\",\"publisher\":{\"@id\":\"https:\/\/thetreecbd.com\/de#organization\"},\"potentialAction\":[{\"@type\":\"SearchAction\",\"target\":{\"@type\":\"EntryPoint\",\"urlTemplate\":\"https:\/\/thetreecbd.com\/de?s={search_term_string}\"},\"query-input\":{\"@type\":\"PropertyValueSpecification\",\"valueRequired\":true,\"valueName\":\"search_term_string\"}}],\"inLanguage\":\"de\"},{\"@type\":\"Organization\",\"@id\":\"https:\/\/thetreecbd.com\/de#organization\",\"name\":\"The Tree CBD\",\"url\":\"https:\/\/thetreecbd.com\/de\",\"logo\":{\"@type\":\"ImageObject\",\"inLanguage\":\"de\",\"@id\":\"https:\/\/thetreecbd.com\/de#\/schema\/logo\/image\/\",\"url\":\"https:\/\/thetreecbd.com\/wp-content\/uploads\/2022\/04\/logo-thetree.png\",\"contentUrl\":\"https:\/\/thetreecbd.com\/wp-content\/uploads\/2022\/04\/logo-thetree.png\",\"width\":172,\"height\":55,\"caption\":\"The Tree CBD\"},\"image\":{\"@id\":\"https:\/\/thetreecbd.com\/de#\/schema\/logo\/image\/\"},\"sameAs\":[\"https:\/\/www.facebook.com\/thetreeCBD\/\",\"https:\/\/x.com\/TheTreeCBD_EU\",\"https:\/\/www.instagram.com\/thetree.cbd\/\",\"https:\/\/es.trustpilot.com\/review\/thetreecbd.com\"]}]}<\/script>\n<!-- \/ Yoast SEO plugin. -->","yoast_head_json":{"title":"Charas CBD Hash - Resina CBD | The Tree CBD","description":"Das Charas CBD Hash ist ein legales Cannabis-Harz mit hoher Qualit\u00e4t, starkem Aroma und intensivem Geschmack \u2013 ein Genuss f\u00fcr alle Hash-Liebhaber.","robots":{"index":"index","follow":"follow","max-snippet":"max-snippet:-1","max-image-preview":"max-image-preview:large","max-video-preview":"max-video-preview:-1"},"canonical":"https:\/\/thetreecbd.com\/de\/cbd\/harze-cbd-charas-hash","og_locale":"de_DE","og_type":"article","og_title":"Charas CBD Hash - Resina CBD | The Tree CBD","og_description":"Das Charas CBD Hash ist ein legales Cannabis-Harz mit hoher Qualit\u00e4t, starkem Aroma und intensivem Geschmack \u2013 ein Genuss f\u00fcr alle Hash-Liebhaber.","og_url":"https:\/\/thetreecbd.com\/de\/cbd\/harze-cbd-charas-hash","og_site_name":"The Tree CBD","article_publisher":"https:\/\/www.facebook.com\/thetreeCBD\/","article_modified_time":"2025-11-01T17:17:57+00:00","og_image":[{"width":600,"height":720,"url":"https:\/\/thetreecbd.com\/wp-content\/uploads\/2020\/04\/resinas-cbd-charas-hash-1.jpg","type":"image\/jpeg"}],"twitter_card":"summary_large_image","twitter_site":"@TheTreeCBD_EU","twitter_misc":{"Gesch\u00e4tzte Lesezeit":"3\u00a0Minuten"},"schema":{"@context":"https:\/\/schema.org","@graph":[{"@type":["WebPage","ItemPage"],"@id":"https:\/\/thetreecbd.com\/de\/cbd\/harze-cbd-charas-hash","url":"https:\/\/thetreecbd.com\/de\/cbd\/harze-cbd-charas-hash","name":"Charas CBD Hash - Resina CBD | The Tree CBD","isPartOf":{"@id":"https:\/\/thetreecbd.com\/de#website"},"primaryImageOfPage":{"@id":"https:\/\/thetreecbd.com\/de\/cbd\/harze-cbd-charas-hash#primaryimage"},"image":{"@id":"https:\/\/thetreecbd.com\/de\/cbd\/harze-cbd-charas-hash#primaryimage"},"thumbnailUrl":"https:\/\/thetreecbd.com\/wp-content\/uploads\/2020\/04\/resinas-cbd-charas-hash-1.jpg","datePublished":"2020-04-04T12:23:07+00:00","dateModified":"2025-11-01T17:17:57+00:00","description":"Das Charas CBD Hash ist ein legales Cannabis-Harz mit hoher Qualit\u00e4t, starkem Aroma und intensivem Geschmack \u2013 ein Genuss f\u00fcr alle Hash-Liebhaber.","breadcrumb":{"@id":"https:\/\/thetreecbd.com\/de\/cbd\/harze-cbd-charas-hash#breadcrumb"},"inLanguage":"de","potentialAction":[{"@type":"ReadAction","target":["https:\/\/thetreecbd.com\/de\/cbd\/harze-cbd-charas-hash"]}]},{"@type":"ImageObject","inLanguage":"de","@id":"https:\/\/thetreecbd.com\/de\/cbd\/harze-cbd-charas-hash#primaryimage","url":"https:\/\/thetreecbd.com\/wp-content\/uploads\/2020\/04\/resinas-cbd-charas-hash-1.jpg","contentUrl":"https:\/\/thetreecbd.com\/wp-content\/uploads\/2020\/04\/resinas-cbd-charas-hash-1.jpg","width":600,"height":720},{"@type":"BreadcrumbList","@id":"https:\/\/thetreecbd.com\/de\/cbd\/harze-cbd-charas-hash#breadcrumb","itemListElement":[{"@type":"ListItem","position":1,"name":"The Tree","item":"https:\/\/thetreecbd.com\/de"},{"@type":"ListItem","position":2,"name":"CBD","item":"https:\/\/thetreecbd.com\/es\/cbd"},{"@type":"ListItem","position":3,"name":"CBD-Haschisch. Cannabis-Extrakte","item":"https:\/\/thetreecbd.com\/de\/cbd-haschisch"},{"@type":"ListItem","position":4,"name":"Charas CBD Hash"}]},{"@type":"WebSite","@id":"https:\/\/thetreecbd.com\/de#website","url":"https:\/\/thetreecbd.com\/de","name":"The Tree CBD","description":"Comprar CBD en Espa\u00f1a Online","publisher":{"@id":"https:\/\/thetreecbd.com\/de#organization"},"potentialAction":[{"@type":"SearchAction","target":{"@type":"EntryPoint","urlTemplate":"https:\/\/thetreecbd.com\/de?s={search_term_string}"},"query-input":{"@type":"PropertyValueSpecification","valueRequired":true,"valueName":"search_term_string"}}],"inLanguage":"de"},{"@type":"Organization","@id":"https:\/\/thetreecbd.com\/de#organization","name":"The Tree CBD","url":"https:\/\/thetreecbd.com\/de","logo":{"@type":"ImageObject","inLanguage":"de","@id":"https:\/\/thetreecbd.com\/de#\/schema\/logo\/image\/","url":"https:\/\/thetreecbd.com\/wp-content\/uploads\/2022\/04\/logo-thetree.png","contentUrl":"https:\/\/thetreecbd.com\/wp-content\/uploads\/2022\/04\/logo-thetree.png","width":172,"height":55,"caption":"The Tree CBD"},"image":{"@id":"https:\/\/thetreecbd.com\/de#\/schema\/logo\/image\/"},"sameAs":["https:\/\/www.facebook.com\/thetreeCBD\/","https:\/\/x.com\/TheTreeCBD_EU","https:\/\/www.instagram.com\/thetree.cbd\/","https:\/\/es.trustpilot.com\/review\/thetreecbd.com"]}]}},"_links":{"self":[{"href":"https:\/\/thetreecbd.com\/de\/wp-json\/wp\/v2\/product\/165313","targetHints":{"allow":["GET"]}}],"collection":[{"href":"https:\/\/thetreecbd.com\/de\/wp-json\/wp\/v2\/product"}],"about":[{"href":"https:\/\/thetreecbd.com\/de\/wp-json\/wp\/v2\/types\/product"}],"version-history":[{"count":0,"href":"https:\/\/thetreecbd.com\/de\/wp-json\/wp\/v2\/product\/165313\/revisions"}],"wp:featuredmedia":[{"embeddable":true,"href":"https:\/\/thetreecbd.com\/de\/wp-json\/wp\/v2\/media\/165319"}],"wp:attachment":[{"href":"https:\/\/thetreecbd.com\/de\/wp-json\/wp\/v2\/media?parent=165313"}],"wp:term":[{"taxonomy":"product_brand","embeddable":true,"href":"https:\/\/thetreecbd.com\/de\/wp-json\/wp\/v2\/product_brand?post=165313"}],"curies":[{"name":"wp","href":"https:\/\/api.w.org\/{rel}","templated":true}]}}