{"id":165327,"date":"2022-12-15T19:20:05","date_gmt":"2022-12-15T18:20:05","guid":{"rendered":"https:\/\/thetreecbd.com\/cbd\/harze-cbd-cbn-cream"},"modified":"2025-07-14T13:52:09","modified_gmt":"2025-07-14T11:52:09","slug":"harze-cbd-cbn-cream","status":"publish","type":"product","link":"https:\/\/thetreecbd.com\/de\/cbd\/harze-cbd-cbn-cream","title":{"rendered":"CBN Cream"},"content":{"rendered":"<p class=\"\" data-start=\"93\" data-end=\"501\">CBN Cream, wie der Name schon sagt, ist ein Dry Hash mit CBN, die neueste Innovation vom Team von The Tree CBD. Dieser Extrakt ist ein spezieller Hash, der nur mit 70-Mikron-Sieben gewonnen wird, wobei nur die besten Eigenschaften des Hanfs extrahiert werden. Ziel ist es, ein Produkt mit all seinen nat\u00fcrlichen Terpenen und einem starken Aroma ohne k\u00fcnstliche Zus\u00e4tze, nur echte Hanfterpene, anzubieten.<\/p>\n<p class=\"\" data-start=\"503\" data-end=\"1074\">Das Harz aus 70-Mikron-Sieben ist der beste Ausdruck unseres CBN Cream Hash. Dieses Cannabis-Harz von The Tree CBD ist ein hochwertiges, handwerklich hergestelltes Produkt, das sich von anderen kommerziellen Hash-Arten unterscheidet. Auf den ersten Blick sind nur Harzkristalle sichtbar und es verstr\u00f6mt eine angenehme Duftmischung. Die Qualit\u00e4t dieses Produkts wird durch den Geruch und die anf\u00e4nglichen Aromen deutlich. Mit einem Geruch, der mit den feinsten Extrakten vergleichbar ist, bietet es ein au\u00dfergew\u00f6hnliches Erlebnis mit erdigen und nostalgischen Aromen.<\/p>\n<p class=\"\" data-start=\"1076\" data-end=\"1371\">Harze sind besonders bei erfahrenen K\u00e4ufern beliebt. Durch den Extraktionsprozess wird sichergestellt, dass der Gro\u00dfteil des Pflanzenmaterials entfernt wird, sodass nur die Cannabinoide konzentriert bleiben. Au\u00dferdem wird durch das Entfernen von Chlorophyll ein viel milderes Aroma erreicht.<\/p>\n<p class=\"\" data-start=\"1373\" data-end=\"1624\">Dieses CBD- und CBN-Harz ist sehr cannabinoidreich, da es eine hohe Konzentration aufweist: 20\u202f% CBD, 8\u202f% CBN und 3\u202f% CBG. Zudem stammt es aus biologischem Hanfanbau in Europa und enth\u00e4lt weniger als 0,2\u202f% THC, weshalb es in ganz Europa legal ist.<\/p>\n<p class=\"\" data-start=\"1626\" data-end=\"1850\">Diese Hashes h\u00f6chster Qualit\u00e4t werden mit extrem feinen Sieben hergestellt, die das Pflanzenmaterial zur\u00fcckhalten und nur kleine Trichomk\u00f6pfe passieren lassen \u2013 genau wie der Bubble Hash CBD, den dir The Tree CBD bietet.<\/p>\n<p class=\"\" data-start=\"1852\" data-end=\"2177\"><strong data-start=\"1852\" data-end=\"1868\">Was ist CBN?<\/strong><br data-start=\"1868\" data-end=\"1871\" \/>Cannabinol oder CBN ist eines der vielen Cannabinoide, die in der Cannabispflanze vorkommen, und gilt als ein &#8220;Minor Cannabinoid&#8221;. Dank intensiverer Forschung \u00fcber die Wirkungen dieses Cannabinoids kommt die Wissenschaft der Frage n\u00e4her, ob CBN vorteilhafte Effekte auf Prozesse wie Schlaf und Appetit hat.<\/p>\n<p class=\"\" data-start=\"2179\" data-end=\"2631\">Die Herstellung, Isolierung und Nutzung von CBN ist jedoch herausfordernder als bei anderen Cannabinoiden wie CBD oder CBG. Der Hauptgrund liegt darin, dass Cannabinol als &#8220;Minor Cannabinoid&#8221; betrachtet wird, da es in lebenden Cannabispflanzen meist nur in sehr geringen Konzentrationen vorkommt, vor allem im Vergleich zu CBD. Dies erschwert die Produktion und Gewinnung f\u00fcr die sp\u00e4tere Verwendung in kosmetischen, aromatischen oder anderen Produkten.<\/p>\n<p class=\"\" data-start=\"2633\" data-end=\"3083\"><strong data-start=\"2633\" data-end=\"2674\">Worin unterscheiden sich CBN und CBD?<\/strong><br data-start=\"2674\" data-end=\"2677\" \/>Der wichtigste Unterschied zwischen CBN und CBD liegt in ihrer Entstehung. Wie bereits erw\u00e4hnt, ist CBN die Substanz, in die THC durch Alterung und Umwelteinfl\u00fcsse umgewandelt wird. CBD hingegen existiert als eigenst\u00e4ndiger Zweig im Cannabinoid-Stammbaum. Aufgrund seiner relativen H\u00e4ufigkeit in modernen Hanf- und Cannabissorten wird CBD als &#8220;Hauptcannabinoid&#8221; eingestuft, w\u00e4hrend CBN als &#8220;sekund\u00e4r&#8221; gilt.<\/p>\n<p class=\"\" data-start=\"3085\" data-end=\"3298\">Der Hauptunterschied zwischen CBN und CBD liegt also in der Produktion und Gewinnung. CBN entsteht durch Oxidation der Cannabispflanze \u00fcber die Zeit und Umwelteinfl\u00fcsse, weshalb es in lebenden Pflanzen selten ist.<\/p>\n<p class=\"\" data-start=\"3300\" data-end=\"3495\">CBD dagegen hat seinen eigenen Zweig im Cannabinoid-Stammbaum. Es ist in modernen Hanf- und Cannabissorten h\u00e4ufig vorhanden und gilt als Hauptcannabinoid, w\u00e4hrend CBN als sekund\u00e4r angesehen wird.<\/p>\n<p class=\"\" data-start=\"3502\" data-end=\"3557\"><strong data-start=\"3502\" data-end=\"3555\">Eigenschaften des CBN HASH CREAM von The Tree CBD<\/strong><\/p>\n<ul data-start=\"3558\" data-end=\"3831\">\n<li class=\"\" data-start=\"3558\" data-end=\"3598\">\n<p class=\"\" data-start=\"3560\" data-end=\"3598\">CBN Hash Extrakt aus der Hanfpflanze<\/p>\n<\/li>\n<li class=\"\" data-start=\"3599\" data-end=\"3611\">\n<p class=\"\" data-start=\"3601\" data-end=\"3611\">20\u202f% CBD<\/p>\n<\/li>\n<li class=\"\" data-start=\"3612\" data-end=\"3623\">\n<p class=\"\" data-start=\"3614\" data-end=\"3623\">8\u202f% CBN<\/p>\n<\/li>\n<li class=\"\" data-start=\"3624\" data-end=\"3635\">\n<p class=\"\" data-start=\"3626\" data-end=\"3635\">3\u202f% CBG<\/p>\n<\/li>\n<li class=\"\" data-start=\"3636\" data-end=\"3682\">\n<p class=\"\" data-start=\"3638\" data-end=\"3682\">Format: Beutel mit 3\u202fg, 5\u202fg, 15\u202fg und 25\u202fg<\/p>\n<\/li>\n<li class=\"\" data-start=\"3683\" data-end=\"3709\">\n<p class=\"\" data-start=\"3685\" data-end=\"3709\">Weniger als 0,19\u202f% THC<\/p>\n<\/li>\n<li class=\"\" data-start=\"3710\" data-end=\"3741\">\n<p class=\"\" data-start=\"3712\" data-end=\"3741\">Keine psychoaktiven Effekte<\/p>\n<\/li>\n<li class=\"\" data-start=\"3742\" data-end=\"3772\">\n<p class=\"\" data-start=\"3744\" data-end=\"3772\">Biologisch angebauter Hanf<\/p>\n<\/li>\n<li class=\"\" data-start=\"3773\" data-end=\"3807\">\n<p class=\"\" data-start=\"3775\" data-end=\"3807\">Frei von Gentechnik (GMO-frei)<\/p>\n<\/li>\n<li class=\"\" data-start=\"3773\" data-end=\"3807\">\n<p class=\"\" data-start=\"3775\" data-end=\"3807\">Frei von Pestiziden<\/p>\n<\/li>\n<\/ul>\n<p class=\"\" data-start=\"3838\" data-end=\"4048\"><strong data-start=\"3838\" data-end=\"3851\">Aroma CBD<\/strong><br data-start=\"3851\" data-end=\"3854\" \/>Terpene sind in den meisten \u00e4therischen \u00d6len vieler Pflanzen, Blumen und Fr\u00fcchte zu finden und sind f\u00fcr den Geruch und Geschmack verantwortlich. Im Cannabis findet sich ein breites Terpenprofil.<\/p>\n<p class=\"\" data-start=\"4055\" data-end=\"4361\"><strong data-start=\"4055\" data-end=\"4069\">Verpackung<\/strong><br data-start=\"4069\" data-end=\"4072\" \/>Die legalen Extrakte von The Tree CBD werden in biologisch abbaubaren Plastikbeuteln geliefert, die speziell zum Schutz und zur Erhaltung der CBD-Extrakte entwickelt wurden. Diese Beutel k\u00f6nnen wieder verschlossen werden, damit das Produkt seine Frische und den urspr\u00fcnglichen Duft beh\u00e4lt.<\/p>\n<p class=\"\" data-start=\"4368\" data-end=\"4513\"><strong data-start=\"4368\" data-end=\"4378\">Format<\/strong><br data-start=\"4378\" data-end=\"4381\" \/>Die Sorte CBN Cream ist in den folgenden Formaten erh\u00e4ltlich, damit du das passende f\u00fcr dich w\u00e4hlen kannst: 3\u202fg, 5\u202fg, 15\u202fg und 25\u202fg.<\/p>\n<p class=\"\" data-start=\"4520\" data-end=\"4841\"><strong data-start=\"4520\" data-end=\"4532\">Lagerung<\/strong><br data-start=\"4532\" data-end=\"4535\" \/>Idealerweise sollten die Harze von The Tree CBD an einem k\u00fchlen, trockenen Ort gelagert werden, gesch\u00fctzt vor Licht und starken Ger\u00fcchen, um jegliche Kontamination oder Zersetzung zu vermeiden. Direkte Sonneneinstrahlung und Hitze sollten vermieden werden. Au\u00dferhalb der Reichweite von Kindern aufbewahren.<\/p>\n<p class=\"\" data-start=\"4843\" data-end=\"4926\"><strong data-start=\"4843\" data-end=\"4855\">Hinweis:<\/strong> Die angegebene Haltbarkeit betr\u00e4gt bei richtiger Lagerung einen Monat.<\/p>\n<p class=\"\" data-start=\"4933\" data-end=\"5187\"><strong data-start=\"4933\" data-end=\"4970\">F\u00fcr wen ist das Produkt geeignet?<\/strong><br data-start=\"4970\" data-end=\"4973\" \/>CBN Cream ist sehr attraktiv durch seine dunkle Farbe, seine weiche Konsistenz und die dichte, klebrige Textur. Die Kombination der Cannabinoide verleiht ihm ein Aussehen und Aroma, das erdig und nostalgisch wirkt.<\/p>\n<p class=\"\" data-start=\"5189\" data-end=\"5338\">Aus der K\u00e4uferperspektive richtet sich CBN Cream an diejenigen, die ein handwerkliches Produkt von hoher Qualit\u00e4t und mit stark erdigem Aroma suchen.<\/p>\n<p class=\"\" data-start=\"5340\" data-end=\"5394\">Unsere Harze sind f\u00fcr Personen \u00fcber 18 Jahre geeignet.<\/p>\n<p class=\"\" data-start=\"5401\" data-end=\"5660\"><strong data-start=\"5401\" data-end=\"5424\">Sicherheitshinweise<\/strong><br data-start=\"5424\" data-end=\"5427\" \/>Bitte beachten Sie, dass die Extrakte von The Tree CBD dekorative, sammelbare und aromatische Produkte sind. Sie sollten nicht w\u00e4hrend Schwangerschaft oder Stillzeit verwendet werden. Au\u00dferhalb der Reichweite von Kindern aufbewahren.<\/p>\n<p class=\"\" data-start=\"5662\" data-end=\"5793\">Unsere Extrakte k\u00f6nnen eine gewisse Menge THC enthalten. Selbstverst\u00e4ndlich liegt diese immer unter dem EU-Grenzwert von 0,2\u202f% THC.<\/p>\n<p class=\"\" data-start=\"5795\" data-end=\"6048\">Die bereitgestellten Inhalte dienen ausschlie\u00dflich Informations- und Schulungszwecken und ersetzen keinesfalls die Beratung durch einen Arzt oder Apotheker. Unsere Texte sind nicht f\u00fcr die eigenst\u00e4ndige Diagnose oder Behandlung von Krankheiten bestimmt.<\/p>\n<p class=\"\" data-start=\"6050\" data-end=\"6126\">Bitte z\u00f6gern Sie nicht, uns zu kontaktieren, falls Sie weitere Fragen haben.<\/p>\n","protected":false},"excerpt":{"rendered":"<ul>\n<li>CBN Hash, extrahiert aus der Hanfpflanze.<\/li>\n<li>20 % CBD<\/li>\n<li>8 % CBN<\/li>\n<li>3 % CBG<\/li>\n<li>Format: Beutel mit 3\u202fg, 5\u202fg, 15\u202fg und 25\u202fg<\/li>\n<li>Weniger als 0,19 % THC<\/li>\n<li>Keine psychoaktiven Effekte<\/li>\n<li>Biologisch angebauter Hanf<\/li>\n<li>Gentechnikfrei (GMO-frei)<\/li>\n<li>Pestizidfrei<\/li>\n<\/ul>\n","protected":false},"featured_media":165330,"template":"","meta":{"_acf_changed":false},"product_brand":[],"class_list":{"0":"post-165327","1":"product","2":"type-product","3":"status-publish","4":"has-post-thumbnail","6":"product_cat-cbd-haschisch","7":"product_cat-produkte-mit-20-cbd","9":"first","10":"instock","11":"taxable","12":"shipping-taxable","13":"purchasable","14":"product-type-variable"},"acf":[],"yoast_head":"<!-- This site is optimized with the Yoast SEO plugin v26.3 - https:\/\/yoast.com\/wordpress\/plugins\/seo\/ -->\n<title>CBN Cream - Resina CBD | The Tree CBD<\/title>\n<meta name=\"description\" content=\"CBN Cream ist ein Produkt von h\u00f6chster Qualit\u00e4t mit intensivem Aroma, das die anspruchsvollsten Kunden begeistern wird. Entdecke die besten CBD-Harze und CBN-Hash.\" \/>\n<meta name=\"robots\" content=\"index, follow, max-snippet:-1, max-image-preview:large, max-video-preview:-1\" \/>\n<link rel=\"canonical\" href=\"https:\/\/thetreecbd.com\/de\/cbd\/harze-cbd-cbn-cream\" \/>\n<meta property=\"og:locale\" content=\"de_DE\" \/>\n<meta property=\"og:type\" content=\"article\" \/>\n<meta property=\"og:title\" content=\"CBN Cream - Resina CBD | The Tree CBD\" \/>\n<meta property=\"og:description\" content=\"CBN Cream ist ein Produkt von h\u00f6chster Qualit\u00e4t mit intensivem Aroma, das die anspruchsvollsten Kunden begeistern wird. Entdecke die besten CBD-Harze und CBN-Hash.\" \/>\n<meta property=\"og:url\" content=\"https:\/\/thetreecbd.com\/de\/cbd\/harze-cbd-cbn-cream\" \/>\n<meta property=\"og:site_name\" content=\"The Tree CBD\" \/>\n<meta property=\"article:publisher\" content=\"https:\/\/www.facebook.com\/thetreeCBD\/\" \/>\n<meta property=\"article:modified_time\" content=\"2025-07-14T11:52:09+00:00\" \/>\n<meta property=\"og:image\" content=\"https:\/\/thetreecbd.com\/wp-content\/uploads\/2022\/12\/cbn-cream-web.png\" \/>\n\t<meta property=\"og:image:width\" content=\"600\" \/>\n\t<meta property=\"og:image:height\" content=\"720\" \/>\n\t<meta property=\"og:image:type\" content=\"image\/png\" \/>\n<meta name=\"twitter:card\" content=\"summary_large_image\" \/>\n<meta name=\"twitter:site\" content=\"@TheTreeCBD_EU\" \/>\n<meta name=\"twitter:label1\" content=\"Gesch\u00e4tzte Lesezeit\" \/>\n\t<meta name=\"twitter:data1\" content=\"4\u00a0Minuten\" \/>\n<script type=\"application\/ld+json\" class=\"yoast-schema-graph\">{\"@context\":\"https:\/\/schema.org\",\"@graph\":[{\"@type\":[\"WebPage\",\"ItemPage\"],\"@id\":\"https:\/\/thetreecbd.com\/de\/cbd\/harze-cbd-cbn-cream\",\"url\":\"https:\/\/thetreecbd.com\/de\/cbd\/harze-cbd-cbn-cream\",\"name\":\"CBN Cream - Resina CBD | The Tree CBD\",\"isPartOf\":{\"@id\":\"https:\/\/thetreecbd.com\/de#website\"},\"primaryImageOfPage\":{\"@id\":\"https:\/\/thetreecbd.com\/de\/cbd\/harze-cbd-cbn-cream#primaryimage\"},\"image\":{\"@id\":\"https:\/\/thetreecbd.com\/de\/cbd\/harze-cbd-cbn-cream#primaryimage\"},\"thumbnailUrl\":\"https:\/\/thetreecbd.com\/wp-content\/uploads\/2022\/12\/cbn-cream-web.png\",\"datePublished\":\"2022-12-15T18:20:05+00:00\",\"dateModified\":\"2025-07-14T11:52:09+00:00\",\"description\":\"CBN Cream ist ein Produkt von h\u00f6chster Qualit\u00e4t mit intensivem Aroma, das die anspruchsvollsten Kunden begeistern wird. Entdecke die besten CBD-Harze und CBN-Hash.\",\"breadcrumb\":{\"@id\":\"https:\/\/thetreecbd.com\/de\/cbd\/harze-cbd-cbn-cream#breadcrumb\"},\"inLanguage\":\"de\",\"potentialAction\":[{\"@type\":\"ReadAction\",\"target\":[\"https:\/\/thetreecbd.com\/de\/cbd\/harze-cbd-cbn-cream\"]}]},{\"@type\":\"ImageObject\",\"inLanguage\":\"de\",\"@id\":\"https:\/\/thetreecbd.com\/de\/cbd\/harze-cbd-cbn-cream#primaryimage\",\"url\":\"https:\/\/thetreecbd.com\/wp-content\/uploads\/2022\/12\/cbn-cream-web.png\",\"contentUrl\":\"https:\/\/thetreecbd.com\/wp-content\/uploads\/2022\/12\/cbn-cream-web.png\",\"width\":600,\"height\":720},{\"@type\":\"BreadcrumbList\",\"@id\":\"https:\/\/thetreecbd.com\/de\/cbd\/harze-cbd-cbn-cream#breadcrumb\",\"itemListElement\":[{\"@type\":\"ListItem\",\"position\":1,\"name\":\"The Tree\",\"item\":\"https:\/\/thetreecbd.com\/de\"},{\"@type\":\"ListItem\",\"position\":2,\"name\":\"CBD\",\"item\":\"https:\/\/thetreecbd.com\/es\/cbd\"},{\"@type\":\"ListItem\",\"position\":3,\"name\":\"CBD-Haschisch. Cannabis-Extrakte\",\"item\":\"https:\/\/thetreecbd.com\/de\/cbd-haschisch\"},{\"@type\":\"ListItem\",\"position\":4,\"name\":\"CBN Cream\"}]},{\"@type\":\"WebSite\",\"@id\":\"https:\/\/thetreecbd.com\/de#website\",\"url\":\"https:\/\/thetreecbd.com\/de\",\"name\":\"The Tree CBD\",\"description\":\"Comprar CBD en Espa\u00f1a Online\",\"publisher\":{\"@id\":\"https:\/\/thetreecbd.com\/de#organization\"},\"potentialAction\":[{\"@type\":\"SearchAction\",\"target\":{\"@type\":\"EntryPoint\",\"urlTemplate\":\"https:\/\/thetreecbd.com\/de?s={search_term_string}\"},\"query-input\":{\"@type\":\"PropertyValueSpecification\",\"valueRequired\":true,\"valueName\":\"search_term_string\"}}],\"inLanguage\":\"de\"},{\"@type\":\"Organization\",\"@id\":\"https:\/\/thetreecbd.com\/de#organization\",\"name\":\"The Tree CBD\",\"url\":\"https:\/\/thetreecbd.com\/de\",\"logo\":{\"@type\":\"ImageObject\",\"inLanguage\":\"de\",\"@id\":\"https:\/\/thetreecbd.com\/de#\/schema\/logo\/image\/\",\"url\":\"https:\/\/thetreecbd.com\/wp-content\/uploads\/2022\/04\/logo-thetree.png\",\"contentUrl\":\"https:\/\/thetreecbd.com\/wp-content\/uploads\/2022\/04\/logo-thetree.png\",\"width\":172,\"height\":55,\"caption\":\"The Tree CBD\"},\"image\":{\"@id\":\"https:\/\/thetreecbd.com\/de#\/schema\/logo\/image\/\"},\"sameAs\":[\"https:\/\/www.facebook.com\/thetreeCBD\/\",\"https:\/\/x.com\/TheTreeCBD_EU\",\"https:\/\/www.instagram.com\/thetree.cbd\/\",\"https:\/\/es.trustpilot.com\/review\/thetreecbd.com\"]}]}<\/script>\n<!-- \/ Yoast SEO plugin. -->","yoast_head_json":{"title":"CBN Cream - Resina CBD | The Tree CBD","description":"CBN Cream ist ein Produkt von h\u00f6chster Qualit\u00e4t mit intensivem Aroma, das die anspruchsvollsten Kunden begeistern wird. Entdecke die besten CBD-Harze und CBN-Hash.","robots":{"index":"index","follow":"follow","max-snippet":"max-snippet:-1","max-image-preview":"max-image-preview:large","max-video-preview":"max-video-preview:-1"},"canonical":"https:\/\/thetreecbd.com\/de\/cbd\/harze-cbd-cbn-cream","og_locale":"de_DE","og_type":"article","og_title":"CBN Cream - Resina CBD | The Tree CBD","og_description":"CBN Cream ist ein Produkt von h\u00f6chster Qualit\u00e4t mit intensivem Aroma, das die anspruchsvollsten Kunden begeistern wird. Entdecke die besten CBD-Harze und CBN-Hash.","og_url":"https:\/\/thetreecbd.com\/de\/cbd\/harze-cbd-cbn-cream","og_site_name":"The Tree CBD","article_publisher":"https:\/\/www.facebook.com\/thetreeCBD\/","article_modified_time":"2025-07-14T11:52:09+00:00","og_image":[{"width":600,"height":720,"url":"https:\/\/thetreecbd.com\/wp-content\/uploads\/2022\/12\/cbn-cream-web.png","type":"image\/png"}],"twitter_card":"summary_large_image","twitter_site":"@TheTreeCBD_EU","twitter_misc":{"Gesch\u00e4tzte Lesezeit":"4\u00a0Minuten"},"schema":{"@context":"https:\/\/schema.org","@graph":[{"@type":["WebPage","ItemPage"],"@id":"https:\/\/thetreecbd.com\/de\/cbd\/harze-cbd-cbn-cream","url":"https:\/\/thetreecbd.com\/de\/cbd\/harze-cbd-cbn-cream","name":"CBN Cream - Resina CBD | The Tree CBD","isPartOf":{"@id":"https:\/\/thetreecbd.com\/de#website"},"primaryImageOfPage":{"@id":"https:\/\/thetreecbd.com\/de\/cbd\/harze-cbd-cbn-cream#primaryimage"},"image":{"@id":"https:\/\/thetreecbd.com\/de\/cbd\/harze-cbd-cbn-cream#primaryimage"},"thumbnailUrl":"https:\/\/thetreecbd.com\/wp-content\/uploads\/2022\/12\/cbn-cream-web.png","datePublished":"2022-12-15T18:20:05+00:00","dateModified":"2025-07-14T11:52:09+00:00","description":"CBN Cream ist ein Produkt von h\u00f6chster Qualit\u00e4t mit intensivem Aroma, das die anspruchsvollsten Kunden begeistern wird. Entdecke die besten CBD-Harze und CBN-Hash.","breadcrumb":{"@id":"https:\/\/thetreecbd.com\/de\/cbd\/harze-cbd-cbn-cream#breadcrumb"},"inLanguage":"de","potentialAction":[{"@type":"ReadAction","target":["https:\/\/thetreecbd.com\/de\/cbd\/harze-cbd-cbn-cream"]}]},{"@type":"ImageObject","inLanguage":"de","@id":"https:\/\/thetreecbd.com\/de\/cbd\/harze-cbd-cbn-cream#primaryimage","url":"https:\/\/thetreecbd.com\/wp-content\/uploads\/2022\/12\/cbn-cream-web.png","contentUrl":"https:\/\/thetreecbd.com\/wp-content\/uploads\/2022\/12\/cbn-cream-web.png","width":600,"height":720},{"@type":"BreadcrumbList","@id":"https:\/\/thetreecbd.com\/de\/cbd\/harze-cbd-cbn-cream#breadcrumb","itemListElement":[{"@type":"ListItem","position":1,"name":"The Tree","item":"https:\/\/thetreecbd.com\/de"},{"@type":"ListItem","position":2,"name":"CBD","item":"https:\/\/thetreecbd.com\/es\/cbd"},{"@type":"ListItem","position":3,"name":"CBD-Haschisch. Cannabis-Extrakte","item":"https:\/\/thetreecbd.com\/de\/cbd-haschisch"},{"@type":"ListItem","position":4,"name":"CBN Cream"}]},{"@type":"WebSite","@id":"https:\/\/thetreecbd.com\/de#website","url":"https:\/\/thetreecbd.com\/de","name":"The Tree CBD","description":"Comprar CBD en Espa\u00f1a Online","publisher":{"@id":"https:\/\/thetreecbd.com\/de#organization"},"potentialAction":[{"@type":"SearchAction","target":{"@type":"EntryPoint","urlTemplate":"https:\/\/thetreecbd.com\/de?s={search_term_string}"},"query-input":{"@type":"PropertyValueSpecification","valueRequired":true,"valueName":"search_term_string"}}],"inLanguage":"de"},{"@type":"Organization","@id":"https:\/\/thetreecbd.com\/de#organization","name":"The Tree CBD","url":"https:\/\/thetreecbd.com\/de","logo":{"@type":"ImageObject","inLanguage":"de","@id":"https:\/\/thetreecbd.com\/de#\/schema\/logo\/image\/","url":"https:\/\/thetreecbd.com\/wp-content\/uploads\/2022\/04\/logo-thetree.png","contentUrl":"https:\/\/thetreecbd.com\/wp-content\/uploads\/2022\/04\/logo-thetree.png","width":172,"height":55,"caption":"The Tree CBD"},"image":{"@id":"https:\/\/thetreecbd.com\/de#\/schema\/logo\/image\/"},"sameAs":["https:\/\/www.facebook.com\/thetreeCBD\/","https:\/\/x.com\/TheTreeCBD_EU","https:\/\/www.instagram.com\/thetree.cbd\/","https:\/\/es.trustpilot.com\/review\/thetreecbd.com"]}]}},"_links":{"self":[{"href":"https:\/\/thetreecbd.com\/de\/wp-json\/wp\/v2\/product\/165327","targetHints":{"allow":["GET"]}}],"collection":[{"href":"https:\/\/thetreecbd.com\/de\/wp-json\/wp\/v2\/product"}],"about":[{"href":"https:\/\/thetreecbd.com\/de\/wp-json\/wp\/v2\/types\/product"}],"version-history":[{"count":0,"href":"https:\/\/thetreecbd.com\/de\/wp-json\/wp\/v2\/product\/165327\/revisions"}],"wp:featuredmedia":[{"embeddable":true,"href":"https:\/\/thetreecbd.com\/de\/wp-json\/wp\/v2\/media\/165330"}],"wp:attachment":[{"href":"https:\/\/thetreecbd.com\/de\/wp-json\/wp\/v2\/media?parent=165327"}],"wp:term":[{"taxonomy":"product_brand","embeddable":true,"href":"https:\/\/thetreecbd.com\/de\/wp-json\/wp\/v2\/product_brand?post=165327"}],"curies":[{"name":"wp","href":"https:\/\/api.w.org\/{rel}","templated":true}]}}