{"id":165362,"date":"2020-04-22T18:06:01","date_gmt":"2020-04-22T16:06:01","guid":{"rendered":"https:\/\/thetreecbd.com\/cbd\/cbd-harze-lemon-hash"},"modified":"2025-12-01T00:32:28","modified_gmt":"2025-11-30T23:32:28","slug":"cbd-harze-lemon-hash","status":"publish","type":"product","link":"https:\/\/thetreecbd.com\/de\/cbd\/cbd-harze-lemon-hash","title":{"rendered":"Lemon CBD Hash"},"content":{"rendered":"<p class=\"\" data-start=\"122\" data-end=\"358\"><strong data-start=\"122\" data-end=\"176\">The Tree CBD pr\u00e4sentiert dir dieses Lemon CBD Hash<\/strong>, ein k\u00f6stliches Derivat aus biologisch angebauten Hanfbl\u00fcten \u2013 ein besonders starkes Hash, reich an Terpenen, das sofort einen erkennbar frischen und zitronigen Geschmack entfaltet.<\/p>\n<p class=\"\" data-start=\"360\" data-end=\"874\"><strong data-start=\"360\" data-end=\"406\">Ein s\u00fc\u00dfes Hasch mit zitronigen Einschl\u00e4gen<\/strong><br data-start=\"406\" data-end=\"409\" \/>Diese Hasch-Delikatesse aus Siebung bringt das s\u00fc\u00df-aromatische Aroma von Pollen mit einer besonders hohen CBD-Konzentration, die durch die harzreichen Trichome der Cannabispflanze erreicht wird. Diese sammeln sich beim Sieben von getrockneten, losen Cannabisbl\u00fcten auf einem Sieb oder Netz. Wie der Name schon andeutet, hat dieses Hash eine eher gelbliche F\u00e4rbung. Zudem ist dieser nat\u00fcrliche und biologische Extrakt dank seiner pudrigen Konsistenz perfekt formbar.<\/p>\n<p class=\"\" data-start=\"876\" data-end=\"1196\">Die Harzdr\u00fcsen, die Terpene und Cannabinoide enthalten, machen diesen Extrakt zu einer absoluten Top-Variante unter den Haschsorten \u2013 mit einer schwer zu \u00fcbertreffenden Qualit\u00e4t und einem deutlich h\u00f6heren Anteil an nicht-psychoaktiven Cannabinoiden wie CBD im Vergleich zu den Cannabisbl\u00fcten, aus denen er gewonnen wird.<\/p>\n<p class=\"\" data-start=\"1198\" data-end=\"1373\">Jede Verpackung enth\u00e4lt 5 Gramm dieser CBD-Hash-Sorte, sorgf\u00e4ltig verpackt, damit ein frisches und hochwertiges Produkt direkt zu dir nach Hause kommt \u2013 f\u00fcr h\u00f6chste Anspr\u00fcche.<\/p>\n<p class=\"\" data-start=\"1375\" data-end=\"1583\">Dieses Premium-Haschisch stammt \u2013 wie all unsere Produkte \u2013 aus biologischem Hanfanbau in Europa, frei von Pestiziden und Gentechnik. Zudem enth\u00e4lt es weniger als 0,2 % THC und ist damit in ganz Europa legal.<\/p>\n<p class=\"\" data-start=\"1590\" data-end=\"1781\"><strong data-start=\"1590\" data-end=\"1626\">Eigenschaften des Lemon CBD Hash<\/strong><\/p>\n<ul>\n<li data-start=\"1590\" data-end=\"1781\">CBD Hash: Extrakt aus CBD-Bl\u00fcten<\/li>\n<li data-start=\"1590\" data-end=\"1781\">11 % CBD<\/li>\n<li data-start=\"1590\" data-end=\"1781\">Weniger als 0,19 % THC<\/li>\n<li data-start=\"1590\" data-end=\"1781\">Keine psychoaktive Wirkung<\/li>\n<li data-start=\"1590\" data-end=\"1781\">Biologisch angebauter Hanf<\/li>\n<li data-start=\"1590\" data-end=\"1781\">GMO-frei<\/li>\n<li data-start=\"1590\" data-end=\"1781\">Pestizidfrei<\/li>\n<\/ul>\n<p class=\"\" data-start=\"1788\" data-end=\"2013\"><strong data-start=\"1788\" data-end=\"1808\">Charas-CBD-Aroma<\/strong><br data-start=\"1808\" data-end=\"1811\" \/>Terpene finden sich in den meisten \u00e4therischen \u00d6len von Pflanzen, Bl\u00fcten und Fr\u00fcchten. Sie sind f\u00fcr den Geruch und Geschmack verantwortlich. In Cannabis ist ein besonders breites Terpenprofil enthalten.<\/p>\n<p class=\"\" data-start=\"2015\" data-end=\"2129\">Eine der Hauptmerkmale dieses Haschs ist sein zitroniges Aroma mit intensiven Noten von Zitrone und Orangenbl\u00fcten.<\/p>\n<p class=\"\" data-start=\"2136\" data-end=\"2410\"><strong data-start=\"2136\" data-end=\"2150\">Zielgruppe<\/strong><br data-start=\"2150\" data-end=\"2153\" \/>Das Lemon CBD Hash ist besonders ansprechend durch seine helle Farbe, die an Karamell erinnert. Die charakteristische helle F\u00e4rbung leitet sich direkt von der Farbe des verwendeten Pflanzenharzes ab. Beim Anfassen wirkt dieses legale Hasch hart und kompakt.<\/p>\n<p class=\"\" data-start=\"2412\" data-end=\"2579\">Aus Sicht der K\u00e4ufer bietet das Lemon CBD Hash ein aromatisches Erlebnis f\u00fcr Liebhaber von hellem Hasch \u2013 \u00e4hnlich wie klassisches Pollen oder marokkanisches Haschisch.<\/p>\n<p class=\"\" data-start=\"2586\" data-end=\"2854\"><strong data-start=\"2586\" data-end=\"2608\">Sicherheitshinweis<\/strong><br data-start=\"2608\" data-end=\"2611\" \/>Bitte beachte, dass die CBD-Haschprodukte von The Tree ein dekoratives, sammelbares und aromatisches Produkt sind. Sie sollten nicht w\u00e4hrend der Schwangerschaft oder Stillzeit verwendet werden. Au\u00dferhalb der Reichweite von Kindern aufbewahren.<\/p>\n<p class=\"\" data-start=\"2856\" data-end=\"2991\">Unsere CBD-Extrakte k\u00f6nnen Spuren von THC enthalten. Diese liegen selbstverst\u00e4ndlich unter dem gesetzlichen EU-Grenzwert von 0,2 % THC.<\/p>\n<p class=\"\" data-start=\"2993\" data-end=\"3264\">Die bereitgestellten Inhalte dienen ausschlie\u00dflich zu Informations- und Schulungszwecken und ersetzen in keinem Fall die medizinische Beratung durch einen Arzt oder Apotheker. Unsere Texte sind nicht f\u00fcr die eigenst\u00e4ndige Diagnose oder Behandlung von Krankheiten gedacht.<\/p>\n<p class=\"\" data-start=\"3266\" data-end=\"3329\">Z\u00f6gere nicht, uns zu kontaktieren, wenn du weitere Fragen hast.<\/p>\n<p class=\"\" data-start=\"3336\" data-end=\"3567\"><strong data-start=\"3336\" data-end=\"3348\">Lagerung<\/strong><br data-start=\"3348\" data-end=\"3351\" \/>Die CBD-Resinen von The Tree sollten idealerweise k\u00fchl und trocken gelagert werden \u2013 am besten im K\u00fchlschrank \u2013 gesch\u00fctzt vor Licht und starken Ger\u00fcchen, um jegliche Verunreinigung oder Qualit\u00e4tsverlust zu vermeiden.<\/p>\n<p class=\"\" data-start=\"3569\" data-end=\"3616\">Direkte Sonneneinstrahlung und Hitze vermeiden.<\/p>\n<p class=\"\" data-start=\"3618\" data-end=\"3703\"><strong data-start=\"3618\" data-end=\"3630\">Achtung:<\/strong> Die angegebene Haltbarkeit betr\u00e4gt einen Monat bei sachgem\u00e4\u00dfer Lagerung.<\/p>\n","protected":false},"excerpt":{"rendered":"<ul>\n<li>CBD Hash: Extrakt aus CBD-Bl\u00fcten<\/li>\n<li>11 %<strong> CBD<\/strong><\/li>\n<li>Weniger als 0,19 % <strong>THC<\/strong><\/li>\n<li><strong>Keine psychoaktive Wirkung<\/strong><\/li>\n<li>Biologisch angebauter Hanf<\/li>\n<li>GMO-frei<\/li>\n<li>Pestizidfrei<\/li>\n<\/ul>\n","protected":false},"featured_media":165367,"template":"","meta":{"_acf_changed":false},"product_brand":[],"class_list":{"0":"post-165362","1":"product","2":"type-product","3":"status-publish","4":"has-post-thumbnail","6":"product_cat-cbd-angebote","7":"product_cat-cbd-haschisch","8":"product_cat-cbd-sportler","9":"product_cat-produkte-mit-10-cbd","11":"first","12":"instock","13":"sale","14":"taxable","15":"shipping-taxable","16":"purchasable","17":"product-type-variable"},"acf":[],"yoast_head":"<!-- This site is optimized with the Yoast SEO plugin v26.3 - https:\/\/yoast.com\/wordpress\/plugins\/seo\/ -->\n<title>Lemon CBD Hash - CBD-Resin | The Tree CBD<\/title>\n<meta name=\"description\" content=\"Das Lemon CBD Hash ist ein Produkt von hoher Qualit\u00e4t mit intensivem Aroma und Geschmack, das selbst die anspruchsvollsten Hash-Liebhaber begeistern wird. CBD-Haschisch.\" \/>\n<meta name=\"robots\" content=\"index, follow, max-snippet:-1, max-image-preview:large, max-video-preview:-1\" \/>\n<link rel=\"canonical\" href=\"https:\/\/thetreecbd.com\/de\/cbd\/cbd-harze-lemon-hash\" \/>\n<meta property=\"og:locale\" content=\"de_DE\" \/>\n<meta property=\"og:type\" content=\"article\" \/>\n<meta property=\"og:title\" content=\"Lemon CBD Hash - CBD-Resin | The Tree CBD\" \/>\n<meta property=\"og:description\" content=\"Das Lemon CBD Hash ist ein Produkt von hoher Qualit\u00e4t mit intensivem Aroma und Geschmack, das selbst die anspruchsvollsten Hash-Liebhaber begeistern wird. CBD-Haschisch.\" \/>\n<meta property=\"og:url\" content=\"https:\/\/thetreecbd.com\/de\/cbd\/cbd-harze-lemon-hash\" \/>\n<meta property=\"og:site_name\" content=\"The Tree CBD\" \/>\n<meta property=\"article:publisher\" content=\"https:\/\/www.facebook.com\/thetreeCBD\/\" \/>\n<meta property=\"article:modified_time\" content=\"2025-11-30T23:32:28+00:00\" \/>\n<meta property=\"og:image\" content=\"https:\/\/thetreecbd.com\/wp-content\/uploads\/2020\/04\/resinas-cbd-lemon-hash-1.jpg\" \/>\n\t<meta property=\"og:image:width\" content=\"600\" \/>\n\t<meta property=\"og:image:height\" content=\"720\" \/>\n\t<meta property=\"og:image:type\" content=\"image\/jpeg\" \/>\n<meta name=\"twitter:card\" content=\"summary_large_image\" \/>\n<meta name=\"twitter:site\" content=\"@TheTreeCBD_EU\" \/>\n<meta name=\"twitter:label1\" content=\"Gesch\u00e4tzte Lesezeit\" \/>\n\t<meta name=\"twitter:data1\" content=\"3\u00a0Minuten\" \/>\n<script type=\"application\/ld+json\" class=\"yoast-schema-graph\">{\"@context\":\"https:\/\/schema.org\",\"@graph\":[{\"@type\":[\"WebPage\",\"ItemPage\"],\"@id\":\"https:\/\/thetreecbd.com\/de\/cbd\/cbd-harze-lemon-hash\",\"url\":\"https:\/\/thetreecbd.com\/de\/cbd\/cbd-harze-lemon-hash\",\"name\":\"Lemon CBD Hash - CBD-Resin | The Tree CBD\",\"isPartOf\":{\"@id\":\"https:\/\/thetreecbd.com\/de#website\"},\"primaryImageOfPage\":{\"@id\":\"https:\/\/thetreecbd.com\/de\/cbd\/cbd-harze-lemon-hash#primaryimage\"},\"image\":{\"@id\":\"https:\/\/thetreecbd.com\/de\/cbd\/cbd-harze-lemon-hash#primaryimage\"},\"thumbnailUrl\":\"https:\/\/thetreecbd.com\/wp-content\/uploads\/2020\/04\/resinas-cbd-lemon-hash-1.jpg\",\"datePublished\":\"2020-04-22T16:06:01+00:00\",\"dateModified\":\"2025-11-30T23:32:28+00:00\",\"description\":\"Das Lemon CBD Hash ist ein Produkt von hoher Qualit\u00e4t mit intensivem Aroma und Geschmack, das selbst die anspruchsvollsten Hash-Liebhaber begeistern wird. CBD-Haschisch.\",\"breadcrumb\":{\"@id\":\"https:\/\/thetreecbd.com\/de\/cbd\/cbd-harze-lemon-hash#breadcrumb\"},\"inLanguage\":\"de\",\"potentialAction\":[{\"@type\":\"ReadAction\",\"target\":[\"https:\/\/thetreecbd.com\/de\/cbd\/cbd-harze-lemon-hash\"]}]},{\"@type\":\"ImageObject\",\"inLanguage\":\"de\",\"@id\":\"https:\/\/thetreecbd.com\/de\/cbd\/cbd-harze-lemon-hash#primaryimage\",\"url\":\"https:\/\/thetreecbd.com\/wp-content\/uploads\/2020\/04\/resinas-cbd-lemon-hash-1.jpg\",\"contentUrl\":\"https:\/\/thetreecbd.com\/wp-content\/uploads\/2020\/04\/resinas-cbd-lemon-hash-1.jpg\",\"width\":600,\"height\":720},{\"@type\":\"BreadcrumbList\",\"@id\":\"https:\/\/thetreecbd.com\/de\/cbd\/cbd-harze-lemon-hash#breadcrumb\",\"itemListElement\":[{\"@type\":\"ListItem\",\"position\":1,\"name\":\"The Tree\",\"item\":\"https:\/\/thetreecbd.com\/de\"},{\"@type\":\"ListItem\",\"position\":2,\"name\":\"CBD\",\"item\":\"https:\/\/thetreecbd.com\/es\/cbd\"},{\"@type\":\"ListItem\",\"position\":3,\"name\":\"CBD-Haschisch. Cannabis-Extrakte\",\"item\":\"https:\/\/thetreecbd.com\/de\/cbd-haschisch\"},{\"@type\":\"ListItem\",\"position\":4,\"name\":\"Lemon CBD Hash\"}]},{\"@type\":\"WebSite\",\"@id\":\"https:\/\/thetreecbd.com\/de#website\",\"url\":\"https:\/\/thetreecbd.com\/de\",\"name\":\"The Tree CBD\",\"description\":\"Comprar CBD en Espa\u00f1a Online\",\"publisher\":{\"@id\":\"https:\/\/thetreecbd.com\/de#organization\"},\"potentialAction\":[{\"@type\":\"SearchAction\",\"target\":{\"@type\":\"EntryPoint\",\"urlTemplate\":\"https:\/\/thetreecbd.com\/de?s={search_term_string}\"},\"query-input\":{\"@type\":\"PropertyValueSpecification\",\"valueRequired\":true,\"valueName\":\"search_term_string\"}}],\"inLanguage\":\"de\"},{\"@type\":\"Organization\",\"@id\":\"https:\/\/thetreecbd.com\/de#organization\",\"name\":\"The Tree CBD\",\"url\":\"https:\/\/thetreecbd.com\/de\",\"logo\":{\"@type\":\"ImageObject\",\"inLanguage\":\"de\",\"@id\":\"https:\/\/thetreecbd.com\/de#\/schema\/logo\/image\/\",\"url\":\"https:\/\/thetreecbd.com\/wp-content\/uploads\/2022\/04\/logo-thetree.png\",\"contentUrl\":\"https:\/\/thetreecbd.com\/wp-content\/uploads\/2022\/04\/logo-thetree.png\",\"width\":172,\"height\":55,\"caption\":\"The Tree CBD\"},\"image\":{\"@id\":\"https:\/\/thetreecbd.com\/de#\/schema\/logo\/image\/\"},\"sameAs\":[\"https:\/\/www.facebook.com\/thetreeCBD\/\",\"https:\/\/x.com\/TheTreeCBD_EU\",\"https:\/\/www.instagram.com\/thetree.cbd\/\",\"https:\/\/es.trustpilot.com\/review\/thetreecbd.com\"]}]}<\/script>\n<!-- \/ Yoast SEO plugin. -->","yoast_head_json":{"title":"Lemon CBD Hash - CBD-Resin | The Tree CBD","description":"Das Lemon CBD Hash ist ein Produkt von hoher Qualit\u00e4t mit intensivem Aroma und Geschmack, das selbst die anspruchsvollsten Hash-Liebhaber begeistern wird. CBD-Haschisch.","robots":{"index":"index","follow":"follow","max-snippet":"max-snippet:-1","max-image-preview":"max-image-preview:large","max-video-preview":"max-video-preview:-1"},"canonical":"https:\/\/thetreecbd.com\/de\/cbd\/cbd-harze-lemon-hash","og_locale":"de_DE","og_type":"article","og_title":"Lemon CBD Hash - CBD-Resin | The Tree CBD","og_description":"Das Lemon CBD Hash ist ein Produkt von hoher Qualit\u00e4t mit intensivem Aroma und Geschmack, das selbst die anspruchsvollsten Hash-Liebhaber begeistern wird. CBD-Haschisch.","og_url":"https:\/\/thetreecbd.com\/de\/cbd\/cbd-harze-lemon-hash","og_site_name":"The Tree CBD","article_publisher":"https:\/\/www.facebook.com\/thetreeCBD\/","article_modified_time":"2025-11-30T23:32:28+00:00","og_image":[{"width":600,"height":720,"url":"https:\/\/thetreecbd.com\/wp-content\/uploads\/2020\/04\/resinas-cbd-lemon-hash-1.jpg","type":"image\/jpeg"}],"twitter_card":"summary_large_image","twitter_site":"@TheTreeCBD_EU","twitter_misc":{"Gesch\u00e4tzte Lesezeit":"3\u00a0Minuten"},"schema":{"@context":"https:\/\/schema.org","@graph":[{"@type":["WebPage","ItemPage"],"@id":"https:\/\/thetreecbd.com\/de\/cbd\/cbd-harze-lemon-hash","url":"https:\/\/thetreecbd.com\/de\/cbd\/cbd-harze-lemon-hash","name":"Lemon CBD Hash - CBD-Resin | The Tree CBD","isPartOf":{"@id":"https:\/\/thetreecbd.com\/de#website"},"primaryImageOfPage":{"@id":"https:\/\/thetreecbd.com\/de\/cbd\/cbd-harze-lemon-hash#primaryimage"},"image":{"@id":"https:\/\/thetreecbd.com\/de\/cbd\/cbd-harze-lemon-hash#primaryimage"},"thumbnailUrl":"https:\/\/thetreecbd.com\/wp-content\/uploads\/2020\/04\/resinas-cbd-lemon-hash-1.jpg","datePublished":"2020-04-22T16:06:01+00:00","dateModified":"2025-11-30T23:32:28+00:00","description":"Das Lemon CBD Hash ist ein Produkt von hoher Qualit\u00e4t mit intensivem Aroma und Geschmack, das selbst die anspruchsvollsten Hash-Liebhaber begeistern wird. CBD-Haschisch.","breadcrumb":{"@id":"https:\/\/thetreecbd.com\/de\/cbd\/cbd-harze-lemon-hash#breadcrumb"},"inLanguage":"de","potentialAction":[{"@type":"ReadAction","target":["https:\/\/thetreecbd.com\/de\/cbd\/cbd-harze-lemon-hash"]}]},{"@type":"ImageObject","inLanguage":"de","@id":"https:\/\/thetreecbd.com\/de\/cbd\/cbd-harze-lemon-hash#primaryimage","url":"https:\/\/thetreecbd.com\/wp-content\/uploads\/2020\/04\/resinas-cbd-lemon-hash-1.jpg","contentUrl":"https:\/\/thetreecbd.com\/wp-content\/uploads\/2020\/04\/resinas-cbd-lemon-hash-1.jpg","width":600,"height":720},{"@type":"BreadcrumbList","@id":"https:\/\/thetreecbd.com\/de\/cbd\/cbd-harze-lemon-hash#breadcrumb","itemListElement":[{"@type":"ListItem","position":1,"name":"The Tree","item":"https:\/\/thetreecbd.com\/de"},{"@type":"ListItem","position":2,"name":"CBD","item":"https:\/\/thetreecbd.com\/es\/cbd"},{"@type":"ListItem","position":3,"name":"CBD-Haschisch. Cannabis-Extrakte","item":"https:\/\/thetreecbd.com\/de\/cbd-haschisch"},{"@type":"ListItem","position":4,"name":"Lemon CBD Hash"}]},{"@type":"WebSite","@id":"https:\/\/thetreecbd.com\/de#website","url":"https:\/\/thetreecbd.com\/de","name":"The Tree CBD","description":"Comprar CBD en Espa\u00f1a Online","publisher":{"@id":"https:\/\/thetreecbd.com\/de#organization"},"potentialAction":[{"@type":"SearchAction","target":{"@type":"EntryPoint","urlTemplate":"https:\/\/thetreecbd.com\/de?s={search_term_string}"},"query-input":{"@type":"PropertyValueSpecification","valueRequired":true,"valueName":"search_term_string"}}],"inLanguage":"de"},{"@type":"Organization","@id":"https:\/\/thetreecbd.com\/de#organization","name":"The Tree CBD","url":"https:\/\/thetreecbd.com\/de","logo":{"@type":"ImageObject","inLanguage":"de","@id":"https:\/\/thetreecbd.com\/de#\/schema\/logo\/image\/","url":"https:\/\/thetreecbd.com\/wp-content\/uploads\/2022\/04\/logo-thetree.png","contentUrl":"https:\/\/thetreecbd.com\/wp-content\/uploads\/2022\/04\/logo-thetree.png","width":172,"height":55,"caption":"The Tree CBD"},"image":{"@id":"https:\/\/thetreecbd.com\/de#\/schema\/logo\/image\/"},"sameAs":["https:\/\/www.facebook.com\/thetreeCBD\/","https:\/\/x.com\/TheTreeCBD_EU","https:\/\/www.instagram.com\/thetree.cbd\/","https:\/\/es.trustpilot.com\/review\/thetreecbd.com"]}]}},"_links":{"self":[{"href":"https:\/\/thetreecbd.com\/de\/wp-json\/wp\/v2\/product\/165362","targetHints":{"allow":["GET"]}}],"collection":[{"href":"https:\/\/thetreecbd.com\/de\/wp-json\/wp\/v2\/product"}],"about":[{"href":"https:\/\/thetreecbd.com\/de\/wp-json\/wp\/v2\/types\/product"}],"version-history":[{"count":0,"href":"https:\/\/thetreecbd.com\/de\/wp-json\/wp\/v2\/product\/165362\/revisions"}],"wp:featuredmedia":[{"embeddable":true,"href":"https:\/\/thetreecbd.com\/de\/wp-json\/wp\/v2\/media\/165367"}],"wp:attachment":[{"href":"https:\/\/thetreecbd.com\/de\/wp-json\/wp\/v2\/media?parent=165362"}],"wp:term":[{"taxonomy":"product_brand","embeddable":true,"href":"https:\/\/thetreecbd.com\/de\/wp-json\/wp\/v2\/product_brand?post=165362"}],"curies":[{"name":"wp","href":"https:\/\/api.w.org\/{rel}","templated":true}]}}