{"id":165373,"date":"2022-12-07T16:07:42","date_gmt":"2022-12-07T15:07:42","guid":{"rendered":"https:\/\/thetreecbd.com\/cbd\/cbd-haschisch-polen-full-melt"},"modified":"2025-07-14T14:11:21","modified_gmt":"2025-07-14T12:11:21","slug":"cbd-haschisch-polen-full-melt","status":"publish","type":"product","link":"https:\/\/thetreecbd.com\/de\/cbd\/cbd-haschisch-polen-full-melt","title":{"rendered":"Polen Full Melt"},"content":{"rendered":"<article class=\"text-token-text-primary w-full\" dir=\"auto\" data-testid=\"conversation-turn-24\" data-scroll-anchor=\"true\">\n<div class=\"text-base my-auto mx-auto py-5 [--thread-content-margin:--spacing(4)] @[37rem]:[--thread-content-margin:--spacing(6)] @[72rem]:[--thread-content-margin:--spacing(16)] px-(--thread-content-margin)\">\n<div class=\"[--thread-content-max-width:32rem] @[34rem]:[--thread-content-max-width:40rem] @[64rem]:[--thread-content-max-width:48rem] mx-auto flex max-w-(--thread-content-max-width) flex-1 text-base gap-4 md:gap-5 lg:gap-6 group\/turn-messages focus-visible:outline-hidden\" tabindex=\"-1\">\n<div class=\"group\/conversation-turn relative flex w-full min-w-0 flex-col agent-turn\">\n<div class=\"relative flex-col gap-1 md:gap-3\">\n<div class=\"flex max-w-full flex-col grow\">\n<div class=\"min-h-8 text-message relative flex w-full flex-col items-end gap-2 text-start break-words whitespace-normal [.text-message+&amp;]:mt-5\" dir=\"auto\" data-message-author-role=\"assistant\" data-message-id=\"5f26a995-52c2-4dd6-aac0-192afeca250c\" data-message-model-slug=\"gpt-4o\">\n<div class=\"flex w-full flex-col gap-1 empty:hidden first:pt-[3px]\">\n<div class=\"markdown prose dark:prose-invert w-full break-words dark\"><strong data-start=\"86\" data-end=\"127\">Das Full Melt Pollen von The Tree CBD<\/strong> ist ein Extrakt, der mit einer sicheren Methode durch ein sorgf\u00e4ltiges Verfahren hergestellt wird, bei dem die Trichome vom restlichen Pflanzenmaterial getrennt werden. Zur\u00fcck bleibt eine hohe Konzentration an Cannabinoiden und Terpenen, die f\u00fcr den Geruch und das Aroma der Pflanze verantwortlich sind. Die gewonnenen Trichome werden anschlie\u00dfend unter Hitze und Druck zu kleinen K\u00fcgelchen oder rechteckigen Platten gepresst, was diesem Produkt seine feste, cremige Textur verleiht.<\/div>\n<\/div>\n<\/div>\n<\/div>\n<\/div>\n<\/div>\n<\/div>\n<\/div>\n<\/article>\n<div class=\"pointer-events-none h-px w-px\" aria-hidden=\"true\" data-edge=\"true\">\n<p class=\"\" data-start=\"613\" data-end=\"795\">Unser <strong data-start=\"619\" data-end=\"639\">Full Melt Pollen<\/strong> ist ein Cannabis-Konzentrat, das mit h\u00f6chster Sorgfalt aus 100\u202f% nat\u00fcrlichen, biologisch und verantwortungsvoll angebauten Inhaltsstoffen hergestellt wird.<\/p>\n<p class=\"\" data-start=\"797\" data-end=\"1184\">Die Reinheit dieses <strong data-start=\"817\" data-end=\"838\">Full Melt Pollens<\/strong>, auch bekannt als \u201egeschmolzener Extrakt\u201c oder \u201eVollschmelze\u201c, ist schon mit blo\u00dfem Auge erkennbar: Die besten Sorten haben eine sehr helle Farbe und fast kristallines Aussehen. Neben dem optischen Eindruck sorgt diese hohe Reinheit f\u00fcr maximierte Aromen \u2013 das macht diesen Hanfextrakt zu einem der begehrtesten Konzentrate unter wahren Kennern.<\/p>\n<p class=\"\" data-start=\"1186\" data-end=\"1463\">Sein zitroniges Aroma ist unverkennbar, doch dahinter verbirgt sich eine kr\u00e4uterige, w\u00fcrzige Note, die auch anspruchsvollste Haschischliebhaber \u00fcberzeugt. Dieses <strong data-start=\"1348\" data-end=\"1368\">Full Melt Pollen<\/strong> von The Tree CBD bietet ein CBD-Hasch von h\u00f6chster Qualit\u00e4t mit sehr geschmeidiger Konsistenz.<\/p>\n<p class=\"\" data-start=\"1465\" data-end=\"1606\">Unser <strong data-start=\"1471\" data-end=\"1491\">Full Melt Pollen<\/strong> stammt aus biologischem Hanfanbau in Europa und enth\u00e4lt weniger als 0,2\u202f% THC \u2013 somit ist er in ganz Europa legal.<\/p>\n<p><strong data-start=\"1613\" data-end=\"1663\">Merkmale des Full Melt Pollen von The Tree CBD<\/strong><\/p>\n<ul>\n<li>CBD-Haschisch, extrahiert aus der Hanfpflanze.<\/li>\n<li>Format: Beutel mit 3\u202fg, 5\u202fg, 15\u202fg und 25\u202fg<\/li>\n<li>20\u202f% CBD<\/li>\n<li>Weniger als 0,19\u202f% THC<\/li>\n<li>Keine psychoaktiven Effekte<\/li>\n<li>Organisch angebauter Hanf<\/li>\n<li>GMO-frei<\/li>\n<li>Frei von Pestiziden<\/li>\n<\/ul>\n<p class=\"\" data-start=\"1919\" data-end=\"2166\"><strong data-start=\"1919\" data-end=\"1932\">CBD-Aroma<\/strong><br data-start=\"1932\" data-end=\"1935\" \/>Terpene finden sich in den meisten \u00e4therischen \u00d6len von Pflanzen, Blumen und Fr\u00fcchten. Sie sind verantwortlich f\u00fcr Geruch und Geschmack. In Cannabis gibt es ein breites Terpenprofil.<br data-start=\"2117\" data-end=\"2120\" \/><strong data-start=\"2120\" data-end=\"2157\">Hauptterpen des Full Melt Pollen:<\/strong> Limonen.<\/p>\n<p class=\"\" data-start=\"2173\" data-end=\"2446\"><strong data-start=\"2173\" data-end=\"2187\">Verpackung<\/strong><br data-start=\"2187\" data-end=\"2190\" \/>Die legalen Extrakte von The Tree CBD werden in biologisch abbaubaren Plastikbeuteln geliefert, die speziell daf\u00fcr entwickelt wurden, CBD-Extrakte optimal zu sch\u00fctzen und aufzubewahren. Sie sind wiederverschlie\u00dfbar, um Frische und Originalduft zu erhalten.<\/p>\n<p class=\"\" data-start=\"2453\" data-end=\"2605\"><strong data-start=\"2453\" data-end=\"2463\">Format<\/strong><br data-start=\"2463\" data-end=\"2466\" \/>Die Sorte <strong data-start=\"2476\" data-end=\"2496\">Full Melt Pollen<\/strong> ist in folgenden Formaten erh\u00e4ltlich: 3\u202fg, 5\u202fg, 15\u202fg und 25\u202fg \u2013 w\u00e4hle die Gr\u00f6\u00dfe, die am besten zu dir passt.<\/p>\n<p class=\"\" data-start=\"2612\" data-end=\"3041\"><strong data-start=\"2612\" data-end=\"2624\">Lagerung<\/strong><br data-start=\"2624\" data-end=\"2627\" \/>Idealerweise sollten die CBD-Extrakte von The Tree an einem k\u00fchlen, trockenen Ort aufbewahrt werden \u2013 am besten im K\u00fchlschrank \u2013, gesch\u00fctzt vor Licht und starken Ger\u00fcchen, um eine Verunreinigung oder Degradierung zu vermeiden.<br data-start=\"2853\" data-end=\"2856\" \/>Direkte Sonneneinstrahlung und Hitze vermeiden.<br data-start=\"2903\" data-end=\"2906\" \/>Au\u00dferhalb der Reichweite von Kindern aufbewahren.<br data-start=\"2955\" data-end=\"2958\" \/><strong data-start=\"2958\" data-end=\"2970\">Hinweis:<\/strong> Die empfohlene Haltbarkeit betr\u00e4gt einen Monat bei richtiger Lagerung.<\/p>\n<p class=\"\" data-start=\"3048\" data-end=\"3338\"><strong data-start=\"3048\" data-end=\"3075\">F\u00fcr wen ist es gedacht?<\/strong><br data-start=\"3075\" data-end=\"3078\" \/><strong data-start=\"3078\" data-end=\"3098\">Full Melt Pollen<\/strong> ist besonders attraktiv durch seine helle, honigblonde Farbe sowie die geschmeidige Textur. Bei moderater bis warmer Temperatur ver\u00e4ndert sich seine Farbe von einem dunkleren Ton hin zu einem goldgelben Schimmer, anstatt gleich zu bleiben.<\/p>\n<p class=\"\" data-start=\"3340\" data-end=\"3499\">Aus Sicht der K\u00e4ufer richtet sich <strong data-start=\"3374\" data-end=\"3398\">Full Melt Pollen CBD<\/strong> an jene, die ein handwerklich hergestelltes, hochwertiges Produkt mit intensivem s\u00fc\u00dfem Aroma suchen.<\/p>\n<p class=\"\" data-start=\"3501\" data-end=\"3568\">Unsere CBD-Extrakte sind f\u00fcr alle Personen \u00fcber 18 Jahren bestimmt.<\/p>\n<p class=\"\" data-start=\"3575\" data-end=\"3834\"><strong data-start=\"3575\" data-end=\"3603\">Sicherheitsinformationen<\/strong><br data-start=\"3603\" data-end=\"3606\" \/>Bitte beachten: Die Extrakte von The Tree CBD sind dekorative, sammelbare und aromatische Produkte. Sie sollten nicht w\u00e4hrend der Schwangerschaft oder Stillzeit verwendet werden. Au\u00dferhalb der Reichweite von Kindern aufbewahren.<\/p>\n<p class=\"\" data-start=\"3836\" data-end=\"3952\">Unsere Extrakte k\u00f6nnen eine geringe Menge THC enthalten \u2013 selbstverst\u00e4ndlich unterhalb des EU-Grenzwertes von 0,2\u202f%.<\/p>\n<p class=\"\" data-start=\"3954\" data-end=\"4220\">Die bereitgestellten Inhalte dienen ausschlie\u00dflich zu Informations- und Schulungszwecken und ersetzen keinesfalls die medizinische Beratung durch einen Arzt oder Apotheker. Unsere Texte sind nicht zur eigenst\u00e4ndigen Diagnose oder Behandlung von Krankheiten bestimmt.<\/p>\n<p class=\"\" data-start=\"4222\" data-end=\"4276\">Z\u00f6gere nicht, uns bei weiteren Fragen zu kontaktieren.<\/p>\n<\/div>\n","protected":false},"excerpt":{"rendered":"<ul>\n<li>CBD-Haschisch, extrahiert aus der Hanfpflanze.<\/li>\n<li>Format: Beutel mit 3\u202fg, 5\u202fg, 15\u202fg und 25\u202fg.<\/li>\n<li>20\u202f% CBD.<\/li>\n<li>Weniger als 0,19\u202f% THC.<\/li>\n<li>Keine psychoaktiven Effekte.<\/li>\n<li>Organisch angebauter Hanf.<\/li>\n<li>GMO-frei.<\/li>\n<li>Frei von Pestiziden.<\/li>\n<\/ul>\n","protected":false},"featured_media":165374,"template":"","meta":{"_acf_changed":false},"product_brand":[],"class_list":{"0":"post-165373","1":"product","2":"type-product","3":"status-publish","4":"has-post-thumbnail","6":"product_cat-cbd-haschisch","7":"product_cat-produkte-mit-20-cbd","9":"first","10":"instock","11":"taxable","12":"shipping-taxable","13":"purchasable","14":"product-type-variable"},"acf":[],"yoast_head":"<!-- This site is optimized with the Yoast SEO plugin v26.3 - https:\/\/yoast.com\/wordpress\/plugins\/seo\/ -->\n<title>Polen Full Melt - Resina CBD | The Tree CBD<\/title>\n<meta name=\"description\" content=\"Polen Full Melt ist ein Produkt von hoher Qualit\u00e4t, mit intensivem Aroma und Geschmack, das selbst die anspruchsvollsten Haschisch-Raucher begeistern wird. CBD-Resin.\" \/>\n<meta name=\"robots\" content=\"index, follow, max-snippet:-1, max-image-preview:large, max-video-preview:-1\" \/>\n<link rel=\"canonical\" href=\"https:\/\/thetreecbd.com\/de\/cbd\/cbd-haschisch-polen-full-melt\" \/>\n<meta property=\"og:locale\" content=\"de_DE\" \/>\n<meta property=\"og:type\" content=\"article\" \/>\n<meta property=\"og:title\" content=\"Polen Full Melt - Resina CBD | The Tree CBD\" \/>\n<meta property=\"og:description\" content=\"Polen Full Melt ist ein Produkt von hoher Qualit\u00e4t, mit intensivem Aroma und Geschmack, das selbst die anspruchsvollsten Haschisch-Raucher begeistern wird. CBD-Resin.\" \/>\n<meta property=\"og:url\" content=\"https:\/\/thetreecbd.com\/de\/cbd\/cbd-haschisch-polen-full-melt\" \/>\n<meta property=\"og:site_name\" content=\"The Tree CBD\" \/>\n<meta property=\"article:publisher\" content=\"https:\/\/www.facebook.com\/thetreeCBD\/\" \/>\n<meta property=\"article:modified_time\" content=\"2025-07-14T12:11:21+00:00\" \/>\n<meta property=\"og:image\" content=\"https:\/\/thetreecbd.com\/wp-content\/uploads\/2022\/12\/polen-full-melt-web.png\" \/>\n\t<meta property=\"og:image:width\" content=\"600\" \/>\n\t<meta property=\"og:image:height\" content=\"720\" \/>\n\t<meta property=\"og:image:type\" content=\"image\/png\" \/>\n<meta name=\"twitter:card\" content=\"summary_large_image\" \/>\n<meta name=\"twitter:site\" content=\"@TheTreeCBD_EU\" \/>\n<meta name=\"twitter:label1\" content=\"Gesch\u00e4tzte Lesezeit\" \/>\n\t<meta name=\"twitter:data1\" content=\"3\u00a0Minuten\" \/>\n<script type=\"application\/ld+json\" class=\"yoast-schema-graph\">{\"@context\":\"https:\/\/schema.org\",\"@graph\":[{\"@type\":[\"WebPage\",\"ItemPage\"],\"@id\":\"https:\/\/thetreecbd.com\/de\/cbd\/cbd-haschisch-polen-full-melt\",\"url\":\"https:\/\/thetreecbd.com\/de\/cbd\/cbd-haschisch-polen-full-melt\",\"name\":\"Polen Full Melt - Resina CBD | The Tree CBD\",\"isPartOf\":{\"@id\":\"https:\/\/thetreecbd.com\/de#website\"},\"primaryImageOfPage\":{\"@id\":\"https:\/\/thetreecbd.com\/de\/cbd\/cbd-haschisch-polen-full-melt#primaryimage\"},\"image\":{\"@id\":\"https:\/\/thetreecbd.com\/de\/cbd\/cbd-haschisch-polen-full-melt#primaryimage\"},\"thumbnailUrl\":\"https:\/\/thetreecbd.com\/wp-content\/uploads\/2022\/12\/polen-full-melt-web.png\",\"datePublished\":\"2022-12-07T15:07:42+00:00\",\"dateModified\":\"2025-07-14T12:11:21+00:00\",\"description\":\"Polen Full Melt ist ein Produkt von hoher Qualit\u00e4t, mit intensivem Aroma und Geschmack, das selbst die anspruchsvollsten Haschisch-Raucher begeistern wird. CBD-Resin.\",\"breadcrumb\":{\"@id\":\"https:\/\/thetreecbd.com\/de\/cbd\/cbd-haschisch-polen-full-melt#breadcrumb\"},\"inLanguage\":\"de\",\"potentialAction\":[{\"@type\":\"ReadAction\",\"target\":[\"https:\/\/thetreecbd.com\/de\/cbd\/cbd-haschisch-polen-full-melt\"]}]},{\"@type\":\"ImageObject\",\"inLanguage\":\"de\",\"@id\":\"https:\/\/thetreecbd.com\/de\/cbd\/cbd-haschisch-polen-full-melt#primaryimage\",\"url\":\"https:\/\/thetreecbd.com\/wp-content\/uploads\/2022\/12\/polen-full-melt-web.png\",\"contentUrl\":\"https:\/\/thetreecbd.com\/wp-content\/uploads\/2022\/12\/polen-full-melt-web.png\",\"width\":600,\"height\":720},{\"@type\":\"BreadcrumbList\",\"@id\":\"https:\/\/thetreecbd.com\/de\/cbd\/cbd-haschisch-polen-full-melt#breadcrumb\",\"itemListElement\":[{\"@type\":\"ListItem\",\"position\":1,\"name\":\"The Tree\",\"item\":\"https:\/\/thetreecbd.com\/de\"},{\"@type\":\"ListItem\",\"position\":2,\"name\":\"CBD\",\"item\":\"https:\/\/thetreecbd.com\/es\/cbd\"},{\"@type\":\"ListItem\",\"position\":3,\"name\":\"CBD-Haschisch. Cannabis-Extrakte\",\"item\":\"https:\/\/thetreecbd.com\/de\/cbd-haschisch\"},{\"@type\":\"ListItem\",\"position\":4,\"name\":\"Polen Full Melt\"}]},{\"@type\":\"WebSite\",\"@id\":\"https:\/\/thetreecbd.com\/de#website\",\"url\":\"https:\/\/thetreecbd.com\/de\",\"name\":\"The Tree CBD\",\"description\":\"Comprar CBD en Espa\u00f1a Online\",\"publisher\":{\"@id\":\"https:\/\/thetreecbd.com\/de#organization\"},\"potentialAction\":[{\"@type\":\"SearchAction\",\"target\":{\"@type\":\"EntryPoint\",\"urlTemplate\":\"https:\/\/thetreecbd.com\/de?s={search_term_string}\"},\"query-input\":{\"@type\":\"PropertyValueSpecification\",\"valueRequired\":true,\"valueName\":\"search_term_string\"}}],\"inLanguage\":\"de\"},{\"@type\":\"Organization\",\"@id\":\"https:\/\/thetreecbd.com\/de#organization\",\"name\":\"The Tree CBD\",\"url\":\"https:\/\/thetreecbd.com\/de\",\"logo\":{\"@type\":\"ImageObject\",\"inLanguage\":\"de\",\"@id\":\"https:\/\/thetreecbd.com\/de#\/schema\/logo\/image\/\",\"url\":\"https:\/\/thetreecbd.com\/wp-content\/uploads\/2022\/04\/logo-thetree.png\",\"contentUrl\":\"https:\/\/thetreecbd.com\/wp-content\/uploads\/2022\/04\/logo-thetree.png\",\"width\":172,\"height\":55,\"caption\":\"The Tree CBD\"},\"image\":{\"@id\":\"https:\/\/thetreecbd.com\/de#\/schema\/logo\/image\/\"},\"sameAs\":[\"https:\/\/www.facebook.com\/thetreeCBD\/\",\"https:\/\/x.com\/TheTreeCBD_EU\",\"https:\/\/www.instagram.com\/thetree.cbd\/\",\"https:\/\/es.trustpilot.com\/review\/thetreecbd.com\"]}]}<\/script>\n<!-- \/ Yoast SEO plugin. -->","yoast_head_json":{"title":"Polen Full Melt - Resina CBD | The Tree CBD","description":"Polen Full Melt ist ein Produkt von hoher Qualit\u00e4t, mit intensivem Aroma und Geschmack, das selbst die anspruchsvollsten Haschisch-Raucher begeistern wird. CBD-Resin.","robots":{"index":"index","follow":"follow","max-snippet":"max-snippet:-1","max-image-preview":"max-image-preview:large","max-video-preview":"max-video-preview:-1"},"canonical":"https:\/\/thetreecbd.com\/de\/cbd\/cbd-haschisch-polen-full-melt","og_locale":"de_DE","og_type":"article","og_title":"Polen Full Melt - Resina CBD | The Tree CBD","og_description":"Polen Full Melt ist ein Produkt von hoher Qualit\u00e4t, mit intensivem Aroma und Geschmack, das selbst die anspruchsvollsten Haschisch-Raucher begeistern wird. CBD-Resin.","og_url":"https:\/\/thetreecbd.com\/de\/cbd\/cbd-haschisch-polen-full-melt","og_site_name":"The Tree CBD","article_publisher":"https:\/\/www.facebook.com\/thetreeCBD\/","article_modified_time":"2025-07-14T12:11:21+00:00","og_image":[{"width":600,"height":720,"url":"https:\/\/thetreecbd.com\/wp-content\/uploads\/2022\/12\/polen-full-melt-web.png","type":"image\/png"}],"twitter_card":"summary_large_image","twitter_site":"@TheTreeCBD_EU","twitter_misc":{"Gesch\u00e4tzte Lesezeit":"3\u00a0Minuten"},"schema":{"@context":"https:\/\/schema.org","@graph":[{"@type":["WebPage","ItemPage"],"@id":"https:\/\/thetreecbd.com\/de\/cbd\/cbd-haschisch-polen-full-melt","url":"https:\/\/thetreecbd.com\/de\/cbd\/cbd-haschisch-polen-full-melt","name":"Polen Full Melt - Resina CBD | The Tree CBD","isPartOf":{"@id":"https:\/\/thetreecbd.com\/de#website"},"primaryImageOfPage":{"@id":"https:\/\/thetreecbd.com\/de\/cbd\/cbd-haschisch-polen-full-melt#primaryimage"},"image":{"@id":"https:\/\/thetreecbd.com\/de\/cbd\/cbd-haschisch-polen-full-melt#primaryimage"},"thumbnailUrl":"https:\/\/thetreecbd.com\/wp-content\/uploads\/2022\/12\/polen-full-melt-web.png","datePublished":"2022-12-07T15:07:42+00:00","dateModified":"2025-07-14T12:11:21+00:00","description":"Polen Full Melt ist ein Produkt von hoher Qualit\u00e4t, mit intensivem Aroma und Geschmack, das selbst die anspruchsvollsten Haschisch-Raucher begeistern wird. CBD-Resin.","breadcrumb":{"@id":"https:\/\/thetreecbd.com\/de\/cbd\/cbd-haschisch-polen-full-melt#breadcrumb"},"inLanguage":"de","potentialAction":[{"@type":"ReadAction","target":["https:\/\/thetreecbd.com\/de\/cbd\/cbd-haschisch-polen-full-melt"]}]},{"@type":"ImageObject","inLanguage":"de","@id":"https:\/\/thetreecbd.com\/de\/cbd\/cbd-haschisch-polen-full-melt#primaryimage","url":"https:\/\/thetreecbd.com\/wp-content\/uploads\/2022\/12\/polen-full-melt-web.png","contentUrl":"https:\/\/thetreecbd.com\/wp-content\/uploads\/2022\/12\/polen-full-melt-web.png","width":600,"height":720},{"@type":"BreadcrumbList","@id":"https:\/\/thetreecbd.com\/de\/cbd\/cbd-haschisch-polen-full-melt#breadcrumb","itemListElement":[{"@type":"ListItem","position":1,"name":"The Tree","item":"https:\/\/thetreecbd.com\/de"},{"@type":"ListItem","position":2,"name":"CBD","item":"https:\/\/thetreecbd.com\/es\/cbd"},{"@type":"ListItem","position":3,"name":"CBD-Haschisch. Cannabis-Extrakte","item":"https:\/\/thetreecbd.com\/de\/cbd-haschisch"},{"@type":"ListItem","position":4,"name":"Polen Full Melt"}]},{"@type":"WebSite","@id":"https:\/\/thetreecbd.com\/de#website","url":"https:\/\/thetreecbd.com\/de","name":"The Tree CBD","description":"Comprar CBD en Espa\u00f1a Online","publisher":{"@id":"https:\/\/thetreecbd.com\/de#organization"},"potentialAction":[{"@type":"SearchAction","target":{"@type":"EntryPoint","urlTemplate":"https:\/\/thetreecbd.com\/de?s={search_term_string}"},"query-input":{"@type":"PropertyValueSpecification","valueRequired":true,"valueName":"search_term_string"}}],"inLanguage":"de"},{"@type":"Organization","@id":"https:\/\/thetreecbd.com\/de#organization","name":"The Tree CBD","url":"https:\/\/thetreecbd.com\/de","logo":{"@type":"ImageObject","inLanguage":"de","@id":"https:\/\/thetreecbd.com\/de#\/schema\/logo\/image\/","url":"https:\/\/thetreecbd.com\/wp-content\/uploads\/2022\/04\/logo-thetree.png","contentUrl":"https:\/\/thetreecbd.com\/wp-content\/uploads\/2022\/04\/logo-thetree.png","width":172,"height":55,"caption":"The Tree CBD"},"image":{"@id":"https:\/\/thetreecbd.com\/de#\/schema\/logo\/image\/"},"sameAs":["https:\/\/www.facebook.com\/thetreeCBD\/","https:\/\/x.com\/TheTreeCBD_EU","https:\/\/www.instagram.com\/thetree.cbd\/","https:\/\/es.trustpilot.com\/review\/thetreecbd.com"]}]}},"_links":{"self":[{"href":"https:\/\/thetreecbd.com\/de\/wp-json\/wp\/v2\/product\/165373","targetHints":{"allow":["GET"]}}],"collection":[{"href":"https:\/\/thetreecbd.com\/de\/wp-json\/wp\/v2\/product"}],"about":[{"href":"https:\/\/thetreecbd.com\/de\/wp-json\/wp\/v2\/types\/product"}],"version-history":[{"count":0,"href":"https:\/\/thetreecbd.com\/de\/wp-json\/wp\/v2\/product\/165373\/revisions"}],"wp:featuredmedia":[{"embeddable":true,"href":"https:\/\/thetreecbd.com\/de\/wp-json\/wp\/v2\/media\/165374"}],"wp:attachment":[{"href":"https:\/\/thetreecbd.com\/de\/wp-json\/wp\/v2\/media?parent=165373"}],"wp:term":[{"taxonomy":"product_brand","embeddable":true,"href":"https:\/\/thetreecbd.com\/de\/wp-json\/wp\/v2\/product_brand?post=165373"}],"curies":[{"name":"wp","href":"https:\/\/api.w.org\/{rel}","templated":true}]}}