{"id":165381,"date":"2020-10-15T11:56:51","date_gmt":"2020-10-15T09:56:51","guid":{"rendered":"https:\/\/thetreecbd.com\/cbd\/cbd-royale-pack-cbd-bluten-harz"},"modified":"2020-10-15T11:56:51","modified_gmt":"2020-10-15T09:56:51","slug":"cbd-royale-pack-cbd-bluten-harz","status":"publish","type":"product","link":"https:\/\/thetreecbd.com\/de\/cbd\/cbd-royale-pack-cbd-bluten-harz","title":{"rendered":"CBD Royale Pack: CBD-Bl\u00fcten + Harz"},"content":{"rendered":"<article class=\"text-token-text-primary w-full\" dir=\"auto\" data-testid=\"conversation-turn-32\" data-scroll-anchor=\"true\">\n<div class=\"text-base my-auto mx-auto py-5 [--thread-content-margin:--spacing(4)] @[37rem]:[--thread-content-margin:--spacing(6)] @[72rem]:[--thread-content-margin:--spacing(16)] px-(--thread-content-margin)\">\n<div class=\"[--thread-content-max-width:32rem] @[34rem]:[--thread-content-max-width:40rem] @[64rem]:[--thread-content-max-width:48rem] mx-auto flex max-w-(--thread-content-max-width) flex-1 text-base gap-4 md:gap-5 lg:gap-6 group\/turn-messages focus-visible:outline-hidden\" tabindex=\"-1\">\n<div class=\"group\/conversation-turn relative flex w-full min-w-0 flex-col agent-turn\">\n<div class=\"relative flex-col gap-1 md:gap-3\">\n<div class=\"flex max-w-full flex-col grow\">\n<div class=\"min-h-8 text-message relative flex w-full flex-col items-end gap-2 text-start break-words whitespace-normal [.text-message+&amp;]:mt-5\" dir=\"auto\" data-message-author-role=\"assistant\" data-message-id=\"c9ddd1ec-d8c6-4134-abef-dd2ec10269f6\" data-message-model-slug=\"gpt-4o\">\n<div class=\"flex w-full flex-col gap-1 empty:hidden first:pt-[3px]\">\n<div class=\"markdown prose dark:prose-invert w-full break-words dark\">\n<p class=\"\" data-start=\"74\" data-end=\"306\"><strong data-start=\"74\" data-end=\"90\">The Tree CBD<\/strong> pr\u00e4sentiert dir dieses <strong data-start=\"114\" data-end=\"133\">CBD Royale Pack<\/strong>, das darauf ausgelegt ist, dein Erlebnis auf die n\u00e4chste Stufe zu heben, da du 3 unserer besten Sorten von Bl\u00fcten und Harzen probieren kannst \u2013 ein rundum sublimes Angebot.<\/p>\n<p class=\"\" data-start=\"308\" data-end=\"518\">Zum Einstieg bieten wir dir unser <strong data-start=\"342\" data-end=\"357\">Amnesia CBD<\/strong>, eine Sorte mit zitrusartigen, fruchtigen und aromatischen Geschmacksnoten. Ihre Wirkung ist entspannend, dank des hohen CBD-Gehalts zwischen <strong data-start=\"500\" data-end=\"517\">21 % und 23 %<\/strong>.<\/p>\n<p class=\"\" data-start=\"520\" data-end=\"848\">Die zweite Bl\u00fctensorte ist unser exklusives <strong data-start=\"564\" data-end=\"583\">Cali Orange CBD<\/strong> \u2013 stark fruchtige, zitrische und s\u00e4uerliche Terpene pr\u00e4gen diese Sorte und machen sie zu einer der begehrtesten, dank ihres einzigartigen Aromas und intensiven Geschmacks mit s\u00fc\u00dfen und w\u00fcrzigen Nuancen. Die kr\u00e4ftigen Zitrusnoten verleihen ihr Tiefe und Intensit\u00e4t.<\/p>\n<p class=\"\" data-start=\"850\" data-end=\"1379\">Und schlie\u00dflich unser <strong data-start=\"872\" data-end=\"891\">Bubble Hash CBD<\/strong>, ein hochwertiges, handwerklich gefertigtes Produkt, das sich deutlich von kommerziellen CBD-Haschsorten unterscheidet. Schon auf den ersten Blick sind nur Harzkristalle zu erkennen und es verstr\u00f6mt eine angenehme Mischung aus Aromen. Die hohe Qualit\u00e4t dieses Produkts zeigt sich sofort im Geruch und im ersten Eindruck \u2013 mit Duft und Geschmack, die mit dem besten Bubble Hash vergleichbar sind, f\u00fcr ein au\u00dfergew\u00f6hnliches Erlebnis, das selbst anspruchsvollste Hasch-Liebhaber begeistert.<\/p>\n<p class=\"\" data-start=\"1381\" data-end=\"1488\">Alle unsere Produkte stammen aus <strong data-start=\"1414\" data-end=\"1448\">100 % nat\u00fcrlichem Indoor-Anbau<\/strong>, ganz ohne Zusatzstoffe oder Pestizide.<\/p>\n<p class=\"\" data-start=\"1490\" data-end=\"1616\">Da sie zudem <strong data-start=\"1503\" data-end=\"1539\">weniger als 0,20 % THC enthalten<\/strong>, sind sie <strong data-start=\"1550\" data-end=\"1574\">in ganz Europa legal<\/strong> und haben <strong data-start=\"1585\" data-end=\"1615\">keine psychoaktive Wirkung<\/strong>.<\/p>\n<p class=\"\" data-start=\"1623\" data-end=\"1994\"><strong data-start=\"1623\" data-end=\"1661\">Eigenschaften des CBD Royale Packs<\/strong><\/p>\n<ul>\n<li data-start=\"1623\" data-end=\"1994\"><strong data-start=\"1664\" data-end=\"1688\">2- und 3-Gramm-Pack:<\/strong> 1 \u00d7 Amnesia CBD (2\u202fg) + 1 \u00d7 Cali Orange CBD (2\u202fg) + 1 \u00d7 Bubble Hash CBD (3\u202fg)<\/li>\n<li data-start=\"1623\" data-end=\"1994\"><strong data-start=\"1769\" data-end=\"1786\">5-Gramm-Pack:<\/strong> 1 \u00d7 Amnesia CBD (5\u202fg) + 1 \u00d7 Cali Orange CBD (5\u202fg) + 1 \u00d7 Bubble Hash CBD (5\u202fg)<\/li>\n<li data-start=\"1623\" data-end=\"1994\">CBD-Hanfbl\u00fcten und -Harze<\/li>\n<li data-start=\"1623\" data-end=\"1994\">Weniger als 0,20 % THC<\/li>\n<li data-start=\"1623\" data-end=\"1994\">Keine psychoaktiven Effekte<\/li>\n<li data-start=\"1623\" data-end=\"1994\">Organisch angebaut<\/li>\n<li data-start=\"1623\" data-end=\"1994\">GMO-frei<\/li>\n<li data-start=\"1623\" data-end=\"1994\">Pestizidfrei<\/li>\n<\/ul>\n<p class=\"\" data-start=\"2001\" data-end=\"2160\"><strong data-start=\"2001\" data-end=\"2017\">Bestandteile<\/strong><br data-start=\"2017\" data-end=\"2020\" \/>Dieses Pack besteht aus drei verschiedenen Produkten: einem Beutel <strong data-start=\"2087\" data-end=\"2102\">Amnesia CBD<\/strong>, einem <strong data-start=\"2110\" data-end=\"2129\">Cali Orange CBD<\/strong> und einem <strong data-start=\"2140\" data-end=\"2159\">Bubble Hash CBD<\/strong>.<\/p>\n<p class=\"\" data-start=\"2162\" data-end=\"2334\">Erh\u00e4ltlich im kleinen Format mit 2-Gramm-Bl\u00fctenbeuteln und einem 3-Gramm-Haschbeutel oder im gr\u00f6\u00dferen Format mit jeweils 5-Gramm-Beuteln f\u00fcr jedes der enthaltenen Produkte.<\/p>\n<p class=\"\" data-start=\"2341\" data-end=\"2516\"><strong data-start=\"2341\" data-end=\"2355\">Zielgruppe<\/strong><br data-start=\"2355\" data-end=\"2358\" \/>Das <strong data-start=\"2362\" data-end=\"2381\">CBD Royale Pack<\/strong> ist ideal f\u00fcr Nutzer, die Vielfalt lieben und sich nicht nur mit Bl\u00fcten oder nur mit Harzen zufriedengeben \u2013 sie wollen einfach alles.<\/p>\n<p class=\"\" data-start=\"2518\" data-end=\"2691\">Zudem bietet dieses Pack die M\u00f6glichkeit, diese Vielfalt zu einem g\u00fcnstigeren Preis zu erhalten, denn es beinhaltet <strong data-start=\"2634\" data-end=\"2649\">10\u202f% Rabatt<\/strong> im Vergleich zum Einzelkauf der Produkte.<\/p>\n<p class=\"\" data-start=\"2698\" data-end=\"2972\"><strong data-start=\"2698\" data-end=\"2724\">Sicherheitsinformation<\/strong><br data-start=\"2724\" data-end=\"2727\" \/>Bitte beachte, dass die CBD-Bl\u00fcten und -Harze von The Tree <strong data-start=\"2786\" data-end=\"2837\">dekorative, sammelbare und aromatische Produkte<\/strong> sind. Sie sollten <strong data-start=\"2856\" data-end=\"2918\">nicht w\u00e4hrend der Schwangerschaft oder Stillzeit verwendet<\/strong> werden. <strong data-start=\"2927\" data-end=\"2972\">Au\u00dfer Reichweite von Kindern aufbewahren.<\/strong><\/p>\n<p class=\"\" data-start=\"2974\" data-end=\"3094\">Unsere CBD-Bl\u00fcten k\u00f6nnen eine geringe Menge THC enthalten \u2013 selbstverst\u00e4ndlich <strong data-start=\"3053\" data-end=\"3093\">unter dem EU-Grenzwert von 0,2 % THC<\/strong>.<\/p>\n<p class=\"\" data-start=\"3096\" data-end=\"3358\">Die bereitgestellten Inhalte dienen <strong data-start=\"3132\" data-end=\"3185\">ausschlie\u00dflich Informations- und Schulungszwecken<\/strong> und ersetzen in keiner Weise medizinischen Rat durch einen Arzt oder Apotheker. Unsere Texte sind nicht zur eigenst\u00e4ndigen Diagnose oder Behandlung von Krankheiten gedacht.<\/p>\n<p class=\"\" data-start=\"3360\" data-end=\"3423\">Z\u00f6gere nicht, uns zu kontaktieren, wenn du weitere Fragen hast.<\/p>\n<p class=\"\" data-start=\"3430\" data-end=\"3723\"><strong data-start=\"3430\" data-end=\"3442\">Lagerung<\/strong><br data-start=\"3442\" data-end=\"3445\" \/>Idealerweise sollten die CBD-Bl\u00fcten und -Harze von The Tree <strong data-start=\"3505\" data-end=\"3539\">an einem k\u00fchlen, trockenen Ort<\/strong>, <strong data-start=\"3541\" data-end=\"3580\">fern von Licht und starken Ger\u00fcchen<\/strong> aufbewahrt werden, um jede Form von Verunreinigung und\/oder Qualit\u00e4tsverlust zu vermeiden. <strong data-start=\"3672\" data-end=\"3723\">Direkte Sonneneinstrahlung und Hitze vermeiden.<\/strong><\/p>\n<p class=\"\" data-start=\"3725\" data-end=\"3814\"><strong data-start=\"3725\" data-end=\"3737\">Hinweis:<\/strong> Die angegebene Haltbarkeit betr\u00e4gt <strong data-start=\"3773\" data-end=\"3813\">einen Monat bei sachgem\u00e4\u00dfer Lagerung<\/strong>.<\/p>\n<\/div>\n<\/div>\n<\/div>\n<\/div>\n<div class=\"flex justify-start\"><\/div>\n<div class=\"mt-3 w-full empty:hidden\">\n<div class=\"text-center\"><\/div>\n<\/div>\n<\/div>\n<div class=\"absolute\">\n<div class=\"flex items-center justify-center\"><\/div>\n<\/div>\n<\/div>\n<\/div>\n<\/div>\n<\/article>\n<div class=\"pointer-events-none h-px w-px\" aria-hidden=\"true\" data-edge=\"true\"><\/div>\n","protected":false},"excerpt":{"rendered":"<ul>\n<li><strong data-start=\"65\" data-end=\"89\">2- und 3-Gramm-Pack:<\/strong> 1 \u00d7 Amnesia CBD (2\u202fg) + 1 \u00d7 Cali Orange CBD (2\u202fg) + 1 \u00d7 Bubble Hash CBD (3\u202fg)<\/li>\n<li><strong data-start=\"170\" data-end=\"187\" data-is-only-node=\"\">5-Gramm-Pack:<\/strong> 1 \u00d7 Amnesia CBD (5\u202fg) + 1 \u00d7 Cali Orange CBD (5\u202fg) + 1 \u00d7 Bubble Hash CBD (5\u202fg)<\/li>\n<li>Hanfbl\u00fcten und -harze<\/li>\n<li>Weniger als 0,20 % THC<\/li>\n<li>Keine psychoaktiven Effekte<\/li>\n<li>Organisch angebaut<\/li>\n<li>GMO-frei<\/li>\n<li>Pestizidfrei<\/li>\n<\/ul>\n","protected":false},"featured_media":186103,"template":"","meta":{"_acf_changed":false},"product_brand":[],"class_list":{"0":"post-165381","1":"product","2":"type-product","3":"status-publish","4":"has-post-thumbnail","6":"product_cat-cbd-angebote","7":"product_cat-bluten","8":"product_cat-cbd-haschisch","9":"product_cat-cbd-pakete","11":"first","12":"outofstock","13":"sale","14":"taxable","15":"shipping-taxable","16":"purchasable","17":"product-type-variable"},"acf":[],"yoast_head":"<!-- This site is optimized with the Yoast SEO plugin v26.3 - https:\/\/yoast.com\/wordpress\/plugins\/seo\/ -->\n<title>CBD Royale Pack: CBD-Bl\u00fcten + Harz | - The Tree CBD<\/title>\n<meta name=\"description\" content=\"Mit dem Pack CBD Royale kannst du 3 unserer besten Bl\u00fcten und Harze probieren: Amnesia CBD 2\u202fg + Cali Orange CBD 2\u202fg + Bubble Hash CBD 3\u202fg\" \/>\n<meta name=\"robots\" content=\"index, follow, max-snippet:-1, max-image-preview:large, max-video-preview:-1\" \/>\n<link rel=\"canonical\" href=\"https:\/\/thetreecbd.com\/de\/cbd\/cbd-royale-pack-cbd-bluten-harz\" \/>\n<meta property=\"og:locale\" content=\"de_DE\" \/>\n<meta property=\"og:type\" content=\"article\" \/>\n<meta property=\"og:title\" content=\"CBD Royale Pack: CBD-Bl\u00fcten + Harz | - The Tree CBD\" \/>\n<meta property=\"og:description\" content=\"Mit dem Pack CBD Royale kannst du 3 unserer besten Bl\u00fcten und Harze probieren: Amnesia CBD 2\u202fg + Cali Orange CBD 2\u202fg + Bubble Hash CBD 3\u202fg\" \/>\n<meta property=\"og:url\" content=\"https:\/\/thetreecbd.com\/de\/cbd\/cbd-royale-pack-cbd-bluten-harz\" \/>\n<meta property=\"og:site_name\" content=\"The Tree CBD\" \/>\n<meta property=\"article:publisher\" content=\"https:\/\/www.facebook.com\/thetreeCBD\/\" \/>\n<meta property=\"og:image\" content=\"https:\/\/thetreecbd.com\/wp-content\/uploads\/2023\/06\/pack-royale-cbd.png\" \/>\n\t<meta property=\"og:image:width\" content=\"600\" \/>\n\t<meta property=\"og:image:height\" content=\"720\" \/>\n\t<meta property=\"og:image:type\" content=\"image\/png\" \/>\n<meta name=\"twitter:card\" content=\"summary_large_image\" \/>\n<meta name=\"twitter:site\" content=\"@TheTreeCBD_EU\" \/>\n<meta name=\"twitter:label1\" content=\"Gesch\u00e4tzte Lesezeit\" \/>\n\t<meta name=\"twitter:data1\" content=\"3\u00a0Minuten\" \/>\n<script type=\"application\/ld+json\" class=\"yoast-schema-graph\">{\"@context\":\"https:\/\/schema.org\",\"@graph\":[{\"@type\":[\"WebPage\",\"ItemPage\"],\"@id\":\"https:\/\/thetreecbd.com\/de\/cbd\/cbd-royale-pack-cbd-bluten-harz\",\"url\":\"https:\/\/thetreecbd.com\/de\/cbd\/cbd-royale-pack-cbd-bluten-harz\",\"name\":\"CBD Royale Pack: CBD-Bl\u00fcten + Harz | - The Tree CBD\",\"isPartOf\":{\"@id\":\"https:\/\/thetreecbd.com\/de#website\"},\"primaryImageOfPage\":{\"@id\":\"https:\/\/thetreecbd.com\/de\/cbd\/cbd-royale-pack-cbd-bluten-harz#primaryimage\"},\"image\":{\"@id\":\"https:\/\/thetreecbd.com\/de\/cbd\/cbd-royale-pack-cbd-bluten-harz#primaryimage\"},\"thumbnailUrl\":\"https:\/\/thetreecbd.com\/wp-content\/uploads\/2020\/10\/packs-cbd-royal-thetree-web.jpg\",\"datePublished\":\"2020-10-15T09:56:51+00:00\",\"description\":\"Mit dem Pack CBD Royale kannst du 3 unserer besten Bl\u00fcten und Harze probieren: Amnesia CBD 2\u202fg + Cali Orange CBD 2\u202fg + Bubble Hash CBD 3\u202fg\",\"breadcrumb\":{\"@id\":\"https:\/\/thetreecbd.com\/de\/cbd\/cbd-royale-pack-cbd-bluten-harz#breadcrumb\"},\"inLanguage\":\"de\",\"potentialAction\":[{\"@type\":\"ReadAction\",\"target\":[\"https:\/\/thetreecbd.com\/de\/cbd\/cbd-royale-pack-cbd-bluten-harz\"]}]},{\"@type\":\"ImageObject\",\"inLanguage\":\"de\",\"@id\":\"https:\/\/thetreecbd.com\/de\/cbd\/cbd-royale-pack-cbd-bluten-harz#primaryimage\",\"url\":\"https:\/\/thetreecbd.com\/wp-content\/uploads\/2020\/10\/packs-cbd-royal-thetree-web.jpg\",\"contentUrl\":\"https:\/\/thetreecbd.com\/wp-content\/uploads\/2020\/10\/packs-cbd-royal-thetree-web.jpg\",\"width\":1080,\"height\":1350},{\"@type\":\"BreadcrumbList\",\"@id\":\"https:\/\/thetreecbd.com\/de\/cbd\/cbd-royale-pack-cbd-bluten-harz#breadcrumb\",\"itemListElement\":[{\"@type\":\"ListItem\",\"position\":1,\"name\":\"The Tree\",\"item\":\"https:\/\/thetreecbd.com\/de\"},{\"@type\":\"ListItem\",\"position\":2,\"name\":\"CBD\",\"item\":\"https:\/\/thetreecbd.com\/es\/cbd\"},{\"@type\":\"ListItem\",\"position\":3,\"name\":\"CBD-Bl\u00fcten kaufen\",\"item\":\"https:\/\/thetreecbd.com\/de\/bluten\"},{\"@type\":\"ListItem\",\"position\":4,\"name\":\"CBD Royale Pack: CBD-Bl\u00fcten + Harz\"}]},{\"@type\":\"WebSite\",\"@id\":\"https:\/\/thetreecbd.com\/de#website\",\"url\":\"https:\/\/thetreecbd.com\/de\",\"name\":\"The Tree CBD\",\"description\":\"Comprar CBD en Espa\u00f1a Online\",\"publisher\":{\"@id\":\"https:\/\/thetreecbd.com\/de#organization\"},\"potentialAction\":[{\"@type\":\"SearchAction\",\"target\":{\"@type\":\"EntryPoint\",\"urlTemplate\":\"https:\/\/thetreecbd.com\/de?s={search_term_string}\"},\"query-input\":{\"@type\":\"PropertyValueSpecification\",\"valueRequired\":true,\"valueName\":\"search_term_string\"}}],\"inLanguage\":\"de\"},{\"@type\":\"Organization\",\"@id\":\"https:\/\/thetreecbd.com\/de#organization\",\"name\":\"The Tree CBD\",\"url\":\"https:\/\/thetreecbd.com\/de\",\"logo\":{\"@type\":\"ImageObject\",\"inLanguage\":\"de\",\"@id\":\"https:\/\/thetreecbd.com\/de#\/schema\/logo\/image\/\",\"url\":\"https:\/\/thetreecbd.com\/wp-content\/uploads\/2022\/04\/logo-thetree.png\",\"contentUrl\":\"https:\/\/thetreecbd.com\/wp-content\/uploads\/2022\/04\/logo-thetree.png\",\"width\":172,\"height\":55,\"caption\":\"The Tree CBD\"},\"image\":{\"@id\":\"https:\/\/thetreecbd.com\/de#\/schema\/logo\/image\/\"},\"sameAs\":[\"https:\/\/www.facebook.com\/thetreeCBD\/\",\"https:\/\/x.com\/TheTreeCBD_EU\",\"https:\/\/www.instagram.com\/thetree.cbd\/\",\"https:\/\/es.trustpilot.com\/review\/thetreecbd.com\"]}]}<\/script>\n<!-- \/ Yoast SEO plugin. -->","yoast_head_json":{"title":"CBD Royale Pack: CBD-Bl\u00fcten + Harz | - The Tree CBD","description":"Mit dem Pack CBD Royale kannst du 3 unserer besten Bl\u00fcten und Harze probieren: Amnesia CBD 2\u202fg + Cali Orange CBD 2\u202fg + Bubble Hash CBD 3\u202fg","robots":{"index":"index","follow":"follow","max-snippet":"max-snippet:-1","max-image-preview":"max-image-preview:large","max-video-preview":"max-video-preview:-1"},"canonical":"https:\/\/thetreecbd.com\/de\/cbd\/cbd-royale-pack-cbd-bluten-harz","og_locale":"de_DE","og_type":"article","og_title":"CBD Royale Pack: CBD-Bl\u00fcten + Harz | - The Tree CBD","og_description":"Mit dem Pack CBD Royale kannst du 3 unserer besten Bl\u00fcten und Harze probieren: Amnesia CBD 2\u202fg + Cali Orange CBD 2\u202fg + Bubble Hash CBD 3\u202fg","og_url":"https:\/\/thetreecbd.com\/de\/cbd\/cbd-royale-pack-cbd-bluten-harz","og_site_name":"The Tree CBD","article_publisher":"https:\/\/www.facebook.com\/thetreeCBD\/","og_image":[{"width":600,"height":720,"url":"https:\/\/thetreecbd.com\/wp-content\/uploads\/2023\/06\/pack-royale-cbd.png","type":"image\/png"}],"twitter_card":"summary_large_image","twitter_site":"@TheTreeCBD_EU","twitter_misc":{"Gesch\u00e4tzte Lesezeit":"3\u00a0Minuten"},"schema":{"@context":"https:\/\/schema.org","@graph":[{"@type":["WebPage","ItemPage"],"@id":"https:\/\/thetreecbd.com\/de\/cbd\/cbd-royale-pack-cbd-bluten-harz","url":"https:\/\/thetreecbd.com\/de\/cbd\/cbd-royale-pack-cbd-bluten-harz","name":"CBD Royale Pack: CBD-Bl\u00fcten + Harz | - The Tree CBD","isPartOf":{"@id":"https:\/\/thetreecbd.com\/de#website"},"primaryImageOfPage":{"@id":"https:\/\/thetreecbd.com\/de\/cbd\/cbd-royale-pack-cbd-bluten-harz#primaryimage"},"image":{"@id":"https:\/\/thetreecbd.com\/de\/cbd\/cbd-royale-pack-cbd-bluten-harz#primaryimage"},"thumbnailUrl":"https:\/\/thetreecbd.com\/wp-content\/uploads\/2020\/10\/packs-cbd-royal-thetree-web.jpg","datePublished":"2020-10-15T09:56:51+00:00","description":"Mit dem Pack CBD Royale kannst du 3 unserer besten Bl\u00fcten und Harze probieren: Amnesia CBD 2\u202fg + Cali Orange CBD 2\u202fg + Bubble Hash CBD 3\u202fg","breadcrumb":{"@id":"https:\/\/thetreecbd.com\/de\/cbd\/cbd-royale-pack-cbd-bluten-harz#breadcrumb"},"inLanguage":"de","potentialAction":[{"@type":"ReadAction","target":["https:\/\/thetreecbd.com\/de\/cbd\/cbd-royale-pack-cbd-bluten-harz"]}]},{"@type":"ImageObject","inLanguage":"de","@id":"https:\/\/thetreecbd.com\/de\/cbd\/cbd-royale-pack-cbd-bluten-harz#primaryimage","url":"https:\/\/thetreecbd.com\/wp-content\/uploads\/2020\/10\/packs-cbd-royal-thetree-web.jpg","contentUrl":"https:\/\/thetreecbd.com\/wp-content\/uploads\/2020\/10\/packs-cbd-royal-thetree-web.jpg","width":1080,"height":1350},{"@type":"BreadcrumbList","@id":"https:\/\/thetreecbd.com\/de\/cbd\/cbd-royale-pack-cbd-bluten-harz#breadcrumb","itemListElement":[{"@type":"ListItem","position":1,"name":"The Tree","item":"https:\/\/thetreecbd.com\/de"},{"@type":"ListItem","position":2,"name":"CBD","item":"https:\/\/thetreecbd.com\/es\/cbd"},{"@type":"ListItem","position":3,"name":"CBD-Bl\u00fcten kaufen","item":"https:\/\/thetreecbd.com\/de\/bluten"},{"@type":"ListItem","position":4,"name":"CBD Royale Pack: CBD-Bl\u00fcten + Harz"}]},{"@type":"WebSite","@id":"https:\/\/thetreecbd.com\/de#website","url":"https:\/\/thetreecbd.com\/de","name":"The Tree CBD","description":"Comprar CBD en Espa\u00f1a Online","publisher":{"@id":"https:\/\/thetreecbd.com\/de#organization"},"potentialAction":[{"@type":"SearchAction","target":{"@type":"EntryPoint","urlTemplate":"https:\/\/thetreecbd.com\/de?s={search_term_string}"},"query-input":{"@type":"PropertyValueSpecification","valueRequired":true,"valueName":"search_term_string"}}],"inLanguage":"de"},{"@type":"Organization","@id":"https:\/\/thetreecbd.com\/de#organization","name":"The Tree CBD","url":"https:\/\/thetreecbd.com\/de","logo":{"@type":"ImageObject","inLanguage":"de","@id":"https:\/\/thetreecbd.com\/de#\/schema\/logo\/image\/","url":"https:\/\/thetreecbd.com\/wp-content\/uploads\/2022\/04\/logo-thetree.png","contentUrl":"https:\/\/thetreecbd.com\/wp-content\/uploads\/2022\/04\/logo-thetree.png","width":172,"height":55,"caption":"The Tree CBD"},"image":{"@id":"https:\/\/thetreecbd.com\/de#\/schema\/logo\/image\/"},"sameAs":["https:\/\/www.facebook.com\/thetreeCBD\/","https:\/\/x.com\/TheTreeCBD_EU","https:\/\/www.instagram.com\/thetree.cbd\/","https:\/\/es.trustpilot.com\/review\/thetreecbd.com"]}]}},"_links":{"self":[{"href":"https:\/\/thetreecbd.com\/de\/wp-json\/wp\/v2\/product\/165381","targetHints":{"allow":["GET"]}}],"collection":[{"href":"https:\/\/thetreecbd.com\/de\/wp-json\/wp\/v2\/product"}],"about":[{"href":"https:\/\/thetreecbd.com\/de\/wp-json\/wp\/v2\/types\/product"}],"version-history":[{"count":0,"href":"https:\/\/thetreecbd.com\/de\/wp-json\/wp\/v2\/product\/165381\/revisions"}],"wp:featuredmedia":[{"embeddable":true,"href":"https:\/\/thetreecbd.com\/de\/wp-json\/wp\/v2\/media\/186103"}],"wp:attachment":[{"href":"https:\/\/thetreecbd.com\/de\/wp-json\/wp\/v2\/media?parent=165381"}],"wp:term":[{"taxonomy":"product_brand","embeddable":true,"href":"https:\/\/thetreecbd.com\/de\/wp-json\/wp\/v2\/product_brand?post=165381"}],"curies":[{"name":"wp","href":"https:\/\/api.w.org\/{rel}","templated":true}]}}