{"id":165412,"date":"2019-01-04T08:11:33","date_gmt":"2019-01-04T07:11:33","guid":{"rendered":"https:\/\/thetreecbd.com\/cbd\/cbd-ol-5-thc-frei"},"modified":"2025-12-19T15:53:56","modified_gmt":"2025-12-19T14:53:56","slug":"cbd-ol-5-thc-frei","status":"publish","type":"product","link":"https:\/\/thetreecbd.com\/de\/cbd\/cbd-ol-5-thc-frei","title":{"rendered":"CBD-\u00d6l 5% THC-frei"},"content":{"rendered":"<p class=\"\" data-start=\"128\" data-end=\"304\"><strong data-start=\"128\" data-end=\"304\">Dieses CBD-\u00d6l mit 5\u202f% Breitspektrum wird aus Breitspektrum-Hanfbl\u00fctenextrakt hergestellt, wodurch es die meisten aktiven Bestandteile der Hanfpflanze enth\u00e4lt, aber 0\u202f% THC.<\/strong><\/p>\n<p class=\"\" data-start=\"306\" data-end=\"432\"><strong data-start=\"306\" data-end=\"361\">Dieses CBD-\u00d6l wurde ohne L\u00f6sungsmittel hergestellt:<\/strong> frei von Alkohol, Gasen oder anderen aggressiveren Extraktionsmitteln.<\/p>\n<p class=\"\" data-start=\"434\" data-end=\"745\"><strong data-start=\"434\" data-end=\"549\">Auf diese Weise bewahrt das \u00d6l von The Tree CBD die meisten Bestandteile der Hanfbl\u00fcte und deren Eigenschaften.<\/strong> Es liefert haupts\u00e4chlich 5\u202f% Cannabidiol (CBD) sowie geringe Mengen an CBG, CBF, CBN, CBC und \u00fcber 40 nat\u00fcrlich im Hanf vorkommenden Terpenen. Diese L\u00f6sung enth\u00e4lt das volle Spektrum der Pflanze.<\/p>\n<p class=\"\" data-start=\"747\" data-end=\"1042\"><strong data-start=\"747\" data-end=\"802\">Wir legen gr\u00f6\u00dften Wert auf Reinheit und Sicherheit.<\/strong> Deshalb verwenden wir als Rohstoff ausschlie\u00dflich den besten \u00f6kologisch angebauten Hanf aus Europa, frei von Pestiziden und sch\u00e4dlichen Chemikalien, unter Einhaltung strengster Qualit\u00e4tskontrollen und mit 100\u202f% pflanzlichen Inhaltsstoffen.<\/p>\n<p class=\"\" data-start=\"1044\" data-end=\"1507\"><strong data-start=\"1044\" data-end=\"1104\">Unsere CBD-Produkte enthalten nur wertvolle Verbindungen<\/strong> \u2013 niemals Zusatzstoffe, synthetische Chemikalien oder andere Verunreinigungen. Wir garantieren dies durch sichere und verantwortungsvolle Methoden vom Samen bis zur Verpackung. Eine verfeinerte Mischung aus \u00fcberkritischer CO\u2082-Extraktion und Filterprozessen ergibt \u00d6le, die innen wie au\u00dfen hochwertig sind. Aber glaub uns nicht nur aufs Wort: Unabh\u00e4ngige Analysen jeder Charge best\u00e4tigen unsere Angaben.<\/p>\n<p class=\"\" data-start=\"1509\" data-end=\"1803\"><strong data-start=\"1509\" data-end=\"1590\">Die CBD-\u00d6le von The Tree CBD sind in verschiedenen Konzentrationen erh\u00e4ltlich<\/strong>, sodass die Kund*innen ihre CBD-Dosis individuell anpassen k\u00f6nnen. Das 5\u202f%-CBD-\u00d6l von The Tree CBD bietet eine moderate Cannabidiol-Konzentration und ist ein guter Mittelweg zwischen unseren 2,5\u202f%- und 10\u202f%-\u00d6len.<\/p>\n<p class=\"\" data-start=\"1805\" data-end=\"1878\"><strong data-start=\"1805\" data-end=\"1878\">Dieses \u00d6l enth\u00e4lt kein THC und hat somit keine psychoaktiven Effekte.<\/strong><\/p>\n<p class=\"\" data-start=\"1885\" data-end=\"2225\"><strong data-start=\"1885\" data-end=\"1923\">Inhaltsstoffe und Aussehen des \u00d6ls<\/strong><br data-start=\"1923\" data-end=\"1926\" \/>Zudem hat das 5\u202f%-CBD-\u00d6l mit Breitspektrum ein anderes Aussehen als das mit Vollspektrum. Da es kein THC enth\u00e4lt und gefiltert ist, hat es eine goldgelbe Farbe \u2013 \u00e4hnlich wie Speise\u00f6l \u2013 und dennoch bleibt die Reinheit des \u00d6ls erhalten. Im Vergleich zum Vollspektrum\u00f6l ist es transparenter und klarer.<\/p>\n<p class=\"\" data-start=\"2227\" data-end=\"2531\"><strong data-start=\"2227\" data-end=\"2329\">So bewahrt das \u00d6l von The Tree CBD die meisten Bestandteile der Hanfbl\u00fcte und deren Eigenschaften,<\/strong> liefert haupts\u00e4chlich 5\u202f% Cannabidiol (CBD) sowie geringe Mengen an CBG, CBF, CBN, CBC und \u00fcber 40 Terpenen, die nat\u00fcrlich im Hanf vorkommen. Diese L\u00f6sung enth\u00e4lt das vollst\u00e4ndige Spektrum der Pflanze.<\/p>\n<ul>\n<li data-start=\"2538\" data-end=\"2791\">Eigenschaften des 5\u202f%-CBD-\u00d6ls<\/li>\n<li data-start=\"2538\" data-end=\"2791\">Hanf\u00adsamen\u00f6l<\/li>\n<li data-start=\"2538\" data-end=\"2791\">5\u202f% CBD pro Tropfen (2,5\u202fmg pro Tropfen)<\/li>\n<li data-start=\"2538\" data-end=\"2791\">Dosierflasche mit 10\u202fml<\/li>\n<li data-start=\"2538\" data-end=\"2791\">\u00d6kologischer Anbau, frei von Pestiziden und sch\u00e4dlichen Chemikalien<\/li>\n<li data-start=\"2538\" data-end=\"2791\">Kein THC enthalten<\/li>\n<li data-start=\"2538\" data-end=\"2791\">Topische Anwendung<\/li>\n<\/ul>\n<p class=\"\" data-start=\"2798\" data-end=\"2854\"><strong data-start=\"2798\" data-end=\"2815\">Inhaltsstoffe<\/strong><br data-start=\"2815\" data-end=\"2818\" \/><strong data-start=\"2818\" data-end=\"2854\">Hanfsamen\u00f6l und CO\u2082-Hanfextrakt.<\/strong><\/p>\n<p class=\"\" data-start=\"2861\" data-end=\"3064\"><strong data-start=\"2861\" data-end=\"2878\">Aroma von CBD<\/strong><br data-start=\"2878\" data-end=\"2881\" \/>Terpene findet man in den meisten \u00e4therischen \u00d6len vieler Pflanzen, Blumen und Fr\u00fcchte. Sie sind f\u00fcr Geruch und Geschmack verantwortlich. Im Cannabis gibt es ein breites Terpenprofil.<\/p>\n<p class=\"\" data-start=\"3066\" data-end=\"3256\"><strong data-start=\"3066\" data-end=\"3165\">CBD-\u00d6le, die aus hochwertigen Vollspektrum-Extrakten hergestellt werden, riechen nach Cannabis.<\/strong> Das liegt daran, dass der typische Geruch haupts\u00e4chlich durch die Terpene verursacht wird.<\/p>\n<p class=\"\" data-start=\"3263\" data-end=\"3536\"><strong data-start=\"3263\" data-end=\"3277\">Zielgruppe<\/strong><br data-start=\"3277\" data-end=\"3280\" \/>CBD-\u00d6le mit 5\u202f% CBD enthalten, wie der Name schon sagt, eine Konzentration von 5\u202f% des Gesamtprodukts. Diese Dosierung gilt als eher niedrig und eignet sich daher ideal f\u00fcr Personen, die die entspannende Wirkung von CBD zum ersten Mal ausprobieren m\u00f6chten.<\/p>\n<p class=\"\" data-start=\"3538\" data-end=\"3681\"><strong data-start=\"3538\" data-end=\"3641\">Dieses \u00d6l richtet sich insbesondere an Menschen, die von den Vorteilen von CBD profitieren m\u00f6chten,<\/strong> ohne dass THC im Produkt enthalten ist.<\/p>\n<p class=\"\" data-start=\"3688\" data-end=\"3951\"><strong data-start=\"3688\" data-end=\"3711\">Sicherheitshinweise<\/strong><br data-start=\"3711\" data-end=\"3714\" \/>Bitte beachten Sie, dass das 5\u202f%-CBD-\u00d6l mit Vollspektrum von The Tree ein Produkt zur topischen Anwendung ist. Es sollte w\u00e4hrend der Schwangerschaft oder Stillzeit nicht verwendet werden. Au\u00dferhalb der Reichweite von Kindern aufbewahren.<\/p>\n<p class=\"\" data-start=\"3953\" data-end=\"3981\"><strong data-start=\"3953\" data-end=\"3981\">Das \u00d6l enth\u00e4lt kein THC.<\/strong><\/p>\n<p class=\"\" data-start=\"3983\" data-end=\"4266\">Die bereitgestellten Informationen dienen ausschlie\u00dflich zu Informations- und Schulungszwecken und ersetzen keinesfalls die medizinische Beratung durch eine<em data-start=\"4139\" data-end=\"4169\">n Arzt\/\u00c4rztin oder Apotheker<\/em>in. Unsere Texte sind nicht zur eigenst\u00e4ndigen Diagnose oder Behandlung von Krankheiten bestimmt.<\/p>\n<p class=\"\" data-start=\"4268\" data-end=\"4337\">Z\u00f6gern Sie nicht, uns zu kontaktieren, wenn Sie weitere Fragen haben.<\/p>\n<p class=\"\" data-start=\"4344\" data-end=\"4577\"><strong data-start=\"4344\" data-end=\"4356\">Lagerung<\/strong><br data-start=\"4356\" data-end=\"4359\" \/>Idealerweise sollte das CBD-\u00d6l von The Tree an einem k\u00fchlen und trockenen Ort gelagert werden, gesch\u00fctzt vor Licht und starken Ger\u00fcchen, um Verunreinigungen zu vermeiden. Direkte Sonneneinstrahlung und Hitze vermeiden.<\/p>\n<p class=\"\" data-start=\"4579\" data-end=\"4657\"><strong data-start=\"4579\" data-end=\"4657\">K\u00fchl und trocken lagern. Au\u00dferhalb der Reichweite von Kindern aufbewahren.<\/strong><\/p>\n<p class=\"\" data-start=\"4659\" data-end=\"4743\"><strong data-start=\"4659\" data-end=\"4671\">Achtung:<\/strong> Die angegebene Haltbarkeit betr\u00e4gt zwei Jahre bei sachgem\u00e4\u00dfer Lagerung.<\/p>\n","protected":false},"excerpt":{"rendered":"<ul>\n<li data-start=\"2538\" data-end=\"2791\">Eigenschaften des 5\u202f%-CBD-\u00d6ls<\/li>\n<li data-start=\"2538\" data-end=\"2791\">Hanf\u00adsamen\u00f6l<\/li>\n<li data-start=\"2538\" data-end=\"2791\"><strong>5\u202f% CBD<\/strong> pro Tropfen (2,5\u202fmg pro Tropfen)<\/li>\n<li data-start=\"2538\" data-end=\"2791\">Dosierflasche mit <strong>10\u202fml<\/strong><\/li>\n<li data-start=\"2538\" data-end=\"2791\">\u00d6kologischer Anbau, frei von Pestiziden und sch\u00e4dlichen Chemikalien<\/li>\n<li data-start=\"2538\" data-end=\"2791\">Kein THC enthalten<\/li>\n<li data-start=\"2538\" data-end=\"2791\">Topische Anwendung<\/li>\n<\/ul>\n","protected":false},"featured_media":165413,"template":"","meta":{"_acf_changed":false},"product_brand":[],"class_list":{"0":"post-165412","1":"product","2":"type-product","3":"status-publish","4":"has-post-thumbnail","6":"product_cat-breitband","7":"product_cat-cbd-ol","8":"product_cat-cbd-ole-mit-5","9":"product_cat-cbd-fur-die-hautpflege","10":"product_cat-cbd-sportler","11":"product_cat-cbd-entzundungen","12":"product_cat-produkte-mit-5-cbd","14":"first","15":"instock","16":"taxable","17":"shipping-taxable","18":"purchasable","19":"product-type-simple"},"acf":[],"yoast_head":"<!-- This site is optimized with the Yoast SEO plugin v26.3 - https:\/\/yoast.com\/wordpress\/plugins\/seo\/ -->\n<title>CBD-\u00d6l 5% THC-frei | The Tree CBD<\/title>\n<meta name=\"description\" content=\"5% CBD-\u00d6l aus Hanfbl\u00fcten hergestellt. 5% CBD pro Tropfen. THC-frei. \u00d6kologisch hergestellt, auf nat\u00fcrliche Weise und ohne psychotrope Wirkungen\" \/>\n<meta name=\"robots\" content=\"index, follow, max-snippet:-1, max-image-preview:large, max-video-preview:-1\" \/>\n<link rel=\"canonical\" href=\"https:\/\/thetreecbd.com\/de\/cbd\/cbd-ol-5-thc-frei\" \/>\n<meta property=\"og:locale\" content=\"de_DE\" \/>\n<meta property=\"og:type\" content=\"article\" \/>\n<meta property=\"og:title\" content=\"CBD-\u00d6l 5% THC-frei | The Tree CBD\" \/>\n<meta property=\"og:description\" content=\"5% CBD-\u00d6l aus Hanfbl\u00fcten hergestellt. 5% CBD pro Tropfen. THC-frei. \u00d6kologisch hergestellt, auf nat\u00fcrliche Weise und ohne psychotrope Wirkungen\" \/>\n<meta property=\"og:url\" content=\"https:\/\/thetreecbd.com\/de\/cbd\/cbd-ol-5-thc-frei\" \/>\n<meta property=\"og:site_name\" content=\"The Tree CBD\" \/>\n<meta property=\"article:publisher\" content=\"https:\/\/www.facebook.com\/thetreeCBD\/\" \/>\n<meta property=\"article:modified_time\" content=\"2025-12-19T14:53:56+00:00\" \/>\n<meta property=\"og:image\" content=\"https:\/\/thetreecbd.com\/wp-content\/uploads\/2019\/01\/aceite-broad-spectrum-5_1.jpg\" \/>\n\t<meta property=\"og:image:width\" content=\"600\" \/>\n\t<meta property=\"og:image:height\" content=\"720\" \/>\n\t<meta property=\"og:image:type\" content=\"image\/jpeg\" \/>\n<meta name=\"twitter:card\" content=\"summary_large_image\" \/>\n<meta name=\"twitter:site\" content=\"@TheTreeCBD_EU\" \/>\n<meta name=\"twitter:label1\" content=\"Gesch\u00e4tzte Lesezeit\" \/>\n\t<meta name=\"twitter:data1\" content=\"3\u00a0Minuten\" \/>\n<script type=\"application\/ld+json\" class=\"yoast-schema-graph\">{\"@context\":\"https:\/\/schema.org\",\"@graph\":[{\"@type\":[\"WebPage\",\"ItemPage\"],\"@id\":\"https:\/\/thetreecbd.com\/de\/cbd\/cbd-ol-5-thc-frei\",\"url\":\"https:\/\/thetreecbd.com\/de\/cbd\/cbd-ol-5-thc-frei\",\"name\":\"CBD-\u00d6l 5% THC-frei | The Tree CBD\",\"isPartOf\":{\"@id\":\"https:\/\/thetreecbd.com\/de#website\"},\"primaryImageOfPage\":{\"@id\":\"https:\/\/thetreecbd.com\/de\/cbd\/cbd-ol-5-thc-frei#primaryimage\"},\"image\":{\"@id\":\"https:\/\/thetreecbd.com\/de\/cbd\/cbd-ol-5-thc-frei#primaryimage\"},\"thumbnailUrl\":\"https:\/\/thetreecbd.com\/wp-content\/uploads\/2019\/01\/aceite-broad-spectrum-5_1.jpg\",\"datePublished\":\"2019-01-04T07:11:33+00:00\",\"dateModified\":\"2025-12-19T14:53:56+00:00\",\"description\":\"5% CBD-\u00d6l aus Hanfbl\u00fcten hergestellt. 5% CBD pro Tropfen. THC-frei. \u00d6kologisch hergestellt, auf nat\u00fcrliche Weise und ohne psychotrope Wirkungen\",\"breadcrumb\":{\"@id\":\"https:\/\/thetreecbd.com\/de\/cbd\/cbd-ol-5-thc-frei#breadcrumb\"},\"inLanguage\":\"de\",\"potentialAction\":[{\"@type\":\"ReadAction\",\"target\":[\"https:\/\/thetreecbd.com\/de\/cbd\/cbd-ol-5-thc-frei\"]}]},{\"@type\":\"ImageObject\",\"inLanguage\":\"de\",\"@id\":\"https:\/\/thetreecbd.com\/de\/cbd\/cbd-ol-5-thc-frei#primaryimage\",\"url\":\"https:\/\/thetreecbd.com\/wp-content\/uploads\/2019\/01\/aceite-broad-spectrum-5_1.jpg\",\"contentUrl\":\"https:\/\/thetreecbd.com\/wp-content\/uploads\/2019\/01\/aceite-broad-spectrum-5_1.jpg\",\"width\":600,\"height\":720},{\"@type\":\"BreadcrumbList\",\"@id\":\"https:\/\/thetreecbd.com\/de\/cbd\/cbd-ol-5-thc-frei#breadcrumb\",\"itemListElement\":[{\"@type\":\"ListItem\",\"position\":1,\"name\":\"The Tree\",\"item\":\"https:\/\/thetreecbd.com\/de\"},{\"@type\":\"ListItem\",\"position\":2,\"name\":\"CBD\",\"item\":\"https:\/\/thetreecbd.com\/es\/cbd\"},{\"@type\":\"ListItem\",\"position\":3,\"name\":\"CBD-\u00d6l\",\"item\":\"https:\/\/thetreecbd.com\/de\/cbd-ol\"},{\"@type\":\"ListItem\",\"position\":4,\"name\":\"Breitband-CBD-\u00d6l THC-frei\",\"item\":\"https:\/\/thetreecbd.com\/de\/cbd-ol\/breitband\"},{\"@type\":\"ListItem\",\"position\":5,\"name\":\"CBD-\u00d6l 5% THC-frei\"}]},{\"@type\":\"WebSite\",\"@id\":\"https:\/\/thetreecbd.com\/de#website\",\"url\":\"https:\/\/thetreecbd.com\/de\",\"name\":\"The Tree CBD\",\"description\":\"Comprar CBD en Espa\u00f1a Online\",\"publisher\":{\"@id\":\"https:\/\/thetreecbd.com\/de#organization\"},\"potentialAction\":[{\"@type\":\"SearchAction\",\"target\":{\"@type\":\"EntryPoint\",\"urlTemplate\":\"https:\/\/thetreecbd.com\/de?s={search_term_string}\"},\"query-input\":{\"@type\":\"PropertyValueSpecification\",\"valueRequired\":true,\"valueName\":\"search_term_string\"}}],\"inLanguage\":\"de\"},{\"@type\":\"Organization\",\"@id\":\"https:\/\/thetreecbd.com\/de#organization\",\"name\":\"The Tree CBD\",\"url\":\"https:\/\/thetreecbd.com\/de\",\"logo\":{\"@type\":\"ImageObject\",\"inLanguage\":\"de\",\"@id\":\"https:\/\/thetreecbd.com\/de#\/schema\/logo\/image\/\",\"url\":\"https:\/\/thetreecbd.com\/wp-content\/uploads\/2022\/04\/logo-thetree.png\",\"contentUrl\":\"https:\/\/thetreecbd.com\/wp-content\/uploads\/2022\/04\/logo-thetree.png\",\"width\":172,\"height\":55,\"caption\":\"The Tree CBD\"},\"image\":{\"@id\":\"https:\/\/thetreecbd.com\/de#\/schema\/logo\/image\/\"},\"sameAs\":[\"https:\/\/www.facebook.com\/thetreeCBD\/\",\"https:\/\/x.com\/TheTreeCBD_EU\",\"https:\/\/www.instagram.com\/thetree.cbd\/\",\"https:\/\/es.trustpilot.com\/review\/thetreecbd.com\"]}]}<\/script>\n<!-- \/ Yoast SEO plugin. -->","yoast_head_json":{"title":"CBD-\u00d6l 5% THC-frei | The Tree CBD","description":"5% CBD-\u00d6l aus Hanfbl\u00fcten hergestellt. 5% CBD pro Tropfen. THC-frei. \u00d6kologisch hergestellt, auf nat\u00fcrliche Weise und ohne psychotrope Wirkungen","robots":{"index":"index","follow":"follow","max-snippet":"max-snippet:-1","max-image-preview":"max-image-preview:large","max-video-preview":"max-video-preview:-1"},"canonical":"https:\/\/thetreecbd.com\/de\/cbd\/cbd-ol-5-thc-frei","og_locale":"de_DE","og_type":"article","og_title":"CBD-\u00d6l 5% THC-frei | The Tree CBD","og_description":"5% CBD-\u00d6l aus Hanfbl\u00fcten hergestellt. 5% CBD pro Tropfen. THC-frei. \u00d6kologisch hergestellt, auf nat\u00fcrliche Weise und ohne psychotrope Wirkungen","og_url":"https:\/\/thetreecbd.com\/de\/cbd\/cbd-ol-5-thc-frei","og_site_name":"The Tree CBD","article_publisher":"https:\/\/www.facebook.com\/thetreeCBD\/","article_modified_time":"2025-12-19T14:53:56+00:00","og_image":[{"width":600,"height":720,"url":"https:\/\/thetreecbd.com\/wp-content\/uploads\/2019\/01\/aceite-broad-spectrum-5_1.jpg","type":"image\/jpeg"}],"twitter_card":"summary_large_image","twitter_site":"@TheTreeCBD_EU","twitter_misc":{"Gesch\u00e4tzte Lesezeit":"3\u00a0Minuten"},"schema":{"@context":"https:\/\/schema.org","@graph":[{"@type":["WebPage","ItemPage"],"@id":"https:\/\/thetreecbd.com\/de\/cbd\/cbd-ol-5-thc-frei","url":"https:\/\/thetreecbd.com\/de\/cbd\/cbd-ol-5-thc-frei","name":"CBD-\u00d6l 5% THC-frei | The Tree CBD","isPartOf":{"@id":"https:\/\/thetreecbd.com\/de#website"},"primaryImageOfPage":{"@id":"https:\/\/thetreecbd.com\/de\/cbd\/cbd-ol-5-thc-frei#primaryimage"},"image":{"@id":"https:\/\/thetreecbd.com\/de\/cbd\/cbd-ol-5-thc-frei#primaryimage"},"thumbnailUrl":"https:\/\/thetreecbd.com\/wp-content\/uploads\/2019\/01\/aceite-broad-spectrum-5_1.jpg","datePublished":"2019-01-04T07:11:33+00:00","dateModified":"2025-12-19T14:53:56+00:00","description":"5% CBD-\u00d6l aus Hanfbl\u00fcten hergestellt. 5% CBD pro Tropfen. THC-frei. \u00d6kologisch hergestellt, auf nat\u00fcrliche Weise und ohne psychotrope Wirkungen","breadcrumb":{"@id":"https:\/\/thetreecbd.com\/de\/cbd\/cbd-ol-5-thc-frei#breadcrumb"},"inLanguage":"de","potentialAction":[{"@type":"ReadAction","target":["https:\/\/thetreecbd.com\/de\/cbd\/cbd-ol-5-thc-frei"]}]},{"@type":"ImageObject","inLanguage":"de","@id":"https:\/\/thetreecbd.com\/de\/cbd\/cbd-ol-5-thc-frei#primaryimage","url":"https:\/\/thetreecbd.com\/wp-content\/uploads\/2019\/01\/aceite-broad-spectrum-5_1.jpg","contentUrl":"https:\/\/thetreecbd.com\/wp-content\/uploads\/2019\/01\/aceite-broad-spectrum-5_1.jpg","width":600,"height":720},{"@type":"BreadcrumbList","@id":"https:\/\/thetreecbd.com\/de\/cbd\/cbd-ol-5-thc-frei#breadcrumb","itemListElement":[{"@type":"ListItem","position":1,"name":"The Tree","item":"https:\/\/thetreecbd.com\/de"},{"@type":"ListItem","position":2,"name":"CBD","item":"https:\/\/thetreecbd.com\/es\/cbd"},{"@type":"ListItem","position":3,"name":"CBD-\u00d6l","item":"https:\/\/thetreecbd.com\/de\/cbd-ol"},{"@type":"ListItem","position":4,"name":"Breitband-CBD-\u00d6l THC-frei","item":"https:\/\/thetreecbd.com\/de\/cbd-ol\/breitband"},{"@type":"ListItem","position":5,"name":"CBD-\u00d6l 5% THC-frei"}]},{"@type":"WebSite","@id":"https:\/\/thetreecbd.com\/de#website","url":"https:\/\/thetreecbd.com\/de","name":"The Tree CBD","description":"Comprar CBD en Espa\u00f1a Online","publisher":{"@id":"https:\/\/thetreecbd.com\/de#organization"},"potentialAction":[{"@type":"SearchAction","target":{"@type":"EntryPoint","urlTemplate":"https:\/\/thetreecbd.com\/de?s={search_term_string}"},"query-input":{"@type":"PropertyValueSpecification","valueRequired":true,"valueName":"search_term_string"}}],"inLanguage":"de"},{"@type":"Organization","@id":"https:\/\/thetreecbd.com\/de#organization","name":"The Tree CBD","url":"https:\/\/thetreecbd.com\/de","logo":{"@type":"ImageObject","inLanguage":"de","@id":"https:\/\/thetreecbd.com\/de#\/schema\/logo\/image\/","url":"https:\/\/thetreecbd.com\/wp-content\/uploads\/2022\/04\/logo-thetree.png","contentUrl":"https:\/\/thetreecbd.com\/wp-content\/uploads\/2022\/04\/logo-thetree.png","width":172,"height":55,"caption":"The Tree CBD"},"image":{"@id":"https:\/\/thetreecbd.com\/de#\/schema\/logo\/image\/"},"sameAs":["https:\/\/www.facebook.com\/thetreeCBD\/","https:\/\/x.com\/TheTreeCBD_EU","https:\/\/www.instagram.com\/thetree.cbd\/","https:\/\/es.trustpilot.com\/review\/thetreecbd.com"]}]}},"_links":{"self":[{"href":"https:\/\/thetreecbd.com\/de\/wp-json\/wp\/v2\/product\/165412","targetHints":{"allow":["GET"]}}],"collection":[{"href":"https:\/\/thetreecbd.com\/de\/wp-json\/wp\/v2\/product"}],"about":[{"href":"https:\/\/thetreecbd.com\/de\/wp-json\/wp\/v2\/types\/product"}],"version-history":[{"count":0,"href":"https:\/\/thetreecbd.com\/de\/wp-json\/wp\/v2\/product\/165412\/revisions"}],"wp:featuredmedia":[{"embeddable":true,"href":"https:\/\/thetreecbd.com\/de\/wp-json\/wp\/v2\/media\/165413"}],"wp:attachment":[{"href":"https:\/\/thetreecbd.com\/de\/wp-json\/wp\/v2\/media?parent=165412"}],"wp:term":[{"taxonomy":"product_brand","embeddable":true,"href":"https:\/\/thetreecbd.com\/de\/wp-json\/wp\/v2\/product_brand?post=165412"}],"curies":[{"name":"wp","href":"https:\/\/api.w.org\/{rel}","templated":true}]}}