{"id":165491,"date":"2019-01-04T08:13:53","date_gmt":"2019-01-04T07:13:53","guid":{"rendered":"https:\/\/thetreecbd.com\/cbd\/cbd-ol-10-thc-frei"},"modified":"2026-04-29T12:52:48","modified_gmt":"2026-04-29T10:52:48","slug":"cbd-ol-10-thc-frei","status":"publish","type":"product","link":"https:\/\/thetreecbd.com\/de\/cbd\/cbd-ol-10-thc-frei","title":{"rendered":"CBD-\u00d6l 10% THC-frei"},"content":{"rendered":"<p class=\"\" data-start=\"138\" data-end=\"161\"><strong data-start=\"138\" data-end=\"161\">CBD-\u00d6l 10% THC-frei<\/strong><\/p>\n<p class=\"\" data-start=\"163\" data-end=\"356\">Dieses CBD-\u00d6l 10 % wird auf Basis von Hanfsamen\u00f6l mit einem Breitspektrum-Hanfbl\u00fctenextrakt hergestellt. Dadurch enth\u00e4lt es die meisten aktiven Bestandteile der Hanfpflanze, jedoch <strong data-start=\"344\" data-end=\"355\">0\u202f% THC<\/strong>.<\/p>\n<p class=\"\" data-start=\"358\" data-end=\"486\">Dieses CBD-\u00d6l wurde <strong data-start=\"378\" data-end=\"400\">ohne L\u00f6sungsmittel<\/strong> hergestellt: frei von Alkoholen, Gasen oder anderen aggressiveren Extraktionsmitteln.<\/p>\n<p class=\"\" data-start=\"488\" data-end=\"812\">Auf diese Weise bewahrt das \u00d6l von <strong data-start=\"523\" data-end=\"539\">The Tree CBD<\/strong> die meisten Bestandteile und Eigenschaften der Hanfbl\u00fcte und liefert haupts\u00e4chlich <strong data-start=\"623\" data-end=\"649\">10\u202f% Cannabidiol (CBD)<\/strong> sowie kleinere Mengen von <strong data-start=\"676\" data-end=\"698\">CBG, CBF, CBN, CBC<\/strong> und mehr als <strong data-start=\"712\" data-end=\"758\">40 nat\u00fcrlich im Hanf vorkommenden Terpenen<\/strong>. Diese L\u00f6sung enth\u00e4lt das <strong data-start=\"785\" data-end=\"811\">volle Pflanzenspektrum<\/strong>.<\/p>\n<p class=\"\" data-start=\"814\" data-end=\"1013\">Unser \u00d6l stammt aus <strong data-start=\"834\" data-end=\"856\">\u00f6kologischem Anbau<\/strong>, ist <strong data-start=\"862\" data-end=\"913\">frei von Pestiziden und sch\u00e4dlichen Chemikalien<\/strong>, folgt den strengsten Qualit\u00e4tskontrollen und besteht zu <strong data-start=\"971\" data-end=\"1012\">100\u202f% aus pflanzlichen Inhaltsstoffen<\/strong>.<\/p>\n<p class=\"\" data-start=\"1015\" data-end=\"1559\"><strong data-start=\"1015\" data-end=\"1053\">Warum sollte ich dieses \u00d6l w\u00e4hlen?<\/strong><br data-start=\"1053\" data-end=\"1056\" \/>Wenn du eine <strong data-start=\"1069\" data-end=\"1096\">konzentrierte Dosis CBD<\/strong> ben\u00f6tigst, ist unsere <strong data-start=\"1119\" data-end=\"1142\">10\u202f%-Formel perfekt<\/strong>. Sie wurde speziell f\u00fcr Menschen entwickelt, die bereits Erfahrungen mit CBD gemacht haben. Jede Flasche CBD unterliegt einer strengen Qualit\u00e4tskontrolle und wird aus \u00f6kologisch angebautem Hanf extrahiert. Dank <strong data-start=\"1354\" data-end=\"1415\">hochentwickelter CO\u2082-Extraktions- und Reinigungsverfahren<\/strong> sowie <strong data-start=\"1422\" data-end=\"1444\">unabh\u00e4ngiger Tests<\/strong> enth\u00e4lt jede Flasche <strong data-start=\"1466\" data-end=\"1486\">hochwertiges CBD<\/strong>, <strong data-start=\"1488\" data-end=\"1558\">frei von Nebenwirkungen, Zusatzstoffen und k\u00fcnstlichen Chemikalien<\/strong>.<\/p>\n<p class=\"\" data-start=\"1561\" data-end=\"1637\"><strong data-start=\"1561\" data-end=\"1591\">Dieses \u00d6l enth\u00e4lt kein THC<\/strong> und hat daher <strong data-start=\"1606\" data-end=\"1636\">keine psychoaktive Wirkung<\/strong>.<\/p>\n<p class=\"\" data-start=\"1644\" data-end=\"1686\"><strong data-start=\"1644\" data-end=\"1684\">Eigenschaften des CBD-\u00d6ls 10 Prozent<\/strong><\/p>\n<ul data-start=\"1687\" data-end=\"1941\">\n<li class=\"\" data-start=\"1687\" data-end=\"1719\">\n<p class=\"\" data-start=\"1689\" data-end=\"1719\"><strong>\u00d6l auf Basis von Hanfsamen\u00f6l<\/strong><\/p>\n<\/li>\n<li class=\"\" data-start=\"1720\" data-end=\"1767\">\n<p class=\"\" data-start=\"1722\" data-end=\"1767\"><strong>10\u202f% CBD<\/strong> pro Tropfen (5\u202fmg pro Tropfen)<\/p>\n<\/li>\n<li class=\"\" data-start=\"1768\" data-end=\"1806\">\n<p class=\"\" data-start=\"1770\" data-end=\"1806\">Dosierflasche mit <strong>10 ml<\/strong> Inhalt<\/p>\n<\/li>\n<li class=\"\" data-start=\"1807\" data-end=\"1882\">\n<p class=\"\" data-start=\"1809\" data-end=\"1882\">\u00d6kologischer Anbau, frei von Pestiziden und sch\u00e4dlichen Chemikalien<\/p>\n<\/li>\n<li class=\"\" data-start=\"1883\" data-end=\"1909\">\n<p class=\"\" data-start=\"1885\" data-end=\"1909\">Kein THC enthalten<\/p>\n<\/li>\n<li class=\"\" data-start=\"1910\" data-end=\"1941\">\n<p class=\"\" data-start=\"1912\" data-end=\"1941\">Zur \u00e4u\u00dferlichen Anwendung<\/p>\n<\/li>\n<\/ul>\n<p class=\"\" data-start=\"1948\" data-end=\"1999\"><strong data-start=\"1948\" data-end=\"1965\">Inhaltsstoffe<\/strong><br data-start=\"1965\" data-end=\"1968\" \/>Hanfsamen\u00f6l und CO\u2082-Hanfextrakt<\/p>\n<p class=\"\" data-start=\"2006\" data-end=\"2222\"><strong data-start=\"2006\" data-end=\"2019\">CBD-Aroma<\/strong><br data-start=\"2019\" data-end=\"2022\" \/>Terpene kommen in den meisten \u00e4therischen \u00d6len vieler Pflanzen, Blumen und Fr\u00fcchte vor \u2013 sie sind f\u00fcr <strong data-start=\"2124\" data-end=\"2148\">Geruch und Geschmack<\/strong> verantwortlich. Auch im Cannabis finden wir ein <strong data-start=\"2197\" data-end=\"2221\">breites Terpenprofil<\/strong>.<\/p>\n<p class=\"\" data-start=\"2224\" data-end=\"2414\">CBD-\u00d6le, die aus hochwertigen Vollspektrum-Extrakten hergestellt werden, <strong data-start=\"2297\" data-end=\"2322\">riechen nach Cannabis<\/strong>. Das liegt daran, dass der Gro\u00dfteil des Cannabis-Geruchs <strong data-start=\"2380\" data-end=\"2397\">durch Terpene<\/strong> verursacht wird.<\/p>\n<p class=\"\" data-start=\"2421\" data-end=\"2702\"><strong data-start=\"2421\" data-end=\"2435\">Zielgruppe<\/strong><br data-start=\"2435\" data-end=\"2438\" \/>CBD-\u00d6le mit 10\u202f% CBD-Gehalt \u2013 wie der Name schon sagt \u2013 enthalten <strong data-start=\"2504\" data-end=\"2554\">10\u202f% Cannabidiol bezogen auf das Gesamtvolumen<\/strong>. Diese Konzentration ist <strong data-start=\"2580\" data-end=\"2624\">am h\u00e4ufigsten bei Personen mit Erfahrung<\/strong> im Umgang mit Cannabinoiden, da die Wirkung <strong data-start=\"2669\" data-end=\"2692\">mittlere Intensit\u00e4t<\/strong> aufweist.<\/p>\n<p class=\"\" data-start=\"2704\" data-end=\"2829\">Dieses \u00d6l richtet sich insbesondere an Menschen, die von den Vorteilen von CBD profitieren m\u00f6chten, <strong data-start=\"2804\" data-end=\"2828\">ohne THC aufzunehmen<\/strong>.<\/p>\n<p class=\"\" data-start=\"2836\" data-end=\"3101\"><strong data-start=\"2836\" data-end=\"2864\">Sicherheitsinformationen<\/strong><br data-start=\"2864\" data-end=\"2867\" \/>Bitte beachte, dass das <strong data-start=\"2891\" data-end=\"2919\">CBD-\u00d6l 10\u202f% von The Tree<\/strong> ein Produkt <strong data-start=\"2932\" data-end=\"2961\">zur \u00e4u\u00dferlichen Anwendung<\/strong> ist. Es sollte <strong data-start=\"2977\" data-end=\"3046\">nicht w\u00e4hrend der Schwangerschaft oder Stillzeit verwendet werden<\/strong>. <strong data-start=\"3048\" data-end=\"3101\">Au\u00dferhalb der Reichweite von Kindern aufbewahren.<\/strong><\/p>\n<p class=\"\" data-start=\"3103\" data-end=\"3131\"><strong data-start=\"3103\" data-end=\"3131\">Das \u00d6l enth\u00e4lt kein THC.<\/strong><\/p>\n<p class=\"\" data-start=\"3133\" data-end=\"3396\">Der bereitgestellte Inhalt dient ausschlie\u00dflich <strong data-start=\"3181\" data-end=\"3219\">Informations- und Schulungszwecken<\/strong> und ersetzt <strong data-start=\"3232\" data-end=\"3298\">keinesfalls den medizinischen Rat eines Arztes oder Apothekers<\/strong>. Unsere Texte sind <strong data-start=\"3318\" data-end=\"3387\">nicht zur eigenst\u00e4ndigen Diagnose oder Behandlung von Krankheiten<\/strong> gedacht.<\/p>\n<p class=\"\" data-start=\"3398\" data-end=\"3456\"><strong data-start=\"3398\" data-end=\"3456\">Z\u00f6gere nicht, uns bei weiteren Fragen zu kontaktieren.<\/strong><\/p>\n<p class=\"\" data-start=\"3463\" data-end=\"3722\"><strong data-start=\"3463\" data-end=\"3475\">Lagerung<\/strong><br data-start=\"3475\" data-end=\"3478\" \/>Das CBD-\u00d6l von The Tree sollte idealerweise <strong data-start=\"3522\" data-end=\"3556\">an einem k\u00fchlen, trockenen Ort<\/strong>, <strong data-start=\"3558\" data-end=\"3602\">gesch\u00fctzt vor Licht und starken Ger\u00fcchen<\/strong> aufbewahrt werden, um <strong data-start=\"3625\" data-end=\"3665\">jegliche Verunreinigung zu vermeiden<\/strong>. Direkte Sonneneinstrahlung und Hitze sind zu vermeiden.<\/p>\n<p class=\"\" data-start=\"3724\" data-end=\"3802\"><strong data-start=\"3724\" data-end=\"3802\">K\u00fchl und trocken lagern. Au\u00dferhalb der Reichweite von Kindern aufbewahren.<\/strong><\/p>\n<p class=\"\" data-start=\"3804\" data-end=\"3909\"><strong data-start=\"3804\" data-end=\"3816\">Hinweis:<\/strong> Die <strong data-start=\"3821\" data-end=\"3866\">angegebene Haltbarkeit betr\u00e4gt zwei Jahre<\/strong>, sofern das Produkt korrekt gelagert wird.<\/p>\n","protected":false},"excerpt":{"rendered":"<ul>\n<li data-start=\"1689\" data-end=\"1719\"><strong>\u00d6l auf Basis von Hanfsamen\u00f6l<\/strong><\/li>\n<li data-start=\"1722\" data-end=\"1767\"><strong>10\u202f% CBD<\/strong> pro Tropfen (5\u202fmg pro Tropfen)<\/li>\n<li data-start=\"1770\" data-end=\"1806\">Dosierflasche mit <strong>10 ml<\/strong> Inhalt<\/li>\n<li data-start=\"1809\" data-end=\"1882\">\u00d6kologischer Anbau, frei von Pestiziden und sch\u00e4dlichen Chemikalien<\/li>\n<li data-start=\"1885\" data-end=\"1909\">Kein THC enthalten<\/li>\n<li data-start=\"1912\" data-end=\"1941\">Zur \u00e4u\u00dferlichen Anwendung<\/li>\n<\/ul>\n","protected":false},"featured_media":165494,"template":"","meta":{"_acf_changed":false},"product_brand":[],"class_list":{"0":"post-165491","1":"product","2":"type-product","3":"status-publish","4":"has-post-thumbnail","6":"product_cat-breitband","7":"product_cat-cbd-ol","8":"product_cat-cbd-ole-mit-10","9":"product_cat-cbd-schlaf","10":"product_cat-cbd-sportler","12":"first","13":"instock","14":"taxable","15":"shipping-taxable","16":"purchasable","17":"product-type-simple"},"acf":[],"yoast_head":"<!-- This site is optimized with the Yoast SEO plugin v26.3 - https:\/\/yoast.com\/wordpress\/plugins\/seo\/ -->\n<title>CBD-\u00d6l 10% THC-frei | The Tree CBD<\/title>\n<meta name=\"description\" content=\"CBD-\u00d6l 10% CBD pro Tropfen, auf Basis von MCT-Kokos\u00f6l, dieses \u00d6l hat keine psychotropen Effekte und ist ideal zum Einschlafen. THC-freies CBD-\u00d6l\" \/>\n<meta name=\"robots\" content=\"index, follow, max-snippet:-1, max-image-preview:large, max-video-preview:-1\" \/>\n<link rel=\"canonical\" href=\"https:\/\/thetreecbd.com\/de\/cbd\/cbd-ol-10-thc-frei\" \/>\n<meta property=\"og:locale\" content=\"de_DE\" \/>\n<meta property=\"og:type\" content=\"article\" \/>\n<meta property=\"og:title\" content=\"CBD-\u00d6l 10% THC-frei | The Tree CBD\" \/>\n<meta property=\"og:description\" content=\"CBD-\u00d6l 10% CBD pro Tropfen, auf Basis von MCT-Kokos\u00f6l, dieses \u00d6l hat keine psychotropen Effekte und ist ideal zum Einschlafen. THC-freies CBD-\u00d6l\" \/>\n<meta property=\"og:url\" content=\"https:\/\/thetreecbd.com\/de\/cbd\/cbd-ol-10-thc-frei\" \/>\n<meta property=\"og:site_name\" content=\"The Tree CBD\" \/>\n<meta property=\"article:publisher\" content=\"https:\/\/www.facebook.com\/thetreeCBD\/\" \/>\n<meta property=\"article:modified_time\" content=\"2026-04-29T10:52:48+00:00\" \/>\n<meta property=\"og:image\" content=\"https:\/\/thetreecbd.com\/wp-content\/uploads\/2019\/01\/aceite-broad-spectrum-10_1.jpg\" \/>\n\t<meta property=\"og:image:width\" content=\"600\" \/>\n\t<meta property=\"og:image:height\" content=\"720\" \/>\n\t<meta property=\"og:image:type\" content=\"image\/jpeg\" \/>\n<meta name=\"twitter:card\" content=\"summary_large_image\" \/>\n<meta name=\"twitter:site\" content=\"@TheTreeCBD_EU\" \/>\n<meta name=\"twitter:label1\" content=\"Gesch\u00e4tzte Lesezeit\" \/>\n\t<meta name=\"twitter:data1\" content=\"2\u00a0Minuten\" \/>\n<script type=\"application\/ld+json\" class=\"yoast-schema-graph\">{\"@context\":\"https:\/\/schema.org\",\"@graph\":[{\"@type\":[\"WebPage\",\"ItemPage\"],\"@id\":\"https:\/\/thetreecbd.com\/de\/cbd\/cbd-ol-10-thc-frei\",\"url\":\"https:\/\/thetreecbd.com\/de\/cbd\/cbd-ol-10-thc-frei\",\"name\":\"CBD-\u00d6l 10% THC-frei | The Tree CBD\",\"isPartOf\":{\"@id\":\"https:\/\/thetreecbd.com\/de#website\"},\"primaryImageOfPage\":{\"@id\":\"https:\/\/thetreecbd.com\/de\/cbd\/cbd-ol-10-thc-frei#primaryimage\"},\"image\":{\"@id\":\"https:\/\/thetreecbd.com\/de\/cbd\/cbd-ol-10-thc-frei#primaryimage\"},\"thumbnailUrl\":\"https:\/\/thetreecbd.com\/wp-content\/uploads\/2019\/01\/aceite-broad-spectrum-10_1.jpg\",\"datePublished\":\"2019-01-04T07:13:53+00:00\",\"dateModified\":\"2026-04-29T10:52:48+00:00\",\"description\":\"CBD-\u00d6l 10% CBD pro Tropfen, auf Basis von MCT-Kokos\u00f6l, dieses \u00d6l hat keine psychotropen Effekte und ist ideal zum Einschlafen. THC-freies CBD-\u00d6l\",\"breadcrumb\":{\"@id\":\"https:\/\/thetreecbd.com\/de\/cbd\/cbd-ol-10-thc-frei#breadcrumb\"},\"inLanguage\":\"de\",\"potentialAction\":[{\"@type\":\"ReadAction\",\"target\":[\"https:\/\/thetreecbd.com\/de\/cbd\/cbd-ol-10-thc-frei\"]}]},{\"@type\":\"ImageObject\",\"inLanguage\":\"de\",\"@id\":\"https:\/\/thetreecbd.com\/de\/cbd\/cbd-ol-10-thc-frei#primaryimage\",\"url\":\"https:\/\/thetreecbd.com\/wp-content\/uploads\/2019\/01\/aceite-broad-spectrum-10_1.jpg\",\"contentUrl\":\"https:\/\/thetreecbd.com\/wp-content\/uploads\/2019\/01\/aceite-broad-spectrum-10_1.jpg\",\"width\":600,\"height\":720},{\"@type\":\"BreadcrumbList\",\"@id\":\"https:\/\/thetreecbd.com\/de\/cbd\/cbd-ol-10-thc-frei#breadcrumb\",\"itemListElement\":[{\"@type\":\"ListItem\",\"position\":1,\"name\":\"The Tree\",\"item\":\"https:\/\/thetreecbd.com\/de\"},{\"@type\":\"ListItem\",\"position\":2,\"name\":\"CBD\",\"item\":\"https:\/\/thetreecbd.com\/es\/cbd\"},{\"@type\":\"ListItem\",\"position\":3,\"name\":\"CBD-\u00d6l\",\"item\":\"https:\/\/thetreecbd.com\/de\/cbd-ol\"},{\"@type\":\"ListItem\",\"position\":4,\"name\":\"Breitband-CBD-\u00d6l THC-frei\",\"item\":\"https:\/\/thetreecbd.com\/de\/cbd-ol\/breitband\"},{\"@type\":\"ListItem\",\"position\":5,\"name\":\"CBD-\u00d6l 10% THC-frei\"}]},{\"@type\":\"WebSite\",\"@id\":\"https:\/\/thetreecbd.com\/de#website\",\"url\":\"https:\/\/thetreecbd.com\/de\",\"name\":\"The Tree CBD\",\"description\":\"Comprar CBD en Espa\u00f1a Online\",\"publisher\":{\"@id\":\"https:\/\/thetreecbd.com\/de#organization\"},\"potentialAction\":[{\"@type\":\"SearchAction\",\"target\":{\"@type\":\"EntryPoint\",\"urlTemplate\":\"https:\/\/thetreecbd.com\/de?s={search_term_string}\"},\"query-input\":{\"@type\":\"PropertyValueSpecification\",\"valueRequired\":true,\"valueName\":\"search_term_string\"}}],\"inLanguage\":\"de\"},{\"@type\":\"Organization\",\"@id\":\"https:\/\/thetreecbd.com\/de#organization\",\"name\":\"The Tree CBD\",\"url\":\"https:\/\/thetreecbd.com\/de\",\"logo\":{\"@type\":\"ImageObject\",\"inLanguage\":\"de\",\"@id\":\"https:\/\/thetreecbd.com\/de#\/schema\/logo\/image\/\",\"url\":\"https:\/\/thetreecbd.com\/wp-content\/uploads\/2022\/04\/logo-thetree.png\",\"contentUrl\":\"https:\/\/thetreecbd.com\/wp-content\/uploads\/2022\/04\/logo-thetree.png\",\"width\":172,\"height\":55,\"caption\":\"The Tree CBD\"},\"image\":{\"@id\":\"https:\/\/thetreecbd.com\/de#\/schema\/logo\/image\/\"},\"sameAs\":[\"https:\/\/www.facebook.com\/thetreeCBD\/\",\"https:\/\/x.com\/TheTreeCBD_EU\",\"https:\/\/www.instagram.com\/thetree.cbd\/\",\"https:\/\/es.trustpilot.com\/review\/thetreecbd.com\"]}]}<\/script>\n<!-- \/ Yoast SEO plugin. -->","yoast_head_json":{"title":"CBD-\u00d6l 10% THC-frei | The Tree CBD","description":"CBD-\u00d6l 10% CBD pro Tropfen, auf Basis von MCT-Kokos\u00f6l, dieses \u00d6l hat keine psychotropen Effekte und ist ideal zum Einschlafen. THC-freies CBD-\u00d6l","robots":{"index":"index","follow":"follow","max-snippet":"max-snippet:-1","max-image-preview":"max-image-preview:large","max-video-preview":"max-video-preview:-1"},"canonical":"https:\/\/thetreecbd.com\/de\/cbd\/cbd-ol-10-thc-frei","og_locale":"de_DE","og_type":"article","og_title":"CBD-\u00d6l 10% THC-frei | The Tree CBD","og_description":"CBD-\u00d6l 10% CBD pro Tropfen, auf Basis von MCT-Kokos\u00f6l, dieses \u00d6l hat keine psychotropen Effekte und ist ideal zum Einschlafen. THC-freies CBD-\u00d6l","og_url":"https:\/\/thetreecbd.com\/de\/cbd\/cbd-ol-10-thc-frei","og_site_name":"The Tree CBD","article_publisher":"https:\/\/www.facebook.com\/thetreeCBD\/","article_modified_time":"2026-04-29T10:52:48+00:00","og_image":[{"width":600,"height":720,"url":"https:\/\/thetreecbd.com\/wp-content\/uploads\/2019\/01\/aceite-broad-spectrum-10_1.jpg","type":"image\/jpeg"}],"twitter_card":"summary_large_image","twitter_site":"@TheTreeCBD_EU","twitter_misc":{"Gesch\u00e4tzte Lesezeit":"2\u00a0Minuten"},"schema":{"@context":"https:\/\/schema.org","@graph":[{"@type":["WebPage","ItemPage"],"@id":"https:\/\/thetreecbd.com\/de\/cbd\/cbd-ol-10-thc-frei","url":"https:\/\/thetreecbd.com\/de\/cbd\/cbd-ol-10-thc-frei","name":"CBD-\u00d6l 10% THC-frei | The Tree CBD","isPartOf":{"@id":"https:\/\/thetreecbd.com\/de#website"},"primaryImageOfPage":{"@id":"https:\/\/thetreecbd.com\/de\/cbd\/cbd-ol-10-thc-frei#primaryimage"},"image":{"@id":"https:\/\/thetreecbd.com\/de\/cbd\/cbd-ol-10-thc-frei#primaryimage"},"thumbnailUrl":"https:\/\/thetreecbd.com\/wp-content\/uploads\/2019\/01\/aceite-broad-spectrum-10_1.jpg","datePublished":"2019-01-04T07:13:53+00:00","dateModified":"2026-04-29T10:52:48+00:00","description":"CBD-\u00d6l 10% CBD pro Tropfen, auf Basis von MCT-Kokos\u00f6l, dieses \u00d6l hat keine psychotropen Effekte und ist ideal zum Einschlafen. THC-freies CBD-\u00d6l","breadcrumb":{"@id":"https:\/\/thetreecbd.com\/de\/cbd\/cbd-ol-10-thc-frei#breadcrumb"},"inLanguage":"de","potentialAction":[{"@type":"ReadAction","target":["https:\/\/thetreecbd.com\/de\/cbd\/cbd-ol-10-thc-frei"]}]},{"@type":"ImageObject","inLanguage":"de","@id":"https:\/\/thetreecbd.com\/de\/cbd\/cbd-ol-10-thc-frei#primaryimage","url":"https:\/\/thetreecbd.com\/wp-content\/uploads\/2019\/01\/aceite-broad-spectrum-10_1.jpg","contentUrl":"https:\/\/thetreecbd.com\/wp-content\/uploads\/2019\/01\/aceite-broad-spectrum-10_1.jpg","width":600,"height":720},{"@type":"BreadcrumbList","@id":"https:\/\/thetreecbd.com\/de\/cbd\/cbd-ol-10-thc-frei#breadcrumb","itemListElement":[{"@type":"ListItem","position":1,"name":"The Tree","item":"https:\/\/thetreecbd.com\/de"},{"@type":"ListItem","position":2,"name":"CBD","item":"https:\/\/thetreecbd.com\/es\/cbd"},{"@type":"ListItem","position":3,"name":"CBD-\u00d6l","item":"https:\/\/thetreecbd.com\/de\/cbd-ol"},{"@type":"ListItem","position":4,"name":"Breitband-CBD-\u00d6l THC-frei","item":"https:\/\/thetreecbd.com\/de\/cbd-ol\/breitband"},{"@type":"ListItem","position":5,"name":"CBD-\u00d6l 10% THC-frei"}]},{"@type":"WebSite","@id":"https:\/\/thetreecbd.com\/de#website","url":"https:\/\/thetreecbd.com\/de","name":"The Tree CBD","description":"Comprar CBD en Espa\u00f1a Online","publisher":{"@id":"https:\/\/thetreecbd.com\/de#organization"},"potentialAction":[{"@type":"SearchAction","target":{"@type":"EntryPoint","urlTemplate":"https:\/\/thetreecbd.com\/de?s={search_term_string}"},"query-input":{"@type":"PropertyValueSpecification","valueRequired":true,"valueName":"search_term_string"}}],"inLanguage":"de"},{"@type":"Organization","@id":"https:\/\/thetreecbd.com\/de#organization","name":"The Tree CBD","url":"https:\/\/thetreecbd.com\/de","logo":{"@type":"ImageObject","inLanguage":"de","@id":"https:\/\/thetreecbd.com\/de#\/schema\/logo\/image\/","url":"https:\/\/thetreecbd.com\/wp-content\/uploads\/2022\/04\/logo-thetree.png","contentUrl":"https:\/\/thetreecbd.com\/wp-content\/uploads\/2022\/04\/logo-thetree.png","width":172,"height":55,"caption":"The Tree CBD"},"image":{"@id":"https:\/\/thetreecbd.com\/de#\/schema\/logo\/image\/"},"sameAs":["https:\/\/www.facebook.com\/thetreeCBD\/","https:\/\/x.com\/TheTreeCBD_EU","https:\/\/www.instagram.com\/thetree.cbd\/","https:\/\/es.trustpilot.com\/review\/thetreecbd.com"]}]}},"_links":{"self":[{"href":"https:\/\/thetreecbd.com\/de\/wp-json\/wp\/v2\/product\/165491","targetHints":{"allow":["GET"]}}],"collection":[{"href":"https:\/\/thetreecbd.com\/de\/wp-json\/wp\/v2\/product"}],"about":[{"href":"https:\/\/thetreecbd.com\/de\/wp-json\/wp\/v2\/types\/product"}],"version-history":[{"count":0,"href":"https:\/\/thetreecbd.com\/de\/wp-json\/wp\/v2\/product\/165491\/revisions"}],"wp:featuredmedia":[{"embeddable":true,"href":"https:\/\/thetreecbd.com\/de\/wp-json\/wp\/v2\/media\/165494"}],"wp:attachment":[{"href":"https:\/\/thetreecbd.com\/de\/wp-json\/wp\/v2\/media?parent=165491"}],"wp:term":[{"taxonomy":"product_brand","embeddable":true,"href":"https:\/\/thetreecbd.com\/de\/wp-json\/wp\/v2\/product_brand?post=165491"}],"curies":[{"name":"wp","href":"https:\/\/api.w.org\/{rel}","templated":true}]}}